{"id":1821,"date":"2019-02-12T15:11:41","date_gmt":"2019-02-12T14:11:41","guid":{"rendered":"http:\/\/wp.kristdemokraterna.se\/orebro\/?page_id=1821"},"modified":"2023-09-25T15:05:33","modified_gmt":"2023-09-25T13:05:33","slug":"kommunalrad","status":"publish","type":"page","link":"https:\/\/wp.kristdemokraterna.se\/orebro\/kontakta-oss\/kommunalrad\/","title":{"rendered":"Kommunalr\u00e5d Susanne"},"content":{"rendered":"<p><img loading=\"lazy\" decoding=\"async\" class=\"alignnone wp-image-2394 size-large\" src=\"http:\/\/wp.kristdemokraterna.se\/orebro\/files\/2022\/12\/susanne_webbplats-540x360.jpg\" alt=\"\" width=\"540\" height=\"360\" srcset=\"https:\/\/wp.kristdemokraterna.se\/orebro\/files\/2022\/12\/susanne_webbplats-540x360.jpg 540w, https:\/\/wp.kristdemokraterna.se\/orebro\/files\/2022\/12\/susanne_webbplats-300x200.jpg 300w, https:\/\/wp.kristdemokraterna.se\/orebro\/files\/2022\/12\/susanne_webbplats-768x512.jpg 768w, https:\/\/wp.kristdemokraterna.se\/orebro\/files\/2022\/12\/susanne_webbplats-370x247.jpg 370w, https:\/\/wp.kristdemokraterna.se\/orebro\/files\/2022\/12\/susanne_webbplats-450x300.jpg 450w, https:\/\/wp.kristdemokraterna.se\/orebro\/files\/2022\/12\/susanne_webbplats-280x187.jpg 280w, https:\/\/wp.kristdemokraterna.se\/orebro\/files\/2022\/12\/susanne_webbplats-340x227.jpg 340w, https:\/\/wp.kristdemokraterna.se\/orebro\/files\/2022\/12\/susanne_webbplats-200x133.jpg 200w, https:\/\/wp.kristdemokraterna.se\/orebro\/files\/2022\/12\/susanne_webbplats-84x56.jpg 84w, https:\/\/wp.kristdemokraterna.se\/orebro\/files\/2022\/12\/susanne_webbplats.jpg 770w\" sizes=\"auto, (max-width: 540px) 100vw, 540px\" \/><\/p>\n<p>Kristdemokraternas kommunalr\u00e5d i \u00d6rebro heter Susanne Lindholm Henningsson. Susanne tilltr\u00e4dde i februari 2022 och har tidigare arbetat som regionchef p\u00e5 studief\u00f6rbundet Bilda och har l\u00e5ng erfarenhet av politiska uppdrag samt tidigare arbetat med bist\u00e5ndsfr\u00e5gor och som hotellchef.<\/p>\n<p>\u2013 Kommunalr\u00e5d \u00e4r ett av de finaste f\u00f6rtroendeuppdrag man kan f\u00e5 och jag ser fram emot att forts\u00e4tta det goda arbete som tidigare kommunalr\u00e5d p\u00e5b\u00f6rjat. Det finns samtidigt stora utmaningar som att fler barn beh\u00f6ver kunna g\u00e5 ur skolan med godk\u00e4nda betyg eller en v\u00e4xande ensamhet och psykisk oh\u00e4lsa. Jag \u00e4r ocks\u00e5 \u00f6vertygad om kraften i civilsamh\u00e4llet och tror p\u00e5 ett t\u00e4tare samarbete mellan kommunen och f\u00f6reningslivet f\u00f6r att mobilisera alla goda krafter, s\u00e4ger Susanne Lindholm.<\/p>\n<p><strong>Susanne har politiska uppdrag inom f\u00f6ljande omr\u00e5den:<\/strong><br \/>\nKommunalr\u00e5d Kristdemokraterna<br \/>\nLedamot Kommunfullm\u00e4ktige<br \/>\nLedamot Kommunstyrelsen<br \/>\nAndre vice ordf\u00f6rande Gymnasie- och arbetsmarknadsn\u00e4mnden<br \/>\nLedamot Regionala samverkansr\u00e5det<br \/>\nLedamot Personalutskottet<br \/>\nLedamot Trygghetsutskottet<br \/>\nLedamot M\u00e4lardalsr\u00e5det<br \/>\nLedamot R\u00e5dhus AB<\/p>\n<p>&nbsp;<\/p>\n","protected":false},"excerpt":{"rendered":"<p>Kristdemokraternas kommunalr\u00e5d i \u00d6rebro heter Susanne Lindholm Henningsson. Susanne tilltr\u00e4dde i februari 2022 och har tidigare arbetat som regionchef p\u00e5 studief\u00f6rbundet Bilda och har l\u00e5ng erfarenhet av politiska uppdrag samt tidigare arbetat med bist\u00e5ndsfr\u00e5gor och som hotellchef. \u2013 Kommunalr\u00e5d \u00e4r ett av de finaste f\u00f6rtroendeuppdrag man kan f\u00e5 och jag ser fram emot att forts\u00e4tta <a class=\"read-more-link\" href=\"https:\/\/wp.kristdemokraterna.se\/orebro\/kontakta-oss\/kommunalrad\/\">Read More<\/a><\/p>\n","protected":false},"author":455,"featured_media":0,"parent":1347,"menu_order":0,"comment_status":"closed","ping_status":"closed","template":"","meta":{"_acf_changed":false,"footnotes":""},"class_list":["post-1821","page","type-page","status-publish","hentry"],"acf":[],"yoast_head":"<!-- This site is optimized with the Yoast SEO plugin v27.3 - https:\/\/yoast.com\/product\/yoast-seo-wordpress\/ -->\n<title>Kommunalr\u00e5d Susanne - Kristdemokraterna i \u00d6rebro<\/title>\n<meta name=\"robots\" content=\"index, follow, max-snippet:-1, max-image-preview:large, max-video-preview:-1\" \/>\n<link rel=\"canonical\" href=\"https:\/\/wp.kristdemokraterna.se\/orebro\/kontakta-oss\/kommunalrad\/\" \/>\n<meta property=\"og:locale\" content=\"sv_SE\" \/>\n<meta property=\"og:type\" content=\"article\" \/>\n<meta property=\"og:title\" content=\"Kommunalr\u00e5d Susanne - Kristdemokraterna i \u00d6rebro\" \/>\n<meta property=\"og:description\" content=\"Kristdemokraternas kommunalr\u00e5d i \u00d6rebro heter Susanne Lindholm Henningsson. Susanne tilltr\u00e4dde i februari 2022 och har tidigare arbetat som regionchef p\u00e5 studief\u00f6rbundet Bilda och har l\u00e5ng erfarenhet av politiska uppdrag samt tidigare arbetat med bist\u00e5ndsfr\u00e5gor och som hotellchef. \u2013 Kommunalr\u00e5d \u00e4r ett av de finaste f\u00f6rtroendeuppdrag man kan f\u00e5 och jag ser fram emot att forts\u00e4tta Read More\" \/>\n<meta property=\"og:url\" content=\"https:\/\/wp.kristdemokraterna.se\/orebro\/kontakta-oss\/kommunalrad\/\" \/>\n<meta property=\"og:site_name\" content=\"Kristdemokraterna i \u00d6rebro\" \/>\n<meta property=\"article:modified_time\" content=\"2023-09-25T13:05:33+00:00\" \/>\n<meta property=\"og:image\" content=\"http:\/\/wp.kristdemokraterna.se\/orebro\/files\/2022\/12\/susanne_webbplats-540x360.jpg\" \/>\n<meta name=\"twitter:card\" content=\"summary_large_image\" \/>\n<meta name=\"twitter:label1\" content=\"Ber\u00e4knad l\u00e4stid\" \/>\n\t<meta name=\"twitter:data1\" content=\"1 minut\" \/>\n<script type=\"application\/ld+json\" class=\"yoast-schema-graph\">{\"@context\":\"https:\\\/\\\/schema.org\",\"@graph\":[{\"@type\":\"WebPage\",\"@id\":\"https:\\\/\\\/wp.kristdemokraterna.se\\\/orebro\\\/kontakta-oss\\\/kommunalrad\\\/\",\"url\":\"https:\\\/\\\/wp.kristdemokraterna.se\\\/orebro\\\/kontakta-oss\\\/kommunalrad\\\/\",\"name\":\"Kommunalr\u00e5d Susanne - Kristdemokraterna i \u00d6rebro\",\"isPartOf\":{\"@id\":\"https:\\\/\\\/wp.kristdemokraterna.se\\\/orebro\\\/#website\"},\"primaryImageOfPage\":{\"@id\":\"https:\\\/\\\/wp.kristdemokraterna.se\\\/orebro\\\/kontakta-oss\\\/kommunalrad\\\/#primaryimage\"},\"image\":{\"@id\":\"https:\\\/\\\/wp.kristdemokraterna.se\\\/orebro\\\/kontakta-oss\\\/kommunalrad\\\/#primaryimage\"},\"thumbnailUrl\":\"http:\\\/\\\/wp.kristdemokraterna.se\\\/orebro\\\/files\\\/2022\\\/12\\\/susanne_webbplats-540x360.jpg\",\"datePublished\":\"2019-02-12T14:11:41+00:00\",\"dateModified\":\"2023-09-25T13:05:33+00:00\",\"breadcrumb\":{\"@id\":\"https:\\\/\\\/wp.kristdemokraterna.se\\\/orebro\\\/kontakta-oss\\\/kommunalrad\\\/#breadcrumb\"},\"inLanguage\":\"sv-SE\",\"potentialAction\":[{\"@type\":\"ReadAction\",\"target\":[\"https:\\\/\\\/wp.kristdemokraterna.se\\\/orebro\\\/kontakta-oss\\\/kommunalrad\\\/\"]}]},{\"@type\":\"ImageObject\",\"inLanguage\":\"sv-SE\",\"@id\":\"https:\\\/\\\/wp.kristdemokraterna.se\\\/orebro\\\/kontakta-oss\\\/kommunalrad\\\/#primaryimage\",\"url\":\"http:\\\/\\\/wp.kristdemokraterna.se\\\/orebro\\\/files\\\/2022\\\/12\\\/susanne_webbplats-540x360.jpg\",\"contentUrl\":\"http:\\\/\\\/wp.kristdemokraterna.se\\\/orebro\\\/files\\\/2022\\\/12\\\/susanne_webbplats-540x360.jpg\"},{\"@type\":\"BreadcrumbList\",\"@id\":\"https:\\\/\\\/wp.kristdemokraterna.se\\\/orebro\\\/kontakta-oss\\\/kommunalrad\\\/#breadcrumb\",\"itemListElement\":[{\"@type\":\"ListItem\",\"position\":1,\"name\":\"Hem\",\"item\":\"https:\\\/\\\/wp.kristdemokraterna.se\\\/orebro\\\/\"},{\"@type\":\"ListItem\",\"position\":2,\"name\":\"Vilka vi \u00e4r\",\"item\":\"https:\\\/\\\/wp.kristdemokraterna.se\\\/orebro\\\/kontakta-oss\\\/\"},{\"@type\":\"ListItem\",\"position\":3,\"name\":\"Kommunalr\u00e5d Susanne\"}]},{\"@type\":\"WebSite\",\"@id\":\"https:\\\/\\\/wp.kristdemokraterna.se\\\/orebro\\\/#website\",\"url\":\"https:\\\/\\\/wp.kristdemokraterna.se\\\/orebro\\\/\",\"name\":\"Kristdemokraterna i \u00d6rebro\",\"description\":\"Det \u00e4r l\u00e4ttare att bygga trygga barn \u00e4n att laga trasiga vuxna\",\"inLanguage\":\"sv-SE\"}]}<\/script>\n<!-- \/ Yoast SEO plugin. -->","yoast_head_json":{"title":"Kommunalr\u00e5d Susanne - Kristdemokraterna i \u00d6rebro","robots":{"index":"index","follow":"follow","max-snippet":"max-snippet:-1","max-image-preview":"max-image-preview:large","max-video-preview":"max-video-preview:-1"},"canonical":"https:\/\/wp.kristdemokraterna.se\/orebro\/kontakta-oss\/kommunalrad\/","og_locale":"sv_SE","og_type":"article","og_title":"Kommunalr\u00e5d Susanne - Kristdemokraterna i \u00d6rebro","og_description":"Kristdemokraternas kommunalr\u00e5d i \u00d6rebro heter Susanne Lindholm Henningsson. Susanne tilltr\u00e4dde i februari 2022 och har tidigare arbetat som regionchef p\u00e5 studief\u00f6rbundet Bilda och har l\u00e5ng erfarenhet av politiska uppdrag samt tidigare arbetat med bist\u00e5ndsfr\u00e5gor och som hotellchef. \u2013 Kommunalr\u00e5d \u00e4r ett av de finaste f\u00f6rtroendeuppdrag man kan f\u00e5 och jag ser fram emot att forts\u00e4tta Read More","og_url":"https:\/\/wp.kristdemokraterna.se\/orebro\/kontakta-oss\/kommunalrad\/","og_site_name":"Kristdemokraterna i \u00d6rebro","article_modified_time":"2023-09-25T13:05:33+00:00","og_image":[{"url":"http:\/\/wp.kristdemokraterna.se\/orebro\/files\/2022\/12\/susanne_webbplats-540x360.jpg","type":"","width":"","height":""}],"twitter_card":"summary_large_image","twitter_misc":{"Ber\u00e4knad l\u00e4stid":"1 minut"},"schema":{"@context":"https:\/\/schema.org","@graph":[{"@type":"WebPage","@id":"https:\/\/wp.kristdemokraterna.se\/orebro\/kontakta-oss\/kommunalrad\/","url":"https:\/\/wp.kristdemokraterna.se\/orebro\/kontakta-oss\/kommunalrad\/","name":"Kommunalr\u00e5d Susanne - Kristdemokraterna i \u00d6rebro","isPartOf":{"@id":"https:\/\/wp.kristdemokraterna.se\/orebro\/#website"},"primaryImageOfPage":{"@id":"https:\/\/wp.kristdemokraterna.se\/orebro\/kontakta-oss\/kommunalrad\/#primaryimage"},"image":{"@id":"https:\/\/wp.kristdemokraterna.se\/orebro\/kontakta-oss\/kommunalrad\/#primaryimage"},"thumbnailUrl":"http:\/\/wp.kristdemokraterna.se\/orebro\/files\/2022\/12\/susanne_webbplats-540x360.jpg","datePublished":"2019-02-12T14:11:41+00:00","dateModified":"2023-09-25T13:05:33+00:00","breadcrumb":{"@id":"https:\/\/wp.kristdemokraterna.se\/orebro\/kontakta-oss\/kommunalrad\/#breadcrumb"},"inLanguage":"sv-SE","potentialAction":[{"@type":"ReadAction","target":["https:\/\/wp.kristdemokraterna.se\/orebro\/kontakta-oss\/kommunalrad\/"]}]},{"@type":"ImageObject","inLanguage":"sv-SE","@id":"https:\/\/wp.kristdemokraterna.se\/orebro\/kontakta-oss\/kommunalrad\/#primaryimage","url":"http:\/\/wp.kristdemokraterna.se\/orebro\/files\/2022\/12\/susanne_webbplats-540x360.jpg","contentUrl":"http:\/\/wp.kristdemokraterna.se\/orebro\/files\/2022\/12\/susanne_webbplats-540x360.jpg"},{"@type":"BreadcrumbList","@id":"https:\/\/wp.kristdemokraterna.se\/orebro\/kontakta-oss\/kommunalrad\/#breadcrumb","itemListElement":[{"@type":"ListItem","position":1,"name":"Hem","item":"https:\/\/wp.kristdemokraterna.se\/orebro\/"},{"@type":"ListItem","position":2,"name":"Vilka vi \u00e4r","item":"https:\/\/wp.kristdemokraterna.se\/orebro\/kontakta-oss\/"},{"@type":"ListItem","position":3,"name":"Kommunalr\u00e5d Susanne"}]},{"@type":"WebSite","@id":"https:\/\/wp.kristdemokraterna.se\/orebro\/#website","url":"https:\/\/wp.kristdemokraterna.se\/orebro\/","name":"Kristdemokraterna i \u00d6rebro","description":"Det \u00e4r l\u00e4ttare att bygga trygga barn \u00e4n att laga trasiga vuxna","inLanguage":"sv-SE"}]}},"_links":{"self":[{"href":"https:\/\/wp.kristdemokraterna.se\/orebro\/wp-json\/wp\/v2\/pages\/1821","targetHints":{"allow":["GET"]}}],"collection":[{"href":"https:\/\/wp.kristdemokraterna.se\/orebro\/wp-json\/wp\/v2\/pages"}],"about":[{"href":"https:\/\/wp.kristdemokraterna.se\/orebro\/wp-json\/wp\/v2\/types\/page"}],"author":[{"embeddable":true,"href":"https:\/\/wp.kristdemokraterna.se\/orebro\/wp-json\/wp\/v2\/users\/455"}],"replies":[{"embeddable":true,"href":"https:\/\/wp.kristdemokraterna.se\/orebro\/wp-json\/wp\/v2\/comments?post=1821"}],"version-history":[{"count":12,"href":"https:\/\/wp.kristdemokraterna.se\/orebro\/wp-json\/wp\/v2\/pages\/1821\/revisions"}],"predecessor-version":[{"id":2521,"href":"https:\/\/wp.kristdemokraterna.se\/orebro\/wp-json\/wp\/v2\/pages\/1821\/revisions\/2521"}],"up":[{"embeddable":true,"href":"https:\/\/wp.kristdemokraterna.se\/orebro\/wp-json\/wp\/v2\/pages\/1347"}],"wp:attachment":[{"href":"https:\/\/wp.kristdemokraterna.se\/orebro\/wp-json\/wp\/v2\/media?parent=1821"}],"curies":[{"name":"wp","href":"https:\/\/api.w.org\/{rel}","templated":true}]}}