{"id":1894,"date":"2019-11-26T10:35:59","date_gmt":"2019-11-26T09:35:59","guid":{"rendered":"http:\/\/wp.kristdemokraterna.se\/orebro\/?page_id=1894"},"modified":"2023-05-22T15:58:37","modified_gmt":"2023-05-22T13:58:37","slug":"intresseanmalan-fortroendeuppdrag","status":"publish","type":"page","link":"https:\/\/wp.kristdemokraterna.se\/orebro\/kontakta-oss\/vara-fortroendevalda\/intresseanmalan-fortroendeuppdrag\/","title":{"rendered":"Intresseanm\u00e4lan f\u00f6rtroendeuppdrag"},"content":{"rendered":"<p>Kristdemokraterna \u00e4r i opposition i \u00d6rebro kommun och styr i Region \u00d6rebro l\u00e4n i majoritet tillsammans med Centerpartiet och Socialdemokraterna. Vi har representanter i olika n\u00e4mnder och styrelser. Som betalande medlem har du m\u00f6jlighet att, beroende p\u00e5 intresse och l\u00e4mplighet, bli en av partiets f\u00f6rtroendevalda. Det kan handla om styrelsearbete eller som ledamot\/ers\u00e4ttare i n\u00e5gon n\u00e4mnd eller styrelse. F\u00f6rtroendevalda v\u00e4ljs av Partiavdelningen styrelse.<\/p>\n<p>Det \u00e4r viktigt att vi snarast f\u00e5r k\u00e4nnedom om dina intressen och \u00f6nskem\u00e5l . D\u00e4rf\u00f6r ber vi dig fylla i och skicka in nedanst\u00e5ende.<\/p>\n\n<div class=\"wpcf7 no-js\" id=\"wpcf7-f1893-o1\" lang=\"sv-SE\" dir=\"ltr\" data-wpcf7-id=\"1893\">\n<div class=\"screen-reader-response\"><p role=\"status\" aria-live=\"polite\" aria-atomic=\"true\"><\/p> <ul><\/ul><\/div>\n<form action=\"\/orebro\/wp-json\/wp\/v2\/pages\/1894#wpcf7-f1893-o1\" method=\"post\" class=\"wpcf7-form init\" aria-label=\"Kontaktformul\u00e4r\" novalidate=\"novalidate\" data-status=\"init\">\n<fieldset class=\"hidden-fields-container\"><input type=\"hidden\" name=\"_wpcf7\" value=\"1893\" \/><input type=\"hidden\" name=\"_wpcf7_version\" value=\"6.1.5\" \/><input type=\"hidden\" name=\"_wpcf7_locale\" value=\"sv_SE\" \/><input type=\"hidden\" name=\"_wpcf7_unit_tag\" value=\"wpcf7-f1893-o1\" \/><input type=\"hidden\" name=\"_wpcf7_container_post\" value=\"0\" \/><input type=\"hidden\" name=\"_wpcf7_posted_data_hash\" value=\"\" \/>\n<\/fieldset>\n<p><label> Ditt namn (obligatorisk)<br \/>\n<span class=\"wpcf7-form-control-wrap\" data-name=\"your-name\"><input size=\"40\" maxlength=\"400\" class=\"wpcf7-form-control wpcf7-text wpcf7-validates-as-required\" aria-required=\"true\" aria-invalid=\"false\" value=\"\" type=\"text\" name=\"your-name\" \/><\/span> <\/label>\n<\/p>\n<p><label> Adress (obligatorisk)<br \/>\n<span class=\"wpcf7-form-control-wrap\" data-name=\"adress\"><input size=\"40\" maxlength=\"400\" class=\"wpcf7-form-control wpcf7-text wpcf7-validates-as-required\" aria-required=\"true\" aria-invalid=\"false\" value=\"\" type=\"text\" name=\"adress\" \/><\/span> <\/label>\n<\/p>\n<p><label> Postnummer och Ort (obligatorisk)<br \/>\n<span class=\"wpcf7-form-control-wrap\" data-name=\"postnummer\"><input size=\"40\" maxlength=\"400\" class=\"wpcf7-form-control wpcf7-text wpcf7-validates-as-required\" aria-required=\"true\" aria-invalid=\"false\" value=\"\" type=\"text\" name=\"postnummer\" \/><\/span> <\/label>\n<\/p>\n<p><label> Telefon (obligatorisk)<br \/>\n<span class=\"wpcf7-form-control-wrap\" data-name=\"telefon\"><input size=\"40\" maxlength=\"400\" class=\"wpcf7-form-control wpcf7-tel wpcf7-validates-as-required wpcf7-text wpcf7-validates-as-tel\" aria-required=\"true\" aria-invalid=\"false\" value=\"\" type=\"tel\" name=\"telefon\" \/><\/span> <\/label>\n<\/p>\n<p><label> Din e-post (obligatorisk)<br \/>\n<span class=\"wpcf7-form-control-wrap\" data-name=\"your-email\"><input size=\"40\" maxlength=\"400\" class=\"wpcf7-form-control wpcf7-email wpcf7-validates-as-required wpcf7-text wpcf7-validates-as-email\" aria-required=\"true\" aria-invalid=\"false\" value=\"\" type=\"email\" name=\"your-email\" \/><\/span> <\/label>\n<\/p>\n<p><label> Yrke\/Syssels\u00e4ttning och tidigare yrkeserfarenhet:<br \/>\n<span class=\"wpcf7-form-control-wrap\" data-name=\"your-sysselsattning\"><textarea cols=\"40\" rows=\"10\" maxlength=\"2000\" class=\"wpcf7-form-control wpcf7-textarea\" aria-invalid=\"false\" name=\"your-sysselsattning\"><\/textarea><\/span> <\/label>\n<\/p>\n<p><label> Utbildning<br \/>\n<span class=\"wpcf7-form-control-wrap\" data-name=\"your-utbildning\"><textarea cols=\"40\" rows=\"10\" maxlength=\"2000\" class=\"wpcf7-form-control wpcf7-textarea\" aria-invalid=\"false\" name=\"your-utbildning\"><\/textarea><\/span> <\/label>\n<\/p>\n<p><label> Ev. tidigare uppdrag eller uppdrag idag:<br \/>\n<span class=\"wpcf7-form-control-wrap\" data-name=\"tidigare\"><textarea cols=\"40\" rows=\"10\" maxlength=\"2000\" class=\"wpcf7-form-control wpcf7-textarea\" aria-invalid=\"false\" name=\"tidigare\"><\/textarea><\/span> <\/label>\n<\/p>\n<p>\u00c4r Du intresserad av uppdrag i partiavdelningsstyrelse eller liknande?\n<\/p>\n<p><span class=\"wpcf7-form-control-wrap\" data-name=\"Andrauppdrag\"><span class=\"wpcf7-form-control wpcf7-radio\"><span class=\"wpcf7-list-item first\"><input type=\"radio\" name=\"Andrauppdrag\" value=\"Ja\" \/><span class=\"wpcf7-list-item-label\">Ja<\/span><\/span><span class=\"wpcf7-list-item last\"><input type=\"radio\" name=\"Andrauppdrag\" value=\"Nej\" \/><span class=\"wpcf7-list-item-label\">Nej<\/span><\/span><\/span><\/span>\n<\/p>\n<p>\u00c4r du intresserad av att hj\u00e4lpa till vid kampanjer, samtalskv\u00e4llar eller andra partiaktiviteter.\n<\/p>\n<p><span class=\"wpcf7-form-control-wrap\" data-name=\"kampanjer\"><span class=\"wpcf7-form-control wpcf7-radio\"><span class=\"wpcf7-list-item first\"><input type=\"radio\" name=\"kampanjer\" value=\"Ja\" \/><span class=\"wpcf7-list-item-label\">Ja<\/span><\/span><span class=\"wpcf7-list-item last\"><input type=\"radio\" name=\"kampanjer\" value=\"Nej\" \/><span class=\"wpcf7-list-item-label\">Nej<\/span><\/span><\/span><\/span>\n<\/p>\n<p>\u00c4r du intresserad av uppdrag i n\u00e5got av nedanst\u00e5ende uppdrag i n\u00e4mnder\/styrelser?\n<\/p>\n<p>Markera med ett eller flera kryss:<br \/>\n<span class=\"wpcf7-form-control-wrap\" data-name=\"Kryss_Uppdrag\"><span class=\"wpcf7-form-control wpcf7-checkbox\"><span class=\"wpcf7-list-item first\"><input type=\"checkbox\" name=\"Kryss_Uppdrag[]\" value=\"H\u00e4lso- och sjukv\u00e5rd\" \/><span class=\"wpcf7-list-item-label\">H\u00e4lso- och sjukv\u00e5rd<\/span><\/span><span class=\"wpcf7-list-item\"><input type=\"checkbox\" name=\"Kryss_Uppdrag[]\" value=\"Region\" \/><span class=\"wpcf7-list-item-label\">Region<\/span><\/span><span class=\"wpcf7-list-item\"><input type=\"checkbox\" name=\"Kryss_Uppdrag[]\" value=\"Sociala omr\u00e5det\" \/><span class=\"wpcf7-list-item-label\">Sociala omr\u00e5det<\/span><\/span><span class=\"wpcf7-list-item\"><input type=\"checkbox\" name=\"Kryss_Uppdrag[]\" value=\"Kultur\" \/><span class=\"wpcf7-list-item-label\">Kultur<\/span><\/span><span class=\"wpcf7-list-item\"><input type=\"checkbox\" name=\"Kryss_Uppdrag[]\" value=\"Milj\u00f6\" \/><span class=\"wpcf7-list-item-label\">Milj\u00f6<\/span><\/span><span class=\"wpcf7-list-item\"><input type=\"checkbox\" name=\"Kryss_Uppdrag[]\" value=\"Skola\/F\u00f6rskola\/Barn och ungdom\" \/><span class=\"wpcf7-list-item-label\">Skola\/F\u00f6rskola\/Barn och ungdom<\/span><\/span><span class=\"wpcf7-list-item\"><input type=\"checkbox\" name=\"Kryss_Uppdrag[]\" value=\"N\u00e4ringsliv\" \/><span class=\"wpcf7-list-item-label\">N\u00e4ringsliv<\/span><\/span><span class=\"wpcf7-list-item\"><input type=\"checkbox\" name=\"Kryss_Uppdrag[]\" value=\"Bygg\" \/><span class=\"wpcf7-list-item-label\">Bygg<\/span><\/span><span class=\"wpcf7-list-item\"><input type=\"checkbox\" name=\"Kryss_Uppdrag[]\" value=\"Trafik\/Teknik\" \/><span class=\"wpcf7-list-item-label\">Trafik\/Teknik<\/span><\/span><span class=\"wpcf7-list-item\"><input type=\"checkbox\" name=\"Kryss_Uppdrag[]\" value=\"Milj\u00f6\" \/><span class=\"wpcf7-list-item-label\">Milj\u00f6<\/span><\/span><span class=\"wpcf7-list-item\"><input type=\"checkbox\" name=\"Kryss_Uppdrag[]\" value=\"Landsbygd och n\u00e4romr\u00e5det\" \/><span class=\"wpcf7-list-item-label\">Landsbygd och n\u00e4romr\u00e5det<\/span><\/span><span class=\"wpcf7-list-item\"><input type=\"checkbox\" name=\"Kryss_Uppdrag[]\" value=\"Internationellt\" \/><span class=\"wpcf7-list-item-label\">Internationellt<\/span><\/span><span class=\"wpcf7-list-item\"><input type=\"checkbox\" name=\"Kryss_Uppdrag[]\" value=\"Seniorf\u00f6rbundet\" \/><span class=\"wpcf7-list-item-label\">Seniorf\u00f6rbundet<\/span><\/span><span class=\"wpcf7-list-item\"><input type=\"checkbox\" name=\"Kryss_Uppdrag[]\" value=\"Kvinnof\u00f6rbundet\" \/><span class=\"wpcf7-list-item-label\">Kvinnof\u00f6rbundet<\/span><\/span><span class=\"wpcf7-list-item\"><input type=\"checkbox\" name=\"Kryss_Uppdrag[]\" value=\"Ungdomsf\u00f6rbundet\" \/><span class=\"wpcf7-list-item-label\">Ungdomsf\u00f6rbundet<\/span><\/span><span class=\"wpcf7-list-item\"><input type=\"checkbox\" name=\"Kryss_Uppdrag[]\" value=\"Arbetsmarknadsfr\u00e5gor\" \/><span class=\"wpcf7-list-item-label\">Arbetsmarknadsfr\u00e5gor<\/span><\/span><span class=\"wpcf7-list-item\"><input type=\"checkbox\" name=\"Kryss_Uppdrag[]\" value=\"Ekonomi\/Revision\" \/><span class=\"wpcf7-list-item-label\">Ekonomi\/Revision<\/span><\/span><span class=\"wpcf7-list-item last\"><input type=\"checkbox\" name=\"Kryss_Uppdrag[]\" value=\"Kommunala bolag\/ n\u00e4ringsliv \/m.m.\" \/><span class=\"wpcf7-list-item-label\">Kommunala bolag\/ n\u00e4ringsliv \/m.m.<\/span><\/span><\/span><\/span>\n<\/p>\n<p>Vill delta i utvecklingsgrupp f\u00f6r att st\u00e4rka min politiska kompetens.\n<\/p>\n<p><span class=\"wpcf7-form-control-wrap\" data-name=\"Utvecklingsgrupp\"><span class=\"wpcf7-form-control wpcf7-radio\"><span class=\"wpcf7-list-item first\"><label><input type=\"radio\" name=\"Utvecklingsgrupp\" value=\"Ja\" \/><span class=\"wpcf7-list-item-label\">Ja<\/span><\/label><\/span><span class=\"wpcf7-list-item last\"><label><input type=\"radio\" name=\"Utvecklingsgrupp\" value=\"Nej\" \/><span class=\"wpcf7-list-item-label\">Nej<\/span><\/label><\/span><\/span><\/span>\n<\/p>\n<p>Kan t\u00e4nka mig Ordf\u00f6rande \/ Presidieuppdrag.\n<\/p>\n<p><span class=\"wpcf7-form-control-wrap\" data-name=\"ordforande\"><span class=\"wpcf7-form-control wpcf7-radio\"><span class=\"wpcf7-list-item first\"><input type=\"radio\" name=\"ordforande\" value=\"Ja\" \/><span class=\"wpcf7-list-item-label\">Ja<\/span><\/span><span class=\"wpcf7-list-item last\"><input type=\"radio\" name=\"ordforande\" value=\"Nej\" \/><span class=\"wpcf7-list-item-label\">Nej<\/span><\/span><\/span><\/span>\n<\/p>\n<p><span class=\"wpcf7-form-control-wrap\" data-name=\"acceptance-626\"><span class=\"wpcf7-form-control wpcf7-acceptance optional\"><span class=\"wpcf7-list-item\"><label><input type=\"checkbox\" name=\"acceptance-626\" value=\"1\" aria-invalid=\"false\" \/><span class=\"wpcf7-list-item-label\">Jag godk\u00e4nner att Kristdemokraterna l\u00e4gger in mina uppgifter i ett internt register i enlighet med GDPR.<\/span><\/label><\/span><\/span><\/span>\n<\/p>\n<p><input class=\"wpcf7-form-control wpcf7-submit has-spinner\" type=\"submit\" value=\"Skicka\" \/>\n<\/p><div class=\"wpcf7-response-output\" aria-hidden=\"true\"><\/div>\n<\/form>\n<\/div>\n\n","protected":false},"excerpt":{"rendered":"<p>Kristdemokraterna \u00e4r i opposition i \u00d6rebro kommun och styr i Region \u00d6rebro l\u00e4n i majoritet tillsammans med Centerpartiet och Socialdemokraterna. Vi har representanter i olika n\u00e4mnder och styrelser. Som betalande medlem har du m\u00f6jlighet att, beroende p\u00e5 intresse och l\u00e4mplighet, bli en av partiets f\u00f6rtroendevalda. Det kan handla om styrelsearbete eller som ledamot\/ers\u00e4ttare i n\u00e5gon <a class=\"read-more-link\" href=\"https:\/\/wp.kristdemokraterna.se\/orebro\/kontakta-oss\/vara-fortroendevalda\/intresseanmalan-fortroendeuppdrag\/\">Read More<\/a><\/p>\n","protected":false},"author":455,"featured_media":0,"parent":1354,"menu_order":0,"comment_status":"closed","ping_status":"closed","template":"","meta":{"_acf_changed":false,"footnotes":""},"class_list":["post-1894","page","type-page","status-publish","hentry"],"acf":[],"yoast_head":"<!-- This site is optimized with the Yoast SEO plugin v27.3 - https:\/\/yoast.com\/product\/yoast-seo-wordpress\/ -->\n<title>Intresseanm\u00e4lan f\u00f6rtroendeuppdrag - Kristdemokraterna i \u00d6rebro<\/title>\n<meta name=\"robots\" content=\"index, follow, max-snippet:-1, max-image-preview:large, max-video-preview:-1\" \/>\n<link rel=\"canonical\" href=\"https:\/\/wp.kristdemokraterna.se\/orebro\/kontakta-oss\/vara-fortroendevalda\/intresseanmalan-fortroendeuppdrag\/\" \/>\n<meta property=\"og:locale\" content=\"sv_SE\" \/>\n<meta property=\"og:type\" content=\"article\" \/>\n<meta property=\"og:title\" content=\"Intresseanm\u00e4lan f\u00f6rtroendeuppdrag - Kristdemokraterna i \u00d6rebro\" \/>\n<meta property=\"og:description\" content=\"Kristdemokraterna \u00e4r i opposition i \u00d6rebro kommun och styr i Region \u00d6rebro l\u00e4n i majoritet tillsammans med Centerpartiet och Socialdemokraterna. Vi har representanter i olika n\u00e4mnder och styrelser. Som betalande medlem har du m\u00f6jlighet att, beroende p\u00e5 intresse och l\u00e4mplighet, bli en av partiets f\u00f6rtroendevalda. Det kan handla om styrelsearbete eller som ledamot\/ers\u00e4ttare i n\u00e5gon Read More\" \/>\n<meta property=\"og:url\" content=\"https:\/\/wp.kristdemokraterna.se\/orebro\/kontakta-oss\/vara-fortroendevalda\/intresseanmalan-fortroendeuppdrag\/\" \/>\n<meta property=\"og:site_name\" content=\"Kristdemokraterna i \u00d6rebro\" \/>\n<meta property=\"article:modified_time\" content=\"2023-05-22T13:58:37+00:00\" \/>\n<meta name=\"twitter:card\" content=\"summary_large_image\" \/>\n<meta name=\"twitter:label1\" content=\"Ber\u00e4knad l\u00e4stid\" \/>\n\t<meta name=\"twitter:data1\" content=\"1 minut\" \/>\n<script type=\"application\/ld+json\" class=\"yoast-schema-graph\">{\"@context\":\"https:\\\/\\\/schema.org\",\"@graph\":[{\"@type\":\"WebPage\",\"@id\":\"https:\\\/\\\/wp.kristdemokraterna.se\\\/orebro\\\/kontakta-oss\\\/vara-fortroendevalda\\\/intresseanmalan-fortroendeuppdrag\\\/\",\"url\":\"https:\\\/\\\/wp.kristdemokraterna.se\\\/orebro\\\/kontakta-oss\\\/vara-fortroendevalda\\\/intresseanmalan-fortroendeuppdrag\\\/\",\"name\":\"Intresseanm\u00e4lan f\u00f6rtroendeuppdrag - Kristdemokraterna i \u00d6rebro\",\"isPartOf\":{\"@id\":\"https:\\\/\\\/wp.kristdemokraterna.se\\\/orebro\\\/#website\"},\"datePublished\":\"2019-11-26T09:35:59+00:00\",\"dateModified\":\"2023-05-22T13:58:37+00:00\",\"breadcrumb\":{\"@id\":\"https:\\\/\\\/wp.kristdemokraterna.se\\\/orebro\\\/kontakta-oss\\\/vara-fortroendevalda\\\/intresseanmalan-fortroendeuppdrag\\\/#breadcrumb\"},\"inLanguage\":\"sv-SE\",\"potentialAction\":[{\"@type\":\"ReadAction\",\"target\":[\"https:\\\/\\\/wp.kristdemokraterna.se\\\/orebro\\\/kontakta-oss\\\/vara-fortroendevalda\\\/intresseanmalan-fortroendeuppdrag\\\/\"]}]},{\"@type\":\"BreadcrumbList\",\"@id\":\"https:\\\/\\\/wp.kristdemokraterna.se\\\/orebro\\\/kontakta-oss\\\/vara-fortroendevalda\\\/intresseanmalan-fortroendeuppdrag\\\/#breadcrumb\",\"itemListElement\":[{\"@type\":\"ListItem\",\"position\":1,\"name\":\"Hem\",\"item\":\"https:\\\/\\\/wp.kristdemokraterna.se\\\/orebro\\\/\"},{\"@type\":\"ListItem\",\"position\":2,\"name\":\"Vilka vi \u00e4r\",\"item\":\"https:\\\/\\\/wp.kristdemokraterna.se\\\/orebro\\\/kontakta-oss\\\/\"},{\"@type\":\"ListItem\",\"position\":3,\"name\":\"V\u00e5ra f\u00f6rtroendevalda\",\"item\":\"https:\\\/\\\/wp.kristdemokraterna.se\\\/orebro\\\/kontakta-oss\\\/vara-fortroendevalda\\\/\"},{\"@type\":\"ListItem\",\"position\":4,\"name\":\"Intresseanm\u00e4lan f\u00f6rtroendeuppdrag\"}]},{\"@type\":\"WebSite\",\"@id\":\"https:\\\/\\\/wp.kristdemokraterna.se\\\/orebro\\\/#website\",\"url\":\"https:\\\/\\\/wp.kristdemokraterna.se\\\/orebro\\\/\",\"name\":\"Kristdemokraterna i \u00d6rebro\",\"description\":\"Det \u00e4r l\u00e4ttare att bygga trygga barn \u00e4n att laga trasiga vuxna\",\"inLanguage\":\"sv-SE\"}]}<\/script>\n<!-- \/ Yoast SEO plugin. -->","yoast_head_json":{"title":"Intresseanm\u00e4lan f\u00f6rtroendeuppdrag - Kristdemokraterna i \u00d6rebro","robots":{"index":"index","follow":"follow","max-snippet":"max-snippet:-1","max-image-preview":"max-image-preview:large","max-video-preview":"max-video-preview:-1"},"canonical":"https:\/\/wp.kristdemokraterna.se\/orebro\/kontakta-oss\/vara-fortroendevalda\/intresseanmalan-fortroendeuppdrag\/","og_locale":"sv_SE","og_type":"article","og_title":"Intresseanm\u00e4lan f\u00f6rtroendeuppdrag - Kristdemokraterna i \u00d6rebro","og_description":"Kristdemokraterna \u00e4r i opposition i \u00d6rebro kommun och styr i Region \u00d6rebro l\u00e4n i majoritet tillsammans med Centerpartiet och Socialdemokraterna. Vi har representanter i olika n\u00e4mnder och styrelser. Som betalande medlem har du m\u00f6jlighet att, beroende p\u00e5 intresse och l\u00e4mplighet, bli en av partiets f\u00f6rtroendevalda. Det kan handla om styrelsearbete eller som ledamot\/ers\u00e4ttare i n\u00e5gon Read More","og_url":"https:\/\/wp.kristdemokraterna.se\/orebro\/kontakta-oss\/vara-fortroendevalda\/intresseanmalan-fortroendeuppdrag\/","og_site_name":"Kristdemokraterna i \u00d6rebro","article_modified_time":"2023-05-22T13:58:37+00:00","twitter_card":"summary_large_image","twitter_misc":{"Ber\u00e4knad l\u00e4stid":"1 minut"},"schema":{"@context":"https:\/\/schema.org","@graph":[{"@type":"WebPage","@id":"https:\/\/wp.kristdemokraterna.se\/orebro\/kontakta-oss\/vara-fortroendevalda\/intresseanmalan-fortroendeuppdrag\/","url":"https:\/\/wp.kristdemokraterna.se\/orebro\/kontakta-oss\/vara-fortroendevalda\/intresseanmalan-fortroendeuppdrag\/","name":"Intresseanm\u00e4lan f\u00f6rtroendeuppdrag - Kristdemokraterna i \u00d6rebro","isPartOf":{"@id":"https:\/\/wp.kristdemokraterna.se\/orebro\/#website"},"datePublished":"2019-11-26T09:35:59+00:00","dateModified":"2023-05-22T13:58:37+00:00","breadcrumb":{"@id":"https:\/\/wp.kristdemokraterna.se\/orebro\/kontakta-oss\/vara-fortroendevalda\/intresseanmalan-fortroendeuppdrag\/#breadcrumb"},"inLanguage":"sv-SE","potentialAction":[{"@type":"ReadAction","target":["https:\/\/wp.kristdemokraterna.se\/orebro\/kontakta-oss\/vara-fortroendevalda\/intresseanmalan-fortroendeuppdrag\/"]}]},{"@type":"BreadcrumbList","@id":"https:\/\/wp.kristdemokraterna.se\/orebro\/kontakta-oss\/vara-fortroendevalda\/intresseanmalan-fortroendeuppdrag\/#breadcrumb","itemListElement":[{"@type":"ListItem","position":1,"name":"Hem","item":"https:\/\/wp.kristdemokraterna.se\/orebro\/"},{"@type":"ListItem","position":2,"name":"Vilka vi \u00e4r","item":"https:\/\/wp.kristdemokraterna.se\/orebro\/kontakta-oss\/"},{"@type":"ListItem","position":3,"name":"V\u00e5ra f\u00f6rtroendevalda","item":"https:\/\/wp.kristdemokraterna.se\/orebro\/kontakta-oss\/vara-fortroendevalda\/"},{"@type":"ListItem","position":4,"name":"Intresseanm\u00e4lan f\u00f6rtroendeuppdrag"}]},{"@type":"WebSite","@id":"https:\/\/wp.kristdemokraterna.se\/orebro\/#website","url":"https:\/\/wp.kristdemokraterna.se\/orebro\/","name":"Kristdemokraterna i \u00d6rebro","description":"Det \u00e4r l\u00e4ttare att bygga trygga barn \u00e4n att laga trasiga vuxna","inLanguage":"sv-SE"}]}},"_links":{"self":[{"href":"https:\/\/wp.kristdemokraterna.se\/orebro\/wp-json\/wp\/v2\/pages\/1894","targetHints":{"allow":["GET"]}}],"collection":[{"href":"https:\/\/wp.kristdemokraterna.se\/orebro\/wp-json\/wp\/v2\/pages"}],"about":[{"href":"https:\/\/wp.kristdemokraterna.se\/orebro\/wp-json\/wp\/v2\/types\/page"}],"author":[{"embeddable":true,"href":"https:\/\/wp.kristdemokraterna.se\/orebro\/wp-json\/wp\/v2\/users\/455"}],"replies":[{"embeddable":true,"href":"https:\/\/wp.kristdemokraterna.se\/orebro\/wp-json\/wp\/v2\/comments?post=1894"}],"version-history":[{"count":4,"href":"https:\/\/wp.kristdemokraterna.se\/orebro\/wp-json\/wp\/v2\/pages\/1894\/revisions"}],"predecessor-version":[{"id":2500,"href":"https:\/\/wp.kristdemokraterna.se\/orebro\/wp-json\/wp\/v2\/pages\/1894\/revisions\/2500"}],"up":[{"embeddable":true,"href":"https:\/\/wp.kristdemokraterna.se\/orebro\/wp-json\/wp\/v2\/pages\/1354"}],"wp:attachment":[{"href":"https:\/\/wp.kristdemokraterna.se\/orebro\/wp-json\/wp\/v2\/media?parent=1894"}],"curies":[{"name":"wp","href":"https:\/\/api.w.org\/{rel}","templated":true}]}}