{"id":2713,"date":"2025-08-12T11:37:59","date_gmt":"2025-08-12T09:37:59","guid":{"rendered":"https:\/\/wp.kristdemokraterna.se\/orebro\/?page_id=2713"},"modified":"2025-08-12T11:37:59","modified_gmt":"2025-08-12T09:37:59","slug":"kristdemokraternas-budget-2026-framatlutade-orebro","status":"publish","type":"page","link":"https:\/\/wp.kristdemokraterna.se\/orebro\/var-politik\/kristdemokraternas-budget-2026-framatlutade-orebro\/","title":{"rendered":"Kristdemokraternas budget 2026 \u2013 fram\u00e5tlutade \u00d6rebro"},"content":{"rendered":"<p><b><img loading=\"lazy\" decoding=\"async\" class=\"alignnone size-full wp-image-2686\" src=\"http:\/\/wp.kristdemokraterna.se\/orebro\/files\/2025\/06\/kdbudgethemsida.png\" alt=\"\" width=\"1920\" height=\"1080\" srcset=\"https:\/\/wp.kristdemokraterna.se\/orebro\/files\/2025\/06\/kdbudgethemsida.png 1920w, https:\/\/wp.kristdemokraterna.se\/orebro\/files\/2025\/06\/kdbudgethemsida-300x169.png 300w, https:\/\/wp.kristdemokraterna.se\/orebro\/files\/2025\/06\/kdbudgethemsida-540x304.png 540w, https:\/\/wp.kristdemokraterna.se\/orebro\/files\/2025\/06\/kdbudgethemsida-768x432.png 768w, https:\/\/wp.kristdemokraterna.se\/orebro\/files\/2025\/06\/kdbudgethemsida-1536x864.png 1536w, https:\/\/wp.kristdemokraterna.se\/orebro\/files\/2025\/06\/kdbudgethemsida-356x200.png 356w, https:\/\/wp.kristdemokraterna.se\/orebro\/files\/2025\/06\/kdbudgethemsida-370x208.png 370w, https:\/\/wp.kristdemokraterna.se\/orebro\/files\/2025\/06\/kdbudgethemsida-770x433.png 770w, https:\/\/wp.kristdemokraterna.se\/orebro\/files\/2025\/06\/kdbudgethemsida-450x253.png 450w, https:\/\/wp.kristdemokraterna.se\/orebro\/files\/2025\/06\/kdbudgethemsida-280x158.png 280w, https:\/\/wp.kristdemokraterna.se\/orebro\/files\/2025\/06\/kdbudgethemsida-340x191.png 340w, https:\/\/wp.kristdemokraterna.se\/orebro\/files\/2025\/06\/kdbudgethemsida-200x113.png 200w, https:\/\/wp.kristdemokraterna.se\/orebro\/files\/2025\/06\/kdbudgethemsida-100x56.png 100w\" sizes=\"auto, (max-width: 1920px) 100vw, 1920px\" \/>Kristdemokraternas budget 2026 \u2013 fram\u00e5tlutade \u00d6rebro.<\/b><\/p>\n<p>Kristdemokraterna i \u00d6rebro presenterar nu sin budget f\u00f6r 2026 \u2013 en helhetsvision f\u00f6r ett mer fram\u00e5tlutat \u00d6rebro. Det \u00e4r en budget som s\u00e4tter k\u00e4rnverksamheten f\u00f6rst, hush\u00e5ller med resurser och l\u00e4gger grunden f\u00f6r l\u00e5ngsiktig kvalitet i v\u00e4lf\u00e4rden.<\/p>\n<p>&nbsp;<\/p>\n<p>Kommunalr\u00e5d Susanne Lindholm Henningsson (KD) har i samarbete med n\u00e4mndledam\u00f6ter, ekonomer och politiska sekreterare lett arbetet. Budgeten bygger p\u00e5 lyh\u00f6rdhet inf\u00f6r \u00f6rebroarnas behov \u2013 inte minst i m\u00f6ten med f\u00f6r\u00e4ldrar, \u00e4ldre, n\u00e4ringsliv och personal i f\u00f6rskola och omsorg.<\/p>\n<p>\u2013 Det h\u00e4r \u00e4r en budget f\u00f6r m\u00e4nniskors vardag, s\u00e4ger Susanne Lindholm Henningsson. Vi har prioriterat\u00a0<strong>trygghet, barnens b\u00e4sta, \u00e4ldreomsorgens kvalitet och \u00d6rebros ekonomiska tillv\u00e4xt<\/strong>.<\/p>\n<p>&nbsp;<\/p>\n<p>Totalt g\u00f6r Kristdemokraterna\u00a0<b>nya satsningar p\u00e5 98,2 miljoner kronor ut\u00f6ver volymf\u00f6rdelningar<\/b>, helt finansierade genom effektiviseringar och omprioriteringar.<\/p>\n<p>&nbsp;<\/p>\n<p>Fyra av reformerna som s\u00e4rskilt lyfts fram \u00e4r:<\/p>\n<ul>\n<li><b>30 miljoner till mindre barngrupper i f\u00f6rskolan<\/b>\u00a0\u2013 f\u00f6r trygghet och b\u00e4ttre f\u00f6ruts\u00e4ttningar att l\u00e4ra.<\/li>\n<li><b>59,3 miljoner till \u00e4ldreomsorg, socialtj\u00e4nst och funktionsst\u00f6d<\/b>\u00a0\u2013 inklusive fler hemtj\u00e4nstteam, v\u00e4lf\u00e4rdsteknik och insatser mot ensamhet.<\/li>\n<li><b>15 miljoner f\u00f6r att b\u00f6rja betala av kommunens v\u00e4xande underh\u00e5llsskuld<\/b>\u00a0\u2013 s\u00e5 att gator, broar och belysning inte f\u00f6rfaller.<\/li>\n<li><b>20 miljoner till kraftig satsning p\u00e5 digitaliseringsportf\u00f6lj<\/b>\u00a0\u2013 \u00d6rebro m\u00e5ste vara fram\u00e5tlutat och med i den tekniska utvecklingen<b>.<\/b><\/li>\n<\/ul>\n<p>&nbsp;<\/p>\n<p>\u2013 Det h\u00e4r \u00e4r inte en budget full av l\u00f6ften. Det \u00e4r en budget full av prioriteringar, s\u00e4ger Susanne. Vi s\u00e4tter m\u00e4nniskor f\u00f6re system och ser till att varje skattekrona g\u00f6r nytta d\u00e4r den beh\u00f6vs mest. Vi minskar kostnaderna f\u00f6r den \u00f6verkompenserade politiken i \u00d6rebro, minskar kommunledningsf\u00f6rvaltningen och effektiviserar upphandlingsprocessen i syfte att f\u00f6ra ut mer pengar till k\u00e4rnverksamheten.<\/p>\n<p>&nbsp;<\/p>\n<p>Budgeten \u00e4r Kristdemokraternas yttersta verktyg f\u00f6r att visa v\u00e5rt alternativ till styrets (S, M &amp; C) f\u00f6rda politik. Vi levererar en trov\u00e4rdig budget som prioriterar m\u00e4nniskors vardag f\u00f6re symbolpolitik, och som visar att det g\u00e5r att satsa mer p\u00e5 trygghet, omsorg och tillv\u00e4xt \u2013 med bibeh\u00e5llen skattesats.<\/p>\n<p><strong>H\u00e4mta budgeten h\u00e4r: <a href=\"http:\/\/wp.kristdemokraterna.se\/orebro\/files\/2025\/08\/ver-2.-kristdemokraternas-overgripande-strategier-och-budget-orebro-kommun-2026.pdf\">Kristdemokraternas \u00f6vergripande strategier och budget, \u00d6rebro kommun, 2026<\/a><\/strong><\/p>\n","protected":false},"excerpt":{"rendered":"<p>Kristdemokraternas budget 2026 \u2013 fram\u00e5tlutade \u00d6rebro. Kristdemokraterna i \u00d6rebro presenterar nu sin budget f\u00f6r 2026 \u2013 en helhetsvision f\u00f6r ett mer fram\u00e5tlutat \u00d6rebro. Det \u00e4r en budget som s\u00e4tter k\u00e4rnverksamheten f\u00f6rst, hush\u00e5ller med resurser och l\u00e4gger grunden f\u00f6r l\u00e5ngsiktig kvalitet i v\u00e4lf\u00e4rden. &nbsp; Kommunalr\u00e5d Susanne Lindholm Henningsson (KD) har i samarbete med n\u00e4mndledam\u00f6ter, ekonomer och <a class=\"read-more-link\" href=\"https:\/\/wp.kristdemokraterna.se\/orebro\/var-politik\/kristdemokraternas-budget-2026-framatlutade-orebro\/\">Read More<\/a><\/p>\n","protected":false},"author":455,"featured_media":0,"parent":1340,"menu_order":0,"comment_status":"closed","ping_status":"closed","template":"","meta":{"_acf_changed":false,"footnotes":""},"class_list":["post-2713","page","type-page","status-publish","hentry"],"acf":[],"yoast_head":"<!-- This site is optimized with the Yoast SEO plugin v27.3 - https:\/\/yoast.com\/product\/yoast-seo-wordpress\/ -->\n<title>Kristdemokraternas budget 2026 \u2013 fram\u00e5tlutade \u00d6rebro - Kristdemokraterna i \u00d6rebro<\/title>\n<meta name=\"robots\" content=\"index, follow, max-snippet:-1, max-image-preview:large, max-video-preview:-1\" \/>\n<link rel=\"canonical\" href=\"https:\/\/wp.kristdemokraterna.se\/orebro\/var-politik\/kristdemokraternas-budget-2026-framatlutade-orebro\/\" \/>\n<meta property=\"og:locale\" content=\"sv_SE\" \/>\n<meta property=\"og:type\" content=\"article\" \/>\n<meta property=\"og:title\" content=\"Kristdemokraternas budget 2026 \u2013 fram\u00e5tlutade \u00d6rebro - Kristdemokraterna i \u00d6rebro\" \/>\n<meta property=\"og:description\" content=\"Kristdemokraternas budget 2026 \u2013 fram\u00e5tlutade \u00d6rebro. Kristdemokraterna i \u00d6rebro presenterar nu sin budget f\u00f6r 2026 \u2013 en helhetsvision f\u00f6r ett mer fram\u00e5tlutat \u00d6rebro. Det \u00e4r en budget som s\u00e4tter k\u00e4rnverksamheten f\u00f6rst, hush\u00e5ller med resurser och l\u00e4gger grunden f\u00f6r l\u00e5ngsiktig kvalitet i v\u00e4lf\u00e4rden. &nbsp; Kommunalr\u00e5d Susanne Lindholm Henningsson (KD) har i samarbete med n\u00e4mndledam\u00f6ter, ekonomer och Read More\" \/>\n<meta property=\"og:url\" content=\"https:\/\/wp.kristdemokraterna.se\/orebro\/var-politik\/kristdemokraternas-budget-2026-framatlutade-orebro\/\" \/>\n<meta property=\"og:site_name\" content=\"Kristdemokraterna i \u00d6rebro\" \/>\n<meta property=\"og:image\" content=\"https:\/\/wp.kristdemokraterna.se\/orebro\/files\/2025\/06\/kdbudgethemsida.png\" \/>\n\t<meta property=\"og:image:width\" content=\"1920\" \/>\n\t<meta property=\"og:image:height\" content=\"1080\" \/>\n\t<meta property=\"og:image:type\" content=\"image\/png\" \/>\n<meta name=\"twitter:card\" content=\"summary_large_image\" \/>\n<meta name=\"twitter:label1\" content=\"Ber\u00e4knad l\u00e4stid\" \/>\n\t<meta name=\"twitter:data1\" content=\"2 minuter\" \/>\n<script type=\"application\/ld+json\" class=\"yoast-schema-graph\">{\"@context\":\"https:\\\/\\\/schema.org\",\"@graph\":[{\"@type\":\"WebPage\",\"@id\":\"https:\\\/\\\/wp.kristdemokraterna.se\\\/orebro\\\/var-politik\\\/kristdemokraternas-budget-2026-framatlutade-orebro\\\/\",\"url\":\"https:\\\/\\\/wp.kristdemokraterna.se\\\/orebro\\\/var-politik\\\/kristdemokraternas-budget-2026-framatlutade-orebro\\\/\",\"name\":\"Kristdemokraternas budget 2026 \u2013 fram\u00e5tlutade \u00d6rebro - Kristdemokraterna i \u00d6rebro\",\"isPartOf\":{\"@id\":\"https:\\\/\\\/wp.kristdemokraterna.se\\\/orebro\\\/#website\"},\"primaryImageOfPage\":{\"@id\":\"https:\\\/\\\/wp.kristdemokraterna.se\\\/orebro\\\/var-politik\\\/kristdemokraternas-budget-2026-framatlutade-orebro\\\/#primaryimage\"},\"image\":{\"@id\":\"https:\\\/\\\/wp.kristdemokraterna.se\\\/orebro\\\/var-politik\\\/kristdemokraternas-budget-2026-framatlutade-orebro\\\/#primaryimage\"},\"thumbnailUrl\":\"http:\\\/\\\/wp.kristdemokraterna.se\\\/orebro\\\/files\\\/2025\\\/06\\\/kdbudgethemsida.png\",\"datePublished\":\"2025-08-12T09:37:59+00:00\",\"breadcrumb\":{\"@id\":\"https:\\\/\\\/wp.kristdemokraterna.se\\\/orebro\\\/var-politik\\\/kristdemokraternas-budget-2026-framatlutade-orebro\\\/#breadcrumb\"},\"inLanguage\":\"sv-SE\",\"potentialAction\":[{\"@type\":\"ReadAction\",\"target\":[\"https:\\\/\\\/wp.kristdemokraterna.se\\\/orebro\\\/var-politik\\\/kristdemokraternas-budget-2026-framatlutade-orebro\\\/\"]}]},{\"@type\":\"ImageObject\",\"inLanguage\":\"sv-SE\",\"@id\":\"https:\\\/\\\/wp.kristdemokraterna.se\\\/orebro\\\/var-politik\\\/kristdemokraternas-budget-2026-framatlutade-orebro\\\/#primaryimage\",\"url\":\"https:\\\/\\\/wp.kristdemokraterna.se\\\/orebro\\\/files\\\/2025\\\/06\\\/kdbudgethemsida.png\",\"contentUrl\":\"https:\\\/\\\/wp.kristdemokraterna.se\\\/orebro\\\/files\\\/2025\\\/06\\\/kdbudgethemsida.png\",\"width\":1920,\"height\":1080},{\"@type\":\"BreadcrumbList\",\"@id\":\"https:\\\/\\\/wp.kristdemokraterna.se\\\/orebro\\\/var-politik\\\/kristdemokraternas-budget-2026-framatlutade-orebro\\\/#breadcrumb\",\"itemListElement\":[{\"@type\":\"ListItem\",\"position\":1,\"name\":\"Hem\",\"item\":\"https:\\\/\\\/wp.kristdemokraterna.se\\\/orebro\\\/\"},{\"@type\":\"ListItem\",\"position\":2,\"name\":\"V\u00e5r politik\",\"item\":\"https:\\\/\\\/wp.kristdemokraterna.se\\\/orebro\\\/var-politik\\\/\"},{\"@type\":\"ListItem\",\"position\":3,\"name\":\"Kristdemokraternas budget 2026 \u2013 fram\u00e5tlutade \u00d6rebro\"}]},{\"@type\":\"WebSite\",\"@id\":\"https:\\\/\\\/wp.kristdemokraterna.se\\\/orebro\\\/#website\",\"url\":\"https:\\\/\\\/wp.kristdemokraterna.se\\\/orebro\\\/\",\"name\":\"Kristdemokraterna i \u00d6rebro\",\"description\":\"Det \u00e4r l\u00e4ttare att bygga trygga barn \u00e4n att laga trasiga vuxna\",\"inLanguage\":\"sv-SE\"}]}<\/script>\n<!-- \/ Yoast SEO plugin. -->","yoast_head_json":{"title":"Kristdemokraternas budget 2026 \u2013 fram\u00e5tlutade \u00d6rebro - Kristdemokraterna i \u00d6rebro","robots":{"index":"index","follow":"follow","max-snippet":"max-snippet:-1","max-image-preview":"max-image-preview:large","max-video-preview":"max-video-preview:-1"},"canonical":"https:\/\/wp.kristdemokraterna.se\/orebro\/var-politik\/kristdemokraternas-budget-2026-framatlutade-orebro\/","og_locale":"sv_SE","og_type":"article","og_title":"Kristdemokraternas budget 2026 \u2013 fram\u00e5tlutade \u00d6rebro - Kristdemokraterna i \u00d6rebro","og_description":"Kristdemokraternas budget 2026 \u2013 fram\u00e5tlutade \u00d6rebro. Kristdemokraterna i \u00d6rebro presenterar nu sin budget f\u00f6r 2026 \u2013 en helhetsvision f\u00f6r ett mer fram\u00e5tlutat \u00d6rebro. Det \u00e4r en budget som s\u00e4tter k\u00e4rnverksamheten f\u00f6rst, hush\u00e5ller med resurser och l\u00e4gger grunden f\u00f6r l\u00e5ngsiktig kvalitet i v\u00e4lf\u00e4rden. &nbsp; Kommunalr\u00e5d Susanne Lindholm Henningsson (KD) har i samarbete med n\u00e4mndledam\u00f6ter, ekonomer och Read More","og_url":"https:\/\/wp.kristdemokraterna.se\/orebro\/var-politik\/kristdemokraternas-budget-2026-framatlutade-orebro\/","og_site_name":"Kristdemokraterna i \u00d6rebro","og_image":[{"width":1920,"height":1080,"url":"https:\/\/wp.kristdemokraterna.se\/orebro\/files\/2025\/06\/kdbudgethemsida.png","type":"image\/png"}],"twitter_card":"summary_large_image","twitter_misc":{"Ber\u00e4knad l\u00e4stid":"2 minuter"},"schema":{"@context":"https:\/\/schema.org","@graph":[{"@type":"WebPage","@id":"https:\/\/wp.kristdemokraterna.se\/orebro\/var-politik\/kristdemokraternas-budget-2026-framatlutade-orebro\/","url":"https:\/\/wp.kristdemokraterna.se\/orebro\/var-politik\/kristdemokraternas-budget-2026-framatlutade-orebro\/","name":"Kristdemokraternas budget 2026 \u2013 fram\u00e5tlutade \u00d6rebro - Kristdemokraterna i \u00d6rebro","isPartOf":{"@id":"https:\/\/wp.kristdemokraterna.se\/orebro\/#website"},"primaryImageOfPage":{"@id":"https:\/\/wp.kristdemokraterna.se\/orebro\/var-politik\/kristdemokraternas-budget-2026-framatlutade-orebro\/#primaryimage"},"image":{"@id":"https:\/\/wp.kristdemokraterna.se\/orebro\/var-politik\/kristdemokraternas-budget-2026-framatlutade-orebro\/#primaryimage"},"thumbnailUrl":"http:\/\/wp.kristdemokraterna.se\/orebro\/files\/2025\/06\/kdbudgethemsida.png","datePublished":"2025-08-12T09:37:59+00:00","breadcrumb":{"@id":"https:\/\/wp.kristdemokraterna.se\/orebro\/var-politik\/kristdemokraternas-budget-2026-framatlutade-orebro\/#breadcrumb"},"inLanguage":"sv-SE","potentialAction":[{"@type":"ReadAction","target":["https:\/\/wp.kristdemokraterna.se\/orebro\/var-politik\/kristdemokraternas-budget-2026-framatlutade-orebro\/"]}]},{"@type":"ImageObject","inLanguage":"sv-SE","@id":"https:\/\/wp.kristdemokraterna.se\/orebro\/var-politik\/kristdemokraternas-budget-2026-framatlutade-orebro\/#primaryimage","url":"https:\/\/wp.kristdemokraterna.se\/orebro\/files\/2025\/06\/kdbudgethemsida.png","contentUrl":"https:\/\/wp.kristdemokraterna.se\/orebro\/files\/2025\/06\/kdbudgethemsida.png","width":1920,"height":1080},{"@type":"BreadcrumbList","@id":"https:\/\/wp.kristdemokraterna.se\/orebro\/var-politik\/kristdemokraternas-budget-2026-framatlutade-orebro\/#breadcrumb","itemListElement":[{"@type":"ListItem","position":1,"name":"Hem","item":"https:\/\/wp.kristdemokraterna.se\/orebro\/"},{"@type":"ListItem","position":2,"name":"V\u00e5r politik","item":"https:\/\/wp.kristdemokraterna.se\/orebro\/var-politik\/"},{"@type":"ListItem","position":3,"name":"Kristdemokraternas budget 2026 \u2013 fram\u00e5tlutade \u00d6rebro"}]},{"@type":"WebSite","@id":"https:\/\/wp.kristdemokraterna.se\/orebro\/#website","url":"https:\/\/wp.kristdemokraterna.se\/orebro\/","name":"Kristdemokraterna i \u00d6rebro","description":"Det \u00e4r l\u00e4ttare att bygga trygga barn \u00e4n att laga trasiga vuxna","inLanguage":"sv-SE"}]}},"_links":{"self":[{"href":"https:\/\/wp.kristdemokraterna.se\/orebro\/wp-json\/wp\/v2\/pages\/2713","targetHints":{"allow":["GET"]}}],"collection":[{"href":"https:\/\/wp.kristdemokraterna.se\/orebro\/wp-json\/wp\/v2\/pages"}],"about":[{"href":"https:\/\/wp.kristdemokraterna.se\/orebro\/wp-json\/wp\/v2\/types\/page"}],"author":[{"embeddable":true,"href":"https:\/\/wp.kristdemokraterna.se\/orebro\/wp-json\/wp\/v2\/users\/455"}],"replies":[{"embeddable":true,"href":"https:\/\/wp.kristdemokraterna.se\/orebro\/wp-json\/wp\/v2\/comments?post=2713"}],"version-history":[{"count":4,"href":"https:\/\/wp.kristdemokraterna.se\/orebro\/wp-json\/wp\/v2\/pages\/2713\/revisions"}],"predecessor-version":[{"id":2717,"href":"https:\/\/wp.kristdemokraterna.se\/orebro\/wp-json\/wp\/v2\/pages\/2713\/revisions\/2717"}],"up":[{"embeddable":true,"href":"https:\/\/wp.kristdemokraterna.se\/orebro\/wp-json\/wp\/v2\/pages\/1340"}],"wp:attachment":[{"href":"https:\/\/wp.kristdemokraterna.se\/orebro\/wp-json\/wp\/v2\/media?parent=2713"}],"curies":[{"name":"wp","href":"https:\/\/api.w.org\/{rel}","templated":true}]}}