{"id":2725,"date":"2025-08-12T11:46:09","date_gmt":"2025-08-12T09:46:09","guid":{"rendered":"https:\/\/wp.kristdemokraterna.se\/orebro\/?page_id=2725"},"modified":"2025-08-12T11:48:34","modified_gmt":"2025-08-12T09:48:34","slug":"2725-2","status":"publish","type":"page","link":"https:\/\/wp.kristdemokraterna.se\/orebro\/var-politik\/2725-2\/","title":{"rendered":"Kristdemokraternas Samh\u00e4llsbyggnadspaket"},"content":{"rendered":"<p><strong><a href=\"http:\/\/wp.kristdemokraterna.se\/orebro\/files\/2024\/06\/samhallsbyggnadspaket-kd.pdf\" data-wpel-link=\"internal\"><img loading=\"lazy\" decoding=\"async\" class=\"alignnone size-full wp-image-2637\" src=\"http:\/\/wp.kristdemokraterna.se\/orebro\/files\/2024\/06\/youtube-thumb_4.jpeg\" alt=\"\" width=\"1920\" height=\"1080\" srcset=\"https:\/\/wp.kristdemokraterna.se\/orebro\/files\/2024\/06\/youtube-thumb_4.jpeg 1920w, https:\/\/wp.kristdemokraterna.se\/orebro\/files\/2024\/06\/youtube-thumb_4-300x169.jpeg 300w, https:\/\/wp.kristdemokraterna.se\/orebro\/files\/2024\/06\/youtube-thumb_4-540x304.jpeg 540w, https:\/\/wp.kristdemokraterna.se\/orebro\/files\/2024\/06\/youtube-thumb_4-768x432.jpeg 768w, https:\/\/wp.kristdemokraterna.se\/orebro\/files\/2024\/06\/youtube-thumb_4-1536x864.jpeg 1536w, https:\/\/wp.kristdemokraterna.se\/orebro\/files\/2024\/06\/youtube-thumb_4-356x200.jpeg 356w, https:\/\/wp.kristdemokraterna.se\/orebro\/files\/2024\/06\/youtube-thumb_4-370x208.jpeg 370w, https:\/\/wp.kristdemokraterna.se\/orebro\/files\/2024\/06\/youtube-thumb_4-770x433.jpeg 770w, https:\/\/wp.kristdemokraterna.se\/orebro\/files\/2024\/06\/youtube-thumb_4-450x253.jpeg 450w, https:\/\/wp.kristdemokraterna.se\/orebro\/files\/2024\/06\/youtube-thumb_4-280x158.jpeg 280w, https:\/\/wp.kristdemokraterna.se\/orebro\/files\/2024\/06\/youtube-thumb_4-340x191.jpeg 340w, https:\/\/wp.kristdemokraterna.se\/orebro\/files\/2024\/06\/youtube-thumb_4-200x113.jpeg 200w, https:\/\/wp.kristdemokraterna.se\/orebro\/files\/2024\/06\/youtube-thumb_4-100x56.jpeg 100w\" sizes=\"auto, (max-width: 1920px) 100vw, 1920px\" \/>Kristdemokraternas Samh\u00e4llsbyggnadspaket<\/a><\/strong>\u00a0\u2013\u00a0<a href=\"http:\/\/wp.kristdemokraterna.se\/orebro\/files\/2024\/06\/samhallsbyggnadspaket-kd.pdf\"><strong><em>Ladda ner h\u00e4r<\/em><\/strong><\/a><\/p>\n<p><strong>70 Kristdemokratiska id\u00e9er i samh\u00e4llsbyggnadspaket f\u00f6r \u00d6rebro <\/strong><\/p>\n<p>Politikutvecklingen p\u00e5g\u00e5r f\u00f6r fullt hos Kristdemokraterna i \u00d6rebro kommun och nu lanseras det andra i en serie av v\u00e4lf\u00e4rdspaket: Pulserande stad med levande landsbygd.<\/p>\n<p>Sedan b\u00f6rjan av 2024 har ett arbete p\u00e5g\u00e5tt under ledning av kommunalr\u00e5d Susanne Lindholm Henningsson (KD), som samlat kristdemokrater med uppdrag i n\u00e4mnder och styrelser. M\u00e4ngder av studiebes\u00f6k har gjorts samt avst\u00e4mningar med professionen.<\/p>\n<p><em>&#8211; Under ca fem m\u00e5nader har vi f\u00f6rdjupat oss i samh\u00e4llsbyggnadspolitiken och diskuterat h\u00f6gt och l\u00e5gt kring hur \u00d6rebro kommun kan utformas fram\u00e5t. H\u00e4r finns roliga detaljer s\u00e5som kapell i Wadk\u00f6ping, hundlekplatser och st\u00e4llplatser f\u00f6r husbilar. Paketet inneh\u00e5ller visionen om \u201dTr\u00e4dg\u00e5rdsstaden\u201d och Multiarenan, samt hur vi bygger f\u00f6r fysisk aktivitet, exempelvis med motionssp\u00e5r i centrala \u00d6rebro! s\u00e4ger Susanne Lindholm Henningsson.<\/em><\/p>\n<p><strong>Paketet inneh\u00e5ller ca 70 f\u00f6rslag f\u00f6rdelat p\u00e5 sju omr\u00e5den:<\/strong><\/p>\n<p>1. Den pulserande staden<br \/>\n2. Tr\u00e4dg\u00e5rdsstaden<br \/>\n3. Ta tag i infrastrukturen<br \/>\n4. Med landsbygden runt h\u00f6rnet<br \/>\n5. Fritid, friluftsliv, f\u00f6reningsliv<br \/>\n6. Medskapande kultur<br \/>\n7. Klimat och milj\u00f6<\/p>\n<p><em>&#8211; Det finns ocks\u00e5 ett stort behov av att komma till bukt med den underh\u00e5llsskuld som finns inom VA, belysning och v\u00e4gn\u00e4tet i \u00d6rebro kommun, forts\u00e4tter Susanne.<\/em><\/p>\n<p>Samh\u00e4llsbyggnad handlar om en god infrastruktur men \u00e4ven ett samh\u00e4llsbygge som tillfredsst\u00e4ller sj\u00e4len. D\u00e4rf\u00f6r \u00e4r det viktigt att satsa p\u00e5 kultur, fritid och friluftsliv, samt att fr\u00e5n politikens sida lyfta de sm\u00e5 gemenskaperna som ger mening och gemenskap s\u00e5som familjen, grannskapet, f\u00f6reningen.<\/p>\n<p><em>&#8211; Sju av tio familjer vill bo i sm\u00e5hus, d\u00e4rf\u00f6r m\u00e5ste fokus i bostadsbyggandet vara att sl\u00e4ppa fler tomter f\u00f6r att kunna f\u00f6rverkliga dr\u00f6mmen om att \u00e4ga ett eget sm\u00e5hus, avslutar Susanne.<\/em><\/p>\n<p>Detta nya s\u00e4tt att arbeta fram modern politik f\u00f6r v\u00e4lf\u00e4rden, l\u00e4gger grunden f\u00f6r fler paket som kommer att lanseras under mandatperioden.<\/p>\n<p><strong>F\u00f6r mer information om politikens inneh\u00e5ll kontakta:<\/strong><br \/>\nSusanne Lindholm Henningsson (KD), 019-21 10 74 eller 076-551 69 32, <a href=\"mailto:susanne.lindholm@orebro.se\">susanne.lindholm@orebro.se<\/a><\/p>\n<p><iframe loading=\"lazy\" title=\"Lansering Samh\u00e4llsbyggnadspaket\" width=\"500\" height=\"281\" src=\"https:\/\/www.youtube.com\/embed\/EvpRLTLKofQ?feature=oembed\" frameborder=\"0\" allow=\"accelerometer; autoplay; clipboard-write; encrypted-media; gyroscope; picture-in-picture; web-share\" referrerpolicy=\"strict-origin-when-cross-origin\" allowfullscreen><\/iframe><\/p>\n","protected":false},"excerpt":{"rendered":"<p>Kristdemokraternas Samh\u00e4llsbyggnadspaket\u00a0\u2013\u00a0Ladda ner h\u00e4r 70 Kristdemokratiska id\u00e9er i samh\u00e4llsbyggnadspaket f\u00f6r \u00d6rebro Politikutvecklingen p\u00e5g\u00e5r f\u00f6r fullt hos Kristdemokraterna i \u00d6rebro kommun och nu lanseras det andra i en serie av v\u00e4lf\u00e4rdspaket: Pulserande stad med levande landsbygd. Sedan b\u00f6rjan av 2024 har ett arbete p\u00e5g\u00e5tt under ledning av kommunalr\u00e5d Susanne Lindholm Henningsson (KD), som samlat kristdemokrater med <a class=\"read-more-link\" href=\"https:\/\/wp.kristdemokraterna.se\/orebro\/var-politik\/2725-2\/\">Read More<\/a><\/p>\n","protected":false},"author":455,"featured_media":0,"parent":1340,"menu_order":0,"comment_status":"closed","ping_status":"closed","template":"","meta":{"_acf_changed":false,"footnotes":""},"class_list":["post-2725","page","type-page","status-publish","hentry"],"acf":[],"yoast_head":"<!-- This site is optimized with the Yoast SEO plugin v27.3 - https:\/\/yoast.com\/product\/yoast-seo-wordpress\/ -->\n<title>Kristdemokraternas Samh\u00e4llsbyggnadspaket - Kristdemokraterna i \u00d6rebro<\/title>\n<meta name=\"robots\" content=\"index, follow, max-snippet:-1, max-image-preview:large, max-video-preview:-1\" \/>\n<link rel=\"canonical\" href=\"https:\/\/wp.kristdemokraterna.se\/orebro\/var-politik\/2725-2\/\" \/>\n<meta property=\"og:locale\" content=\"sv_SE\" \/>\n<meta property=\"og:type\" content=\"article\" \/>\n<meta property=\"og:title\" content=\"Kristdemokraternas Samh\u00e4llsbyggnadspaket - Kristdemokraterna i \u00d6rebro\" \/>\n<meta property=\"og:description\" content=\"Kristdemokraternas Samh\u00e4llsbyggnadspaket\u00a0\u2013\u00a0Ladda ner h\u00e4r 70 Kristdemokratiska id\u00e9er i samh\u00e4llsbyggnadspaket f\u00f6r \u00d6rebro Politikutvecklingen p\u00e5g\u00e5r f\u00f6r fullt hos Kristdemokraterna i \u00d6rebro kommun och nu lanseras det andra i en serie av v\u00e4lf\u00e4rdspaket: Pulserande stad med levande landsbygd. Sedan b\u00f6rjan av 2024 har ett arbete p\u00e5g\u00e5tt under ledning av kommunalr\u00e5d Susanne Lindholm Henningsson (KD), som samlat kristdemokrater med Read More\" \/>\n<meta property=\"og:url\" content=\"https:\/\/wp.kristdemokraterna.se\/orebro\/var-politik\/2725-2\/\" \/>\n<meta property=\"og:site_name\" content=\"Kristdemokraterna i \u00d6rebro\" \/>\n<meta property=\"article:modified_time\" content=\"2025-08-12T09:48:34+00:00\" \/>\n<meta property=\"og:image\" content=\"https:\/\/wp.kristdemokraterna.se\/orebro\/files\/2024\/06\/youtube-thumb_4.jpeg\" \/>\n\t<meta property=\"og:image:width\" content=\"1920\" \/>\n\t<meta property=\"og:image:height\" content=\"1080\" \/>\n\t<meta property=\"og:image:type\" content=\"image\/jpeg\" \/>\n<meta name=\"twitter:card\" content=\"summary_large_image\" \/>\n<meta name=\"twitter:label1\" content=\"Ber\u00e4knad l\u00e4stid\" \/>\n\t<meta name=\"twitter:data1\" content=\"2 minuter\" \/>\n<script type=\"application\/ld+json\" class=\"yoast-schema-graph\">{\"@context\":\"https:\\\/\\\/schema.org\",\"@graph\":[{\"@type\":\"WebPage\",\"@id\":\"https:\\\/\\\/wp.kristdemokraterna.se\\\/orebro\\\/var-politik\\\/2725-2\\\/\",\"url\":\"https:\\\/\\\/wp.kristdemokraterna.se\\\/orebro\\\/var-politik\\\/2725-2\\\/\",\"name\":\"Kristdemokraternas Samh\u00e4llsbyggnadspaket - Kristdemokraterna i \u00d6rebro\",\"isPartOf\":{\"@id\":\"https:\\\/\\\/wp.kristdemokraterna.se\\\/orebro\\\/#website\"},\"primaryImageOfPage\":{\"@id\":\"https:\\\/\\\/wp.kristdemokraterna.se\\\/orebro\\\/var-politik\\\/2725-2\\\/#primaryimage\"},\"image\":{\"@id\":\"https:\\\/\\\/wp.kristdemokraterna.se\\\/orebro\\\/var-politik\\\/2725-2\\\/#primaryimage\"},\"thumbnailUrl\":\"http:\\\/\\\/wp.kristdemokraterna.se\\\/orebro\\\/files\\\/2024\\\/06\\\/youtube-thumb_4.jpeg\",\"datePublished\":\"2025-08-12T09:46:09+00:00\",\"dateModified\":\"2025-08-12T09:48:34+00:00\",\"breadcrumb\":{\"@id\":\"https:\\\/\\\/wp.kristdemokraterna.se\\\/orebro\\\/var-politik\\\/2725-2\\\/#breadcrumb\"},\"inLanguage\":\"sv-SE\",\"potentialAction\":[{\"@type\":\"ReadAction\",\"target\":[\"https:\\\/\\\/wp.kristdemokraterna.se\\\/orebro\\\/var-politik\\\/2725-2\\\/\"]}]},{\"@type\":\"ImageObject\",\"inLanguage\":\"sv-SE\",\"@id\":\"https:\\\/\\\/wp.kristdemokraterna.se\\\/orebro\\\/var-politik\\\/2725-2\\\/#primaryimage\",\"url\":\"https:\\\/\\\/wp.kristdemokraterna.se\\\/orebro\\\/files\\\/2024\\\/06\\\/youtube-thumb_4.jpeg\",\"contentUrl\":\"https:\\\/\\\/wp.kristdemokraterna.se\\\/orebro\\\/files\\\/2024\\\/06\\\/youtube-thumb_4.jpeg\",\"width\":1920,\"height\":1080},{\"@type\":\"BreadcrumbList\",\"@id\":\"https:\\\/\\\/wp.kristdemokraterna.se\\\/orebro\\\/var-politik\\\/2725-2\\\/#breadcrumb\",\"itemListElement\":[{\"@type\":\"ListItem\",\"position\":1,\"name\":\"Hem\",\"item\":\"https:\\\/\\\/wp.kristdemokraterna.se\\\/orebro\\\/\"},{\"@type\":\"ListItem\",\"position\":2,\"name\":\"V\u00e5r politik\",\"item\":\"https:\\\/\\\/wp.kristdemokraterna.se\\\/orebro\\\/var-politik\\\/\"},{\"@type\":\"ListItem\",\"position\":3,\"name\":\"Kristdemokraternas Samh\u00e4llsbyggnadspaket\"}]},{\"@type\":\"WebSite\",\"@id\":\"https:\\\/\\\/wp.kristdemokraterna.se\\\/orebro\\\/#website\",\"url\":\"https:\\\/\\\/wp.kristdemokraterna.se\\\/orebro\\\/\",\"name\":\"Kristdemokraterna i \u00d6rebro\",\"description\":\"Det \u00e4r l\u00e4ttare att bygga trygga barn \u00e4n att laga trasiga vuxna\",\"inLanguage\":\"sv-SE\"}]}<\/script>\n<!-- \/ Yoast SEO plugin. -->","yoast_head_json":{"title":"Kristdemokraternas Samh\u00e4llsbyggnadspaket - Kristdemokraterna i \u00d6rebro","robots":{"index":"index","follow":"follow","max-snippet":"max-snippet:-1","max-image-preview":"max-image-preview:large","max-video-preview":"max-video-preview:-1"},"canonical":"https:\/\/wp.kristdemokraterna.se\/orebro\/var-politik\/2725-2\/","og_locale":"sv_SE","og_type":"article","og_title":"Kristdemokraternas Samh\u00e4llsbyggnadspaket - Kristdemokraterna i \u00d6rebro","og_description":"Kristdemokraternas Samh\u00e4llsbyggnadspaket\u00a0\u2013\u00a0Ladda ner h\u00e4r 70 Kristdemokratiska id\u00e9er i samh\u00e4llsbyggnadspaket f\u00f6r \u00d6rebro Politikutvecklingen p\u00e5g\u00e5r f\u00f6r fullt hos Kristdemokraterna i \u00d6rebro kommun och nu lanseras det andra i en serie av v\u00e4lf\u00e4rdspaket: Pulserande stad med levande landsbygd. Sedan b\u00f6rjan av 2024 har ett arbete p\u00e5g\u00e5tt under ledning av kommunalr\u00e5d Susanne Lindholm Henningsson (KD), som samlat kristdemokrater med Read More","og_url":"https:\/\/wp.kristdemokraterna.se\/orebro\/var-politik\/2725-2\/","og_site_name":"Kristdemokraterna i \u00d6rebro","article_modified_time":"2025-08-12T09:48:34+00:00","og_image":[{"width":1920,"height":1080,"url":"https:\/\/wp.kristdemokraterna.se\/orebro\/files\/2024\/06\/youtube-thumb_4.jpeg","type":"image\/jpeg"}],"twitter_card":"summary_large_image","twitter_misc":{"Ber\u00e4knad l\u00e4stid":"2 minuter"},"schema":{"@context":"https:\/\/schema.org","@graph":[{"@type":"WebPage","@id":"https:\/\/wp.kristdemokraterna.se\/orebro\/var-politik\/2725-2\/","url":"https:\/\/wp.kristdemokraterna.se\/orebro\/var-politik\/2725-2\/","name":"Kristdemokraternas Samh\u00e4llsbyggnadspaket - Kristdemokraterna i \u00d6rebro","isPartOf":{"@id":"https:\/\/wp.kristdemokraterna.se\/orebro\/#website"},"primaryImageOfPage":{"@id":"https:\/\/wp.kristdemokraterna.se\/orebro\/var-politik\/2725-2\/#primaryimage"},"image":{"@id":"https:\/\/wp.kristdemokraterna.se\/orebro\/var-politik\/2725-2\/#primaryimage"},"thumbnailUrl":"http:\/\/wp.kristdemokraterna.se\/orebro\/files\/2024\/06\/youtube-thumb_4.jpeg","datePublished":"2025-08-12T09:46:09+00:00","dateModified":"2025-08-12T09:48:34+00:00","breadcrumb":{"@id":"https:\/\/wp.kristdemokraterna.se\/orebro\/var-politik\/2725-2\/#breadcrumb"},"inLanguage":"sv-SE","potentialAction":[{"@type":"ReadAction","target":["https:\/\/wp.kristdemokraterna.se\/orebro\/var-politik\/2725-2\/"]}]},{"@type":"ImageObject","inLanguage":"sv-SE","@id":"https:\/\/wp.kristdemokraterna.se\/orebro\/var-politik\/2725-2\/#primaryimage","url":"https:\/\/wp.kristdemokraterna.se\/orebro\/files\/2024\/06\/youtube-thumb_4.jpeg","contentUrl":"https:\/\/wp.kristdemokraterna.se\/orebro\/files\/2024\/06\/youtube-thumb_4.jpeg","width":1920,"height":1080},{"@type":"BreadcrumbList","@id":"https:\/\/wp.kristdemokraterna.se\/orebro\/var-politik\/2725-2\/#breadcrumb","itemListElement":[{"@type":"ListItem","position":1,"name":"Hem","item":"https:\/\/wp.kristdemokraterna.se\/orebro\/"},{"@type":"ListItem","position":2,"name":"V\u00e5r politik","item":"https:\/\/wp.kristdemokraterna.se\/orebro\/var-politik\/"},{"@type":"ListItem","position":3,"name":"Kristdemokraternas Samh\u00e4llsbyggnadspaket"}]},{"@type":"WebSite","@id":"https:\/\/wp.kristdemokraterna.se\/orebro\/#website","url":"https:\/\/wp.kristdemokraterna.se\/orebro\/","name":"Kristdemokraterna i \u00d6rebro","description":"Det \u00e4r l\u00e4ttare att bygga trygga barn \u00e4n att laga trasiga vuxna","inLanguage":"sv-SE"}]}},"_links":{"self":[{"href":"https:\/\/wp.kristdemokraterna.se\/orebro\/wp-json\/wp\/v2\/pages\/2725","targetHints":{"allow":["GET"]}}],"collection":[{"href":"https:\/\/wp.kristdemokraterna.se\/orebro\/wp-json\/wp\/v2\/pages"}],"about":[{"href":"https:\/\/wp.kristdemokraterna.se\/orebro\/wp-json\/wp\/v2\/types\/page"}],"author":[{"embeddable":true,"href":"https:\/\/wp.kristdemokraterna.se\/orebro\/wp-json\/wp\/v2\/users\/455"}],"replies":[{"embeddable":true,"href":"https:\/\/wp.kristdemokraterna.se\/orebro\/wp-json\/wp\/v2\/comments?post=2725"}],"version-history":[{"count":3,"href":"https:\/\/wp.kristdemokraterna.se\/orebro\/wp-json\/wp\/v2\/pages\/2725\/revisions"}],"predecessor-version":[{"id":2729,"href":"https:\/\/wp.kristdemokraterna.se\/orebro\/wp-json\/wp\/v2\/pages\/2725\/revisions\/2729"}],"up":[{"embeddable":true,"href":"https:\/\/wp.kristdemokraterna.se\/orebro\/wp-json\/wp\/v2\/pages\/1340"}],"wp:attachment":[{"href":"https:\/\/wp.kristdemokraterna.se\/orebro\/wp-json\/wp\/v2\/media?parent=2725"}],"curies":[{"name":"wp","href":"https:\/\/api.w.org\/{rel}","templated":true}]}}