{"id":2745,"date":"2025-08-12T12:26:55","date_gmt":"2025-08-12T10:26:55","guid":{"rendered":"https:\/\/wp.kristdemokraterna.se\/orebro\/?page_id=2745"},"modified":"2025-08-15T12:58:55","modified_gmt":"2025-08-15T10:58:55","slug":"kd-orebros-handlingsprogram-2023-2027","status":"publish","type":"page","link":"https:\/\/wp.kristdemokraterna.se\/orebro\/var-politik\/kd-orebros-handlingsprogram-2023-2027\/","title":{"rendered":"KD \u00d6rebros Handlingsprogram 2023-2027"},"content":{"rendered":"<p><img loading=\"lazy\" decoding=\"async\" class=\"alignnone size-full wp-image-2322\" src=\"http:\/\/wp.kristdemokraterna.se\/orebro\/files\/2022\/06\/handlingsprogram_22_webb.jpg\" alt=\"\" width=\"770\" height=\"513\" srcset=\"https:\/\/wp.kristdemokraterna.se\/orebro\/files\/2022\/06\/handlingsprogram_22_webb.jpg 770w, https:\/\/wp.kristdemokraterna.se\/orebro\/files\/2022\/06\/handlingsprogram_22_webb-300x200.jpg 300w, https:\/\/wp.kristdemokraterna.se\/orebro\/files\/2022\/06\/handlingsprogram_22_webb-540x360.jpg 540w, https:\/\/wp.kristdemokraterna.se\/orebro\/files\/2022\/06\/handlingsprogram_22_webb-768x512.jpg 768w, https:\/\/wp.kristdemokraterna.se\/orebro\/files\/2022\/06\/handlingsprogram_22_webb-370x247.jpg 370w, https:\/\/wp.kristdemokraterna.se\/orebro\/files\/2022\/06\/handlingsprogram_22_webb-450x300.jpg 450w, https:\/\/wp.kristdemokraterna.se\/orebro\/files\/2022\/06\/handlingsprogram_22_webb-280x187.jpg 280w, https:\/\/wp.kristdemokraterna.se\/orebro\/files\/2022\/06\/handlingsprogram_22_webb-340x227.jpg 340w, https:\/\/wp.kristdemokraterna.se\/orebro\/files\/2022\/06\/handlingsprogram_22_webb-200x133.jpg 200w, https:\/\/wp.kristdemokraterna.se\/orebro\/files\/2022\/06\/handlingsprogram_22_webb-84x56.jpg 84w\" sizes=\"auto, (max-width: 770px) 100vw, 770px\" \/><\/p>\n<p>Nu presenterar Kristdemokraterna i \u00d6rebro sitt handlingsprogram f\u00f6r mandatperioden 2023-2027 med rubriken \u201dF\u00f6r ett varmare och tryggare \u00d6rebro\u201d. Ett gediget arbete ligger bakom handlingsprogrammet som b\u00e5de fokuserar p\u00e5 kommunens st\u00f6rsta utmaningar, men som ocks\u00e5 inneh\u00e5ller flera relativt enkla f\u00f6rslag p\u00e5 hur v\u00e5r stad kan utvecklas till att bli \u00e4nnu b\u00e4ttre. Nedanst\u00e5ende omr\u00e5den utg\u00f6r de tre viktigaste fokusomr\u00e5dena f\u00f6r Kristdemokraterna i \u00d6rebro, men handlingsprogrammet i sin helhet beskriver en betydligt st\u00f6rre bredd.<\/p>\n<p><em><strong><a href=\"http:\/\/wp.kristdemokraterna.se\/orebro\/files\/2022\/06\/handlingsprogram_2022_webb.pdf\">L\u00e4s hela programmet h\u00e4r!<\/a><\/strong><\/em><\/p>\n<p><strong><em>Trygghet och integration: <\/em><\/strong><\/p>\n<p>F\u00f6r en god integration och trygghet i alla omr\u00e5den kr\u00e4vs en rad \u00e5tg\u00e4rder. Vi har samlat en m\u00e4ngd \u00e5tg\u00e4rder och f\u00f6rslag i v\u00e5rt handlingsprogram som inneb\u00e4r s\u00e5v\u00e4l \u00e5tg\u00e4rder h\u00e4r och nu som l\u00e5ngsiktigt f\u00f6rebyggande arbete.<\/p>\n<p><em>&#8211; V\u00e5rt m\u00e5l \u00e4r att det inte ska finnas n\u00e5gra socialt utsatta omr\u00e5den 2030, s\u00e4ger Susanne Lindholm. <\/em><\/p>\n<p><strong><em>\u00c4ldre:<\/em><\/strong><\/p>\n<p>Det \u00e4r en positiv utveckling att m\u00e4nniskor lever l\u00e4ngre men vi vet ocks\u00e5 att det \u00e4r efter 80 som v\u00e5rd- och omsorgsbehoven kommer. Vi beh\u00f6ver fler personer som vill arbeta inom \u00e4ldreomsorgen, men vi m\u00e5ste ocks\u00e5 s\u00e4kerst\u00e4lla god kvalit\u00e9t i v\u00e5ra verksamheter.<\/p>\n<p><em>&#8211; Vi vill inf\u00f6ra spr\u00e5ktest\/spr\u00e5kutbildning p\u00e5 arbetsplatsen inom \u00e4ldreomsorgen f\u00f6r \u00f6kad kvalit\u00e9 samt f\u00f6r den medicinska s\u00e4kerheten, s\u00e4ger H\u00e5kan St\u00e5lbert. <\/em><\/p>\n<p><strong><em>Bygg tr\u00e4dg\u00e5rdsstad med fler sm\u00e5hus och utveckla stadens miljonomr\u00e5den: <\/em><\/strong><\/p>\n<p>\u00d6rebro kommun har varit ett f\u00f6red\u00f6me i kommunsverige n\u00e4r det g\u00e4ller att f\u00e5 fram byggbar mark och m\u00e5nga flerfamiljshus har byggts f\u00f6r att m\u00f6ta upp den v\u00e4xande befolkningen. Men fram\u00f6ver ser vi att en ny riktning beh\u00f6ver tas n\u00e4r det g\u00e4ller byggande och boende i \u00d6rebro f\u00f6r att m\u00f6ta inv\u00e5narnas behov och kommunens utmaningar.<\/p>\n<p><em>&#8211; Vi vill se en fortsatt omdaning av miljonomr\u00e5dena och \u00f6kad byggnation av radhus, kedjehus och villor s\u00e4ger H\u00e5kan och Susanne. <\/em><\/p>\n<p><em>&#8211; \u00d6rebroarna har varma hj\u00e4rtan. Det har m\u00e4rkts inte minst under v\u00e5ren i samband med mottagandet av ett stort antal flyktingar fr\u00e5n Ukraina. Samtidigt har \u00d6rebro m\u00e5nga utmaningar och nu vill vi kraftsamla f\u00f6r b\u00e4ttre integration och \u00f6kad trygghet, en skola med studiero och m\u00e5luppfyllelse samt ett starkt civilsamh\u00e4lle och ett frodande n\u00e4ringsliv, s\u00e4ger Susanne Lindholm, kommunalr\u00e5d (KD).<\/em><\/p>\n<p><em>&#8211; Vi \u00e4r glada att efter h\u00e5rt arbete under v\u00e5ren nu kunna presentera ett helt\u00e4ckande valprogram inf\u00f6r kommande mandatperiod. Vi \u00e4r stolta \u00f6ver vad vi lyckats \u00e5stadkomma under de mandatperioder vi f\u00e5tt f\u00f6rm\u00e5nen att finnas med i kommunledningen, men ser ocks\u00e5 att mycket finns kvar att g\u00f6ra. I v\u00e5rt handlingsprogram blundar vi inte f\u00f6r problemen i v\u00e5r kommun utan p\u00e5talar dem och presenterar viktiga \u00e5tg\u00e4rder f\u00f6r hur vi ska kunna ta oss an dem, s\u00e4ger H\u00e5kan St\u00e5lbert, kommunalr\u00e5d (KD).<\/em><\/p>\n<p>Det lokala handlingsprogrammet med de konkreta \u00e5tg\u00e4rderna presenterades idag under en presskonferens p\u00e5 Kulturkvarteret.<\/p>\n","protected":false},"excerpt":{"rendered":"<p>Nu presenterar Kristdemokraterna i \u00d6rebro sitt handlingsprogram f\u00f6r mandatperioden 2023-2027 med rubriken \u201dF\u00f6r ett varmare och tryggare \u00d6rebro\u201d. Ett gediget arbete ligger bakom handlingsprogrammet som b\u00e5de fokuserar p\u00e5 kommunens st\u00f6rsta utmaningar, men som ocks\u00e5 inneh\u00e5ller flera relativt enkla f\u00f6rslag p\u00e5 hur v\u00e5r stad kan utvecklas till att bli \u00e4nnu b\u00e4ttre. Nedanst\u00e5ende omr\u00e5den utg\u00f6r de tre <a class=\"read-more-link\" href=\"https:\/\/wp.kristdemokraterna.se\/orebro\/var-politik\/kd-orebros-handlingsprogram-2023-2027\/\">Read More<\/a><\/p>\n","protected":false},"author":455,"featured_media":0,"parent":1340,"menu_order":0,"comment_status":"closed","ping_status":"closed","template":"","meta":{"_acf_changed":false,"footnotes":""},"class_list":["post-2745","page","type-page","status-publish","hentry"],"acf":[],"yoast_head":"<!-- This site is optimized with the Yoast SEO plugin v27.3 - https:\/\/yoast.com\/product\/yoast-seo-wordpress\/ -->\n<title>KD \u00d6rebros Handlingsprogram 2023-2027 - Kristdemokraterna i \u00d6rebro<\/title>\n<meta name=\"robots\" content=\"index, follow, max-snippet:-1, max-image-preview:large, max-video-preview:-1\" \/>\n<link rel=\"canonical\" href=\"https:\/\/wp.kristdemokraterna.se\/orebro\/var-politik\/kd-orebros-handlingsprogram-2023-2027\/\" \/>\n<meta property=\"og:locale\" content=\"sv_SE\" \/>\n<meta property=\"og:type\" content=\"article\" \/>\n<meta property=\"og:title\" content=\"KD \u00d6rebros Handlingsprogram 2023-2027 - Kristdemokraterna i \u00d6rebro\" \/>\n<meta property=\"og:description\" content=\"Nu presenterar Kristdemokraterna i \u00d6rebro sitt handlingsprogram f\u00f6r mandatperioden 2023-2027 med rubriken \u201dF\u00f6r ett varmare och tryggare \u00d6rebro\u201d. Ett gediget arbete ligger bakom handlingsprogrammet som b\u00e5de fokuserar p\u00e5 kommunens st\u00f6rsta utmaningar, men som ocks\u00e5 inneh\u00e5ller flera relativt enkla f\u00f6rslag p\u00e5 hur v\u00e5r stad kan utvecklas till att bli \u00e4nnu b\u00e4ttre. Nedanst\u00e5ende omr\u00e5den utg\u00f6r de tre Read More\" \/>\n<meta property=\"og:url\" content=\"https:\/\/wp.kristdemokraterna.se\/orebro\/var-politik\/kd-orebros-handlingsprogram-2023-2027\/\" \/>\n<meta property=\"og:site_name\" content=\"Kristdemokraterna i \u00d6rebro\" \/>\n<meta property=\"article:modified_time\" content=\"2025-08-15T10:58:55+00:00\" \/>\n<meta property=\"og:image\" content=\"https:\/\/wp.kristdemokraterna.se\/orebro\/files\/2022\/06\/handlingsprogram_22_webb.jpg\" \/>\n\t<meta property=\"og:image:width\" content=\"770\" \/>\n\t<meta property=\"og:image:height\" content=\"513\" \/>\n\t<meta property=\"og:image:type\" content=\"image\/jpeg\" \/>\n<meta name=\"twitter:card\" content=\"summary_large_image\" \/>\n<meta name=\"twitter:label1\" content=\"Ber\u00e4knad l\u00e4stid\" \/>\n\t<meta name=\"twitter:data1\" content=\"3 minuter\" \/>\n<script type=\"application\/ld+json\" class=\"yoast-schema-graph\">{\"@context\":\"https:\\\/\\\/schema.org\",\"@graph\":[{\"@type\":\"WebPage\",\"@id\":\"https:\\\/\\\/wp.kristdemokraterna.se\\\/orebro\\\/var-politik\\\/kd-orebros-handlingsprogram-2023-2027\\\/\",\"url\":\"https:\\\/\\\/wp.kristdemokraterna.se\\\/orebro\\\/var-politik\\\/kd-orebros-handlingsprogram-2023-2027\\\/\",\"name\":\"KD \u00d6rebros Handlingsprogram 2023-2027 - Kristdemokraterna i \u00d6rebro\",\"isPartOf\":{\"@id\":\"https:\\\/\\\/wp.kristdemokraterna.se\\\/orebro\\\/#website\"},\"primaryImageOfPage\":{\"@id\":\"https:\\\/\\\/wp.kristdemokraterna.se\\\/orebro\\\/var-politik\\\/kd-orebros-handlingsprogram-2023-2027\\\/#primaryimage\"},\"image\":{\"@id\":\"https:\\\/\\\/wp.kristdemokraterna.se\\\/orebro\\\/var-politik\\\/kd-orebros-handlingsprogram-2023-2027\\\/#primaryimage\"},\"thumbnailUrl\":\"http:\\\/\\\/wp.kristdemokraterna.se\\\/orebro\\\/files\\\/2022\\\/06\\\/handlingsprogram_22_webb.jpg\",\"datePublished\":\"2025-08-12T10:26:55+00:00\",\"dateModified\":\"2025-08-15T10:58:55+00:00\",\"breadcrumb\":{\"@id\":\"https:\\\/\\\/wp.kristdemokraterna.se\\\/orebro\\\/var-politik\\\/kd-orebros-handlingsprogram-2023-2027\\\/#breadcrumb\"},\"inLanguage\":\"sv-SE\",\"potentialAction\":[{\"@type\":\"ReadAction\",\"target\":[\"https:\\\/\\\/wp.kristdemokraterna.se\\\/orebro\\\/var-politik\\\/kd-orebros-handlingsprogram-2023-2027\\\/\"]}]},{\"@type\":\"ImageObject\",\"inLanguage\":\"sv-SE\",\"@id\":\"https:\\\/\\\/wp.kristdemokraterna.se\\\/orebro\\\/var-politik\\\/kd-orebros-handlingsprogram-2023-2027\\\/#primaryimage\",\"url\":\"https:\\\/\\\/wp.kristdemokraterna.se\\\/orebro\\\/files\\\/2022\\\/06\\\/handlingsprogram_22_webb.jpg\",\"contentUrl\":\"https:\\\/\\\/wp.kristdemokraterna.se\\\/orebro\\\/files\\\/2022\\\/06\\\/handlingsprogram_22_webb.jpg\",\"width\":770,\"height\":513},{\"@type\":\"BreadcrumbList\",\"@id\":\"https:\\\/\\\/wp.kristdemokraterna.se\\\/orebro\\\/var-politik\\\/kd-orebros-handlingsprogram-2023-2027\\\/#breadcrumb\",\"itemListElement\":[{\"@type\":\"ListItem\",\"position\":1,\"name\":\"Hem\",\"item\":\"https:\\\/\\\/wp.kristdemokraterna.se\\\/orebro\\\/\"},{\"@type\":\"ListItem\",\"position\":2,\"name\":\"V\u00e5r politik\",\"item\":\"https:\\\/\\\/wp.kristdemokraterna.se\\\/orebro\\\/var-politik\\\/\"},{\"@type\":\"ListItem\",\"position\":3,\"name\":\"KD \u00d6rebros Handlingsprogram 2023-2027\"}]},{\"@type\":\"WebSite\",\"@id\":\"https:\\\/\\\/wp.kristdemokraterna.se\\\/orebro\\\/#website\",\"url\":\"https:\\\/\\\/wp.kristdemokraterna.se\\\/orebro\\\/\",\"name\":\"Kristdemokraterna i \u00d6rebro\",\"description\":\"Det \u00e4r l\u00e4ttare att bygga trygga barn \u00e4n att laga trasiga vuxna\",\"inLanguage\":\"sv-SE\"}]}<\/script>\n<!-- \/ Yoast SEO plugin. -->","yoast_head_json":{"title":"KD \u00d6rebros Handlingsprogram 2023-2027 - Kristdemokraterna i \u00d6rebro","robots":{"index":"index","follow":"follow","max-snippet":"max-snippet:-1","max-image-preview":"max-image-preview:large","max-video-preview":"max-video-preview:-1"},"canonical":"https:\/\/wp.kristdemokraterna.se\/orebro\/var-politik\/kd-orebros-handlingsprogram-2023-2027\/","og_locale":"sv_SE","og_type":"article","og_title":"KD \u00d6rebros Handlingsprogram 2023-2027 - Kristdemokraterna i \u00d6rebro","og_description":"Nu presenterar Kristdemokraterna i \u00d6rebro sitt handlingsprogram f\u00f6r mandatperioden 2023-2027 med rubriken \u201dF\u00f6r ett varmare och tryggare \u00d6rebro\u201d. Ett gediget arbete ligger bakom handlingsprogrammet som b\u00e5de fokuserar p\u00e5 kommunens st\u00f6rsta utmaningar, men som ocks\u00e5 inneh\u00e5ller flera relativt enkla f\u00f6rslag p\u00e5 hur v\u00e5r stad kan utvecklas till att bli \u00e4nnu b\u00e4ttre. Nedanst\u00e5ende omr\u00e5den utg\u00f6r de tre Read More","og_url":"https:\/\/wp.kristdemokraterna.se\/orebro\/var-politik\/kd-orebros-handlingsprogram-2023-2027\/","og_site_name":"Kristdemokraterna i \u00d6rebro","article_modified_time":"2025-08-15T10:58:55+00:00","og_image":[{"width":770,"height":513,"url":"https:\/\/wp.kristdemokraterna.se\/orebro\/files\/2022\/06\/handlingsprogram_22_webb.jpg","type":"image\/jpeg"}],"twitter_card":"summary_large_image","twitter_misc":{"Ber\u00e4knad l\u00e4stid":"3 minuter"},"schema":{"@context":"https:\/\/schema.org","@graph":[{"@type":"WebPage","@id":"https:\/\/wp.kristdemokraterna.se\/orebro\/var-politik\/kd-orebros-handlingsprogram-2023-2027\/","url":"https:\/\/wp.kristdemokraterna.se\/orebro\/var-politik\/kd-orebros-handlingsprogram-2023-2027\/","name":"KD \u00d6rebros Handlingsprogram 2023-2027 - Kristdemokraterna i \u00d6rebro","isPartOf":{"@id":"https:\/\/wp.kristdemokraterna.se\/orebro\/#website"},"primaryImageOfPage":{"@id":"https:\/\/wp.kristdemokraterna.se\/orebro\/var-politik\/kd-orebros-handlingsprogram-2023-2027\/#primaryimage"},"image":{"@id":"https:\/\/wp.kristdemokraterna.se\/orebro\/var-politik\/kd-orebros-handlingsprogram-2023-2027\/#primaryimage"},"thumbnailUrl":"http:\/\/wp.kristdemokraterna.se\/orebro\/files\/2022\/06\/handlingsprogram_22_webb.jpg","datePublished":"2025-08-12T10:26:55+00:00","dateModified":"2025-08-15T10:58:55+00:00","breadcrumb":{"@id":"https:\/\/wp.kristdemokraterna.se\/orebro\/var-politik\/kd-orebros-handlingsprogram-2023-2027\/#breadcrumb"},"inLanguage":"sv-SE","potentialAction":[{"@type":"ReadAction","target":["https:\/\/wp.kristdemokraterna.se\/orebro\/var-politik\/kd-orebros-handlingsprogram-2023-2027\/"]}]},{"@type":"ImageObject","inLanguage":"sv-SE","@id":"https:\/\/wp.kristdemokraterna.se\/orebro\/var-politik\/kd-orebros-handlingsprogram-2023-2027\/#primaryimage","url":"https:\/\/wp.kristdemokraterna.se\/orebro\/files\/2022\/06\/handlingsprogram_22_webb.jpg","contentUrl":"https:\/\/wp.kristdemokraterna.se\/orebro\/files\/2022\/06\/handlingsprogram_22_webb.jpg","width":770,"height":513},{"@type":"BreadcrumbList","@id":"https:\/\/wp.kristdemokraterna.se\/orebro\/var-politik\/kd-orebros-handlingsprogram-2023-2027\/#breadcrumb","itemListElement":[{"@type":"ListItem","position":1,"name":"Hem","item":"https:\/\/wp.kristdemokraterna.se\/orebro\/"},{"@type":"ListItem","position":2,"name":"V\u00e5r politik","item":"https:\/\/wp.kristdemokraterna.se\/orebro\/var-politik\/"},{"@type":"ListItem","position":3,"name":"KD \u00d6rebros Handlingsprogram 2023-2027"}]},{"@type":"WebSite","@id":"https:\/\/wp.kristdemokraterna.se\/orebro\/#website","url":"https:\/\/wp.kristdemokraterna.se\/orebro\/","name":"Kristdemokraterna i \u00d6rebro","description":"Det \u00e4r l\u00e4ttare att bygga trygga barn \u00e4n att laga trasiga vuxna","inLanguage":"sv-SE"}]}},"_links":{"self":[{"href":"https:\/\/wp.kristdemokraterna.se\/orebro\/wp-json\/wp\/v2\/pages\/2745","targetHints":{"allow":["GET"]}}],"collection":[{"href":"https:\/\/wp.kristdemokraterna.se\/orebro\/wp-json\/wp\/v2\/pages"}],"about":[{"href":"https:\/\/wp.kristdemokraterna.se\/orebro\/wp-json\/wp\/v2\/types\/page"}],"author":[{"embeddable":true,"href":"https:\/\/wp.kristdemokraterna.se\/orebro\/wp-json\/wp\/v2\/users\/455"}],"replies":[{"embeddable":true,"href":"https:\/\/wp.kristdemokraterna.se\/orebro\/wp-json\/wp\/v2\/comments?post=2745"}],"version-history":[{"count":4,"href":"https:\/\/wp.kristdemokraterna.se\/orebro\/wp-json\/wp\/v2\/pages\/2745\/revisions"}],"predecessor-version":[{"id":2749,"href":"https:\/\/wp.kristdemokraterna.se\/orebro\/wp-json\/wp\/v2\/pages\/2745\/revisions\/2749"}],"up":[{"embeddable":true,"href":"https:\/\/wp.kristdemokraterna.se\/orebro\/wp-json\/wp\/v2\/pages\/1340"}],"wp:attachment":[{"href":"https:\/\/wp.kristdemokraterna.se\/orebro\/wp-json\/wp\/v2\/media?parent=2745"}],"curies":[{"name":"wp","href":"https:\/\/api.w.org\/{rel}","templated":true}]}}