{"id":17,"date":"2012-11-24T04:52:03","date_gmt":"2012-11-24T04:52:03","guid":{"rendered":"http:\/\/wpskane.kristdemokraterna.se\/orkelljunga\/?page_id=17"},"modified":"2023-04-24T13:10:30","modified_gmt":"2023-04-24T11:10:30","slug":"kontakt","status":"publish","type":"page","link":"https:\/\/wp.kristdemokraterna.se\/orkelljunga\/kontakt\/","title":{"rendered":"Kontakt"},"content":{"rendered":"<h2><span style=\"color: #3366ff\">Kristdemokraterna i \u00d6rkelljunga<\/span><\/h2>\n<h4><span class=\"app-hjemvt\">Postadress:<\/span>\u00a0\u00c5sbogatan 4\u00a028631\u00a0\u00d6rkelljunga<\/h4>\n<h4>Mobil: 072-22 32 103<\/h4>\n<h4>Email: orkelljunga@kristdemokraterna.se<\/h4>\n<h4>Har du fr\u00e5gor, synpunkter eller vill du veta mer om v\u00e5r politik? Kontakta g\u00e4rna n\u00e5gon av dina lokala politiker.<\/h4>\n<h4><\/h4>\n<p>&nbsp;<\/p>\n<p>&nbsp;<\/p>\n","protected":false},"excerpt":{"rendered":"<p>Kristdemokraterna i \u00d6rkelljunga Postadress:\u00a0\u00c5sbogatan 4\u00a028631\u00a0\u00d6rkelljunga Mobil: 072-22 32 103 Email: orkelljunga@kristdemokraterna.se Har du fr\u00e5gor, synpunkter eller vill du veta mer om v\u00e5r politik? Kontakta g\u00e4rna n\u00e5gon av dina lokala politiker. &nbsp; &nbsp;<\/p>\n","protected":false},"author":444,"featured_media":0,"parent":0,"menu_order":14,"comment_status":"closed","ping_status":"closed","template":"","meta":{"_acf_changed":false,"footnotes":""},"class_list":["post-17","page","type-page","status-publish","hentry"],"acf":[],"yoast_head":"<!-- This site is optimized with the Yoast SEO plugin v27.4 - https:\/\/yoast.com\/product\/yoast-seo-wordpress\/ -->\n<title>Kontakt - Kristdemokraterna | \u00d6rkelljunga<\/title>\n<meta name=\"robots\" content=\"index, follow, max-snippet:-1, max-image-preview:large, max-video-preview:-1\" \/>\n<link rel=\"canonical\" href=\"https:\/\/wp.kristdemokraterna.se\/orkelljunga\/kontakt\/\" \/>\n<meta property=\"og:locale\" content=\"sv_SE\" \/>\n<meta property=\"og:type\" content=\"article\" \/>\n<meta property=\"og:title\" content=\"Kontakt - Kristdemokraterna | \u00d6rkelljunga\" \/>\n<meta property=\"og:description\" content=\"Kristdemokraterna i \u00d6rkelljunga Postadress:\u00a0\u00c5sbogatan 4\u00a028631\u00a0\u00d6rkelljunga Mobil: 072-22 32 103 Email: orkelljunga@kristdemokraterna.se Har du fr\u00e5gor, synpunkter eller vill du veta mer om v\u00e5r politik? Kontakta g\u00e4rna n\u00e5gon av dina lokala politiker. &nbsp; &nbsp;\" \/>\n<meta property=\"og:url\" content=\"https:\/\/wp.kristdemokraterna.se\/orkelljunga\/kontakt\/\" \/>\n<meta property=\"og:site_name\" content=\"Kristdemokraterna | \u00d6rkelljunga\" \/>\n<meta property=\"article:modified_time\" content=\"2023-04-24T11:10:30+00:00\" \/>\n<meta name=\"twitter:card\" content=\"summary_large_image\" \/>\n<meta name=\"twitter:label1\" content=\"Ber\u00e4knad l\u00e4stid\" \/>\n\t<meta name=\"twitter:data1\" content=\"1 minut\" \/>\n<script type=\"application\/ld+json\" class=\"yoast-schema-graph\">{\"@context\":\"https:\\\/\\\/schema.org\",\"@graph\":[{\"@type\":\"WebPage\",\"@id\":\"https:\\\/\\\/wp.kristdemokraterna.se\\\/orkelljunga\\\/kontakt\\\/\",\"url\":\"https:\\\/\\\/wp.kristdemokraterna.se\\\/orkelljunga\\\/kontakt\\\/\",\"name\":\"Kontakt - Kristdemokraterna | \u00d6rkelljunga\",\"isPartOf\":{\"@id\":\"https:\\\/\\\/wp.kristdemokraterna.se\\\/orkelljunga\\\/#website\"},\"datePublished\":\"2012-11-24T04:52:03+00:00\",\"dateModified\":\"2023-04-24T11:10:30+00:00\",\"breadcrumb\":{\"@id\":\"https:\\\/\\\/wp.kristdemokraterna.se\\\/orkelljunga\\\/kontakt\\\/#breadcrumb\"},\"inLanguage\":\"sv-SE\",\"potentialAction\":[{\"@type\":\"ReadAction\",\"target\":[\"https:\\\/\\\/wp.kristdemokraterna.se\\\/orkelljunga\\\/kontakt\\\/\"]}]},{\"@type\":\"BreadcrumbList\",\"@id\":\"https:\\\/\\\/wp.kristdemokraterna.se\\\/orkelljunga\\\/kontakt\\\/#breadcrumb\",\"itemListElement\":[{\"@type\":\"ListItem\",\"position\":1,\"name\":\"Hem\",\"item\":\"https:\\\/\\\/wp.kristdemokraterna.se\\\/orkelljunga\\\/\"},{\"@type\":\"ListItem\",\"position\":2,\"name\":\"Kontakt\"}]},{\"@type\":\"WebSite\",\"@id\":\"https:\\\/\\\/wp.kristdemokraterna.se\\\/orkelljunga\\\/#website\",\"url\":\"https:\\\/\\\/wp.kristdemokraterna.se\\\/orkelljunga\\\/\",\"name\":\"Kristdemokraterna | \u00d6rkelljunga\",\"description\":\"\u00c4nnu en webbplats hos Kristdemokraterna\",\"inLanguage\":\"sv-SE\"}]}<\/script>\n<!-- \/ Yoast SEO plugin. -->","yoast_head_json":{"title":"Kontakt - Kristdemokraterna | \u00d6rkelljunga","robots":{"index":"index","follow":"follow","max-snippet":"max-snippet:-1","max-image-preview":"max-image-preview:large","max-video-preview":"max-video-preview:-1"},"canonical":"https:\/\/wp.kristdemokraterna.se\/orkelljunga\/kontakt\/","og_locale":"sv_SE","og_type":"article","og_title":"Kontakt - Kristdemokraterna | \u00d6rkelljunga","og_description":"Kristdemokraterna i \u00d6rkelljunga Postadress:\u00a0\u00c5sbogatan 4\u00a028631\u00a0\u00d6rkelljunga Mobil: 072-22 32 103 Email: orkelljunga@kristdemokraterna.se Har du fr\u00e5gor, synpunkter eller vill du veta mer om v\u00e5r politik? Kontakta g\u00e4rna n\u00e5gon av dina lokala politiker. &nbsp; &nbsp;","og_url":"https:\/\/wp.kristdemokraterna.se\/orkelljunga\/kontakt\/","og_site_name":"Kristdemokraterna | \u00d6rkelljunga","article_modified_time":"2023-04-24T11:10:30+00:00","twitter_card":"summary_large_image","twitter_misc":{"Ber\u00e4knad l\u00e4stid":"1 minut"},"schema":{"@context":"https:\/\/schema.org","@graph":[{"@type":"WebPage","@id":"https:\/\/wp.kristdemokraterna.se\/orkelljunga\/kontakt\/","url":"https:\/\/wp.kristdemokraterna.se\/orkelljunga\/kontakt\/","name":"Kontakt - Kristdemokraterna | \u00d6rkelljunga","isPartOf":{"@id":"https:\/\/wp.kristdemokraterna.se\/orkelljunga\/#website"},"datePublished":"2012-11-24T04:52:03+00:00","dateModified":"2023-04-24T11:10:30+00:00","breadcrumb":{"@id":"https:\/\/wp.kristdemokraterna.se\/orkelljunga\/kontakt\/#breadcrumb"},"inLanguage":"sv-SE","potentialAction":[{"@type":"ReadAction","target":["https:\/\/wp.kristdemokraterna.se\/orkelljunga\/kontakt\/"]}]},{"@type":"BreadcrumbList","@id":"https:\/\/wp.kristdemokraterna.se\/orkelljunga\/kontakt\/#breadcrumb","itemListElement":[{"@type":"ListItem","position":1,"name":"Hem","item":"https:\/\/wp.kristdemokraterna.se\/orkelljunga\/"},{"@type":"ListItem","position":2,"name":"Kontakt"}]},{"@type":"WebSite","@id":"https:\/\/wp.kristdemokraterna.se\/orkelljunga\/#website","url":"https:\/\/wp.kristdemokraterna.se\/orkelljunga\/","name":"Kristdemokraterna | \u00d6rkelljunga","description":"\u00c4nnu en webbplats hos Kristdemokraterna","inLanguage":"sv-SE"}]}},"_links":{"self":[{"href":"https:\/\/wp.kristdemokraterna.se\/orkelljunga\/wp-json\/wp\/v2\/pages\/17","targetHints":{"allow":["GET"]}}],"collection":[{"href":"https:\/\/wp.kristdemokraterna.se\/orkelljunga\/wp-json\/wp\/v2\/pages"}],"about":[{"href":"https:\/\/wp.kristdemokraterna.se\/orkelljunga\/wp-json\/wp\/v2\/types\/page"}],"author":[{"embeddable":true,"href":"https:\/\/wp.kristdemokraterna.se\/orkelljunga\/wp-json\/wp\/v2\/users\/444"}],"replies":[{"embeddable":true,"href":"https:\/\/wp.kristdemokraterna.se\/orkelljunga\/wp-json\/wp\/v2\/comments?post=17"}],"version-history":[{"count":14,"href":"https:\/\/wp.kristdemokraterna.se\/orkelljunga\/wp-json\/wp\/v2\/pages\/17\/revisions"}],"predecessor-version":[{"id":1111,"href":"https:\/\/wp.kristdemokraterna.se\/orkelljunga\/wp-json\/wp\/v2\/pages\/17\/revisions\/1111"}],"wp:attachment":[{"href":"https:\/\/wp.kristdemokraterna.se\/orkelljunga\/wp-json\/wp\/v2\/media?parent=17"}],"curies":[{"name":"wp","href":"https:\/\/api.w.org\/{rel}","templated":true}]}}