{"id":269,"date":"2017-11-29T16:48:28","date_gmt":"2017-11-29T15:48:28","guid":{"rendered":"http:\/\/wp.kristdemokraterna.se\/orkelljunga\/?page_id=269"},"modified":"2023-04-23T21:11:41","modified_gmt":"2023-04-23T19:11:41","slug":"textsida-med-vanster-sidebar","status":"publish","type":"page","link":"https:\/\/wp.kristdemokraterna.se\/orkelljunga\/textsida-med-vanster-sidebar\/","title":{"rendered":"V\u00e5r partiavdelning"},"content":{"rendered":"<p><img decoding=\"async\" src=\"http:\/\/wp.kristdemokraterna.se\/orkelljunga\/files\/2022\/07\/dsc_0003-1024x685.jpg\" \/><\/p>\n<p>Kristdemokraterna har funnits i \u00d6rkelljunga sedan 1970-talet. Sedan valet 2022 befinner sig partiet i opposition och besitter fem mandat i fullm\u00e4ktige. Kristdemokraterna i \u00d6rkelljunga finns \u00e4ven representerade i kommunstyrelsen och i de kommunala n\u00e4mnderna. Ut\u00f6ver detta finns vi representerade i vissa av de kommunala bolagen och samverkansr\u00e5den.<\/p>\n<p>Vill du l\u00e4sa mer om var vi finns representerade kan du g\u00f6ra det p\u00e5 \u00d6rkelljunga kommuns hemsida som du n\u00e5r genom att klicka <a href=\"https:\/\/orkelljunga.tromanpublik.se\/organisationstyp\/e85c107a-2922-40f4-bb23-e9292ca9ebd7\"><strong>h\u00e4r<\/strong><\/a><\/p>\n<p>Du hittar \u00e4ven information om partiavdelningens styrelse genom att klicka\u00a0<strong><a href=\"https:\/\/kristdemokraterna.se\/vart-parti\/foretradare\/kd-lokalt\/skane\/orkelljunga\">h\u00e4r<\/a><\/strong><\/p>\n<p>&nbsp;<\/p>\n","protected":false},"excerpt":{"rendered":"<p>Kristdemokraterna har funnits i \u00d6rkelljunga sedan 1970-talet. Sedan valet 2022 befinner sig partiet i opposition och besitter fem mandat i fullm\u00e4ktige. Kristdemokraterna i \u00d6rkelljunga finns \u00e4ven representerade i kommunstyrelsen och i de kommunala n\u00e4mnderna. Ut\u00f6ver detta finns vi representerade i vissa av de kommunala bolagen och samverkansr\u00e5den. Vill du l\u00e4sa mer om var vi finns <a class=\"read-more-link\" href=\"https:\/\/wp.kristdemokraterna.se\/orkelljunga\/textsida-med-vanster-sidebar\/\">L\u00e4s mer<\/a><\/p>\n","protected":false},"author":925,"featured_media":0,"parent":0,"menu_order":3,"comment_status":"closed","ping_status":"closed","template":"page.php","meta":{"_acf_changed":false,"footnotes":""},"class_list":["post-269","page","type-page","status-publish","hentry"],"acf":[],"yoast_head":"<!-- This site is optimized with the Yoast SEO plugin v27.4 - https:\/\/yoast.com\/product\/yoast-seo-wordpress\/ -->\n<title>V\u00e5r partiavdelning - Kristdemokraterna | \u00d6rkelljunga<\/title>\n<meta name=\"robots\" content=\"index, follow, max-snippet:-1, max-image-preview:large, max-video-preview:-1\" \/>\n<link rel=\"canonical\" href=\"https:\/\/wp.kristdemokraterna.se\/orkelljunga\/textsida-med-vanster-sidebar\/\" \/>\n<meta property=\"og:locale\" content=\"sv_SE\" \/>\n<meta property=\"og:type\" content=\"article\" \/>\n<meta property=\"og:title\" content=\"V\u00e5r partiavdelning - Kristdemokraterna | \u00d6rkelljunga\" \/>\n<meta property=\"og:description\" content=\"Kristdemokraterna har funnits i \u00d6rkelljunga sedan 1970-talet. Sedan valet 2022 befinner sig partiet i opposition och besitter fem mandat i fullm\u00e4ktige. Kristdemokraterna i \u00d6rkelljunga finns \u00e4ven representerade i kommunstyrelsen och i de kommunala n\u00e4mnderna. Ut\u00f6ver detta finns vi representerade i vissa av de kommunala bolagen och samverkansr\u00e5den. Vill du l\u00e4sa mer om var vi finns L\u00e4s mer\" \/>\n<meta property=\"og:url\" content=\"https:\/\/wp.kristdemokraterna.se\/orkelljunga\/textsida-med-vanster-sidebar\/\" \/>\n<meta property=\"og:site_name\" content=\"Kristdemokraterna | \u00d6rkelljunga\" \/>\n<meta property=\"article:modified_time\" content=\"2023-04-23T19:11:41+00:00\" \/>\n<meta property=\"og:image\" content=\"http:\/\/wp.kristdemokraterna.se\/orkelljunga\/files\/2022\/07\/dsc_0003-1024x685.jpg\" \/>\n<meta name=\"twitter:card\" content=\"summary_large_image\" \/>\n<meta name=\"twitter:label1\" content=\"Ber\u00e4knad l\u00e4stid\" \/>\n\t<meta name=\"twitter:data1\" content=\"1 minut\" \/>\n<script type=\"application\/ld+json\" class=\"yoast-schema-graph\">{\"@context\":\"https:\\\/\\\/schema.org\",\"@graph\":[{\"@type\":\"WebPage\",\"@id\":\"https:\\\/\\\/wp.kristdemokraterna.se\\\/orkelljunga\\\/textsida-med-vanster-sidebar\\\/\",\"url\":\"https:\\\/\\\/wp.kristdemokraterna.se\\\/orkelljunga\\\/textsida-med-vanster-sidebar\\\/\",\"name\":\"V\u00e5r partiavdelning - Kristdemokraterna | \u00d6rkelljunga\",\"isPartOf\":{\"@id\":\"https:\\\/\\\/wp.kristdemokraterna.se\\\/orkelljunga\\\/#website\"},\"primaryImageOfPage\":{\"@id\":\"https:\\\/\\\/wp.kristdemokraterna.se\\\/orkelljunga\\\/textsida-med-vanster-sidebar\\\/#primaryimage\"},\"image\":{\"@id\":\"https:\\\/\\\/wp.kristdemokraterna.se\\\/orkelljunga\\\/textsida-med-vanster-sidebar\\\/#primaryimage\"},\"thumbnailUrl\":\"http:\\\/\\\/wp.kristdemokraterna.se\\\/orkelljunga\\\/files\\\/2022\\\/07\\\/dsc_0003-1024x685.jpg\",\"datePublished\":\"2017-11-29T15:48:28+00:00\",\"dateModified\":\"2023-04-23T19:11:41+00:00\",\"breadcrumb\":{\"@id\":\"https:\\\/\\\/wp.kristdemokraterna.se\\\/orkelljunga\\\/textsida-med-vanster-sidebar\\\/#breadcrumb\"},\"inLanguage\":\"sv-SE\",\"potentialAction\":[{\"@type\":\"ReadAction\",\"target\":[\"https:\\\/\\\/wp.kristdemokraterna.se\\\/orkelljunga\\\/textsida-med-vanster-sidebar\\\/\"]}]},{\"@type\":\"ImageObject\",\"inLanguage\":\"sv-SE\",\"@id\":\"https:\\\/\\\/wp.kristdemokraterna.se\\\/orkelljunga\\\/textsida-med-vanster-sidebar\\\/#primaryimage\",\"url\":\"http:\\\/\\\/wp.kristdemokraterna.se\\\/orkelljunga\\\/files\\\/2022\\\/07\\\/dsc_0003-1024x685.jpg\",\"contentUrl\":\"http:\\\/\\\/wp.kristdemokraterna.se\\\/orkelljunga\\\/files\\\/2022\\\/07\\\/dsc_0003-1024x685.jpg\"},{\"@type\":\"BreadcrumbList\",\"@id\":\"https:\\\/\\\/wp.kristdemokraterna.se\\\/orkelljunga\\\/textsida-med-vanster-sidebar\\\/#breadcrumb\",\"itemListElement\":[{\"@type\":\"ListItem\",\"position\":1,\"name\":\"Hem\",\"item\":\"https:\\\/\\\/wp.kristdemokraterna.se\\\/orkelljunga\\\/\"},{\"@type\":\"ListItem\",\"position\":2,\"name\":\"V\u00e5r partiavdelning\"}]},{\"@type\":\"WebSite\",\"@id\":\"https:\\\/\\\/wp.kristdemokraterna.se\\\/orkelljunga\\\/#website\",\"url\":\"https:\\\/\\\/wp.kristdemokraterna.se\\\/orkelljunga\\\/\",\"name\":\"Kristdemokraterna | \u00d6rkelljunga\",\"description\":\"\u00c4nnu en webbplats hos Kristdemokraterna\",\"inLanguage\":\"sv-SE\"}]}<\/script>\n<!-- \/ Yoast SEO plugin. -->","yoast_head_json":{"title":"V\u00e5r partiavdelning - Kristdemokraterna | \u00d6rkelljunga","robots":{"index":"index","follow":"follow","max-snippet":"max-snippet:-1","max-image-preview":"max-image-preview:large","max-video-preview":"max-video-preview:-1"},"canonical":"https:\/\/wp.kristdemokraterna.se\/orkelljunga\/textsida-med-vanster-sidebar\/","og_locale":"sv_SE","og_type":"article","og_title":"V\u00e5r partiavdelning - Kristdemokraterna | \u00d6rkelljunga","og_description":"Kristdemokraterna har funnits i \u00d6rkelljunga sedan 1970-talet. Sedan valet 2022 befinner sig partiet i opposition och besitter fem mandat i fullm\u00e4ktige. Kristdemokraterna i \u00d6rkelljunga finns \u00e4ven representerade i kommunstyrelsen och i de kommunala n\u00e4mnderna. Ut\u00f6ver detta finns vi representerade i vissa av de kommunala bolagen och samverkansr\u00e5den. Vill du l\u00e4sa mer om var vi finns L\u00e4s mer","og_url":"https:\/\/wp.kristdemokraterna.se\/orkelljunga\/textsida-med-vanster-sidebar\/","og_site_name":"Kristdemokraterna | \u00d6rkelljunga","article_modified_time":"2023-04-23T19:11:41+00:00","og_image":[{"url":"http:\/\/wp.kristdemokraterna.se\/orkelljunga\/files\/2022\/07\/dsc_0003-1024x685.jpg","type":"","width":"","height":""}],"twitter_card":"summary_large_image","twitter_misc":{"Ber\u00e4knad l\u00e4stid":"1 minut"},"schema":{"@context":"https:\/\/schema.org","@graph":[{"@type":"WebPage","@id":"https:\/\/wp.kristdemokraterna.se\/orkelljunga\/textsida-med-vanster-sidebar\/","url":"https:\/\/wp.kristdemokraterna.se\/orkelljunga\/textsida-med-vanster-sidebar\/","name":"V\u00e5r partiavdelning - Kristdemokraterna | \u00d6rkelljunga","isPartOf":{"@id":"https:\/\/wp.kristdemokraterna.se\/orkelljunga\/#website"},"primaryImageOfPage":{"@id":"https:\/\/wp.kristdemokraterna.se\/orkelljunga\/textsida-med-vanster-sidebar\/#primaryimage"},"image":{"@id":"https:\/\/wp.kristdemokraterna.se\/orkelljunga\/textsida-med-vanster-sidebar\/#primaryimage"},"thumbnailUrl":"http:\/\/wp.kristdemokraterna.se\/orkelljunga\/files\/2022\/07\/dsc_0003-1024x685.jpg","datePublished":"2017-11-29T15:48:28+00:00","dateModified":"2023-04-23T19:11:41+00:00","breadcrumb":{"@id":"https:\/\/wp.kristdemokraterna.se\/orkelljunga\/textsida-med-vanster-sidebar\/#breadcrumb"},"inLanguage":"sv-SE","potentialAction":[{"@type":"ReadAction","target":["https:\/\/wp.kristdemokraterna.se\/orkelljunga\/textsida-med-vanster-sidebar\/"]}]},{"@type":"ImageObject","inLanguage":"sv-SE","@id":"https:\/\/wp.kristdemokraterna.se\/orkelljunga\/textsida-med-vanster-sidebar\/#primaryimage","url":"http:\/\/wp.kristdemokraterna.se\/orkelljunga\/files\/2022\/07\/dsc_0003-1024x685.jpg","contentUrl":"http:\/\/wp.kristdemokraterna.se\/orkelljunga\/files\/2022\/07\/dsc_0003-1024x685.jpg"},{"@type":"BreadcrumbList","@id":"https:\/\/wp.kristdemokraterna.se\/orkelljunga\/textsida-med-vanster-sidebar\/#breadcrumb","itemListElement":[{"@type":"ListItem","position":1,"name":"Hem","item":"https:\/\/wp.kristdemokraterna.se\/orkelljunga\/"},{"@type":"ListItem","position":2,"name":"V\u00e5r partiavdelning"}]},{"@type":"WebSite","@id":"https:\/\/wp.kristdemokraterna.se\/orkelljunga\/#website","url":"https:\/\/wp.kristdemokraterna.se\/orkelljunga\/","name":"Kristdemokraterna | \u00d6rkelljunga","description":"\u00c4nnu en webbplats hos Kristdemokraterna","inLanguage":"sv-SE"}]}},"_links":{"self":[{"href":"https:\/\/wp.kristdemokraterna.se\/orkelljunga\/wp-json\/wp\/v2\/pages\/269","targetHints":{"allow":["GET"]}}],"collection":[{"href":"https:\/\/wp.kristdemokraterna.se\/orkelljunga\/wp-json\/wp\/v2\/pages"}],"about":[{"href":"https:\/\/wp.kristdemokraterna.se\/orkelljunga\/wp-json\/wp\/v2\/types\/page"}],"author":[{"embeddable":true,"href":"https:\/\/wp.kristdemokraterna.se\/orkelljunga\/wp-json\/wp\/v2\/users\/925"}],"replies":[{"embeddable":true,"href":"https:\/\/wp.kristdemokraterna.se\/orkelljunga\/wp-json\/wp\/v2\/comments?post=269"}],"version-history":[{"count":16,"href":"https:\/\/wp.kristdemokraterna.se\/orkelljunga\/wp-json\/wp\/v2\/pages\/269\/revisions"}],"predecessor-version":[{"id":1094,"href":"https:\/\/wp.kristdemokraterna.se\/orkelljunga\/wp-json\/wp\/v2\/pages\/269\/revisions\/1094"}],"wp:attachment":[{"href":"https:\/\/wp.kristdemokraterna.se\/orkelljunga\/wp-json\/wp\/v2\/media?parent=269"}],"curies":[{"name":"wp","href":"https:\/\/api.w.org\/{rel}","templated":true}]}}