{"id":359,"date":"2014-07-22T19:22:16","date_gmt":"2014-07-22T19:22:16","guid":{"rendered":"http:\/\/wpskane.kristdemokraterna.se\/orkelljunga\/?page_id=359"},"modified":"2026-04-02T18:13:32","modified_gmt":"2026-04-02T16:13:32","slug":"vad-vi-har-astadkommit","status":"publish","type":"page","link":"https:\/\/wp.kristdemokraterna.se\/orkelljunga\/vad-vi-har-astadkommit\/","title":{"rendered":"Vad vi har \u00e5stadkommit"},"content":{"rendered":"<p>Under mandatperioden 2022-2026 har Kristdemokraterna befunnit sig i opposition d\u00e5 Samstyret (Sverigedemokraterna och Moderaterna) haft ett majoritetsstyre i kommunen. Nedan kan du l\u00e4sa om vad vi arbetat f\u00f6r och \u00e5stadkommit under mandatperioden.<\/p>\n<ul>\n<li>Vi har lagt en motion om att personer med hemtj\u00e4nst ska f\u00e5 v\u00e4lja k\u00f6n p\u00e5 den personal som utf\u00f6r insatserna i hemmet.<\/li>\n<li>Vi har arbetat f\u00f6r att st\u00e4rka upp s\u00e4kerheten p\u00e5 f\u00f6rskolan Skogsgl\u00e4ntan. Det har efter f\u00f6rslag fr\u00e5n oss uppf\u00f6rts ett staket bakom f\u00f6rskolan som bidragit till \u00f6kad trygghet f\u00f6r barnen som g\u00e5r d\u00e4r och st\u00e4rka personalens arbetsmilj\u00f6.<\/li>\n<li>Vi har varit emot Samstyrets beslut om att l\u00e4gga ner f\u00f6rskolan Rapph\u00f6nan och verkat f\u00f6r att den skulle finnas kvar.<\/li>\n<li>Vi har under mandatperioden verkat f\u00f6r att minska barngrupperna i f\u00f6rskolan.<\/li>\n<li>Arbetat f\u00f6r mindre sk\u00e4rmtid i skolan f\u00f6r de yngre eleverna och f\u00f6r att skolan ska uppr\u00e4tth\u00e5lla en s\u00e4ker IT-milj\u00f6 f\u00f6r eleverna vid anv\u00e4ndning av digitala hj\u00e4lpmedel. Vi har exempelvis lagt ett f\u00f6rslag om att kommunens skolor inte ska dela ut digitala enheter (datorer) till barn i de l\u00e4gre \u00e5rskurserna med motiveringen att vi anser att det \u00e4r att ge ett f\u00f6r stort ansvar till ett barn, att det saknas ordentliga filter f\u00f6r skadligt inneh\u00e5ll och slutligen att barn spenderar alldeles f\u00f6r mycket tid framf\u00f6r sk\u00e4rmar.<\/li>\n<li>P\u00e5 initiativ av KD, genom en serie motioner i fullm\u00e4ktige, s\u00e5 satsar kommunen nu p\u00e5 aktiviteter f\u00f6r motorintresserade barn och unga. Vi har under mandatperioden \u00e4ven f\u00f6rs\u00f6kt f\u00e5 till en m\u00f6tesplats f\u00f6r motorintresserade barn och unga.<\/li>\n<li>Vi har under \u00e5ren arbetat f\u00f6r landsbygdens utveckling. Vi har exempelvis lagt f\u00f6rslag om h\u00f6jda drifts- och investeringsbidrag till v\u00e4gsamf\u00e4lligheterna och arbetat f\u00f6r bevarande av gatubelysningen p\u00e5 landsbygden.<\/li>\n<li>Genom \u00e5r av arbete med p\u00e5tryckningar gentemot v\u00e5ra regionpolitiker s\u00e5 har vi \u00e4ntligen f\u00e5tt beslut p\u00e5 att stationera en dygnsambulans i \u00d6rkelljunga kommun.<\/li>\n<li>Vi har p\u00e5 olika s\u00e4tt bestridit de besparings\u00e5tg\u00e4rder som Samstyret fattat i socialn\u00e4mnden. Exempelvis beslut om att avgiftsbel\u00e4gga den sociala st\u00f6dinsatsen boendest\u00f6d eller att kommunen skulle upph\u00f6ra med att vara utf\u00f6rare av personlig assistans.<\/li>\n<li>Vi har verkat f\u00f6r att kommunen ska f\u00f6lja resultatet av den folkomr\u00f6stning som h\u00f6lls 2024 om att kommunen \u00e5terigen ska vara en utf\u00f6rare av personlig assistans.<\/li>\n<li>Vi har varit med och lagt en motion om att kommunen ska m\u00f6jligg\u00f6ra f\u00f6r inv\u00e5nare i kommunen att starta \u00e4renden i kommunfullm\u00e4ktige genom medborgarf\u00f6rslag. Allt f\u00f6r att \u00f6ka v\u00e5ra inv\u00e5nares m\u00f6jlighet till inflytande.<\/li>\n<li>Vi har lagt ett f\u00f6rslag om att s\u00e4kerst\u00e4lla mark f\u00f6r att campingen i \u00d6rkelljunga ska kunna utvecklas.<\/li>\n<li>Vi har lagt ett f\u00f6rslag om att inr\u00e4tta ett medborgarkontor nu n\u00e4r receptionen har st\u00e4ngts och ersatts med en dator. Ett medborgarkontor signalerar \u00f6ppenhet och visar att kommunen \u00e4r redo att lyssna p\u00e5 sina inv\u00e5nare.<\/li>\n<li>Vi har arbetat f\u00f6r att st\u00e4rka upp den kommunala beredskapen. Vi har exempelvis lagt ett f\u00f6rslag om att h\u00e5lla ett beredskapslager av drivmedel f\u00f6r att kunna bedriva verksamhet \u00e4ven i h\u00e4ndelse av kris- eller krig.<\/li>\n<li>Vi har verkat f\u00f6r att kommunen ska g\u00f6ra en \u00f6vergripande analys p\u00e5 sina och de kommunala bolagens samtliga avgifter och taxor samt unders\u00f6ka m\u00f6jligheten f\u00f6r kommuninv\u00e5narna att ans\u00f6ka om uppskov p\u00e5 sina betalningar.<\/li>\n<li>Vi har lagt ett f\u00f6rslag om att anl\u00e4gga en s\u00e5 kallad multiarena i J\u00e4rnv\u00e4gsparken i Sk\u00e5nes Fagerhult f\u00f6r att \u00f6ka aktivitetsutbudet f\u00f6r ortens barn- och unga.<\/li>\n<li>Vi har lagt ett f\u00f6rslag om att se \u00f6ver s\u00e4kerheten p\u00e5 David Anders Gata i centrala \u00d6rkelljunga.<\/li>\n<\/ul>\n","protected":false},"excerpt":{"rendered":"<p>Under mandatperioden 2022-2026 har Kristdemokraterna befunnit sig i opposition d\u00e5 Samstyret (Sverigedemokraterna och Moderaterna) haft ett majoritetsstyre i kommunen. Nedan kan du l\u00e4sa om vad vi arbetat f\u00f6r och \u00e5stadkommit under mandatperioden. Vi har lagt en motion om att personer med hemtj\u00e4nst ska f\u00e5 v\u00e4lja k\u00f6n p\u00e5 den personal som utf\u00f6r insatserna i hemmet. Vi <a class=\"read-more-link\" href=\"https:\/\/wp.kristdemokraterna.se\/orkelljunga\/vad-vi-har-astadkommit\/\">L\u00e4s mer<\/a><\/p>\n","protected":false},"author":444,"featured_media":0,"parent":0,"menu_order":2,"comment_status":"closed","ping_status":"closed","template":"","meta":{"_acf_changed":false,"footnotes":""},"class_list":["post-359","page","type-page","status-publish","hentry"],"acf":[],"yoast_head":"<!-- This site is optimized with the Yoast SEO plugin v27.3 - https:\/\/yoast.com\/product\/yoast-seo-wordpress\/ -->\n<title>Vad vi har \u00e5stadkommit - Kristdemokraterna | \u00d6rkelljunga<\/title>\n<meta name=\"robots\" content=\"index, follow, max-snippet:-1, max-image-preview:large, max-video-preview:-1\" \/>\n<link rel=\"canonical\" href=\"https:\/\/wp.kristdemokraterna.se\/orkelljunga\/vad-vi-har-astadkommit\/\" \/>\n<meta property=\"og:locale\" content=\"sv_SE\" \/>\n<meta property=\"og:type\" content=\"article\" \/>\n<meta property=\"og:title\" content=\"Vad vi har \u00e5stadkommit - Kristdemokraterna | \u00d6rkelljunga\" \/>\n<meta property=\"og:description\" content=\"Under mandatperioden 2022-2026 har Kristdemokraterna befunnit sig i opposition d\u00e5 Samstyret (Sverigedemokraterna och Moderaterna) haft ett majoritetsstyre i kommunen. Nedan kan du l\u00e4sa om vad vi arbetat f\u00f6r och \u00e5stadkommit under mandatperioden. Vi har lagt en motion om att personer med hemtj\u00e4nst ska f\u00e5 v\u00e4lja k\u00f6n p\u00e5 den personal som utf\u00f6r insatserna i hemmet. Vi L\u00e4s mer\" \/>\n<meta property=\"og:url\" content=\"https:\/\/wp.kristdemokraterna.se\/orkelljunga\/vad-vi-har-astadkommit\/\" \/>\n<meta property=\"og:site_name\" content=\"Kristdemokraterna | \u00d6rkelljunga\" \/>\n<meta property=\"article:modified_time\" content=\"2026-04-02T16:13:32+00:00\" \/>\n<meta name=\"twitter:card\" content=\"summary_large_image\" \/>\n<meta name=\"twitter:label1\" content=\"Ber\u00e4knad l\u00e4stid\" \/>\n\t<meta name=\"twitter:data1\" content=\"3 minuter\" \/>\n<script type=\"application\/ld+json\" class=\"yoast-schema-graph\">{\"@context\":\"https:\\\/\\\/schema.org\",\"@graph\":[{\"@type\":\"WebPage\",\"@id\":\"https:\\\/\\\/wp.kristdemokraterna.se\\\/orkelljunga\\\/vad-vi-har-astadkommit\\\/\",\"url\":\"https:\\\/\\\/wp.kristdemokraterna.se\\\/orkelljunga\\\/vad-vi-har-astadkommit\\\/\",\"name\":\"Vad vi har \u00e5stadkommit - Kristdemokraterna | \u00d6rkelljunga\",\"isPartOf\":{\"@id\":\"https:\\\/\\\/wp.kristdemokraterna.se\\\/orkelljunga\\\/#website\"},\"datePublished\":\"2014-07-22T19:22:16+00:00\",\"dateModified\":\"2026-04-02T16:13:32+00:00\",\"breadcrumb\":{\"@id\":\"https:\\\/\\\/wp.kristdemokraterna.se\\\/orkelljunga\\\/vad-vi-har-astadkommit\\\/#breadcrumb\"},\"inLanguage\":\"sv-SE\",\"potentialAction\":[{\"@type\":\"ReadAction\",\"target\":[\"https:\\\/\\\/wp.kristdemokraterna.se\\\/orkelljunga\\\/vad-vi-har-astadkommit\\\/\"]}]},{\"@type\":\"BreadcrumbList\",\"@id\":\"https:\\\/\\\/wp.kristdemokraterna.se\\\/orkelljunga\\\/vad-vi-har-astadkommit\\\/#breadcrumb\",\"itemListElement\":[{\"@type\":\"ListItem\",\"position\":1,\"name\":\"Hem\",\"item\":\"https:\\\/\\\/wp.kristdemokraterna.se\\\/orkelljunga\\\/\"},{\"@type\":\"ListItem\",\"position\":2,\"name\":\"Vad vi har \u00e5stadkommit\"}]},{\"@type\":\"WebSite\",\"@id\":\"https:\\\/\\\/wp.kristdemokraterna.se\\\/orkelljunga\\\/#website\",\"url\":\"https:\\\/\\\/wp.kristdemokraterna.se\\\/orkelljunga\\\/\",\"name\":\"Kristdemokraterna | \u00d6rkelljunga\",\"description\":\"\u00c4nnu en webbplats hos Kristdemokraterna\",\"inLanguage\":\"sv-SE\"}]}<\/script>\n<!-- \/ Yoast SEO plugin. -->","yoast_head_json":{"title":"Vad vi har \u00e5stadkommit - Kristdemokraterna | \u00d6rkelljunga","robots":{"index":"index","follow":"follow","max-snippet":"max-snippet:-1","max-image-preview":"max-image-preview:large","max-video-preview":"max-video-preview:-1"},"canonical":"https:\/\/wp.kristdemokraterna.se\/orkelljunga\/vad-vi-har-astadkommit\/","og_locale":"sv_SE","og_type":"article","og_title":"Vad vi har \u00e5stadkommit - Kristdemokraterna | \u00d6rkelljunga","og_description":"Under mandatperioden 2022-2026 har Kristdemokraterna befunnit sig i opposition d\u00e5 Samstyret (Sverigedemokraterna och Moderaterna) haft ett majoritetsstyre i kommunen. Nedan kan du l\u00e4sa om vad vi arbetat f\u00f6r och \u00e5stadkommit under mandatperioden. Vi har lagt en motion om att personer med hemtj\u00e4nst ska f\u00e5 v\u00e4lja k\u00f6n p\u00e5 den personal som utf\u00f6r insatserna i hemmet. Vi L\u00e4s mer","og_url":"https:\/\/wp.kristdemokraterna.se\/orkelljunga\/vad-vi-har-astadkommit\/","og_site_name":"Kristdemokraterna | \u00d6rkelljunga","article_modified_time":"2026-04-02T16:13:32+00:00","twitter_card":"summary_large_image","twitter_misc":{"Ber\u00e4knad l\u00e4stid":"3 minuter"},"schema":{"@context":"https:\/\/schema.org","@graph":[{"@type":"WebPage","@id":"https:\/\/wp.kristdemokraterna.se\/orkelljunga\/vad-vi-har-astadkommit\/","url":"https:\/\/wp.kristdemokraterna.se\/orkelljunga\/vad-vi-har-astadkommit\/","name":"Vad vi har \u00e5stadkommit - Kristdemokraterna | \u00d6rkelljunga","isPartOf":{"@id":"https:\/\/wp.kristdemokraterna.se\/orkelljunga\/#website"},"datePublished":"2014-07-22T19:22:16+00:00","dateModified":"2026-04-02T16:13:32+00:00","breadcrumb":{"@id":"https:\/\/wp.kristdemokraterna.se\/orkelljunga\/vad-vi-har-astadkommit\/#breadcrumb"},"inLanguage":"sv-SE","potentialAction":[{"@type":"ReadAction","target":["https:\/\/wp.kristdemokraterna.se\/orkelljunga\/vad-vi-har-astadkommit\/"]}]},{"@type":"BreadcrumbList","@id":"https:\/\/wp.kristdemokraterna.se\/orkelljunga\/vad-vi-har-astadkommit\/#breadcrumb","itemListElement":[{"@type":"ListItem","position":1,"name":"Hem","item":"https:\/\/wp.kristdemokraterna.se\/orkelljunga\/"},{"@type":"ListItem","position":2,"name":"Vad vi har \u00e5stadkommit"}]},{"@type":"WebSite","@id":"https:\/\/wp.kristdemokraterna.se\/orkelljunga\/#website","url":"https:\/\/wp.kristdemokraterna.se\/orkelljunga\/","name":"Kristdemokraterna | \u00d6rkelljunga","description":"\u00c4nnu en webbplats hos Kristdemokraterna","inLanguage":"sv-SE"}]}},"_links":{"self":[{"href":"https:\/\/wp.kristdemokraterna.se\/orkelljunga\/wp-json\/wp\/v2\/pages\/359","targetHints":{"allow":["GET"]}}],"collection":[{"href":"https:\/\/wp.kristdemokraterna.se\/orkelljunga\/wp-json\/wp\/v2\/pages"}],"about":[{"href":"https:\/\/wp.kristdemokraterna.se\/orkelljunga\/wp-json\/wp\/v2\/types\/page"}],"author":[{"embeddable":true,"href":"https:\/\/wp.kristdemokraterna.se\/orkelljunga\/wp-json\/wp\/v2\/users\/444"}],"replies":[{"embeddable":true,"href":"https:\/\/wp.kristdemokraterna.se\/orkelljunga\/wp-json\/wp\/v2\/comments?post=359"}],"version-history":[{"count":10,"href":"https:\/\/wp.kristdemokraterna.se\/orkelljunga\/wp-json\/wp\/v2\/pages\/359\/revisions"}],"predecessor-version":[{"id":1182,"href":"https:\/\/wp.kristdemokraterna.se\/orkelljunga\/wp-json\/wp\/v2\/pages\/359\/revisions\/1182"}],"wp:attachment":[{"href":"https:\/\/wp.kristdemokraterna.se\/orkelljunga\/wp-json\/wp\/v2\/media?parent=359"}],"curies":[{"name":"wp","href":"https:\/\/api.w.org\/{rel}","templated":true}]}}