{"id":342,"date":"2026-04-04T15:21:10","date_gmt":"2026-04-04T13:21:10","guid":{"rendered":"https:\/\/wp.kristdemokraterna.se\/ornskoldsvik2\/?page_id=342"},"modified":"2026-04-30T19:48:34","modified_gmt":"2026-04-30T17:48:34","slug":"politik-ornskoldsvik","status":"publish","type":"page","link":"https:\/\/wp.kristdemokraterna.se\/ornskoldsvik\/politik-ornskoldsvik\/","title":{"rendered":"Vad vill vi i v\u00e5r kommun"},"content":{"rendered":"<h2 data-section-id=\"cltaol\" data-start=\"421\" data-end=\"470\">Arbete och f\u00f6retagande \u2013 jobbpolitik i Sverige<\/h2>\n<p data-start=\"472\" data-end=\"651\">Arbete \u00e4r mer \u00e4n bara en inkomst. Det skapar gemenskap, ansvar och m\u00f6jlighet att utvecklas. V\u00e5r jobbpolitik i Sverige bygger p\u00e5 att fler ska kunna arbeta utifr\u00e5n sin egen f\u00f6rm\u00e5ga.<\/p>\n<p data-start=\"653\" data-end=\"735\">Alla kan inte arbeta heltid \u2013 men alla ska ha m\u00f6jlighet att bidra. D\u00e4rf\u00f6r vill vi:<\/p>\n<ul data-start=\"736\" data-end=\"833\">\n<li data-section-id=\"runwk5\" data-start=\"736\" data-end=\"759\">skapa fler enkla jobb<\/li>\n<li data-section-id=\"b0eb1\" data-start=\"760\" data-end=\"799\">st\u00e4rka m\u00f6jligheten till deltidsarbete<\/li>\n<li data-section-id=\"s240u2\" data-start=\"800\" data-end=\"833\">g\u00f6ra det mer l\u00f6nsamt att arbeta<\/li>\n<\/ul>\n<p data-start=\"835\" data-end=\"978\">F\u00f6retagande \u00e4r grunden f\u00f6r nya jobb. Vi vill f\u00f6rb\u00e4ttra villkoren f\u00f6r sm\u00e5f\u00f6retag i Sverige genom minskad administration och b\u00e4ttre skatteregler.<\/p>\n<hr data-start=\"598\" data-end=\"601\" \/>\n<h2 data-section-id=\"1x4447y\" data-start=\"985\" data-end=\"1042\">Bostadspolitik \u2013 l\u00f6sningar p\u00e5 bostadsbristen i Sverige<\/h2>\n<p data-start=\"1044\" data-end=\"1111\">Bostadsbristen i Sverige \u00e4r ett v\u00e4xande problem, s\u00e4rskilt f\u00f6r unga.<\/p>\n<p data-start=\"1113\" data-end=\"1121\">D\u00e4rf\u00f6r vill vi:<\/p>\n<ul data-start=\"1122\" data-end=\"1233\">\n<li data-section-id=\"133blsv\" data-start=\"1122\" data-end=\"1149\">\u00f6ka byggandet av bost\u00e4der<\/li>\n<li data-section-id=\"1re57\" data-start=\"1150\" data-end=\"1180\">f\u00f6renkla regler f\u00f6r byggande<\/li>\n<li data-section-id=\"1sk78zn\" data-start=\"1181\" data-end=\"1233\">g\u00f6ra det l\u00e4ttare f\u00f6r unga att f\u00e5 sin f\u00f6rsta bostad<\/li>\n<\/ul>\n<p data-start=\"1235\" data-end=\"1305\">En trygg bostad \u00e4r en grundl\u00e4ggande f\u00f6ruts\u00e4ttning f\u00f6r ett stabilt liv.<\/p>\n<hr data-start=\"829\" data-end=\"832\" \/>\n<h2 data-section-id=\"1lkkknz\" data-start=\"1312\" data-end=\"1365\">Skatter och ekonomi \u2013 en h\u00e5llbar ekonomisk politik<\/h2>\n<p data-start=\"1367\" data-end=\"1436\">V\u00e5r ekonomiska politik kombinerar marknadsekonomi med socialt ansvar.<\/p>\n<p data-start=\"1438\" data-end=\"1450\">D\u00e4rf\u00f6r vill vi att:<\/p>\n<ul data-start=\"1451\" data-end=\"1547\">\n<li data-section-id=\"3wkwsp\" data-start=\"1451\" data-end=\"1487\">fler ska f\u00e5 beh\u00e5lla mer av sin l\u00f6n<\/li>\n<li data-section-id=\"1rlb21s\" data-start=\"1488\" data-end=\"1518\">skatten p\u00e5 arbete ska minska<\/li>\n<li data-section-id=\"1pgog65\" data-start=\"1519\" data-end=\"1547\">f\u00f6retagande ska uppmuntras<\/li>\n<\/ul>\n<p data-start=\"1549\" data-end=\"1624\">En stark ekonomi skapar trygghet f\u00f6r svenska hush\u00e5ll och st\u00e4rker v\u00e4lf\u00e4rden.<\/p>\n<hr data-start=\"1051\" data-end=\"1054\" \/>\n<h2 data-section-id=\"f6dvkz\" data-start=\"1631\" data-end=\"1657\">EU och Europasamarbetet<\/h2>\n<p data-start=\"1659\" data-end=\"1757\">Samarbetet inom <span class=\"hover:entity-accent entity-underline inline cursor-pointer align-baseline\"><span class=\"whitespace-normal\">Europeiska unionen<\/span><\/span> har bidragit till fred, frihet och tillv\u00e4xt.<\/p>\n<p data-start=\"1759\" data-end=\"1794\">D\u00e4rf\u00f6r vill vi se ett EU som fokuserar p\u00e5:<\/p>\n<ul data-start=\"1795\" data-end=\"1877\">\n<li data-section-id=\"1518708\" data-start=\"1795\" data-end=\"1820\">trygghet och s\u00e4kerhet<\/li>\n<li data-section-id=\"58n61a\" data-start=\"1821\" data-end=\"1841\">milj\u00f6 och klimat<\/li>\n<li data-section-id=\"x6aezw\" data-start=\"1842\" data-end=\"1877\">handel och ekonomisk utveckling<\/li>\n<\/ul>\n<p data-start=\"1879\" data-end=\"1941\">Samtidigt ska beslut fattas n\u00e4ra m\u00e4nniskor n\u00e4r det \u00e4r m\u00f6jligt.<\/p>\n<hr data-start=\"1363\" data-end=\"1366\" \/>\n<h2 data-section-id=\"1hf6m7e\" data-start=\"1948\" data-end=\"1999\">Familjepolitik \u2013 trygghet f\u00f6r barn och f\u00f6r\u00e4ldrar<\/h2>\n<p data-start=\"2001\" data-end=\"2102\">Familjen \u00e4r samh\u00e4llets viktigaste gemenskap. Trygga familjer ger barn b\u00e4ttre f\u00f6ruts\u00e4ttningar i livet.<\/p>\n<p data-start=\"2104\" data-end=\"2112\">D\u00e4rf\u00f6r vill vi:<\/p>\n<ul data-start=\"2113\" data-end=\"2210\">\n<li data-section-id=\"1s82adu\" data-start=\"2113\" data-end=\"2144\">st\u00e4rka f\u00f6r\u00e4ldrars m\u00f6jligheter<\/li>\n<li data-section-id=\"eq6xkw\" data-start=\"2145\" data-end=\"2182\">f\u00f6rb\u00e4ttra st\u00f6det till barn och unga<\/li>\n<li data-section-id=\"29tz5u\" data-start=\"2183\" data-end=\"2210\">arbeta mot psykisk oh\u00e4lsa<\/li>\n<\/ul>\n<hr data-start=\"1610\" data-end=\"1613\" \/>\n<h2 data-section-id=\"13866rr\" data-start=\"2217\" data-end=\"2240\">F\u00f6rsvar och s\u00e4kerhet<\/h2>\n<p data-start=\"2242\" data-end=\"2305\">Sveriges s\u00e4kerhetspolitik ska skydda m\u00e4nniskors liv och frihet.<\/p>\n<p data-start=\"2307\" data-end=\"2322\">D\u00e4rf\u00f6r vill vi st\u00e4rka:<\/p>\n<ul data-start=\"2323\" data-end=\"2411\">\n<li data-section-id=\"zu0kr3\" data-start=\"2323\" data-end=\"2351\">det nationella f\u00f6rsvaret<\/li>\n<li data-section-id=\"1ic5ye5\" data-start=\"2352\" data-end=\"2383\">samarbeten med andra l\u00e4nder<\/li>\n<li data-section-id=\"1urb9kl\" data-start=\"2384\" data-end=\"2411\">beredskapen i samh\u00e4llet<\/li>\n<\/ul>\n<hr data-start=\"1822\" data-end=\"1825\" \/>\n<h2 data-section-id=\"l03afd\" data-start=\"2418\" data-end=\"2447\">Utrikespolitik och bist\u00e5nd<\/h2>\n<p data-start=\"2449\" data-end=\"2481\">Sveriges bist\u00e5nd ska bidra till:<\/p>\n<ul data-start=\"2482\" data-end=\"2543\">\n<li data-section-id=\"1smhwiq\" data-start=\"2482\" data-end=\"2507\">m\u00e4nskliga r\u00e4ttigheter<\/li>\n<li data-section-id=\"51p1ce\" data-start=\"2508\" data-end=\"2521\">demokrati<\/li>\n<li data-section-id=\"mzjgw\" data-start=\"2522\" data-end=\"2543\">minskad fattigdom<\/li>\n<\/ul>\n<p data-start=\"2545\" data-end=\"2623\">D\u00e4rf\u00f6r att vi vill att bist\u00e5ndet ska vara effektivt och fokusera p\u00e5 l\u00e5ngsiktiga resultat.<\/p>\n<hr data-start=\"2093\" data-end=\"2096\" \/>\n<h2 data-section-id=\"1s00pwy\" data-start=\"2630\" data-end=\"2652\">Jord- och skogsbruk<\/h2>\n<p data-start=\"2654\" data-end=\"2719\">Ett h\u00e5llbart jord- och skogsbruk \u00e4r viktigt f\u00f6r Sveriges framtid.<\/p>\n<p data-start=\"2721\" data-end=\"2729\">D\u00e4rf\u00f6r vill vi:<\/p>\n<ul data-start=\"2730\" data-end=\"2824\">\n<li data-section-id=\"btblzh\" data-start=\"2730\" data-end=\"2755\">st\u00e4rka svenska b\u00f6nder<\/li>\n<li data-section-id=\"v23trx\" data-start=\"2756\" data-end=\"2783\">v\u00e4rna skogen som resurs<\/li>\n<li data-section-id=\"i3jqfb\" data-start=\"2784\" data-end=\"2824\">kombinera produktion med milj\u00f6h\u00e4nsyn<\/li>\n<\/ul>\n<hr data-start=\"2292\" data-end=\"2295\" \/>\n<h2 data-section-id=\"1qqom5t\" data-start=\"2831\" data-end=\"2885\">J\u00e4mst\u00e4lldhet \u2013 lika m\u00f6jligheter f\u00f6r kvinnor och m\u00e4n<\/h2>\n<p data-start=\"2887\" data-end=\"2944\">Kvinnor och m\u00e4n ska ha samma r\u00e4ttigheter och m\u00f6jligheter.<\/p>\n<p data-start=\"2946\" data-end=\"2962\">D\u00e4rf\u00f6r vill vi bek\u00e4mpa:<\/p>\n<ul data-start=\"2963\" data-end=\"3026\">\n<li data-section-id=\"dhrxxu\" data-start=\"2963\" data-end=\"2989\">v\u00e5ld i n\u00e4ra relationer<\/li>\n<li data-section-id=\"1yhb39s\" data-start=\"2990\" data-end=\"3008\">hedersf\u00f6rtryck<\/li>\n<li data-section-id=\"1mn8bug\" data-start=\"3009\" data-end=\"3026\">oj\u00e4mlik h\u00e4lsa<\/li>\n<\/ul>\n<hr data-start=\"2520\" data-end=\"2523\" \/>\n<h2 data-section-id=\"n07y2e\" data-start=\"3033\" data-end=\"3056\">Infrastruktur och IT<\/h2>\n<p data-start=\"3058\" data-end=\"3117\">Bra infrastruktur \u00e4r avg\u00f6rande f\u00f6r tillv\u00e4xt i hela Sverige.<\/p>\n<p data-start=\"3119\" data-end=\"3136\">D\u00e4rf\u00f6r vill vi satsa p\u00e5:<\/p>\n<ul data-start=\"3137\" data-end=\"3223\">\n<li data-section-id=\"4vvxn3\" data-start=\"3137\" data-end=\"3169\">b\u00e4ttre v\u00e4gar och transporter<\/li>\n<li data-section-id=\"jn1a3i\" data-start=\"3170\" data-end=\"3190\">utbyggt bredband<\/li>\n<li data-section-id=\"katiah\" data-start=\"3191\" data-end=\"3223\">stabil digital infrastruktur<\/li>\n<\/ul>\n<hr data-start=\"2715\" data-end=\"2718\" \/>\n<h2 data-section-id=\"yz0bs4\" data-start=\"3230\" data-end=\"3249\">Kultur och media<\/h2>\n<p data-start=\"3251\" data-end=\"3290\">Kulturen \u00e4r en viktig del av samh\u00e4llet.<\/p>\n<p data-start=\"3292\" data-end=\"3300\">D\u00e4rf\u00f6r vill vi:<\/p>\n<ul data-start=\"3301\" data-end=\"3374\">\n<li data-section-id=\"1wtz91i\" data-start=\"3301\" data-end=\"3325\">v\u00e4rna yttrandefrihet<\/li>\n<li data-section-id=\"mel6r9\" data-start=\"3326\" data-end=\"3348\">st\u00f6dja kulturlivet<\/li>\n<li data-section-id=\"1fqp96\" data-start=\"3349\" data-end=\"3374\">bevara v\u00e5rt kulturarv<\/li>\n<\/ul>\n<hr data-start=\"2904\" data-end=\"2907\" \/>\n<h2 data-section-id=\"1a4up0t\" data-start=\"3381\" data-end=\"3418\">Lag och r\u00e4tt \u2013 trygghet i vardagen<\/h2>\n<p data-start=\"3420\" data-end=\"3454\">Trygghet \u00e4r en grundf\u00f6ruts\u00e4ttning.<\/p>\n<p data-start=\"3456\" data-end=\"3464\">D\u00e4rf\u00f6r vill vi:<\/p>\n<ul data-start=\"3465\" data-end=\"3545\">\n<li data-section-id=\"grxk6h\" data-start=\"3465\" data-end=\"3489\">st\u00e4rka r\u00e4ttsv\u00e4sendet<\/li>\n<li data-section-id=\"up3rcb\" data-start=\"3490\" data-end=\"3514\">bek\u00e4mpa brottslighet<\/li>\n<li data-section-id=\"1vqp1ua\" data-start=\"3515\" data-end=\"3545\">\u00f6ka tryggheten i samh\u00e4llet<\/li>\n<\/ul>\n<hr data-start=\"3093\" data-end=\"3096\" \/>\n<h2 data-section-id=\"vmqmcj\" data-start=\"3552\" data-end=\"3590\">Migration och integration i Sverige<\/h2>\n<p data-start=\"3592\" data-end=\"3647\">Sverige ska ha en human men reglerad migrationspolitik.<\/p>\n<p data-start=\"3649\" data-end=\"3657\">D\u00e4rf\u00f6r vill vi:<\/p>\n<ul data-start=\"3658\" data-end=\"3742\">\n<li data-section-id=\"zzjt8d\" data-start=\"3658\" data-end=\"3678\">v\u00e4rna asylr\u00e4tten<\/li>\n<li data-section-id=\"nc0d8v\" data-start=\"3679\" data-end=\"3709\">st\u00e4lla krav p\u00e5 integration<\/li>\n<li data-section-id=\"1x4dlwx\" data-start=\"3710\" data-end=\"3742\">fokusera p\u00e5 arbete och spr\u00e5k<\/li>\n<\/ul>\n<hr data-start=\"3331\" data-end=\"3334\" \/>\n<h2 data-section-id=\"1hwhy15\" data-start=\"3749\" data-end=\"3786\">Milj\u00f6 och energi \u2013 h\u00e5llbar framtid<\/h2>\n<p data-start=\"3788\" data-end=\"3828\">Vi har ett ansvar att ta hand om milj\u00f6n.<\/p>\n<p data-start=\"3830\" data-end=\"3838\">D\u00e4rf\u00f6r vill vi:<\/p>\n<ul data-start=\"3839\" data-end=\"3904\">\n<li data-section-id=\"16ix4dd\" data-start=\"3839\" data-end=\"3857\">minska utsl\u00e4pp<\/li>\n<li data-section-id=\"19z7e2v\" data-start=\"3858\" data-end=\"3885\">satsa p\u00e5 h\u00e5llbar energi<\/li>\n<li data-section-id=\"1vrk2fz\" data-start=\"3886\" data-end=\"3904\">skydda naturen<\/li>\n<\/ul>\n<hr data-start=\"3518\" data-end=\"3521\" \/>\n<h2 data-section-id=\"168k4hj\" data-start=\"3911\" data-end=\"3934\">Skola och utbildning<\/h2>\n<p data-start=\"3936\" data-end=\"3974\">Skolan ska ge kunskap och framtidstro.<\/p>\n<p data-start=\"3976\" data-end=\"3984\">D\u00e4rf\u00f6r vill vi:<\/p>\n<ul data-start=\"3985\" data-end=\"4048\">\n<li data-section-id=\"psemss\" data-start=\"3985\" data-end=\"4007\">st\u00e4rka l\u00e4rarrollen<\/li>\n<li data-section-id=\"8zr81p\" data-start=\"4008\" data-end=\"4025\">\u00f6ka studieron<\/li>\n<li data-section-id=\"125rgvh\" data-start=\"4026\" data-end=\"4048\">h\u00f6ja kunskapsniv\u00e5n<\/li>\n<\/ul>\n<hr data-start=\"3668\" data-end=\"3671\" \/>\n<h2 data-section-id=\"19r778c\" data-start=\"4055\" data-end=\"4090\">Religion och samh\u00e4llsv\u00e4rderingar<\/h2>\n<p data-start=\"4092\" data-end=\"4148\">Sveriges v\u00e4rdegrund bygger p\u00e5 kristen etik och humanism.<\/p>\n<p data-start=\"4150\" data-end=\"4158\">D\u00e4rf\u00f6r vill vi:<\/p>\n<ul data-start=\"4159\" data-end=\"4231\">\n<li data-section-id=\"1h3phsq\" data-start=\"4159\" data-end=\"4191\">\u00f6ka f\u00f6rst\u00e5elsen f\u00f6r religion<\/li>\n<li data-section-id=\"1274mnh\" data-start=\"4192\" data-end=\"4231\">st\u00e4rka sammanh\u00e5llningen i samh\u00e4llet<\/li>\n<\/ul>\n<hr data-start=\"3847\" data-end=\"3850\" \/>\n<h2 data-section-id=\"rub3nz\" data-start=\"4238\" data-end=\"4256\">V\u00e5rd och omsorg<\/h2>\n<p data-start=\"4258\" data-end=\"4296\">Sjukv\u00e5rden ska fungera n\u00e4r den beh\u00f6vs.<\/p>\n<p data-start=\"4298\" data-end=\"4306\">D\u00e4rf\u00f6r vill vi:<\/p>\n<ul data-start=\"4307\" data-end=\"4382\">\n<li data-section-id=\"12b1rmz\" data-start=\"4307\" data-end=\"4327\">korta v\u00e5rdk\u00f6erna<\/li>\n<li data-section-id=\"u61aug\" data-start=\"4328\" data-end=\"4352\">f\u00f6rb\u00e4ttra kvaliteten<\/li>\n<li data-section-id=\"mtk0vt\" data-start=\"4353\" data-end=\"4382\">s\u00e4tta patienten i centrum<\/li>\n<\/ul>\n<p data-start=\"3916\" data-end=\"3990\"><a href=\"https:\/\/wp.kristdemokraterna.se\/ornskoldsvik\/files\/2026\/04\/496066443_1116924553795421_2319758874599275827_n.jpg\"><img loading=\"lazy\" decoding=\"async\" class=\"alignnone size-medium wp-image-1241\" src=\"https:\/\/wp.kristdemokraterna.se\/ornskoldsvik\/files\/2026\/04\/496066443_1116924553795421_2319758874599275827_n-300x213.jpg\" alt=\"\" width=\"300\" height=\"213\" srcset=\"https:\/\/wp.kristdemokraterna.se\/ornskoldsvik\/files\/2026\/04\/496066443_1116924553795421_2319758874599275827_n-300x213.jpg 300w, https:\/\/wp.kristdemokraterna.se\/ornskoldsvik\/files\/2026\/04\/496066443_1116924553795421_2319758874599275827_n-1024x727.jpg 1024w, https:\/\/wp.kristdemokraterna.se\/ornskoldsvik\/files\/2026\/04\/496066443_1116924553795421_2319758874599275827_n-768x545.jpg 768w, https:\/\/wp.kristdemokraterna.se\/ornskoldsvik\/files\/2026\/04\/496066443_1116924553795421_2319758874599275827_n-1536x1091.jpg 1536w, https:\/\/wp.kristdemokraterna.se\/ornskoldsvik\/files\/2026\/04\/496066443_1116924553795421_2319758874599275827_n-282x200.jpg 282w, https:\/\/wp.kristdemokraterna.se\/ornskoldsvik\/files\/2026\/04\/496066443_1116924553795421_2319758874599275827_n-370x263.jpg 370w, https:\/\/wp.kristdemokraterna.se\/ornskoldsvik\/files\/2026\/04\/496066443_1116924553795421_2319758874599275827_n-770x547.jpg 770w, https:\/\/wp.kristdemokraterna.se\/ornskoldsvik\/files\/2026\/04\/496066443_1116924553795421_2319758874599275827_n-450x319.jpg 450w, https:\/\/wp.kristdemokraterna.se\/ornskoldsvik\/files\/2026\/04\/496066443_1116924553795421_2319758874599275827_n-280x199.jpg 280w, https:\/\/wp.kristdemokraterna.se\/ornskoldsvik\/files\/2026\/04\/496066443_1116924553795421_2319758874599275827_n-340x241.jpg 340w, https:\/\/wp.kristdemokraterna.se\/ornskoldsvik\/files\/2026\/04\/496066443_1116924553795421_2319758874599275827_n-200x142.jpg 200w, https:\/\/wp.kristdemokraterna.se\/ornskoldsvik\/files\/2026\/04\/496066443_1116924553795421_2319758874599275827_n-79x56.jpg 79w, https:\/\/wp.kristdemokraterna.se\/ornskoldsvik\/files\/2026\/04\/496066443_1116924553795421_2319758874599275827_n.jpg 2048w\" sizes=\"auto, (max-width: 300px) 100vw, 300px\" \/><\/a><\/p>\n","protected":false},"excerpt":{"rendered":"<p>Arbete och f\u00f6retagande \u2013 jobbpolitik i Sverige Arbete \u00e4r mer \u00e4n bara en inkomst. Det skapar gemenskap, ansvar och m\u00f6jlighet att utvecklas. V\u00e5r jobbpolitik i Sverige bygger p\u00e5 att fler ska kunna arbeta utifr\u00e5n sin egen f\u00f6rm\u00e5ga. Alla kan inte arbeta heltid \u2013 men alla ska ha m\u00f6jlighet att bidra. D\u00e4rf\u00f6r vill vi: skapa fler <a class=\"read-more-link\" href=\"https:\/\/wp.kristdemokraterna.se\/ornskoldsvik\/politik-ornskoldsvik\/\">L\u00e4s mer<\/a><\/p>\n","protected":false},"author":439,"featured_media":714,"parent":0,"menu_order":0,"comment_status":"closed","ping_status":"closed","template":"page.php","meta":{"_acf_changed":false,"footnotes":""},"class_list":["post-342","page","type-page","status-publish","hentry"],"acf":[],"yoast_head":"<!-- This site is optimized with the Yoast SEO plugin v27.5 - https:\/\/yoast.com\/product\/yoast-seo-wordpress\/ -->\n<title>Vad vill vi i v\u00e5r kommun - Kristdemokraterna | \u00d6rnsk\u00f6ldsvik<\/title>\n<meta name=\"description\" content=\"L\u00e4s om Kristdemokraterna i \u00d6rnsk\u00f6ldsvik och v\u00e5r politik inom jobb, bostad, skola, trygghet och ekonomi.\" \/>\n<meta name=\"robots\" content=\"index, follow, max-snippet:-1, max-image-preview:large, max-video-preview:-1\" \/>\n<link rel=\"canonical\" href=\"https:\/\/wp.kristdemokraterna.se\/ornskoldsvik\/politik-ornskoldsvik\/\" \/>\n<meta property=\"og:locale\" content=\"sv_SE\" \/>\n<meta property=\"og:type\" content=\"article\" \/>\n<meta property=\"og:title\" content=\"Vad vill vi i v\u00e5r kommun - Kristdemokraterna | \u00d6rnsk\u00f6ldsvik\" \/>\n<meta property=\"og:description\" content=\"L\u00e4s om Kristdemokraterna i \u00d6rnsk\u00f6ldsvik och v\u00e5r politik inom jobb, bostad, skola, trygghet och ekonomi.\" \/>\n<meta property=\"og:url\" content=\"https:\/\/wp.kristdemokraterna.se\/ornskoldsvik\/politik-ornskoldsvik\/\" \/>\n<meta property=\"og:site_name\" content=\"Kristdemokraterna | \u00d6rnsk\u00f6ldsvik\" \/>\n<meta property=\"article:modified_time\" content=\"2026-04-30T17:48:34+00:00\" \/>\n<meta property=\"og:image\" content=\"https:\/\/wp.kristdemokraterna.se\/ornskoldsvik\/files\/2026\/04\/496066443_1116924553795421_2319758874599275827_n.jpg\" \/>\n\t<meta property=\"og:image:width\" content=\"2048\" \/>\n\t<meta property=\"og:image:height\" content=\"1454\" \/>\n\t<meta property=\"og:image:type\" content=\"image\/jpeg\" \/>\n<meta name=\"twitter:card\" content=\"summary_large_image\" \/>\n<meta name=\"twitter:label1\" content=\"Ber\u00e4knad l\u00e4stid\" \/>\n\t<meta name=\"twitter:data1\" content=\"3 minuter\" \/>\n<script type=\"application\/ld+json\" class=\"yoast-schema-graph\">{\"@context\":\"https:\\\/\\\/schema.org\",\"@graph\":[{\"@type\":\"WebPage\",\"@id\":\"https:\\\/\\\/wp.kristdemokraterna.se\\\/ornskoldsvik\\\/politik-ornskoldsvik\\\/\",\"url\":\"https:\\\/\\\/wp.kristdemokraterna.se\\\/ornskoldsvik\\\/politik-ornskoldsvik\\\/\",\"name\":\"Vad vill vi i v\u00e5r kommun - Kristdemokraterna | \u00d6rnsk\u00f6ldsvik\",\"isPartOf\":{\"@id\":\"https:\\\/\\\/wp.kristdemokraterna.se\\\/ornskoldsvik\\\/#website\"},\"primaryImageOfPage\":{\"@id\":\"https:\\\/\\\/wp.kristdemokraterna.se\\\/ornskoldsvik\\\/politik-ornskoldsvik\\\/#primaryimage\"},\"image\":{\"@id\":\"https:\\\/\\\/wp.kristdemokraterna.se\\\/ornskoldsvik\\\/politik-ornskoldsvik\\\/#primaryimage\"},\"thumbnailUrl\":\"\",\"datePublished\":\"2026-04-04T13:21:10+00:00\",\"dateModified\":\"2026-04-30T17:48:34+00:00\",\"description\":\"L\u00e4s om Kristdemokraterna i \u00d6rnsk\u00f6ldsvik och v\u00e5r politik inom jobb, bostad, skola, trygghet och ekonomi.\",\"breadcrumb\":{\"@id\":\"https:\\\/\\\/wp.kristdemokraterna.se\\\/ornskoldsvik\\\/politik-ornskoldsvik\\\/#breadcrumb\"},\"inLanguage\":\"sv-SE\",\"potentialAction\":[{\"@type\":\"ReadAction\",\"target\":[\"https:\\\/\\\/wp.kristdemokraterna.se\\\/ornskoldsvik\\\/politik-ornskoldsvik\\\/\"]}]},{\"@type\":\"ImageObject\",\"inLanguage\":\"sv-SE\",\"@id\":\"https:\\\/\\\/wp.kristdemokraterna.se\\\/ornskoldsvik\\\/politik-ornskoldsvik\\\/#primaryimage\",\"url\":\"\",\"contentUrl\":\"\"},{\"@type\":\"BreadcrumbList\",\"@id\":\"https:\\\/\\\/wp.kristdemokraterna.se\\\/ornskoldsvik\\\/politik-ornskoldsvik\\\/#breadcrumb\",\"itemListElement\":[{\"@type\":\"ListItem\",\"position\":1,\"name\":\"Hem\",\"item\":\"https:\\\/\\\/wp.kristdemokraterna.se\\\/ornskoldsvik\\\/\"},{\"@type\":\"ListItem\",\"position\":2,\"name\":\"Vad vill vi i v\u00e5r kommun\"}]},{\"@type\":\"WebSite\",\"@id\":\"https:\\\/\\\/wp.kristdemokraterna.se\\\/ornskoldsvik\\\/#website\",\"url\":\"https:\\\/\\\/wp.kristdemokraterna.se\\\/ornskoldsvik\\\/\",\"name\":\"Kristdemokraterna | \u00d6rnsk\u00f6ldsvik\",\"description\":\"En till Kristdemokraterna webbplats\",\"inLanguage\":\"sv-SE\"}]}<\/script>\n<!-- \/ Yoast SEO plugin. -->","yoast_head_json":{"title":"Vad vill vi i v\u00e5r kommun - Kristdemokraterna | \u00d6rnsk\u00f6ldsvik","description":"L\u00e4s om Kristdemokraterna i \u00d6rnsk\u00f6ldsvik och v\u00e5r politik inom jobb, bostad, skola, trygghet och ekonomi.","robots":{"index":"index","follow":"follow","max-snippet":"max-snippet:-1","max-image-preview":"max-image-preview:large","max-video-preview":"max-video-preview:-1"},"canonical":"https:\/\/wp.kristdemokraterna.se\/ornskoldsvik\/politik-ornskoldsvik\/","og_locale":"sv_SE","og_type":"article","og_title":"Vad vill vi i v\u00e5r kommun - Kristdemokraterna | \u00d6rnsk\u00f6ldsvik","og_description":"L\u00e4s om Kristdemokraterna i \u00d6rnsk\u00f6ldsvik och v\u00e5r politik inom jobb, bostad, skola, trygghet och ekonomi.","og_url":"https:\/\/wp.kristdemokraterna.se\/ornskoldsvik\/politik-ornskoldsvik\/","og_site_name":"Kristdemokraterna | \u00d6rnsk\u00f6ldsvik","article_modified_time":"2026-04-30T17:48:34+00:00","og_image":[{"width":2048,"height":1454,"url":"https:\/\/wp.kristdemokraterna.se\/ornskoldsvik\/files\/2026\/04\/496066443_1116924553795421_2319758874599275827_n.jpg","type":"image\/jpeg"}],"twitter_card":"summary_large_image","twitter_misc":{"Ber\u00e4knad l\u00e4stid":"3 minuter"},"schema":{"@context":"https:\/\/schema.org","@graph":[{"@type":"WebPage","@id":"https:\/\/wp.kristdemokraterna.se\/ornskoldsvik\/politik-ornskoldsvik\/","url":"https:\/\/wp.kristdemokraterna.se\/ornskoldsvik\/politik-ornskoldsvik\/","name":"Vad vill vi i v\u00e5r kommun - Kristdemokraterna | \u00d6rnsk\u00f6ldsvik","isPartOf":{"@id":"https:\/\/wp.kristdemokraterna.se\/ornskoldsvik\/#website"},"primaryImageOfPage":{"@id":"https:\/\/wp.kristdemokraterna.se\/ornskoldsvik\/politik-ornskoldsvik\/#primaryimage"},"image":{"@id":"https:\/\/wp.kristdemokraterna.se\/ornskoldsvik\/politik-ornskoldsvik\/#primaryimage"},"thumbnailUrl":"","datePublished":"2026-04-04T13:21:10+00:00","dateModified":"2026-04-30T17:48:34+00:00","description":"L\u00e4s om Kristdemokraterna i \u00d6rnsk\u00f6ldsvik och v\u00e5r politik inom jobb, bostad, skola, trygghet och ekonomi.","breadcrumb":{"@id":"https:\/\/wp.kristdemokraterna.se\/ornskoldsvik\/politik-ornskoldsvik\/#breadcrumb"},"inLanguage":"sv-SE","potentialAction":[{"@type":"ReadAction","target":["https:\/\/wp.kristdemokraterna.se\/ornskoldsvik\/politik-ornskoldsvik\/"]}]},{"@type":"ImageObject","inLanguage":"sv-SE","@id":"https:\/\/wp.kristdemokraterna.se\/ornskoldsvik\/politik-ornskoldsvik\/#primaryimage","url":"","contentUrl":""},{"@type":"BreadcrumbList","@id":"https:\/\/wp.kristdemokraterna.se\/ornskoldsvik\/politik-ornskoldsvik\/#breadcrumb","itemListElement":[{"@type":"ListItem","position":1,"name":"Hem","item":"https:\/\/wp.kristdemokraterna.se\/ornskoldsvik\/"},{"@type":"ListItem","position":2,"name":"Vad vill vi i v\u00e5r kommun"}]},{"@type":"WebSite","@id":"https:\/\/wp.kristdemokraterna.se\/ornskoldsvik\/#website","url":"https:\/\/wp.kristdemokraterna.se\/ornskoldsvik\/","name":"Kristdemokraterna | \u00d6rnsk\u00f6ldsvik","description":"En till Kristdemokraterna webbplats","inLanguage":"sv-SE"}]}},"_links":{"self":[{"href":"https:\/\/wp.kristdemokraterna.se\/ornskoldsvik\/wp-json\/wp\/v2\/pages\/342","targetHints":{"allow":["GET"]}}],"collection":[{"href":"https:\/\/wp.kristdemokraterna.se\/ornskoldsvik\/wp-json\/wp\/v2\/pages"}],"about":[{"href":"https:\/\/wp.kristdemokraterna.se\/ornskoldsvik\/wp-json\/wp\/v2\/types\/page"}],"author":[{"embeddable":true,"href":"https:\/\/wp.kristdemokraterna.se\/ornskoldsvik\/wp-json\/wp\/v2\/users\/439"}],"replies":[{"embeddable":true,"href":"https:\/\/wp.kristdemokraterna.se\/ornskoldsvik\/wp-json\/wp\/v2\/comments?post=342"}],"version-history":[{"count":10,"href":"https:\/\/wp.kristdemokraterna.se\/ornskoldsvik\/wp-json\/wp\/v2\/pages\/342\/revisions"}],"predecessor-version":[{"id":1285,"href":"https:\/\/wp.kristdemokraterna.se\/ornskoldsvik\/wp-json\/wp\/v2\/pages\/342\/revisions\/1285"}],"wp:featuredmedia":[{"embeddable":true,"href":"https:\/\/wp.kristdemokraterna.se\/ornskoldsvik\/wp-json\/"}],"wp:attachment":[{"href":"https:\/\/wp.kristdemokraterna.se\/ornskoldsvik\/wp-json\/wp\/v2\/media?parent=342"}],"curies":[{"name":"wp","href":"https:\/\/api.w.org\/{rel}","templated":true}]}}