{"id":373,"date":"2026-03-04T16:47:18","date_gmt":"2026-03-04T15:47:18","guid":{"rendered":"https:\/\/wp.kristdemokraterna.se\/ornskoldsvik2\/?page_id=373"},"modified":"2026-04-16T19:41:54","modified_gmt":"2026-04-16T17:41:54","slug":"nara-vard-vasternorrland-solleftea-sjukhus","status":"publish","type":"page","link":"https:\/\/wp.kristdemokraterna.se\/ornskoldsvik\/textsida-fullbredd\/nara-vard-vasternorrland-solleftea-sjukhus\/","title":{"rendered":"V\u00e5r politik i kommunen"},"content":{"rendered":"<p><strong><a href=\"https:\/\/wp.kristdemokraterna.se\/ornskoldsvik\/files\/2021\/04\/pojke-pa-cykel-450x300-1.jpg\"><img loading=\"lazy\" decoding=\"async\" class=\"alignnone size-medium wp-image-559\" src=\"https:\/\/wp.kristdemokraterna.se\/ornskoldsvik\/files\/2021\/04\/pojke-pa-cykel-450x300-1-300x200.jpg\" alt=\"\" width=\"300\" height=\"200\" srcset=\"https:\/\/wp.kristdemokraterna.se\/ornskoldsvik\/files\/2021\/04\/pojke-pa-cykel-450x300-1-300x200.jpg 300w, https:\/\/wp.kristdemokraterna.se\/ornskoldsvik\/files\/2021\/04\/pojke-pa-cykel-450x300-1-370x247.jpg 370w, https:\/\/wp.kristdemokraterna.se\/ornskoldsvik\/files\/2021\/04\/pojke-pa-cykel-450x300-1-280x187.jpg 280w, https:\/\/wp.kristdemokraterna.se\/ornskoldsvik\/files\/2021\/04\/pojke-pa-cykel-450x300-1-340x227.jpg 340w, https:\/\/wp.kristdemokraterna.se\/ornskoldsvik\/files\/2021\/04\/pojke-pa-cykel-450x300-1-200x133.jpg 200w, https:\/\/wp.kristdemokraterna.se\/ornskoldsvik\/files\/2021\/04\/pojke-pa-cykel-450x300-1-84x56.jpg 84w, https:\/\/wp.kristdemokraterna.se\/ornskoldsvik\/files\/2021\/04\/pojke-pa-cykel-450x300-1.jpg 450w\" sizes=\"auto, (max-width: 300px) 100vw, 300px\" \/><\/a><\/strong><\/p>\n<h2 data-section-id=\"1vx0izj\" data-start=\"266\" data-end=\"301\"><span role=\"text\"><strong data-start=\"269\" data-end=\"301\">B\u00e4ttre f\u00f6r barn och familjer<\/strong><\/span><\/h2>\n<p data-start=\"303\" data-end=\"502\">Trygga familjer ger barn goda f\u00f6ruts\u00e4ttningar att klara livets utmaningar. D\u00e4rf\u00f6r vill vi familjes\u00e4kra politiken \u2013 beslut ska alltid ta h\u00e4nsyn till hur de p\u00e5verkar barn, familjer och n\u00e4ra relationer.<\/p>\n<p data-start=\"504\" data-end=\"516\"><strong data-start=\"504\" data-end=\"516\">Vi vill:<\/strong><\/p>\n<ul data-start=\"518\" data-end=\"918\">\n<li data-section-id=\"1667cz2\" data-start=\"518\" data-end=\"578\">Minska barngruppernas storlek i f\u00f6rskolan och p\u00e5 fritids<\/li>\n<li data-section-id=\"118995x\" data-start=\"579\" data-end=\"626\">Ge familjer st\u00f6rre valfrihet i barnomsorgen<\/li>\n<li data-section-id=\"lx7ik3\" data-start=\"627\" data-end=\"708\">Inf\u00f6ra en barnomsorgspeng \u00e4ven f\u00f6r f\u00f6r\u00e4ldrar som sj\u00e4lva tar hand om sina barn<\/li>\n<li data-section-id=\"v7s9ul\" data-start=\"709\" data-end=\"763\">St\u00e4rka st\u00f6det till ekonomiskt utsatta barnfamiljer<\/li>\n<li data-section-id=\"a3gqs3\" data-start=\"764\" data-end=\"849\">G\u00f6ra f\u00f6r\u00e4ldraf\u00f6rs\u00e4kringen mer flexibel s\u00e5 att barn f\u00e5r mer tid med sina f\u00f6r\u00e4ldrar<\/li>\n<li data-section-id=\"tzq934\" data-start=\"850\" data-end=\"918\">Utveckla st\u00f6det till ton\u00e5rsf\u00f6r\u00e4ldrar och s\u00e4ga nej till kvotering<\/li>\n<\/ul>\n<hr data-start=\"920\" data-end=\"923\" \/>\n<h2 data-section-id=\"9itohq\" data-start=\"925\" data-end=\"967\"><span role=\"text\"><strong data-start=\"928\" data-end=\"967\">B\u00e4ttre f\u00f6retagsklimat f\u00f6r fler jobb<\/strong><\/span><\/h2>\n<p data-start=\"969\" data-end=\"1105\">F\u00f6retag och entrepren\u00f6rer skapar jobben. N\u00e4r m\u00e4nniskor v\u00e5gar satsa p\u00e5 id\u00e9er och utveckla verksamheter v\u00e4xer b\u00e5de ekonomin och v\u00e4lf\u00e4rden.<\/p>\n<p data-start=\"1107\" data-end=\"1119\"><strong data-start=\"1107\" data-end=\"1119\">Vi vill:<\/strong><\/p>\n<ul data-start=\"1121\" data-end=\"1464\">\n<li data-section-id=\"zpn29q\" data-start=\"1121\" data-end=\"1175\">F\u00f6renkla f\u00f6r f\u00f6retag att starta, v\u00e4xa och anst\u00e4lla<\/li>\n<li data-section-id=\"1cq09cv\" data-start=\"1176\" data-end=\"1215\">Minska f\u00f6retagens sjukl\u00f6nekostnader<\/li>\n<li data-section-id=\"gva3nx\" data-start=\"1216\" data-end=\"1250\">Utveckla RUT- och ROT-avdragen<\/li>\n<li data-section-id=\"mxagyp\" data-start=\"1251\" data-end=\"1329\">S\u00e4nka skatten p\u00e5 arbete och beh\u00e5lla konkurrenskraftiga villkor f\u00f6r f\u00f6retag<\/li>\n<li data-section-id=\"r7hgzq\" data-start=\"1330\" data-end=\"1368\">St\u00e4rka tryggheten vid arbetsl\u00f6shet<\/li>\n<li data-section-id=\"11o6xnp\" data-start=\"1369\" data-end=\"1464\">Ge unga b\u00e4ttre m\u00f6jligheter att f\u00e5 sitt f\u00f6rsta jobb, bland annat genom l\u00e4rlingsanst\u00e4llningar<\/li>\n<\/ul>\n","protected":false},"excerpt":{"rendered":"<p>B\u00e4ttre f\u00f6r barn och familjer Trygga familjer ger barn goda f\u00f6ruts\u00e4ttningar att klara livets utmaningar. D\u00e4rf\u00f6r vill vi familjes\u00e4kra politiken \u2013 beslut ska alltid ta h\u00e4nsyn till hur de p\u00e5verkar barn, familjer och n\u00e4ra relationer. Vi vill: Minska barngruppernas storlek i f\u00f6rskolan och p\u00e5 fritids Ge familjer st\u00f6rre valfrihet i barnomsorgen Inf\u00f6ra en barnomsorgspeng \u00e4ven <a class=\"read-more-link\" href=\"https:\/\/wp.kristdemokraterna.se\/ornskoldsvik\/textsida-fullbredd\/nara-vard-vasternorrland-solleftea-sjukhus\/\">L\u00e4s mer<\/a><\/p>\n","protected":false},"author":439,"featured_media":714,"parent":272,"menu_order":0,"comment_status":"closed","ping_status":"closed","template":"page.php","meta":{"_acf_changed":false,"footnotes":""},"class_list":["post-373","page","type-page","status-publish","hentry"],"acf":[],"yoast_head":"<!-- This site is optimized with the Yoast SEO plugin v27.4 - https:\/\/yoast.com\/product\/yoast-seo-wordpress\/ -->\n<title>V\u00e5r politik i kommunen - Kristdemokraterna | \u00d6rnsk\u00f6ldsvik<\/title>\n<meta name=\"description\" content=\"Vi vill st\u00e4rka n\u00e4ra v\u00e5rd i V\u00e4sternorrland, korta k\u00f6erna och l\u00e5ta Sollefte\u00e5 sjukhus bli beredskapssjukhus f\u00f6r \u00f6kad trygghet i hela regionen.\" \/>\n<meta name=\"robots\" content=\"index, follow, max-snippet:-1, max-image-preview:large, max-video-preview:-1\" \/>\n<link rel=\"canonical\" href=\"https:\/\/wp.kristdemokraterna.se\/ornskoldsvik\/textsida-fullbredd\/nara-vard-vasternorrland-solleftea-sjukhus\/\" \/>\n<meta property=\"og:locale\" content=\"sv_SE\" \/>\n<meta property=\"og:type\" content=\"article\" \/>\n<meta property=\"og:title\" content=\"V\u00e5r politik i kommunen - Kristdemokraterna | \u00d6rnsk\u00f6ldsvik\" \/>\n<meta property=\"og:description\" content=\"Vi vill st\u00e4rka n\u00e4ra v\u00e5rd i V\u00e4sternorrland, korta k\u00f6erna och l\u00e5ta Sollefte\u00e5 sjukhus bli beredskapssjukhus f\u00f6r \u00f6kad trygghet i hela regionen.\" \/>\n<meta property=\"og:url\" content=\"https:\/\/wp.kristdemokraterna.se\/ornskoldsvik\/textsida-fullbredd\/nara-vard-vasternorrland-solleftea-sjukhus\/\" \/>\n<meta property=\"og:site_name\" content=\"Kristdemokraterna | \u00d6rnsk\u00f6ldsvik\" \/>\n<meta property=\"article:modified_time\" content=\"2026-04-16T17:41:54+00:00\" \/>\n<meta property=\"og:image\" content=\"https:\/\/wp.kristdemokraterna.se\/ornskoldsvik\/files\/2021\/04\/pojke-pa-cykel-450x300-1.jpg\" \/>\n\t<meta property=\"og:image:width\" content=\"450\" \/>\n\t<meta property=\"og:image:height\" content=\"300\" \/>\n\t<meta property=\"og:image:type\" content=\"image\/jpeg\" \/>\n<meta name=\"twitter:card\" content=\"summary_large_image\" \/>\n<meta name=\"twitter:label1\" content=\"Ber\u00e4knad l\u00e4stid\" \/>\n\t<meta name=\"twitter:data1\" content=\"1 minut\" \/>\n<script type=\"application\/ld+json\" class=\"yoast-schema-graph\">{\"@context\":\"https:\\\/\\\/schema.org\",\"@graph\":[{\"@type\":\"WebPage\",\"@id\":\"https:\\\/\\\/wp.kristdemokraterna.se\\\/ornskoldsvik\\\/textsida-fullbredd\\\/nara-vard-vasternorrland-solleftea-sjukhus\\\/\",\"url\":\"https:\\\/\\\/wp.kristdemokraterna.se\\\/ornskoldsvik\\\/textsida-fullbredd\\\/nara-vard-vasternorrland-solleftea-sjukhus\\\/\",\"name\":\"V\u00e5r politik i kommunen - Kristdemokraterna | \u00d6rnsk\u00f6ldsvik\",\"isPartOf\":{\"@id\":\"https:\\\/\\\/wp.kristdemokraterna.se\\\/ornskoldsvik\\\/#website\"},\"primaryImageOfPage\":{\"@id\":\"https:\\\/\\\/wp.kristdemokraterna.se\\\/ornskoldsvik\\\/textsida-fullbredd\\\/nara-vard-vasternorrland-solleftea-sjukhus\\\/#primaryimage\"},\"image\":{\"@id\":\"https:\\\/\\\/wp.kristdemokraterna.se\\\/ornskoldsvik\\\/textsida-fullbredd\\\/nara-vard-vasternorrland-solleftea-sjukhus\\\/#primaryimage\"},\"thumbnailUrl\":\"\",\"datePublished\":\"2026-03-04T15:47:18+00:00\",\"dateModified\":\"2026-04-16T17:41:54+00:00\",\"description\":\"Vi vill st\u00e4rka n\u00e4ra v\u00e5rd i V\u00e4sternorrland, korta k\u00f6erna och l\u00e5ta Sollefte\u00e5 sjukhus bli beredskapssjukhus f\u00f6r \u00f6kad trygghet i hela regionen.\",\"breadcrumb\":{\"@id\":\"https:\\\/\\\/wp.kristdemokraterna.se\\\/ornskoldsvik\\\/textsida-fullbredd\\\/nara-vard-vasternorrland-solleftea-sjukhus\\\/#breadcrumb\"},\"inLanguage\":\"sv-SE\",\"potentialAction\":[{\"@type\":\"ReadAction\",\"target\":[\"https:\\\/\\\/wp.kristdemokraterna.se\\\/ornskoldsvik\\\/textsida-fullbredd\\\/nara-vard-vasternorrland-solleftea-sjukhus\\\/\"]}]},{\"@type\":\"ImageObject\",\"inLanguage\":\"sv-SE\",\"@id\":\"https:\\\/\\\/wp.kristdemokraterna.se\\\/ornskoldsvik\\\/textsida-fullbredd\\\/nara-vard-vasternorrland-solleftea-sjukhus\\\/#primaryimage\",\"url\":\"\",\"contentUrl\":\"\"},{\"@type\":\"BreadcrumbList\",\"@id\":\"https:\\\/\\\/wp.kristdemokraterna.se\\\/ornskoldsvik\\\/textsida-fullbredd\\\/nara-vard-vasternorrland-solleftea-sjukhus\\\/#breadcrumb\",\"itemListElement\":[{\"@type\":\"ListItem\",\"position\":1,\"name\":\"Hem\",\"item\":\"https:\\\/\\\/wp.kristdemokraterna.se\\\/ornskoldsvik\\\/\"},{\"@type\":\"ListItem\",\"position\":2,\"name\":\"Vad vi st\u00e5r f\u00f6r!\",\"item\":\"https:\\\/\\\/wp.kristdemokraterna.se\\\/ornskoldsvik\\\/textsida-fullbredd\\\/\"},{\"@type\":\"ListItem\",\"position\":3,\"name\":\"V\u00e5r politik i kommunen\"}]},{\"@type\":\"WebSite\",\"@id\":\"https:\\\/\\\/wp.kristdemokraterna.se\\\/ornskoldsvik\\\/#website\",\"url\":\"https:\\\/\\\/wp.kristdemokraterna.se\\\/ornskoldsvik\\\/\",\"name\":\"Kristdemokraterna | \u00d6rnsk\u00f6ldsvik\",\"description\":\"En till Kristdemokraterna webbplats\",\"inLanguage\":\"sv-SE\"}]}<\/script>\n<!-- \/ Yoast SEO plugin. -->","yoast_head_json":{"title":"V\u00e5r politik i kommunen - Kristdemokraterna | \u00d6rnsk\u00f6ldsvik","description":"Vi vill st\u00e4rka n\u00e4ra v\u00e5rd i V\u00e4sternorrland, korta k\u00f6erna och l\u00e5ta Sollefte\u00e5 sjukhus bli beredskapssjukhus f\u00f6r \u00f6kad trygghet i hela regionen.","robots":{"index":"index","follow":"follow","max-snippet":"max-snippet:-1","max-image-preview":"max-image-preview:large","max-video-preview":"max-video-preview:-1"},"canonical":"https:\/\/wp.kristdemokraterna.se\/ornskoldsvik\/textsida-fullbredd\/nara-vard-vasternorrland-solleftea-sjukhus\/","og_locale":"sv_SE","og_type":"article","og_title":"V\u00e5r politik i kommunen - Kristdemokraterna | \u00d6rnsk\u00f6ldsvik","og_description":"Vi vill st\u00e4rka n\u00e4ra v\u00e5rd i V\u00e4sternorrland, korta k\u00f6erna och l\u00e5ta Sollefte\u00e5 sjukhus bli beredskapssjukhus f\u00f6r \u00f6kad trygghet i hela regionen.","og_url":"https:\/\/wp.kristdemokraterna.se\/ornskoldsvik\/textsida-fullbredd\/nara-vard-vasternorrland-solleftea-sjukhus\/","og_site_name":"Kristdemokraterna | \u00d6rnsk\u00f6ldsvik","article_modified_time":"2026-04-16T17:41:54+00:00","og_image":[{"width":450,"height":300,"url":"https:\/\/wp.kristdemokraterna.se\/ornskoldsvik\/files\/2021\/04\/pojke-pa-cykel-450x300-1.jpg","type":"image\/jpeg"}],"twitter_card":"summary_large_image","twitter_misc":{"Ber\u00e4knad l\u00e4stid":"1 minut"},"schema":{"@context":"https:\/\/schema.org","@graph":[{"@type":"WebPage","@id":"https:\/\/wp.kristdemokraterna.se\/ornskoldsvik\/textsida-fullbredd\/nara-vard-vasternorrland-solleftea-sjukhus\/","url":"https:\/\/wp.kristdemokraterna.se\/ornskoldsvik\/textsida-fullbredd\/nara-vard-vasternorrland-solleftea-sjukhus\/","name":"V\u00e5r politik i kommunen - Kristdemokraterna | \u00d6rnsk\u00f6ldsvik","isPartOf":{"@id":"https:\/\/wp.kristdemokraterna.se\/ornskoldsvik\/#website"},"primaryImageOfPage":{"@id":"https:\/\/wp.kristdemokraterna.se\/ornskoldsvik\/textsida-fullbredd\/nara-vard-vasternorrland-solleftea-sjukhus\/#primaryimage"},"image":{"@id":"https:\/\/wp.kristdemokraterna.se\/ornskoldsvik\/textsida-fullbredd\/nara-vard-vasternorrland-solleftea-sjukhus\/#primaryimage"},"thumbnailUrl":"","datePublished":"2026-03-04T15:47:18+00:00","dateModified":"2026-04-16T17:41:54+00:00","description":"Vi vill st\u00e4rka n\u00e4ra v\u00e5rd i V\u00e4sternorrland, korta k\u00f6erna och l\u00e5ta Sollefte\u00e5 sjukhus bli beredskapssjukhus f\u00f6r \u00f6kad trygghet i hela regionen.","breadcrumb":{"@id":"https:\/\/wp.kristdemokraterna.se\/ornskoldsvik\/textsida-fullbredd\/nara-vard-vasternorrland-solleftea-sjukhus\/#breadcrumb"},"inLanguage":"sv-SE","potentialAction":[{"@type":"ReadAction","target":["https:\/\/wp.kristdemokraterna.se\/ornskoldsvik\/textsida-fullbredd\/nara-vard-vasternorrland-solleftea-sjukhus\/"]}]},{"@type":"ImageObject","inLanguage":"sv-SE","@id":"https:\/\/wp.kristdemokraterna.se\/ornskoldsvik\/textsida-fullbredd\/nara-vard-vasternorrland-solleftea-sjukhus\/#primaryimage","url":"","contentUrl":""},{"@type":"BreadcrumbList","@id":"https:\/\/wp.kristdemokraterna.se\/ornskoldsvik\/textsida-fullbredd\/nara-vard-vasternorrland-solleftea-sjukhus\/#breadcrumb","itemListElement":[{"@type":"ListItem","position":1,"name":"Hem","item":"https:\/\/wp.kristdemokraterna.se\/ornskoldsvik\/"},{"@type":"ListItem","position":2,"name":"Vad vi st\u00e5r f\u00f6r!","item":"https:\/\/wp.kristdemokraterna.se\/ornskoldsvik\/textsida-fullbredd\/"},{"@type":"ListItem","position":3,"name":"V\u00e5r politik i kommunen"}]},{"@type":"WebSite","@id":"https:\/\/wp.kristdemokraterna.se\/ornskoldsvik\/#website","url":"https:\/\/wp.kristdemokraterna.se\/ornskoldsvik\/","name":"Kristdemokraterna | \u00d6rnsk\u00f6ldsvik","description":"En till Kristdemokraterna webbplats","inLanguage":"sv-SE"}]}},"_links":{"self":[{"href":"https:\/\/wp.kristdemokraterna.se\/ornskoldsvik\/wp-json\/wp\/v2\/pages\/373","targetHints":{"allow":["GET"]}}],"collection":[{"href":"https:\/\/wp.kristdemokraterna.se\/ornskoldsvik\/wp-json\/wp\/v2\/pages"}],"about":[{"href":"https:\/\/wp.kristdemokraterna.se\/ornskoldsvik\/wp-json\/wp\/v2\/types\/page"}],"author":[{"embeddable":true,"href":"https:\/\/wp.kristdemokraterna.se\/ornskoldsvik\/wp-json\/wp\/v2\/users\/439"}],"replies":[{"embeddable":true,"href":"https:\/\/wp.kristdemokraterna.se\/ornskoldsvik\/wp-json\/wp\/v2\/comments?post=373"}],"version-history":[{"count":5,"href":"https:\/\/wp.kristdemokraterna.se\/ornskoldsvik\/wp-json\/wp\/v2\/pages\/373\/revisions"}],"predecessor-version":[{"id":1269,"href":"https:\/\/wp.kristdemokraterna.se\/ornskoldsvik\/wp-json\/wp\/v2\/pages\/373\/revisions\/1269"}],"up":[{"embeddable":true,"href":"https:\/\/wp.kristdemokraterna.se\/ornskoldsvik\/wp-json\/wp\/v2\/pages\/272"}],"wp:featuredmedia":[{"embeddable":true,"href":"https:\/\/wp.kristdemokraterna.se\/ornskoldsvik\/wp-json\/"}],"wp:attachment":[{"href":"https:\/\/wp.kristdemokraterna.se\/ornskoldsvik\/wp-json\/wp\/v2\/media?parent=373"}],"curies":[{"name":"wp","href":"https:\/\/api.w.org\/{rel}","templated":true}]}}