{"id":265,"date":"2017-11-29T16:47:40","date_gmt":"2017-11-29T15:47:40","guid":{"rendered":"https:\/\/wp.kristdemokraterna.se\/orust\/?page_id=265"},"modified":"2022-08-09T09:48:43","modified_gmt":"2022-08-09T07:48:43","slug":"startsida","status":"publish","type":"page","link":"https:\/\/wp.kristdemokraterna.se\/orust\/","title":{"rendered":"Startsida"},"content":{"rendered":"<p><a href=\"https:\/\/wp.kristdemokraterna.se\/orust\/files\/2022\/06\/0.jpg\"><img loading=\"lazy\" decoding=\"async\" class=\"alignnone size-medium wp-image-546\" src=\"https:\/\/wp.kristdemokraterna.se\/orust\/files\/2022\/06\/0-300x195.jpg\" alt=\"\" width=\"300\" height=\"195\" srcset=\"https:\/\/wp.kristdemokraterna.se\/orust\/files\/2022\/06\/0-300x195.jpg 300w, https:\/\/wp.kristdemokraterna.se\/orust\/files\/2022\/06\/0-1024x665.jpg 1024w, https:\/\/wp.kristdemokraterna.se\/orust\/files\/2022\/06\/0-768x499.jpg 768w, https:\/\/wp.kristdemokraterna.se\/orust\/files\/2022\/06\/0-308x200.jpg 308w, https:\/\/wp.kristdemokraterna.se\/orust\/files\/2022\/06\/0-370x240.jpg 370w, https:\/\/wp.kristdemokraterna.se\/orust\/files\/2022\/06\/0-770x500.jpg 770w, https:\/\/wp.kristdemokraterna.se\/orust\/files\/2022\/06\/0-450x292.jpg 450w, https:\/\/wp.kristdemokraterna.se\/orust\/files\/2022\/06\/0-280x182.jpg 280w, https:\/\/wp.kristdemokraterna.se\/orust\/files\/2022\/06\/0-340x221.jpg 340w, https:\/\/wp.kristdemokraterna.se\/orust\/files\/2022\/06\/0-200x130.jpg 200w, https:\/\/wp.kristdemokraterna.se\/orust\/files\/2022\/06\/0-86x56.jpg 86w, https:\/\/wp.kristdemokraterna.se\/orust\/files\/2022\/06\/0.jpg 1064w\" sizes=\"auto, (max-width: 300px) 100vw, 300px\" \/><\/a><\/p>\n<p>Kristdemokraterna Orust \u00e4r Redo att:<\/p>\n<ol>\n<li>Arbeta f\u00f6r att v\u00e5rden skall ha de resurser som kr\u00e4vs f\u00f6r att s\u00e5v\u00e4l anst\u00e4llda<br \/>\nsom v\u00e5rdtagare skall trivas.<\/li>\n<li>Rusta v\u00e5ra ungdomar f\u00f6r framtiden genom bra skolor, h\u00f6g trygghet och en positiv framtidstro.<\/li>\n<li>F\u00f6rb\u00e4ttra b\u00f6nders och f\u00f6retagares m\u00f6jligheter att s\u00e4kra lokal<br \/>\nmatproduktion och arbetstillf\u00e4llen p\u00e5 Orust.<\/li>\n<\/ol>\n","protected":false},"excerpt":{"rendered":"<p>Kristdemokraterna Orust \u00e4r Redo att: Arbeta f\u00f6r att v\u00e5rden skall ha de resurser som kr\u00e4vs f\u00f6r att s\u00e5v\u00e4l anst\u00e4llda som v\u00e5rdtagare skall trivas. Rusta v\u00e5ra ungdomar f\u00f6r framtiden genom bra skolor, h\u00f6g trygghet och en positiv framtidstro. F\u00f6rb\u00e4ttra b\u00f6nders och f\u00f6retagares m\u00f6jligheter att s\u00e4kra lokal matproduktion och arbetstillf\u00e4llen p\u00e5 Orust.<\/p>\n","protected":false},"author":493,"featured_media":714,"parent":0,"menu_order":0,"comment_status":"closed","ping_status":"closed","template":"index.php","meta":{"_acf_changed":false,"footnotes":""},"class_list":["post-265","page","type-page","status-publish","hentry"],"acf":[],"yoast_head":"<!-- This site is optimized with the Yoast SEO plugin v27.3 - https:\/\/yoast.com\/product\/yoast-seo-wordpress\/ -->\n<title>Startsida - Kristdemokraterna | Orust<\/title>\n<meta name=\"robots\" content=\"index, follow, max-snippet:-1, max-image-preview:large, max-video-preview:-1\" \/>\n<link rel=\"canonical\" href=\"https:\/\/wp.kristdemokraterna.se\/orust\/\" \/>\n<meta property=\"og:locale\" content=\"sv_SE\" \/>\n<meta property=\"og:type\" content=\"article\" \/>\n<meta property=\"og:title\" content=\"Startsida - Kristdemokraterna | Orust\" \/>\n<meta property=\"og:description\" content=\"Kristdemokraterna Orust \u00e4r Redo att: Arbeta f\u00f6r att v\u00e5rden skall ha de resurser som kr\u00e4vs f\u00f6r att s\u00e5v\u00e4l anst\u00e4llda som v\u00e5rdtagare skall trivas. Rusta v\u00e5ra ungdomar f\u00f6r framtiden genom bra skolor, h\u00f6g trygghet och en positiv framtidstro. F\u00f6rb\u00e4ttra b\u00f6nders och f\u00f6retagares m\u00f6jligheter att s\u00e4kra lokal matproduktion och arbetstillf\u00e4llen p\u00e5 Orust.\" \/>\n<meta property=\"og:url\" content=\"https:\/\/wp.kristdemokraterna.se\/orust\/\" \/>\n<meta property=\"og:site_name\" content=\"Kristdemokraterna | Orust\" \/>\n<meta property=\"article:modified_time\" content=\"2022-08-09T07:48:43+00:00\" \/>\n<meta property=\"og:image\" content=\"https:\/\/wp.kristdemokraterna.se\/orust\/files\/2022\/06\/0-300x195.jpg\" \/>\n<meta name=\"twitter:card\" content=\"summary_large_image\" \/>\n<meta name=\"twitter:label1\" content=\"Ber\u00e4knad l\u00e4stid\" \/>\n\t<meta name=\"twitter:data1\" content=\"1 minut\" \/>\n<script type=\"application\/ld+json\" class=\"yoast-schema-graph\">{\"@context\":\"https:\\\/\\\/schema.org\",\"@graph\":[{\"@type\":\"WebPage\",\"@id\":\"https:\\\/\\\/wp.kristdemokraterna.se\\\/orust\\\/\",\"url\":\"https:\\\/\\\/wp.kristdemokraterna.se\\\/orust\\\/\",\"name\":\"Startsida - Kristdemokraterna | Orust\",\"isPartOf\":{\"@id\":\"https:\\\/\\\/wp.kristdemokraterna.se\\\/orust\\\/#website\"},\"primaryImageOfPage\":{\"@id\":\"https:\\\/\\\/wp.kristdemokraterna.se\\\/orust\\\/#primaryimage\"},\"image\":{\"@id\":\"https:\\\/\\\/wp.kristdemokraterna.se\\\/orust\\\/#primaryimage\"},\"thumbnailUrl\":\"\",\"datePublished\":\"2017-11-29T15:47:40+00:00\",\"dateModified\":\"2022-08-09T07:48:43+00:00\",\"breadcrumb\":{\"@id\":\"https:\\\/\\\/wp.kristdemokraterna.se\\\/orust\\\/#breadcrumb\"},\"inLanguage\":\"sv-SE\",\"potentialAction\":[{\"@type\":\"ReadAction\",\"target\":[\"https:\\\/\\\/wp.kristdemokraterna.se\\\/orust\\\/\"]}]},{\"@type\":\"ImageObject\",\"inLanguage\":\"sv-SE\",\"@id\":\"https:\\\/\\\/wp.kristdemokraterna.se\\\/orust\\\/#primaryimage\",\"url\":\"\",\"contentUrl\":\"\"},{\"@type\":\"BreadcrumbList\",\"@id\":\"https:\\\/\\\/wp.kristdemokraterna.se\\\/orust\\\/#breadcrumb\",\"itemListElement\":[{\"@type\":\"ListItem\",\"position\":1,\"name\":\"Hem\",\"item\":\"https:\\\/\\\/wp.kristdemokraterna.se\\\/orust\\\/\"},{\"@type\":\"ListItem\",\"position\":2,\"name\":\"Startsida\"}]},{\"@type\":\"WebSite\",\"@id\":\"https:\\\/\\\/wp.kristdemokraterna.se\\\/orust\\\/#website\",\"url\":\"https:\\\/\\\/wp.kristdemokraterna.se\\\/orust\\\/\",\"name\":\"Kristdemokraterna | Orust\",\"description\":\"En till Kristdemokraterna webbplats\",\"inLanguage\":\"sv-SE\"}]}<\/script>\n<!-- \/ Yoast SEO plugin. -->","yoast_head_json":{"title":"Startsida - Kristdemokraterna | Orust","robots":{"index":"index","follow":"follow","max-snippet":"max-snippet:-1","max-image-preview":"max-image-preview:large","max-video-preview":"max-video-preview:-1"},"canonical":"https:\/\/wp.kristdemokraterna.se\/orust\/","og_locale":"sv_SE","og_type":"article","og_title":"Startsida - Kristdemokraterna | Orust","og_description":"Kristdemokraterna Orust \u00e4r Redo att: Arbeta f\u00f6r att v\u00e5rden skall ha de resurser som kr\u00e4vs f\u00f6r att s\u00e5v\u00e4l anst\u00e4llda som v\u00e5rdtagare skall trivas. Rusta v\u00e5ra ungdomar f\u00f6r framtiden genom bra skolor, h\u00f6g trygghet och en positiv framtidstro. F\u00f6rb\u00e4ttra b\u00f6nders och f\u00f6retagares m\u00f6jligheter att s\u00e4kra lokal matproduktion och arbetstillf\u00e4llen p\u00e5 Orust.","og_url":"https:\/\/wp.kristdemokraterna.se\/orust\/","og_site_name":"Kristdemokraterna | Orust","article_modified_time":"2022-08-09T07:48:43+00:00","og_image":[{"url":"https:\/\/wp.kristdemokraterna.se\/orust\/files\/2022\/06\/0-300x195.jpg","type":"","width":"","height":""}],"twitter_card":"summary_large_image","twitter_misc":{"Ber\u00e4knad l\u00e4stid":"1 minut"},"schema":{"@context":"https:\/\/schema.org","@graph":[{"@type":"WebPage","@id":"https:\/\/wp.kristdemokraterna.se\/orust\/","url":"https:\/\/wp.kristdemokraterna.se\/orust\/","name":"Startsida - Kristdemokraterna | Orust","isPartOf":{"@id":"https:\/\/wp.kristdemokraterna.se\/orust\/#website"},"primaryImageOfPage":{"@id":"https:\/\/wp.kristdemokraterna.se\/orust\/#primaryimage"},"image":{"@id":"https:\/\/wp.kristdemokraterna.se\/orust\/#primaryimage"},"thumbnailUrl":"","datePublished":"2017-11-29T15:47:40+00:00","dateModified":"2022-08-09T07:48:43+00:00","breadcrumb":{"@id":"https:\/\/wp.kristdemokraterna.se\/orust\/#breadcrumb"},"inLanguage":"sv-SE","potentialAction":[{"@type":"ReadAction","target":["https:\/\/wp.kristdemokraterna.se\/orust\/"]}]},{"@type":"ImageObject","inLanguage":"sv-SE","@id":"https:\/\/wp.kristdemokraterna.se\/orust\/#primaryimage","url":"","contentUrl":""},{"@type":"BreadcrumbList","@id":"https:\/\/wp.kristdemokraterna.se\/orust\/#breadcrumb","itemListElement":[{"@type":"ListItem","position":1,"name":"Hem","item":"https:\/\/wp.kristdemokraterna.se\/orust\/"},{"@type":"ListItem","position":2,"name":"Startsida"}]},{"@type":"WebSite","@id":"https:\/\/wp.kristdemokraterna.se\/orust\/#website","url":"https:\/\/wp.kristdemokraterna.se\/orust\/","name":"Kristdemokraterna | Orust","description":"En till Kristdemokraterna webbplats","inLanguage":"sv-SE"}]}},"_links":{"self":[{"href":"https:\/\/wp.kristdemokraterna.se\/orust\/wp-json\/wp\/v2\/pages\/265","targetHints":{"allow":["GET"]}}],"collection":[{"href":"https:\/\/wp.kristdemokraterna.se\/orust\/wp-json\/wp\/v2\/pages"}],"about":[{"href":"https:\/\/wp.kristdemokraterna.se\/orust\/wp-json\/wp\/v2\/types\/page"}],"author":[{"embeddable":true,"href":"https:\/\/wp.kristdemokraterna.se\/orust\/wp-json\/wp\/v2\/users\/493"}],"replies":[{"embeddable":true,"href":"https:\/\/wp.kristdemokraterna.se\/orust\/wp-json\/wp\/v2\/comments?post=265"}],"version-history":[{"count":61,"href":"https:\/\/wp.kristdemokraterna.se\/orust\/wp-json\/wp\/v2\/pages\/265\/revisions"}],"predecessor-version":[{"id":591,"href":"https:\/\/wp.kristdemokraterna.se\/orust\/wp-json\/wp\/v2\/pages\/265\/revisions\/591"}],"wp:featuredmedia":[{"embeddable":true,"href":"https:\/\/wp.kristdemokraterna.se\/orust\/wp-json\/"}],"wp:attachment":[{"href":"https:\/\/wp.kristdemokraterna.se\/orust\/wp-json\/wp\/v2\/media?parent=265"}],"curies":[{"name":"wp","href":"https:\/\/api.w.org\/{rel}","templated":true}]}}