{"id":272,"date":"2017-11-29T16:49:10","date_gmt":"2017-11-29T15:49:10","guid":{"rendered":"https:\/\/wp.kristdemokraterna.se\/orust\/?page_id=272"},"modified":"2018-01-22T15:15:02","modified_gmt":"2018-01-22T14:15:02","slug":"textsida-fullbredd","status":"publish","type":"page","link":"https:\/\/wp.kristdemokraterna.se\/orust\/textsida-fullbredd\/","title":{"rendered":"Vad vi st\u00e5r f\u00f6r!"},"content":{"rendered":"<div class=\"o-grid__item u-2\/3@md-up\">\n<div class=\"o-section u-soft--top\">\n<div class=\"u-3\/4@sm-up u-1\/1@md-up\">\n<article>\n<div id=\"print\">\n<h2><\/h2>\n<p><strong>Kristdemokraterna \u00e4r en del av den stora internationella kristdemokratin, v\u00e4rldens n\u00e4st st\u00f6rsta politiska r\u00f6relse. Kristdemokrati st\u00e5r f\u00f6r demokrati byggd p\u00e5 kristen m\u00e4nniskosyn och v\u00e4rdegrund.\u00a0Vi s\u00e4tter m\u00e4nniskov\u00e4rdet och familjen h\u00f6gt, och motarbetar alla former av totalitarism. Alla som delar v\u00e5ra id\u00e9er \u00e4r v\u00e4lkomna i partiet.<\/strong><\/p>\n<p><strong><a href=\"https:\/\/www.kd.nu\/principprogram\">L\u00e4s Kristdemokraternas principprogram 2015<\/a><\/strong><\/p>\n<h3>V\u00e5r m\u00e4nniskosyn<\/h3>\n<p>Varje m\u00e4nniska \u00e4r ett m\u00e5l i sig. Ingen annan m\u00e4nniska f\u00e5r \u00e4ga henne eller p\u00e5 ett kr\u00e4nkande s\u00e4tt utnyttja henne. Varje m\u00e4nniska \u00e4r unik, men beh\u00f6ver gemenskap med andra f\u00f6r att leva och utvecklas. M\u00e4nniskan har s\u00e5v\u00e4l kroppsliga och sj\u00e4lsliga som andliga behov. Det kristdemokratiska samh\u00e4llsarbetet tar d\u00e4rf\u00f6r sin utg\u00e5ngspunkt i m\u00e4nniskans helhet och betonar m\u00e4nniskans behov av gemenskap. Den viktigaste gemenskapen \u00e4r familjen. I denna lilla grupp f\u00e5r familjemedlemmarna m\u00f6jlighet att m\u00f6ta k\u00e4rlek, omtanke och f\u00f6rst\u00e5else, men ocks\u00e5 att st\u00e4llas inf\u00f6r krav och ta ansvar.<\/p>\n<h3>Ingen \u00e4r perfekt, alla kan g\u00f6ra fel<\/h3>\n<p>M\u00e4nniskan \u00e4r f\u00f6rnuftig och kan v\u00e4lja mellan att g\u00f6ra bra och d\u00e5liga handlingar, och hon \u00e4r ansvarig f\u00f6r sina egna handlingar. Vi kan g\u00f6ra gott, men en snabb titt i v\u00e5r omv\u00e4rld och bak\u00e5t i historien visar att vi ocks\u00e5 kan st\u00e4lla till med mycket ont. Vi \u00e4r ofullkomliga. Insikten om denna ofullkomlighet g\u00f6r att vi exempelvis efterstr\u00e4var maktdelning f\u00f6r att inte enskilda m\u00e4nniskor eller grupper ska f\u00e5 alltf\u00f6r mycket makt och den ger oss \u00f6dmjukhet inf\u00f6r den egna politiska insatsen. Kristdemokraterna tror inte heller att det g\u00e5r att bygga det perfekta lyckoriket h\u00e4r p\u00e5 jorden. Ofullkomlighetstanken g\u00f6r ocks\u00e5 att vi inser att alla kan g\u00f6ra fel, och att alla f\u00f6rtj\u00e4nar en andra chans.<\/p>\n<h3>Med ansvar f\u00f6r framtiden<\/h3>\n<p>Vi har ett ansvar att bruka och bevara, i st\u00e4llet f\u00f6r att slita, sl\u00e4nga och f\u00f6rbruka. Allt vi g\u00f6r p\u00e5verkar b\u00e5de samtid och efterkommande. Det g\u00e4ller samh\u00e4llets alla omr\u00e5den, men kanske framf\u00f6r allt synen p\u00e5 samh\u00e4llsekonomin och milj\u00f6n. Kristdemokraterna v\u00e4nder sig emot de avigsidor i konsumtionssamh\u00e4llet som lett till en materialistiskt inspirerad slit- och sl\u00e4ngfilosofi. Det har hittills lett till en oansvarig hush\u00e5llning med f\u00f6rgiftning av luft, vatten och mark som f\u00f6ljd.<\/p>\n<h3>R\u00e4tt beslut p\u00e5 r\u00e4tt niv\u00e5<\/h3>\n<p>Kristdemokraterna efterstr\u00e4var att beslut ska fattas p\u00e5 l\u00e4gsta m\u00f6jliga \u00e4ndam\u00e5lsenliga niv\u00e5. Det familjen kan best\u00e4mma p\u00e5 egen hand, ska inte kommunerna l\u00e4gga sig i. Det kommunerna klarar p\u00e5 egen hand f\u00e5r inte bli en fr\u00e5ga f\u00f6r riksdag och regering. P\u00e5 samma s\u00e4tt ska inte EU styra det Sverige p\u00e5 mest \u00e4ndam\u00e5lsenliga och b\u00e4sta s\u00e4tt kan sk\u00f6ta sj\u00e4lv. Det kallas subsidiaritetsprincipen och oftast inneb\u00e4r subsidiariteten decentralisering, men ibland kan den medf\u00f6ra att beslut flyttas till en h\u00f6gre niv\u00e5. De stora milj\u00f6problemen bek\u00e4mpas exempelvis b\u00e4st p\u00e5 europeisk- och internationell niv\u00e5.<\/p>\n<h3>Den gyllene regeln<\/h3>\n<p>Solidaritet kan definieras som den medm\u00e4nsklighet och k\u00e4rlek, som utg\u00e5r fr\u00e5n den gyllene regeln \u2013 allt vad du vill att m\u00e4nniskor ska g\u00f6ra mot dig ska du ocks\u00e5 g\u00f6ra mot dem. Vi vill v\u00e4rna alla m\u00e4nniskors liv, frihet och v\u00e4rdighet, oavsett geografiskt avst\u00e5nd. Vi vill solidarisera oss med de svaga och f\u00f6rtryckta, str\u00e4va efter social r\u00e4ttvisa, utj\u00e4mna strukturella or\u00e4ttvisor och skapa en r\u00e4ttvis f\u00f6rdelning av samh\u00e4llets goda. Alla r\u00e4knas och omfattas av samh\u00e4llsgemenskapen. Detta kallar vi f\u00f6r solidaritetsprincipen.<\/p>\n<\/div>\n<div class=\"c-section-collapse__title\"><\/div>\n<\/article>\n<\/div>\n<\/div>\n<\/div>\n<div class=\"o-grid__item u-1\/3@md-up\">\n<div class=\"u-soft--right@md-up\">\n<div class=\"c-bleed-background c-bleed-background--left o-section u-hard--bottom u-bg-epsilon u-soft--top u-fill-height u-hard--top@md-down u-push-half--right@lg-up\"><\/div>\n<\/div>\n<\/div>\n","protected":false},"excerpt":{"rendered":"<p>Kristdemokraterna \u00e4r en del av den stora internationella kristdemokratin, v\u00e4rldens n\u00e4st st\u00f6rsta politiska r\u00f6relse. Kristdemokrati st\u00e5r f\u00f6r demokrati byggd p\u00e5 kristen m\u00e4nniskosyn och v\u00e4rdegrund.\u00a0Vi s\u00e4tter m\u00e4nniskov\u00e4rdet och familjen h\u00f6gt, och motarbetar alla former av totalitarism. Alla som delar v\u00e5ra id\u00e9er \u00e4r v\u00e4lkomna i partiet. L\u00e4s Kristdemokraternas principprogram 2015 V\u00e5r m\u00e4nniskosyn Varje m\u00e4nniska \u00e4r ett m\u00e5l <a class=\"read-more-link\" href=\"https:\/\/wp.kristdemokraterna.se\/orust\/textsida-fullbredd\/\">L\u00e4s mer<\/a><\/p>\n","protected":false},"author":493,"featured_media":714,"parent":0,"menu_order":0,"comment_status":"closed","ping_status":"closed","template":"page-full.php","meta":{"_acf_changed":false,"footnotes":""},"class_list":["post-272","page","type-page","status-publish","hentry"],"acf":[],"yoast_head":"<!-- This site is optimized with the Yoast SEO plugin v27.3 - https:\/\/yoast.com\/product\/yoast-seo-wordpress\/ -->\n<title>Vad vi st\u00e5r f\u00f6r! - Kristdemokraterna | Orust<\/title>\n<meta name=\"robots\" content=\"index, follow, max-snippet:-1, max-image-preview:large, max-video-preview:-1\" \/>\n<link rel=\"canonical\" href=\"https:\/\/wp.kristdemokraterna.se\/orust\/textsida-fullbredd\/\" \/>\n<meta property=\"og:locale\" content=\"sv_SE\" \/>\n<meta property=\"og:type\" content=\"article\" \/>\n<meta property=\"og:title\" content=\"Vad vi st\u00e5r f\u00f6r! - Kristdemokraterna | Orust\" \/>\n<meta property=\"og:description\" content=\"Kristdemokraterna \u00e4r en del av den stora internationella kristdemokratin, v\u00e4rldens n\u00e4st st\u00f6rsta politiska r\u00f6relse. Kristdemokrati st\u00e5r f\u00f6r demokrati byggd p\u00e5 kristen m\u00e4nniskosyn och v\u00e4rdegrund.\u00a0Vi s\u00e4tter m\u00e4nniskov\u00e4rdet och familjen h\u00f6gt, och motarbetar alla former av totalitarism. Alla som delar v\u00e5ra id\u00e9er \u00e4r v\u00e4lkomna i partiet. L\u00e4s Kristdemokraternas principprogram 2015 V\u00e5r m\u00e4nniskosyn Varje m\u00e4nniska \u00e4r ett m\u00e5l L\u00e4s mer\" \/>\n<meta property=\"og:url\" content=\"https:\/\/wp.kristdemokraterna.se\/orust\/textsida-fullbredd\/\" \/>\n<meta property=\"og:site_name\" content=\"Kristdemokraterna | Orust\" \/>\n<meta property=\"article:modified_time\" content=\"2018-01-22T14:15:02+00:00\" \/>\n<meta name=\"twitter:card\" content=\"summary_large_image\" \/>\n<meta name=\"twitter:label1\" content=\"Ber\u00e4knad l\u00e4stid\" \/>\n\t<meta name=\"twitter:data1\" content=\"3 minuter\" \/>\n<script type=\"application\/ld+json\" class=\"yoast-schema-graph\">{\"@context\":\"https:\\\/\\\/schema.org\",\"@graph\":[{\"@type\":\"WebPage\",\"@id\":\"https:\\\/\\\/wp.kristdemokraterna.se\\\/orust\\\/textsida-fullbredd\\\/\",\"url\":\"https:\\\/\\\/wp.kristdemokraterna.se\\\/orust\\\/textsida-fullbredd\\\/\",\"name\":\"Vad vi st\u00e5r f\u00f6r! - Kristdemokraterna | Orust\",\"isPartOf\":{\"@id\":\"https:\\\/\\\/wp.kristdemokraterna.se\\\/orust\\\/#website\"},\"primaryImageOfPage\":{\"@id\":\"https:\\\/\\\/wp.kristdemokraterna.se\\\/orust\\\/textsida-fullbredd\\\/#primaryimage\"},\"image\":{\"@id\":\"https:\\\/\\\/wp.kristdemokraterna.se\\\/orust\\\/textsida-fullbredd\\\/#primaryimage\"},\"thumbnailUrl\":\"\",\"datePublished\":\"2017-11-29T15:49:10+00:00\",\"dateModified\":\"2018-01-22T14:15:02+00:00\",\"breadcrumb\":{\"@id\":\"https:\\\/\\\/wp.kristdemokraterna.se\\\/orust\\\/textsida-fullbredd\\\/#breadcrumb\"},\"inLanguage\":\"sv-SE\",\"potentialAction\":[{\"@type\":\"ReadAction\",\"target\":[\"https:\\\/\\\/wp.kristdemokraterna.se\\\/orust\\\/textsida-fullbredd\\\/\"]}]},{\"@type\":\"ImageObject\",\"inLanguage\":\"sv-SE\",\"@id\":\"https:\\\/\\\/wp.kristdemokraterna.se\\\/orust\\\/textsida-fullbredd\\\/#primaryimage\",\"url\":\"\",\"contentUrl\":\"\"},{\"@type\":\"BreadcrumbList\",\"@id\":\"https:\\\/\\\/wp.kristdemokraterna.se\\\/orust\\\/textsida-fullbredd\\\/#breadcrumb\",\"itemListElement\":[{\"@type\":\"ListItem\",\"position\":1,\"name\":\"Hem\",\"item\":\"https:\\\/\\\/wp.kristdemokraterna.se\\\/orust\\\/\"},{\"@type\":\"ListItem\",\"position\":2,\"name\":\"Vad vi st\u00e5r f\u00f6r!\"}]},{\"@type\":\"WebSite\",\"@id\":\"https:\\\/\\\/wp.kristdemokraterna.se\\\/orust\\\/#website\",\"url\":\"https:\\\/\\\/wp.kristdemokraterna.se\\\/orust\\\/\",\"name\":\"Kristdemokraterna | Orust\",\"description\":\"En till Kristdemokraterna webbplats\",\"inLanguage\":\"sv-SE\"}]}<\/script>\n<!-- \/ Yoast SEO plugin. -->","yoast_head_json":{"title":"Vad vi st\u00e5r f\u00f6r! - Kristdemokraterna | Orust","robots":{"index":"index","follow":"follow","max-snippet":"max-snippet:-1","max-image-preview":"max-image-preview:large","max-video-preview":"max-video-preview:-1"},"canonical":"https:\/\/wp.kristdemokraterna.se\/orust\/textsida-fullbredd\/","og_locale":"sv_SE","og_type":"article","og_title":"Vad vi st\u00e5r f\u00f6r! - Kristdemokraterna | Orust","og_description":"Kristdemokraterna \u00e4r en del av den stora internationella kristdemokratin, v\u00e4rldens n\u00e4st st\u00f6rsta politiska r\u00f6relse. Kristdemokrati st\u00e5r f\u00f6r demokrati byggd p\u00e5 kristen m\u00e4nniskosyn och v\u00e4rdegrund.\u00a0Vi s\u00e4tter m\u00e4nniskov\u00e4rdet och familjen h\u00f6gt, och motarbetar alla former av totalitarism. Alla som delar v\u00e5ra id\u00e9er \u00e4r v\u00e4lkomna i partiet. L\u00e4s Kristdemokraternas principprogram 2015 V\u00e5r m\u00e4nniskosyn Varje m\u00e4nniska \u00e4r ett m\u00e5l L\u00e4s mer","og_url":"https:\/\/wp.kristdemokraterna.se\/orust\/textsida-fullbredd\/","og_site_name":"Kristdemokraterna | Orust","article_modified_time":"2018-01-22T14:15:02+00:00","twitter_card":"summary_large_image","twitter_misc":{"Ber\u00e4knad l\u00e4stid":"3 minuter"},"schema":{"@context":"https:\/\/schema.org","@graph":[{"@type":"WebPage","@id":"https:\/\/wp.kristdemokraterna.se\/orust\/textsida-fullbredd\/","url":"https:\/\/wp.kristdemokraterna.se\/orust\/textsida-fullbredd\/","name":"Vad vi st\u00e5r f\u00f6r! - Kristdemokraterna | Orust","isPartOf":{"@id":"https:\/\/wp.kristdemokraterna.se\/orust\/#website"},"primaryImageOfPage":{"@id":"https:\/\/wp.kristdemokraterna.se\/orust\/textsida-fullbredd\/#primaryimage"},"image":{"@id":"https:\/\/wp.kristdemokraterna.se\/orust\/textsida-fullbredd\/#primaryimage"},"thumbnailUrl":"","datePublished":"2017-11-29T15:49:10+00:00","dateModified":"2018-01-22T14:15:02+00:00","breadcrumb":{"@id":"https:\/\/wp.kristdemokraterna.se\/orust\/textsida-fullbredd\/#breadcrumb"},"inLanguage":"sv-SE","potentialAction":[{"@type":"ReadAction","target":["https:\/\/wp.kristdemokraterna.se\/orust\/textsida-fullbredd\/"]}]},{"@type":"ImageObject","inLanguage":"sv-SE","@id":"https:\/\/wp.kristdemokraterna.se\/orust\/textsida-fullbredd\/#primaryimage","url":"","contentUrl":""},{"@type":"BreadcrumbList","@id":"https:\/\/wp.kristdemokraterna.se\/orust\/textsida-fullbredd\/#breadcrumb","itemListElement":[{"@type":"ListItem","position":1,"name":"Hem","item":"https:\/\/wp.kristdemokraterna.se\/orust\/"},{"@type":"ListItem","position":2,"name":"Vad vi st\u00e5r f\u00f6r!"}]},{"@type":"WebSite","@id":"https:\/\/wp.kristdemokraterna.se\/orust\/#website","url":"https:\/\/wp.kristdemokraterna.se\/orust\/","name":"Kristdemokraterna | Orust","description":"En till Kristdemokraterna webbplats","inLanguage":"sv-SE"}]}},"_links":{"self":[{"href":"https:\/\/wp.kristdemokraterna.se\/orust\/wp-json\/wp\/v2\/pages\/272","targetHints":{"allow":["GET"]}}],"collection":[{"href":"https:\/\/wp.kristdemokraterna.se\/orust\/wp-json\/wp\/v2\/pages"}],"about":[{"href":"https:\/\/wp.kristdemokraterna.se\/orust\/wp-json\/wp\/v2\/types\/page"}],"author":[{"embeddable":true,"href":"https:\/\/wp.kristdemokraterna.se\/orust\/wp-json\/wp\/v2\/users\/493"}],"replies":[{"embeddable":true,"href":"https:\/\/wp.kristdemokraterna.se\/orust\/wp-json\/wp\/v2\/comments?post=272"}],"version-history":[{"count":3,"href":"https:\/\/wp.kristdemokraterna.se\/orust\/wp-json\/wp\/v2\/pages\/272\/revisions"}],"predecessor-version":[{"id":335,"href":"https:\/\/wp.kristdemokraterna.se\/orust\/wp-json\/wp\/v2\/pages\/272\/revisions\/335"}],"wp:featuredmedia":[{"embeddable":true,"href":"https:\/\/wp.kristdemokraterna.se\/orust\/wp-json\/"}],"wp:attachment":[{"href":"https:\/\/wp.kristdemokraterna.se\/orust\/wp-json\/wp\/v2\/media?parent=272"}],"curies":[{"name":"wp","href":"https:\/\/api.w.org\/{rel}","templated":true}]}}