{"id":352,"date":"2017-12-01T09:56:02","date_gmt":"2017-12-01T08:56:02","guid":{"rendered":"https:\/\/wp.kristdemokraterna.se\/orust\/?page_id=352"},"modified":"2025-03-13T09:35:29","modified_gmt":"2025-03-13T08:35:29","slug":"kontakta-oss","status":"publish","type":"page","link":"https:\/\/wp.kristdemokraterna.se\/orust\/kontakta-oss\/","title":{"rendered":"Kontakta oss!"},"content":{"rendered":"<p>Partiavdelningsstyrelsen som f\u00f6ljer:<\/p>\n<p>Ordf\u00f6rande: Violet Petersson<\/p>\n<p>Vice ordf\u00f6rande: Christian Forslund<\/p>\n<p>Kass\u00f6r: Ulf Sj\u00f6linder<\/p>\n<p>Sekreterare: Christian Forslund<\/p>\n<p>Ledamot: Peter Artman<\/p>\n<p>Ledamot: Tracy Oleh\u00e4ll<\/p>\n<p>Ers\u00e4ttare: Jennie Richter<\/p>\n<p>Ers\u00e4ttare: Kajsa-Karin Andersson<\/p>\n<p>Ers\u00e4ttare: Lars Andersson<\/p>\n<p>&nbsp;<\/p>\n<p>Mail: orust@kristdemokraterna.se<\/p>\n<p>&nbsp;<\/p>\n","protected":false},"excerpt":{"rendered":"<p>Partiavdelningsstyrelsen som f\u00f6ljer: Ordf\u00f6rande: Violet Petersson Vice ordf\u00f6rande: Christian Forslund Kass\u00f6r: Ulf Sj\u00f6linder Sekreterare: Christian Forslund Ledamot: Peter Artman Ledamot: Tracy Oleh\u00e4ll Ers\u00e4ttare: Jennie Richter Ers\u00e4ttare: Kajsa-Karin Andersson Ers\u00e4ttare: Lars Andersson &nbsp; Mail: orust@kristdemokraterna.se &nbsp;<\/p>\n","protected":false},"author":493,"featured_media":714,"parent":0,"menu_order":0,"comment_status":"closed","ping_status":"closed","template":"page.php","meta":{"_acf_changed":false,"footnotes":""},"class_list":["post-352","page","type-page","status-publish","hentry"],"acf":[],"yoast_head":"<!-- This site is optimized with the Yoast SEO plugin v27.3 - https:\/\/yoast.com\/product\/yoast-seo-wordpress\/ -->\n<title>Kontakta oss! - Kristdemokraterna | Orust<\/title>\n<meta name=\"robots\" content=\"index, follow, max-snippet:-1, max-image-preview:large, max-video-preview:-1\" \/>\n<link rel=\"canonical\" href=\"https:\/\/wp.kristdemokraterna.se\/orust\/kontakta-oss\/\" \/>\n<meta property=\"og:locale\" content=\"sv_SE\" \/>\n<meta property=\"og:type\" content=\"article\" \/>\n<meta property=\"og:title\" content=\"Kontakta oss! - Kristdemokraterna | Orust\" \/>\n<meta property=\"og:description\" content=\"Partiavdelningsstyrelsen som f\u00f6ljer: Ordf\u00f6rande: Violet Petersson Vice ordf\u00f6rande: Christian Forslund Kass\u00f6r: Ulf Sj\u00f6linder Sekreterare: Christian Forslund Ledamot: Peter Artman Ledamot: Tracy Oleh\u00e4ll Ers\u00e4ttare: Jennie Richter Ers\u00e4ttare: Kajsa-Karin Andersson Ers\u00e4ttare: Lars Andersson &nbsp; Mail: orust@kristdemokraterna.se &nbsp;\" \/>\n<meta property=\"og:url\" content=\"https:\/\/wp.kristdemokraterna.se\/orust\/kontakta-oss\/\" \/>\n<meta property=\"og:site_name\" content=\"Kristdemokraterna | Orust\" \/>\n<meta property=\"article:modified_time\" content=\"2025-03-13T08:35:29+00:00\" \/>\n<meta name=\"twitter:card\" content=\"summary_large_image\" \/>\n<meta name=\"twitter:label1\" content=\"Ber\u00e4knad l\u00e4stid\" \/>\n\t<meta name=\"twitter:data1\" content=\"1 minut\" \/>\n<script type=\"application\/ld+json\" class=\"yoast-schema-graph\">{\"@context\":\"https:\\\/\\\/schema.org\",\"@graph\":[{\"@type\":\"WebPage\",\"@id\":\"https:\\\/\\\/wp.kristdemokraterna.se\\\/orust\\\/kontakta-oss\\\/\",\"url\":\"https:\\\/\\\/wp.kristdemokraterna.se\\\/orust\\\/kontakta-oss\\\/\",\"name\":\"Kontakta oss! - Kristdemokraterna | Orust\",\"isPartOf\":{\"@id\":\"https:\\\/\\\/wp.kristdemokraterna.se\\\/orust\\\/#website\"},\"primaryImageOfPage\":{\"@id\":\"https:\\\/\\\/wp.kristdemokraterna.se\\\/orust\\\/kontakta-oss\\\/#primaryimage\"},\"image\":{\"@id\":\"https:\\\/\\\/wp.kristdemokraterna.se\\\/orust\\\/kontakta-oss\\\/#primaryimage\"},\"thumbnailUrl\":\"\",\"datePublished\":\"2017-12-01T08:56:02+00:00\",\"dateModified\":\"2025-03-13T08:35:29+00:00\",\"breadcrumb\":{\"@id\":\"https:\\\/\\\/wp.kristdemokraterna.se\\\/orust\\\/kontakta-oss\\\/#breadcrumb\"},\"inLanguage\":\"sv-SE\",\"potentialAction\":[{\"@type\":\"ReadAction\",\"target\":[\"https:\\\/\\\/wp.kristdemokraterna.se\\\/orust\\\/kontakta-oss\\\/\"]}]},{\"@type\":\"ImageObject\",\"inLanguage\":\"sv-SE\",\"@id\":\"https:\\\/\\\/wp.kristdemokraterna.se\\\/orust\\\/kontakta-oss\\\/#primaryimage\",\"url\":\"\",\"contentUrl\":\"\"},{\"@type\":\"BreadcrumbList\",\"@id\":\"https:\\\/\\\/wp.kristdemokraterna.se\\\/orust\\\/kontakta-oss\\\/#breadcrumb\",\"itemListElement\":[{\"@type\":\"ListItem\",\"position\":1,\"name\":\"Hem\",\"item\":\"https:\\\/\\\/wp.kristdemokraterna.se\\\/orust\\\/\"},{\"@type\":\"ListItem\",\"position\":2,\"name\":\"Kontakta oss!\"}]},{\"@type\":\"WebSite\",\"@id\":\"https:\\\/\\\/wp.kristdemokraterna.se\\\/orust\\\/#website\",\"url\":\"https:\\\/\\\/wp.kristdemokraterna.se\\\/orust\\\/\",\"name\":\"Kristdemokraterna | Orust\",\"description\":\"En till Kristdemokraterna webbplats\",\"inLanguage\":\"sv-SE\"}]}<\/script>\n<!-- \/ Yoast SEO plugin. -->","yoast_head_json":{"title":"Kontakta oss! - Kristdemokraterna | Orust","robots":{"index":"index","follow":"follow","max-snippet":"max-snippet:-1","max-image-preview":"max-image-preview:large","max-video-preview":"max-video-preview:-1"},"canonical":"https:\/\/wp.kristdemokraterna.se\/orust\/kontakta-oss\/","og_locale":"sv_SE","og_type":"article","og_title":"Kontakta oss! - Kristdemokraterna | Orust","og_description":"Partiavdelningsstyrelsen som f\u00f6ljer: Ordf\u00f6rande: Violet Petersson Vice ordf\u00f6rande: Christian Forslund Kass\u00f6r: Ulf Sj\u00f6linder Sekreterare: Christian Forslund Ledamot: Peter Artman Ledamot: Tracy Oleh\u00e4ll Ers\u00e4ttare: Jennie Richter Ers\u00e4ttare: Kajsa-Karin Andersson Ers\u00e4ttare: Lars Andersson &nbsp; Mail: orust@kristdemokraterna.se &nbsp;","og_url":"https:\/\/wp.kristdemokraterna.se\/orust\/kontakta-oss\/","og_site_name":"Kristdemokraterna | Orust","article_modified_time":"2025-03-13T08:35:29+00:00","twitter_card":"summary_large_image","twitter_misc":{"Ber\u00e4knad l\u00e4stid":"1 minut"},"schema":{"@context":"https:\/\/schema.org","@graph":[{"@type":"WebPage","@id":"https:\/\/wp.kristdemokraterna.se\/orust\/kontakta-oss\/","url":"https:\/\/wp.kristdemokraterna.se\/orust\/kontakta-oss\/","name":"Kontakta oss! - Kristdemokraterna | Orust","isPartOf":{"@id":"https:\/\/wp.kristdemokraterna.se\/orust\/#website"},"primaryImageOfPage":{"@id":"https:\/\/wp.kristdemokraterna.se\/orust\/kontakta-oss\/#primaryimage"},"image":{"@id":"https:\/\/wp.kristdemokraterna.se\/orust\/kontakta-oss\/#primaryimage"},"thumbnailUrl":"","datePublished":"2017-12-01T08:56:02+00:00","dateModified":"2025-03-13T08:35:29+00:00","breadcrumb":{"@id":"https:\/\/wp.kristdemokraterna.se\/orust\/kontakta-oss\/#breadcrumb"},"inLanguage":"sv-SE","potentialAction":[{"@type":"ReadAction","target":["https:\/\/wp.kristdemokraterna.se\/orust\/kontakta-oss\/"]}]},{"@type":"ImageObject","inLanguage":"sv-SE","@id":"https:\/\/wp.kristdemokraterna.se\/orust\/kontakta-oss\/#primaryimage","url":"","contentUrl":""},{"@type":"BreadcrumbList","@id":"https:\/\/wp.kristdemokraterna.se\/orust\/kontakta-oss\/#breadcrumb","itemListElement":[{"@type":"ListItem","position":1,"name":"Hem","item":"https:\/\/wp.kristdemokraterna.se\/orust\/"},{"@type":"ListItem","position":2,"name":"Kontakta oss!"}]},{"@type":"WebSite","@id":"https:\/\/wp.kristdemokraterna.se\/orust\/#website","url":"https:\/\/wp.kristdemokraterna.se\/orust\/","name":"Kristdemokraterna | Orust","description":"En till Kristdemokraterna webbplats","inLanguage":"sv-SE"}]}},"_links":{"self":[{"href":"https:\/\/wp.kristdemokraterna.se\/orust\/wp-json\/wp\/v2\/pages\/352","targetHints":{"allow":["GET"]}}],"collection":[{"href":"https:\/\/wp.kristdemokraterna.se\/orust\/wp-json\/wp\/v2\/pages"}],"about":[{"href":"https:\/\/wp.kristdemokraterna.se\/orust\/wp-json\/wp\/v2\/types\/page"}],"author":[{"embeddable":true,"href":"https:\/\/wp.kristdemokraterna.se\/orust\/wp-json\/wp\/v2\/users\/493"}],"replies":[{"embeddable":true,"href":"https:\/\/wp.kristdemokraterna.se\/orust\/wp-json\/wp\/v2\/comments?post=352"}],"version-history":[{"count":9,"href":"https:\/\/wp.kristdemokraterna.se\/orust\/wp-json\/wp\/v2\/pages\/352\/revisions"}],"predecessor-version":[{"id":614,"href":"https:\/\/wp.kristdemokraterna.se\/orust\/wp-json\/wp\/v2\/pages\/352\/revisions\/614"}],"wp:featuredmedia":[{"embeddable":true,"href":"https:\/\/wp.kristdemokraterna.se\/orust\/wp-json\/"}],"wp:attachment":[{"href":"https:\/\/wp.kristdemokraterna.se\/orust\/wp-json\/wp\/v2\/media?parent=352"}],"curies":[{"name":"wp","href":"https:\/\/api.w.org\/{rel}","templated":true}]}}