{"id":5,"date":"2012-11-24T04:38:32","date_gmt":"2012-11-24T04:38:32","guid":{"rendered":"http:\/\/wpskane.kristdemokraterna.se\/osby\/?page_id=5"},"modified":"2012-11-24T04:38:32","modified_gmt":"2012-11-24T04:38:32","slug":"avdelningen","status":"publish","type":"page","link":"https:\/\/wp.kristdemokraterna.se\/osby\/avdelningen\/","title":{"rendered":"Kristdemokraterna i Osby"},"content":{"rendered":"<p><a href=\"http:\/\/wp.kristdemokraterna.se\/osby\/files\/2012\/11\/lagbild-kd.jpg\"><img loading=\"lazy\" decoding=\"async\" class=\"alignnone wp-image-66\" src=\"http:\/\/wp.kristdemokraterna.se\/osby\/files\/2012\/11\/lagbild-kd-300x147.jpg\" alt=\"\" width=\"430\" height=\"205\" \/><\/a><\/p>\n<div>\n<p><strong>Kristdemokraterna i Osby <\/strong>\u00e4r del av den v\u00e4rldsomsp\u00e4nnande r\u00f6relse som \u00e4r kristdemokratin.\u00a0Vi \u00e4r ett v\u00e4rdeorienterat borgerligt parti som arbetar f\u00f6r ett samh\u00e4lle med familjen i centrum och mer personligt ansvar.\u00a0 V\u00e5rt partinamn f\u00f6rklarar att vi st\u00e5r f\u00f6r demokrati byggd p\u00e5 kristen m\u00e4nniskosyn och v\u00e4rdegrund. En vanlig missuppfattning om partiet \u00e4r att man m\u00e5ste vara religi\u00f6st engagerad f\u00f6r att vara med. S\u00e5 \u00e4r det naturligtvis inte. Alla som delar v\u00e5ra id\u00e9er \u00e4r v\u00e4lkomna i partiet. V\u00e5ra viktigaste politiska omr\u00e5den \u00e4r; v\u00e4rdig v\u00e5rd och omsorg, valfrihet och r\u00e4ttvisa f\u00f6r familjen och ett blomstrande n\u00e4ringsliv f\u00f6r v\u00e4lf\u00e4rd. Till detta l\u00e4gger vi ett omr\u00e5de som ber\u00f6r oss alla; skolan. H\u00e4r finns det mycket att g\u00f6ra och det b\u00f6rjar bli br\u00e5ttom!<\/p>\n<p>Kristdemokraterna i Osby ser g\u00e4rna fler engagerade f\u00f6r v\u00e5r sak. Tveka inte att ta <a href=\"https:\/\/kristdemokraterna.se\/lokalt\/skane\/osby\">kontakt<\/a> med oss om du vill g\u00f6ra en insats f\u00f6r att f\u00f6r\u00e4ndra styret av Osby.<\/p>\n<p>V\u00e5r partiavdelnings ordf\u00f6rande \u00e4r <strong>Johnny Bergman<\/strong>.<\/p>\n<\/div>\n","protected":false},"excerpt":{"rendered":"<p>Kristdemokraterna i Osby \u00e4r del av den v\u00e4rldsomsp\u00e4nnande r\u00f6relse som \u00e4r kristdemokratin.\u00a0Vi \u00e4r ett v\u00e4rdeorienterat borgerligt parti som arbetar f\u00f6r ett samh\u00e4lle med familjen i centrum och mer personligt ansvar.\u00a0 V\u00e5rt partinamn f\u00f6rklarar att vi st\u00e5r f\u00f6r demokrati byggd p\u00e5 kristen m\u00e4nniskosyn och v\u00e4rdegrund. En vanlig missuppfattning om partiet \u00e4r att man m\u00e5ste vara religi\u00f6st <a class=\"read-more-link\" href=\"https:\/\/wp.kristdemokraterna.se\/osby\/avdelningen\/\">L\u00e4s mer<\/a><\/p>\n","protected":false},"author":444,"featured_media":0,"parent":0,"menu_order":0,"comment_status":"closed","ping_status":"closed","template":"","meta":{"_acf_changed":false,"footnotes":""},"class_list":["post-5","page","type-page","status-publish","hentry"],"acf":[],"yoast_head":"<!-- This site is optimized with the Yoast SEO plugin v27.3 - https:\/\/yoast.com\/product\/yoast-seo-wordpress\/ -->\n<title>Kristdemokraterna i Osby - Kristdemokraterna | Osby<\/title>\n<meta name=\"robots\" content=\"index, follow, max-snippet:-1, max-image-preview:large, max-video-preview:-1\" \/>\n<link rel=\"canonical\" href=\"https:\/\/wp.kristdemokraterna.se\/osby\/avdelningen\/\" \/>\n<meta property=\"og:locale\" content=\"sv_SE\" \/>\n<meta property=\"og:type\" content=\"article\" \/>\n<meta property=\"og:title\" content=\"Kristdemokraterna i Osby - Kristdemokraterna | Osby\" \/>\n<meta property=\"og:description\" content=\"Kristdemokraterna i Osby \u00e4r del av den v\u00e4rldsomsp\u00e4nnande r\u00f6relse som \u00e4r kristdemokratin.\u00a0Vi \u00e4r ett v\u00e4rdeorienterat borgerligt parti som arbetar f\u00f6r ett samh\u00e4lle med familjen i centrum och mer personligt ansvar.\u00a0 V\u00e5rt partinamn f\u00f6rklarar att vi st\u00e5r f\u00f6r demokrati byggd p\u00e5 kristen m\u00e4nniskosyn och v\u00e4rdegrund. En vanlig missuppfattning om partiet \u00e4r att man m\u00e5ste vara religi\u00f6st L\u00e4s mer\" \/>\n<meta property=\"og:url\" content=\"https:\/\/wp.kristdemokraterna.se\/osby\/avdelningen\/\" \/>\n<meta property=\"og:site_name\" content=\"Kristdemokraterna | Osby\" \/>\n<meta property=\"og:image\" content=\"http:\/\/wp.kristdemokraterna.se\/osby\/files\/2012\/11\/lagbild-kd-300x147.jpg\" \/>\n<meta name=\"twitter:card\" content=\"summary_large_image\" \/>\n<meta name=\"twitter:label1\" content=\"Ber\u00e4knad l\u00e4stid\" \/>\n\t<meta name=\"twitter:data1\" content=\"1 minut\" \/>\n<script type=\"application\/ld+json\" class=\"yoast-schema-graph\">{\"@context\":\"https:\\\/\\\/schema.org\",\"@graph\":[{\"@type\":\"WebPage\",\"@id\":\"https:\\\/\\\/wp.kristdemokraterna.se\\\/osby\\\/avdelningen\\\/\",\"url\":\"https:\\\/\\\/wp.kristdemokraterna.se\\\/osby\\\/avdelningen\\\/\",\"name\":\"Kristdemokraterna i Osby - Kristdemokraterna | Osby\",\"isPartOf\":{\"@id\":\"https:\\\/\\\/wp.kristdemokraterna.se\\\/osby\\\/#website\"},\"primaryImageOfPage\":{\"@id\":\"https:\\\/\\\/wp.kristdemokraterna.se\\\/osby\\\/avdelningen\\\/#primaryimage\"},\"image\":{\"@id\":\"https:\\\/\\\/wp.kristdemokraterna.se\\\/osby\\\/avdelningen\\\/#primaryimage\"},\"thumbnailUrl\":\"http:\\\/\\\/wp.kristdemokraterna.se\\\/osby\\\/files\\\/2012\\\/11\\\/lagbild-kd-300x147.jpg\",\"datePublished\":\"2012-11-24T04:38:32+00:00\",\"breadcrumb\":{\"@id\":\"https:\\\/\\\/wp.kristdemokraterna.se\\\/osby\\\/avdelningen\\\/#breadcrumb\"},\"inLanguage\":\"sv-SE\",\"potentialAction\":[{\"@type\":\"ReadAction\",\"target\":[\"https:\\\/\\\/wp.kristdemokraterna.se\\\/osby\\\/avdelningen\\\/\"]}]},{\"@type\":\"ImageObject\",\"inLanguage\":\"sv-SE\",\"@id\":\"https:\\\/\\\/wp.kristdemokraterna.se\\\/osby\\\/avdelningen\\\/#primaryimage\",\"url\":\"https:\\\/\\\/wp.kristdemokraterna.se\\\/osby\\\/files\\\/2012\\\/11\\\/lagbild-kd-scaled.jpg\",\"contentUrl\":\"https:\\\/\\\/wp.kristdemokraterna.se\\\/osby\\\/files\\\/2012\\\/11\\\/lagbild-kd-scaled.jpg\",\"width\":2560,\"height\":1256},{\"@type\":\"BreadcrumbList\",\"@id\":\"https:\\\/\\\/wp.kristdemokraterna.se\\\/osby\\\/avdelningen\\\/#breadcrumb\",\"itemListElement\":[{\"@type\":\"ListItem\",\"position\":1,\"name\":\"Hem\",\"item\":\"https:\\\/\\\/wp.kristdemokraterna.se\\\/osby\\\/\"},{\"@type\":\"ListItem\",\"position\":2,\"name\":\"Kristdemokraterna i Osby\"}]},{\"@type\":\"WebSite\",\"@id\":\"https:\\\/\\\/wp.kristdemokraterna.se\\\/osby\\\/#website\",\"url\":\"https:\\\/\\\/wp.kristdemokraterna.se\\\/osby\\\/\",\"name\":\"Kristdemokraterna | Osby\",\"description\":\"\u00c4nnu en webbplats hos Kristdemokraterna\",\"inLanguage\":\"sv-SE\"}]}<\/script>\n<!-- \/ Yoast SEO plugin. -->","yoast_head_json":{"title":"Kristdemokraterna i Osby - Kristdemokraterna | Osby","robots":{"index":"index","follow":"follow","max-snippet":"max-snippet:-1","max-image-preview":"max-image-preview:large","max-video-preview":"max-video-preview:-1"},"canonical":"https:\/\/wp.kristdemokraterna.se\/osby\/avdelningen\/","og_locale":"sv_SE","og_type":"article","og_title":"Kristdemokraterna i Osby - Kristdemokraterna | Osby","og_description":"Kristdemokraterna i Osby \u00e4r del av den v\u00e4rldsomsp\u00e4nnande r\u00f6relse som \u00e4r kristdemokratin.\u00a0Vi \u00e4r ett v\u00e4rdeorienterat borgerligt parti som arbetar f\u00f6r ett samh\u00e4lle med familjen i centrum och mer personligt ansvar.\u00a0 V\u00e5rt partinamn f\u00f6rklarar att vi st\u00e5r f\u00f6r demokrati byggd p\u00e5 kristen m\u00e4nniskosyn och v\u00e4rdegrund. En vanlig missuppfattning om partiet \u00e4r att man m\u00e5ste vara religi\u00f6st L\u00e4s mer","og_url":"https:\/\/wp.kristdemokraterna.se\/osby\/avdelningen\/","og_site_name":"Kristdemokraterna | Osby","og_image":[{"url":"http:\/\/wp.kristdemokraterna.se\/osby\/files\/2012\/11\/lagbild-kd-300x147.jpg","type":"","width":"","height":""}],"twitter_card":"summary_large_image","twitter_misc":{"Ber\u00e4knad l\u00e4stid":"1 minut"},"schema":{"@context":"https:\/\/schema.org","@graph":[{"@type":"WebPage","@id":"https:\/\/wp.kristdemokraterna.se\/osby\/avdelningen\/","url":"https:\/\/wp.kristdemokraterna.se\/osby\/avdelningen\/","name":"Kristdemokraterna i Osby - Kristdemokraterna | Osby","isPartOf":{"@id":"https:\/\/wp.kristdemokraterna.se\/osby\/#website"},"primaryImageOfPage":{"@id":"https:\/\/wp.kristdemokraterna.se\/osby\/avdelningen\/#primaryimage"},"image":{"@id":"https:\/\/wp.kristdemokraterna.se\/osby\/avdelningen\/#primaryimage"},"thumbnailUrl":"http:\/\/wp.kristdemokraterna.se\/osby\/files\/2012\/11\/lagbild-kd-300x147.jpg","datePublished":"2012-11-24T04:38:32+00:00","breadcrumb":{"@id":"https:\/\/wp.kristdemokraterna.se\/osby\/avdelningen\/#breadcrumb"},"inLanguage":"sv-SE","potentialAction":[{"@type":"ReadAction","target":["https:\/\/wp.kristdemokraterna.se\/osby\/avdelningen\/"]}]},{"@type":"ImageObject","inLanguage":"sv-SE","@id":"https:\/\/wp.kristdemokraterna.se\/osby\/avdelningen\/#primaryimage","url":"https:\/\/wp.kristdemokraterna.se\/osby\/files\/2012\/11\/lagbild-kd-scaled.jpg","contentUrl":"https:\/\/wp.kristdemokraterna.se\/osby\/files\/2012\/11\/lagbild-kd-scaled.jpg","width":2560,"height":1256},{"@type":"BreadcrumbList","@id":"https:\/\/wp.kristdemokraterna.se\/osby\/avdelningen\/#breadcrumb","itemListElement":[{"@type":"ListItem","position":1,"name":"Hem","item":"https:\/\/wp.kristdemokraterna.se\/osby\/"},{"@type":"ListItem","position":2,"name":"Kristdemokraterna i Osby"}]},{"@type":"WebSite","@id":"https:\/\/wp.kristdemokraterna.se\/osby\/#website","url":"https:\/\/wp.kristdemokraterna.se\/osby\/","name":"Kristdemokraterna | Osby","description":"\u00c4nnu en webbplats hos Kristdemokraterna","inLanguage":"sv-SE"}]}},"_links":{"self":[{"href":"https:\/\/wp.kristdemokraterna.se\/osby\/wp-json\/wp\/v2\/pages\/5","targetHints":{"allow":["GET"]}}],"collection":[{"href":"https:\/\/wp.kristdemokraterna.se\/osby\/wp-json\/wp\/v2\/pages"}],"about":[{"href":"https:\/\/wp.kristdemokraterna.se\/osby\/wp-json\/wp\/v2\/types\/page"}],"author":[{"embeddable":true,"href":"https:\/\/wp.kristdemokraterna.se\/osby\/wp-json\/wp\/v2\/users\/444"}],"replies":[{"embeddable":true,"href":"https:\/\/wp.kristdemokraterna.se\/osby\/wp-json\/wp\/v2\/comments?post=5"}],"version-history":[{"count":0,"href":"https:\/\/wp.kristdemokraterna.se\/osby\/wp-json\/wp\/v2\/pages\/5\/revisions"}],"wp:attachment":[{"href":"https:\/\/wp.kristdemokraterna.se\/osby\/wp-json\/wp\/v2\/media?parent=5"}],"curies":[{"name":"wp","href":"https:\/\/api.w.org\/{rel}","templated":true}]}}