{"id":332,"date":"2018-08-06T13:28:15","date_gmt":"2018-08-06T11:28:15","guid":{"rendered":"http:\/\/wp.kristdemokraterna.se\/osteraker\/?page_id=332"},"modified":"2026-05-05T22:38:37","modified_gmt":"2026-05-05T20:38:37","slug":"vara-kandidater","status":"publish","type":"page","link":"https:\/\/wp.kristdemokraterna.se\/osteraker\/vara-kandidater\/","title":{"rendered":"V\u00e5ra Kandidater"},"content":{"rendered":"<p>H\u00c4R \u00c4R VI SOM ST\u00c4LLER UPP F\u00d6R KD \u00d6STER\u00c5KER I VALET 2026!<\/p>\n<ol class=\"valsedel__lista\" data-cy=\"valsedel-lista\">\n<li class=\"\">Arne Ekstrand, Norr\u00f6<\/li>\n<li class=\"\">Magnus Hultgren, Sk\u00e4rg\u00e5rdsstad<\/li>\n<li class=\"\">Mikael Ottosson, Sk\u00e5nsta<\/li>\n<li class=\"\">Maria Ullenius, \u00c5kersberga<\/li>\n<li class=\"\">Sofia Narup, Svininge<\/li>\n<li class=\"\">Mikael Garp, \u00c5kersberga<\/li>\n<li class=\"\">Kerstin Sundberg, \u00d6stersk\u00e4r<\/li>\n<li class=\"\">Margret Okhiria, \u00c5kersberga<\/li>\n<li class=\"\">Kenneth Drake af Hagelsrum, \u00c5kerstorp<\/li>\n<li class=\"\">Bj\u00f6rn Molin, T\u00e4lj\u00f6<\/li>\n<li class=\"\">Birgitta Holm, Dyvik<\/li>\n<li class=\"\">Lennart Berneklint, \u00c5kersberga<\/li>\n<li class=\"\">Marika Ahlsell, Svininge<\/li>\n<li class=\"\">Franz Heinel, Margretlund<\/li>\n<li class=\"\">Bodil \u00d6stman, Margretlund<\/li>\n<li class=\"\">Karl Hellberg, \u00c5kersberga<\/li>\n<li class=\"\">Claes Robell, \u00d6stersk\u00e4r<\/li>\n<li class=\"\">Maria Olin, Margretlund<\/li>\n<li class=\"\">Herman Strid, \u00c5kersberga<\/li>\n<li class=\"\">Lisbet Magnusson, \u00c5kersberga<\/li>\n<li class=\"\">Magnus Nilsson, \u00c5kersberga<\/li>\n<li class=\"\">Britt Marie Sanneg\u00e5rd, \u00c5kersberga<\/li>\n<li class=\"\">Jan Winberg, Tuna<\/li>\n<li class=\"\">Magdal\u00e9ne Ottosson, Sk\u00e5nsta<\/li>\n<li class=\"\">Per Palm, Sk\u00e4rg\u00e5rdsstad<\/li>\n<li class=\"\">Marie Samuelsson, \u00c5kersberga<\/li>\n<li class=\"\">Stellan Bennich, \u00c5kersberga<\/li>\n<\/ol>\n<p>&nbsp;<\/p>\n<p>Vi vill vara ett parti som ser verkligheten, som bryr sig om att engagera sig f\u00f6r andra och som aktivt arbetar f\u00f6r att f\u00e5 igenom f\u00f6rslag till verkliga f\u00f6rb\u00e4ttringar. Vi vill \u00f6ka v\u00e5rt inflytande \u00f6ver hur \u00d6ster\u00e5ker skall styras under n\u00e4sta mandatperiod.<\/p>\n<p>Vi kommer att \u00e5terkomma och ber\u00e4tta mer om v\u00e5rt program f\u00f6r ett b\u00e4ttre \u00d6ster\u00e5ker. En del kommer Du att f\u00e5 veta redan i KD MUSIK OCH POLITIK \u2013 i Radio \u00d6ster\u00e5ker 103,7.<\/p>\n<p>&nbsp;<\/p>\n<p>VI V\u00c5GAR ST\u00c5 UPP F\u00d6R DET VI TROR P\u00c5 \u2013 GE OSS DITT ST\u00d6D I VALET 2026!<\/p>\n","protected":false},"excerpt":{"rendered":"<p>H\u00c4R \u00c4R VI SOM ST\u00c4LLER UPP F\u00d6R KD \u00d6STER\u00c5KER I VALET 2026! Arne Ekstrand, Norr\u00f6 Magnus Hultgren, Sk\u00e4rg\u00e5rdsstad Mikael Ottosson, Sk\u00e5nsta Maria Ullenius, \u00c5kersberga Sofia Narup, Svininge Mikael Garp, \u00c5kersberga Kerstin Sundberg, \u00d6stersk\u00e4r Margret Okhiria, \u00c5kersberga Kenneth Drake af Hagelsrum, \u00c5kerstorp Bj\u00f6rn Molin, T\u00e4lj\u00f6 Birgitta Holm, Dyvik Lennart Berneklint, \u00c5kersberga Marika Ahlsell, Svininge Franz Heinel, <a class=\"read-more-link\" href=\"https:\/\/wp.kristdemokraterna.se\/osteraker\/vara-kandidater\/\">Read More<\/a><\/p>\n","protected":false},"author":425,"featured_media":0,"parent":0,"menu_order":0,"comment_status":"closed","ping_status":"closed","template":"","meta":{"_acf_changed":false,"footnotes":""},"class_list":["post-332","page","type-page","status-publish","hentry"],"acf":[],"yoast_head":"<!-- This site is optimized with the Yoast SEO plugin v27.5 - https:\/\/yoast.com\/product\/yoast-seo-wordpress\/ -->\n<title>V\u00e5ra Kandidater - \u00d6ster\u00e5ker<\/title>\n<meta name=\"robots\" content=\"index, follow, max-snippet:-1, max-image-preview:large, max-video-preview:-1\" \/>\n<link rel=\"canonical\" href=\"https:\/\/wp.kristdemokraterna.se\/osteraker\/vara-kandidater\/\" \/>\n<meta property=\"og:locale\" content=\"sv_SE\" \/>\n<meta property=\"og:type\" content=\"article\" \/>\n<meta property=\"og:title\" content=\"V\u00e5ra Kandidater - \u00d6ster\u00e5ker\" \/>\n<meta property=\"og:description\" content=\"H\u00c4R \u00c4R VI SOM ST\u00c4LLER UPP F\u00d6R KD \u00d6STER\u00c5KER I VALET 2026! Arne Ekstrand, Norr\u00f6 Magnus Hultgren, Sk\u00e4rg\u00e5rdsstad Mikael Ottosson, Sk\u00e5nsta Maria Ullenius, \u00c5kersberga Sofia Narup, Svininge Mikael Garp, \u00c5kersberga Kerstin Sundberg, \u00d6stersk\u00e4r Margret Okhiria, \u00c5kersberga Kenneth Drake af Hagelsrum, \u00c5kerstorp Bj\u00f6rn Molin, T\u00e4lj\u00f6 Birgitta Holm, Dyvik Lennart Berneklint, \u00c5kersberga Marika Ahlsell, Svininge Franz Heinel, Read More\" \/>\n<meta property=\"og:url\" content=\"https:\/\/wp.kristdemokraterna.se\/osteraker\/vara-kandidater\/\" \/>\n<meta property=\"og:site_name\" content=\"\u00d6ster\u00e5ker\" \/>\n<meta property=\"article:modified_time\" content=\"2026-05-05T20:38:37+00:00\" \/>\n<meta name=\"twitter:card\" content=\"summary_large_image\" \/>\n<meta name=\"twitter:label1\" content=\"Ber\u00e4knad l\u00e4stid\" \/>\n\t<meta name=\"twitter:data1\" content=\"1 minut\" \/>\n<script type=\"application\/ld+json\" class=\"yoast-schema-graph\">{\"@context\":\"https:\\\/\\\/schema.org\",\"@graph\":[{\"@type\":\"WebPage\",\"@id\":\"https:\\\/\\\/wp.kristdemokraterna.se\\\/osteraker\\\/vara-kandidater\\\/\",\"url\":\"https:\\\/\\\/wp.kristdemokraterna.se\\\/osteraker\\\/vara-kandidater\\\/\",\"name\":\"V\u00e5ra Kandidater - \u00d6ster\u00e5ker\",\"isPartOf\":{\"@id\":\"https:\\\/\\\/wp.kristdemokraterna.se\\\/osteraker\\\/#website\"},\"datePublished\":\"2018-08-06T11:28:15+00:00\",\"dateModified\":\"2026-05-05T20:38:37+00:00\",\"breadcrumb\":{\"@id\":\"https:\\\/\\\/wp.kristdemokraterna.se\\\/osteraker\\\/vara-kandidater\\\/#breadcrumb\"},\"inLanguage\":\"sv-SE\",\"potentialAction\":[{\"@type\":\"ReadAction\",\"target\":[\"https:\\\/\\\/wp.kristdemokraterna.se\\\/osteraker\\\/vara-kandidater\\\/\"]}]},{\"@type\":\"BreadcrumbList\",\"@id\":\"https:\\\/\\\/wp.kristdemokraterna.se\\\/osteraker\\\/vara-kandidater\\\/#breadcrumb\",\"itemListElement\":[{\"@type\":\"ListItem\",\"position\":1,\"name\":\"Hem\",\"item\":\"https:\\\/\\\/wp.kristdemokraterna.se\\\/osteraker\\\/\"},{\"@type\":\"ListItem\",\"position\":2,\"name\":\"V\u00e5ra Kandidater\"}]},{\"@type\":\"WebSite\",\"@id\":\"https:\\\/\\\/wp.kristdemokraterna.se\\\/osteraker\\\/#website\",\"url\":\"https:\\\/\\\/wp.kristdemokraterna.se\\\/osteraker\\\/\",\"name\":\"\u00d6ster\u00e5ker\",\"description\":\"En till Kristdemokraterna webbplats\",\"inLanguage\":\"sv-SE\"}]}<\/script>\n<!-- \/ Yoast SEO plugin. -->","yoast_head_json":{"title":"V\u00e5ra Kandidater - \u00d6ster\u00e5ker","robots":{"index":"index","follow":"follow","max-snippet":"max-snippet:-1","max-image-preview":"max-image-preview:large","max-video-preview":"max-video-preview:-1"},"canonical":"https:\/\/wp.kristdemokraterna.se\/osteraker\/vara-kandidater\/","og_locale":"sv_SE","og_type":"article","og_title":"V\u00e5ra Kandidater - \u00d6ster\u00e5ker","og_description":"H\u00c4R \u00c4R VI SOM ST\u00c4LLER UPP F\u00d6R KD \u00d6STER\u00c5KER I VALET 2026! Arne Ekstrand, Norr\u00f6 Magnus Hultgren, Sk\u00e4rg\u00e5rdsstad Mikael Ottosson, Sk\u00e5nsta Maria Ullenius, \u00c5kersberga Sofia Narup, Svininge Mikael Garp, \u00c5kersberga Kerstin Sundberg, \u00d6stersk\u00e4r Margret Okhiria, \u00c5kersberga Kenneth Drake af Hagelsrum, \u00c5kerstorp Bj\u00f6rn Molin, T\u00e4lj\u00f6 Birgitta Holm, Dyvik Lennart Berneklint, \u00c5kersberga Marika Ahlsell, Svininge Franz Heinel, Read More","og_url":"https:\/\/wp.kristdemokraterna.se\/osteraker\/vara-kandidater\/","og_site_name":"\u00d6ster\u00e5ker","article_modified_time":"2026-05-05T20:38:37+00:00","twitter_card":"summary_large_image","twitter_misc":{"Ber\u00e4knad l\u00e4stid":"1 minut"},"schema":{"@context":"https:\/\/schema.org","@graph":[{"@type":"WebPage","@id":"https:\/\/wp.kristdemokraterna.se\/osteraker\/vara-kandidater\/","url":"https:\/\/wp.kristdemokraterna.se\/osteraker\/vara-kandidater\/","name":"V\u00e5ra Kandidater - \u00d6ster\u00e5ker","isPartOf":{"@id":"https:\/\/wp.kristdemokraterna.se\/osteraker\/#website"},"datePublished":"2018-08-06T11:28:15+00:00","dateModified":"2026-05-05T20:38:37+00:00","breadcrumb":{"@id":"https:\/\/wp.kristdemokraterna.se\/osteraker\/vara-kandidater\/#breadcrumb"},"inLanguage":"sv-SE","potentialAction":[{"@type":"ReadAction","target":["https:\/\/wp.kristdemokraterna.se\/osteraker\/vara-kandidater\/"]}]},{"@type":"BreadcrumbList","@id":"https:\/\/wp.kristdemokraterna.se\/osteraker\/vara-kandidater\/#breadcrumb","itemListElement":[{"@type":"ListItem","position":1,"name":"Hem","item":"https:\/\/wp.kristdemokraterna.se\/osteraker\/"},{"@type":"ListItem","position":2,"name":"V\u00e5ra Kandidater"}]},{"@type":"WebSite","@id":"https:\/\/wp.kristdemokraterna.se\/osteraker\/#website","url":"https:\/\/wp.kristdemokraterna.se\/osteraker\/","name":"\u00d6ster\u00e5ker","description":"En till Kristdemokraterna webbplats","inLanguage":"sv-SE"}]}},"_links":{"self":[{"href":"https:\/\/wp.kristdemokraterna.se\/osteraker\/wp-json\/wp\/v2\/pages\/332","targetHints":{"allow":["GET"]}}],"collection":[{"href":"https:\/\/wp.kristdemokraterna.se\/osteraker\/wp-json\/wp\/v2\/pages"}],"about":[{"href":"https:\/\/wp.kristdemokraterna.se\/osteraker\/wp-json\/wp\/v2\/types\/page"}],"author":[{"embeddable":true,"href":"https:\/\/wp.kristdemokraterna.se\/osteraker\/wp-json\/wp\/v2\/users\/425"}],"replies":[{"embeddable":true,"href":"https:\/\/wp.kristdemokraterna.se\/osteraker\/wp-json\/wp\/v2\/comments?post=332"}],"version-history":[{"count":5,"href":"https:\/\/wp.kristdemokraterna.se\/osteraker\/wp-json\/wp\/v2\/pages\/332\/revisions"}],"predecessor-version":[{"id":620,"href":"https:\/\/wp.kristdemokraterna.se\/osteraker\/wp-json\/wp\/v2\/pages\/332\/revisions\/620"}],"wp:attachment":[{"href":"https:\/\/wp.kristdemokraterna.se\/osteraker\/wp-json\/wp\/v2\/media?parent=332"}],"curies":[{"name":"wp","href":"https:\/\/api.w.org\/{rel}","templated":true}]}}