{"id":340,"date":"2018-08-06T15:58:23","date_gmt":"2018-08-06T13:58:23","guid":{"rendered":"http:\/\/wp.kristdemokraterna.se\/osteraker\/?page_id=340"},"modified":"2023-06-13T23:33:55","modified_gmt":"2023-06-13T21:33:55","slug":"kontakt","status":"publish","type":"page","link":"https:\/\/wp.kristdemokraterna.se\/osteraker\/kontakt\/","title":{"rendered":"Kontakt"},"content":{"rendered":"<h1>Kontakt<\/h1>\n<p>Kontakta g\u00e4rna v\u00e5r ordf\u00f6rande eller skicka ett meddelande via formul\u00e4ret nedan.<\/p>\n<div class=\"name\"><strong>Mikael Ottosson, partiavdelningsordf\u00f6rande<\/strong><\/div>\n<div class=\"name\">Adress: Murkelv\u00e4gen 2, 184 34 \u00c5kersberga<\/div>\n<div class=\"telefon\">Telefon: 073-644 35 46<\/div>\n<div class=\"mobile\">e-post:\u00a0<a href=\"mailto:kd_mikael@hotmail.com\">kd_mikael@hotmail.com<\/a><\/div>\n<div><\/div>\n<div>\n<div class=\"wpcf7 no-js\" id=\"wpcf7-f338-o1\" lang=\"sv-SE\" dir=\"ltr\" data-wpcf7-id=\"338\">\n<div class=\"screen-reader-response\"><p role=\"status\" aria-live=\"polite\" aria-atomic=\"true\"><\/p> <ul><\/ul><\/div>\n<form action=\"\/osteraker\/wp-json\/wp\/v2\/pages\/340#wpcf7-f338-o1\" method=\"post\" class=\"wpcf7-form init\" aria-label=\"Kontaktformul\u00e4r\" novalidate=\"novalidate\" data-status=\"init\">\n<fieldset class=\"hidden-fields-container\"><input type=\"hidden\" name=\"_wpcf7\" value=\"338\" \/><input type=\"hidden\" name=\"_wpcf7_version\" value=\"6.1.5\" \/><input type=\"hidden\" name=\"_wpcf7_locale\" value=\"sv_SE\" \/><input type=\"hidden\" name=\"_wpcf7_unit_tag\" value=\"wpcf7-f338-o1\" \/><input type=\"hidden\" name=\"_wpcf7_container_post\" value=\"0\" \/><input type=\"hidden\" name=\"_wpcf7_posted_data_hash\" value=\"\" \/>\n<\/fieldset>\n<p><label> Ditt namn (obligatorisk)<br \/>\n<span class=\"wpcf7-form-control-wrap\" data-name=\"your-name\"><input size=\"40\" maxlength=\"400\" class=\"wpcf7-form-control wpcf7-text wpcf7-validates-as-required\" aria-required=\"true\" aria-invalid=\"false\" value=\"\" type=\"text\" name=\"your-name\" \/><\/span> <\/label>\n<\/p>\n<p><label> Din e-post (obligatorisk)<br \/>\n<span class=\"wpcf7-form-control-wrap\" data-name=\"your-email\"><input size=\"40\" maxlength=\"400\" class=\"wpcf7-form-control wpcf7-email wpcf7-validates-as-required wpcf7-text wpcf7-validates-as-email\" aria-required=\"true\" aria-invalid=\"false\" value=\"\" type=\"email\" name=\"your-email\" \/><\/span> <\/label>\n<\/p>\n<p><label> \u00c4mne<br \/>\n<span class=\"wpcf7-form-control-wrap\" data-name=\"your-subject\"><input size=\"40\" maxlength=\"400\" class=\"wpcf7-form-control wpcf7-text\" aria-invalid=\"false\" value=\"\" type=\"text\" name=\"your-subject\" \/><\/span> <\/label>\n<\/p>\n<p><label> Ditt meddelande<br \/>\n<span class=\"wpcf7-form-control-wrap\" data-name=\"your-message\"><textarea cols=\"40\" rows=\"10\" maxlength=\"2000\" class=\"wpcf7-form-control wpcf7-textarea\" aria-invalid=\"false\" name=\"your-message\"><\/textarea><\/span> <\/label>\n<\/p>\n<p><input class=\"wpcf7-form-control wpcf7-submit has-spinner\" type=\"submit\" value=\"Skicka\" \/>\n<\/p><div class=\"wpcf7-response-output\" aria-hidden=\"true\"><\/div>\n<\/form>\n<\/div>\n<\/div>\n<div><\/div>\n","protected":false},"excerpt":{"rendered":"<p>Kontakt Kontakta g\u00e4rna v\u00e5r ordf\u00f6rande eller skicka ett meddelande via formul\u00e4ret nedan. Mikael Ottosson, partiavdelningsordf\u00f6rande Adress: Murkelv\u00e4gen 2, 184 34 \u00c5kersberga Telefon: 073-644 35 46 e-post:\u00a0kd_mikael@hotmail.com<\/p>\n","protected":false},"author":425,"featured_media":0,"parent":0,"menu_order":0,"comment_status":"closed","ping_status":"closed","template":"","meta":{"_acf_changed":false,"footnotes":""},"class_list":["post-340","page","type-page","status-publish","hentry"],"acf":[],"yoast_head":"<!-- This site is optimized with the Yoast SEO plugin v27.4 - https:\/\/yoast.com\/product\/yoast-seo-wordpress\/ -->\n<title>Kontakt - \u00d6ster\u00e5ker<\/title>\n<meta name=\"robots\" content=\"index, follow, max-snippet:-1, max-image-preview:large, max-video-preview:-1\" \/>\n<link rel=\"canonical\" href=\"https:\/\/wp.kristdemokraterna.se\/osteraker\/kontakt\/\" \/>\n<meta property=\"og:locale\" content=\"sv_SE\" \/>\n<meta property=\"og:type\" content=\"article\" \/>\n<meta property=\"og:title\" content=\"Kontakt - \u00d6ster\u00e5ker\" \/>\n<meta property=\"og:description\" content=\"Kontakt Kontakta g\u00e4rna v\u00e5r ordf\u00f6rande eller skicka ett meddelande via formul\u00e4ret nedan. Mikael Ottosson, partiavdelningsordf\u00f6rande Adress: Murkelv\u00e4gen 2, 184 34 \u00c5kersberga Telefon: 073-644 35 46 e-post:\u00a0kd_mikael@hotmail.com\" \/>\n<meta property=\"og:url\" content=\"https:\/\/wp.kristdemokraterna.se\/osteraker\/kontakt\/\" \/>\n<meta property=\"og:site_name\" content=\"\u00d6ster\u00e5ker\" \/>\n<meta property=\"article:modified_time\" content=\"2023-06-13T21:33:55+00:00\" \/>\n<meta name=\"twitter:card\" content=\"summary_large_image\" \/>\n<meta name=\"twitter:label1\" content=\"Ber\u00e4knad l\u00e4stid\" \/>\n\t<meta name=\"twitter:data1\" content=\"1 minut\" \/>\n<script type=\"application\/ld+json\" class=\"yoast-schema-graph\">{\"@context\":\"https:\\\/\\\/schema.org\",\"@graph\":[{\"@type\":\"WebPage\",\"@id\":\"https:\\\/\\\/wp.kristdemokraterna.se\\\/osteraker\\\/kontakt\\\/\",\"url\":\"https:\\\/\\\/wp.kristdemokraterna.se\\\/osteraker\\\/kontakt\\\/\",\"name\":\"Kontakt - \u00d6ster\u00e5ker\",\"isPartOf\":{\"@id\":\"https:\\\/\\\/wp.kristdemokraterna.se\\\/osteraker\\\/#website\"},\"datePublished\":\"2018-08-06T13:58:23+00:00\",\"dateModified\":\"2023-06-13T21:33:55+00:00\",\"breadcrumb\":{\"@id\":\"https:\\\/\\\/wp.kristdemokraterna.se\\\/osteraker\\\/kontakt\\\/#breadcrumb\"},\"inLanguage\":\"sv-SE\",\"potentialAction\":[{\"@type\":\"ReadAction\",\"target\":[\"https:\\\/\\\/wp.kristdemokraterna.se\\\/osteraker\\\/kontakt\\\/\"]}]},{\"@type\":\"BreadcrumbList\",\"@id\":\"https:\\\/\\\/wp.kristdemokraterna.se\\\/osteraker\\\/kontakt\\\/#breadcrumb\",\"itemListElement\":[{\"@type\":\"ListItem\",\"position\":1,\"name\":\"Hem\",\"item\":\"https:\\\/\\\/wp.kristdemokraterna.se\\\/osteraker\\\/\"},{\"@type\":\"ListItem\",\"position\":2,\"name\":\"Kontakt\"}]},{\"@type\":\"WebSite\",\"@id\":\"https:\\\/\\\/wp.kristdemokraterna.se\\\/osteraker\\\/#website\",\"url\":\"https:\\\/\\\/wp.kristdemokraterna.se\\\/osteraker\\\/\",\"name\":\"\u00d6ster\u00e5ker\",\"description\":\"En till Kristdemokraterna webbplats\",\"inLanguage\":\"sv-SE\"}]}<\/script>\n<!-- \/ Yoast SEO plugin. -->","yoast_head_json":{"title":"Kontakt - \u00d6ster\u00e5ker","robots":{"index":"index","follow":"follow","max-snippet":"max-snippet:-1","max-image-preview":"max-image-preview:large","max-video-preview":"max-video-preview:-1"},"canonical":"https:\/\/wp.kristdemokraterna.se\/osteraker\/kontakt\/","og_locale":"sv_SE","og_type":"article","og_title":"Kontakt - \u00d6ster\u00e5ker","og_description":"Kontakt Kontakta g\u00e4rna v\u00e5r ordf\u00f6rande eller skicka ett meddelande via formul\u00e4ret nedan. Mikael Ottosson, partiavdelningsordf\u00f6rande Adress: Murkelv\u00e4gen 2, 184 34 \u00c5kersberga Telefon: 073-644 35 46 e-post:\u00a0kd_mikael@hotmail.com","og_url":"https:\/\/wp.kristdemokraterna.se\/osteraker\/kontakt\/","og_site_name":"\u00d6ster\u00e5ker","article_modified_time":"2023-06-13T21:33:55+00:00","twitter_card":"summary_large_image","twitter_misc":{"Ber\u00e4knad l\u00e4stid":"1 minut"},"schema":{"@context":"https:\/\/schema.org","@graph":[{"@type":"WebPage","@id":"https:\/\/wp.kristdemokraterna.se\/osteraker\/kontakt\/","url":"https:\/\/wp.kristdemokraterna.se\/osteraker\/kontakt\/","name":"Kontakt - \u00d6ster\u00e5ker","isPartOf":{"@id":"https:\/\/wp.kristdemokraterna.se\/osteraker\/#website"},"datePublished":"2018-08-06T13:58:23+00:00","dateModified":"2023-06-13T21:33:55+00:00","breadcrumb":{"@id":"https:\/\/wp.kristdemokraterna.se\/osteraker\/kontakt\/#breadcrumb"},"inLanguage":"sv-SE","potentialAction":[{"@type":"ReadAction","target":["https:\/\/wp.kristdemokraterna.se\/osteraker\/kontakt\/"]}]},{"@type":"BreadcrumbList","@id":"https:\/\/wp.kristdemokraterna.se\/osteraker\/kontakt\/#breadcrumb","itemListElement":[{"@type":"ListItem","position":1,"name":"Hem","item":"https:\/\/wp.kristdemokraterna.se\/osteraker\/"},{"@type":"ListItem","position":2,"name":"Kontakt"}]},{"@type":"WebSite","@id":"https:\/\/wp.kristdemokraterna.se\/osteraker\/#website","url":"https:\/\/wp.kristdemokraterna.se\/osteraker\/","name":"\u00d6ster\u00e5ker","description":"En till Kristdemokraterna webbplats","inLanguage":"sv-SE"}]}},"_links":{"self":[{"href":"https:\/\/wp.kristdemokraterna.se\/osteraker\/wp-json\/wp\/v2\/pages\/340","targetHints":{"allow":["GET"]}}],"collection":[{"href":"https:\/\/wp.kristdemokraterna.se\/osteraker\/wp-json\/wp\/v2\/pages"}],"about":[{"href":"https:\/\/wp.kristdemokraterna.se\/osteraker\/wp-json\/wp\/v2\/types\/page"}],"author":[{"embeddable":true,"href":"https:\/\/wp.kristdemokraterna.se\/osteraker\/wp-json\/wp\/v2\/users\/425"}],"replies":[{"embeddable":true,"href":"https:\/\/wp.kristdemokraterna.se\/osteraker\/wp-json\/wp\/v2\/comments?post=340"}],"version-history":[{"count":4,"href":"https:\/\/wp.kristdemokraterna.se\/osteraker\/wp-json\/wp\/v2\/pages\/340\/revisions"}],"predecessor-version":[{"id":523,"href":"https:\/\/wp.kristdemokraterna.se\/osteraker\/wp-json\/wp\/v2\/pages\/340\/revisions\/523"}],"wp:attachment":[{"href":"https:\/\/wp.kristdemokraterna.se\/osteraker\/wp-json\/wp\/v2\/media?parent=340"}],"curies":[{"name":"wp","href":"https:\/\/api.w.org\/{rel}","templated":true}]}}