{"id":622,"date":"2026-05-05T23:14:06","date_gmt":"2026-05-05T21:14:06","guid":{"rendered":"https:\/\/wp.kristdemokraterna.se\/osteraker\/?page_id=622"},"modified":"2026-05-05T23:14:06","modified_gmt":"2026-05-05T21:14:06","slug":"program-for-kd-osteraker-2026-2030","status":"publish","type":"page","link":"https:\/\/wp.kristdemokraterna.se\/osteraker\/program-for-kd-osteraker-2026-2030\/","title":{"rendered":"&#8211; program f\u00f6r KD \u00d6ster\u00e5ker 2026-2030"},"content":{"rendered":"<p>&nbsp;<\/p>\n<p>H\u00d6J SKOLBUDGETEN, ST\u00c4RK F\u00d6RENINGSLIVET, PRIORITERA \u00c4LDREV\u00c5RDEN och utveckla infrastruktur, boende och f\u00f6ruts\u00e4ttningarna f\u00f6r \u00d6ster\u00e5ker f\u00f6retagare!<\/p>\n<p>&nbsp;<\/p>\n<p>ETT TRYGGARE \u00d6STER\u00c5KER B\u00d6RJAR I SKOLAN<\/p>\n<ol>\n<li>Elevers st\u00f6dbehov m\u00e5ste s\u00e4kras. Fler speciall\u00e4rare skall anst\u00e4llas.<\/li>\n<li>Elevh\u00e4lsan p\u00e5 varje skolenhet m\u00e5ste vara tillr\u00e4cklig f\u00f6r att m\u00f6ta elevers psykiska och fysiska oh\u00e4lsa.<\/li>\n<li>Sk\u00e4rg\u00e5rdsskolorna m\u00e5ste st\u00f6djas och ha tillr\u00e4ckligt med personal, god skolmij\u00f6 och tillr\u00e4ckligt med fritidsverksamhet.<\/li>\n<li>F\u00f6rskolorna skall ha kompetent personal och m\u00f6jlighet till flexibla mindre grupper n\u00e4r s\u00e5 beh\u00f6vs.<\/li>\n<li>Fokus p\u00e5 l\u00e4rande och \u00f6kad l\u00e4sf\u00f6rm\u00e5ga skall st\u00e4rkas. L\u00e4sning av litteratur f\u00f6r unga samt l\u00e4sning av klassiker skall ges \u00f6kat utrymme.<\/li>\n<li>BEMANNADE SKOLBIBLIOTEK skall inf\u00f6ras snarast och rekryteringen av skolbibliotekarier intensifieras. Detta \u00e4r ett lagkrav.<\/li>\n<li>\u00d6kad l\u00e4rart\u00e4thet kan beh\u00f6vas f\u00f6r att till exempel undvika f\u00f6r stora grupper i grundskolan eller ge m\u00f6jlighet till halvklassundervisning i Svenska och Matematik p\u00e5 gymnasiet.<\/li>\n<\/ol>\n<p>&nbsp;<\/p>\n<p>\u00c4LDREV\u00c5RD, HEMTJ\u00c4NST OCH \u00c4LDRES LIVSVILLKOR<\/p>\n<ol>\n<li>\u00c4ldrev\u00e5rden i v\u00e5r kommun m\u00e5ste ha en tillr\u00e4cklig budget. Ett samh\u00e4lle som inte kan ta hand om v\u00e5ra \u00e4ldre \u00e4r inte ett fungerande samh\u00e4lle.<\/li>\n<li>Bemanningen m\u00e5ste \u00f6ka om s\u00e5 beh\u00f6vs och ramarna vid upphandling m\u00e5ste h\u00f6jas s\u00e5 att b\u00e5de privata och kommunala utf\u00f6rare kan ge de \u00e4ldre en god v\u00e5rd.<\/li>\n<li>Avtalet med Enebacken har sagts upp och vi i KD skall se till s\u00e5 att nya boenden f\u00e5r en god kvalitet d\u00e4r nya positiva initiativ och id\u00e9er tas tillvara.<\/li>\n<li>Hemtj\u00e4nsten ges \u00f6kade resurser f\u00f6r att s\u00e4kra god kvalitet med minskad tidspress.<\/li>\n<li>V\u00c4NTJ\u00c4NSTENS verksamhet och goda m\u00f6tesplatser f\u00f6r \u00e4ldre skall uppmuntras och ges tillr\u00e4ckligt st\u00f6d.<\/li>\n<li>Fler trygghetsboenden beh\u00f6ver byggas. Dessutom skall KD verka f\u00f6r att andra boendeformer f\u00f6r \u00e4ldre initieras och startas.<\/li>\n<li>M\u00e5nga \u00e4ldre i \u00d6ster\u00e5ker har syn- och h\u00f6rselneds\u00e4ttningar. KD har sett till att vi har f\u00e5tt en h\u00f6rselkonsulent och det \u00e4r viktigt att vi forts\u00e4tter att bevaka \u00f6nskem\u00e5l och behov hos den stora gruppen syn- och h\u00f6rselskadade.<\/li>\n<li>\u00d6ster\u00e5ker \u00e4r FINSKT F\u00d6RVALTNINGSOMR\u00c5DE vilket inneb\u00e4r att vi har ett s\u00e4rskilt och reglerat ansvar f\u00f6r den stora gruppen inv\u00e5nare med finsk bakgrund \u2013 varav m\u00e5nga \u00e4r \u00e4ldre. Detta g\u00e4ller omr\u00e5den som v\u00e5rd, utbildning och kulturutbud och bevakas vid m\u00f6ten d\u00e4r KD n\u00e4rvarar. Budgeten f\u00f6r detta omr\u00e5de beh\u00f6ver f\u00f6rst\u00e4rkas.<\/li>\n<\/ol>\n<p>&nbsp;<\/p>\n<p>KULTUREN VIKTIG DEL AV CIVILF\u00d6RSVARET!<\/p>\n<ol>\n<li>Kulturbudgeten m\u00e5ste h\u00f6jas. Kulturen \u00e4r en sammanh\u00e5llande faktor i s\u00e5v\u00e4l krigstid som fredstid. \u201dDen som sk\u00e4r i kulturen f\u00f6rlorar i l\u00e4ngden\u201d (Alexander Stubb)<\/li>\n<li>\u00d6ster\u00e5kers bibliotek &#8211; som har bland de l\u00e4gsta antalet anst\u00e4llda i Sverige \u2013 beh\u00f6ver en h\u00f6jd budget och ytterligare en bibliotekarie<\/li>\n<li>\u00d6STER\u00c5KERS SJU UNDERVERK ges tillr\u00e4cklig budget f\u00f6r underh\u00e5ll och BISKOPSTUNA renoveras och \u00f6ppnas. Kommunen tar ansvar f\u00f6r att WIRA BRUK underh\u00e5lls och utvecklas.<\/li>\n<\/ol>\n<ul>\n<li>SIMHALLENS projektering s\u00e4kras \u2013 med betryggande ekonomisk planering. KD vill att hallen f\u00e5r en bass\u00e4ng p\u00e5 50 meter.<\/li>\n<li>F\u00f6reningsbidraget h\u00f6js liksom bidrag till evenemang och \u00e4ldreaktiviteter som till exempel ordnas av KULTURF\u00d6RENINGEN, SPF och PRO.<\/li>\n<li>Biograf FACKLANS framtid s\u00e4kras med ett \u00e5rligt kommunalt driftsbidrag.<\/li>\n<li>DOMARUDDEN utvecklas ytterligare vilket KD l\u00e4nge \u00f6nskat.<\/li>\n<li>Fritidsaktiviteter f\u00f6r vuxna personer med IF (intellektuella funktionsneds\u00e4ttningar) ses \u00f6ver och f\u00f6rst\u00e4rks (s\u00e4rskilt sommartid).<\/li>\n<li>Ridsporten med dess m\u00e5nga ut\u00f6vare uppm\u00e4rksammas och en \u00f6versyn av ridv\u00e4garna g\u00f6rs. En majoritet av sporten ut\u00f6vare \u00e4r flickor vilket b\u00f6r beaktas f\u00f6r ett j\u00e4mst\u00e4llt friluftsutbud i \u00d6ster\u00e5ker.<\/li>\n<li>Tv\u00e5 nya FRITIDSLEDARE anst\u00e4lls f\u00f6r att m\u00f6ta de positivt \u00f6kade behoven vid till exempel Bergag\u00e5rden.<\/li>\n<li>FRITIDSKORTET &#8211; som f\u00e5tt en god start i Sverige och i \u00d6ster\u00e5ker \u2013 marknadsf\u00f6rs aktivt.<\/li>\n<\/ul>\n<p>&nbsp;<\/p>\n<p>SAMH\u00c4LLSPLANERING, TRAFIK, BOENDE, F\u00d6RETAGANDE och S\u00c4KERHET<\/p>\n<ol>\n<li>FLER INFARTSPARKERINGAR m\u00e5ste byggas. Nej till nya eller h\u00f6jda P-avgifter.<\/li>\n<li>Parkeringskvoten vid nybyggen skall h\u00f6jas f\u00f6r att bli mer realistisk och b\u00e4ttre \u00f6verensst\u00e4mma med boendes faktiska behov.<\/li>\n<li>Reavinstskatten vid bostadsf\u00f6rs\u00e4ljningar s\u00e4nks i enlighet med KD-f\u00f6rslag p\u00e5 riksniv\u00e5. Detta underl\u00e4ttar f\u00f6r b\u00e5de \u00e4ldre som vill l\u00e4mna sin villa och f\u00f6r yngre som vill ha en st\u00f6rre bostad.<\/li>\n<li>Nya cykelv\u00e4gar anl\u00e4ggs till exempel till \u00d6ster\u00e5kers kyrka, \u00d6ster\u00e5kersanstalten och p\u00e5 Ljuster\u00f6.<\/li>\n<li>Sk\u00e4rg\u00e5rdens behov skall tydligt beaktas genom b\u00e4ttre villkor f\u00f6r f\u00f6retagande, boende, transporter, service, \u00e4ldrev\u00e5rd, hemtj\u00e4nst, skola, kultur och fritid. KD skall samarbeta med Ljuster\u00f6s intressef\u00f6rening (LS\u00d6).<\/li>\n<li>NATUREN SKALL SKYDDAS \u2013 \u00d6ster\u00e5ker skall byggas ut varsamt med h\u00e4nsyn till milj\u00f6, naturomr\u00e5den och kulturmilj\u00f6er.<\/li>\n<li>Varierade boendeformer skall finnas f\u00f6r alla \u00e5ldrar och behov.<\/li>\n<li>Goda villkor f\u00f6r f\u00f6retagare och f\u00f6retagande skall ha h\u00f6g prioritet.<\/li>\n<li>S\u00e4kerhet f\u00f6r alla skall g\u00e4lla. Belysning vid passager och fler kameror skall finnas. Kvinnojouren och dess volont\u00e4rer prioriteras liksom jourens skyddade boenden.<\/li>\n<\/ol>\n","protected":false},"excerpt":{"rendered":"<p>&nbsp; H\u00d6J SKOLBUDGETEN, ST\u00c4RK F\u00d6RENINGSLIVET, PRIORITERA \u00c4LDREV\u00c5RDEN och utveckla infrastruktur, boende och f\u00f6ruts\u00e4ttningarna f\u00f6r \u00d6ster\u00e5ker f\u00f6retagare! &nbsp; ETT TRYGGARE \u00d6STER\u00c5KER B\u00d6RJAR I SKOLAN Elevers st\u00f6dbehov m\u00e5ste s\u00e4kras. Fler speciall\u00e4rare skall anst\u00e4llas. Elevh\u00e4lsan p\u00e5 varje skolenhet m\u00e5ste vara tillr\u00e4cklig f\u00f6r att m\u00f6ta elevers psykiska och fysiska oh\u00e4lsa. Sk\u00e4rg\u00e5rdsskolorna m\u00e5ste st\u00f6djas och ha tillr\u00e4ckligt med personal, god <a class=\"read-more-link\" href=\"https:\/\/wp.kristdemokraterna.se\/osteraker\/program-for-kd-osteraker-2026-2030\/\">Read More<\/a><\/p>\n","protected":false},"author":425,"featured_media":0,"parent":0,"menu_order":0,"comment_status":"closed","ping_status":"closed","template":"","meta":{"_acf_changed":false,"footnotes":""},"class_list":["post-622","page","type-page","status-publish","hentry"],"acf":[],"yoast_head":"<!-- This site is optimized with the Yoast SEO plugin v27.5 - https:\/\/yoast.com\/product\/yoast-seo-wordpress\/ -->\n<title>- program f\u00f6r KD \u00d6ster\u00e5ker 2026-2030 - \u00d6ster\u00e5ker<\/title>\n<meta name=\"robots\" content=\"index, follow, max-snippet:-1, max-image-preview:large, max-video-preview:-1\" \/>\n<link rel=\"canonical\" href=\"https:\/\/wp.kristdemokraterna.se\/osteraker\/program-for-kd-osteraker-2026-2030\/\" \/>\n<meta property=\"og:locale\" content=\"sv_SE\" \/>\n<meta property=\"og:type\" content=\"article\" \/>\n<meta property=\"og:title\" content=\"- program f\u00f6r KD \u00d6ster\u00e5ker 2026-2030 - \u00d6ster\u00e5ker\" \/>\n<meta property=\"og:description\" content=\"&nbsp; H\u00d6J SKOLBUDGETEN, ST\u00c4RK F\u00d6RENINGSLIVET, PRIORITERA \u00c4LDREV\u00c5RDEN och utveckla infrastruktur, boende och f\u00f6ruts\u00e4ttningarna f\u00f6r \u00d6ster\u00e5ker f\u00f6retagare! &nbsp; ETT TRYGGARE \u00d6STER\u00c5KER B\u00d6RJAR I SKOLAN Elevers st\u00f6dbehov m\u00e5ste s\u00e4kras. Fler speciall\u00e4rare skall anst\u00e4llas. Elevh\u00e4lsan p\u00e5 varje skolenhet m\u00e5ste vara tillr\u00e4cklig f\u00f6r att m\u00f6ta elevers psykiska och fysiska oh\u00e4lsa. Sk\u00e4rg\u00e5rdsskolorna m\u00e5ste st\u00f6djas och ha tillr\u00e4ckligt med personal, god Read More\" \/>\n<meta property=\"og:url\" content=\"https:\/\/wp.kristdemokraterna.se\/osteraker\/program-for-kd-osteraker-2026-2030\/\" \/>\n<meta property=\"og:site_name\" content=\"\u00d6ster\u00e5ker\" \/>\n<meta name=\"twitter:card\" content=\"summary_large_image\" \/>\n<meta name=\"twitter:label1\" content=\"Ber\u00e4knad l\u00e4stid\" \/>\n\t<meta name=\"twitter:data1\" content=\"4 minuter\" \/>\n<script type=\"application\/ld+json\" class=\"yoast-schema-graph\">{\"@context\":\"https:\\\/\\\/schema.org\",\"@graph\":[{\"@type\":\"WebPage\",\"@id\":\"https:\\\/\\\/wp.kristdemokraterna.se\\\/osteraker\\\/program-for-kd-osteraker-2026-2030\\\/\",\"url\":\"https:\\\/\\\/wp.kristdemokraterna.se\\\/osteraker\\\/program-for-kd-osteraker-2026-2030\\\/\",\"name\":\"- program f\u00f6r KD \u00d6ster\u00e5ker 2026-2030 - \u00d6ster\u00e5ker\",\"isPartOf\":{\"@id\":\"https:\\\/\\\/wp.kristdemokraterna.se\\\/osteraker\\\/#website\"},\"datePublished\":\"2026-05-05T21:14:06+00:00\",\"breadcrumb\":{\"@id\":\"https:\\\/\\\/wp.kristdemokraterna.se\\\/osteraker\\\/program-for-kd-osteraker-2026-2030\\\/#breadcrumb\"},\"inLanguage\":\"sv-SE\",\"potentialAction\":[{\"@type\":\"ReadAction\",\"target\":[\"https:\\\/\\\/wp.kristdemokraterna.se\\\/osteraker\\\/program-for-kd-osteraker-2026-2030\\\/\"]}]},{\"@type\":\"BreadcrumbList\",\"@id\":\"https:\\\/\\\/wp.kristdemokraterna.se\\\/osteraker\\\/program-for-kd-osteraker-2026-2030\\\/#breadcrumb\",\"itemListElement\":[{\"@type\":\"ListItem\",\"position\":1,\"name\":\"Hem\",\"item\":\"https:\\\/\\\/wp.kristdemokraterna.se\\\/osteraker\\\/\"},{\"@type\":\"ListItem\",\"position\":2,\"name\":\"&#8211; program f\u00f6r KD \u00d6ster\u00e5ker 2026-2030\"}]},{\"@type\":\"WebSite\",\"@id\":\"https:\\\/\\\/wp.kristdemokraterna.se\\\/osteraker\\\/#website\",\"url\":\"https:\\\/\\\/wp.kristdemokraterna.se\\\/osteraker\\\/\",\"name\":\"\u00d6ster\u00e5ker\",\"description\":\"En till Kristdemokraterna webbplats\",\"inLanguage\":\"sv-SE\"}]}<\/script>\n<!-- \/ Yoast SEO plugin. -->","yoast_head_json":{"title":"- program f\u00f6r KD \u00d6ster\u00e5ker 2026-2030 - \u00d6ster\u00e5ker","robots":{"index":"index","follow":"follow","max-snippet":"max-snippet:-1","max-image-preview":"max-image-preview:large","max-video-preview":"max-video-preview:-1"},"canonical":"https:\/\/wp.kristdemokraterna.se\/osteraker\/program-for-kd-osteraker-2026-2030\/","og_locale":"sv_SE","og_type":"article","og_title":"- program f\u00f6r KD \u00d6ster\u00e5ker 2026-2030 - \u00d6ster\u00e5ker","og_description":"&nbsp; H\u00d6J SKOLBUDGETEN, ST\u00c4RK F\u00d6RENINGSLIVET, PRIORITERA \u00c4LDREV\u00c5RDEN och utveckla infrastruktur, boende och f\u00f6ruts\u00e4ttningarna f\u00f6r \u00d6ster\u00e5ker f\u00f6retagare! &nbsp; ETT TRYGGARE \u00d6STER\u00c5KER B\u00d6RJAR I SKOLAN Elevers st\u00f6dbehov m\u00e5ste s\u00e4kras. Fler speciall\u00e4rare skall anst\u00e4llas. Elevh\u00e4lsan p\u00e5 varje skolenhet m\u00e5ste vara tillr\u00e4cklig f\u00f6r att m\u00f6ta elevers psykiska och fysiska oh\u00e4lsa. Sk\u00e4rg\u00e5rdsskolorna m\u00e5ste st\u00f6djas och ha tillr\u00e4ckligt med personal, god Read More","og_url":"https:\/\/wp.kristdemokraterna.se\/osteraker\/program-for-kd-osteraker-2026-2030\/","og_site_name":"\u00d6ster\u00e5ker","twitter_card":"summary_large_image","twitter_misc":{"Ber\u00e4knad l\u00e4stid":"4 minuter"},"schema":{"@context":"https:\/\/schema.org","@graph":[{"@type":"WebPage","@id":"https:\/\/wp.kristdemokraterna.se\/osteraker\/program-for-kd-osteraker-2026-2030\/","url":"https:\/\/wp.kristdemokraterna.se\/osteraker\/program-for-kd-osteraker-2026-2030\/","name":"- program f\u00f6r KD \u00d6ster\u00e5ker 2026-2030 - \u00d6ster\u00e5ker","isPartOf":{"@id":"https:\/\/wp.kristdemokraterna.se\/osteraker\/#website"},"datePublished":"2026-05-05T21:14:06+00:00","breadcrumb":{"@id":"https:\/\/wp.kristdemokraterna.se\/osteraker\/program-for-kd-osteraker-2026-2030\/#breadcrumb"},"inLanguage":"sv-SE","potentialAction":[{"@type":"ReadAction","target":["https:\/\/wp.kristdemokraterna.se\/osteraker\/program-for-kd-osteraker-2026-2030\/"]}]},{"@type":"BreadcrumbList","@id":"https:\/\/wp.kristdemokraterna.se\/osteraker\/program-for-kd-osteraker-2026-2030\/#breadcrumb","itemListElement":[{"@type":"ListItem","position":1,"name":"Hem","item":"https:\/\/wp.kristdemokraterna.se\/osteraker\/"},{"@type":"ListItem","position":2,"name":"&#8211; program f\u00f6r KD \u00d6ster\u00e5ker 2026-2030"}]},{"@type":"WebSite","@id":"https:\/\/wp.kristdemokraterna.se\/osteraker\/#website","url":"https:\/\/wp.kristdemokraterna.se\/osteraker\/","name":"\u00d6ster\u00e5ker","description":"En till Kristdemokraterna webbplats","inLanguage":"sv-SE"}]}},"_links":{"self":[{"href":"https:\/\/wp.kristdemokraterna.se\/osteraker\/wp-json\/wp\/v2\/pages\/622","targetHints":{"allow":["GET"]}}],"collection":[{"href":"https:\/\/wp.kristdemokraterna.se\/osteraker\/wp-json\/wp\/v2\/pages"}],"about":[{"href":"https:\/\/wp.kristdemokraterna.se\/osteraker\/wp-json\/wp\/v2\/types\/page"}],"author":[{"embeddable":true,"href":"https:\/\/wp.kristdemokraterna.se\/osteraker\/wp-json\/wp\/v2\/users\/425"}],"replies":[{"embeddable":true,"href":"https:\/\/wp.kristdemokraterna.se\/osteraker\/wp-json\/wp\/v2\/comments?post=622"}],"version-history":[{"count":2,"href":"https:\/\/wp.kristdemokraterna.se\/osteraker\/wp-json\/wp\/v2\/pages\/622\/revisions"}],"predecessor-version":[{"id":624,"href":"https:\/\/wp.kristdemokraterna.se\/osteraker\/wp-json\/wp\/v2\/pages\/622\/revisions\/624"}],"wp:attachment":[{"href":"https:\/\/wp.kristdemokraterna.se\/osteraker\/wp-json\/wp\/v2\/media?parent=622"}],"curies":[{"name":"wp","href":"https:\/\/api.w.org\/{rel}","templated":true}]}}