{"id":269,"date":"2017-11-29T16:48:28","date_gmt":"2017-11-29T15:48:28","guid":{"rendered":"http:\/\/wp.kristdemokraterna.se\/ostergotland\/?page_id=269"},"modified":"2026-04-07T11:19:30","modified_gmt":"2026-04-07T09:19:30","slug":"kontakta-oss","status":"publish","type":"page","link":"https:\/\/wp.kristdemokraterna.se\/ostergotland\/kontakta-oss\/","title":{"rendered":"Kontakta oss"},"content":{"rendered":"<p><strong>Partidistriktsordf\u00f6rande<br \/>\n<\/strong>Magnus Oscarsson, tfn 0725-38 41 08, <a href=\"mailto:magnus.oscarsson@riksdagen.se\">e-post<\/a><\/p>\n<p><strong>Regionr\u00e5d<\/strong><br \/>\nPer Larsson, tfn 010-103 72 84, <a href=\"mailto:per.larsson@regionostergotland.se\" target=\"_blank\" rel=\"noopener noreferrer\">e-post<\/a><br \/>\nAnnicki Oscarsson, tfn 010-103 33 30, <a href=\"mailto:annicki.oscarsson@regionostergotland.se\" target=\"_blank\" rel=\"noopener noreferrer\">e-post<\/a><\/p>\n<p><strong>Politisk sekreterare KD Region \u00d6sterg\u00f6tland<\/strong><br \/>\nFredrik Topplund, tfn 0703-38 52 70, <a href=\"mailto:fredrik.topplund@regionostergotland.se\" target=\"_blank\" rel=\"noopener noreferrer\">e-post<\/a><br \/>\nMax Dahlgren, <a href=\"max.dahlgren@regionostergotland.se\">e-post<\/a><\/p>\n<p><strong>Partiombudsman<\/strong><br \/>\nAnnelie Noort, tfn 013-10 16 20, <a href=\"mailto:annelie.noort@kristdemokraterna.se\">e-post<\/a><\/p>\n<p><strong>Kansliadress<br \/>\n<\/strong>Gr\u00e4nden Duvan 2, 582 26 Link\u00f6ping, <a href=\"http:\/\/www.hitta.se\/karta#var=Gr%C3%A4nden%20Duvan%202&amp;from=1&amp;pageCount=20&amp;level=1&amp;sm=6&amp;center=6476298:1489660&amp;type=map&amp;zl=9&amp;bounds=6476022:1489180,6476575:1490140&amp;rlm=1\" target=\"_blank\" rel=\"noopener noreferrer\">karta<\/a><br \/>\nTelefon: <a href=\"tel:013-10 16 20\" target=\"_blank\" rel=\"noopener\">013-10 16 20<\/a><br \/>\nE-post: ostergotland@kristdemokraterna.se<br \/>\nGilla oss p\u00e5 <a href=\"https:\/\/www.facebook.com\/pages\/Kristdemokraterna-i-%C3%96sterg%C3%B6tland\/254418897961924\" target=\"_blank\" rel=\"noopener noreferrer\">Facebook\u00a0<\/a><\/p>\n<p><strong>PARTIDISTRIKTSSTYRELSEN 2026<\/strong><\/p>\n<p><strong>Presidium<\/strong><br \/>\nMagnus Oscarsson, \u00d6desh\u00f6g, partidistriktsordf\u00f6rande, tfn 0705-64 24 09, <a href=\"mailto:magnus.oscarsson@kristdemokraterna.se\">e-post<\/a><br \/>\nPer Larsson, Link\u00f6ping, f\u00f6rste vice partidistriktsordf\u00f6rande, tfn 0702-88 21 34, <a href=\"mailto:per.larsson@kristdemokraterna.se\">e-post<\/a><br \/>\nLiselotte Fager, Link\u00f6ping, andre vice partidistriktsordf\u00f6rande, tfn 076-048 14 90, <a href=\"liselotte.fager@kristdemokraterna.se\">e-post<\/a><\/p>\n<p><strong>Ledam\u00f6ter<\/strong><br \/>\nLars Rox\u00e5, Link\u00f6ping<br \/>\nTomas Tekmen, Norrk\u00f6ping<br \/>\nLena K\u00e4cker Johansson, Kinda<br \/>\nMagnus Sj\u00f6berg, Mj\u00f6lby<br \/>\nKristin Andersson, Finsp\u00e5ng<br \/>\nEva-Britt Sj\u00f6berg, Norrk\u00f6ping<br \/>\nAnders Eksmo, S\u00f6derk\u00f6ping<br \/>\nMarie Johansson, ordf\u00f6rande KD-K \u00d6sterg\u00f6tland<br \/>\nSolveig Danielsson, ordf\u00f6rande KD Seniorer \u00d6sterg\u00f6tland<br \/>\nErik Ahl, ordf\u00f6rande KDU \u00d6sterg\u00f6tland<\/p>\n<p><strong>Ers\u00e4ttare<\/strong><br \/>\nNiclas Clar\u00e9n, Norrk\u00f6ping<br \/>\nDick Jonsson, Link\u00f6ping<br \/>\nFredrik Hanstr\u00f6m, \u00c5tvidaberg<br \/>\nMax Dahlgren, \u00c5tvidaberg<br \/>\nPatrik Stenlund, Vadstena<br \/>\nMalin Hansson, Norrk\u00f6ping<br \/>\nSusanne H\u00e4rner, Link\u00f6ping<br \/>\nAnne Westin, vice ordf\u00f6rande KD-K \u00d6sterg\u00f6tland<br \/>\nWilliam Jarl Boiardt, vice ordf\u00f6rande KDU \u00d6sterg\u00f6tland<\/p>\n<p><strong>Adjungerade<br \/>\n<\/strong>Annicki Oscarsson, regionr\u00e5d, <a href=\"annicki.oscarsson@regionostergotland.se\">e-post<\/a><br \/>\nFredrik Topplund, Politisk sekreterare Region \u00d6sterg\u00f6tland, <a href=\"mailto:fredrik.topplund@kristdemokraterna.se\">e-post<\/a><br \/>\nAnnelie Noort, Partiombudsman Kristdemokraterna i \u00d6sterg\u00f6tland, <a href=\"mailto:annelie.noort@kristdemokraterna.se\">e-post<\/a><\/p>\n<p>&#8212;&#8212;&#8212;&#8212;&#8212;&#8212;&#8212;&#8212;&#8212;&#8212;-<br \/>\nSenast \u00e4ndrat 2026-04-07<\/p>\n","protected":false},"excerpt":{"rendered":"<p>Partidistriktsordf\u00f6rande Magnus Oscarsson, tfn 0725-38 41 08, e-post Regionr\u00e5d Per Larsson, tfn 010-103 72 84, e-post Annicki Oscarsson, tfn 010-103 33 30, e-post Politisk sekreterare KD Region \u00d6sterg\u00f6tland Fredrik Topplund, tfn 0703-38 52 70, e-post Max Dahlgren, e-post Partiombudsman Annelie Noort, tfn 013-10 16 20, e-post Kansliadress Gr\u00e4nden Duvan 2, 582 26 Link\u00f6ping, karta Telefon: <a class=\"read-more-link\" href=\"https:\/\/wp.kristdemokraterna.se\/ostergotland\/kontakta-oss\/\">L\u00e4s mer<\/a><\/p>\n","protected":false},"author":409,"featured_media":0,"parent":0,"menu_order":0,"comment_status":"closed","ping_status":"closed","template":"page.php","meta":{"_acf_changed":false,"footnotes":""},"class_list":["post-269","page","type-page","status-publish","hentry"],"acf":[],"yoast_head":"<!-- This site is optimized with the Yoast SEO plugin v27.4 - https:\/\/yoast.com\/product\/yoast-seo-wordpress\/ -->\n<title>Kontakta oss - Kristdemokraterna | \u00d6sterg\u00f6tland<\/title>\n<meta name=\"robots\" content=\"index, follow, max-snippet:-1, max-image-preview:large, max-video-preview:-1\" \/>\n<link rel=\"canonical\" href=\"https:\/\/wp.kristdemokraterna.se\/ostergotland\/kontakta-oss\/\" \/>\n<meta property=\"og:locale\" content=\"sv_SE\" \/>\n<meta property=\"og:type\" content=\"article\" \/>\n<meta property=\"og:title\" content=\"Kontakta oss - Kristdemokraterna | \u00d6sterg\u00f6tland\" \/>\n<meta property=\"og:description\" content=\"Partidistriktsordf\u00f6rande Magnus Oscarsson, tfn 0725-38 41 08, e-post Regionr\u00e5d Per Larsson, tfn 010-103 72 84, e-post Annicki Oscarsson, tfn 010-103 33 30, e-post Politisk sekreterare KD Region \u00d6sterg\u00f6tland Fredrik Topplund, tfn 0703-38 52 70, e-post Max Dahlgren, e-post Partiombudsman Annelie Noort, tfn 013-10 16 20, e-post Kansliadress Gr\u00e4nden Duvan 2, 582 26 Link\u00f6ping, karta Telefon: L\u00e4s mer\" \/>\n<meta property=\"og:url\" content=\"https:\/\/wp.kristdemokraterna.se\/ostergotland\/kontakta-oss\/\" \/>\n<meta property=\"og:site_name\" content=\"Kristdemokraterna | \u00d6sterg\u00f6tland\" \/>\n<meta property=\"article:modified_time\" content=\"2026-04-07T09:19:30+00:00\" \/>\n<meta name=\"twitter:card\" content=\"summary_large_image\" \/>\n<meta name=\"twitter:label1\" content=\"Ber\u00e4knad l\u00e4stid\" \/>\n\t<meta name=\"twitter:data1\" content=\"1 minut\" \/>\n<script type=\"application\/ld+json\" class=\"yoast-schema-graph\">{\"@context\":\"https:\\\/\\\/schema.org\",\"@graph\":[{\"@type\":\"WebPage\",\"@id\":\"https:\\\/\\\/wp.kristdemokraterna.se\\\/ostergotland\\\/kontakta-oss\\\/\",\"url\":\"https:\\\/\\\/wp.kristdemokraterna.se\\\/ostergotland\\\/kontakta-oss\\\/\",\"name\":\"Kontakta oss - Kristdemokraterna | \u00d6sterg\u00f6tland\",\"isPartOf\":{\"@id\":\"https:\\\/\\\/wp.kristdemokraterna.se\\\/ostergotland\\\/#website\"},\"datePublished\":\"2017-11-29T15:48:28+00:00\",\"dateModified\":\"2026-04-07T09:19:30+00:00\",\"breadcrumb\":{\"@id\":\"https:\\\/\\\/wp.kristdemokraterna.se\\\/ostergotland\\\/kontakta-oss\\\/#breadcrumb\"},\"inLanguage\":\"sv-SE\",\"potentialAction\":[{\"@type\":\"ReadAction\",\"target\":[\"https:\\\/\\\/wp.kristdemokraterna.se\\\/ostergotland\\\/kontakta-oss\\\/\"]}]},{\"@type\":\"BreadcrumbList\",\"@id\":\"https:\\\/\\\/wp.kristdemokraterna.se\\\/ostergotland\\\/kontakta-oss\\\/#breadcrumb\",\"itemListElement\":[{\"@type\":\"ListItem\",\"position\":1,\"name\":\"Hem\",\"item\":\"https:\\\/\\\/wp.kristdemokraterna.se\\\/ostergotland\\\/\"},{\"@type\":\"ListItem\",\"position\":2,\"name\":\"Kontakta oss\"}]},{\"@type\":\"WebSite\",\"@id\":\"https:\\\/\\\/wp.kristdemokraterna.se\\\/ostergotland\\\/#website\",\"url\":\"https:\\\/\\\/wp.kristdemokraterna.se\\\/ostergotland\\\/\",\"name\":\"Kristdemokraterna | \u00d6sterg\u00f6tland\",\"description\":\"V\u00e4lkommen till Kristdemokraterna i \u00d6sterg\u00f6tland\",\"inLanguage\":\"sv-SE\"}]}<\/script>\n<!-- \/ Yoast SEO plugin. -->","yoast_head_json":{"title":"Kontakta oss - Kristdemokraterna | \u00d6sterg\u00f6tland","robots":{"index":"index","follow":"follow","max-snippet":"max-snippet:-1","max-image-preview":"max-image-preview:large","max-video-preview":"max-video-preview:-1"},"canonical":"https:\/\/wp.kristdemokraterna.se\/ostergotland\/kontakta-oss\/","og_locale":"sv_SE","og_type":"article","og_title":"Kontakta oss - Kristdemokraterna | \u00d6sterg\u00f6tland","og_description":"Partidistriktsordf\u00f6rande Magnus Oscarsson, tfn 0725-38 41 08, e-post Regionr\u00e5d Per Larsson, tfn 010-103 72 84, e-post Annicki Oscarsson, tfn 010-103 33 30, e-post Politisk sekreterare KD Region \u00d6sterg\u00f6tland Fredrik Topplund, tfn 0703-38 52 70, e-post Max Dahlgren, e-post Partiombudsman Annelie Noort, tfn 013-10 16 20, e-post Kansliadress Gr\u00e4nden Duvan 2, 582 26 Link\u00f6ping, karta Telefon: L\u00e4s mer","og_url":"https:\/\/wp.kristdemokraterna.se\/ostergotland\/kontakta-oss\/","og_site_name":"Kristdemokraterna | \u00d6sterg\u00f6tland","article_modified_time":"2026-04-07T09:19:30+00:00","twitter_card":"summary_large_image","twitter_misc":{"Ber\u00e4knad l\u00e4stid":"1 minut"},"schema":{"@context":"https:\/\/schema.org","@graph":[{"@type":"WebPage","@id":"https:\/\/wp.kristdemokraterna.se\/ostergotland\/kontakta-oss\/","url":"https:\/\/wp.kristdemokraterna.se\/ostergotland\/kontakta-oss\/","name":"Kontakta oss - Kristdemokraterna | \u00d6sterg\u00f6tland","isPartOf":{"@id":"https:\/\/wp.kristdemokraterna.se\/ostergotland\/#website"},"datePublished":"2017-11-29T15:48:28+00:00","dateModified":"2026-04-07T09:19:30+00:00","breadcrumb":{"@id":"https:\/\/wp.kristdemokraterna.se\/ostergotland\/kontakta-oss\/#breadcrumb"},"inLanguage":"sv-SE","potentialAction":[{"@type":"ReadAction","target":["https:\/\/wp.kristdemokraterna.se\/ostergotland\/kontakta-oss\/"]}]},{"@type":"BreadcrumbList","@id":"https:\/\/wp.kristdemokraterna.se\/ostergotland\/kontakta-oss\/#breadcrumb","itemListElement":[{"@type":"ListItem","position":1,"name":"Hem","item":"https:\/\/wp.kristdemokraterna.se\/ostergotland\/"},{"@type":"ListItem","position":2,"name":"Kontakta oss"}]},{"@type":"WebSite","@id":"https:\/\/wp.kristdemokraterna.se\/ostergotland\/#website","url":"https:\/\/wp.kristdemokraterna.se\/ostergotland\/","name":"Kristdemokraterna | \u00d6sterg\u00f6tland","description":"V\u00e4lkommen till Kristdemokraterna i \u00d6sterg\u00f6tland","inLanguage":"sv-SE"}]}},"_links":{"self":[{"href":"https:\/\/wp.kristdemokraterna.se\/ostergotland\/wp-json\/wp\/v2\/pages\/269","targetHints":{"allow":["GET"]}}],"collection":[{"href":"https:\/\/wp.kristdemokraterna.se\/ostergotland\/wp-json\/wp\/v2\/pages"}],"about":[{"href":"https:\/\/wp.kristdemokraterna.se\/ostergotland\/wp-json\/wp\/v2\/types\/page"}],"author":[{"embeddable":true,"href":"https:\/\/wp.kristdemokraterna.se\/ostergotland\/wp-json\/wp\/v2\/users\/409"}],"replies":[{"embeddable":true,"href":"https:\/\/wp.kristdemokraterna.se\/ostergotland\/wp-json\/wp\/v2\/comments?post=269"}],"version-history":[{"count":40,"href":"https:\/\/wp.kristdemokraterna.se\/ostergotland\/wp-json\/wp\/v2\/pages\/269\/revisions"}],"predecessor-version":[{"id":1266,"href":"https:\/\/wp.kristdemokraterna.se\/ostergotland\/wp-json\/wp\/v2\/pages\/269\/revisions\/1266"}],"wp:attachment":[{"href":"https:\/\/wp.kristdemokraterna.se\/ostergotland\/wp-json\/wp\/v2\/media?parent=269"}],"curies":[{"name":"wp","href":"https:\/\/api.w.org\/{rel}","templated":true}]}}