{"id":329,"date":"2019-04-07T20:43:12","date_gmt":"2019-04-07T18:43:12","guid":{"rendered":"http:\/\/wp.kristdemokraterna.se\/ostermalm\/?page_id=329"},"modified":"2022-02-21T16:55:41","modified_gmt":"2022-02-21T15:55:41","slug":"pa-ostermalm","status":"publish","type":"page","link":"https:\/\/wp.kristdemokraterna.se\/ostermalm\/stadsdelen\/pa-ostermalm\/","title":{"rendered":"\u00d6stermalms stadsdelsomr\u00e5de"},"content":{"rendered":"<p>\u00d6stermalms stadsdelsomr\u00e5de \u00e4r ett av tretton stadsdelsomr\u00e5den som Stockholms kommun \u00e4r uppdelad i. I \u00d6stermalms stadsdelsomr\u00e5de ing\u00e5r stadsdelarna:<\/p>\n<ul>\n<li>G\u00e4rdet<\/li>\n<li>Hjorthagen<\/li>\n<li>S\u00f6dra Djurg\u00e5rden<\/li>\n<li>Norra Djurg\u00e5rden<\/li>\n<li>\u00d6stermalm (utom en mindre del vid Roslagstull)<\/li>\n<\/ul>\n<p><a href=\"http:\/\/wp.kristdemokraterna.se\/ostermalm\/files\/2019\/04\/gardet-banner.jpg\"><img loading=\"lazy\" decoding=\"async\" class=\"wp-image-303 alignleft\" src=\"http:\/\/wp.kristdemokraterna.se\/ostermalm\/files\/2019\/04\/gardet-banner-300x74.jpg\" alt=\"\" width=\"472\" height=\"116\" srcset=\"https:\/\/wp.kristdemokraterna.se\/ostermalm\/files\/2019\/04\/gardet-banner-300x74.jpg 300w, https:\/\/wp.kristdemokraterna.se\/ostermalm\/files\/2019\/04\/gardet-banner-768x188.jpg 768w, https:\/\/wp.kristdemokraterna.se\/ostermalm\/files\/2019\/04\/gardet-banner-1024x251.jpg 1024w, https:\/\/wp.kristdemokraterna.se\/ostermalm\/files\/2019\/04\/gardet-banner-370x91.jpg 370w, https:\/\/wp.kristdemokraterna.se\/ostermalm\/files\/2019\/04\/gardet-banner-770x189.jpg 770w, https:\/\/wp.kristdemokraterna.se\/ostermalm\/files\/2019\/04\/gardet-banner-450x110.jpg 450w, https:\/\/wp.kristdemokraterna.se\/ostermalm\/files\/2019\/04\/gardet-banner-280x69.jpg 280w, https:\/\/wp.kristdemokraterna.se\/ostermalm\/files\/2019\/04\/gardet-banner-340x83.jpg 340w, https:\/\/wp.kristdemokraterna.se\/ostermalm\/files\/2019\/04\/gardet-banner-200x49.jpg 200w, https:\/\/wp.kristdemokraterna.se\/ostermalm\/files\/2019\/04\/gardet-banner-229x56.jpg 229w, https:\/\/wp.kristdemokraterna.se\/ostermalm\/files\/2019\/04\/gardet-banner.jpg 2000w\" sizes=\"auto, (max-width: 472px) 100vw, 472px\" \/><\/a><\/p>\n<p>&nbsp;<\/p>\n<p>&nbsp;<\/p>\n<p>&nbsp;<\/p>\n<p>&nbsp;<\/p>\n<p>Stadsdelsomr\u00e5det avgr\u00e4nsas i v\u00e4ster av Birger Jarlsgatan i hela dess l\u00e4ngd, i nord\u00f6st upp mot Ruddammen ut till Ekhagen, genom Lilljansskogen till Norra Djurg\u00e5rdsstaden,vidare till G\u00e4rdet ner mot Djurg\u00e5rdsbrunnsviken, ut p\u00e5 Djurg\u00e5rden och i s\u00f6der av kajen l\u00e4ngs med Strandv\u00e4gen.<\/p>\n<p style=\"text-align: center\"><a href=\"http:\/\/wp.kristdemokraterna.se\/ostermalm\/files\/2022\/02\/ostermalms-stadsdelsomrade_juserad.png\"><img loading=\"lazy\" decoding=\"async\" class=\"alignnone size-medium wp-image-571\" src=\"http:\/\/wp.kristdemokraterna.se\/ostermalm\/files\/2022\/02\/ostermalms-stadsdelsomrade_juserad-300x283.png\" alt=\"\" width=\"300\" height=\"283\" srcset=\"https:\/\/wp.kristdemokraterna.se\/ostermalm\/files\/2022\/02\/ostermalms-stadsdelsomrade_juserad-300x283.png 300w, https:\/\/wp.kristdemokraterna.se\/ostermalm\/files\/2022\/02\/ostermalms-stadsdelsomrade_juserad-212x200.png 212w, https:\/\/wp.kristdemokraterna.se\/ostermalm\/files\/2022\/02\/ostermalms-stadsdelsomrade_juserad-370x349.png 370w, https:\/\/wp.kristdemokraterna.se\/ostermalm\/files\/2022\/02\/ostermalms-stadsdelsomrade_juserad-450x425.png 450w, https:\/\/wp.kristdemokraterna.se\/ostermalm\/files\/2022\/02\/ostermalms-stadsdelsomrade_juserad-280x264.png 280w, https:\/\/wp.kristdemokraterna.se\/ostermalm\/files\/2022\/02\/ostermalms-stadsdelsomrade_juserad-340x321.png 340w, https:\/\/wp.kristdemokraterna.se\/ostermalm\/files\/2022\/02\/ostermalms-stadsdelsomrade_juserad-200x189.png 200w, https:\/\/wp.kristdemokraterna.se\/ostermalm\/files\/2022\/02\/ostermalms-stadsdelsomrade_juserad-59x56.png 59w, https:\/\/wp.kristdemokraterna.se\/ostermalm\/files\/2022\/02\/ostermalms-stadsdelsomrade_juserad.png 480w\" sizes=\"auto, (max-width: 300px) 100vw, 300px\" \/><\/a><\/p>\n","protected":false},"excerpt":{"rendered":"<p>\u00d6stermalms stadsdelsomr\u00e5de \u00e4r ett av tretton stadsdelsomr\u00e5den som Stockholms kommun \u00e4r uppdelad i. I \u00d6stermalms stadsdelsomr\u00e5de ing\u00e5r stadsdelarna: G\u00e4rdet Hjorthagen S\u00f6dra Djurg\u00e5rden Norra Djurg\u00e5rden \u00d6stermalm (utom en mindre del vid Roslagstull) &nbsp; &nbsp; &nbsp; &nbsp; Stadsdelsomr\u00e5det avgr\u00e4nsas i v\u00e4ster av Birger Jarlsgatan i hela dess l\u00e4ngd, i nord\u00f6st upp mot Ruddammen ut till Ekhagen, genom <a class=\"read-more-link\" href=\"https:\/\/wp.kristdemokraterna.se\/ostermalm\/stadsdelen\/pa-ostermalm\/\">Read More<\/a><\/p>\n","protected":false},"author":833,"featured_media":0,"parent":559,"menu_order":0,"comment_status":"closed","ping_status":"closed","template":"page.php","meta":{"_acf_changed":false,"footnotes":""},"class_list":["post-329","page","type-page","status-publish","hentry"],"acf":[],"yoast_head":"<!-- This site is optimized with the Yoast SEO plugin v27.4 - https:\/\/yoast.com\/product\/yoast-seo-wordpress\/ -->\n<title>\u00d6stermalms stadsdelsomr\u00e5de - Kristdemokraterna | \u00d6stermalm<\/title>\n<meta name=\"robots\" content=\"index, follow, max-snippet:-1, max-image-preview:large, max-video-preview:-1\" \/>\n<link rel=\"canonical\" href=\"https:\/\/wp.kristdemokraterna.se\/ostermalm\/stadsdelen\/pa-ostermalm\/\" \/>\n<meta property=\"og:locale\" content=\"sv_SE\" \/>\n<meta property=\"og:type\" content=\"article\" \/>\n<meta property=\"og:title\" content=\"\u00d6stermalms stadsdelsomr\u00e5de - Kristdemokraterna | \u00d6stermalm\" \/>\n<meta property=\"og:description\" content=\"\u00d6stermalms stadsdelsomr\u00e5de \u00e4r ett av tretton stadsdelsomr\u00e5den som Stockholms kommun \u00e4r uppdelad i. I \u00d6stermalms stadsdelsomr\u00e5de ing\u00e5r stadsdelarna: G\u00e4rdet Hjorthagen S\u00f6dra Djurg\u00e5rden Norra Djurg\u00e5rden \u00d6stermalm (utom en mindre del vid Roslagstull) &nbsp; &nbsp; &nbsp; &nbsp; Stadsdelsomr\u00e5det avgr\u00e4nsas i v\u00e4ster av Birger Jarlsgatan i hela dess l\u00e4ngd, i nord\u00f6st upp mot Ruddammen ut till Ekhagen, genom Read More\" \/>\n<meta property=\"og:url\" content=\"https:\/\/wp.kristdemokraterna.se\/ostermalm\/stadsdelen\/pa-ostermalm\/\" \/>\n<meta property=\"og:site_name\" content=\"Kristdemokraterna | \u00d6stermalm\" \/>\n<meta property=\"article:modified_time\" content=\"2022-02-21T15:55:41+00:00\" \/>\n<meta property=\"og:image\" content=\"http:\/\/wp.kristdemokraterna.se\/ostermalm\/files\/2019\/04\/gardet-banner-300x74.jpg\" \/>\n<meta name=\"twitter:card\" content=\"summary_large_image\" \/>\n<meta name=\"twitter:label1\" content=\"Ber\u00e4knad l\u00e4stid\" \/>\n\t<meta name=\"twitter:data1\" content=\"1 minut\" \/>\n<script type=\"application\/ld+json\" class=\"yoast-schema-graph\">{\"@context\":\"https:\\\/\\\/schema.org\",\"@graph\":[{\"@type\":\"WebPage\",\"@id\":\"https:\\\/\\\/wp.kristdemokraterna.se\\\/ostermalm\\\/stadsdelen\\\/pa-ostermalm\\\/\",\"url\":\"https:\\\/\\\/wp.kristdemokraterna.se\\\/ostermalm\\\/stadsdelen\\\/pa-ostermalm\\\/\",\"name\":\"\u00d6stermalms stadsdelsomr\u00e5de - Kristdemokraterna | \u00d6stermalm\",\"isPartOf\":{\"@id\":\"https:\\\/\\\/wp.kristdemokraterna.se\\\/ostermalm\\\/#website\"},\"primaryImageOfPage\":{\"@id\":\"https:\\\/\\\/wp.kristdemokraterna.se\\\/ostermalm\\\/stadsdelen\\\/pa-ostermalm\\\/#primaryimage\"},\"image\":{\"@id\":\"https:\\\/\\\/wp.kristdemokraterna.se\\\/ostermalm\\\/stadsdelen\\\/pa-ostermalm\\\/#primaryimage\"},\"thumbnailUrl\":\"http:\\\/\\\/wp.kristdemokraterna.se\\\/ostermalm\\\/files\\\/2019\\\/04\\\/gardet-banner-300x74.jpg\",\"datePublished\":\"2019-04-07T18:43:12+00:00\",\"dateModified\":\"2022-02-21T15:55:41+00:00\",\"breadcrumb\":{\"@id\":\"https:\\\/\\\/wp.kristdemokraterna.se\\\/ostermalm\\\/stadsdelen\\\/pa-ostermalm\\\/#breadcrumb\"},\"inLanguage\":\"sv-SE\",\"potentialAction\":[{\"@type\":\"ReadAction\",\"target\":[\"https:\\\/\\\/wp.kristdemokraterna.se\\\/ostermalm\\\/stadsdelen\\\/pa-ostermalm\\\/\"]}]},{\"@type\":\"ImageObject\",\"inLanguage\":\"sv-SE\",\"@id\":\"https:\\\/\\\/wp.kristdemokraterna.se\\\/ostermalm\\\/stadsdelen\\\/pa-ostermalm\\\/#primaryimage\",\"url\":\"http:\\\/\\\/wp.kristdemokraterna.se\\\/ostermalm\\\/files\\\/2019\\\/04\\\/gardet-banner-300x74.jpg\",\"contentUrl\":\"http:\\\/\\\/wp.kristdemokraterna.se\\\/ostermalm\\\/files\\\/2019\\\/04\\\/gardet-banner-300x74.jpg\"},{\"@type\":\"BreadcrumbList\",\"@id\":\"https:\\\/\\\/wp.kristdemokraterna.se\\\/ostermalm\\\/stadsdelen\\\/pa-ostermalm\\\/#breadcrumb\",\"itemListElement\":[{\"@type\":\"ListItem\",\"position\":1,\"name\":\"Hem\",\"item\":\"https:\\\/\\\/wp.kristdemokraterna.se\\\/ostermalm\\\/\"},{\"@type\":\"ListItem\",\"position\":2,\"name\":\"Stadsdelen\",\"item\":\"https:\\\/\\\/wp.kristdemokraterna.se\\\/ostermalm\\\/stadsdelen\\\/\"},{\"@type\":\"ListItem\",\"position\":3,\"name\":\"\u00d6stermalms stadsdelsomr\u00e5de\"}]},{\"@type\":\"WebSite\",\"@id\":\"https:\\\/\\\/wp.kristdemokraterna.se\\\/ostermalm\\\/#website\",\"url\":\"https:\\\/\\\/wp.kristdemokraterna.se\\\/ostermalm\\\/\",\"name\":\"Kristdemokraterna | \u00d6stermalm\",\"description\":\"KD Partiavdelning \u00d6stermalm\",\"inLanguage\":\"sv-SE\"}]}<\/script>\n<!-- \/ Yoast SEO plugin. -->","yoast_head_json":{"title":"\u00d6stermalms stadsdelsomr\u00e5de - Kristdemokraterna | \u00d6stermalm","robots":{"index":"index","follow":"follow","max-snippet":"max-snippet:-1","max-image-preview":"max-image-preview:large","max-video-preview":"max-video-preview:-1"},"canonical":"https:\/\/wp.kristdemokraterna.se\/ostermalm\/stadsdelen\/pa-ostermalm\/","og_locale":"sv_SE","og_type":"article","og_title":"\u00d6stermalms stadsdelsomr\u00e5de - Kristdemokraterna | \u00d6stermalm","og_description":"\u00d6stermalms stadsdelsomr\u00e5de \u00e4r ett av tretton stadsdelsomr\u00e5den som Stockholms kommun \u00e4r uppdelad i. I \u00d6stermalms stadsdelsomr\u00e5de ing\u00e5r stadsdelarna: G\u00e4rdet Hjorthagen S\u00f6dra Djurg\u00e5rden Norra Djurg\u00e5rden \u00d6stermalm (utom en mindre del vid Roslagstull) &nbsp; &nbsp; &nbsp; &nbsp; Stadsdelsomr\u00e5det avgr\u00e4nsas i v\u00e4ster av Birger Jarlsgatan i hela dess l\u00e4ngd, i nord\u00f6st upp mot Ruddammen ut till Ekhagen, genom Read More","og_url":"https:\/\/wp.kristdemokraterna.se\/ostermalm\/stadsdelen\/pa-ostermalm\/","og_site_name":"Kristdemokraterna | \u00d6stermalm","article_modified_time":"2022-02-21T15:55:41+00:00","og_image":[{"url":"http:\/\/wp.kristdemokraterna.se\/ostermalm\/files\/2019\/04\/gardet-banner-300x74.jpg","type":"","width":"","height":""}],"twitter_card":"summary_large_image","twitter_misc":{"Ber\u00e4knad l\u00e4stid":"1 minut"},"schema":{"@context":"https:\/\/schema.org","@graph":[{"@type":"WebPage","@id":"https:\/\/wp.kristdemokraterna.se\/ostermalm\/stadsdelen\/pa-ostermalm\/","url":"https:\/\/wp.kristdemokraterna.se\/ostermalm\/stadsdelen\/pa-ostermalm\/","name":"\u00d6stermalms stadsdelsomr\u00e5de - Kristdemokraterna | \u00d6stermalm","isPartOf":{"@id":"https:\/\/wp.kristdemokraterna.se\/ostermalm\/#website"},"primaryImageOfPage":{"@id":"https:\/\/wp.kristdemokraterna.se\/ostermalm\/stadsdelen\/pa-ostermalm\/#primaryimage"},"image":{"@id":"https:\/\/wp.kristdemokraterna.se\/ostermalm\/stadsdelen\/pa-ostermalm\/#primaryimage"},"thumbnailUrl":"http:\/\/wp.kristdemokraterna.se\/ostermalm\/files\/2019\/04\/gardet-banner-300x74.jpg","datePublished":"2019-04-07T18:43:12+00:00","dateModified":"2022-02-21T15:55:41+00:00","breadcrumb":{"@id":"https:\/\/wp.kristdemokraterna.se\/ostermalm\/stadsdelen\/pa-ostermalm\/#breadcrumb"},"inLanguage":"sv-SE","potentialAction":[{"@type":"ReadAction","target":["https:\/\/wp.kristdemokraterna.se\/ostermalm\/stadsdelen\/pa-ostermalm\/"]}]},{"@type":"ImageObject","inLanguage":"sv-SE","@id":"https:\/\/wp.kristdemokraterna.se\/ostermalm\/stadsdelen\/pa-ostermalm\/#primaryimage","url":"http:\/\/wp.kristdemokraterna.se\/ostermalm\/files\/2019\/04\/gardet-banner-300x74.jpg","contentUrl":"http:\/\/wp.kristdemokraterna.se\/ostermalm\/files\/2019\/04\/gardet-banner-300x74.jpg"},{"@type":"BreadcrumbList","@id":"https:\/\/wp.kristdemokraterna.se\/ostermalm\/stadsdelen\/pa-ostermalm\/#breadcrumb","itemListElement":[{"@type":"ListItem","position":1,"name":"Hem","item":"https:\/\/wp.kristdemokraterna.se\/ostermalm\/"},{"@type":"ListItem","position":2,"name":"Stadsdelen","item":"https:\/\/wp.kristdemokraterna.se\/ostermalm\/stadsdelen\/"},{"@type":"ListItem","position":3,"name":"\u00d6stermalms stadsdelsomr\u00e5de"}]},{"@type":"WebSite","@id":"https:\/\/wp.kristdemokraterna.se\/ostermalm\/#website","url":"https:\/\/wp.kristdemokraterna.se\/ostermalm\/","name":"Kristdemokraterna | \u00d6stermalm","description":"KD Partiavdelning \u00d6stermalm","inLanguage":"sv-SE"}]}},"_links":{"self":[{"href":"https:\/\/wp.kristdemokraterna.se\/ostermalm\/wp-json\/wp\/v2\/pages\/329","targetHints":{"allow":["GET"]}}],"collection":[{"href":"https:\/\/wp.kristdemokraterna.se\/ostermalm\/wp-json\/wp\/v2\/pages"}],"about":[{"href":"https:\/\/wp.kristdemokraterna.se\/ostermalm\/wp-json\/wp\/v2\/types\/page"}],"author":[{"embeddable":true,"href":"https:\/\/wp.kristdemokraterna.se\/ostermalm\/wp-json\/wp\/v2\/users\/833"}],"replies":[{"embeddable":true,"href":"https:\/\/wp.kristdemokraterna.se\/ostermalm\/wp-json\/wp\/v2\/comments?post=329"}],"version-history":[{"count":11,"href":"https:\/\/wp.kristdemokraterna.se\/ostermalm\/wp-json\/wp\/v2\/pages\/329\/revisions"}],"predecessor-version":[{"id":642,"href":"https:\/\/wp.kristdemokraterna.se\/ostermalm\/wp-json\/wp\/v2\/pages\/329\/revisions\/642"}],"up":[{"embeddable":true,"href":"https:\/\/wp.kristdemokraterna.se\/ostermalm\/wp-json\/wp\/v2\/pages\/559"}],"wp:attachment":[{"href":"https:\/\/wp.kristdemokraterna.se\/ostermalm\/wp-json\/wp\/v2\/media?parent=329"}],"curies":[{"name":"wp","href":"https:\/\/api.w.org\/{rel}","templated":true}]}}