{"id":436,"date":"2019-09-30T19:21:22","date_gmt":"2019-09-30T17:21:22","guid":{"rendered":"http:\/\/wp.kristdemokraterna.se\/ostermalm\/?page_id=436"},"modified":"2022-11-09T22:58:01","modified_gmt":"2022-11-09T21:58:01","slug":"rapporter-fran-stadsdelsnamnden","status":"publish","type":"page","link":"https:\/\/wp.kristdemokraterna.se\/ostermalm\/stadsdelen\/rapporter-fran-stadsdelsnamnden\/","title":{"rendered":"\u00d6stermalms stadsdelsn\u00e4mnd"},"content":{"rendered":"<p>\u00d6stermalms stadsdelsn\u00e4mnd sammantr\u00e4der ungef\u00e4r en g\u00e5ng per m\u00e5nad och beslutar om \u00e4renden i m\u00e5nga politiska omr\u00e5den, bl.a.<\/p>\n<ul>\n<li>Kommunal f\u00f6rskola<\/li>\n<li>\u00c4ldreomsorg<\/li>\n<li>St\u00f6d och service till personer med funktionsneds\u00e4ttning<\/li>\n<li>Stadsmilj\u00f6arbete (till exempel sk\u00f6tsel av parker)<\/li>\n<li>Socialpsykiatri<\/li>\n<li>Individ- och familjeomsorg<\/li>\n<li>Konsumentv\u00e4gledning<\/li>\n<li>Fritids- och kulturverksamhet<\/li>\n<\/ul>\n<p>H\u00e4r publicerar vi aktuellt och rapporterar fr\u00e5n \u00d6stermalms stadsdelsn\u00e4mnd<\/p>\n<p>Protokoll fr\u00e5n senaste m\u00f6te i stadsdelsn\u00e4mnden <a href=\"https:\/\/edokmeetings.stockholm.se\/committees\/ostermalms-stadsdelsnamnd\/mote-2022-10-27\/protocol\/signerad-protokoll-skapad-osdn-2022-11-01-080841pdf?downloadMode=open\">2022-10-27 &gt;&gt;&gt;<\/a><\/p>\n<p>F\u00f6r mer information om stadsdelsn\u00e4mnden &#8211;\u00a0<a href=\"https:\/\/edokmeetings.stockholm.se\/committees\/ostermalms-stadsdelsnamnd\/mote-2022-10-27\/protocol\/signerad-protokoll-skapad-osdn-2022-11-01-080841pdf?downloadMode=open\">L\u00e4nk till \u00d6stermalms stadsdelsn\u00e4mnd &gt;&gt;&gt;<\/a><\/p>\n","protected":false},"excerpt":{"rendered":"<p>\u00d6stermalms stadsdelsn\u00e4mnd sammantr\u00e4der ungef\u00e4r en g\u00e5ng per m\u00e5nad och beslutar om \u00e4renden i m\u00e5nga politiska omr\u00e5den, bl.a. Kommunal f\u00f6rskola \u00c4ldreomsorg St\u00f6d och service till personer med funktionsneds\u00e4ttning Stadsmilj\u00f6arbete (till exempel sk\u00f6tsel av parker) Socialpsykiatri Individ- och familjeomsorg Konsumentv\u00e4gledning Fritids- och kulturverksamhet H\u00e4r publicerar vi aktuellt och rapporterar fr\u00e5n \u00d6stermalms stadsdelsn\u00e4mnd Protokoll fr\u00e5n senaste m\u00f6te i <a class=\"read-more-link\" href=\"https:\/\/wp.kristdemokraterna.se\/ostermalm\/stadsdelen\/rapporter-fran-stadsdelsnamnden\/\">Read More<\/a><\/p>\n","protected":false},"author":833,"featured_media":0,"parent":559,"menu_order":0,"comment_status":"closed","ping_status":"closed","template":"","meta":{"_acf_changed":false,"footnotes":""},"class_list":["post-436","page","type-page","status-publish","hentry"],"acf":[],"yoast_head":"<!-- This site is optimized with the Yoast SEO plugin v27.4 - https:\/\/yoast.com\/product\/yoast-seo-wordpress\/ -->\n<title>\u00d6stermalms stadsdelsn\u00e4mnd - Kristdemokraterna | \u00d6stermalm<\/title>\n<meta name=\"robots\" content=\"index, follow, max-snippet:-1, max-image-preview:large, max-video-preview:-1\" \/>\n<link rel=\"canonical\" href=\"https:\/\/wp.kristdemokraterna.se\/ostermalm\/stadsdelen\/rapporter-fran-stadsdelsnamnden\/\" \/>\n<meta property=\"og:locale\" content=\"sv_SE\" \/>\n<meta property=\"og:type\" content=\"article\" \/>\n<meta property=\"og:title\" content=\"\u00d6stermalms stadsdelsn\u00e4mnd - Kristdemokraterna | \u00d6stermalm\" \/>\n<meta property=\"og:description\" content=\"\u00d6stermalms stadsdelsn\u00e4mnd sammantr\u00e4der ungef\u00e4r en g\u00e5ng per m\u00e5nad och beslutar om \u00e4renden i m\u00e5nga politiska omr\u00e5den, bl.a. Kommunal f\u00f6rskola \u00c4ldreomsorg St\u00f6d och service till personer med funktionsneds\u00e4ttning Stadsmilj\u00f6arbete (till exempel sk\u00f6tsel av parker) Socialpsykiatri Individ- och familjeomsorg Konsumentv\u00e4gledning Fritids- och kulturverksamhet H\u00e4r publicerar vi aktuellt och rapporterar fr\u00e5n \u00d6stermalms stadsdelsn\u00e4mnd Protokoll fr\u00e5n senaste m\u00f6te i Read More\" \/>\n<meta property=\"og:url\" content=\"https:\/\/wp.kristdemokraterna.se\/ostermalm\/stadsdelen\/rapporter-fran-stadsdelsnamnden\/\" \/>\n<meta property=\"og:site_name\" content=\"Kristdemokraterna | \u00d6stermalm\" \/>\n<meta property=\"article:modified_time\" content=\"2022-11-09T21:58:01+00:00\" \/>\n<meta name=\"twitter:card\" content=\"summary_large_image\" \/>\n<meta name=\"twitter:label1\" content=\"Ber\u00e4knad l\u00e4stid\" \/>\n\t<meta name=\"twitter:data1\" content=\"1 minut\" \/>\n<script type=\"application\/ld+json\" class=\"yoast-schema-graph\">{\"@context\":\"https:\\\/\\\/schema.org\",\"@graph\":[{\"@type\":\"WebPage\",\"@id\":\"https:\\\/\\\/wp.kristdemokraterna.se\\\/ostermalm\\\/stadsdelen\\\/rapporter-fran-stadsdelsnamnden\\\/\",\"url\":\"https:\\\/\\\/wp.kristdemokraterna.se\\\/ostermalm\\\/stadsdelen\\\/rapporter-fran-stadsdelsnamnden\\\/\",\"name\":\"\u00d6stermalms stadsdelsn\u00e4mnd - Kristdemokraterna | \u00d6stermalm\",\"isPartOf\":{\"@id\":\"https:\\\/\\\/wp.kristdemokraterna.se\\\/ostermalm\\\/#website\"},\"datePublished\":\"2019-09-30T17:21:22+00:00\",\"dateModified\":\"2022-11-09T21:58:01+00:00\",\"breadcrumb\":{\"@id\":\"https:\\\/\\\/wp.kristdemokraterna.se\\\/ostermalm\\\/stadsdelen\\\/rapporter-fran-stadsdelsnamnden\\\/#breadcrumb\"},\"inLanguage\":\"sv-SE\",\"potentialAction\":[{\"@type\":\"ReadAction\",\"target\":[\"https:\\\/\\\/wp.kristdemokraterna.se\\\/ostermalm\\\/stadsdelen\\\/rapporter-fran-stadsdelsnamnden\\\/\"]}]},{\"@type\":\"BreadcrumbList\",\"@id\":\"https:\\\/\\\/wp.kristdemokraterna.se\\\/ostermalm\\\/stadsdelen\\\/rapporter-fran-stadsdelsnamnden\\\/#breadcrumb\",\"itemListElement\":[{\"@type\":\"ListItem\",\"position\":1,\"name\":\"Hem\",\"item\":\"https:\\\/\\\/wp.kristdemokraterna.se\\\/ostermalm\\\/\"},{\"@type\":\"ListItem\",\"position\":2,\"name\":\"Stadsdelen\",\"item\":\"https:\\\/\\\/wp.kristdemokraterna.se\\\/ostermalm\\\/stadsdelen\\\/\"},{\"@type\":\"ListItem\",\"position\":3,\"name\":\"\u00d6stermalms stadsdelsn\u00e4mnd\"}]},{\"@type\":\"WebSite\",\"@id\":\"https:\\\/\\\/wp.kristdemokraterna.se\\\/ostermalm\\\/#website\",\"url\":\"https:\\\/\\\/wp.kristdemokraterna.se\\\/ostermalm\\\/\",\"name\":\"Kristdemokraterna | \u00d6stermalm\",\"description\":\"KD Partiavdelning \u00d6stermalm\",\"inLanguage\":\"sv-SE\"}]}<\/script>\n<!-- \/ Yoast SEO plugin. -->","yoast_head_json":{"title":"\u00d6stermalms stadsdelsn\u00e4mnd - Kristdemokraterna | \u00d6stermalm","robots":{"index":"index","follow":"follow","max-snippet":"max-snippet:-1","max-image-preview":"max-image-preview:large","max-video-preview":"max-video-preview:-1"},"canonical":"https:\/\/wp.kristdemokraterna.se\/ostermalm\/stadsdelen\/rapporter-fran-stadsdelsnamnden\/","og_locale":"sv_SE","og_type":"article","og_title":"\u00d6stermalms stadsdelsn\u00e4mnd - Kristdemokraterna | \u00d6stermalm","og_description":"\u00d6stermalms stadsdelsn\u00e4mnd sammantr\u00e4der ungef\u00e4r en g\u00e5ng per m\u00e5nad och beslutar om \u00e4renden i m\u00e5nga politiska omr\u00e5den, bl.a. Kommunal f\u00f6rskola \u00c4ldreomsorg St\u00f6d och service till personer med funktionsneds\u00e4ttning Stadsmilj\u00f6arbete (till exempel sk\u00f6tsel av parker) Socialpsykiatri Individ- och familjeomsorg Konsumentv\u00e4gledning Fritids- och kulturverksamhet H\u00e4r publicerar vi aktuellt och rapporterar fr\u00e5n \u00d6stermalms stadsdelsn\u00e4mnd Protokoll fr\u00e5n senaste m\u00f6te i Read More","og_url":"https:\/\/wp.kristdemokraterna.se\/ostermalm\/stadsdelen\/rapporter-fran-stadsdelsnamnden\/","og_site_name":"Kristdemokraterna | \u00d6stermalm","article_modified_time":"2022-11-09T21:58:01+00:00","twitter_card":"summary_large_image","twitter_misc":{"Ber\u00e4knad l\u00e4stid":"1 minut"},"schema":{"@context":"https:\/\/schema.org","@graph":[{"@type":"WebPage","@id":"https:\/\/wp.kristdemokraterna.se\/ostermalm\/stadsdelen\/rapporter-fran-stadsdelsnamnden\/","url":"https:\/\/wp.kristdemokraterna.se\/ostermalm\/stadsdelen\/rapporter-fran-stadsdelsnamnden\/","name":"\u00d6stermalms stadsdelsn\u00e4mnd - Kristdemokraterna | \u00d6stermalm","isPartOf":{"@id":"https:\/\/wp.kristdemokraterna.se\/ostermalm\/#website"},"datePublished":"2019-09-30T17:21:22+00:00","dateModified":"2022-11-09T21:58:01+00:00","breadcrumb":{"@id":"https:\/\/wp.kristdemokraterna.se\/ostermalm\/stadsdelen\/rapporter-fran-stadsdelsnamnden\/#breadcrumb"},"inLanguage":"sv-SE","potentialAction":[{"@type":"ReadAction","target":["https:\/\/wp.kristdemokraterna.se\/ostermalm\/stadsdelen\/rapporter-fran-stadsdelsnamnden\/"]}]},{"@type":"BreadcrumbList","@id":"https:\/\/wp.kristdemokraterna.se\/ostermalm\/stadsdelen\/rapporter-fran-stadsdelsnamnden\/#breadcrumb","itemListElement":[{"@type":"ListItem","position":1,"name":"Hem","item":"https:\/\/wp.kristdemokraterna.se\/ostermalm\/"},{"@type":"ListItem","position":2,"name":"Stadsdelen","item":"https:\/\/wp.kristdemokraterna.se\/ostermalm\/stadsdelen\/"},{"@type":"ListItem","position":3,"name":"\u00d6stermalms stadsdelsn\u00e4mnd"}]},{"@type":"WebSite","@id":"https:\/\/wp.kristdemokraterna.se\/ostermalm\/#website","url":"https:\/\/wp.kristdemokraterna.se\/ostermalm\/","name":"Kristdemokraterna | \u00d6stermalm","description":"KD Partiavdelning \u00d6stermalm","inLanguage":"sv-SE"}]}},"_links":{"self":[{"href":"https:\/\/wp.kristdemokraterna.se\/ostermalm\/wp-json\/wp\/v2\/pages\/436","targetHints":{"allow":["GET"]}}],"collection":[{"href":"https:\/\/wp.kristdemokraterna.se\/ostermalm\/wp-json\/wp\/v2\/pages"}],"about":[{"href":"https:\/\/wp.kristdemokraterna.se\/ostermalm\/wp-json\/wp\/v2\/types\/page"}],"author":[{"embeddable":true,"href":"https:\/\/wp.kristdemokraterna.se\/ostermalm\/wp-json\/wp\/v2\/users\/833"}],"replies":[{"embeddable":true,"href":"https:\/\/wp.kristdemokraterna.se\/ostermalm\/wp-json\/wp\/v2\/comments?post=436"}],"version-history":[{"count":11,"href":"https:\/\/wp.kristdemokraterna.se\/ostermalm\/wp-json\/wp\/v2\/pages\/436\/revisions"}],"predecessor-version":[{"id":770,"href":"https:\/\/wp.kristdemokraterna.se\/ostermalm\/wp-json\/wp\/v2\/pages\/436\/revisions\/770"}],"up":[{"embeddable":true,"href":"https:\/\/wp.kristdemokraterna.se\/ostermalm\/wp-json\/wp\/v2\/pages\/559"}],"wp:attachment":[{"href":"https:\/\/wp.kristdemokraterna.se\/ostermalm\/wp-json\/wp\/v2\/media?parent=436"}],"curies":[{"name":"wp","href":"https:\/\/api.w.org\/{rel}","templated":true}]}}