{"id":580,"date":"2022-02-17T22:11:44","date_gmt":"2022-02-17T21:11:44","guid":{"rendered":"https:\/\/wp.kristdemokraterna.se\/ostermalm\/?page_id=580"},"modified":"2022-02-23T15:15:28","modified_gmt":"2022-02-23T14:15:28","slug":"om-kristdemokraterna-ostermalm","status":"publish","type":"page","link":"https:\/\/wp.kristdemokraterna.se\/ostermalm\/om-kristdemokraterna\/om-kristdemokraterna-ostermalm\/","title":{"rendered":"Om Kristdemokraterna \u00d6stermalm"},"content":{"rendered":"<p><strong>Kristdemokraterna \u00d6stermalm<\/strong><\/p>\n<p>Partiavdelningen f\u00f6r KD \u00d6stermalm \u00e4r en av Stockholm stads tio partiavdelningar.<\/p>\n<p>V\u00e5rt motto \u00e4r att arbete med \u201d\u00f6rat mot marken\u201d och prioritera lokala fr\u00e5gor som p\u00e5verkas oss som bor inom \u00d6stermalms stadsdelsomr\u00e5de.<\/p>\n<p>F\u00f6r 2022 \u00e4r v\u00e5r lokala inriktning:<\/p>\n<ul>\n<li><strong>Trygghet<\/strong> \u2013 vi vill att \u201dOrdningsvakter ska verka inom \u00d6stermalm\u201d och st\u00f6tta unga och gamla som k\u00e4nner otrygghet att vistas ute p\u00e5 stadens gator p\u00e5 kv\u00e4llstid, kamera\u00f6vervakning f\u00f6r \u00f6kad trygghet, ut\u00f6kad belysning i parker och m\u00f6rka omr\u00e5den<\/li>\n<li><strong>Ordning &amp; reda<\/strong> \u2013 vi vill verka f\u00f6r ett rent stadsdelsomr\u00e5de med fler papperskorgar, st\u00e4vja \u201dst\u00f6ket\u201d p\u00e5 Strandv\u00e4gen, fler parkeringsplatser och en b\u00e4ttre trafiksituation<\/li>\n<li><strong>Barn &amp; familj<\/strong> &#8211; ingen bussning till och mellan skolor, l\u00e4rob\u00f6cker till alla elever, mindre barngrupper i f\u00f6rskolan<\/li>\n<\/ul>\n<p style=\"text-align: center\"><a href=\"http:\/\/wp.kristdemokraterna.se\/ostermalm\/files\/2022\/01\/lat-ordningsvakter-fa-verka-pa-facebook-inlagg-2-e1644920427379.png\"><img loading=\"lazy\" decoding=\"async\" class=\"alignnone size-medium wp-image-528\" src=\"http:\/\/wp.kristdemokraterna.se\/ostermalm\/files\/2022\/01\/lat-ordningsvakter-fa-verka-pa-facebook-inlagg-2-e1643497258281-300x184.png\" alt=\"\" width=\"300\" height=\"184\" \/><\/a><\/p>\n","protected":false},"excerpt":{"rendered":"<p>Kristdemokraterna \u00d6stermalm Partiavdelningen f\u00f6r KD \u00d6stermalm \u00e4r en av Stockholm stads tio partiavdelningar. V\u00e5rt motto \u00e4r att arbete med \u201d\u00f6rat mot marken\u201d och prioritera lokala fr\u00e5gor som p\u00e5verkas oss som bor inom \u00d6stermalms stadsdelsomr\u00e5de. F\u00f6r 2022 \u00e4r v\u00e5r lokala inriktning: Trygghet \u2013 vi vill att \u201dOrdningsvakter ska verka inom \u00d6stermalm\u201d och st\u00f6tta unga och gamla <a class=\"read-more-link\" href=\"https:\/\/wp.kristdemokraterna.se\/ostermalm\/om-kristdemokraterna\/om-kristdemokraterna-ostermalm\/\">Read More<\/a><\/p>\n","protected":false},"author":989,"featured_media":0,"parent":89,"menu_order":0,"comment_status":"closed","ping_status":"closed","template":"page.php","meta":{"_acf_changed":false,"footnotes":""},"class_list":["post-580","page","type-page","status-publish","hentry"],"acf":[],"yoast_head":"<!-- This site is optimized with the Yoast SEO plugin v27.3 - https:\/\/yoast.com\/product\/yoast-seo-wordpress\/ -->\n<title>Om Kristdemokraterna \u00d6stermalm - Kristdemokraterna | \u00d6stermalm<\/title>\n<meta name=\"robots\" content=\"index, follow, max-snippet:-1, max-image-preview:large, max-video-preview:-1\" \/>\n<link rel=\"canonical\" href=\"https:\/\/wp.kristdemokraterna.se\/ostermalm\/om-kristdemokraterna\/om-kristdemokraterna-ostermalm\/\" \/>\n<meta property=\"og:locale\" content=\"sv_SE\" \/>\n<meta property=\"og:type\" content=\"article\" \/>\n<meta property=\"og:title\" content=\"Om Kristdemokraterna \u00d6stermalm - Kristdemokraterna | \u00d6stermalm\" \/>\n<meta property=\"og:description\" content=\"Kristdemokraterna \u00d6stermalm Partiavdelningen f\u00f6r KD \u00d6stermalm \u00e4r en av Stockholm stads tio partiavdelningar. V\u00e5rt motto \u00e4r att arbete med \u201d\u00f6rat mot marken\u201d och prioritera lokala fr\u00e5gor som p\u00e5verkas oss som bor inom \u00d6stermalms stadsdelsomr\u00e5de. F\u00f6r 2022 \u00e4r v\u00e5r lokala inriktning: Trygghet \u2013 vi vill att \u201dOrdningsvakter ska verka inom \u00d6stermalm\u201d och st\u00f6tta unga och gamla Read More\" \/>\n<meta property=\"og:url\" content=\"https:\/\/wp.kristdemokraterna.se\/ostermalm\/om-kristdemokraterna\/om-kristdemokraterna-ostermalm\/\" \/>\n<meta property=\"og:site_name\" content=\"Kristdemokraterna | \u00d6stermalm\" \/>\n<meta property=\"article:modified_time\" content=\"2022-02-23T14:15:28+00:00\" \/>\n<meta property=\"og:image\" content=\"http:\/\/wp.kristdemokraterna.se\/ostermalm\/files\/2022\/01\/lat-ordningsvakter-fa-verka-pa-facebook-inlagg-2-e1643497258281-300x184.png\" \/>\n<meta name=\"twitter:card\" content=\"summary_large_image\" \/>\n<meta name=\"twitter:label1\" content=\"Ber\u00e4knad l\u00e4stid\" \/>\n\t<meta name=\"twitter:data1\" content=\"1 minut\" \/>\n<script type=\"application\/ld+json\" class=\"yoast-schema-graph\">{\"@context\":\"https:\\\/\\\/schema.org\",\"@graph\":[{\"@type\":\"WebPage\",\"@id\":\"https:\\\/\\\/wp.kristdemokraterna.se\\\/ostermalm\\\/om-kristdemokraterna\\\/om-kristdemokraterna-ostermalm\\\/\",\"url\":\"https:\\\/\\\/wp.kristdemokraterna.se\\\/ostermalm\\\/om-kristdemokraterna\\\/om-kristdemokraterna-ostermalm\\\/\",\"name\":\"Om Kristdemokraterna \u00d6stermalm - Kristdemokraterna | \u00d6stermalm\",\"isPartOf\":{\"@id\":\"https:\\\/\\\/wp.kristdemokraterna.se\\\/ostermalm\\\/#website\"},\"primaryImageOfPage\":{\"@id\":\"https:\\\/\\\/wp.kristdemokraterna.se\\\/ostermalm\\\/om-kristdemokraterna\\\/om-kristdemokraterna-ostermalm\\\/#primaryimage\"},\"image\":{\"@id\":\"https:\\\/\\\/wp.kristdemokraterna.se\\\/ostermalm\\\/om-kristdemokraterna\\\/om-kristdemokraterna-ostermalm\\\/#primaryimage\"},\"thumbnailUrl\":\"http:\\\/\\\/wp.kristdemokraterna.se\\\/ostermalm\\\/files\\\/2022\\\/01\\\/lat-ordningsvakter-fa-verka-pa-facebook-inlagg-2-e1643497258281-300x184.png\",\"datePublished\":\"2022-02-17T21:11:44+00:00\",\"dateModified\":\"2022-02-23T14:15:28+00:00\",\"breadcrumb\":{\"@id\":\"https:\\\/\\\/wp.kristdemokraterna.se\\\/ostermalm\\\/om-kristdemokraterna\\\/om-kristdemokraterna-ostermalm\\\/#breadcrumb\"},\"inLanguage\":\"sv-SE\",\"potentialAction\":[{\"@type\":\"ReadAction\",\"target\":[\"https:\\\/\\\/wp.kristdemokraterna.se\\\/ostermalm\\\/om-kristdemokraterna\\\/om-kristdemokraterna-ostermalm\\\/\"]}]},{\"@type\":\"ImageObject\",\"inLanguage\":\"sv-SE\",\"@id\":\"https:\\\/\\\/wp.kristdemokraterna.se\\\/ostermalm\\\/om-kristdemokraterna\\\/om-kristdemokraterna-ostermalm\\\/#primaryimage\",\"url\":\"http:\\\/\\\/wp.kristdemokraterna.se\\\/ostermalm\\\/files\\\/2022\\\/01\\\/lat-ordningsvakter-fa-verka-pa-facebook-inlagg-2-e1643497258281-300x184.png\",\"contentUrl\":\"http:\\\/\\\/wp.kristdemokraterna.se\\\/ostermalm\\\/files\\\/2022\\\/01\\\/lat-ordningsvakter-fa-verka-pa-facebook-inlagg-2-e1643497258281-300x184.png\"},{\"@type\":\"BreadcrumbList\",\"@id\":\"https:\\\/\\\/wp.kristdemokraterna.se\\\/ostermalm\\\/om-kristdemokraterna\\\/om-kristdemokraterna-ostermalm\\\/#breadcrumb\",\"itemListElement\":[{\"@type\":\"ListItem\",\"position\":1,\"name\":\"Hem\",\"item\":\"https:\\\/\\\/wp.kristdemokraterna.se\\\/ostermalm\\\/\"},{\"@type\":\"ListItem\",\"position\":2,\"name\":\"Om Kristdemokraterna\",\"item\":\"https:\\\/\\\/wp.kristdemokraterna.se\\\/ostermalm\\\/om-kristdemokraterna\\\/\"},{\"@type\":\"ListItem\",\"position\":3,\"name\":\"Om Kristdemokraterna \u00d6stermalm\"}]},{\"@type\":\"WebSite\",\"@id\":\"https:\\\/\\\/wp.kristdemokraterna.se\\\/ostermalm\\\/#website\",\"url\":\"https:\\\/\\\/wp.kristdemokraterna.se\\\/ostermalm\\\/\",\"name\":\"Kristdemokraterna | \u00d6stermalm\",\"description\":\"KD Partiavdelning \u00d6stermalm\",\"inLanguage\":\"sv-SE\"}]}<\/script>\n<!-- \/ Yoast SEO plugin. -->","yoast_head_json":{"title":"Om Kristdemokraterna \u00d6stermalm - Kristdemokraterna | \u00d6stermalm","robots":{"index":"index","follow":"follow","max-snippet":"max-snippet:-1","max-image-preview":"max-image-preview:large","max-video-preview":"max-video-preview:-1"},"canonical":"https:\/\/wp.kristdemokraterna.se\/ostermalm\/om-kristdemokraterna\/om-kristdemokraterna-ostermalm\/","og_locale":"sv_SE","og_type":"article","og_title":"Om Kristdemokraterna \u00d6stermalm - Kristdemokraterna | \u00d6stermalm","og_description":"Kristdemokraterna \u00d6stermalm Partiavdelningen f\u00f6r KD \u00d6stermalm \u00e4r en av Stockholm stads tio partiavdelningar. V\u00e5rt motto \u00e4r att arbete med \u201d\u00f6rat mot marken\u201d och prioritera lokala fr\u00e5gor som p\u00e5verkas oss som bor inom \u00d6stermalms stadsdelsomr\u00e5de. F\u00f6r 2022 \u00e4r v\u00e5r lokala inriktning: Trygghet \u2013 vi vill att \u201dOrdningsvakter ska verka inom \u00d6stermalm\u201d och st\u00f6tta unga och gamla Read More","og_url":"https:\/\/wp.kristdemokraterna.se\/ostermalm\/om-kristdemokraterna\/om-kristdemokraterna-ostermalm\/","og_site_name":"Kristdemokraterna | \u00d6stermalm","article_modified_time":"2022-02-23T14:15:28+00:00","og_image":[{"url":"http:\/\/wp.kristdemokraterna.se\/ostermalm\/files\/2022\/01\/lat-ordningsvakter-fa-verka-pa-facebook-inlagg-2-e1643497258281-300x184.png","type":"","width":"","height":""}],"twitter_card":"summary_large_image","twitter_misc":{"Ber\u00e4knad l\u00e4stid":"1 minut"},"schema":{"@context":"https:\/\/schema.org","@graph":[{"@type":"WebPage","@id":"https:\/\/wp.kristdemokraterna.se\/ostermalm\/om-kristdemokraterna\/om-kristdemokraterna-ostermalm\/","url":"https:\/\/wp.kristdemokraterna.se\/ostermalm\/om-kristdemokraterna\/om-kristdemokraterna-ostermalm\/","name":"Om Kristdemokraterna \u00d6stermalm - Kristdemokraterna | \u00d6stermalm","isPartOf":{"@id":"https:\/\/wp.kristdemokraterna.se\/ostermalm\/#website"},"primaryImageOfPage":{"@id":"https:\/\/wp.kristdemokraterna.se\/ostermalm\/om-kristdemokraterna\/om-kristdemokraterna-ostermalm\/#primaryimage"},"image":{"@id":"https:\/\/wp.kristdemokraterna.se\/ostermalm\/om-kristdemokraterna\/om-kristdemokraterna-ostermalm\/#primaryimage"},"thumbnailUrl":"http:\/\/wp.kristdemokraterna.se\/ostermalm\/files\/2022\/01\/lat-ordningsvakter-fa-verka-pa-facebook-inlagg-2-e1643497258281-300x184.png","datePublished":"2022-02-17T21:11:44+00:00","dateModified":"2022-02-23T14:15:28+00:00","breadcrumb":{"@id":"https:\/\/wp.kristdemokraterna.se\/ostermalm\/om-kristdemokraterna\/om-kristdemokraterna-ostermalm\/#breadcrumb"},"inLanguage":"sv-SE","potentialAction":[{"@type":"ReadAction","target":["https:\/\/wp.kristdemokraterna.se\/ostermalm\/om-kristdemokraterna\/om-kristdemokraterna-ostermalm\/"]}]},{"@type":"ImageObject","inLanguage":"sv-SE","@id":"https:\/\/wp.kristdemokraterna.se\/ostermalm\/om-kristdemokraterna\/om-kristdemokraterna-ostermalm\/#primaryimage","url":"http:\/\/wp.kristdemokraterna.se\/ostermalm\/files\/2022\/01\/lat-ordningsvakter-fa-verka-pa-facebook-inlagg-2-e1643497258281-300x184.png","contentUrl":"http:\/\/wp.kristdemokraterna.se\/ostermalm\/files\/2022\/01\/lat-ordningsvakter-fa-verka-pa-facebook-inlagg-2-e1643497258281-300x184.png"},{"@type":"BreadcrumbList","@id":"https:\/\/wp.kristdemokraterna.se\/ostermalm\/om-kristdemokraterna\/om-kristdemokraterna-ostermalm\/#breadcrumb","itemListElement":[{"@type":"ListItem","position":1,"name":"Hem","item":"https:\/\/wp.kristdemokraterna.se\/ostermalm\/"},{"@type":"ListItem","position":2,"name":"Om Kristdemokraterna","item":"https:\/\/wp.kristdemokraterna.se\/ostermalm\/om-kristdemokraterna\/"},{"@type":"ListItem","position":3,"name":"Om Kristdemokraterna \u00d6stermalm"}]},{"@type":"WebSite","@id":"https:\/\/wp.kristdemokraterna.se\/ostermalm\/#website","url":"https:\/\/wp.kristdemokraterna.se\/ostermalm\/","name":"Kristdemokraterna | \u00d6stermalm","description":"KD Partiavdelning \u00d6stermalm","inLanguage":"sv-SE"}]}},"_links":{"self":[{"href":"https:\/\/wp.kristdemokraterna.se\/ostermalm\/wp-json\/wp\/v2\/pages\/580","targetHints":{"allow":["GET"]}}],"collection":[{"href":"https:\/\/wp.kristdemokraterna.se\/ostermalm\/wp-json\/wp\/v2\/pages"}],"about":[{"href":"https:\/\/wp.kristdemokraterna.se\/ostermalm\/wp-json\/wp\/v2\/types\/page"}],"author":[{"embeddable":true,"href":"https:\/\/wp.kristdemokraterna.se\/ostermalm\/wp-json\/wp\/v2\/users\/989"}],"replies":[{"embeddable":true,"href":"https:\/\/wp.kristdemokraterna.se\/ostermalm\/wp-json\/wp\/v2\/comments?post=580"}],"version-history":[{"count":6,"href":"https:\/\/wp.kristdemokraterna.se\/ostermalm\/wp-json\/wp\/v2\/pages\/580\/revisions"}],"predecessor-version":[{"id":660,"href":"https:\/\/wp.kristdemokraterna.se\/ostermalm\/wp-json\/wp\/v2\/pages\/580\/revisions\/660"}],"up":[{"embeddable":true,"href":"https:\/\/wp.kristdemokraterna.se\/ostermalm\/wp-json\/wp\/v2\/pages\/89"}],"wp:attachment":[{"href":"https:\/\/wp.kristdemokraterna.se\/ostermalm\/wp-json\/wp\/v2\/media?parent=580"}],"curies":[{"name":"wp","href":"https:\/\/api.w.org\/{rel}","templated":true}]}}