{"id":631,"date":"2022-02-21T16:17:56","date_gmt":"2022-02-21T15:17:56","guid":{"rendered":"https:\/\/wp.kristdemokraterna.se\/ostermalm\/?page_id=631"},"modified":"2023-02-25T11:54:33","modified_gmt":"2023-02-25T10:54:33","slug":"styrelsen","status":"publish","type":"page","link":"https:\/\/wp.kristdemokraterna.se\/ostermalm\/styrelsen\/","title":{"rendered":"Styrelsen"},"content":{"rendered":"<p>Kontakta partiavdelning f\u00f6r KD \u00d6stermalm<\/p>\n<p><span class=\"app-hjemvt\">E-post:\u00a0<a href=\"ulf@ebtbygg.se\">ulf@ebtbygg.se<\/a><\/span><\/p>\n<p>Hela styrelsen<\/p>\n<p><a href=\"https:\/\/kristdemokraterna.se\/vart-parti\/foretradare\/kd-lokalt\/stockholms-stad\/ostermalm\">Klicka h\u00e4r &gt;&gt;&gt;<\/a><\/p>\n<p>&nbsp;<\/p>\n","protected":false},"excerpt":{"rendered":"<p>Kontakta partiavdelning f\u00f6r KD \u00d6stermalm E-post:\u00a0ulf@ebtbygg.se Hela styrelsen Klicka h\u00e4r &gt;&gt;&gt; &nbsp;<\/p>\n","protected":false},"author":989,"featured_media":0,"parent":0,"menu_order":0,"comment_status":"closed","ping_status":"closed","template":"","meta":{"_acf_changed":false,"footnotes":""},"class_list":["post-631","page","type-page","status-publish","hentry"],"acf":[],"yoast_head":"<!-- This site is optimized with the Yoast SEO plugin v27.3 - https:\/\/yoast.com\/product\/yoast-seo-wordpress\/ -->\n<title>Styrelsen - Kristdemokraterna | \u00d6stermalm<\/title>\n<meta name=\"robots\" content=\"index, follow, max-snippet:-1, max-image-preview:large, max-video-preview:-1\" \/>\n<link rel=\"canonical\" href=\"https:\/\/wp.kristdemokraterna.se\/ostermalm\/styrelsen\/\" \/>\n<meta property=\"og:locale\" content=\"sv_SE\" \/>\n<meta property=\"og:type\" content=\"article\" \/>\n<meta property=\"og:title\" content=\"Styrelsen - Kristdemokraterna | \u00d6stermalm\" \/>\n<meta property=\"og:description\" content=\"Kontakta partiavdelning f\u00f6r KD \u00d6stermalm E-post:\u00a0ulf@ebtbygg.se Hela styrelsen Klicka h\u00e4r &gt;&gt;&gt; &nbsp;\" \/>\n<meta property=\"og:url\" content=\"https:\/\/wp.kristdemokraterna.se\/ostermalm\/styrelsen\/\" \/>\n<meta property=\"og:site_name\" content=\"Kristdemokraterna | \u00d6stermalm\" \/>\n<meta property=\"article:modified_time\" content=\"2023-02-25T10:54:33+00:00\" \/>\n<meta name=\"twitter:card\" content=\"summary_large_image\" \/>\n<meta name=\"twitter:label1\" content=\"Ber\u00e4knad l\u00e4stid\" \/>\n\t<meta name=\"twitter:data1\" content=\"1 minut\" \/>\n<script type=\"application\/ld+json\" class=\"yoast-schema-graph\">{\"@context\":\"https:\\\/\\\/schema.org\",\"@graph\":[{\"@type\":\"WebPage\",\"@id\":\"https:\\\/\\\/wp.kristdemokraterna.se\\\/ostermalm\\\/styrelsen\\\/\",\"url\":\"https:\\\/\\\/wp.kristdemokraterna.se\\\/ostermalm\\\/styrelsen\\\/\",\"name\":\"Styrelsen - Kristdemokraterna | \u00d6stermalm\",\"isPartOf\":{\"@id\":\"https:\\\/\\\/wp.kristdemokraterna.se\\\/ostermalm\\\/#website\"},\"datePublished\":\"2022-02-21T15:17:56+00:00\",\"dateModified\":\"2023-02-25T10:54:33+00:00\",\"breadcrumb\":{\"@id\":\"https:\\\/\\\/wp.kristdemokraterna.se\\\/ostermalm\\\/styrelsen\\\/#breadcrumb\"},\"inLanguage\":\"sv-SE\",\"potentialAction\":[{\"@type\":\"ReadAction\",\"target\":[\"https:\\\/\\\/wp.kristdemokraterna.se\\\/ostermalm\\\/styrelsen\\\/\"]}]},{\"@type\":\"BreadcrumbList\",\"@id\":\"https:\\\/\\\/wp.kristdemokraterna.se\\\/ostermalm\\\/styrelsen\\\/#breadcrumb\",\"itemListElement\":[{\"@type\":\"ListItem\",\"position\":1,\"name\":\"Hem\",\"item\":\"https:\\\/\\\/wp.kristdemokraterna.se\\\/ostermalm\\\/\"},{\"@type\":\"ListItem\",\"position\":2,\"name\":\"Styrelsen\"}]},{\"@type\":\"WebSite\",\"@id\":\"https:\\\/\\\/wp.kristdemokraterna.se\\\/ostermalm\\\/#website\",\"url\":\"https:\\\/\\\/wp.kristdemokraterna.se\\\/ostermalm\\\/\",\"name\":\"Kristdemokraterna | \u00d6stermalm\",\"description\":\"KD Partiavdelning \u00d6stermalm\",\"inLanguage\":\"sv-SE\"}]}<\/script>\n<!-- \/ Yoast SEO plugin. -->","yoast_head_json":{"title":"Styrelsen - Kristdemokraterna | \u00d6stermalm","robots":{"index":"index","follow":"follow","max-snippet":"max-snippet:-1","max-image-preview":"max-image-preview:large","max-video-preview":"max-video-preview:-1"},"canonical":"https:\/\/wp.kristdemokraterna.se\/ostermalm\/styrelsen\/","og_locale":"sv_SE","og_type":"article","og_title":"Styrelsen - Kristdemokraterna | \u00d6stermalm","og_description":"Kontakta partiavdelning f\u00f6r KD \u00d6stermalm E-post:\u00a0ulf@ebtbygg.se Hela styrelsen Klicka h\u00e4r &gt;&gt;&gt; &nbsp;","og_url":"https:\/\/wp.kristdemokraterna.se\/ostermalm\/styrelsen\/","og_site_name":"Kristdemokraterna | \u00d6stermalm","article_modified_time":"2023-02-25T10:54:33+00:00","twitter_card":"summary_large_image","twitter_misc":{"Ber\u00e4knad l\u00e4stid":"1 minut"},"schema":{"@context":"https:\/\/schema.org","@graph":[{"@type":"WebPage","@id":"https:\/\/wp.kristdemokraterna.se\/ostermalm\/styrelsen\/","url":"https:\/\/wp.kristdemokraterna.se\/ostermalm\/styrelsen\/","name":"Styrelsen - Kristdemokraterna | \u00d6stermalm","isPartOf":{"@id":"https:\/\/wp.kristdemokraterna.se\/ostermalm\/#website"},"datePublished":"2022-02-21T15:17:56+00:00","dateModified":"2023-02-25T10:54:33+00:00","breadcrumb":{"@id":"https:\/\/wp.kristdemokraterna.se\/ostermalm\/styrelsen\/#breadcrumb"},"inLanguage":"sv-SE","potentialAction":[{"@type":"ReadAction","target":["https:\/\/wp.kristdemokraterna.se\/ostermalm\/styrelsen\/"]}]},{"@type":"BreadcrumbList","@id":"https:\/\/wp.kristdemokraterna.se\/ostermalm\/styrelsen\/#breadcrumb","itemListElement":[{"@type":"ListItem","position":1,"name":"Hem","item":"https:\/\/wp.kristdemokraterna.se\/ostermalm\/"},{"@type":"ListItem","position":2,"name":"Styrelsen"}]},{"@type":"WebSite","@id":"https:\/\/wp.kristdemokraterna.se\/ostermalm\/#website","url":"https:\/\/wp.kristdemokraterna.se\/ostermalm\/","name":"Kristdemokraterna | \u00d6stermalm","description":"KD Partiavdelning \u00d6stermalm","inLanguage":"sv-SE"}]}},"_links":{"self":[{"href":"https:\/\/wp.kristdemokraterna.se\/ostermalm\/wp-json\/wp\/v2\/pages\/631","targetHints":{"allow":["GET"]}}],"collection":[{"href":"https:\/\/wp.kristdemokraterna.se\/ostermalm\/wp-json\/wp\/v2\/pages"}],"about":[{"href":"https:\/\/wp.kristdemokraterna.se\/ostermalm\/wp-json\/wp\/v2\/types\/page"}],"author":[{"embeddable":true,"href":"https:\/\/wp.kristdemokraterna.se\/ostermalm\/wp-json\/wp\/v2\/users\/989"}],"replies":[{"embeddable":true,"href":"https:\/\/wp.kristdemokraterna.se\/ostermalm\/wp-json\/wp\/v2\/comments?post=631"}],"version-history":[{"count":4,"href":"https:\/\/wp.kristdemokraterna.se\/ostermalm\/wp-json\/wp\/v2\/pages\/631\/revisions"}],"predecessor-version":[{"id":772,"href":"https:\/\/wp.kristdemokraterna.se\/ostermalm\/wp-json\/wp\/v2\/pages\/631\/revisions\/772"}],"wp:attachment":[{"href":"https:\/\/wp.kristdemokraterna.se\/ostermalm\/wp-json\/wp\/v2\/media?parent=631"}],"curies":[{"name":"wp","href":"https:\/\/api.w.org\/{rel}","templated":true}]}}