{"id":89,"date":"2016-05-24T10:43:11","date_gmt":"2016-05-24T08:43:11","guid":{"rendered":"http:\/\/wp.kristdemokraterna.se\/ostermalm\/?page_id=89"},"modified":"2022-07-29T14:27:07","modified_gmt":"2022-07-29T12:27:07","slug":"om-kristdemokraterna","status":"publish","type":"page","link":"https:\/\/wp.kristdemokraterna.se\/ostermalm\/om-kristdemokraterna\/","title":{"rendered":"Om Kristdemokraterna"},"content":{"rendered":"<div id=\"svid12_53a0669f180dc5493671a00\" class=\"sv-text-portlet sv-use-margins\">\n<div class=\"sv-text-portlet-content\">\n<h1 id=\"h-OmKristdemokraterna\" class=\"font-heading-1\"><\/h1>\n<\/div>\n<\/div>\n<div id=\"svid12_72d9f8c817e8ce3de02891c\" class=\"sv-text-portlet sv-use-margins\">\n<div class=\"sv-text-portlet-content\">\n<p class=\"font-description\">Kristdemokraterna \u00e4r ett politiskt parti som bildades 1964. Partiordf\u00f6rande \u00e4r Ebba Busch sedan 2015. Kristdemokraterna s\u00e4tter m\u00e4nniskov\u00e4rdet fr\u00e4mst och vill prioritera det som \u00e4r n\u00f6dv\u00e4ndigt f\u00f6r att bygga ett samh\u00e4lle som h\u00e5ller ihop. V\u00e5rden, \u00e4ldrefr\u00e5gorna och tryggheten \u00e4r v\u00e5ra prioriterade fr\u00e5gor.<\/p>\n<p><a href=\"https:\/\/kristdemokraterna.se\/vart-parti\">L\u00e4s mer om oss &gt;&gt;&gt;<\/a><\/p>\n<p><a href=\"http:\/\/wp.kristdemokraterna.se\/ostermalm\/files\/2022\/07\/herobanner-frontpersoner2022-2.png\"><img loading=\"lazy\" decoding=\"async\" class=\"aligncenter wp-image-735 size-medium\" src=\"http:\/\/wp.kristdemokraterna.se\/ostermalm\/files\/2022\/07\/herobanner-frontpersoner2022-2-300x172.png\" alt=\"\" width=\"300\" height=\"172\" srcset=\"https:\/\/wp.kristdemokraterna.se\/ostermalm\/files\/2022\/07\/herobanner-frontpersoner2022-2-300x172.png 300w, https:\/\/wp.kristdemokraterna.se\/ostermalm\/files\/2022\/07\/herobanner-frontpersoner2022-2-1024x587.png 1024w, https:\/\/wp.kristdemokraterna.se\/ostermalm\/files\/2022\/07\/herobanner-frontpersoner2022-2-768x440.png 768w, https:\/\/wp.kristdemokraterna.se\/ostermalm\/files\/2022\/07\/herobanner-frontpersoner2022-2-1536x880.png 1536w, https:\/\/wp.kristdemokraterna.se\/ostermalm\/files\/2022\/07\/herobanner-frontpersoner2022-2-2048x1174.png 2048w, https:\/\/wp.kristdemokraterna.se\/ostermalm\/files\/2022\/07\/herobanner-frontpersoner2022-2-349x200.png 349w, https:\/\/wp.kristdemokraterna.se\/ostermalm\/files\/2022\/07\/herobanner-frontpersoner2022-2-370x212.png 370w, https:\/\/wp.kristdemokraterna.se\/ostermalm\/files\/2022\/07\/herobanner-frontpersoner2022-2-770x441.png 770w, https:\/\/wp.kristdemokraterna.se\/ostermalm\/files\/2022\/07\/herobanner-frontpersoner2022-2-450x258.png 450w, https:\/\/wp.kristdemokraterna.se\/ostermalm\/files\/2022\/07\/herobanner-frontpersoner2022-2-280x160.png 280w, https:\/\/wp.kristdemokraterna.se\/ostermalm\/files\/2022\/07\/herobanner-frontpersoner2022-2-340x195.png 340w, https:\/\/wp.kristdemokraterna.se\/ostermalm\/files\/2022\/07\/herobanner-frontpersoner2022-2-200x115.png 200w, https:\/\/wp.kristdemokraterna.se\/ostermalm\/files\/2022\/07\/herobanner-frontpersoner2022-2-98x56.png 98w\" sizes=\"auto, (max-width: 300px) 100vw, 300px\" \/><\/a><\/p>\n<\/div>\n<\/div>\n","protected":false},"excerpt":{"rendered":"<p>Kristdemokraterna \u00e4r ett politiskt parti som bildades 1964. Partiordf\u00f6rande \u00e4r Ebba Busch sedan 2015. Kristdemokraterna s\u00e4tter m\u00e4nniskov\u00e4rdet fr\u00e4mst och vill prioritera det som \u00e4r n\u00f6dv\u00e4ndigt f\u00f6r att bygga ett samh\u00e4lle som h\u00e5ller ihop. V\u00e5rden, \u00e4ldrefr\u00e5gorna och tryggheten \u00e4r v\u00e5ra prioriterade fr\u00e5gor. L\u00e4s mer om oss &gt;&gt;&gt;<\/p>\n","protected":false},"author":2,"featured_media":0,"parent":0,"menu_order":0,"comment_status":"closed","ping_status":"closed","template":"","meta":{"_acf_changed":false,"footnotes":""},"class_list":["post-89","page","type-page","status-publish","hentry"],"acf":[],"yoast_head":"<!-- This site is optimized with the Yoast SEO plugin v27.4 - https:\/\/yoast.com\/product\/yoast-seo-wordpress\/ -->\n<title>Om Kristdemokraterna - Kristdemokraterna | \u00d6stermalm<\/title>\n<meta name=\"robots\" content=\"index, follow, max-snippet:-1, max-image-preview:large, max-video-preview:-1\" \/>\n<link rel=\"canonical\" href=\"https:\/\/wp.kristdemokraterna.se\/ostermalm\/om-kristdemokraterna\/\" \/>\n<meta property=\"og:locale\" content=\"sv_SE\" \/>\n<meta property=\"og:type\" content=\"article\" \/>\n<meta property=\"og:title\" content=\"Om Kristdemokraterna - Kristdemokraterna | \u00d6stermalm\" \/>\n<meta property=\"og:description\" content=\"Kristdemokraterna \u00e4r ett politiskt parti som bildades 1964. Partiordf\u00f6rande \u00e4r Ebba Busch sedan 2015. Kristdemokraterna s\u00e4tter m\u00e4nniskov\u00e4rdet fr\u00e4mst och vill prioritera det som \u00e4r n\u00f6dv\u00e4ndigt f\u00f6r att bygga ett samh\u00e4lle som h\u00e5ller ihop. V\u00e5rden, \u00e4ldrefr\u00e5gorna och tryggheten \u00e4r v\u00e5ra prioriterade fr\u00e5gor. L\u00e4s mer om oss &gt;&gt;&gt;\" \/>\n<meta property=\"og:url\" content=\"https:\/\/wp.kristdemokraterna.se\/ostermalm\/om-kristdemokraterna\/\" \/>\n<meta property=\"og:site_name\" content=\"Kristdemokraterna | \u00d6stermalm\" \/>\n<meta property=\"article:modified_time\" content=\"2022-07-29T12:27:07+00:00\" \/>\n<meta property=\"og:image\" content=\"http:\/\/wp.kristdemokraterna.se\/ostermalm\/files\/2022\/07\/herobanner-frontpersoner2022-2-300x172.png\" \/>\n<meta name=\"twitter:card\" content=\"summary_large_image\" \/>\n<meta name=\"twitter:label1\" content=\"Ber\u00e4knad l\u00e4stid\" \/>\n\t<meta name=\"twitter:data1\" content=\"2 minuter\" \/>\n<script type=\"application\/ld+json\" class=\"yoast-schema-graph\">{\"@context\":\"https:\\\/\\\/schema.org\",\"@graph\":[{\"@type\":\"WebPage\",\"@id\":\"https:\\\/\\\/wp.kristdemokraterna.se\\\/ostermalm\\\/om-kristdemokraterna\\\/\",\"url\":\"https:\\\/\\\/wp.kristdemokraterna.se\\\/ostermalm\\\/om-kristdemokraterna\\\/\",\"name\":\"Om Kristdemokraterna - Kristdemokraterna | \u00d6stermalm\",\"isPartOf\":{\"@id\":\"https:\\\/\\\/wp.kristdemokraterna.se\\\/ostermalm\\\/#website\"},\"primaryImageOfPage\":{\"@id\":\"https:\\\/\\\/wp.kristdemokraterna.se\\\/ostermalm\\\/om-kristdemokraterna\\\/#primaryimage\"},\"image\":{\"@id\":\"https:\\\/\\\/wp.kristdemokraterna.se\\\/ostermalm\\\/om-kristdemokraterna\\\/#primaryimage\"},\"thumbnailUrl\":\"http:\\\/\\\/wp.kristdemokraterna.se\\\/ostermalm\\\/files\\\/2022\\\/07\\\/herobanner-frontpersoner2022-2-300x172.png\",\"datePublished\":\"2016-05-24T08:43:11+00:00\",\"dateModified\":\"2022-07-29T12:27:07+00:00\",\"breadcrumb\":{\"@id\":\"https:\\\/\\\/wp.kristdemokraterna.se\\\/ostermalm\\\/om-kristdemokraterna\\\/#breadcrumb\"},\"inLanguage\":\"sv-SE\",\"potentialAction\":[{\"@type\":\"ReadAction\",\"target\":[\"https:\\\/\\\/wp.kristdemokraterna.se\\\/ostermalm\\\/om-kristdemokraterna\\\/\"]}]},{\"@type\":\"ImageObject\",\"inLanguage\":\"sv-SE\",\"@id\":\"https:\\\/\\\/wp.kristdemokraterna.se\\\/ostermalm\\\/om-kristdemokraterna\\\/#primaryimage\",\"url\":\"http:\\\/\\\/wp.kristdemokraterna.se\\\/ostermalm\\\/files\\\/2022\\\/07\\\/herobanner-frontpersoner2022-2-300x172.png\",\"contentUrl\":\"http:\\\/\\\/wp.kristdemokraterna.se\\\/ostermalm\\\/files\\\/2022\\\/07\\\/herobanner-frontpersoner2022-2-300x172.png\"},{\"@type\":\"BreadcrumbList\",\"@id\":\"https:\\\/\\\/wp.kristdemokraterna.se\\\/ostermalm\\\/om-kristdemokraterna\\\/#breadcrumb\",\"itemListElement\":[{\"@type\":\"ListItem\",\"position\":1,\"name\":\"Hem\",\"item\":\"https:\\\/\\\/wp.kristdemokraterna.se\\\/ostermalm\\\/\"},{\"@type\":\"ListItem\",\"position\":2,\"name\":\"Om Kristdemokraterna\"}]},{\"@type\":\"WebSite\",\"@id\":\"https:\\\/\\\/wp.kristdemokraterna.se\\\/ostermalm\\\/#website\",\"url\":\"https:\\\/\\\/wp.kristdemokraterna.se\\\/ostermalm\\\/\",\"name\":\"Kristdemokraterna | \u00d6stermalm\",\"description\":\"KD Partiavdelning \u00d6stermalm\",\"inLanguage\":\"sv-SE\"}]}<\/script>\n<!-- \/ Yoast SEO plugin. -->","yoast_head_json":{"title":"Om Kristdemokraterna - Kristdemokraterna | \u00d6stermalm","robots":{"index":"index","follow":"follow","max-snippet":"max-snippet:-1","max-image-preview":"max-image-preview:large","max-video-preview":"max-video-preview:-1"},"canonical":"https:\/\/wp.kristdemokraterna.se\/ostermalm\/om-kristdemokraterna\/","og_locale":"sv_SE","og_type":"article","og_title":"Om Kristdemokraterna - Kristdemokraterna | \u00d6stermalm","og_description":"Kristdemokraterna \u00e4r ett politiskt parti som bildades 1964. Partiordf\u00f6rande \u00e4r Ebba Busch sedan 2015. Kristdemokraterna s\u00e4tter m\u00e4nniskov\u00e4rdet fr\u00e4mst och vill prioritera det som \u00e4r n\u00f6dv\u00e4ndigt f\u00f6r att bygga ett samh\u00e4lle som h\u00e5ller ihop. V\u00e5rden, \u00e4ldrefr\u00e5gorna och tryggheten \u00e4r v\u00e5ra prioriterade fr\u00e5gor. L\u00e4s mer om oss &gt;&gt;&gt;","og_url":"https:\/\/wp.kristdemokraterna.se\/ostermalm\/om-kristdemokraterna\/","og_site_name":"Kristdemokraterna | \u00d6stermalm","article_modified_time":"2022-07-29T12:27:07+00:00","og_image":[{"url":"http:\/\/wp.kristdemokraterna.se\/ostermalm\/files\/2022\/07\/herobanner-frontpersoner2022-2-300x172.png","type":"","width":"","height":""}],"twitter_card":"summary_large_image","twitter_misc":{"Ber\u00e4knad l\u00e4stid":"2 minuter"},"schema":{"@context":"https:\/\/schema.org","@graph":[{"@type":"WebPage","@id":"https:\/\/wp.kristdemokraterna.se\/ostermalm\/om-kristdemokraterna\/","url":"https:\/\/wp.kristdemokraterna.se\/ostermalm\/om-kristdemokraterna\/","name":"Om Kristdemokraterna - Kristdemokraterna | \u00d6stermalm","isPartOf":{"@id":"https:\/\/wp.kristdemokraterna.se\/ostermalm\/#website"},"primaryImageOfPage":{"@id":"https:\/\/wp.kristdemokraterna.se\/ostermalm\/om-kristdemokraterna\/#primaryimage"},"image":{"@id":"https:\/\/wp.kristdemokraterna.se\/ostermalm\/om-kristdemokraterna\/#primaryimage"},"thumbnailUrl":"http:\/\/wp.kristdemokraterna.se\/ostermalm\/files\/2022\/07\/herobanner-frontpersoner2022-2-300x172.png","datePublished":"2016-05-24T08:43:11+00:00","dateModified":"2022-07-29T12:27:07+00:00","breadcrumb":{"@id":"https:\/\/wp.kristdemokraterna.se\/ostermalm\/om-kristdemokraterna\/#breadcrumb"},"inLanguage":"sv-SE","potentialAction":[{"@type":"ReadAction","target":["https:\/\/wp.kristdemokraterna.se\/ostermalm\/om-kristdemokraterna\/"]}]},{"@type":"ImageObject","inLanguage":"sv-SE","@id":"https:\/\/wp.kristdemokraterna.se\/ostermalm\/om-kristdemokraterna\/#primaryimage","url":"http:\/\/wp.kristdemokraterna.se\/ostermalm\/files\/2022\/07\/herobanner-frontpersoner2022-2-300x172.png","contentUrl":"http:\/\/wp.kristdemokraterna.se\/ostermalm\/files\/2022\/07\/herobanner-frontpersoner2022-2-300x172.png"},{"@type":"BreadcrumbList","@id":"https:\/\/wp.kristdemokraterna.se\/ostermalm\/om-kristdemokraterna\/#breadcrumb","itemListElement":[{"@type":"ListItem","position":1,"name":"Hem","item":"https:\/\/wp.kristdemokraterna.se\/ostermalm\/"},{"@type":"ListItem","position":2,"name":"Om Kristdemokraterna"}]},{"@type":"WebSite","@id":"https:\/\/wp.kristdemokraterna.se\/ostermalm\/#website","url":"https:\/\/wp.kristdemokraterna.se\/ostermalm\/","name":"Kristdemokraterna | \u00d6stermalm","description":"KD Partiavdelning \u00d6stermalm","inLanguage":"sv-SE"}]}},"_links":{"self":[{"href":"https:\/\/wp.kristdemokraterna.se\/ostermalm\/wp-json\/wp\/v2\/pages\/89","targetHints":{"allow":["GET"]}}],"collection":[{"href":"https:\/\/wp.kristdemokraterna.se\/ostermalm\/wp-json\/wp\/v2\/pages"}],"about":[{"href":"https:\/\/wp.kristdemokraterna.se\/ostermalm\/wp-json\/wp\/v2\/types\/page"}],"author":[{"embeddable":true,"href":"https:\/\/wp.kristdemokraterna.se\/ostermalm\/wp-json\/wp\/v2\/users\/2"}],"replies":[{"embeddable":true,"href":"https:\/\/wp.kristdemokraterna.se\/ostermalm\/wp-json\/wp\/v2\/comments?post=89"}],"version-history":[{"count":9,"href":"https:\/\/wp.kristdemokraterna.se\/ostermalm\/wp-json\/wp\/v2\/pages\/89\/revisions"}],"predecessor-version":[{"id":738,"href":"https:\/\/wp.kristdemokraterna.se\/ostermalm\/wp-json\/wp\/v2\/pages\/89\/revisions\/738"}],"wp:attachment":[{"href":"https:\/\/wp.kristdemokraterna.se\/ostermalm\/wp-json\/wp\/v2\/media?parent=89"}],"curies":[{"name":"wp","href":"https:\/\/api.w.org\/{rel}","templated":true}]}}