{"id":64,"date":"2016-04-06T19:52:03","date_gmt":"2016-04-06T17:52:03","guid":{"rendered":"http:\/\/wp.kristdemokraterna.se\/osthammar\/?page_id=64"},"modified":"2022-05-24T09:05:01","modified_gmt":"2022-05-24T07:05:01","slug":"bli-medlem","status":"publish","type":"page","link":"https:\/\/wp.kristdemokraterna.se\/osthammar\/bli-medlem\/","title":{"rendered":"Bli medlem"},"content":{"rendered":"<p><img loading=\"lazy\" decoding=\"async\" class=\"alignnone wp-image-63 size-full\" src=\"http:\/\/wp.kristdemokraterna.se\/osthammar\/files\/2016\/04\/bildbak3.jpg\" alt=\"bildbak3\" width=\"1170\" height=\"415\" srcset=\"https:\/\/wp.kristdemokraterna.se\/osthammar\/files\/2016\/04\/bildbak3.jpg 1170w, https:\/\/wp.kristdemokraterna.se\/osthammar\/files\/2016\/04\/bildbak3-300x106.jpg 300w, https:\/\/wp.kristdemokraterna.se\/osthammar\/files\/2016\/04\/bildbak3-768x272.jpg 768w, https:\/\/wp.kristdemokraterna.se\/osthammar\/files\/2016\/04\/bildbak3-540x192.jpg 540w\" sizes=\"auto, (max-width: 1170px) 100vw, 1170px\" \/><\/p>\n<p>Hej, jag heter Ebba Busch och \u00e4r partiledare f\u00f6r Kristdemokraterna! Jag kommer fr\u00e5n Uppsala d\u00e4r jag har varit kommunalr\u00e5d med ansvar f\u00f6r \u00e4ldrepolitiken under \u00e5ren 2010-2014. Jag har 2 barn och vi bor i ett hus utanf\u00f6r Uppsala tillsammans med boxertjejen Bella.<\/p>\n<p>F\u00f6r mig \u00e4r det viktigt att politiken och samh\u00e4llet byggs underifr\u00e5n. Familjen spelar en avg\u00f6rande roll. Politikernas uppgift \u00e4r st\u00f6dja, inte styra familjen. Det \u00e4r d\u00e4rf\u00f6r f\u00f6r\u00e4ldrar och familjer sj\u00e4lva ska f\u00e5 best\u00e4mma \u00f6ver hur de vill g\u00f6ra med barnomsorgen, f\u00f6r\u00e4ldraledigheten och tiden med barnen. V\u00e4nsterregeringen har motsatt uppfattning. De vill minska familjens valfrihet och m\u00f6jlighet till mer tid f\u00f6r barnen. Det s\u00e4ger jag och alla andra kristdemokrater nej till. Vi kommer ta kampen f\u00f6r familjen.<\/p>\n<p>Vill du vara med i den kampen?<\/p>\n<p><strong><a href=\"http:\/\/www.kristdemokraterna.se\/Engagera-Dig\/blimedlem\/\">&gt;&gt;&gt; BLI MEDLEM I KRISTDEMOKRATERNA<\/a><\/strong><\/p>\n<h4>EBBA BUSCH (KD)<br \/>\nPartiledare f\u00f6r Kristdemokraterna<\/h4>\n","protected":false},"excerpt":{"rendered":"<p>Hej, jag heter Ebba Busch och \u00e4r partiledare f\u00f6r Kristdemokraterna! Jag kommer fr\u00e5n Uppsala d\u00e4r jag har varit kommunalr\u00e5d med ansvar f\u00f6r \u00e4ldrepolitiken under \u00e5ren 2010-2014. Jag har 2 barn och vi bor i ett hus utanf\u00f6r Uppsala tillsammans med boxertjejen Bella. F\u00f6r mig \u00e4r det viktigt att politiken och samh\u00e4llet byggs underifr\u00e5n. Familjen spelar <a class=\"read-more-link\" href=\"https:\/\/wp.kristdemokraterna.se\/osthammar\/bli-medlem\/\">Read More<\/a><\/p>\n","protected":false},"author":690,"featured_media":0,"parent":0,"menu_order":0,"comment_status":"closed","ping_status":"closed","template":"","meta":{"_acf_changed":false,"footnotes":""},"class_list":["post-64","page","type-page","status-publish","hentry"],"acf":[],"yoast_head":"<!-- This site is optimized with the Yoast SEO plugin v27.3 - https:\/\/yoast.com\/product\/yoast-seo-wordpress\/ -->\n<title>Bli medlem - \u00d6sthammar<\/title>\n<meta name=\"robots\" content=\"index, follow, max-snippet:-1, max-image-preview:large, max-video-preview:-1\" \/>\n<link rel=\"canonical\" href=\"https:\/\/wp.kristdemokraterna.se\/osthammar\/bli-medlem\/\" \/>\n<meta property=\"og:locale\" content=\"sv_SE\" \/>\n<meta property=\"og:type\" content=\"article\" \/>\n<meta property=\"og:title\" content=\"Bli medlem - \u00d6sthammar\" \/>\n<meta property=\"og:description\" content=\"Hej, jag heter Ebba Busch och \u00e4r partiledare f\u00f6r Kristdemokraterna! Jag kommer fr\u00e5n Uppsala d\u00e4r jag har varit kommunalr\u00e5d med ansvar f\u00f6r \u00e4ldrepolitiken under \u00e5ren 2010-2014. Jag har 2 barn och vi bor i ett hus utanf\u00f6r Uppsala tillsammans med boxertjejen Bella. F\u00f6r mig \u00e4r det viktigt att politiken och samh\u00e4llet byggs underifr\u00e5n. Familjen spelar Read More\" \/>\n<meta property=\"og:url\" content=\"https:\/\/wp.kristdemokraterna.se\/osthammar\/bli-medlem\/\" \/>\n<meta property=\"og:site_name\" content=\"\u00d6sthammar\" \/>\n<meta property=\"article:modified_time\" content=\"2022-05-24T07:05:01+00:00\" \/>\n<meta property=\"og:image\" content=\"http:\/\/wp.kristdemokraterna.se\/osthammar\/files\/2016\/04\/bildbak3.jpg\" \/>\n<meta name=\"twitter:card\" content=\"summary_large_image\" \/>\n<meta name=\"twitter:label1\" content=\"Ber\u00e4knad l\u00e4stid\" \/>\n\t<meta name=\"twitter:data1\" content=\"1 minut\" \/>\n<script type=\"application\/ld+json\" class=\"yoast-schema-graph\">{\"@context\":\"https:\\\/\\\/schema.org\",\"@graph\":[{\"@type\":\"WebPage\",\"@id\":\"https:\\\/\\\/wp.kristdemokraterna.se\\\/osthammar\\\/bli-medlem\\\/\",\"url\":\"https:\\\/\\\/wp.kristdemokraterna.se\\\/osthammar\\\/bli-medlem\\\/\",\"name\":\"Bli medlem - \u00d6sthammar\",\"isPartOf\":{\"@id\":\"https:\\\/\\\/wp.kristdemokraterna.se\\\/osthammar\\\/#website\"},\"primaryImageOfPage\":{\"@id\":\"https:\\\/\\\/wp.kristdemokraterna.se\\\/osthammar\\\/bli-medlem\\\/#primaryimage\"},\"image\":{\"@id\":\"https:\\\/\\\/wp.kristdemokraterna.se\\\/osthammar\\\/bli-medlem\\\/#primaryimage\"},\"thumbnailUrl\":\"http:\\\/\\\/wp.kristdemokraterna.se\\\/osthammar\\\/files\\\/2016\\\/04\\\/bildbak3.jpg\",\"datePublished\":\"2016-04-06T17:52:03+00:00\",\"dateModified\":\"2022-05-24T07:05:01+00:00\",\"breadcrumb\":{\"@id\":\"https:\\\/\\\/wp.kristdemokraterna.se\\\/osthammar\\\/bli-medlem\\\/#breadcrumb\"},\"inLanguage\":\"sv-SE\",\"potentialAction\":[{\"@type\":\"ReadAction\",\"target\":[\"https:\\\/\\\/wp.kristdemokraterna.se\\\/osthammar\\\/bli-medlem\\\/\"]}]},{\"@type\":\"ImageObject\",\"inLanguage\":\"sv-SE\",\"@id\":\"https:\\\/\\\/wp.kristdemokraterna.se\\\/osthammar\\\/bli-medlem\\\/#primaryimage\",\"url\":\"http:\\\/\\\/wp.kristdemokraterna.se\\\/osthammar\\\/files\\\/2016\\\/04\\\/bildbak3.jpg\",\"contentUrl\":\"http:\\\/\\\/wp.kristdemokraterna.se\\\/osthammar\\\/files\\\/2016\\\/04\\\/bildbak3.jpg\"},{\"@type\":\"BreadcrumbList\",\"@id\":\"https:\\\/\\\/wp.kristdemokraterna.se\\\/osthammar\\\/bli-medlem\\\/#breadcrumb\",\"itemListElement\":[{\"@type\":\"ListItem\",\"position\":1,\"name\":\"Hem\",\"item\":\"https:\\\/\\\/wp.kristdemokraterna.se\\\/osthammar\\\/\"},{\"@type\":\"ListItem\",\"position\":2,\"name\":\"Bli medlem\"}]},{\"@type\":\"WebSite\",\"@id\":\"https:\\\/\\\/wp.kristdemokraterna.se\\\/osthammar\\\/#website\",\"url\":\"https:\\\/\\\/wp.kristdemokraterna.se\\\/osthammar\\\/\",\"name\":\"\u00d6sthammar\",\"description\":\"Trygghet f\u00f6r alla generationer\",\"inLanguage\":\"sv-SE\"}]}<\/script>\n<!-- \/ Yoast SEO plugin. -->","yoast_head_json":{"title":"Bli medlem - \u00d6sthammar","robots":{"index":"index","follow":"follow","max-snippet":"max-snippet:-1","max-image-preview":"max-image-preview:large","max-video-preview":"max-video-preview:-1"},"canonical":"https:\/\/wp.kristdemokraterna.se\/osthammar\/bli-medlem\/","og_locale":"sv_SE","og_type":"article","og_title":"Bli medlem - \u00d6sthammar","og_description":"Hej, jag heter Ebba Busch och \u00e4r partiledare f\u00f6r Kristdemokraterna! Jag kommer fr\u00e5n Uppsala d\u00e4r jag har varit kommunalr\u00e5d med ansvar f\u00f6r \u00e4ldrepolitiken under \u00e5ren 2010-2014. Jag har 2 barn och vi bor i ett hus utanf\u00f6r Uppsala tillsammans med boxertjejen Bella. F\u00f6r mig \u00e4r det viktigt att politiken och samh\u00e4llet byggs underifr\u00e5n. Familjen spelar Read More","og_url":"https:\/\/wp.kristdemokraterna.se\/osthammar\/bli-medlem\/","og_site_name":"\u00d6sthammar","article_modified_time":"2022-05-24T07:05:01+00:00","og_image":[{"url":"http:\/\/wp.kristdemokraterna.se\/osthammar\/files\/2016\/04\/bildbak3.jpg","type":"","width":"","height":""}],"twitter_card":"summary_large_image","twitter_misc":{"Ber\u00e4knad l\u00e4stid":"1 minut"},"schema":{"@context":"https:\/\/schema.org","@graph":[{"@type":"WebPage","@id":"https:\/\/wp.kristdemokraterna.se\/osthammar\/bli-medlem\/","url":"https:\/\/wp.kristdemokraterna.se\/osthammar\/bli-medlem\/","name":"Bli medlem - \u00d6sthammar","isPartOf":{"@id":"https:\/\/wp.kristdemokraterna.se\/osthammar\/#website"},"primaryImageOfPage":{"@id":"https:\/\/wp.kristdemokraterna.se\/osthammar\/bli-medlem\/#primaryimage"},"image":{"@id":"https:\/\/wp.kristdemokraterna.se\/osthammar\/bli-medlem\/#primaryimage"},"thumbnailUrl":"http:\/\/wp.kristdemokraterna.se\/osthammar\/files\/2016\/04\/bildbak3.jpg","datePublished":"2016-04-06T17:52:03+00:00","dateModified":"2022-05-24T07:05:01+00:00","breadcrumb":{"@id":"https:\/\/wp.kristdemokraterna.se\/osthammar\/bli-medlem\/#breadcrumb"},"inLanguage":"sv-SE","potentialAction":[{"@type":"ReadAction","target":["https:\/\/wp.kristdemokraterna.se\/osthammar\/bli-medlem\/"]}]},{"@type":"ImageObject","inLanguage":"sv-SE","@id":"https:\/\/wp.kristdemokraterna.se\/osthammar\/bli-medlem\/#primaryimage","url":"http:\/\/wp.kristdemokraterna.se\/osthammar\/files\/2016\/04\/bildbak3.jpg","contentUrl":"http:\/\/wp.kristdemokraterna.se\/osthammar\/files\/2016\/04\/bildbak3.jpg"},{"@type":"BreadcrumbList","@id":"https:\/\/wp.kristdemokraterna.se\/osthammar\/bli-medlem\/#breadcrumb","itemListElement":[{"@type":"ListItem","position":1,"name":"Hem","item":"https:\/\/wp.kristdemokraterna.se\/osthammar\/"},{"@type":"ListItem","position":2,"name":"Bli medlem"}]},{"@type":"WebSite","@id":"https:\/\/wp.kristdemokraterna.se\/osthammar\/#website","url":"https:\/\/wp.kristdemokraterna.se\/osthammar\/","name":"\u00d6sthammar","description":"Trygghet f\u00f6r alla generationer","inLanguage":"sv-SE"}]}},"_links":{"self":[{"href":"https:\/\/wp.kristdemokraterna.se\/osthammar\/wp-json\/wp\/v2\/pages\/64","targetHints":{"allow":["GET"]}}],"collection":[{"href":"https:\/\/wp.kristdemokraterna.se\/osthammar\/wp-json\/wp\/v2\/pages"}],"about":[{"href":"https:\/\/wp.kristdemokraterna.se\/osthammar\/wp-json\/wp\/v2\/types\/page"}],"author":[{"embeddable":true,"href":"https:\/\/wp.kristdemokraterna.se\/osthammar\/wp-json\/wp\/v2\/users\/690"}],"replies":[{"embeddable":true,"href":"https:\/\/wp.kristdemokraterna.se\/osthammar\/wp-json\/wp\/v2\/comments?post=64"}],"version-history":[{"count":3,"href":"https:\/\/wp.kristdemokraterna.se\/osthammar\/wp-json\/wp\/v2\/pages\/64\/revisions"}],"predecessor-version":[{"id":149,"href":"https:\/\/wp.kristdemokraterna.se\/osthammar\/wp-json\/wp\/v2\/pages\/64\/revisions\/149"}],"wp:attachment":[{"href":"https:\/\/wp.kristdemokraterna.se\/osthammar\/wp-json\/wp\/v2\/media?parent=64"}],"curies":[{"name":"wp","href":"https:\/\/api.w.org\/{rel}","templated":true}]}}