{"id":8,"date":"2012-11-19T15:56:50","date_gmt":"2012-11-19T14:56:50","guid":{"rendered":"http:\/\/wp.kristdemokraterna.se\/osthammar\/?page_id=8"},"modified":"2022-05-10T15:38:58","modified_gmt":"2022-05-10T13:38:58","slug":"kontakta-oss","status":"publish","type":"page","link":"https:\/\/wp.kristdemokraterna.se\/osthammar\/kontakta-oss\/","title":{"rendered":"Kontakta oss"},"content":{"rendered":"<p><strong>Styrelsen f\u00f6r 2022<\/strong><\/p>\n<p><strong>Ordf\u00f6rande:<\/strong><\/p>\n<p><em><strong>Erik Hel\u00e9n<\/strong><\/em><br \/>\nMail: 99.erik.h@gmail.com<br \/>\nTel: 0725320206<\/p>\n<p><strong>Vice ordf\u00f6rande:<\/strong><br \/>\n<em><strong>Ulla Lovn\u00e9r\u00a0<\/strong><\/em><br \/>\nMail: lovner@hotmail.se<br \/>\nTel:<\/p>\n<p>&nbsp;<\/p>\n<p><strong>Partiavdelningsstyrelseledamot:<\/strong><\/p>\n<p><em><strong>Ingrid Ragnar<\/strong><\/em><br \/>\nMail: ingrid.ragnar@hotmail.com<br \/>\nTel: 0762012740<\/p>\n<p><em><strong>Sabina St\u00e5l<\/strong><\/em><br \/>\nMail: Sabina.stal.politik@osthammar.se<br \/>\nTel: 0736462253<\/p>\n<p><em><strong>Ulrica Melin\u00a0<\/strong><\/em><br \/>\nMail: Ulrica.melin@telia.com<br \/>\nTel: 0709183251<\/p>\n<p><strong>Partiavdelningsstyrelseers\u00e4ttare:<\/strong><\/p>\n<p><em><strong>Jessika Makris<\/strong><\/em><br \/>\nMail: jtmakris80@gmail.com<br \/>\nTel: 0768545654<\/p>\n<p><em><strong>Maria Nystr\u00f6m\u00a0<\/strong><\/em><br \/>\nMail: maria.nystrom.politik@osthammar.se<br \/>\nTel:<\/p>\n<p>&nbsp;<\/p>\n<p>&nbsp;<\/p>\n","protected":false},"excerpt":{"rendered":"<p>Styrelsen f\u00f6r 2022 Ordf\u00f6rande: Erik Hel\u00e9n Mail: 99.erik.h@gmail.com Tel: 0725320206 Vice ordf\u00f6rande: Ulla Lovn\u00e9r\u00a0 Mail: lovner@hotmail.se Tel: &nbsp; Partiavdelningsstyrelseledamot: Ingrid Ragnar Mail: ingrid.ragnar@hotmail.com Tel: 0762012740 Sabina St\u00e5l Mail: Sabina.stal.politik@osthammar.se Tel: 0736462253 Ulrica Melin\u00a0 Mail: Ulrica.melin@telia.com Tel: 0709183251 Partiavdelningsstyrelseers\u00e4ttare: Jessika Makris Mail: jtmakris80@gmail.com Tel: 0768545654 Maria Nystr\u00f6m\u00a0 Mail: maria.nystrom.politik@osthammar.se Tel: &nbsp; &nbsp;<\/p>\n","protected":false},"author":566,"featured_media":0,"parent":0,"menu_order":0,"comment_status":"closed","ping_status":"closed","template":"","meta":{"_acf_changed":false,"footnotes":""},"class_list":["post-8","page","type-page","status-publish","hentry"],"acf":[],"yoast_head":"<!-- This site is optimized with the Yoast SEO plugin v27.4 - https:\/\/yoast.com\/product\/yoast-seo-wordpress\/ -->\n<title>Kontakta oss - \u00d6sthammar<\/title>\n<meta name=\"robots\" content=\"index, follow, max-snippet:-1, max-image-preview:large, max-video-preview:-1\" \/>\n<link rel=\"canonical\" href=\"https:\/\/wp.kristdemokraterna.se\/osthammar\/kontakta-oss\/\" \/>\n<meta property=\"og:locale\" content=\"sv_SE\" \/>\n<meta property=\"og:type\" content=\"article\" \/>\n<meta property=\"og:title\" content=\"Kontakta oss - \u00d6sthammar\" \/>\n<meta property=\"og:description\" content=\"Styrelsen f\u00f6r 2022 Ordf\u00f6rande: Erik Hel\u00e9n Mail: 99.erik.h@gmail.com Tel: 0725320206 Vice ordf\u00f6rande: Ulla Lovn\u00e9r\u00a0 Mail: lovner@hotmail.se Tel: &nbsp; Partiavdelningsstyrelseledamot: Ingrid Ragnar Mail: ingrid.ragnar@hotmail.com Tel: 0762012740 Sabina St\u00e5l Mail: Sabina.stal.politik@osthammar.se Tel: 0736462253 Ulrica Melin\u00a0 Mail: Ulrica.melin@telia.com Tel: 0709183251 Partiavdelningsstyrelseers\u00e4ttare: Jessika Makris Mail: jtmakris80@gmail.com Tel: 0768545654 Maria Nystr\u00f6m\u00a0 Mail: maria.nystrom.politik@osthammar.se Tel: &nbsp; &nbsp;\" \/>\n<meta property=\"og:url\" content=\"https:\/\/wp.kristdemokraterna.se\/osthammar\/kontakta-oss\/\" \/>\n<meta property=\"og:site_name\" content=\"\u00d6sthammar\" \/>\n<meta property=\"article:modified_time\" content=\"2022-05-10T13:38:58+00:00\" \/>\n<meta name=\"twitter:card\" content=\"summary_large_image\" \/>\n<meta name=\"twitter:label1\" content=\"Ber\u00e4knad l\u00e4stid\" \/>\n\t<meta name=\"twitter:data1\" content=\"1 minut\" \/>\n<script type=\"application\/ld+json\" class=\"yoast-schema-graph\">{\"@context\":\"https:\\\/\\\/schema.org\",\"@graph\":[{\"@type\":\"WebPage\",\"@id\":\"https:\\\/\\\/wp.kristdemokraterna.se\\\/osthammar\\\/kontakta-oss\\\/\",\"url\":\"https:\\\/\\\/wp.kristdemokraterna.se\\\/osthammar\\\/kontakta-oss\\\/\",\"name\":\"Kontakta oss - \u00d6sthammar\",\"isPartOf\":{\"@id\":\"https:\\\/\\\/wp.kristdemokraterna.se\\\/osthammar\\\/#website\"},\"datePublished\":\"2012-11-19T14:56:50+00:00\",\"dateModified\":\"2022-05-10T13:38:58+00:00\",\"breadcrumb\":{\"@id\":\"https:\\\/\\\/wp.kristdemokraterna.se\\\/osthammar\\\/kontakta-oss\\\/#breadcrumb\"},\"inLanguage\":\"sv-SE\",\"potentialAction\":[{\"@type\":\"ReadAction\",\"target\":[\"https:\\\/\\\/wp.kristdemokraterna.se\\\/osthammar\\\/kontakta-oss\\\/\"]}]},{\"@type\":\"BreadcrumbList\",\"@id\":\"https:\\\/\\\/wp.kristdemokraterna.se\\\/osthammar\\\/kontakta-oss\\\/#breadcrumb\",\"itemListElement\":[{\"@type\":\"ListItem\",\"position\":1,\"name\":\"Hem\",\"item\":\"https:\\\/\\\/wp.kristdemokraterna.se\\\/osthammar\\\/\"},{\"@type\":\"ListItem\",\"position\":2,\"name\":\"Kontakta oss\"}]},{\"@type\":\"WebSite\",\"@id\":\"https:\\\/\\\/wp.kristdemokraterna.se\\\/osthammar\\\/#website\",\"url\":\"https:\\\/\\\/wp.kristdemokraterna.se\\\/osthammar\\\/\",\"name\":\"\u00d6sthammar\",\"description\":\"Trygghet f\u00f6r alla generationer\",\"inLanguage\":\"sv-SE\"}]}<\/script>\n<!-- \/ Yoast SEO plugin. -->","yoast_head_json":{"title":"Kontakta oss - \u00d6sthammar","robots":{"index":"index","follow":"follow","max-snippet":"max-snippet:-1","max-image-preview":"max-image-preview:large","max-video-preview":"max-video-preview:-1"},"canonical":"https:\/\/wp.kristdemokraterna.se\/osthammar\/kontakta-oss\/","og_locale":"sv_SE","og_type":"article","og_title":"Kontakta oss - \u00d6sthammar","og_description":"Styrelsen f\u00f6r 2022 Ordf\u00f6rande: Erik Hel\u00e9n Mail: 99.erik.h@gmail.com Tel: 0725320206 Vice ordf\u00f6rande: Ulla Lovn\u00e9r\u00a0 Mail: lovner@hotmail.se Tel: &nbsp; Partiavdelningsstyrelseledamot: Ingrid Ragnar Mail: ingrid.ragnar@hotmail.com Tel: 0762012740 Sabina St\u00e5l Mail: Sabina.stal.politik@osthammar.se Tel: 0736462253 Ulrica Melin\u00a0 Mail: Ulrica.melin@telia.com Tel: 0709183251 Partiavdelningsstyrelseers\u00e4ttare: Jessika Makris Mail: jtmakris80@gmail.com Tel: 0768545654 Maria Nystr\u00f6m\u00a0 Mail: maria.nystrom.politik@osthammar.se Tel: &nbsp; &nbsp;","og_url":"https:\/\/wp.kristdemokraterna.se\/osthammar\/kontakta-oss\/","og_site_name":"\u00d6sthammar","article_modified_time":"2022-05-10T13:38:58+00:00","twitter_card":"summary_large_image","twitter_misc":{"Ber\u00e4knad l\u00e4stid":"1 minut"},"schema":{"@context":"https:\/\/schema.org","@graph":[{"@type":"WebPage","@id":"https:\/\/wp.kristdemokraterna.se\/osthammar\/kontakta-oss\/","url":"https:\/\/wp.kristdemokraterna.se\/osthammar\/kontakta-oss\/","name":"Kontakta oss - \u00d6sthammar","isPartOf":{"@id":"https:\/\/wp.kristdemokraterna.se\/osthammar\/#website"},"datePublished":"2012-11-19T14:56:50+00:00","dateModified":"2022-05-10T13:38:58+00:00","breadcrumb":{"@id":"https:\/\/wp.kristdemokraterna.se\/osthammar\/kontakta-oss\/#breadcrumb"},"inLanguage":"sv-SE","potentialAction":[{"@type":"ReadAction","target":["https:\/\/wp.kristdemokraterna.se\/osthammar\/kontakta-oss\/"]}]},{"@type":"BreadcrumbList","@id":"https:\/\/wp.kristdemokraterna.se\/osthammar\/kontakta-oss\/#breadcrumb","itemListElement":[{"@type":"ListItem","position":1,"name":"Hem","item":"https:\/\/wp.kristdemokraterna.se\/osthammar\/"},{"@type":"ListItem","position":2,"name":"Kontakta oss"}]},{"@type":"WebSite","@id":"https:\/\/wp.kristdemokraterna.se\/osthammar\/#website","url":"https:\/\/wp.kristdemokraterna.se\/osthammar\/","name":"\u00d6sthammar","description":"Trygghet f\u00f6r alla generationer","inLanguage":"sv-SE"}]}},"_links":{"self":[{"href":"https:\/\/wp.kristdemokraterna.se\/osthammar\/wp-json\/wp\/v2\/pages\/8","targetHints":{"allow":["GET"]}}],"collection":[{"href":"https:\/\/wp.kristdemokraterna.se\/osthammar\/wp-json\/wp\/v2\/pages"}],"about":[{"href":"https:\/\/wp.kristdemokraterna.se\/osthammar\/wp-json\/wp\/v2\/types\/page"}],"author":[{"embeddable":true,"href":"https:\/\/wp.kristdemokraterna.se\/osthammar\/wp-json\/wp\/v2\/users\/566"}],"replies":[{"embeddable":true,"href":"https:\/\/wp.kristdemokraterna.se\/osthammar\/wp-json\/wp\/v2\/comments?post=8"}],"version-history":[{"count":29,"href":"https:\/\/wp.kristdemokraterna.se\/osthammar\/wp-json\/wp\/v2\/pages\/8\/revisions"}],"predecessor-version":[{"id":132,"href":"https:\/\/wp.kristdemokraterna.se\/osthammar\/wp-json\/wp\/v2\/pages\/8\/revisions\/132"}],"wp:attachment":[{"href":"https:\/\/wp.kristdemokraterna.se\/osthammar\/wp-json\/wp\/v2\/media?parent=8"}],"curies":[{"name":"wp","href":"https:\/\/api.w.org\/{rel}","templated":true}]}}