{"id":82,"date":"2022-01-01T15:16:18","date_gmt":"2022-01-01T14:16:18","guid":{"rendered":"http:\/\/wp.kristdemokraterna.se\/osthammar\/?page_id=82"},"modified":"2022-06-01T13:21:30","modified_gmt":"2022-06-01T11:21:30","slug":"startsida","status":"publish","type":"page","link":"https:\/\/wp.kristdemokraterna.se\/osthammar\/","title":{"rendered":"Startsida"},"content":{"rendered":"<p>Bli medlem i Kristdemokraterna \u00d6sthammar!<\/p>\n<hr \/>\n<p>Distriktsordf\u00f6rande Mikael Oscarsson<\/p>\n","protected":false},"excerpt":{"rendered":"<p>Bli medlem i Kristdemokraterna \u00d6sthammar! Distriktsordf\u00f6rande Mikael Oscarsson<\/p>\n","protected":false},"author":566,"featured_media":0,"parent":0,"menu_order":0,"comment_status":"closed","ping_status":"closed","template":"index.php","meta":{"_acf_changed":false,"footnotes":""},"class_list":["post-82","page","type-page","status-publish","hentry"],"acf":[],"yoast_head":"<!-- This site is optimized with the Yoast SEO plugin v27.3 - https:\/\/yoast.com\/product\/yoast-seo-wordpress\/ -->\n<title>Startsida - \u00d6sthammar<\/title>\n<meta name=\"robots\" content=\"index, follow, max-snippet:-1, max-image-preview:large, max-video-preview:-1\" \/>\n<link rel=\"canonical\" href=\"https:\/\/wp.kristdemokraterna.se\/osthammar\/\" \/>\n<meta property=\"og:locale\" content=\"sv_SE\" \/>\n<meta property=\"og:type\" content=\"article\" \/>\n<meta property=\"og:title\" content=\"Startsida - \u00d6sthammar\" \/>\n<meta property=\"og:description\" content=\"Bli medlem i Kristdemokraterna \u00d6sthammar! Distriktsordf\u00f6rande Mikael Oscarsson\" \/>\n<meta property=\"og:url\" content=\"https:\/\/wp.kristdemokraterna.se\/osthammar\/\" \/>\n<meta property=\"og:site_name\" content=\"\u00d6sthammar\" \/>\n<meta property=\"article:modified_time\" content=\"2022-06-01T11:21:30+00:00\" \/>\n<meta name=\"twitter:card\" content=\"summary_large_image\" \/>\n<meta name=\"twitter:label1\" content=\"Ber\u00e4knad l\u00e4stid\" \/>\n\t<meta name=\"twitter:data1\" content=\"1 minut\" \/>\n<script type=\"application\/ld+json\" class=\"yoast-schema-graph\">{\"@context\":\"https:\\\/\\\/schema.org\",\"@graph\":[{\"@type\":\"WebPage\",\"@id\":\"https:\\\/\\\/wp.kristdemokraterna.se\\\/osthammar\\\/\",\"url\":\"https:\\\/\\\/wp.kristdemokraterna.se\\\/osthammar\\\/\",\"name\":\"Startsida - \u00d6sthammar\",\"isPartOf\":{\"@id\":\"https:\\\/\\\/wp.kristdemokraterna.se\\\/osthammar\\\/#website\"},\"datePublished\":\"2022-01-01T14:16:18+00:00\",\"dateModified\":\"2022-06-01T11:21:30+00:00\",\"breadcrumb\":{\"@id\":\"https:\\\/\\\/wp.kristdemokraterna.se\\\/osthammar\\\/#breadcrumb\"},\"inLanguage\":\"sv-SE\",\"potentialAction\":[{\"@type\":\"ReadAction\",\"target\":[\"https:\\\/\\\/wp.kristdemokraterna.se\\\/osthammar\\\/\"]}]},{\"@type\":\"BreadcrumbList\",\"@id\":\"https:\\\/\\\/wp.kristdemokraterna.se\\\/osthammar\\\/#breadcrumb\",\"itemListElement\":[{\"@type\":\"ListItem\",\"position\":1,\"name\":\"Hem\",\"item\":\"https:\\\/\\\/wp.kristdemokraterna.se\\\/osthammar\\\/\"},{\"@type\":\"ListItem\",\"position\":2,\"name\":\"Startsida\"}]},{\"@type\":\"WebSite\",\"@id\":\"https:\\\/\\\/wp.kristdemokraterna.se\\\/osthammar\\\/#website\",\"url\":\"https:\\\/\\\/wp.kristdemokraterna.se\\\/osthammar\\\/\",\"name\":\"\u00d6sthammar\",\"description\":\"Trygghet f\u00f6r alla generationer\",\"inLanguage\":\"sv-SE\"}]}<\/script>\n<!-- \/ Yoast SEO plugin. -->","yoast_head_json":{"title":"Startsida - \u00d6sthammar","robots":{"index":"index","follow":"follow","max-snippet":"max-snippet:-1","max-image-preview":"max-image-preview:large","max-video-preview":"max-video-preview:-1"},"canonical":"https:\/\/wp.kristdemokraterna.se\/osthammar\/","og_locale":"sv_SE","og_type":"article","og_title":"Startsida - \u00d6sthammar","og_description":"Bli medlem i Kristdemokraterna \u00d6sthammar! Distriktsordf\u00f6rande Mikael Oscarsson","og_url":"https:\/\/wp.kristdemokraterna.se\/osthammar\/","og_site_name":"\u00d6sthammar","article_modified_time":"2022-06-01T11:21:30+00:00","twitter_card":"summary_large_image","twitter_misc":{"Ber\u00e4knad l\u00e4stid":"1 minut"},"schema":{"@context":"https:\/\/schema.org","@graph":[{"@type":"WebPage","@id":"https:\/\/wp.kristdemokraterna.se\/osthammar\/","url":"https:\/\/wp.kristdemokraterna.se\/osthammar\/","name":"Startsida - \u00d6sthammar","isPartOf":{"@id":"https:\/\/wp.kristdemokraterna.se\/osthammar\/#website"},"datePublished":"2022-01-01T14:16:18+00:00","dateModified":"2022-06-01T11:21:30+00:00","breadcrumb":{"@id":"https:\/\/wp.kristdemokraterna.se\/osthammar\/#breadcrumb"},"inLanguage":"sv-SE","potentialAction":[{"@type":"ReadAction","target":["https:\/\/wp.kristdemokraterna.se\/osthammar\/"]}]},{"@type":"BreadcrumbList","@id":"https:\/\/wp.kristdemokraterna.se\/osthammar\/#breadcrumb","itemListElement":[{"@type":"ListItem","position":1,"name":"Hem","item":"https:\/\/wp.kristdemokraterna.se\/osthammar\/"},{"@type":"ListItem","position":2,"name":"Startsida"}]},{"@type":"WebSite","@id":"https:\/\/wp.kristdemokraterna.se\/osthammar\/#website","url":"https:\/\/wp.kristdemokraterna.se\/osthammar\/","name":"\u00d6sthammar","description":"Trygghet f\u00f6r alla generationer","inLanguage":"sv-SE"}]}},"_links":{"self":[{"href":"https:\/\/wp.kristdemokraterna.se\/osthammar\/wp-json\/wp\/v2\/pages\/82","targetHints":{"allow":["GET"]}}],"collection":[{"href":"https:\/\/wp.kristdemokraterna.se\/osthammar\/wp-json\/wp\/v2\/pages"}],"about":[{"href":"https:\/\/wp.kristdemokraterna.se\/osthammar\/wp-json\/wp\/v2\/types\/page"}],"author":[{"embeddable":true,"href":"https:\/\/wp.kristdemokraterna.se\/osthammar\/wp-json\/wp\/v2\/users\/566"}],"replies":[{"embeddable":true,"href":"https:\/\/wp.kristdemokraterna.se\/osthammar\/wp-json\/wp\/v2\/comments?post=82"}],"version-history":[{"count":25,"href":"https:\/\/wp.kristdemokraterna.se\/osthammar\/wp-json\/wp\/v2\/pages\/82\/revisions"}],"predecessor-version":[{"id":178,"href":"https:\/\/wp.kristdemokraterna.se\/osthammar\/wp-json\/wp\/v2\/pages\/82\/revisions\/178"}],"wp:attachment":[{"href":"https:\/\/wp.kristdemokraterna.se\/osthammar\/wp-json\/wp\/v2\/media?parent=82"}],"curies":[{"name":"wp","href":"https:\/\/api.w.org\/{rel}","templated":true}]}}