{"id":95,"date":"2018-07-11T13:34:28","date_gmt":"2018-07-11T11:34:28","guid":{"rendered":"http:\/\/wp.kristdemokraterna.se\/osthammar\/?page_id=95"},"modified":"2024-09-16T13:41:31","modified_gmt":"2024-09-16T11:41:31","slug":"var-partiavdelning","status":"publish","type":"page","link":"https:\/\/wp.kristdemokraterna.se\/osthammar\/var-partiavdelning\/","title":{"rendered":"V\u00e5r partiavdelning"},"content":{"rendered":"<p>Erik Hel\u00e9n<span class=\"u-brand-font u-txt-xs u-txt-brand u-txt-bold\"> Partiavdelningsordf\u00f6rande <\/span><\/p>\n<h2>Kontakta Erik Hel\u00e9n<\/h2>\n<p>Adress:<br \/>\nDyvlinge 109<br \/>\n747 92 Alunda<\/p>\n<p>E-post:<br \/>\n99.erik.h@gmail.com<\/p>\n<p>Telefon:<br \/>\n<a href=\"tel:+072-532 02 06\">072-532 02 06 <\/a><\/p>\n<p>&nbsp;<\/p>\n<p>Henrik Will\u00e9n Johansson\u00a0<span class=\"u-brand-font u-txt-xs u-txt-brand u-txt-bold\"> 1:e vice partiavdelningsordf\u00f6rande<\/span><\/p>\n<h2>Kontakta Henrik Will\u00e9n Johansson<\/h2>\n<p>Adress:<br \/>\nAlunda<\/p>\n<p>&nbsp;<\/p>\n<p>Ingrid Ragnar <span class=\"u-brand-font u-txt-xs u-txt-brand u-txt-bold\">Partiavdelningsstyrelseledamot<\/span><\/p>\n<h2>Kontakta Ingrid Ragnar<\/h2>\n<p>Adress:<br \/>\nR\u00f6rby 122<br \/>\n747 92 Alunda<\/p>\n<p>Telefon:<br \/>\n076 201 27 40<\/p>\n<p>&nbsp;<\/p>\n<p>Sabina St\u00e5hl <span class=\"u-brand-font u-txt-xs u-txt-brand u-txt-bold\"> Partiavdelningsstyrelseledamot <\/span><\/p>\n<h2>Kontakta Sabina St\u00e5hl<\/h2>\n<p>Adress:<br \/>\nAlunda<\/p>\n<p>E-post:<br \/>\nSabina.stahl.politik@osthammar.se<\/p>\n<p>&nbsp;<\/p>\n<p>Ulrica Melin\u00a0<span class=\"u-brand-font u-txt-xs u-txt-brand u-txt-bold\"> Partiavdelningsstyrelseledamot<\/span><\/p>\n<h2>Kontakta Ulrica Melin<\/h2>\n<p>Adress:<br \/>\nSkoby 333<br \/>\n747 91 Alunda<\/p>\n<p>E-post:<br \/>\nulrica.melin@telia.com<\/p>\n<p>Telefon:<br \/>\n070 918 32 51<\/p>\n<p>&nbsp;<\/p>\n<p>&nbsp;<\/p>\n<p>Maria Nystr\u00f6m <span class=\"u-brand-font u-txt-xs u-txt-brand u-txt-bold\"> Partiavdelningsstyrelseers\u00e4ttare<\/span><\/p>\n<h2>Kontakta Maria Nystr\u00f6m<\/h2>\n<p>Adress:<br \/>\nS\u00f6derby 63<br \/>\n74293 \u00d6sthammar<\/p>\n<p>E-post:<br \/>\n<a href=\"mailto:mrsmarianystrom@hotmail.com\">mrsmarianystrom@hotmail.com <\/a><\/p>\n<p>Telefon:<br \/>\n<a href=\"tel:+0173-380 18\">0173-380 18 <\/a><br \/>\n<a href=\"tel:+070-541 01 25\">070-541 01 25<\/a><\/p>\n","protected":false},"excerpt":{"rendered":"<p>Erik Hel\u00e9n Partiavdelningsordf\u00f6rande Kontakta Erik Hel\u00e9n Adress: Dyvlinge 109 747 92 Alunda E-post: 99.erik.h@gmail.com Telefon: 072-532 02 06 &nbsp; Henrik Will\u00e9n Johansson\u00a0 1:e vice partiavdelningsordf\u00f6rande Kontakta Henrik Will\u00e9n Johansson Adress: Alunda &nbsp; Ingrid Ragnar Partiavdelningsstyrelseledamot Kontakta Ingrid Ragnar Adress: R\u00f6rby 122 747 92 Alunda Telefon: 076 201 27 40 &nbsp; Sabina St\u00e5hl Partiavdelningsstyrelseledamot Kontakta Sabina <a class=\"read-more-link\" href=\"https:\/\/wp.kristdemokraterna.se\/osthammar\/var-partiavdelning\/\">Read More<\/a><\/p>\n","protected":false},"author":566,"featured_media":0,"parent":0,"menu_order":0,"comment_status":"closed","ping_status":"closed","template":"","meta":{"_acf_changed":false,"footnotes":""},"class_list":["post-95","page","type-page","status-publish","hentry"],"acf":[],"yoast_head":"<!-- This site is optimized with the Yoast SEO plugin v27.5 - https:\/\/yoast.com\/product\/yoast-seo-wordpress\/ -->\n<title>V\u00e5r partiavdelning - \u00d6sthammar<\/title>\n<meta name=\"robots\" content=\"index, follow, max-snippet:-1, max-image-preview:large, max-video-preview:-1\" \/>\n<link rel=\"canonical\" href=\"https:\/\/wp.kristdemokraterna.se\/osthammar\/var-partiavdelning\/\" \/>\n<meta property=\"og:locale\" content=\"sv_SE\" \/>\n<meta property=\"og:type\" content=\"article\" \/>\n<meta property=\"og:title\" content=\"V\u00e5r partiavdelning - \u00d6sthammar\" \/>\n<meta property=\"og:description\" content=\"Erik Hel\u00e9n Partiavdelningsordf\u00f6rande Kontakta Erik Hel\u00e9n Adress: Dyvlinge 109 747 92 Alunda E-post: 99.erik.h@gmail.com Telefon: 072-532 02 06 &nbsp; Henrik Will\u00e9n Johansson\u00a0 1:e vice partiavdelningsordf\u00f6rande Kontakta Henrik Will\u00e9n Johansson Adress: Alunda &nbsp; Ingrid Ragnar Partiavdelningsstyrelseledamot Kontakta Ingrid Ragnar Adress: R\u00f6rby 122 747 92 Alunda Telefon: 076 201 27 40 &nbsp; Sabina St\u00e5hl Partiavdelningsstyrelseledamot Kontakta Sabina Read More\" \/>\n<meta property=\"og:url\" content=\"https:\/\/wp.kristdemokraterna.se\/osthammar\/var-partiavdelning\/\" \/>\n<meta property=\"og:site_name\" content=\"\u00d6sthammar\" \/>\n<meta property=\"article:modified_time\" content=\"2024-09-16T11:41:31+00:00\" \/>\n<meta name=\"twitter:card\" content=\"summary_large_image\" \/>\n<meta name=\"twitter:label1\" content=\"Ber\u00e4knad l\u00e4stid\" \/>\n\t<meta name=\"twitter:data1\" content=\"1 minut\" \/>\n<script type=\"application\/ld+json\" class=\"yoast-schema-graph\">{\"@context\":\"https:\\\/\\\/schema.org\",\"@graph\":[{\"@type\":\"WebPage\",\"@id\":\"https:\\\/\\\/wp.kristdemokraterna.se\\\/osthammar\\\/var-partiavdelning\\\/\",\"url\":\"https:\\\/\\\/wp.kristdemokraterna.se\\\/osthammar\\\/var-partiavdelning\\\/\",\"name\":\"V\u00e5r partiavdelning - \u00d6sthammar\",\"isPartOf\":{\"@id\":\"https:\\\/\\\/wp.kristdemokraterna.se\\\/osthammar\\\/#website\"},\"datePublished\":\"2018-07-11T11:34:28+00:00\",\"dateModified\":\"2024-09-16T11:41:31+00:00\",\"breadcrumb\":{\"@id\":\"https:\\\/\\\/wp.kristdemokraterna.se\\\/osthammar\\\/var-partiavdelning\\\/#breadcrumb\"},\"inLanguage\":\"sv-SE\",\"potentialAction\":[{\"@type\":\"ReadAction\",\"target\":[\"https:\\\/\\\/wp.kristdemokraterna.se\\\/osthammar\\\/var-partiavdelning\\\/\"]}]},{\"@type\":\"BreadcrumbList\",\"@id\":\"https:\\\/\\\/wp.kristdemokraterna.se\\\/osthammar\\\/var-partiavdelning\\\/#breadcrumb\",\"itemListElement\":[{\"@type\":\"ListItem\",\"position\":1,\"name\":\"Hem\",\"item\":\"https:\\\/\\\/wp.kristdemokraterna.se\\\/osthammar\\\/\"},{\"@type\":\"ListItem\",\"position\":2,\"name\":\"V\u00e5r partiavdelning\"}]},{\"@type\":\"WebSite\",\"@id\":\"https:\\\/\\\/wp.kristdemokraterna.se\\\/osthammar\\\/#website\",\"url\":\"https:\\\/\\\/wp.kristdemokraterna.se\\\/osthammar\\\/\",\"name\":\"\u00d6sthammar\",\"description\":\"Trygghet f\u00f6r alla generationer\",\"inLanguage\":\"sv-SE\"}]}<\/script>\n<!-- \/ Yoast SEO plugin. -->","yoast_head_json":{"title":"V\u00e5r partiavdelning - \u00d6sthammar","robots":{"index":"index","follow":"follow","max-snippet":"max-snippet:-1","max-image-preview":"max-image-preview:large","max-video-preview":"max-video-preview:-1"},"canonical":"https:\/\/wp.kristdemokraterna.se\/osthammar\/var-partiavdelning\/","og_locale":"sv_SE","og_type":"article","og_title":"V\u00e5r partiavdelning - \u00d6sthammar","og_description":"Erik Hel\u00e9n Partiavdelningsordf\u00f6rande Kontakta Erik Hel\u00e9n Adress: Dyvlinge 109 747 92 Alunda E-post: 99.erik.h@gmail.com Telefon: 072-532 02 06 &nbsp; Henrik Will\u00e9n Johansson\u00a0 1:e vice partiavdelningsordf\u00f6rande Kontakta Henrik Will\u00e9n Johansson Adress: Alunda &nbsp; Ingrid Ragnar Partiavdelningsstyrelseledamot Kontakta Ingrid Ragnar Adress: R\u00f6rby 122 747 92 Alunda Telefon: 076 201 27 40 &nbsp; Sabina St\u00e5hl Partiavdelningsstyrelseledamot Kontakta Sabina Read More","og_url":"https:\/\/wp.kristdemokraterna.se\/osthammar\/var-partiavdelning\/","og_site_name":"\u00d6sthammar","article_modified_time":"2024-09-16T11:41:31+00:00","twitter_card":"summary_large_image","twitter_misc":{"Ber\u00e4knad l\u00e4stid":"1 minut"},"schema":{"@context":"https:\/\/schema.org","@graph":[{"@type":"WebPage","@id":"https:\/\/wp.kristdemokraterna.se\/osthammar\/var-partiavdelning\/","url":"https:\/\/wp.kristdemokraterna.se\/osthammar\/var-partiavdelning\/","name":"V\u00e5r partiavdelning - \u00d6sthammar","isPartOf":{"@id":"https:\/\/wp.kristdemokraterna.se\/osthammar\/#website"},"datePublished":"2018-07-11T11:34:28+00:00","dateModified":"2024-09-16T11:41:31+00:00","breadcrumb":{"@id":"https:\/\/wp.kristdemokraterna.se\/osthammar\/var-partiavdelning\/#breadcrumb"},"inLanguage":"sv-SE","potentialAction":[{"@type":"ReadAction","target":["https:\/\/wp.kristdemokraterna.se\/osthammar\/var-partiavdelning\/"]}]},{"@type":"BreadcrumbList","@id":"https:\/\/wp.kristdemokraterna.se\/osthammar\/var-partiavdelning\/#breadcrumb","itemListElement":[{"@type":"ListItem","position":1,"name":"Hem","item":"https:\/\/wp.kristdemokraterna.se\/osthammar\/"},{"@type":"ListItem","position":2,"name":"V\u00e5r partiavdelning"}]},{"@type":"WebSite","@id":"https:\/\/wp.kristdemokraterna.se\/osthammar\/#website","url":"https:\/\/wp.kristdemokraterna.se\/osthammar\/","name":"\u00d6sthammar","description":"Trygghet f\u00f6r alla generationer","inLanguage":"sv-SE"}]}},"_links":{"self":[{"href":"https:\/\/wp.kristdemokraterna.se\/osthammar\/wp-json\/wp\/v2\/pages\/95","targetHints":{"allow":["GET"]}}],"collection":[{"href":"https:\/\/wp.kristdemokraterna.se\/osthammar\/wp-json\/wp\/v2\/pages"}],"about":[{"href":"https:\/\/wp.kristdemokraterna.se\/osthammar\/wp-json\/wp\/v2\/types\/page"}],"author":[{"embeddable":true,"href":"https:\/\/wp.kristdemokraterna.se\/osthammar\/wp-json\/wp\/v2\/users\/566"}],"replies":[{"embeddable":true,"href":"https:\/\/wp.kristdemokraterna.se\/osthammar\/wp-json\/wp\/v2\/comments?post=95"}],"version-history":[{"count":4,"href":"https:\/\/wp.kristdemokraterna.se\/osthammar\/wp-json\/wp\/v2\/pages\/95\/revisions"}],"predecessor-version":[{"id":181,"href":"https:\/\/wp.kristdemokraterna.se\/osthammar\/wp-json\/wp\/v2\/pages\/95\/revisions\/181"}],"wp:attachment":[{"href":"https:\/\/wp.kristdemokraterna.se\/osthammar\/wp-json\/wp\/v2\/media?parent=95"}],"curies":[{"name":"wp","href":"https:\/\/api.w.org\/{rel}","templated":true}]}}