{"id":363,"date":"2017-12-04T16:11:27","date_gmt":"2017-12-04T15:11:27","guid":{"rendered":"http:\/\/wp.kristdemokraterna.se\/ovanaker\/?page_id=363"},"modified":"2023-10-05T11:40:15","modified_gmt":"2023-10-05T09:40:15","slug":"kontakta-oss-2","status":"publish","type":"page","link":"https:\/\/wp.kristdemokraterna.se\/ovanaker\/vilka-vi-ar\/textsida-med-vanster-sidebar\/kontakta-oss-2\/","title":{"rendered":"Kontakta oss"},"content":{"rendered":"<p><a href=\"http:\/\/wp.kristdemokraterna.se\/ovanaker\/files\/2023\/10\/nef0217-web-scaled.jpg\"><img loading=\"lazy\" decoding=\"async\" class=\" wp-image-654 alignright\" src=\"http:\/\/wp.kristdemokraterna.se\/ovanaker\/files\/2023\/10\/nef0217-web-300x200.jpg\" alt=\"\" width=\"459\" height=\"306\" srcset=\"https:\/\/wp.kristdemokraterna.se\/ovanaker\/files\/2023\/10\/nef0217-web-300x200.jpg 300w, https:\/\/wp.kristdemokraterna.se\/ovanaker\/files\/2023\/10\/nef0217-web-1024x683.jpg 1024w, https:\/\/wp.kristdemokraterna.se\/ovanaker\/files\/2023\/10\/nef0217-web-768x513.jpg 768w, https:\/\/wp.kristdemokraterna.se\/ovanaker\/files\/2023\/10\/nef0217-web-1536x1025.jpg 1536w, https:\/\/wp.kristdemokraterna.se\/ovanaker\/files\/2023\/10\/nef0217-web-2048x1367.jpg 2048w, https:\/\/wp.kristdemokraterna.se\/ovanaker\/files\/2023\/10\/nef0217-web-370x247.jpg 370w, https:\/\/wp.kristdemokraterna.se\/ovanaker\/files\/2023\/10\/nef0217-web-770x514.jpg 770w, https:\/\/wp.kristdemokraterna.se\/ovanaker\/files\/2023\/10\/nef0217-web-450x300.jpg 450w, https:\/\/wp.kristdemokraterna.se\/ovanaker\/files\/2023\/10\/nef0217-web-280x187.jpg 280w, https:\/\/wp.kristdemokraterna.se\/ovanaker\/files\/2023\/10\/nef0217-web-340x227.jpg 340w, https:\/\/wp.kristdemokraterna.se\/ovanaker\/files\/2023\/10\/nef0217-web-200x133.jpg 200w, https:\/\/wp.kristdemokraterna.se\/ovanaker\/files\/2023\/10\/nef0217-web-84x56.jpg 84w\" sizes=\"auto, (max-width: 459px) 100vw, 459px\" \/><\/a><\/p>\n<h3>Vill du komma i kontakt med n\u00e5gon i v\u00e5r partiavdelning?<\/h3>\n<p>Kontakta d\u00e5 n\u00e5gon av v\u00e5ra f\u00f6retr\u00e4dare s\u00e5 kan de f\u00f6rmedla dig vidare.<\/p>\n<p><a href=\"mailto:andreas.kissner@gmail.com\">andreas.kissner@gmail.com<\/a><\/p>\n<p><a href=\"https:\/\/www.facebook.com\/profile.php?id=100080099324599\">Andreas Kissner KD Facebook<\/a><\/p>\n<p><a href=\"mailto:jennie.forsblom@kristdemokraterna.se\">jennie.forsblom@kristdemokraterna.se<\/a><\/p>\n<p><a href=\"https:\/\/www.facebook.com\/JennieForsblomKD\">Jennie Forsblom KD Facebook<\/a><\/p>\n<p>&nbsp;<\/p>\n","protected":false},"excerpt":{"rendered":"<p>Vill du komma i kontakt med n\u00e5gon i v\u00e5r partiavdelning? Kontakta d\u00e5 n\u00e5gon av v\u00e5ra f\u00f6retr\u00e4dare s\u00e5 kan de f\u00f6rmedla dig vidare. andreas.kissner@gmail.com Andreas Kissner KD Facebook jennie.forsblom@kristdemokraterna.se Jennie Forsblom KD Facebook &nbsp;<\/p>\n","protected":false},"author":579,"featured_media":0,"parent":269,"menu_order":0,"comment_status":"closed","ping_status":"closed","template":"page.php","meta":{"_acf_changed":false,"footnotes":""},"class_list":["post-363","page","type-page","status-publish","hentry"],"acf":[],"yoast_head":"<!-- This site is optimized with the Yoast SEO plugin v27.3 - https:\/\/yoast.com\/product\/yoast-seo-wordpress\/ -->\n<title>Kontakta oss - Kristdemokraterna i Ovan\u00e5ker<\/title>\n<meta name=\"robots\" content=\"index, follow, max-snippet:-1, max-image-preview:large, max-video-preview:-1\" \/>\n<link rel=\"canonical\" href=\"https:\/\/wp.kristdemokraterna.se\/ovanaker\/vilka-vi-ar\/textsida-med-vanster-sidebar\/kontakta-oss-2\/\" \/>\n<meta property=\"og:locale\" content=\"sv_SE\" \/>\n<meta property=\"og:type\" content=\"article\" \/>\n<meta property=\"og:title\" content=\"Kontakta oss - Kristdemokraterna i Ovan\u00e5ker\" \/>\n<meta property=\"og:description\" content=\"Vill du komma i kontakt med n\u00e5gon i v\u00e5r partiavdelning? Kontakta d\u00e5 n\u00e5gon av v\u00e5ra f\u00f6retr\u00e4dare s\u00e5 kan de f\u00f6rmedla dig vidare. andreas.kissner@gmail.com Andreas Kissner KD Facebook jennie.forsblom@kristdemokraterna.se Jennie Forsblom KD Facebook &nbsp;\" \/>\n<meta property=\"og:url\" content=\"https:\/\/wp.kristdemokraterna.se\/ovanaker\/vilka-vi-ar\/textsida-med-vanster-sidebar\/kontakta-oss-2\/\" \/>\n<meta property=\"og:site_name\" content=\"Kristdemokraterna i Ovan\u00e5ker\" \/>\n<meta property=\"article:modified_time\" content=\"2023-10-05T09:40:15+00:00\" \/>\n<meta property=\"og:image\" content=\"http:\/\/wp.kristdemokraterna.se\/ovanaker\/files\/2023\/10\/nef0217-web-300x200.jpg\" \/>\n<meta name=\"twitter:card\" content=\"summary_large_image\" \/>\n<meta name=\"twitter:label1\" content=\"Ber\u00e4knad l\u00e4stid\" \/>\n\t<meta name=\"twitter:data1\" content=\"1 minut\" \/>\n<script type=\"application\/ld+json\" class=\"yoast-schema-graph\">{\"@context\":\"https:\\\/\\\/schema.org\",\"@graph\":[{\"@type\":\"WebPage\",\"@id\":\"https:\\\/\\\/wp.kristdemokraterna.se\\\/ovanaker\\\/vilka-vi-ar\\\/textsida-med-vanster-sidebar\\\/kontakta-oss-2\\\/\",\"url\":\"https:\\\/\\\/wp.kristdemokraterna.se\\\/ovanaker\\\/vilka-vi-ar\\\/textsida-med-vanster-sidebar\\\/kontakta-oss-2\\\/\",\"name\":\"Kontakta oss - Kristdemokraterna i Ovan\u00e5ker\",\"isPartOf\":{\"@id\":\"https:\\\/\\\/wp.kristdemokraterna.se\\\/ovanaker\\\/#website\"},\"primaryImageOfPage\":{\"@id\":\"https:\\\/\\\/wp.kristdemokraterna.se\\\/ovanaker\\\/vilka-vi-ar\\\/textsida-med-vanster-sidebar\\\/kontakta-oss-2\\\/#primaryimage\"},\"image\":{\"@id\":\"https:\\\/\\\/wp.kristdemokraterna.se\\\/ovanaker\\\/vilka-vi-ar\\\/textsida-med-vanster-sidebar\\\/kontakta-oss-2\\\/#primaryimage\"},\"thumbnailUrl\":\"http:\\\/\\\/wp.kristdemokraterna.se\\\/ovanaker\\\/files\\\/2023\\\/10\\\/nef0217-web-300x200.jpg\",\"datePublished\":\"2017-12-04T15:11:27+00:00\",\"dateModified\":\"2023-10-05T09:40:15+00:00\",\"breadcrumb\":{\"@id\":\"https:\\\/\\\/wp.kristdemokraterna.se\\\/ovanaker\\\/vilka-vi-ar\\\/textsida-med-vanster-sidebar\\\/kontakta-oss-2\\\/#breadcrumb\"},\"inLanguage\":\"sv-SE\",\"potentialAction\":[{\"@type\":\"ReadAction\",\"target\":[\"https:\\\/\\\/wp.kristdemokraterna.se\\\/ovanaker\\\/vilka-vi-ar\\\/textsida-med-vanster-sidebar\\\/kontakta-oss-2\\\/\"]}]},{\"@type\":\"ImageObject\",\"inLanguage\":\"sv-SE\",\"@id\":\"https:\\\/\\\/wp.kristdemokraterna.se\\\/ovanaker\\\/vilka-vi-ar\\\/textsida-med-vanster-sidebar\\\/kontakta-oss-2\\\/#primaryimage\",\"url\":\"http:\\\/\\\/wp.kristdemokraterna.se\\\/ovanaker\\\/files\\\/2023\\\/10\\\/nef0217-web-300x200.jpg\",\"contentUrl\":\"http:\\\/\\\/wp.kristdemokraterna.se\\\/ovanaker\\\/files\\\/2023\\\/10\\\/nef0217-web-300x200.jpg\"},{\"@type\":\"BreadcrumbList\",\"@id\":\"https:\\\/\\\/wp.kristdemokraterna.se\\\/ovanaker\\\/vilka-vi-ar\\\/textsida-med-vanster-sidebar\\\/kontakta-oss-2\\\/#breadcrumb\",\"itemListElement\":[{\"@type\":\"ListItem\",\"position\":1,\"name\":\"Hem\",\"item\":\"https:\\\/\\\/wp.kristdemokraterna.se\\\/ovanaker\\\/\"},{\"@type\":\"ListItem\",\"position\":2,\"name\":\"Vilka vi \u00e4r\",\"item\":\"https:\\\/\\\/wp.kristdemokraterna.se\\\/ovanaker\\\/vilka-vi-ar\\\/\"},{\"@type\":\"ListItem\",\"position\":3,\"name\":\"Partiavdelningens styrelse\",\"item\":\"https:\\\/\\\/wp.kristdemokraterna.se\\\/ovanaker\\\/vilka-vi-ar\\\/textsida-med-vanster-sidebar\\\/\"},{\"@type\":\"ListItem\",\"position\":4,\"name\":\"Kontakta oss\"}]},{\"@type\":\"WebSite\",\"@id\":\"https:\\\/\\\/wp.kristdemokraterna.se\\\/ovanaker\\\/#website\",\"url\":\"https:\\\/\\\/wp.kristdemokraterna.se\\\/ovanaker\\\/\",\"name\":\"Kristdemokraterna i Ovan\u00e5ker\",\"description\":\"En till Kristdemokraterna webbplats\",\"inLanguage\":\"sv-SE\"}]}<\/script>\n<!-- \/ Yoast SEO plugin. -->","yoast_head_json":{"title":"Kontakta oss - Kristdemokraterna i Ovan\u00e5ker","robots":{"index":"index","follow":"follow","max-snippet":"max-snippet:-1","max-image-preview":"max-image-preview:large","max-video-preview":"max-video-preview:-1"},"canonical":"https:\/\/wp.kristdemokraterna.se\/ovanaker\/vilka-vi-ar\/textsida-med-vanster-sidebar\/kontakta-oss-2\/","og_locale":"sv_SE","og_type":"article","og_title":"Kontakta oss - Kristdemokraterna i Ovan\u00e5ker","og_description":"Vill du komma i kontakt med n\u00e5gon i v\u00e5r partiavdelning? Kontakta d\u00e5 n\u00e5gon av v\u00e5ra f\u00f6retr\u00e4dare s\u00e5 kan de f\u00f6rmedla dig vidare. andreas.kissner@gmail.com Andreas Kissner KD Facebook jennie.forsblom@kristdemokraterna.se Jennie Forsblom KD Facebook &nbsp;","og_url":"https:\/\/wp.kristdemokraterna.se\/ovanaker\/vilka-vi-ar\/textsida-med-vanster-sidebar\/kontakta-oss-2\/","og_site_name":"Kristdemokraterna i Ovan\u00e5ker","article_modified_time":"2023-10-05T09:40:15+00:00","og_image":[{"url":"http:\/\/wp.kristdemokraterna.se\/ovanaker\/files\/2023\/10\/nef0217-web-300x200.jpg","type":"","width":"","height":""}],"twitter_card":"summary_large_image","twitter_misc":{"Ber\u00e4knad l\u00e4stid":"1 minut"},"schema":{"@context":"https:\/\/schema.org","@graph":[{"@type":"WebPage","@id":"https:\/\/wp.kristdemokraterna.se\/ovanaker\/vilka-vi-ar\/textsida-med-vanster-sidebar\/kontakta-oss-2\/","url":"https:\/\/wp.kristdemokraterna.se\/ovanaker\/vilka-vi-ar\/textsida-med-vanster-sidebar\/kontakta-oss-2\/","name":"Kontakta oss - Kristdemokraterna i Ovan\u00e5ker","isPartOf":{"@id":"https:\/\/wp.kristdemokraterna.se\/ovanaker\/#website"},"primaryImageOfPage":{"@id":"https:\/\/wp.kristdemokraterna.se\/ovanaker\/vilka-vi-ar\/textsida-med-vanster-sidebar\/kontakta-oss-2\/#primaryimage"},"image":{"@id":"https:\/\/wp.kristdemokraterna.se\/ovanaker\/vilka-vi-ar\/textsida-med-vanster-sidebar\/kontakta-oss-2\/#primaryimage"},"thumbnailUrl":"http:\/\/wp.kristdemokraterna.se\/ovanaker\/files\/2023\/10\/nef0217-web-300x200.jpg","datePublished":"2017-12-04T15:11:27+00:00","dateModified":"2023-10-05T09:40:15+00:00","breadcrumb":{"@id":"https:\/\/wp.kristdemokraterna.se\/ovanaker\/vilka-vi-ar\/textsida-med-vanster-sidebar\/kontakta-oss-2\/#breadcrumb"},"inLanguage":"sv-SE","potentialAction":[{"@type":"ReadAction","target":["https:\/\/wp.kristdemokraterna.se\/ovanaker\/vilka-vi-ar\/textsida-med-vanster-sidebar\/kontakta-oss-2\/"]}]},{"@type":"ImageObject","inLanguage":"sv-SE","@id":"https:\/\/wp.kristdemokraterna.se\/ovanaker\/vilka-vi-ar\/textsida-med-vanster-sidebar\/kontakta-oss-2\/#primaryimage","url":"http:\/\/wp.kristdemokraterna.se\/ovanaker\/files\/2023\/10\/nef0217-web-300x200.jpg","contentUrl":"http:\/\/wp.kristdemokraterna.se\/ovanaker\/files\/2023\/10\/nef0217-web-300x200.jpg"},{"@type":"BreadcrumbList","@id":"https:\/\/wp.kristdemokraterna.se\/ovanaker\/vilka-vi-ar\/textsida-med-vanster-sidebar\/kontakta-oss-2\/#breadcrumb","itemListElement":[{"@type":"ListItem","position":1,"name":"Hem","item":"https:\/\/wp.kristdemokraterna.se\/ovanaker\/"},{"@type":"ListItem","position":2,"name":"Vilka vi \u00e4r","item":"https:\/\/wp.kristdemokraterna.se\/ovanaker\/vilka-vi-ar\/"},{"@type":"ListItem","position":3,"name":"Partiavdelningens styrelse","item":"https:\/\/wp.kristdemokraterna.se\/ovanaker\/vilka-vi-ar\/textsida-med-vanster-sidebar\/"},{"@type":"ListItem","position":4,"name":"Kontakta oss"}]},{"@type":"WebSite","@id":"https:\/\/wp.kristdemokraterna.se\/ovanaker\/#website","url":"https:\/\/wp.kristdemokraterna.se\/ovanaker\/","name":"Kristdemokraterna i Ovan\u00e5ker","description":"En till Kristdemokraterna webbplats","inLanguage":"sv-SE"}]}},"_links":{"self":[{"href":"https:\/\/wp.kristdemokraterna.se\/ovanaker\/wp-json\/wp\/v2\/pages\/363","targetHints":{"allow":["GET"]}}],"collection":[{"href":"https:\/\/wp.kristdemokraterna.se\/ovanaker\/wp-json\/wp\/v2\/pages"}],"about":[{"href":"https:\/\/wp.kristdemokraterna.se\/ovanaker\/wp-json\/wp\/v2\/types\/page"}],"author":[{"embeddable":true,"href":"https:\/\/wp.kristdemokraterna.se\/ovanaker\/wp-json\/wp\/v2\/users\/579"}],"replies":[{"embeddable":true,"href":"https:\/\/wp.kristdemokraterna.se\/ovanaker\/wp-json\/wp\/v2\/comments?post=363"}],"version-history":[{"count":17,"href":"https:\/\/wp.kristdemokraterna.se\/ovanaker\/wp-json\/wp\/v2\/pages\/363\/revisions"}],"predecessor-version":[{"id":727,"href":"https:\/\/wp.kristdemokraterna.se\/ovanaker\/wp-json\/wp\/v2\/pages\/363\/revisions\/727"}],"up":[{"embeddable":true,"href":"https:\/\/wp.kristdemokraterna.se\/ovanaker\/wp-json\/wp\/v2\/pages\/269"}],"wp:attachment":[{"href":"https:\/\/wp.kristdemokraterna.se\/ovanaker\/wp-json\/wp\/v2\/media?parent=363"}],"curies":[{"name":"wp","href":"https:\/\/api.w.org\/{rel}","templated":true}]}}