{"id":708,"date":"2023-10-05T11:06:36","date_gmt":"2023-10-05T09:06:36","guid":{"rendered":"https:\/\/wp.kristdemokraterna.se\/ovanaker\/?page_id=708"},"modified":"2023-10-05T11:06:36","modified_gmt":"2023-10-05T09:06:36","slug":"vara-fortroendevalda","status":"publish","type":"page","link":"https:\/\/wp.kristdemokraterna.se\/ovanaker\/vara-fortroendevalda\/","title":{"rendered":"V\u00e5ra f\u00f6rtroendevalda"},"content":{"rendered":"","protected":false},"excerpt":{"rendered":"","protected":false},"author":1060,"featured_media":0,"parent":0,"menu_order":0,"comment_status":"closed","ping_status":"closed","template":"","meta":{"_acf_changed":false,"footnotes":""},"class_list":["post-708","page","type-page","status-publish","hentry"],"acf":[],"yoast_head":"<!-- This site is optimized with the Yoast SEO plugin v27.3 - https:\/\/yoast.com\/product\/yoast-seo-wordpress\/ -->\n<title>V\u00e5ra f\u00f6rtroendevalda - Kristdemokraterna i Ovan\u00e5ker<\/title>\n<meta name=\"robots\" content=\"index, follow, max-snippet:-1, max-image-preview:large, max-video-preview:-1\" \/>\n<link rel=\"canonical\" href=\"https:\/\/wp.kristdemokraterna.se\/ovanaker\/vara-fortroendevalda\/\" \/>\n<meta property=\"og:locale\" content=\"sv_SE\" \/>\n<meta property=\"og:type\" content=\"article\" \/>\n<meta property=\"og:title\" content=\"V\u00e5ra f\u00f6rtroendevalda - Kristdemokraterna i Ovan\u00e5ker\" \/>\n<meta property=\"og:url\" content=\"https:\/\/wp.kristdemokraterna.se\/ovanaker\/vara-fortroendevalda\/\" \/>\n<meta property=\"og:site_name\" content=\"Kristdemokraterna i Ovan\u00e5ker\" \/>\n<meta name=\"twitter:card\" content=\"summary_large_image\" \/>\n<script type=\"application\/ld+json\" class=\"yoast-schema-graph\">{\"@context\":\"https:\\\/\\\/schema.org\",\"@graph\":[{\"@type\":\"WebPage\",\"@id\":\"https:\\\/\\\/wp.kristdemokraterna.se\\\/ovanaker\\\/vara-fortroendevalda\\\/\",\"url\":\"https:\\\/\\\/wp.kristdemokraterna.se\\\/ovanaker\\\/vara-fortroendevalda\\\/\",\"name\":\"V\u00e5ra f\u00f6rtroendevalda - Kristdemokraterna i Ovan\u00e5ker\",\"isPartOf\":{\"@id\":\"https:\\\/\\\/wp.kristdemokraterna.se\\\/ovanaker\\\/#website\"},\"datePublished\":\"2023-10-05T09:06:36+00:00\",\"breadcrumb\":{\"@id\":\"https:\\\/\\\/wp.kristdemokraterna.se\\\/ovanaker\\\/vara-fortroendevalda\\\/#breadcrumb\"},\"inLanguage\":\"sv-SE\",\"potentialAction\":[{\"@type\":\"ReadAction\",\"target\":[\"https:\\\/\\\/wp.kristdemokraterna.se\\\/ovanaker\\\/vara-fortroendevalda\\\/\"]}]},{\"@type\":\"BreadcrumbList\",\"@id\":\"https:\\\/\\\/wp.kristdemokraterna.se\\\/ovanaker\\\/vara-fortroendevalda\\\/#breadcrumb\",\"itemListElement\":[{\"@type\":\"ListItem\",\"position\":1,\"name\":\"Hem\",\"item\":\"https:\\\/\\\/wp.kristdemokraterna.se\\\/ovanaker\\\/\"},{\"@type\":\"ListItem\",\"position\":2,\"name\":\"V\u00e5ra f\u00f6rtroendevalda\"}]},{\"@type\":\"WebSite\",\"@id\":\"https:\\\/\\\/wp.kristdemokraterna.se\\\/ovanaker\\\/#website\",\"url\":\"https:\\\/\\\/wp.kristdemokraterna.se\\\/ovanaker\\\/\",\"name\":\"Kristdemokraterna i Ovan\u00e5ker\",\"description\":\"En till Kristdemokraterna webbplats\",\"inLanguage\":\"sv-SE\"}]}<\/script>\n<!-- \/ Yoast SEO plugin. -->","yoast_head_json":{"title":"V\u00e5ra f\u00f6rtroendevalda - Kristdemokraterna i Ovan\u00e5ker","robots":{"index":"index","follow":"follow","max-snippet":"max-snippet:-1","max-image-preview":"max-image-preview:large","max-video-preview":"max-video-preview:-1"},"canonical":"https:\/\/wp.kristdemokraterna.se\/ovanaker\/vara-fortroendevalda\/","og_locale":"sv_SE","og_type":"article","og_title":"V\u00e5ra f\u00f6rtroendevalda - Kristdemokraterna i Ovan\u00e5ker","og_url":"https:\/\/wp.kristdemokraterna.se\/ovanaker\/vara-fortroendevalda\/","og_site_name":"Kristdemokraterna i Ovan\u00e5ker","twitter_card":"summary_large_image","schema":{"@context":"https:\/\/schema.org","@graph":[{"@type":"WebPage","@id":"https:\/\/wp.kristdemokraterna.se\/ovanaker\/vara-fortroendevalda\/","url":"https:\/\/wp.kristdemokraterna.se\/ovanaker\/vara-fortroendevalda\/","name":"V\u00e5ra f\u00f6rtroendevalda - Kristdemokraterna i Ovan\u00e5ker","isPartOf":{"@id":"https:\/\/wp.kristdemokraterna.se\/ovanaker\/#website"},"datePublished":"2023-10-05T09:06:36+00:00","breadcrumb":{"@id":"https:\/\/wp.kristdemokraterna.se\/ovanaker\/vara-fortroendevalda\/#breadcrumb"},"inLanguage":"sv-SE","potentialAction":[{"@type":"ReadAction","target":["https:\/\/wp.kristdemokraterna.se\/ovanaker\/vara-fortroendevalda\/"]}]},{"@type":"BreadcrumbList","@id":"https:\/\/wp.kristdemokraterna.se\/ovanaker\/vara-fortroendevalda\/#breadcrumb","itemListElement":[{"@type":"ListItem","position":1,"name":"Hem","item":"https:\/\/wp.kristdemokraterna.se\/ovanaker\/"},{"@type":"ListItem","position":2,"name":"V\u00e5ra f\u00f6rtroendevalda"}]},{"@type":"WebSite","@id":"https:\/\/wp.kristdemokraterna.se\/ovanaker\/#website","url":"https:\/\/wp.kristdemokraterna.se\/ovanaker\/","name":"Kristdemokraterna i Ovan\u00e5ker","description":"En till Kristdemokraterna webbplats","inLanguage":"sv-SE"}]}},"_links":{"self":[{"href":"https:\/\/wp.kristdemokraterna.se\/ovanaker\/wp-json\/wp\/v2\/pages\/708","targetHints":{"allow":["GET"]}}],"collection":[{"href":"https:\/\/wp.kristdemokraterna.se\/ovanaker\/wp-json\/wp\/v2\/pages"}],"about":[{"href":"https:\/\/wp.kristdemokraterna.se\/ovanaker\/wp-json\/wp\/v2\/types\/page"}],"author":[{"embeddable":true,"href":"https:\/\/wp.kristdemokraterna.se\/ovanaker\/wp-json\/wp\/v2\/users\/1060"}],"replies":[{"embeddable":true,"href":"https:\/\/wp.kristdemokraterna.se\/ovanaker\/wp-json\/wp\/v2\/comments?post=708"}],"version-history":[{"count":2,"href":"https:\/\/wp.kristdemokraterna.se\/ovanaker\/wp-json\/wp\/v2\/pages\/708\/revisions"}],"predecessor-version":[{"id":728,"href":"https:\/\/wp.kristdemokraterna.se\/ovanaker\/wp-json\/wp\/v2\/pages\/708\/revisions\/728"}],"wp:attachment":[{"href":"https:\/\/wp.kristdemokraterna.se\/ovanaker\/wp-json\/wp\/v2\/media?parent=708"}],"curies":[{"name":"wp","href":"https:\/\/api.w.org\/{rel}","templated":true}]}}