{"id":269,"date":"2017-11-29T16:48:28","date_gmt":"2017-11-29T15:48:28","guid":{"rendered":"https:\/\/wp.kristdemokraterna.se\/oxelosund\/?page_id=269"},"modified":"2024-03-21T15:23:02","modified_gmt":"2024-03-21T14:23:02","slug":"textsida-med-vanster-sidebar","status":"publish","type":"page","link":"https:\/\/wp.kristdemokraterna.se\/oxelosund\/textsida-med-vanster-sidebar\/","title":{"rendered":"V\u00e5r partiavdelning"},"content":{"rendered":"<h1>Hej! \u00a0Kul att du \u00e4r nyfiken p\u00e5 oss!<\/h1>\n<p>H\u00e4r \u00e4r lite &#8221;Bra-Att-Veta&#8221; om Kristdemokraternas avdelning i Oxel\u00f6sund:<\/p>\n<ul>\n<li>Vi \u00e4r ca 20 medlemmar idag, men vill bli minst 40<\/li>\n<li>I v\u00e5rt glada g\u00e4ng finns allt fr\u00e5n ur-oxel\u00f6sundare till nyinflyttade<\/li>\n<li>Vi ing\u00e5r i Koalitionen M\u2013SD\u2013KD\u2013L som styr Oxel\u00f6sund tills vidare<\/li>\n<li>KD i Nyk\u00f6ping samverkar vi ocks\u00e5 med, i fr\u00e5gor som ber\u00f6r b\u00e5da kommunerna<\/li>\n<li>KD i S\u00f6rmland har vi ocks\u00e5 t\u00e4ta kontakter med<\/li>\n<li>Vi har oftast v\u00e5ra partim\u00f6ten i Kommunhuset<\/li>\n<li>Vi har idag 28 platser i kommunens n\u00e4mnder och styrelser (se mer nedan)<\/li>\n<\/ul>\n<div id=\"attachment_855\" style=\"width: 310px\" class=\"wp-caption alignnone\"><a href=\"https:\/\/wp.kristdemokraterna.se\/oxelosund\/files\/2022\/04\/img_1767-scaled-e1650778756380.jpeg\"><img loading=\"lazy\" decoding=\"async\" aria-describedby=\"caption-attachment-855\" class=\"size-medium wp-image-855\" src=\"https:\/\/wp.kristdemokraterna.se\/oxelosund\/files\/2022\/04\/img_1767-300x225.jpeg\" alt=\"N\u00e5gra personer i KD Oxel\u00f6sund i profilkl\u00e4der utomhus\" width=\"300\" height=\"225\" \/><\/a><p id=\"caption-attachment-855\" class=\"wp-caption-text\"><em>Ca halva g\u00e4nget i KD Oxel\u00f6sund<\/em><\/p><\/div>\n<h2>Kristdemokraterna i Oxel\u00f6sund \u00e4r en lokal del av partiet Kristdemokraterna<\/h2>\n<p>Vi utg\u00e5r fr\u00e5n KD:s politik f\u00f6r Sverige, och till\u00e4mpar denna i v\u00e5r kommun. Fr\u00e4mst i de fr\u00e5gor som passar att driva lokalt, naturligtvis.<\/p>\n<p>Kristdemokraterna\u00a0grundades 1964 och har suttit i Sveriges Riksdag sedan 1991. Vi hade regeringsmakten 2006-2014 tillsammans med Moderaterna, Folkpartiet och Centern under namnet Alliansen.<\/p>\n<p>Nu\u00a0\u00e4r KD \u00e5ter med i Sveriges Regering, varav hela sex ministrar \u00e4r Kristdemokrater. Vi \u00e4r representerade i alla regioner och samtliga 290 kommuner. Vi har 25.300 medlemmar.<\/p>\n<p>I just Oxel\u00f6sund innehar KD dessa f\u00f6rtroendeposter under 2023-26:<\/p>\n<ul>\n<li>Kommunfullm\u00e4ktige: 1 ledamot, 2 ers\u00e4ttare<\/li>\n<li>Kommunstyrelsen: \u00a01 ledamot, 1 ers\u00e4ttare<\/li>\n<li>Arbetsutskottet (f\u00f6r Kommunstyrelsen): \u00a01 ledamot<\/li>\n<li>Valutskottet: \u00a01 ledamot, 1 ers\u00e4ttare<\/li>\n<li>Utbildningsn\u00e4mnden: \u00a01 ers\u00e4ttare<\/li>\n<li>V\u00e5rd- &amp; Omsorgsn\u00e4mnden: \u00a01 ledamot<\/li>\n<li>Milj\u00f6- &amp; Samh\u00e4llsbyggnadsn\u00e4mnden: \u00a01 ers\u00e4ttare<\/li>\n<li>Kultur- &amp; Fritidsn\u00e4mnden: \u00a01 ledamot<\/li>\n<li>Kommunrevisor: \u00a01 plats<\/li>\n<li>Revisor f\u00f6r kommunens donationsstiftelser: \u00a01 plats<\/li>\n<li>Revisor f\u00f6r Nyk\u00f6ping-Oxel\u00f6sunds Vattenverksf\u00f6rbund: \u00a01 plats<\/li>\n<li>Revisor f\u00f6r Kustbost\u00e4der, Oxel\u00f6 Energi och F\u00d6RAB: \u00a03 platser<\/li>\n<li>Valn\u00e4mnden: \u00a01 ledamot, 1 ers\u00e4ttare<\/li>\n<li>Patientn\u00e4mnden: \u00a01 ers\u00e4ttare<\/li>\n<li>V\u00e4xeln\u00e4mnden: \u00a01 ledamot<\/li>\n<li>God Man vid Lantm\u00e4terif\u00f6rr\u00e4ttning: \u00a01 plats<\/li>\n<li>Kustbost\u00e4der AB: \u00a01 ledamot<\/li>\n<li>F\u00d6RAB: \u00a01 ledamot<\/li>\n<li>Kommunala Pension\u00e4rsr\u00e5det: \u00a01 ers\u00e4ttare<\/li>\n<li>Kommunfullm\u00e4ktiges Valutskott: \u00a01 ledamot<\/li>\n<li>Oxel\u00f6sunds Hamn AB: \u00a01 ers\u00e4ttare<\/li>\n<\/ul>\n<p>Du hitter mer information under flikarna Aktiviteter och Kontaktpersoner.<\/p>\n<div id=\"attachment_1007\" style=\"width: 310px\" class=\"wp-caption alignnone\"><a href=\"https:\/\/wp.kristdemokraterna.se\/oxelosund\/files\/2022\/07\/img_2168-scaled.jpeg\"><img loading=\"lazy\" decoding=\"async\" aria-describedby=\"caption-attachment-1007\" class=\"size-medium wp-image-1007\" src=\"https:\/\/wp.kristdemokraterna.se\/oxelosund\/files\/2022\/07\/img_2168-300x225.jpeg\" alt=\"Ebba Busch med G\u00f6ra, Urban och Niclas fr\u00e5n KD Oxel\u00f6sund\" width=\"300\" height=\"225\" srcset=\"https:\/\/wp.kristdemokraterna.se\/oxelosund\/files\/2022\/07\/img_2168-300x225.jpeg 300w, https:\/\/wp.kristdemokraterna.se\/oxelosund\/files\/2022\/07\/img_2168-1024x769.jpeg 1024w, https:\/\/wp.kristdemokraterna.se\/oxelosund\/files\/2022\/07\/img_2168-768x577.jpeg 768w, https:\/\/wp.kristdemokraterna.se\/oxelosund\/files\/2022\/07\/img_2168-1536x1154.jpeg 1536w, https:\/\/wp.kristdemokraterna.se\/oxelosund\/files\/2022\/07\/img_2168-2048x1539.jpeg 2048w, https:\/\/wp.kristdemokraterna.se\/oxelosund\/files\/2022\/07\/img_2168-266x200.jpeg 266w, https:\/\/wp.kristdemokraterna.se\/oxelosund\/files\/2022\/07\/img_2168-370x278.jpeg 370w, https:\/\/wp.kristdemokraterna.se\/oxelosund\/files\/2022\/07\/img_2168-770x579.jpeg 770w, https:\/\/wp.kristdemokraterna.se\/oxelosund\/files\/2022\/07\/img_2168-450x338.jpeg 450w, https:\/\/wp.kristdemokraterna.se\/oxelosund\/files\/2022\/07\/img_2168-280x210.jpeg 280w, https:\/\/wp.kristdemokraterna.se\/oxelosund\/files\/2022\/07\/img_2168-340x255.jpeg 340w, https:\/\/wp.kristdemokraterna.se\/oxelosund\/files\/2022\/07\/img_2168-200x150.jpeg 200w, https:\/\/wp.kristdemokraterna.se\/oxelosund\/files\/2022\/07\/img_2168-75x56.jpeg 75w\" sizes=\"auto, (max-width: 300px) 100vw, 300px\" \/><\/a><p id=\"caption-attachment-1007\" class=\"wp-caption-text\"><em>KD-dagarna i Karlstad i april 2022 var partiets kick-off inf\u00f6r valr\u00f6relsen. D\u00e5 tr\u00e4ffade vi den h\u00e4r tjejen fr\u00e5n Uppsala&#8230;<\/em><\/p><\/div>\n","protected":false},"excerpt":{"rendered":"<p>Hej! \u00a0Kul att du \u00e4r nyfiken p\u00e5 oss! H\u00e4r \u00e4r lite &#8221;Bra-Att-Veta&#8221; om Kristdemokraternas avdelning i Oxel\u00f6sund: Vi \u00e4r ca 20 medlemmar idag, men vill bli minst 40 I v\u00e5rt glada g\u00e4ng finns allt fr\u00e5n ur-oxel\u00f6sundare till nyinflyttade Vi ing\u00e5r i Koalitionen M\u2013SD\u2013KD\u2013L som styr Oxel\u00f6sund tills vidare KD i Nyk\u00f6ping samverkar vi ocks\u00e5 med, <a class=\"read-more-link\" href=\"https:\/\/wp.kristdemokraterna.se\/oxelosund\/textsida-med-vanster-sidebar\/\">L\u00e4s mer<\/a><\/p>\n","protected":false},"author":1004,"featured_media":714,"parent":0,"menu_order":0,"comment_status":"closed","ping_status":"closed","template":"page.php","meta":{"_acf_changed":false,"footnotes":""},"class_list":["post-269","page","type-page","status-publish","hentry"],"acf":[],"yoast_head":"<!-- This site is optimized with the Yoast SEO plugin v27.3 - https:\/\/yoast.com\/product\/yoast-seo-wordpress\/ -->\n<title>V\u00e5r partiavdelning - Kristdemokraterna | Oxel\u00f6sund<\/title>\n<meta name=\"robots\" content=\"index, follow, max-snippet:-1, max-image-preview:large, max-video-preview:-1\" \/>\n<link rel=\"canonical\" href=\"https:\/\/wp.kristdemokraterna.se\/oxelosund\/textsida-med-vanster-sidebar\/\" \/>\n<meta property=\"og:locale\" content=\"sv_SE\" \/>\n<meta property=\"og:type\" content=\"article\" \/>\n<meta property=\"og:title\" content=\"V\u00e5r partiavdelning - Kristdemokraterna | Oxel\u00f6sund\" \/>\n<meta property=\"og:description\" content=\"Hej! \u00a0Kul att du \u00e4r nyfiken p\u00e5 oss! H\u00e4r \u00e4r lite &#8221;Bra-Att-Veta&#8221; om Kristdemokraternas avdelning i Oxel\u00f6sund: Vi \u00e4r ca 20 medlemmar idag, men vill bli minst 40 I v\u00e5rt glada g\u00e4ng finns allt fr\u00e5n ur-oxel\u00f6sundare till nyinflyttade Vi ing\u00e5r i Koalitionen M\u2013SD\u2013KD\u2013L som styr Oxel\u00f6sund tills vidare KD i Nyk\u00f6ping samverkar vi ocks\u00e5 med, L\u00e4s mer\" \/>\n<meta property=\"og:url\" content=\"https:\/\/wp.kristdemokraterna.se\/oxelosund\/textsida-med-vanster-sidebar\/\" \/>\n<meta property=\"og:site_name\" content=\"Kristdemokraterna | Oxel\u00f6sund\" \/>\n<meta property=\"article:modified_time\" content=\"2024-03-21T14:23:02+00:00\" \/>\n<meta property=\"og:image\" content=\"https:\/\/wp.kristdemokraterna.se\/oxelosund\/files\/2022\/04\/img_1767-300x225.jpeg\" \/>\n<meta name=\"twitter:card\" content=\"summary_large_image\" \/>\n<meta name=\"twitter:label1\" content=\"Ber\u00e4knad l\u00e4stid\" \/>\n\t<meta name=\"twitter:data1\" content=\"3 minuter\" \/>\n<script type=\"application\/ld+json\" class=\"yoast-schema-graph\">{\"@context\":\"https:\\\/\\\/schema.org\",\"@graph\":[{\"@type\":\"WebPage\",\"@id\":\"https:\\\/\\\/wp.kristdemokraterna.se\\\/oxelosund\\\/textsida-med-vanster-sidebar\\\/\",\"url\":\"https:\\\/\\\/wp.kristdemokraterna.se\\\/oxelosund\\\/textsida-med-vanster-sidebar\\\/\",\"name\":\"V\u00e5r partiavdelning - Kristdemokraterna | Oxel\u00f6sund\",\"isPartOf\":{\"@id\":\"https:\\\/\\\/wp.kristdemokraterna.se\\\/oxelosund\\\/#website\"},\"primaryImageOfPage\":{\"@id\":\"https:\\\/\\\/wp.kristdemokraterna.se\\\/oxelosund\\\/textsida-med-vanster-sidebar\\\/#primaryimage\"},\"image\":{\"@id\":\"https:\\\/\\\/wp.kristdemokraterna.se\\\/oxelosund\\\/textsida-med-vanster-sidebar\\\/#primaryimage\"},\"thumbnailUrl\":\"\",\"datePublished\":\"2017-11-29T15:48:28+00:00\",\"dateModified\":\"2024-03-21T14:23:02+00:00\",\"breadcrumb\":{\"@id\":\"https:\\\/\\\/wp.kristdemokraterna.se\\\/oxelosund\\\/textsida-med-vanster-sidebar\\\/#breadcrumb\"},\"inLanguage\":\"sv-SE\",\"potentialAction\":[{\"@type\":\"ReadAction\",\"target\":[\"https:\\\/\\\/wp.kristdemokraterna.se\\\/oxelosund\\\/textsida-med-vanster-sidebar\\\/\"]}]},{\"@type\":\"ImageObject\",\"inLanguage\":\"sv-SE\",\"@id\":\"https:\\\/\\\/wp.kristdemokraterna.se\\\/oxelosund\\\/textsida-med-vanster-sidebar\\\/#primaryimage\",\"url\":\"\",\"contentUrl\":\"\"},{\"@type\":\"BreadcrumbList\",\"@id\":\"https:\\\/\\\/wp.kristdemokraterna.se\\\/oxelosund\\\/textsida-med-vanster-sidebar\\\/#breadcrumb\",\"itemListElement\":[{\"@type\":\"ListItem\",\"position\":1,\"name\":\"Hem\",\"item\":\"https:\\\/\\\/wp.kristdemokraterna.se\\\/oxelosund\\\/\"},{\"@type\":\"ListItem\",\"position\":2,\"name\":\"V\u00e5r partiavdelning\"}]},{\"@type\":\"WebSite\",\"@id\":\"https:\\\/\\\/wp.kristdemokraterna.se\\\/oxelosund\\\/#website\",\"url\":\"https:\\\/\\\/wp.kristdemokraterna.se\\\/oxelosund\\\/\",\"name\":\"Kristdemokraterna | Oxel\u00f6sund\",\"description\":\"Kuststaden i Hj\u00e4rtlandet\",\"inLanguage\":\"sv-SE\"}]}<\/script>\n<!-- \/ Yoast SEO plugin. -->","yoast_head_json":{"title":"V\u00e5r partiavdelning - Kristdemokraterna | Oxel\u00f6sund","robots":{"index":"index","follow":"follow","max-snippet":"max-snippet:-1","max-image-preview":"max-image-preview:large","max-video-preview":"max-video-preview:-1"},"canonical":"https:\/\/wp.kristdemokraterna.se\/oxelosund\/textsida-med-vanster-sidebar\/","og_locale":"sv_SE","og_type":"article","og_title":"V\u00e5r partiavdelning - Kristdemokraterna | Oxel\u00f6sund","og_description":"Hej! \u00a0Kul att du \u00e4r nyfiken p\u00e5 oss! H\u00e4r \u00e4r lite &#8221;Bra-Att-Veta&#8221; om Kristdemokraternas avdelning i Oxel\u00f6sund: Vi \u00e4r ca 20 medlemmar idag, men vill bli minst 40 I v\u00e5rt glada g\u00e4ng finns allt fr\u00e5n ur-oxel\u00f6sundare till nyinflyttade Vi ing\u00e5r i Koalitionen M\u2013SD\u2013KD\u2013L som styr Oxel\u00f6sund tills vidare KD i Nyk\u00f6ping samverkar vi ocks\u00e5 med, L\u00e4s mer","og_url":"https:\/\/wp.kristdemokraterna.se\/oxelosund\/textsida-med-vanster-sidebar\/","og_site_name":"Kristdemokraterna | Oxel\u00f6sund","article_modified_time":"2024-03-21T14:23:02+00:00","og_image":[{"url":"https:\/\/wp.kristdemokraterna.se\/oxelosund\/files\/2022\/04\/img_1767-300x225.jpeg","type":"","width":"","height":""}],"twitter_card":"summary_large_image","twitter_misc":{"Ber\u00e4knad l\u00e4stid":"3 minuter"},"schema":{"@context":"https:\/\/schema.org","@graph":[{"@type":"WebPage","@id":"https:\/\/wp.kristdemokraterna.se\/oxelosund\/textsida-med-vanster-sidebar\/","url":"https:\/\/wp.kristdemokraterna.se\/oxelosund\/textsida-med-vanster-sidebar\/","name":"V\u00e5r partiavdelning - Kristdemokraterna | Oxel\u00f6sund","isPartOf":{"@id":"https:\/\/wp.kristdemokraterna.se\/oxelosund\/#website"},"primaryImageOfPage":{"@id":"https:\/\/wp.kristdemokraterna.se\/oxelosund\/textsida-med-vanster-sidebar\/#primaryimage"},"image":{"@id":"https:\/\/wp.kristdemokraterna.se\/oxelosund\/textsida-med-vanster-sidebar\/#primaryimage"},"thumbnailUrl":"","datePublished":"2017-11-29T15:48:28+00:00","dateModified":"2024-03-21T14:23:02+00:00","breadcrumb":{"@id":"https:\/\/wp.kristdemokraterna.se\/oxelosund\/textsida-med-vanster-sidebar\/#breadcrumb"},"inLanguage":"sv-SE","potentialAction":[{"@type":"ReadAction","target":["https:\/\/wp.kristdemokraterna.se\/oxelosund\/textsida-med-vanster-sidebar\/"]}]},{"@type":"ImageObject","inLanguage":"sv-SE","@id":"https:\/\/wp.kristdemokraterna.se\/oxelosund\/textsida-med-vanster-sidebar\/#primaryimage","url":"","contentUrl":""},{"@type":"BreadcrumbList","@id":"https:\/\/wp.kristdemokraterna.se\/oxelosund\/textsida-med-vanster-sidebar\/#breadcrumb","itemListElement":[{"@type":"ListItem","position":1,"name":"Hem","item":"https:\/\/wp.kristdemokraterna.se\/oxelosund\/"},{"@type":"ListItem","position":2,"name":"V\u00e5r partiavdelning"}]},{"@type":"WebSite","@id":"https:\/\/wp.kristdemokraterna.se\/oxelosund\/#website","url":"https:\/\/wp.kristdemokraterna.se\/oxelosund\/","name":"Kristdemokraterna | Oxel\u00f6sund","description":"Kuststaden i Hj\u00e4rtlandet","inLanguage":"sv-SE"}]}},"_links":{"self":[{"href":"https:\/\/wp.kristdemokraterna.se\/oxelosund\/wp-json\/wp\/v2\/pages\/269","targetHints":{"allow":["GET"]}}],"collection":[{"href":"https:\/\/wp.kristdemokraterna.se\/oxelosund\/wp-json\/wp\/v2\/pages"}],"about":[{"href":"https:\/\/wp.kristdemokraterna.se\/oxelosund\/wp-json\/wp\/v2\/types\/page"}],"author":[{"embeddable":true,"href":"https:\/\/wp.kristdemokraterna.se\/oxelosund\/wp-json\/wp\/v2\/users\/1004"}],"replies":[{"embeddable":true,"href":"https:\/\/wp.kristdemokraterna.se\/oxelosund\/wp-json\/wp\/v2\/comments?post=269"}],"version-history":[{"count":36,"href":"https:\/\/wp.kristdemokraterna.se\/oxelosund\/wp-json\/wp\/v2\/pages\/269\/revisions"}],"predecessor-version":[{"id":1424,"href":"https:\/\/wp.kristdemokraterna.se\/oxelosund\/wp-json\/wp\/v2\/pages\/269\/revisions\/1424"}],"wp:featuredmedia":[{"embeddable":true,"href":"https:\/\/wp.kristdemokraterna.se\/oxelosund\/wp-json\/"}],"wp:attachment":[{"href":"https:\/\/wp.kristdemokraterna.se\/oxelosund\/wp-json\/wp\/v2\/media?parent=269"}],"curies":[{"name":"wp","href":"https:\/\/api.w.org\/{rel}","templated":true}]}}