{"id":272,"date":"2017-11-29T16:49:10","date_gmt":"2017-11-29T15:49:10","guid":{"rendered":"https:\/\/wp.kristdemokraterna.se\/oxelosund\/?page_id=272"},"modified":"2022-12-21T11:20:06","modified_gmt":"2022-12-21T10:20:06","slug":"textsida-fullbredd","status":"publish","type":"page","link":"https:\/\/wp.kristdemokraterna.se\/oxelosund\/textsida-fullbredd\/","title":{"rendered":"V\u00e5ra f\u00f6rslag"},"content":{"rendered":"<h2>Alla f\u00f6rslag fr\u00e5n KD bottnar i v\u00e5r ideologi<\/h2>\n<p>Vi vill g\u00e4rna f\u00f6rklara v\u00e5ra grundid\u00e9er f\u00f6r dig som \u00e4r nyfiken p\u00e5 oss.\u00a0Kortfattat, till att b\u00f6rja med:<\/p>\n<h3>Kristdemokrati i 5 ord<\/h3>\n<ol>\n<li>M\u00e4nniskov\u00e4rde. (att alla \u00e4r lika mycket v\u00e4rda, n\u00e4mligen o\u00e4ndligt mycket)<\/li>\n<li>Ofullkomlighet. (att ingen \u00e4r perfekt, att ensam inte \u00e4r stark)<\/li>\n<li>F\u00f6rvaltarskap. (att vi ska \u00f6verl\u00e4mna v\u00e4rlden till n\u00e4sta generation)<\/li>\n<li>Subsidiaritet. (att beslut ska fattas n\u00e4rmast den det ber\u00f6r)<\/li>\n<li>Solidaritet. (att vi alla \u00e4r varandras medm\u00e4nniskor)<\/li>\n<\/ol>\n<p>Dessa fem begrepp g\u00e5r att utveckla, f\u00f6rdjupa och moderniseras. Men alla fem bottnar f\u00f6rst\u00e5s i den &#8221;judiskt-kristna etiken&#8221; som du kan googla, och l\u00e4sa mer om. Att det g\u00e5r \u00e4nda tillbaka till Tio Guds Bud och Den Gyllene Regeln b\u00f6r v\u00e4l inte f\u00f6rv\u00e5na n\u00e5gon&#8230;<\/p>\n<p>V\u00e5rt partinamn ber\u00e4ttar allts\u00e5 vad vi st\u00e5r f\u00f6r: \u00a0en demokrati byggd p\u00e5 kristen m\u00e4nniskosyn och v\u00e4rdegrund. Men du beh\u00f6ver inte vara troende, det \u00e4r bara en gammal missuppfattning om oss. Alla som delar v\u00e5ra id\u00e9er \u00e4r v\u00e4lkomna i partiet.<\/p>\n<div id=\"attachment_534\" style=\"width: 298px\" class=\"wp-caption alignnone\"><a href=\"https:\/\/wp.kristdemokraterna.se\/oxelosund\/files\/2022\/03\/ebba-portratt.png\"><img loading=\"lazy\" decoding=\"async\" aria-describedby=\"caption-attachment-534\" class=\"size-medium wp-image-534\" src=\"https:\/\/wp.kristdemokraterna.se\/oxelosund\/files\/2022\/03\/ebba-portratt-288x300.png\" alt=\"\" width=\"288\" height=\"300\" srcset=\"https:\/\/wp.kristdemokraterna.se\/oxelosund\/files\/2022\/03\/ebba-portratt-288x300.png 288w, https:\/\/wp.kristdemokraterna.se\/oxelosund\/files\/2022\/03\/ebba-portratt-192x200.png 192w, https:\/\/wp.kristdemokraterna.se\/oxelosund\/files\/2022\/03\/ebba-portratt-370x385.png 370w, https:\/\/wp.kristdemokraterna.se\/oxelosund\/files\/2022\/03\/ebba-portratt-450x469.png 450w, https:\/\/wp.kristdemokraterna.se\/oxelosund\/files\/2022\/03\/ebba-portratt-280x292.png 280w, https:\/\/wp.kristdemokraterna.se\/oxelosund\/files\/2022\/03\/ebba-portratt-340x354.png 340w, https:\/\/wp.kristdemokraterna.se\/oxelosund\/files\/2022\/03\/ebba-portratt-54x56.png 54w, https:\/\/wp.kristdemokraterna.se\/oxelosund\/files\/2022\/03\/ebba-portratt.png 454w\" sizes=\"auto, (max-width: 288px) 100vw, 288px\" \/><\/a><p id=\"caption-attachment-534\" class=\"wp-caption-text\"><em>V\u00e5r partiledare Ebba Busch, som ung<\/em><\/p><\/div>\n<h3>Till skillnad fr\u00e5n andra partier&#8230;<\/h3>\n<p>&#8230; har KD aldrig talat f\u00f6r en s\u00e4rskild klass eller intressegrupp i samh\u00e4llet. Kristdemokrati handlar i st\u00e4llet om medm\u00e4nniskan. Vi drivs av att g\u00f6ra livet b\u00e4ttre f\u00f6r andra, och skapa samh\u00e4llsgemenskap. Det \u00e4r d\u00e4rf\u00f6r vi alltid lyfter vikten av familj, en fungerande v\u00e5rd, trygghet och omsorg om de allra mest utsatta.<\/p>\n<p><b>Kristdemokraterna s\u00e4tter allts\u00e5 m\u00e4nniskov\u00e4rdet fr\u00e4mst och vill prioritera det som \u00e4r n\u00f6dv\u00e4ndigt f\u00f6r att bygga ett samh\u00e4lle som h\u00e5ller ihop.<\/b><\/p>\n<p>Du hittar mycket mer information om partiets historia, ideologi, program, Europasamarbete m.m. via l\u00e4nken &#8221;Kristdemokraterna&#8221; i sidfoten nedan.<\/p>\n<p><a href=\"https:\/\/wp.kristdemokraterna.se\/oxelosund\/files\/2022\/07\/coverphoto-samhalle-770x319-1.jpg\"><img loading=\"lazy\" decoding=\"async\" class=\"alignnone size-medium wp-image-995\" src=\"https:\/\/wp.kristdemokraterna.se\/oxelosund\/files\/2022\/07\/coverphoto-samhalle-770x319-1-300x124.jpg\" alt=\"\" width=\"300\" height=\"124\" srcset=\"https:\/\/wp.kristdemokraterna.se\/oxelosund\/files\/2022\/07\/coverphoto-samhalle-770x319-1-300x124.jpg 300w, https:\/\/wp.kristdemokraterna.se\/oxelosund\/files\/2022\/07\/coverphoto-samhalle-770x319-1-768x318.jpg 768w, https:\/\/wp.kristdemokraterna.se\/oxelosund\/files\/2022\/07\/coverphoto-samhalle-770x319-1-370x153.jpg 370w, https:\/\/wp.kristdemokraterna.se\/oxelosund\/files\/2022\/07\/coverphoto-samhalle-770x319-1-450x186.jpg 450w, https:\/\/wp.kristdemokraterna.se\/oxelosund\/files\/2022\/07\/coverphoto-samhalle-770x319-1-280x116.jpg 280w, https:\/\/wp.kristdemokraterna.se\/oxelosund\/files\/2022\/07\/coverphoto-samhalle-770x319-1-340x141.jpg 340w, https:\/\/wp.kristdemokraterna.se\/oxelosund\/files\/2022\/07\/coverphoto-samhalle-770x319-1-200x83.jpg 200w, https:\/\/wp.kristdemokraterna.se\/oxelosund\/files\/2022\/07\/coverphoto-samhalle-770x319-1-135x56.jpg 135w, https:\/\/wp.kristdemokraterna.se\/oxelosund\/files\/2022\/07\/coverphoto-samhalle-770x319-1.jpg 770w\" sizes=\"auto, (max-width: 300px) 100vw, 300px\" \/><\/a><\/p>\n<h3>Varf\u00f6r beh\u00f6vs KD idag?<\/h3>\n<p>H\u00e4r \u00e4r n\u00e5gra saker vi \u00e4r ensamma om, eller n\u00e4stan ensamma om:<\/p>\n<ul>\n<li>vi betonar familjens s\u00e4rst\u00e4llning i samh\u00e4llsbygget<\/li>\n<li>vi lyfter alltid behovet av trygga familjer<\/li>\n<li>vi f\u00f6rsvarar valfrihet inom barnomsorgen<\/li>\n<li>vi betonar m\u00e4nniskov\u00e4rdesprincipen i \u00e4ldreomsorgen<\/li>\n<li>vi betonar m\u00e4nniskov\u00e4rdesprincipen i sjukv\u00e5rden<\/li>\n<li>vi v\u00e4rnar de konfessionella friskolorna<\/li>\n<li>vi h\u00e4vdar civilsamh\u00e4llets betydelse, i synnerhet f\u00f6rsamlingarna<\/li>\n<li>vi driver p\u00e5 f\u00f6r att kanalisera mer bist\u00e5nd genom f\u00f6rsamlingar och hj\u00e4lporganisationer<\/li>\n<li>vi p\u00e5minner om v\u00e5ldet mot just kristna i l\u00e4nder som\u00a0Egypten, Nigeria, Libyen, Iran, Sudan, Afghanistan,\u00a0Pakistan, Syrien och Irak<\/li>\n<li>vi p\u00e5minner om problemet med kristofobi i Sverige<\/li>\n<li>vi lyfter konvertiternas utsatta situation<\/li>\n<li>vi kr\u00e4ver att Sverige erk\u00e4nner IS d\u00f6dande av kristna och jezidier som ett folkmord<\/li>\n<li>vi kr\u00e4ver att regeringen \u00e4ven erk\u00e4nner folkmordet 1915, Seyfo<\/li>\n<li>vi st\u00e5r upp f\u00f6r ett tydligt nej till d\u00f6dshj\u00e4lp<\/li>\n<li>vi lyfter de etiska aspekterna kring fosterdiagnostik och utrensning av foster med Downs syndrom<\/li>\n<\/ul>\n","protected":false},"excerpt":{"rendered":"<p>Alla f\u00f6rslag fr\u00e5n KD bottnar i v\u00e5r ideologi Vi vill g\u00e4rna f\u00f6rklara v\u00e5ra grundid\u00e9er f\u00f6r dig som \u00e4r nyfiken p\u00e5 oss.\u00a0Kortfattat, till att b\u00f6rja med: Kristdemokrati i 5 ord M\u00e4nniskov\u00e4rde. (att alla \u00e4r lika mycket v\u00e4rda, n\u00e4mligen o\u00e4ndligt mycket) Ofullkomlighet. (att ingen \u00e4r perfekt, att ensam inte \u00e4r stark) F\u00f6rvaltarskap. (att vi ska \u00f6verl\u00e4mna v\u00e4rlden <a class=\"read-more-link\" href=\"https:\/\/wp.kristdemokraterna.se\/oxelosund\/textsida-fullbredd\/\">L\u00e4s mer<\/a><\/p>\n","protected":false},"author":1004,"featured_media":714,"parent":0,"menu_order":0,"comment_status":"closed","ping_status":"closed","template":"page.php","meta":{"_acf_changed":false,"footnotes":""},"class_list":["post-272","page","type-page","status-publish","hentry"],"acf":[],"yoast_head":"<!-- This site is optimized with the Yoast SEO plugin v27.4 - https:\/\/yoast.com\/product\/yoast-seo-wordpress\/ -->\n<title>V\u00e5ra f\u00f6rslag - Kristdemokraterna | Oxel\u00f6sund<\/title>\n<meta name=\"robots\" content=\"index, follow, max-snippet:-1, max-image-preview:large, max-video-preview:-1\" \/>\n<link rel=\"canonical\" href=\"https:\/\/wp.kristdemokraterna.se\/oxelosund\/textsida-fullbredd\/\" \/>\n<meta property=\"og:locale\" content=\"sv_SE\" \/>\n<meta property=\"og:type\" content=\"article\" \/>\n<meta property=\"og:title\" content=\"V\u00e5ra f\u00f6rslag - Kristdemokraterna | Oxel\u00f6sund\" \/>\n<meta property=\"og:description\" content=\"Alla f\u00f6rslag fr\u00e5n KD bottnar i v\u00e5r ideologi Vi vill g\u00e4rna f\u00f6rklara v\u00e5ra grundid\u00e9er f\u00f6r dig som \u00e4r nyfiken p\u00e5 oss.\u00a0Kortfattat, till att b\u00f6rja med: Kristdemokrati i 5 ord M\u00e4nniskov\u00e4rde. (att alla \u00e4r lika mycket v\u00e4rda, n\u00e4mligen o\u00e4ndligt mycket) Ofullkomlighet. (att ingen \u00e4r perfekt, att ensam inte \u00e4r stark) F\u00f6rvaltarskap. (att vi ska \u00f6verl\u00e4mna v\u00e4rlden L\u00e4s mer\" \/>\n<meta property=\"og:url\" content=\"https:\/\/wp.kristdemokraterna.se\/oxelosund\/textsida-fullbredd\/\" \/>\n<meta property=\"og:site_name\" content=\"Kristdemokraterna | Oxel\u00f6sund\" \/>\n<meta property=\"article:modified_time\" content=\"2022-12-21T10:20:06+00:00\" \/>\n<meta property=\"og:image\" content=\"https:\/\/wp.kristdemokraterna.se\/oxelosund\/files\/2022\/03\/ebba-portratt-288x300.png\" \/>\n<meta name=\"twitter:card\" content=\"summary_large_image\" \/>\n<meta name=\"twitter:label1\" content=\"Ber\u00e4knad l\u00e4stid\" \/>\n\t<meta name=\"twitter:data1\" content=\"3 minuter\" \/>\n<script type=\"application\/ld+json\" class=\"yoast-schema-graph\">{\"@context\":\"https:\\\/\\\/schema.org\",\"@graph\":[{\"@type\":\"WebPage\",\"@id\":\"https:\\\/\\\/wp.kristdemokraterna.se\\\/oxelosund\\\/textsida-fullbredd\\\/\",\"url\":\"https:\\\/\\\/wp.kristdemokraterna.se\\\/oxelosund\\\/textsida-fullbredd\\\/\",\"name\":\"V\u00e5ra f\u00f6rslag - Kristdemokraterna | Oxel\u00f6sund\",\"isPartOf\":{\"@id\":\"https:\\\/\\\/wp.kristdemokraterna.se\\\/oxelosund\\\/#website\"},\"primaryImageOfPage\":{\"@id\":\"https:\\\/\\\/wp.kristdemokraterna.se\\\/oxelosund\\\/textsida-fullbredd\\\/#primaryimage\"},\"image\":{\"@id\":\"https:\\\/\\\/wp.kristdemokraterna.se\\\/oxelosund\\\/textsida-fullbredd\\\/#primaryimage\"},\"thumbnailUrl\":\"\",\"datePublished\":\"2017-11-29T15:49:10+00:00\",\"dateModified\":\"2022-12-21T10:20:06+00:00\",\"breadcrumb\":{\"@id\":\"https:\\\/\\\/wp.kristdemokraterna.se\\\/oxelosund\\\/textsida-fullbredd\\\/#breadcrumb\"},\"inLanguage\":\"sv-SE\",\"potentialAction\":[{\"@type\":\"ReadAction\",\"target\":[\"https:\\\/\\\/wp.kristdemokraterna.se\\\/oxelosund\\\/textsida-fullbredd\\\/\"]}]},{\"@type\":\"ImageObject\",\"inLanguage\":\"sv-SE\",\"@id\":\"https:\\\/\\\/wp.kristdemokraterna.se\\\/oxelosund\\\/textsida-fullbredd\\\/#primaryimage\",\"url\":\"\",\"contentUrl\":\"\"},{\"@type\":\"BreadcrumbList\",\"@id\":\"https:\\\/\\\/wp.kristdemokraterna.se\\\/oxelosund\\\/textsida-fullbredd\\\/#breadcrumb\",\"itemListElement\":[{\"@type\":\"ListItem\",\"position\":1,\"name\":\"Hem\",\"item\":\"https:\\\/\\\/wp.kristdemokraterna.se\\\/oxelosund\\\/\"},{\"@type\":\"ListItem\",\"position\":2,\"name\":\"V\u00e5ra f\u00f6rslag\"}]},{\"@type\":\"WebSite\",\"@id\":\"https:\\\/\\\/wp.kristdemokraterna.se\\\/oxelosund\\\/#website\",\"url\":\"https:\\\/\\\/wp.kristdemokraterna.se\\\/oxelosund\\\/\",\"name\":\"Kristdemokraterna | Oxel\u00f6sund\",\"description\":\"Kuststaden i Hj\u00e4rtlandet\",\"inLanguage\":\"sv-SE\"}]}<\/script>\n<!-- \/ Yoast SEO plugin. -->","yoast_head_json":{"title":"V\u00e5ra f\u00f6rslag - Kristdemokraterna | Oxel\u00f6sund","robots":{"index":"index","follow":"follow","max-snippet":"max-snippet:-1","max-image-preview":"max-image-preview:large","max-video-preview":"max-video-preview:-1"},"canonical":"https:\/\/wp.kristdemokraterna.se\/oxelosund\/textsida-fullbredd\/","og_locale":"sv_SE","og_type":"article","og_title":"V\u00e5ra f\u00f6rslag - Kristdemokraterna | Oxel\u00f6sund","og_description":"Alla f\u00f6rslag fr\u00e5n KD bottnar i v\u00e5r ideologi Vi vill g\u00e4rna f\u00f6rklara v\u00e5ra grundid\u00e9er f\u00f6r dig som \u00e4r nyfiken p\u00e5 oss.\u00a0Kortfattat, till att b\u00f6rja med: Kristdemokrati i 5 ord M\u00e4nniskov\u00e4rde. (att alla \u00e4r lika mycket v\u00e4rda, n\u00e4mligen o\u00e4ndligt mycket) Ofullkomlighet. (att ingen \u00e4r perfekt, att ensam inte \u00e4r stark) F\u00f6rvaltarskap. (att vi ska \u00f6verl\u00e4mna v\u00e4rlden L\u00e4s mer","og_url":"https:\/\/wp.kristdemokraterna.se\/oxelosund\/textsida-fullbredd\/","og_site_name":"Kristdemokraterna | Oxel\u00f6sund","article_modified_time":"2022-12-21T10:20:06+00:00","og_image":[{"url":"https:\/\/wp.kristdemokraterna.se\/oxelosund\/files\/2022\/03\/ebba-portratt-288x300.png","type":"","width":"","height":""}],"twitter_card":"summary_large_image","twitter_misc":{"Ber\u00e4knad l\u00e4stid":"3 minuter"},"schema":{"@context":"https:\/\/schema.org","@graph":[{"@type":"WebPage","@id":"https:\/\/wp.kristdemokraterna.se\/oxelosund\/textsida-fullbredd\/","url":"https:\/\/wp.kristdemokraterna.se\/oxelosund\/textsida-fullbredd\/","name":"V\u00e5ra f\u00f6rslag - Kristdemokraterna | Oxel\u00f6sund","isPartOf":{"@id":"https:\/\/wp.kristdemokraterna.se\/oxelosund\/#website"},"primaryImageOfPage":{"@id":"https:\/\/wp.kristdemokraterna.se\/oxelosund\/textsida-fullbredd\/#primaryimage"},"image":{"@id":"https:\/\/wp.kristdemokraterna.se\/oxelosund\/textsida-fullbredd\/#primaryimage"},"thumbnailUrl":"","datePublished":"2017-11-29T15:49:10+00:00","dateModified":"2022-12-21T10:20:06+00:00","breadcrumb":{"@id":"https:\/\/wp.kristdemokraterna.se\/oxelosund\/textsida-fullbredd\/#breadcrumb"},"inLanguage":"sv-SE","potentialAction":[{"@type":"ReadAction","target":["https:\/\/wp.kristdemokraterna.se\/oxelosund\/textsida-fullbredd\/"]}]},{"@type":"ImageObject","inLanguage":"sv-SE","@id":"https:\/\/wp.kristdemokraterna.se\/oxelosund\/textsida-fullbredd\/#primaryimage","url":"","contentUrl":""},{"@type":"BreadcrumbList","@id":"https:\/\/wp.kristdemokraterna.se\/oxelosund\/textsida-fullbredd\/#breadcrumb","itemListElement":[{"@type":"ListItem","position":1,"name":"Hem","item":"https:\/\/wp.kristdemokraterna.se\/oxelosund\/"},{"@type":"ListItem","position":2,"name":"V\u00e5ra f\u00f6rslag"}]},{"@type":"WebSite","@id":"https:\/\/wp.kristdemokraterna.se\/oxelosund\/#website","url":"https:\/\/wp.kristdemokraterna.se\/oxelosund\/","name":"Kristdemokraterna | Oxel\u00f6sund","description":"Kuststaden i Hj\u00e4rtlandet","inLanguage":"sv-SE"}]}},"_links":{"self":[{"href":"https:\/\/wp.kristdemokraterna.se\/oxelosund\/wp-json\/wp\/v2\/pages\/272","targetHints":{"allow":["GET"]}}],"collection":[{"href":"https:\/\/wp.kristdemokraterna.se\/oxelosund\/wp-json\/wp\/v2\/pages"}],"about":[{"href":"https:\/\/wp.kristdemokraterna.se\/oxelosund\/wp-json\/wp\/v2\/types\/page"}],"author":[{"embeddable":true,"href":"https:\/\/wp.kristdemokraterna.se\/oxelosund\/wp-json\/wp\/v2\/users\/1004"}],"replies":[{"embeddable":true,"href":"https:\/\/wp.kristdemokraterna.se\/oxelosund\/wp-json\/wp\/v2\/comments?post=272"}],"version-history":[{"count":16,"href":"https:\/\/wp.kristdemokraterna.se\/oxelosund\/wp-json\/wp\/v2\/pages\/272\/revisions"}],"predecessor-version":[{"id":1320,"href":"https:\/\/wp.kristdemokraterna.se\/oxelosund\/wp-json\/wp\/v2\/pages\/272\/revisions\/1320"}],"wp:featuredmedia":[{"embeddable":true,"href":"https:\/\/wp.kristdemokraterna.se\/oxelosund\/wp-json\/"}],"wp:attachment":[{"href":"https:\/\/wp.kristdemokraterna.se\/oxelosund\/wp-json\/wp\/v2\/media?parent=272"}],"curies":[{"name":"wp","href":"https:\/\/api.w.org\/{rel}","templated":true}]}}