{"id":361,"date":"2017-12-04T16:09:00","date_gmt":"2017-12-04T15:09:00","guid":{"rendered":"https:\/\/wp.kristdemokraterna.se\/oxelosund\/?page_id=361"},"modified":"2025-12-12T08:58:54","modified_gmt":"2025-12-12T07:58:54","slug":"arsmote","status":"publish","type":"page","link":"https:\/\/wp.kristdemokraterna.se\/oxelosund\/textsida-med-vanster-sidebar\/arsmote\/","title":{"rendered":"Aktiviteter"},"content":{"rendered":"<h2>H\u00e4r h\u00e4nder det grejer!<\/h2>\n<p>Maktskifte i Oxel\u00f6sund. Efter 72 \u00e5r! \u00a0<em>\u00c4nda sen kommunen bildades 1950 var det &#8221;Sossarna&#8221; som styrde. Oxel\u00f6sund blev en av de r\u00f6da bruksorterna i Sverige&#8230;. Och snart tog S makten f\u00f6r given.\u00a0Men s\u00e5 kom valet den 11 september 2022. Efter 72 \u00e5r av obrutet maktinnehav, \u00e5kte sossarna ut. Koalitionen vann!<\/em><\/p>\n<p><strong>Nu har en ny era inletts.<\/strong> Vi skapar det nya Oxel\u00f6sund. Vill du vara med? \u00a0\u00c4r du intresserad av politik och hur Oxel\u00f6sund, S\u00f6rmland och Sverige kan bli b\u00e4ttre, \u00e4r du varmt v\u00e4lkommen att ta del av v\u00e5ra aktiviteter.<\/p>\n<p>N\u00e4sta medlemsaktivitet \u00e4r&#8230;<\/p>\n<ul>\n<li>Id\u00e9dag den 31 januari p\u00e5 M\u00e4sterlotsen<\/li>\n<li>Partim\u00f6te den 5 februari<\/li>\n<li>\u00c5rsm\u00f6te den 26 februari<\/li>\n<li>Partim\u00f6ten p\u00e5 torsdagar under v\u00e5ren inf\u00f6r Kommunfullm\u00e4ktige<\/li>\n<\/ul>\n<p>V\u00e5ra partim\u00f6ten \u00e4r\u00a0\u00f6ppna f\u00f6r alla medlemmar. Tid och plats \u00e4r oftast kl. 18.30 i Kommunhuset. H\u00f6r av dig innan s\u00e5 vi kan m\u00f6ta dig vid porten.<\/p>\n<div id=\"attachment_1004\" style=\"width: 310px\" class=\"wp-caption alignnone\"><a href=\"https:\/\/wp.kristdemokraterna.se\/oxelosund\/files\/2022\/07\/img_1539-1-scaled.jpeg\"><img loading=\"lazy\" decoding=\"async\" aria-describedby=\"caption-attachment-1004\" class=\"size-medium wp-image-1004\" src=\"https:\/\/wp.kristdemokraterna.se\/oxelosund\/files\/2022\/07\/img_1539-1-300x225.jpeg\" alt=\"Tre personer st\u00e5r t\u00e4tt ihop framf\u00f6r stadshuset i Nyk\u00f6ping. Personen i mitten \u00e4r Ebba Busch\" width=\"300\" height=\"225\" srcset=\"https:\/\/wp.kristdemokraterna.se\/oxelosund\/files\/2022\/07\/img_1539-1-300x225.jpeg 300w, https:\/\/wp.kristdemokraterna.se\/oxelosund\/files\/2022\/07\/img_1539-1-1024x768.jpeg 1024w, https:\/\/wp.kristdemokraterna.se\/oxelosund\/files\/2022\/07\/img_1539-1-768x576.jpeg 768w, https:\/\/wp.kristdemokraterna.se\/oxelosund\/files\/2022\/07\/img_1539-1-1536x1152.jpeg 1536w, https:\/\/wp.kristdemokraterna.se\/oxelosund\/files\/2022\/07\/img_1539-1-2048x1536.jpeg 2048w, https:\/\/wp.kristdemokraterna.se\/oxelosund\/files\/2022\/07\/img_1539-1-267x200.jpeg 267w, https:\/\/wp.kristdemokraterna.se\/oxelosund\/files\/2022\/07\/img_1539-1-370x277.jpeg 370w, https:\/\/wp.kristdemokraterna.se\/oxelosund\/files\/2022\/07\/img_1539-1-770x577.jpeg 770w, https:\/\/wp.kristdemokraterna.se\/oxelosund\/files\/2022\/07\/img_1539-1-450x337.jpeg 450w, https:\/\/wp.kristdemokraterna.se\/oxelosund\/files\/2022\/07\/img_1539-1-280x210.jpeg 280w, https:\/\/wp.kristdemokraterna.se\/oxelosund\/files\/2022\/07\/img_1539-1-340x255.jpeg 340w, https:\/\/wp.kristdemokraterna.se\/oxelosund\/files\/2022\/07\/img_1539-1-200x150.jpeg 200w, https:\/\/wp.kristdemokraterna.se\/oxelosund\/files\/2022\/07\/img_1539-1-75x56.jpeg 75w\" sizes=\"auto, (max-width: 300px) 100vw, 300px\" \/><\/a><p id=\"caption-attachment-1004\" class=\"wp-caption-text\"><em>Den h\u00e4r tjejen dyker ofta upp p\u00e5 KD:s torgm\u00f6ten och sammankomster. Och s\u00e5 vill hon ta foton med oss! Hon tycker nog det \u00e4r lite sp\u00e4nnande att tr\u00e4ffa viktiga kommunpolitiker\u2026 B\u00e5de G\u00f6ran och Niclas vill naturligtvis uppmuntra att ungdomar intresserar sig f\u00f6r politik, s\u00e5 vi st\u00e4ller g\u00e4rna upp p\u00e5 bild.<\/em><\/p><\/div>\n","protected":false},"excerpt":{"rendered":"<p>H\u00e4r h\u00e4nder det grejer! Maktskifte i Oxel\u00f6sund. Efter 72 \u00e5r! \u00a0\u00c4nda sen kommunen bildades 1950 var det &#8221;Sossarna&#8221; som styrde. Oxel\u00f6sund blev en av de r\u00f6da bruksorterna i Sverige&#8230;. Och snart tog S makten f\u00f6r given.\u00a0Men s\u00e5 kom valet den 11 september 2022. Efter 72 \u00e5r av obrutet maktinnehav, \u00e5kte sossarna ut. Koalitionen vann! Nu <a class=\"read-more-link\" href=\"https:\/\/wp.kristdemokraterna.se\/oxelosund\/textsida-med-vanster-sidebar\/arsmote\/\">L\u00e4s mer<\/a><\/p>\n","protected":false},"author":1004,"featured_media":714,"parent":269,"menu_order":2,"comment_status":"closed","ping_status":"closed","template":"page.php","meta":{"_acf_changed":false,"footnotes":""},"class_list":["post-361","page","type-page","status-publish","hentry"],"acf":[],"yoast_head":"<!-- This site is optimized with the Yoast SEO plugin v27.4 - https:\/\/yoast.com\/product\/yoast-seo-wordpress\/ -->\n<title>Aktiviteter - Kristdemokraterna | Oxel\u00f6sund<\/title>\n<meta name=\"robots\" content=\"index, follow, max-snippet:-1, max-image-preview:large, max-video-preview:-1\" \/>\n<link rel=\"canonical\" href=\"https:\/\/wp.kristdemokraterna.se\/oxelosund\/textsida-med-vanster-sidebar\/arsmote\/\" \/>\n<meta property=\"og:locale\" content=\"sv_SE\" \/>\n<meta property=\"og:type\" content=\"article\" \/>\n<meta property=\"og:title\" content=\"Aktiviteter - Kristdemokraterna | Oxel\u00f6sund\" \/>\n<meta property=\"og:description\" content=\"H\u00e4r h\u00e4nder det grejer! Maktskifte i Oxel\u00f6sund. Efter 72 \u00e5r! \u00a0\u00c4nda sen kommunen bildades 1950 var det &#8221;Sossarna&#8221; som styrde. Oxel\u00f6sund blev en av de r\u00f6da bruksorterna i Sverige&#8230;. Och snart tog S makten f\u00f6r given.\u00a0Men s\u00e5 kom valet den 11 september 2022. Efter 72 \u00e5r av obrutet maktinnehav, \u00e5kte sossarna ut. Koalitionen vann! Nu L\u00e4s mer\" \/>\n<meta property=\"og:url\" content=\"https:\/\/wp.kristdemokraterna.se\/oxelosund\/textsida-med-vanster-sidebar\/arsmote\/\" \/>\n<meta property=\"og:site_name\" content=\"Kristdemokraterna | Oxel\u00f6sund\" \/>\n<meta property=\"article:modified_time\" content=\"2025-12-12T07:58:54+00:00\" \/>\n<meta property=\"og:image\" content=\"https:\/\/wp.kristdemokraterna.se\/oxelosund\/files\/2022\/07\/img_1539-1-1024x768.jpeg\" \/>\n\t<meta property=\"og:image:width\" content=\"1024\" \/>\n\t<meta property=\"og:image:height\" content=\"768\" \/>\n\t<meta property=\"og:image:type\" content=\"image\/jpeg\" \/>\n<meta name=\"twitter:card\" content=\"summary_large_image\" \/>\n<meta name=\"twitter:label1\" content=\"Ber\u00e4knad l\u00e4stid\" \/>\n\t<meta name=\"twitter:data1\" content=\"2 minuter\" \/>\n<script type=\"application\/ld+json\" class=\"yoast-schema-graph\">{\"@context\":\"https:\\\/\\\/schema.org\",\"@graph\":[{\"@type\":\"WebPage\",\"@id\":\"https:\\\/\\\/wp.kristdemokraterna.se\\\/oxelosund\\\/textsida-med-vanster-sidebar\\\/arsmote\\\/\",\"url\":\"https:\\\/\\\/wp.kristdemokraterna.se\\\/oxelosund\\\/textsida-med-vanster-sidebar\\\/arsmote\\\/\",\"name\":\"Aktiviteter - Kristdemokraterna | Oxel\u00f6sund\",\"isPartOf\":{\"@id\":\"https:\\\/\\\/wp.kristdemokraterna.se\\\/oxelosund\\\/#website\"},\"primaryImageOfPage\":{\"@id\":\"https:\\\/\\\/wp.kristdemokraterna.se\\\/oxelosund\\\/textsida-med-vanster-sidebar\\\/arsmote\\\/#primaryimage\"},\"image\":{\"@id\":\"https:\\\/\\\/wp.kristdemokraterna.se\\\/oxelosund\\\/textsida-med-vanster-sidebar\\\/arsmote\\\/#primaryimage\"},\"thumbnailUrl\":\"\",\"datePublished\":\"2017-12-04T15:09:00+00:00\",\"dateModified\":\"2025-12-12T07:58:54+00:00\",\"breadcrumb\":{\"@id\":\"https:\\\/\\\/wp.kristdemokraterna.se\\\/oxelosund\\\/textsida-med-vanster-sidebar\\\/arsmote\\\/#breadcrumb\"},\"inLanguage\":\"sv-SE\",\"potentialAction\":[{\"@type\":\"ReadAction\",\"target\":[\"https:\\\/\\\/wp.kristdemokraterna.se\\\/oxelosund\\\/textsida-med-vanster-sidebar\\\/arsmote\\\/\"]}]},{\"@type\":\"ImageObject\",\"inLanguage\":\"sv-SE\",\"@id\":\"https:\\\/\\\/wp.kristdemokraterna.se\\\/oxelosund\\\/textsida-med-vanster-sidebar\\\/arsmote\\\/#primaryimage\",\"url\":\"\",\"contentUrl\":\"\"},{\"@type\":\"BreadcrumbList\",\"@id\":\"https:\\\/\\\/wp.kristdemokraterna.se\\\/oxelosund\\\/textsida-med-vanster-sidebar\\\/arsmote\\\/#breadcrumb\",\"itemListElement\":[{\"@type\":\"ListItem\",\"position\":1,\"name\":\"Hem\",\"item\":\"https:\\\/\\\/wp.kristdemokraterna.se\\\/oxelosund\\\/\"},{\"@type\":\"ListItem\",\"position\":2,\"name\":\"V\u00e5r partiavdelning\",\"item\":\"https:\\\/\\\/wp.kristdemokraterna.se\\\/oxelosund\\\/textsida-med-vanster-sidebar\\\/\"},{\"@type\":\"ListItem\",\"position\":3,\"name\":\"Aktiviteter\"}]},{\"@type\":\"WebSite\",\"@id\":\"https:\\\/\\\/wp.kristdemokraterna.se\\\/oxelosund\\\/#website\",\"url\":\"https:\\\/\\\/wp.kristdemokraterna.se\\\/oxelosund\\\/\",\"name\":\"Kristdemokraterna | Oxel\u00f6sund\",\"description\":\"Kuststaden i Hj\u00e4rtlandet\",\"inLanguage\":\"sv-SE\"}]}<\/script>\n<!-- \/ Yoast SEO plugin. -->","yoast_head_json":{"title":"Aktiviteter - Kristdemokraterna | Oxel\u00f6sund","robots":{"index":"index","follow":"follow","max-snippet":"max-snippet:-1","max-image-preview":"max-image-preview:large","max-video-preview":"max-video-preview:-1"},"canonical":"https:\/\/wp.kristdemokraterna.se\/oxelosund\/textsida-med-vanster-sidebar\/arsmote\/","og_locale":"sv_SE","og_type":"article","og_title":"Aktiviteter - Kristdemokraterna | Oxel\u00f6sund","og_description":"H\u00e4r h\u00e4nder det grejer! Maktskifte i Oxel\u00f6sund. Efter 72 \u00e5r! \u00a0\u00c4nda sen kommunen bildades 1950 var det &#8221;Sossarna&#8221; som styrde. Oxel\u00f6sund blev en av de r\u00f6da bruksorterna i Sverige&#8230;. Och snart tog S makten f\u00f6r given.\u00a0Men s\u00e5 kom valet den 11 september 2022. Efter 72 \u00e5r av obrutet maktinnehav, \u00e5kte sossarna ut. Koalitionen vann! Nu L\u00e4s mer","og_url":"https:\/\/wp.kristdemokraterna.se\/oxelosund\/textsida-med-vanster-sidebar\/arsmote\/","og_site_name":"Kristdemokraterna | Oxel\u00f6sund","article_modified_time":"2025-12-12T07:58:54+00:00","og_image":[{"width":1024,"height":768,"url":"https:\/\/wp.kristdemokraterna.se\/oxelosund\/files\/2022\/07\/img_1539-1-1024x768.jpeg","type":"image\/jpeg"}],"twitter_card":"summary_large_image","twitter_misc":{"Ber\u00e4knad l\u00e4stid":"2 minuter"},"schema":{"@context":"https:\/\/schema.org","@graph":[{"@type":"WebPage","@id":"https:\/\/wp.kristdemokraterna.se\/oxelosund\/textsida-med-vanster-sidebar\/arsmote\/","url":"https:\/\/wp.kristdemokraterna.se\/oxelosund\/textsida-med-vanster-sidebar\/arsmote\/","name":"Aktiviteter - Kristdemokraterna | Oxel\u00f6sund","isPartOf":{"@id":"https:\/\/wp.kristdemokraterna.se\/oxelosund\/#website"},"primaryImageOfPage":{"@id":"https:\/\/wp.kristdemokraterna.se\/oxelosund\/textsida-med-vanster-sidebar\/arsmote\/#primaryimage"},"image":{"@id":"https:\/\/wp.kristdemokraterna.se\/oxelosund\/textsida-med-vanster-sidebar\/arsmote\/#primaryimage"},"thumbnailUrl":"","datePublished":"2017-12-04T15:09:00+00:00","dateModified":"2025-12-12T07:58:54+00:00","breadcrumb":{"@id":"https:\/\/wp.kristdemokraterna.se\/oxelosund\/textsida-med-vanster-sidebar\/arsmote\/#breadcrumb"},"inLanguage":"sv-SE","potentialAction":[{"@type":"ReadAction","target":["https:\/\/wp.kristdemokraterna.se\/oxelosund\/textsida-med-vanster-sidebar\/arsmote\/"]}]},{"@type":"ImageObject","inLanguage":"sv-SE","@id":"https:\/\/wp.kristdemokraterna.se\/oxelosund\/textsida-med-vanster-sidebar\/arsmote\/#primaryimage","url":"","contentUrl":""},{"@type":"BreadcrumbList","@id":"https:\/\/wp.kristdemokraterna.se\/oxelosund\/textsida-med-vanster-sidebar\/arsmote\/#breadcrumb","itemListElement":[{"@type":"ListItem","position":1,"name":"Hem","item":"https:\/\/wp.kristdemokraterna.se\/oxelosund\/"},{"@type":"ListItem","position":2,"name":"V\u00e5r partiavdelning","item":"https:\/\/wp.kristdemokraterna.se\/oxelosund\/textsida-med-vanster-sidebar\/"},{"@type":"ListItem","position":3,"name":"Aktiviteter"}]},{"@type":"WebSite","@id":"https:\/\/wp.kristdemokraterna.se\/oxelosund\/#website","url":"https:\/\/wp.kristdemokraterna.se\/oxelosund\/","name":"Kristdemokraterna | Oxel\u00f6sund","description":"Kuststaden i Hj\u00e4rtlandet","inLanguage":"sv-SE"}]}},"_links":{"self":[{"href":"https:\/\/wp.kristdemokraterna.se\/oxelosund\/wp-json\/wp\/v2\/pages\/361","targetHints":{"allow":["GET"]}}],"collection":[{"href":"https:\/\/wp.kristdemokraterna.se\/oxelosund\/wp-json\/wp\/v2\/pages"}],"about":[{"href":"https:\/\/wp.kristdemokraterna.se\/oxelosund\/wp-json\/wp\/v2\/types\/page"}],"author":[{"embeddable":true,"href":"https:\/\/wp.kristdemokraterna.se\/oxelosund\/wp-json\/wp\/v2\/users\/1004"}],"replies":[{"embeddable":true,"href":"https:\/\/wp.kristdemokraterna.se\/oxelosund\/wp-json\/wp\/v2\/comments?post=361"}],"version-history":[{"count":59,"href":"https:\/\/wp.kristdemokraterna.se\/oxelosund\/wp-json\/wp\/v2\/pages\/361\/revisions"}],"predecessor-version":[{"id":1522,"href":"https:\/\/wp.kristdemokraterna.se\/oxelosund\/wp-json\/wp\/v2\/pages\/361\/revisions\/1522"}],"up":[{"embeddable":true,"href":"https:\/\/wp.kristdemokraterna.se\/oxelosund\/wp-json\/wp\/v2\/pages\/269"}],"wp:featuredmedia":[{"embeddable":true,"href":"https:\/\/wp.kristdemokraterna.se\/oxelosund\/wp-json\/"}],"wp:attachment":[{"href":"https:\/\/wp.kristdemokraterna.se\/oxelosund\/wp-json\/wp\/v2\/media?parent=361"}],"curies":[{"name":"wp","href":"https:\/\/api.w.org\/{rel}","templated":true}]}}