{"id":363,"date":"2017-12-04T16:11:27","date_gmt":"2017-12-04T15:11:27","guid":{"rendered":"https:\/\/wp.kristdemokraterna.se\/oxelosund\/?page_id=363"},"modified":"2025-04-13T20:21:11","modified_gmt":"2025-04-13T18:21:11","slug":"kontaktpersoner","status":"publish","type":"page","link":"https:\/\/wp.kristdemokraterna.se\/oxelosund\/textsida-med-vanster-sidebar\/kontaktpersoner\/","title":{"rendered":"Kontaktpersoner"},"content":{"rendered":"<h2><a href=\"https:\/\/wp.kristdemokraterna.se\/oxelosund\/files\/2014\/04\/fallback2.png\"><img loading=\"lazy\" decoding=\"async\" class=\"alignnone size-thumbnail wp-image-284\" src=\"https:\/\/wp.kristdemokraterna.se\/oxelosund\/files\/2014\/04\/fallback2-150x150.png\" alt=\"\" width=\"150\" height=\"150\" \/><\/a>Kristdemokraterna i Oxel\u00f6sund<\/h2>\n<p>H\u00e4r \u00e4r v\u00e5r nuvarande styrelse och v\u00e5ra kommunpolitiker. Du kan mejla till alla enligt modellen f\u00f6rnamn.efternamn@oxelosund.se. Kontakta oss g\u00e4rna!<\/p>\n<p>Ordf\u00f6rande: \u00a0<strong>Niclas Lindgren, 070\u2013405 9 504<\/strong>. Niclas \u00e4r \u00e4ven gruppledare och ers\u00e4ttare i Kommunfullm\u00e4ktige. Samt ledamot i Kommunfullm\u00e4ktiges valutskott.<\/p>\n<p>Vice ordf\u00f6rande: \u00a0<strong>Urban Bertling, 070\u2013575 33 07<\/strong>. Urban \u00e4r \u00e4ven ers\u00e4ttare i Kommunstyrelsen.<\/p>\n<p>Styrelseledamot: \u00a0<strong>Elias Almqvist, 073\u2013514 31 26<\/strong>. Elias \u00e4r \u00e4ven ers\u00e4ttare i Kommunfullm\u00e4ktige samt ledamot i Kultur- &amp; Fritidsn\u00e4mnden, Valn\u00e4mnden och V\u00e4xeln\u00e4mnden. \u00c4ven n\u00e4mndeman i Nyk\u00f6pings Tingsr\u00e4tt.<\/p>\n<p>Styrelseledamot: \u00a0<strong>Eva-Lena Lindgren, 070\u201328 29 17. <\/strong>Eva-Lena \u00e4r \u00e4ven kommunrevisor.<\/p>\n<p>Styrelseledamot: \u00a0<strong>G\u00f6ran Bernhardsson, 070\u2013555 76 19<\/strong>. G\u00f6ran \u00e4r \u00e4ven ledamot av Kommunfullm\u00e4ktige, Kommunstyrelsen, Kustbost\u00e4der AB och &#8221;F\u00d6RAB&#8221; (Kommunens f\u00f6rvaltningsbolag) samt suppleant i Oxel\u00f6sunds Hamn AB.<\/p>\n<p>Ers\u00e4ttare i styrelsen: \u00a0<strong>Birgitta Sk\u00e5rberg, 070\u2013246 08 86<\/strong>. Birgitta \u00e4r \u00e4ven ledamot av V\u00e5rd- &amp; Omsorgsn\u00e4mnden och ers\u00e4ttare i Kommunala Pension\u00e4rsr\u00e5det.<\/p>\n<p>Ers\u00e4ttare i styrelsen: \u00a0<strong>Roger Sabelcrona, 070\u2013791 51 13.<\/strong><\/p>\n<p>F\u00f6rutom styrelsen har f\u00f6ljande medlemmar politiska uppdrag:<\/p>\n<ul>\n<li>Gert Bennevall\u00a0\u00e4r God Man vid lantm\u00e4terif\u00f6rr\u00e4ttning<\/li>\n<li>Christine Bennevall\u00a0\u00e4r ers\u00e4ttare i Utbildningsn\u00e4mnden<\/li>\n<li>Jessica Mezan \u00e4r ers\u00e4ttare i Milj\u00f6- &amp; Samh\u00e4llsbyggnadsn\u00e4mnden samt Valn\u00e4mnden.<\/li>\n<\/ul>\n<p><a href=\"https:\/\/wp.kristdemokraterna.se\/oxelosund\/files\/2022\/03\/sommarprofil-kd-oxelosund.png\"><img loading=\"lazy\" decoding=\"async\" class=\"size-medium wp-image-533\" src=\"https:\/\/wp.kristdemokraterna.se\/oxelosund\/files\/2022\/03\/sommarprofil-kd-oxelosund-300x223.png\" alt=\"En sommarbild p\u00e5 det gamla fyrvaktarhuset p\u00e5 Fem\u00f6verhuvud. KD Oxel\u00f6sund logga \u00f6ver bilden\" width=\"300\" height=\"223\" srcset=\"https:\/\/wp.kristdemokraterna.se\/oxelosund\/files\/2022\/03\/sommarprofil-kd-oxelosund-300x223.png 300w, https:\/\/wp.kristdemokraterna.se\/oxelosund\/files\/2022\/03\/sommarprofil-kd-oxelosund-1024x762.png 1024w, https:\/\/wp.kristdemokraterna.se\/oxelosund\/files\/2022\/03\/sommarprofil-kd-oxelosund-768x572.png 768w, https:\/\/wp.kristdemokraterna.se\/oxelosund\/files\/2022\/03\/sommarprofil-kd-oxelosund-269x200.png 269w, https:\/\/wp.kristdemokraterna.se\/oxelosund\/files\/2022\/03\/sommarprofil-kd-oxelosund-370x275.png 370w, https:\/\/wp.kristdemokraterna.se\/oxelosund\/files\/2022\/03\/sommarprofil-kd-oxelosund-770x573.png 770w, https:\/\/wp.kristdemokraterna.se\/oxelosund\/files\/2022\/03\/sommarprofil-kd-oxelosund-450x335.png 450w, https:\/\/wp.kristdemokraterna.se\/oxelosund\/files\/2022\/03\/sommarprofil-kd-oxelosund-280x208.png 280w, https:\/\/wp.kristdemokraterna.se\/oxelosund\/files\/2022\/03\/sommarprofil-kd-oxelosund-340x253.png 340w, https:\/\/wp.kristdemokraterna.se\/oxelosund\/files\/2022\/03\/sommarprofil-kd-oxelosund-200x149.png 200w, https:\/\/wp.kristdemokraterna.se\/oxelosund\/files\/2022\/03\/sommarprofil-kd-oxelosund-75x56.png 75w, https:\/\/wp.kristdemokraterna.se\/oxelosund\/files\/2022\/03\/sommarprofil-kd-oxelosund.png 1204w\" sizes=\"auto, (max-width: 300px) 100vw, 300px\" \/><\/a><\/p>\n","protected":false},"excerpt":{"rendered":"<p>Kristdemokraterna i Oxel\u00f6sund H\u00e4r \u00e4r v\u00e5r nuvarande styrelse och v\u00e5ra kommunpolitiker. Du kan mejla till alla enligt modellen f\u00f6rnamn.efternamn@oxelosund.se. Kontakta oss g\u00e4rna! Ordf\u00f6rande: \u00a0Niclas Lindgren, 070\u2013405 9 504. Niclas \u00e4r \u00e4ven gruppledare och ers\u00e4ttare i Kommunfullm\u00e4ktige. Samt ledamot i Kommunfullm\u00e4ktiges valutskott. Vice ordf\u00f6rande: \u00a0Urban Bertling, 070\u2013575 33 07. Urban \u00e4r \u00e4ven ers\u00e4ttare i Kommunstyrelsen. Styrelseledamot: <a class=\"read-more-link\" href=\"https:\/\/wp.kristdemokraterna.se\/oxelosund\/textsida-med-vanster-sidebar\/kontaktpersoner\/\">L\u00e4s mer<\/a><\/p>\n","protected":false},"author":1004,"featured_media":714,"parent":269,"menu_order":3,"comment_status":"closed","ping_status":"closed","template":"page.php","meta":{"_acf_changed":false,"footnotes":""},"class_list":["post-363","page","type-page","status-publish","hentry"],"acf":[],"yoast_head":"<!-- This site is optimized with the Yoast SEO plugin v27.4 - https:\/\/yoast.com\/product\/yoast-seo-wordpress\/ -->\n<title>Kontaktpersoner - Kristdemokraterna | Oxel\u00f6sund<\/title>\n<meta name=\"robots\" content=\"index, follow, max-snippet:-1, max-image-preview:large, max-video-preview:-1\" \/>\n<link rel=\"canonical\" href=\"https:\/\/wp.kristdemokraterna.se\/oxelosund\/textsida-med-vanster-sidebar\/kontaktpersoner\/\" \/>\n<meta property=\"og:locale\" content=\"sv_SE\" \/>\n<meta property=\"og:type\" content=\"article\" \/>\n<meta property=\"og:title\" content=\"Kontaktpersoner - Kristdemokraterna | Oxel\u00f6sund\" \/>\n<meta property=\"og:description\" content=\"Kristdemokraterna i Oxel\u00f6sund H\u00e4r \u00e4r v\u00e5r nuvarande styrelse och v\u00e5ra kommunpolitiker. Du kan mejla till alla enligt modellen f\u00f6rnamn.efternamn@oxelosund.se. Kontakta oss g\u00e4rna! Ordf\u00f6rande: \u00a0Niclas Lindgren, 070\u2013405 9 504. Niclas \u00e4r \u00e4ven gruppledare och ers\u00e4ttare i Kommunfullm\u00e4ktige. Samt ledamot i Kommunfullm\u00e4ktiges valutskott. Vice ordf\u00f6rande: \u00a0Urban Bertling, 070\u2013575 33 07. Urban \u00e4r \u00e4ven ers\u00e4ttare i Kommunstyrelsen. Styrelseledamot: L\u00e4s mer\" \/>\n<meta property=\"og:url\" content=\"https:\/\/wp.kristdemokraterna.se\/oxelosund\/textsida-med-vanster-sidebar\/kontaktpersoner\/\" \/>\n<meta property=\"og:site_name\" content=\"Kristdemokraterna | Oxel\u00f6sund\" \/>\n<meta property=\"article:modified_time\" content=\"2025-04-13T18:21:11+00:00\" \/>\n<meta name=\"twitter:card\" content=\"summary_large_image\" \/>\n<meta name=\"twitter:label1\" content=\"Ber\u00e4knad l\u00e4stid\" \/>\n\t<meta name=\"twitter:data1\" content=\"2 minuter\" \/>\n<script type=\"application\/ld+json\" class=\"yoast-schema-graph\">{\"@context\":\"https:\\\/\\\/schema.org\",\"@graph\":[{\"@type\":\"WebPage\",\"@id\":\"https:\\\/\\\/wp.kristdemokraterna.se\\\/oxelosund\\\/textsida-med-vanster-sidebar\\\/kontaktpersoner\\\/\",\"url\":\"https:\\\/\\\/wp.kristdemokraterna.se\\\/oxelosund\\\/textsida-med-vanster-sidebar\\\/kontaktpersoner\\\/\",\"name\":\"Kontaktpersoner - Kristdemokraterna | Oxel\u00f6sund\",\"isPartOf\":{\"@id\":\"https:\\\/\\\/wp.kristdemokraterna.se\\\/oxelosund\\\/#website\"},\"primaryImageOfPage\":{\"@id\":\"https:\\\/\\\/wp.kristdemokraterna.se\\\/oxelosund\\\/textsida-med-vanster-sidebar\\\/kontaktpersoner\\\/#primaryimage\"},\"image\":{\"@id\":\"https:\\\/\\\/wp.kristdemokraterna.se\\\/oxelosund\\\/textsida-med-vanster-sidebar\\\/kontaktpersoner\\\/#primaryimage\"},\"thumbnailUrl\":\"\",\"datePublished\":\"2017-12-04T15:11:27+00:00\",\"dateModified\":\"2025-04-13T18:21:11+00:00\",\"breadcrumb\":{\"@id\":\"https:\\\/\\\/wp.kristdemokraterna.se\\\/oxelosund\\\/textsida-med-vanster-sidebar\\\/kontaktpersoner\\\/#breadcrumb\"},\"inLanguage\":\"sv-SE\",\"potentialAction\":[{\"@type\":\"ReadAction\",\"target\":[\"https:\\\/\\\/wp.kristdemokraterna.se\\\/oxelosund\\\/textsida-med-vanster-sidebar\\\/kontaktpersoner\\\/\"]}]},{\"@type\":\"ImageObject\",\"inLanguage\":\"sv-SE\",\"@id\":\"https:\\\/\\\/wp.kristdemokraterna.se\\\/oxelosund\\\/textsida-med-vanster-sidebar\\\/kontaktpersoner\\\/#primaryimage\",\"url\":\"\",\"contentUrl\":\"\"},{\"@type\":\"BreadcrumbList\",\"@id\":\"https:\\\/\\\/wp.kristdemokraterna.se\\\/oxelosund\\\/textsida-med-vanster-sidebar\\\/kontaktpersoner\\\/#breadcrumb\",\"itemListElement\":[{\"@type\":\"ListItem\",\"position\":1,\"name\":\"Hem\",\"item\":\"https:\\\/\\\/wp.kristdemokraterna.se\\\/oxelosund\\\/\"},{\"@type\":\"ListItem\",\"position\":2,\"name\":\"V\u00e5r partiavdelning\",\"item\":\"https:\\\/\\\/wp.kristdemokraterna.se\\\/oxelosund\\\/textsida-med-vanster-sidebar\\\/\"},{\"@type\":\"ListItem\",\"position\":3,\"name\":\"Kontaktpersoner\"}]},{\"@type\":\"WebSite\",\"@id\":\"https:\\\/\\\/wp.kristdemokraterna.se\\\/oxelosund\\\/#website\",\"url\":\"https:\\\/\\\/wp.kristdemokraterna.se\\\/oxelosund\\\/\",\"name\":\"Kristdemokraterna | Oxel\u00f6sund\",\"description\":\"Kuststaden i Hj\u00e4rtlandet\",\"inLanguage\":\"sv-SE\"}]}<\/script>\n<!-- \/ Yoast SEO plugin. -->","yoast_head_json":{"title":"Kontaktpersoner - Kristdemokraterna | Oxel\u00f6sund","robots":{"index":"index","follow":"follow","max-snippet":"max-snippet:-1","max-image-preview":"max-image-preview:large","max-video-preview":"max-video-preview:-1"},"canonical":"https:\/\/wp.kristdemokraterna.se\/oxelosund\/textsida-med-vanster-sidebar\/kontaktpersoner\/","og_locale":"sv_SE","og_type":"article","og_title":"Kontaktpersoner - Kristdemokraterna | Oxel\u00f6sund","og_description":"Kristdemokraterna i Oxel\u00f6sund H\u00e4r \u00e4r v\u00e5r nuvarande styrelse och v\u00e5ra kommunpolitiker. Du kan mejla till alla enligt modellen f\u00f6rnamn.efternamn@oxelosund.se. Kontakta oss g\u00e4rna! Ordf\u00f6rande: \u00a0Niclas Lindgren, 070\u2013405 9 504. Niclas \u00e4r \u00e4ven gruppledare och ers\u00e4ttare i Kommunfullm\u00e4ktige. Samt ledamot i Kommunfullm\u00e4ktiges valutskott. Vice ordf\u00f6rande: \u00a0Urban Bertling, 070\u2013575 33 07. Urban \u00e4r \u00e4ven ers\u00e4ttare i Kommunstyrelsen. Styrelseledamot: L\u00e4s mer","og_url":"https:\/\/wp.kristdemokraterna.se\/oxelosund\/textsida-med-vanster-sidebar\/kontaktpersoner\/","og_site_name":"Kristdemokraterna | Oxel\u00f6sund","article_modified_time":"2025-04-13T18:21:11+00:00","twitter_card":"summary_large_image","twitter_misc":{"Ber\u00e4knad l\u00e4stid":"2 minuter"},"schema":{"@context":"https:\/\/schema.org","@graph":[{"@type":"WebPage","@id":"https:\/\/wp.kristdemokraterna.se\/oxelosund\/textsida-med-vanster-sidebar\/kontaktpersoner\/","url":"https:\/\/wp.kristdemokraterna.se\/oxelosund\/textsida-med-vanster-sidebar\/kontaktpersoner\/","name":"Kontaktpersoner - Kristdemokraterna | Oxel\u00f6sund","isPartOf":{"@id":"https:\/\/wp.kristdemokraterna.se\/oxelosund\/#website"},"primaryImageOfPage":{"@id":"https:\/\/wp.kristdemokraterna.se\/oxelosund\/textsida-med-vanster-sidebar\/kontaktpersoner\/#primaryimage"},"image":{"@id":"https:\/\/wp.kristdemokraterna.se\/oxelosund\/textsida-med-vanster-sidebar\/kontaktpersoner\/#primaryimage"},"thumbnailUrl":"","datePublished":"2017-12-04T15:11:27+00:00","dateModified":"2025-04-13T18:21:11+00:00","breadcrumb":{"@id":"https:\/\/wp.kristdemokraterna.se\/oxelosund\/textsida-med-vanster-sidebar\/kontaktpersoner\/#breadcrumb"},"inLanguage":"sv-SE","potentialAction":[{"@type":"ReadAction","target":["https:\/\/wp.kristdemokraterna.se\/oxelosund\/textsida-med-vanster-sidebar\/kontaktpersoner\/"]}]},{"@type":"ImageObject","inLanguage":"sv-SE","@id":"https:\/\/wp.kristdemokraterna.se\/oxelosund\/textsida-med-vanster-sidebar\/kontaktpersoner\/#primaryimage","url":"","contentUrl":""},{"@type":"BreadcrumbList","@id":"https:\/\/wp.kristdemokraterna.se\/oxelosund\/textsida-med-vanster-sidebar\/kontaktpersoner\/#breadcrumb","itemListElement":[{"@type":"ListItem","position":1,"name":"Hem","item":"https:\/\/wp.kristdemokraterna.se\/oxelosund\/"},{"@type":"ListItem","position":2,"name":"V\u00e5r partiavdelning","item":"https:\/\/wp.kristdemokraterna.se\/oxelosund\/textsida-med-vanster-sidebar\/"},{"@type":"ListItem","position":3,"name":"Kontaktpersoner"}]},{"@type":"WebSite","@id":"https:\/\/wp.kristdemokraterna.se\/oxelosund\/#website","url":"https:\/\/wp.kristdemokraterna.se\/oxelosund\/","name":"Kristdemokraterna | Oxel\u00f6sund","description":"Kuststaden i Hj\u00e4rtlandet","inLanguage":"sv-SE"}]}},"_links":{"self":[{"href":"https:\/\/wp.kristdemokraterna.se\/oxelosund\/wp-json\/wp\/v2\/pages\/363","targetHints":{"allow":["GET"]}}],"collection":[{"href":"https:\/\/wp.kristdemokraterna.se\/oxelosund\/wp-json\/wp\/v2\/pages"}],"about":[{"href":"https:\/\/wp.kristdemokraterna.se\/oxelosund\/wp-json\/wp\/v2\/types\/page"}],"author":[{"embeddable":true,"href":"https:\/\/wp.kristdemokraterna.se\/oxelosund\/wp-json\/wp\/v2\/users\/1004"}],"replies":[{"embeddable":true,"href":"https:\/\/wp.kristdemokraterna.se\/oxelosund\/wp-json\/wp\/v2\/comments?post=363"}],"version-history":[{"count":28,"href":"https:\/\/wp.kristdemokraterna.se\/oxelosund\/wp-json\/wp\/v2\/pages\/363\/revisions"}],"predecessor-version":[{"id":1503,"href":"https:\/\/wp.kristdemokraterna.se\/oxelosund\/wp-json\/wp\/v2\/pages\/363\/revisions\/1503"}],"up":[{"embeddable":true,"href":"https:\/\/wp.kristdemokraterna.se\/oxelosund\/wp-json\/wp\/v2\/pages\/269"}],"wp:featuredmedia":[{"embeddable":true,"href":"https:\/\/wp.kristdemokraterna.se\/oxelosund\/wp-json\/"}],"wp:attachment":[{"href":"https:\/\/wp.kristdemokraterna.se\/oxelosund\/wp-json\/wp\/v2\/media?parent=363"}],"curies":[{"name":"wp","href":"https:\/\/api.w.org\/{rel}","templated":true}]}}