{"id":375,"date":"2017-12-04T16:48:06","date_gmt":"2017-12-04T15:48:06","guid":{"rendered":"https:\/\/wp.kristdemokraterna.se\/oxelosund\/?page_id=375"},"modified":"2024-05-01T06:00:06","modified_gmt":"2024-05-01T04:00:06","slug":"sa-styr-vi-oxelosund","status":"publish","type":"page","link":"https:\/\/wp.kristdemokraterna.se\/oxelosund\/textsida-fullbredd\/sa-styr-vi-oxelosund\/","title":{"rendered":"S\u00e5 styr vi Oxel\u00f6sund"},"content":{"rendered":"<h2><strong>S\u00e5 styr vi Oxel\u00f6sund mot en b\u00e4ttre framtid<\/strong><\/h2>\n<p>Nu \u00e4r vi med och styr v\u00e5r fina kuststad, fram till valet 2026. Naturligtvis kan vi inte f\u00e5 igenom alla v\u00e5ra vall\u00f6ften med bara ett mandat, men vi g\u00f6r allt f\u00f6r att genomf\u00f6ra KD-politik i Oxel\u00f6sund. Och samtidigt m\u00e5na om Koalitionens arbetsro.<\/p>\n<p>M, SD, KD och L tog \u00f6ver makten i januari 2023, efter 72 \u00e5r av S-styre, och sen dess jobbar vi of\u00f6rtrutet med att f\u00f6rb\u00e4ttra kommunen. S\u00e5 att Oxel\u00f6sund blir effektivare och modernare.<\/p>\n<p><strong>Exempel p\u00e5 saker vi redan har gjort: \u00a0<\/strong>Stopp f\u00f6r L\u00e5nggrund \u2013 Billigare b\u00e5tplatser \u2013 Nya cykelv\u00e4gar \u2013 Snabbare bygglov \u2013 Nytt n\u00e4ringslivsr\u00e5d \u2013 Nya f\u00f6rskolor \u2013 20 nya platser p\u00e5 Bj\u00f6rntorp \u2013 Synkad social- &amp; \u00e4ldreomsorg \u2013 Billigare kommunbolag \u2013 B\u00e4ttre underh\u00e5llsplanering \u2013 Snyggare parker &amp; badplatser \u2013 Nya elevsamordnare<\/p>\n<p><strong>Dessutom planerar vi:<span class=\"Apple-converted-space\"> \u00a0<\/span><\/strong>Ny mountainbikebana \u2013 Snyggare centrum \u2013 Oxel\u00f6 Sj\u00f6stad \u2013 Upphandling av st\u00e4dning \u2013 Valfrihet inom hemtj\u00e4nsten \u2013 Nytt \u00e4ldreboende \u2013 Modernare g\u00e4sthamn \u2013 L\u00e4gre skatt<\/p>\n<p>Mer info l\u00e4ngre ner. Eller kontakta oss, s\u00e5 ber\u00e4ttar vi mer!<\/p>\n<div id=\"attachment_1428\" style=\"width: 310px\" class=\"wp-caption alignnone\"><a href=\"https:\/\/wp.kristdemokraterna.se\/oxelosund\/files\/2024\/03\/istock-465845362-e1711126828415.jpg\"><img loading=\"lazy\" decoding=\"async\" aria-describedby=\"caption-attachment-1428\" class=\"size-medium wp-image-1428\" src=\"https:\/\/wp.kristdemokraterna.se\/oxelosund\/files\/2024\/03\/istock-465845362-300x181.jpg\" alt=\"Klassisk skeppsratt med ekrar, vid styrplats i mitten p\u00e5 en vit b\u00e5t. Utsikt mot horisonten.\" width=\"300\" height=\"181\" \/><\/a><p id=\"caption-attachment-1428\" class=\"wp-caption-text\"><em>Fyra partier styr nu Oxel\u00f6sund tillsammans.<\/em><\/p><\/div>\n<h3>D\u00e4rf\u00f6r \u00e4r KD en viktig del av styret<\/h3>\n<p>Vi har bara ett mandat, men det \u00e4r ett avg\u00f6rande mandat. Koalitionens majoritet \u00e4r ju 16 mot 15. S\u00e5 KD \u00e4r viktigt, och vi har f\u00e5tt m\u00e5nga f\u00f6rtroendeposter i n\u00e4mnder och styrelser. Vill du hj\u00e4lpa till? \u00a0Som v\u00e4ljare, sympatis\u00f6r och medlem kan du betyda mycket f\u00f6r att Oxel\u00f6sund ska pr\u00e4glas mer av <strong>KD-politik.<\/strong><\/p>\n<p>Du kanske s\u00e5 sm\u00e5ningom \u00f6vertar n\u00e5gon av v\u00e5ra n\u00e4mnd- eller styrelseplatser? \u00a0L\u00e5t oss tillsammans g\u00f6ra v\u00e5r fina Kuststad \u00e4nnu <strong>b\u00e4ttre f\u00f6r barnfamiljer, \u00e4ldre och f\u00f6retag.<\/strong><\/p>\n<p>H\u00e4r kan du l\u00e4sa mer om <a href=\"https:\/\/wp.kristdemokraterna.se\/oxelosund\/textsida-fullbredd\/snyggare-tryggare-okle\/\">v\u00e5ra 20 f\u00f6rslag<\/a><\/p>\n<p>Du kan \u00e4ven se filmerna fr\u00e5n <a href=\"https:\/\/www.oxelosund.se\/kommun-och-politik\/kortfattat-fran-kommunstyrelsen\">Kommunstyrelsen<\/a>:<\/p>\n<h3><b>S\u00e5 vad har vi gjort hittills f\u00f6r ett b\u00e4ttre Oxel\u00f6sund?<\/b><\/h3>\n<ul>\n<li><strong>Stopp f\u00f6r L\u00e5nggrund.\u00a0<\/strong>Vi sa Nej till projekt L\u00e5nggrund. V\u00e5r fina sk\u00e4rg\u00e5rd \u00e4r r\u00e4ddad. (Och gl\u00f6m inte att v\u00e4nstersidan ville g\u00e5 vidare med projektet&#8230;)<\/li>\n<li><strong>N\u00e4ringslivsr\u00e5det.<\/strong> Detta \u00e4r helt nytt. H\u00e4r ing\u00e5r elva f\u00f6retag fr\u00e5n olika branscher, samt lokala politiker och tj\u00e4nstepersoner. Id\u00e9n \u00e4r att gynna v\u00e5r lokala arbetsmarknad och f\u00f6retagsamheten. Kanske kan vi f\u00e5 en Gnosj\u00f6anda i Oxel\u00f6sund?<\/li>\n<li><strong>Billigare kommunbolag.<\/strong> Vi har halverat antalet styrelseplatser i de kommunala bolagen. Fr\u00e5n 28 personer till 16. Varf\u00f6r? \u00a0Sm\u00e5 effektiva bolagsstyrelser med h\u00f6g kompetens kostar mindre f\u00f6r skattebetalarna.<\/li>\n<li><strong>Billigare b\u00e5tplatser.<\/strong> \u00c4ntligen \u00e4r avgifterna lagenliga! Tidigare \u00f6verdebiterades stadens b\u00e5t\u00e4gare f\u00f6r att t\u00e4cka g\u00e4sthamnens f\u00f6rluster, men nu motsvarar avgiften sj\u00e4lvkostnadspriset. Som lagen s\u00e4ger. N\u00e4sta steg: att med hj\u00e4lp av B\u00e5t\u00e4garf\u00f6reningen n\u00e5 full bel\u00e4ggning i hamnarna. Oxel\u00f6sund \u00e4r en kuststad och ska g\u00f6ra det b\u00e4sta f\u00f6r sina b\u00e5t\u00e4gare, sk\u00e4rg\u00e5rdsturister, fiskare och b\u00e5tf\u00f6retag.<\/li>\n<li><strong>Snabbare bygglov.<\/strong> I v\u00e5r f\u00f6rsta budget gav vi mer pengar till bygglovshanteringen. Det har gett resultat. Oxel\u00f6sund f\u00e5r bra betyg i utv\u00e4rderingarna.<\/li>\n<\/ul>\n<h3>Och n\u00e5gra saker till som visar hur vi styr:<\/h3>\n<ul>\n<li><strong>Nya cykelv\u00e4gar, Nya f\u00f6rskolor, Snyggare parker &amp; badplatser.<\/strong> Detta \u00e4r f\u00f6r\u00e4ndringar som syns konkret, och som kommer alla till del. Besluten togs i vissa fall innan vi fick makten, men det \u00e4r vi som driver p\u00e5 genomf\u00f6randet och utvecklingen. S\u00e5 att v\u00e5r fina kuststad blir snyggare och tryggare.<\/li>\n<li><strong>20 nya platser p\u00e5 Bj\u00f6rntorp \u2013 Nya elevsamordnare i skolorna.<\/strong> Tv\u00e5 exempel p\u00e5 hur vi f\u00f6rb\u00e4ttrar f\u00f6r v\u00e5ra \u00e4ldre och yngre inv\u00e5nare.<\/li>\n<li><strong>Synkad social- &amp; \u00e4ldreomsorg.<\/strong> H\u00e4r tog vi tag i ett problem. Genom att sl\u00e5 ihop tv\u00e5 olika avdelningar i kommunen tog vi f\u00f6rsta steget mot att hejda den &#8221;karusell&#8221; av chefsbyten, personaloms\u00e4ttning och missn\u00f6je som p\u00e5gick under de sista 10 \u00e5ren av S-styret.<\/li>\n<li><strong>B\u00e4ttre underh\u00e5llsplanering.<\/strong> \u00c4r det inte sj\u00e4lvklart att varje byggnad som kommunen \u00e4ger, ska ha en plan f\u00f6r underh\u00e5ll och renovering? \u00a0Det tycker vi ocks\u00e5. D\u00e4rf\u00f6r inf\u00f6rde vi detta. Tidigare fanns det ingen plan, man \u00e5tg\u00e4rdade vid behov eller sk\u00f6t bara upp det. Vi tycker att skattebetalarnas pengar ska hanteras b\u00e4ttre.<\/li>\n<\/ul>\n","protected":false},"excerpt":{"rendered":"<p>S\u00e5 styr vi Oxel\u00f6sund mot en b\u00e4ttre framtid Nu \u00e4r vi med och styr v\u00e5r fina kuststad, fram till valet 2026. Naturligtvis kan vi inte f\u00e5 igenom alla v\u00e5ra vall\u00f6ften med bara ett mandat, men vi g\u00f6r allt f\u00f6r att genomf\u00f6ra KD-politik i Oxel\u00f6sund. Och samtidigt m\u00e5na om Koalitionens arbetsro. M, SD, KD och L <a class=\"read-more-link\" href=\"https:\/\/wp.kristdemokraterna.se\/oxelosund\/textsida-fullbredd\/sa-styr-vi-oxelosund\/\">L\u00e4s mer<\/a><\/p>\n","protected":false},"author":1004,"featured_media":714,"parent":272,"menu_order":0,"comment_status":"closed","ping_status":"closed","template":"page.php","meta":{"_acf_changed":false,"footnotes":""},"class_list":["post-375","page","type-page","status-publish","hentry"],"acf":[],"yoast_head":"<!-- This site is optimized with the Yoast SEO plugin v27.4 - https:\/\/yoast.com\/product\/yoast-seo-wordpress\/ -->\n<title>S\u00e5 styr vi Oxel\u00f6sund - Kristdemokraterna | Oxel\u00f6sund<\/title>\n<meta name=\"description\" content=\"Det \u00e4r M, L, KD och SD som styr Oxel\u00f6sund idag. Samarbetet fungerar mycket bra. V\u00e5r fina Kuststad blir nu alltmer effektiv och modern.\" \/>\n<meta name=\"robots\" content=\"index, follow, max-snippet:-1, max-image-preview:large, max-video-preview:-1\" \/>\n<link rel=\"canonical\" href=\"https:\/\/wp.kristdemokraterna.se\/oxelosund\/textsida-fullbredd\/sa-styr-vi-oxelosund\/\" \/>\n<meta property=\"og:locale\" content=\"sv_SE\" \/>\n<meta property=\"og:type\" content=\"article\" \/>\n<meta property=\"og:title\" content=\"S\u00e5 styr vi Oxel\u00f6sund - Kristdemokraterna | Oxel\u00f6sund\" \/>\n<meta property=\"og:description\" content=\"Det \u00e4r M, L, KD och SD som styr Oxel\u00f6sund idag. Samarbetet fungerar mycket bra. V\u00e5r fina Kuststad blir nu alltmer effektiv och modern.\" \/>\n<meta property=\"og:url\" content=\"https:\/\/wp.kristdemokraterna.se\/oxelosund\/textsida-fullbredd\/sa-styr-vi-oxelosund\/\" \/>\n<meta property=\"og:site_name\" content=\"Kristdemokraterna | Oxel\u00f6sund\" \/>\n<meta property=\"article:modified_time\" content=\"2024-05-01T04:00:06+00:00\" \/>\n<meta property=\"og:image\" content=\"https:\/\/wp.kristdemokraterna.se\/oxelosund\/files\/2024\/03\/istock-465845362-300x181.jpg\" \/>\n<meta name=\"twitter:card\" content=\"summary_large_image\" \/>\n<meta name=\"twitter:label1\" content=\"Ber\u00e4knad l\u00e4stid\" \/>\n\t<meta name=\"twitter:data1\" content=\"4 minuter\" \/>\n<script type=\"application\/ld+json\" class=\"yoast-schema-graph\">{\"@context\":\"https:\\\/\\\/schema.org\",\"@graph\":[{\"@type\":\"WebPage\",\"@id\":\"https:\\\/\\\/wp.kristdemokraterna.se\\\/oxelosund\\\/textsida-fullbredd\\\/sa-styr-vi-oxelosund\\\/\",\"url\":\"https:\\\/\\\/wp.kristdemokraterna.se\\\/oxelosund\\\/textsida-fullbredd\\\/sa-styr-vi-oxelosund\\\/\",\"name\":\"S\u00e5 styr vi Oxel\u00f6sund - Kristdemokraterna | Oxel\u00f6sund\",\"isPartOf\":{\"@id\":\"https:\\\/\\\/wp.kristdemokraterna.se\\\/oxelosund\\\/#website\"},\"primaryImageOfPage\":{\"@id\":\"https:\\\/\\\/wp.kristdemokraterna.se\\\/oxelosund\\\/textsida-fullbredd\\\/sa-styr-vi-oxelosund\\\/#primaryimage\"},\"image\":{\"@id\":\"https:\\\/\\\/wp.kristdemokraterna.se\\\/oxelosund\\\/textsida-fullbredd\\\/sa-styr-vi-oxelosund\\\/#primaryimage\"},\"thumbnailUrl\":\"\",\"datePublished\":\"2017-12-04T15:48:06+00:00\",\"dateModified\":\"2024-05-01T04:00:06+00:00\",\"description\":\"Det \u00e4r M, L, KD och SD som styr Oxel\u00f6sund idag. Samarbetet fungerar mycket bra. V\u00e5r fina Kuststad blir nu alltmer effektiv och modern.\",\"breadcrumb\":{\"@id\":\"https:\\\/\\\/wp.kristdemokraterna.se\\\/oxelosund\\\/textsida-fullbredd\\\/sa-styr-vi-oxelosund\\\/#breadcrumb\"},\"inLanguage\":\"sv-SE\",\"potentialAction\":[{\"@type\":\"ReadAction\",\"target\":[\"https:\\\/\\\/wp.kristdemokraterna.se\\\/oxelosund\\\/textsida-fullbredd\\\/sa-styr-vi-oxelosund\\\/\"]}]},{\"@type\":\"ImageObject\",\"inLanguage\":\"sv-SE\",\"@id\":\"https:\\\/\\\/wp.kristdemokraterna.se\\\/oxelosund\\\/textsida-fullbredd\\\/sa-styr-vi-oxelosund\\\/#primaryimage\",\"url\":\"\",\"contentUrl\":\"\"},{\"@type\":\"BreadcrumbList\",\"@id\":\"https:\\\/\\\/wp.kristdemokraterna.se\\\/oxelosund\\\/textsida-fullbredd\\\/sa-styr-vi-oxelosund\\\/#breadcrumb\",\"itemListElement\":[{\"@type\":\"ListItem\",\"position\":1,\"name\":\"Hem\",\"item\":\"https:\\\/\\\/wp.kristdemokraterna.se\\\/oxelosund\\\/\"},{\"@type\":\"ListItem\",\"position\":2,\"name\":\"V\u00e5ra f\u00f6rslag\",\"item\":\"https:\\\/\\\/wp.kristdemokraterna.se\\\/oxelosund\\\/textsida-fullbredd\\\/\"},{\"@type\":\"ListItem\",\"position\":3,\"name\":\"S\u00e5 styr vi Oxel\u00f6sund\"}]},{\"@type\":\"WebSite\",\"@id\":\"https:\\\/\\\/wp.kristdemokraterna.se\\\/oxelosund\\\/#website\",\"url\":\"https:\\\/\\\/wp.kristdemokraterna.se\\\/oxelosund\\\/\",\"name\":\"Kristdemokraterna | Oxel\u00f6sund\",\"description\":\"Kuststaden i Hj\u00e4rtlandet\",\"inLanguage\":\"sv-SE\"}]}<\/script>\n<!-- \/ Yoast SEO plugin. -->","yoast_head_json":{"title":"S\u00e5 styr vi Oxel\u00f6sund - Kristdemokraterna | Oxel\u00f6sund","description":"Det \u00e4r M, L, KD och SD som styr Oxel\u00f6sund idag. Samarbetet fungerar mycket bra. V\u00e5r fina Kuststad blir nu alltmer effektiv och modern.","robots":{"index":"index","follow":"follow","max-snippet":"max-snippet:-1","max-image-preview":"max-image-preview:large","max-video-preview":"max-video-preview:-1"},"canonical":"https:\/\/wp.kristdemokraterna.se\/oxelosund\/textsida-fullbredd\/sa-styr-vi-oxelosund\/","og_locale":"sv_SE","og_type":"article","og_title":"S\u00e5 styr vi Oxel\u00f6sund - Kristdemokraterna | Oxel\u00f6sund","og_description":"Det \u00e4r M, L, KD och SD som styr Oxel\u00f6sund idag. Samarbetet fungerar mycket bra. V\u00e5r fina Kuststad blir nu alltmer effektiv och modern.","og_url":"https:\/\/wp.kristdemokraterna.se\/oxelosund\/textsida-fullbredd\/sa-styr-vi-oxelosund\/","og_site_name":"Kristdemokraterna | Oxel\u00f6sund","article_modified_time":"2024-05-01T04:00:06+00:00","og_image":[{"url":"https:\/\/wp.kristdemokraterna.se\/oxelosund\/files\/2024\/03\/istock-465845362-300x181.jpg","type":"","width":"","height":""}],"twitter_card":"summary_large_image","twitter_misc":{"Ber\u00e4knad l\u00e4stid":"4 minuter"},"schema":{"@context":"https:\/\/schema.org","@graph":[{"@type":"WebPage","@id":"https:\/\/wp.kristdemokraterna.se\/oxelosund\/textsida-fullbredd\/sa-styr-vi-oxelosund\/","url":"https:\/\/wp.kristdemokraterna.se\/oxelosund\/textsida-fullbredd\/sa-styr-vi-oxelosund\/","name":"S\u00e5 styr vi Oxel\u00f6sund - Kristdemokraterna | Oxel\u00f6sund","isPartOf":{"@id":"https:\/\/wp.kristdemokraterna.se\/oxelosund\/#website"},"primaryImageOfPage":{"@id":"https:\/\/wp.kristdemokraterna.se\/oxelosund\/textsida-fullbredd\/sa-styr-vi-oxelosund\/#primaryimage"},"image":{"@id":"https:\/\/wp.kristdemokraterna.se\/oxelosund\/textsida-fullbredd\/sa-styr-vi-oxelosund\/#primaryimage"},"thumbnailUrl":"","datePublished":"2017-12-04T15:48:06+00:00","dateModified":"2024-05-01T04:00:06+00:00","description":"Det \u00e4r M, L, KD och SD som styr Oxel\u00f6sund idag. Samarbetet fungerar mycket bra. V\u00e5r fina Kuststad blir nu alltmer effektiv och modern.","breadcrumb":{"@id":"https:\/\/wp.kristdemokraterna.se\/oxelosund\/textsida-fullbredd\/sa-styr-vi-oxelosund\/#breadcrumb"},"inLanguage":"sv-SE","potentialAction":[{"@type":"ReadAction","target":["https:\/\/wp.kristdemokraterna.se\/oxelosund\/textsida-fullbredd\/sa-styr-vi-oxelosund\/"]}]},{"@type":"ImageObject","inLanguage":"sv-SE","@id":"https:\/\/wp.kristdemokraterna.se\/oxelosund\/textsida-fullbredd\/sa-styr-vi-oxelosund\/#primaryimage","url":"","contentUrl":""},{"@type":"BreadcrumbList","@id":"https:\/\/wp.kristdemokraterna.se\/oxelosund\/textsida-fullbredd\/sa-styr-vi-oxelosund\/#breadcrumb","itemListElement":[{"@type":"ListItem","position":1,"name":"Hem","item":"https:\/\/wp.kristdemokraterna.se\/oxelosund\/"},{"@type":"ListItem","position":2,"name":"V\u00e5ra f\u00f6rslag","item":"https:\/\/wp.kristdemokraterna.se\/oxelosund\/textsida-fullbredd\/"},{"@type":"ListItem","position":3,"name":"S\u00e5 styr vi Oxel\u00f6sund"}]},{"@type":"WebSite","@id":"https:\/\/wp.kristdemokraterna.se\/oxelosund\/#website","url":"https:\/\/wp.kristdemokraterna.se\/oxelosund\/","name":"Kristdemokraterna | Oxel\u00f6sund","description":"Kuststaden i Hj\u00e4rtlandet","inLanguage":"sv-SE"}]}},"_links":{"self":[{"href":"https:\/\/wp.kristdemokraterna.se\/oxelosund\/wp-json\/wp\/v2\/pages\/375","targetHints":{"allow":["GET"]}}],"collection":[{"href":"https:\/\/wp.kristdemokraterna.se\/oxelosund\/wp-json\/wp\/v2\/pages"}],"about":[{"href":"https:\/\/wp.kristdemokraterna.se\/oxelosund\/wp-json\/wp\/v2\/types\/page"}],"author":[{"embeddable":true,"href":"https:\/\/wp.kristdemokraterna.se\/oxelosund\/wp-json\/wp\/v2\/users\/1004"}],"replies":[{"embeddable":true,"href":"https:\/\/wp.kristdemokraterna.se\/oxelosund\/wp-json\/wp\/v2\/comments?post=375"}],"version-history":[{"count":58,"href":"https:\/\/wp.kristdemokraterna.se\/oxelosund\/wp-json\/wp\/v2\/pages\/375\/revisions"}],"predecessor-version":[{"id":1479,"href":"https:\/\/wp.kristdemokraterna.se\/oxelosund\/wp-json\/wp\/v2\/pages\/375\/revisions\/1479"}],"up":[{"embeddable":true,"href":"https:\/\/wp.kristdemokraterna.se\/oxelosund\/wp-json\/wp\/v2\/pages\/272"}],"wp:featuredmedia":[{"embeddable":true,"href":"https:\/\/wp.kristdemokraterna.se\/oxelosund\/wp-json\/"}],"wp:attachment":[{"href":"https:\/\/wp.kristdemokraterna.se\/oxelosund\/wp-json\/wp\/v2\/media?parent=375"}],"curies":[{"name":"wp","href":"https:\/\/api.w.org\/{rel}","templated":true}]}}