{"id":742,"date":"2022-04-12T11:26:18","date_gmt":"2022-04-12T09:26:18","guid":{"rendered":"https:\/\/wp.kristdemokraterna.se\/oxelosund\/?page_id=742"},"modified":"2022-09-15T09:18:12","modified_gmt":"2022-09-15T07:18:12","slug":"snyggare-tryggare-okle","status":"publish","type":"page","link":"https:\/\/wp.kristdemokraterna.se\/oxelosund\/textsida-fullbredd\/snyggare-tryggare-okle\/","title":{"rendered":"Snyggare tryggare Okle"},"content":{"rendered":"<p>Ett snyggare, tryggare &#8221;Okle&#8221; \u00e4r nu \u00e4ntligen m\u00f6jligt! \u00a0F\u00f6r f\u00f6rsta g\u00e5ngen sen kommunen blev till 1950 f\u00e5r nu h\u00f6gersidan styra. Vi som gillar f\u00f6retagare, valfrihet och privata initiativ.<\/p>\n<p>Nu ska v\u00e5r fina sk\u00e4rg\u00e5rdskommun bli snyggare \u2013 och \u00e4ven sk\u00f6tas snyggare.<span class=\"Apple-converted-space\">\u00a0<\/span>Vi ska bygga nytt och modernisera, s\u00e5 vi f\u00e5r fler inv\u00e5nare och f\u00f6retag. Vi ska \u00e4ven rensa ut alla omoderna arbetss\u00e4tt inom kommunen, s\u00e5 den blir kostnadseffektiv!<span class=\"Apple-converted-space\">\u00a0 <\/span>D\u00e5 kan vi snabbare g\u00f6ra Oxel\u00f6sund tryggare \u2013 med s\u00e4krare milj\u00f6er, mer gemenskap, l\u00e4gre skatt och st\u00f6rre valfrihet.<\/p>\n<h2>Nu ska vi b\u00f6rja \u00e5tg\u00e4rda allt som varit fel<\/h2>\n<p>(S) hade fria h\u00e4nder att utforma Oxel\u00f6sund i 72 \u00e5r. Men \u00e4nd\u00e5 blev inte allting bra. Eller hur? \u00a0T\u00e4nk bara p\u00e5 alla saker i kommunen som har irriterat dig \u00e5r efter \u00e5r, och som du vet hade kunnat fungera mycket b\u00e4ttre&#8230;<\/p>\n<p>M\u00e5nga saker som vi oxel\u00f6sundare har varit missn\u00f6jda med g\u00e5r att \u00e5tg\u00e4rda. Med nya id\u00e9er \u2013 som \u00f6ppnar f\u00f6r privata initiativ, nyttig konkurrens, valfrihet, anv\u00e4ndarperspektiv, modernare arbetsmetoder, sl\u00f6seristopp och avveckling av rena on\u00f6digheter.<\/p>\n<p><a href=\"https:\/\/wp.kristdemokraterna.se\/oxelosund\/files\/2022\/05\/denys-barabanov-5wsui5hdjgg-unsplash-2.jpg\"><img loading=\"lazy\" decoding=\"async\" class=\"alignnone size-medium wp-image-911\" src=\"https:\/\/wp.kristdemokraterna.se\/oxelosund\/files\/2022\/05\/denys-barabanov-5wsui5hdjgg-unsplash-2-300x225.jpg\" alt=\"Bild p\u00e5 bl\u00e5 himmel med texten Ett snyggare, tryggare Okle! i vitt, samt havet, klippor, tr\u00e4d och en liten r\u00f6d stuga i f\u00f6rgrunden. N\u00e5gra m\u00e4nniskor sitter p\u00e5 klipporna.\" width=\"300\" height=\"225\" srcset=\"https:\/\/wp.kristdemokraterna.se\/oxelosund\/files\/2022\/05\/denys-barabanov-5wsui5hdjgg-unsplash-2-300x225.jpg 300w, https:\/\/wp.kristdemokraterna.se\/oxelosund\/files\/2022\/05\/denys-barabanov-5wsui5hdjgg-unsplash-2-266x200.jpg 266w, https:\/\/wp.kristdemokraterna.se\/oxelosund\/files\/2022\/05\/denys-barabanov-5wsui5hdjgg-unsplash-2-370x278.jpg 370w, https:\/\/wp.kristdemokraterna.se\/oxelosund\/files\/2022\/05\/denys-barabanov-5wsui5hdjgg-unsplash-2-450x338.jpg 450w, https:\/\/wp.kristdemokraterna.se\/oxelosund\/files\/2022\/05\/denys-barabanov-5wsui5hdjgg-unsplash-2-280x210.jpg 280w, https:\/\/wp.kristdemokraterna.se\/oxelosund\/files\/2022\/05\/denys-barabanov-5wsui5hdjgg-unsplash-2-340x255.jpg 340w, https:\/\/wp.kristdemokraterna.se\/oxelosund\/files\/2022\/05\/denys-barabanov-5wsui5hdjgg-unsplash-2-200x150.jpg 200w, https:\/\/wp.kristdemokraterna.se\/oxelosund\/files\/2022\/05\/denys-barabanov-5wsui5hdjgg-unsplash-2-75x56.jpg 75w, https:\/\/wp.kristdemokraterna.se\/oxelosund\/files\/2022\/05\/denys-barabanov-5wsui5hdjgg-unsplash-2.jpg 478w\" sizes=\"auto, (max-width: 300px) 100vw, 300px\" \/><\/a><\/p>\n<h2>Tack f\u00f6r att du r\u00f6stade f\u00f6r ett snyggare, tryggare Okle<\/h2>\n<p>Vi tror att (S) hade makten alldeles f\u00f6r l\u00e4nge. De tog den f\u00f6r given, och ville inte f\u00f6r\u00e4ndra s\u00e5 mycket. Men 2022 valde folket ett nytt styre, efter 72 \u00e5r. Oxel\u00f6sundarna bad om en kuststad med ny framtidstro, blomstrande n\u00e4ringsliv, stark inflyttning och nya byggen.<\/p>\n<p>Och vi ska b\u00f6rja s\u00e4nka kommunalskatten, steg f\u00f6r steg. Ner till samma niv\u00e5 som Nyk\u00f6ping har. Kom ih\u00e5g att en familj i Oxel\u00f6sund har f\u00e5tt betala omkring 5.000 kr mer i skatt varje \u00e5r \u00e4n om familjen bodde i Nyk\u00f6ping. F\u00f6r vad?<\/p>\n<p>L\u00e4s mer om varf\u00f6r <a href=\"https:\/\/skattenytta.se\">skatterna kan s\u00e4nkas h\u00e4r<\/a><\/p>\n","protected":false},"excerpt":{"rendered":"<p>Ett snyggare, tryggare &#8221;Okle&#8221; \u00e4r nu \u00e4ntligen m\u00f6jligt! \u00a0F\u00f6r f\u00f6rsta g\u00e5ngen sen kommunen blev till 1950 f\u00e5r nu h\u00f6gersidan styra. Vi som gillar f\u00f6retagare, valfrihet och privata initiativ. Nu ska v\u00e5r fina sk\u00e4rg\u00e5rdskommun bli snyggare \u2013 och \u00e4ven sk\u00f6tas snyggare.\u00a0Vi ska bygga nytt och modernisera, s\u00e5 vi f\u00e5r fler inv\u00e5nare och f\u00f6retag. Vi ska \u00e4ven <a class=\"read-more-link\" href=\"https:\/\/wp.kristdemokraterna.se\/oxelosund\/textsida-fullbredd\/snyggare-tryggare-okle\/\">L\u00e4s mer<\/a><\/p>\n","protected":false},"author":1005,"featured_media":714,"parent":272,"menu_order":0,"comment_status":"closed","ping_status":"closed","template":"page.php","meta":{"_acf_changed":false,"footnotes":""},"class_list":["post-742","page","type-page","status-publish","hentry"],"acf":[],"yoast_head":"<!-- This site is optimized with the Yoast SEO plugin v27.4 - https:\/\/yoast.com\/product\/yoast-seo-wordpress\/ -->\n<title>Snyggare tryggare Okle - Kristdemokraterna | Oxel\u00f6sund<\/title>\n<meta name=\"description\" content=\"Jod\u00e5, &quot;Okle&quot; kan bli b\u00e5de snyggare och tryggare. Vi kan g\u00f6ra kommunen kostnadseffektiv, bygga nytt, snygga upp, och locka hit f\u00f6retag.\" \/>\n<meta name=\"robots\" content=\"index, follow, max-snippet:-1, max-image-preview:large, max-video-preview:-1\" \/>\n<link rel=\"canonical\" href=\"https:\/\/wp.kristdemokraterna.se\/oxelosund\/textsida-fullbredd\/snyggare-tryggare-okle\/\" \/>\n<meta property=\"og:locale\" content=\"sv_SE\" \/>\n<meta property=\"og:type\" content=\"article\" \/>\n<meta property=\"og:title\" content=\"Snyggare tryggare Okle - Kristdemokraterna | Oxel\u00f6sund\" \/>\n<meta property=\"og:description\" content=\"Jod\u00e5, &quot;Okle&quot; kan bli b\u00e5de snyggare och tryggare. Vi kan g\u00f6ra kommunen kostnadseffektiv, bygga nytt, snygga upp, och locka hit f\u00f6retag.\" \/>\n<meta property=\"og:url\" content=\"https:\/\/wp.kristdemokraterna.se\/oxelosund\/textsida-fullbredd\/snyggare-tryggare-okle\/\" \/>\n<meta property=\"og:site_name\" content=\"Kristdemokraterna | Oxel\u00f6sund\" \/>\n<meta property=\"article:modified_time\" content=\"2022-09-15T07:18:12+00:00\" \/>\n<meta property=\"og:image\" content=\"https:\/\/wp.kristdemokraterna.se\/oxelosund\/files\/2022\/05\/denys-barabanov-5wsui5hdjgg-unsplash-2-300x225.jpg\" \/>\n<meta name=\"twitter:card\" content=\"summary_large_image\" \/>\n<meta name=\"twitter:label1\" content=\"Ber\u00e4knad l\u00e4stid\" \/>\n\t<meta name=\"twitter:data1\" content=\"2 minuter\" \/>\n<script type=\"application\/ld+json\" class=\"yoast-schema-graph\">{\"@context\":\"https:\\\/\\\/schema.org\",\"@graph\":[{\"@type\":\"WebPage\",\"@id\":\"https:\\\/\\\/wp.kristdemokraterna.se\\\/oxelosund\\\/textsida-fullbredd\\\/snyggare-tryggare-okle\\\/\",\"url\":\"https:\\\/\\\/wp.kristdemokraterna.se\\\/oxelosund\\\/textsida-fullbredd\\\/snyggare-tryggare-okle\\\/\",\"name\":\"Snyggare tryggare Okle - Kristdemokraterna | Oxel\u00f6sund\",\"isPartOf\":{\"@id\":\"https:\\\/\\\/wp.kristdemokraterna.se\\\/oxelosund\\\/#website\"},\"primaryImageOfPage\":{\"@id\":\"https:\\\/\\\/wp.kristdemokraterna.se\\\/oxelosund\\\/textsida-fullbredd\\\/snyggare-tryggare-okle\\\/#primaryimage\"},\"image\":{\"@id\":\"https:\\\/\\\/wp.kristdemokraterna.se\\\/oxelosund\\\/textsida-fullbredd\\\/snyggare-tryggare-okle\\\/#primaryimage\"},\"thumbnailUrl\":\"\",\"datePublished\":\"2022-04-12T09:26:18+00:00\",\"dateModified\":\"2022-09-15T07:18:12+00:00\",\"description\":\"Jod\u00e5, \\\"Okle\\\" kan bli b\u00e5de snyggare och tryggare. Vi kan g\u00f6ra kommunen kostnadseffektiv, bygga nytt, snygga upp, och locka hit f\u00f6retag.\",\"breadcrumb\":{\"@id\":\"https:\\\/\\\/wp.kristdemokraterna.se\\\/oxelosund\\\/textsida-fullbredd\\\/snyggare-tryggare-okle\\\/#breadcrumb\"},\"inLanguage\":\"sv-SE\",\"potentialAction\":[{\"@type\":\"ReadAction\",\"target\":[\"https:\\\/\\\/wp.kristdemokraterna.se\\\/oxelosund\\\/textsida-fullbredd\\\/snyggare-tryggare-okle\\\/\"]}]},{\"@type\":\"ImageObject\",\"inLanguage\":\"sv-SE\",\"@id\":\"https:\\\/\\\/wp.kristdemokraterna.se\\\/oxelosund\\\/textsida-fullbredd\\\/snyggare-tryggare-okle\\\/#primaryimage\",\"url\":\"\",\"contentUrl\":\"\"},{\"@type\":\"BreadcrumbList\",\"@id\":\"https:\\\/\\\/wp.kristdemokraterna.se\\\/oxelosund\\\/textsida-fullbredd\\\/snyggare-tryggare-okle\\\/#breadcrumb\",\"itemListElement\":[{\"@type\":\"ListItem\",\"position\":1,\"name\":\"Hem\",\"item\":\"https:\\\/\\\/wp.kristdemokraterna.se\\\/oxelosund\\\/\"},{\"@type\":\"ListItem\",\"position\":2,\"name\":\"V\u00e5ra f\u00f6rslag\",\"item\":\"https:\\\/\\\/wp.kristdemokraterna.se\\\/oxelosund\\\/textsida-fullbredd\\\/\"},{\"@type\":\"ListItem\",\"position\":3,\"name\":\"Snyggare tryggare Okle\"}]},{\"@type\":\"WebSite\",\"@id\":\"https:\\\/\\\/wp.kristdemokraterna.se\\\/oxelosund\\\/#website\",\"url\":\"https:\\\/\\\/wp.kristdemokraterna.se\\\/oxelosund\\\/\",\"name\":\"Kristdemokraterna | Oxel\u00f6sund\",\"description\":\"Kuststaden i Hj\u00e4rtlandet\",\"inLanguage\":\"sv-SE\"}]}<\/script>\n<!-- \/ Yoast SEO plugin. -->","yoast_head_json":{"title":"Snyggare tryggare Okle - Kristdemokraterna | Oxel\u00f6sund","description":"Jod\u00e5, \"Okle\" kan bli b\u00e5de snyggare och tryggare. Vi kan g\u00f6ra kommunen kostnadseffektiv, bygga nytt, snygga upp, och locka hit f\u00f6retag.","robots":{"index":"index","follow":"follow","max-snippet":"max-snippet:-1","max-image-preview":"max-image-preview:large","max-video-preview":"max-video-preview:-1"},"canonical":"https:\/\/wp.kristdemokraterna.se\/oxelosund\/textsida-fullbredd\/snyggare-tryggare-okle\/","og_locale":"sv_SE","og_type":"article","og_title":"Snyggare tryggare Okle - Kristdemokraterna | Oxel\u00f6sund","og_description":"Jod\u00e5, \"Okle\" kan bli b\u00e5de snyggare och tryggare. Vi kan g\u00f6ra kommunen kostnadseffektiv, bygga nytt, snygga upp, och locka hit f\u00f6retag.","og_url":"https:\/\/wp.kristdemokraterna.se\/oxelosund\/textsida-fullbredd\/snyggare-tryggare-okle\/","og_site_name":"Kristdemokraterna | Oxel\u00f6sund","article_modified_time":"2022-09-15T07:18:12+00:00","og_image":[{"url":"https:\/\/wp.kristdemokraterna.se\/oxelosund\/files\/2022\/05\/denys-barabanov-5wsui5hdjgg-unsplash-2-300x225.jpg","type":"","width":"","height":""}],"twitter_card":"summary_large_image","twitter_misc":{"Ber\u00e4knad l\u00e4stid":"2 minuter"},"schema":{"@context":"https:\/\/schema.org","@graph":[{"@type":"WebPage","@id":"https:\/\/wp.kristdemokraterna.se\/oxelosund\/textsida-fullbredd\/snyggare-tryggare-okle\/","url":"https:\/\/wp.kristdemokraterna.se\/oxelosund\/textsida-fullbredd\/snyggare-tryggare-okle\/","name":"Snyggare tryggare Okle - Kristdemokraterna | Oxel\u00f6sund","isPartOf":{"@id":"https:\/\/wp.kristdemokraterna.se\/oxelosund\/#website"},"primaryImageOfPage":{"@id":"https:\/\/wp.kristdemokraterna.se\/oxelosund\/textsida-fullbredd\/snyggare-tryggare-okle\/#primaryimage"},"image":{"@id":"https:\/\/wp.kristdemokraterna.se\/oxelosund\/textsida-fullbredd\/snyggare-tryggare-okle\/#primaryimage"},"thumbnailUrl":"","datePublished":"2022-04-12T09:26:18+00:00","dateModified":"2022-09-15T07:18:12+00:00","description":"Jod\u00e5, \"Okle\" kan bli b\u00e5de snyggare och tryggare. Vi kan g\u00f6ra kommunen kostnadseffektiv, bygga nytt, snygga upp, och locka hit f\u00f6retag.","breadcrumb":{"@id":"https:\/\/wp.kristdemokraterna.se\/oxelosund\/textsida-fullbredd\/snyggare-tryggare-okle\/#breadcrumb"},"inLanguage":"sv-SE","potentialAction":[{"@type":"ReadAction","target":["https:\/\/wp.kristdemokraterna.se\/oxelosund\/textsida-fullbredd\/snyggare-tryggare-okle\/"]}]},{"@type":"ImageObject","inLanguage":"sv-SE","@id":"https:\/\/wp.kristdemokraterna.se\/oxelosund\/textsida-fullbredd\/snyggare-tryggare-okle\/#primaryimage","url":"","contentUrl":""},{"@type":"BreadcrumbList","@id":"https:\/\/wp.kristdemokraterna.se\/oxelosund\/textsida-fullbredd\/snyggare-tryggare-okle\/#breadcrumb","itemListElement":[{"@type":"ListItem","position":1,"name":"Hem","item":"https:\/\/wp.kristdemokraterna.se\/oxelosund\/"},{"@type":"ListItem","position":2,"name":"V\u00e5ra f\u00f6rslag","item":"https:\/\/wp.kristdemokraterna.se\/oxelosund\/textsida-fullbredd\/"},{"@type":"ListItem","position":3,"name":"Snyggare tryggare Okle"}]},{"@type":"WebSite","@id":"https:\/\/wp.kristdemokraterna.se\/oxelosund\/#website","url":"https:\/\/wp.kristdemokraterna.se\/oxelosund\/","name":"Kristdemokraterna | Oxel\u00f6sund","description":"Kuststaden i Hj\u00e4rtlandet","inLanguage":"sv-SE"}]}},"_links":{"self":[{"href":"https:\/\/wp.kristdemokraterna.se\/oxelosund\/wp-json\/wp\/v2\/pages\/742","targetHints":{"allow":["GET"]}}],"collection":[{"href":"https:\/\/wp.kristdemokraterna.se\/oxelosund\/wp-json\/wp\/v2\/pages"}],"about":[{"href":"https:\/\/wp.kristdemokraterna.se\/oxelosund\/wp-json\/wp\/v2\/types\/page"}],"author":[{"embeddable":true,"href":"https:\/\/wp.kristdemokraterna.se\/oxelosund\/wp-json\/wp\/v2\/users\/1005"}],"replies":[{"embeddable":true,"href":"https:\/\/wp.kristdemokraterna.se\/oxelosund\/wp-json\/wp\/v2\/comments?post=742"}],"version-history":[{"count":13,"href":"https:\/\/wp.kristdemokraterna.se\/oxelosund\/wp-json\/wp\/v2\/pages\/742\/revisions"}],"predecessor-version":[{"id":1258,"href":"https:\/\/wp.kristdemokraterna.se\/oxelosund\/wp-json\/wp\/v2\/pages\/742\/revisions\/1258"}],"up":[{"embeddable":true,"href":"https:\/\/wp.kristdemokraterna.se\/oxelosund\/wp-json\/wp\/v2\/pages\/272"}],"wp:featuredmedia":[{"embeddable":true,"href":"https:\/\/wp.kristdemokraterna.se\/oxelosund\/wp-json\/"}],"wp:attachment":[{"href":"https:\/\/wp.kristdemokraterna.se\/oxelosund\/wp-json\/wp\/v2\/media?parent=742"}],"curies":[{"name":"wp","href":"https:\/\/api.w.org\/{rel}","templated":true}]}}