{"id":752,"date":"2022-04-12T11:50:13","date_gmt":"2022-04-12T09:50:13","guid":{"rendered":"https:\/\/wp.kristdemokraterna.se\/oxelosund\/?page_id=752"},"modified":"2022-07-24T18:35:35","modified_gmt":"2022-07-24T16:35:35","slug":"lagre-skatt-med-5000-kr","status":"publish","type":"page","link":"https:\/\/wp.kristdemokraterna.se\/oxelosund\/textsida-fullbredd\/snyggare-tryggare-okle\/lagre-skatt-med-5000-kr\/","title":{"rendered":"L\u00e4gre skatt med 5000 kr"},"content":{"rendered":"<h2><b>KD vill s\u00e4nka skatten i Oxel\u00f6sund<\/b><\/h2>\n<p>Vi vill pressa ner kommunalskatten i Oxel\u00f6sund, tills vi n\u00e5r samma niv\u00e5 som Nyk\u00f6ping. Det skulle inneb\u00e4ra l\u00e4gre skatt med 5000 kr per \u00e5r f\u00f6r en vanlig familj.\u00a0Idag \u00e4r n\u00e4mligen skatten 80 \u00f6re h\u00f6gre \u00e4n i Nyk\u00f6ping, vilken f\u00f6r en familj med helt normala inkomster motsvarar 4 nya d\u00e4ck till bilen eller en resa till Liseberg. Varje \u00e5r.\u00a0Under barnets uppv\u00e4xt (20 \u00e5r) blir det hela 100.000 kr. F\u00f6r vad?<\/p>\n<p><a href=\"https:\/\/wp.kristdemokraterna.se\/oxelosund\/files\/2022\/07\/philip-myrtorp-ykgfudl8ahm-unsplash.jpg\"><img loading=\"lazy\" decoding=\"async\" class=\"alignnone size-medium wp-image-1002\" src=\"https:\/\/wp.kristdemokraterna.se\/oxelosund\/files\/2022\/07\/philip-myrtorp-ykgfudl8ahm-unsplash-300x169.jpg\" alt=\"\" width=\"300\" height=\"169\" \/><\/a><\/p>\n<h2><b>L\u00e5t oss modernisera kommunen<\/b><\/h2>\n<p>Andra kommuner sk\u00f6ts effektivare, s\u00e5 skatten m\u00e5ste allts\u00e5 inte vara s\u00e5 h\u00e4r h\u00f6g. Det finns m\u00e5nga intressanta rankingsystem f\u00f6r Sveriges kommuner d\u00e4r olika\u00a0nyckeltal avsl\u00f6jar sanningen. Varf\u00f6r inte ansluta Oxel\u00f6sund till ett s\u00e5dant? \u00a0L\u00e5t oss koppla en gradvis skattes\u00e4nkning till en effektivisering av kommunen!<\/p>\n<p>KD och Alliansen tycker helt enkelt att Oxel\u00f6sund ska ge sina inv\u00e5nare lika mycket f\u00f6r pengarna som Nyk\u00f6ping g\u00f6r. Man kan effektivisera mycket inom administration, IT, rutiner m.m. Man kan till\u00e5ta privata initiativ och nyttig konkurrens, inf\u00f6ra valfrihet och l\u00e5ta anv\u00e4ndarna styra. D\u00e5 slipper vi m\u00e5nga on\u00f6diga kostnader. Att samma parti styrt sen 1950 har troligen inte stimulerat till nyt\u00e4nkande och f\u00f6r\u00e4ndringar,<span class=\"Apple-converted-space\">\u00a0 <\/span>och till slut har det mesta blivit gammalmodigt, ineffektivt, tr\u00f6tt och dyrt.<\/p>\n<p>Vi inom KD i Oxel\u00f6sund vill allts\u00e5 se l\u00e4gre skatt med 5000 kr per \u00e5r f\u00f6r en vanlig familj, men detta avser faktiskt bara kommunalskatten. Kristdemokraterna som parti har dessutom m\u00e5nga andra f\u00f6rslag till hur vi kan f\u00e5 l\u00e4gre skatter i Sverige. H\u00e4r \u00e4r en <a href=\"https:\/\/kristdemokraterna.se\/ekonomi-och-skatter\/\">l\u00e4nk:<\/a><\/p>\n<h2><b>&#8221;En st\u00f6ld fr\u00e5n folket&#8221;<\/b><\/h2>\n<p>H\u00e4r g\u00e5r fortfarande den stora skiljelinjen mellan v\u00e4nster och h\u00f6ger i politiken. V\u00e4nsterpartierna tror p\u00e5 en stor offentlig sektor, finansierad av h\u00f6ga skatter. Att offentliga monopol \u00e4r ineffektiva vill man inte diskutera. Att den h\u00f6ga beskattningen drabbar vanligt folk, och speciellt medborgare med sm\u00e5 inkomster, vill man inte heller prata om.<\/p>\n<p>Ist\u00e4llet vill man att du ska forts\u00e4tta tro att det bara \u00e4r &#8221;dom rika&#8221; som betalar alla h\u00f6ga skatter. Men det st\u00e4mmer inte.\u00a0H\u00e4r finns n\u00e5gra fler intressanta hemsidor att g\u00e5 till:<\/p>\n<p>Skatteverket.se (om skatternas historia), Ekonomifakta.se (om skattetrycket), Skattenytta.se om vad vi f\u00e5r f\u00f6r pengarna och framf\u00f6r allt Sl\u00f6seriombudsmannen (som ligger under skattebetalarna.se). Begrunda ocks\u00e5 dessa bevingade ord som tillskrivs Gustav M\u00f6ller, socialdemokrat och minister under hela 30-talet och 40-talet:<\/p>\n<p>\u2013 Varje skattekrona som inte anv\u00e4nds effektivt \u00e4r en st\u00f6ld fr\u00e5n folket.<\/p>\n","protected":false},"excerpt":{"rendered":"<p>KD vill s\u00e4nka skatten i Oxel\u00f6sund Vi vill pressa ner kommunalskatten i Oxel\u00f6sund, tills vi n\u00e5r samma niv\u00e5 som Nyk\u00f6ping. Det skulle inneb\u00e4ra l\u00e4gre skatt med 5000 kr per \u00e5r f\u00f6r en vanlig familj.\u00a0Idag \u00e4r n\u00e4mligen skatten 80 \u00f6re h\u00f6gre \u00e4n i Nyk\u00f6ping, vilken f\u00f6r en familj med helt normala inkomster motsvarar 4 nya d\u00e4ck <a class=\"read-more-link\" href=\"https:\/\/wp.kristdemokraterna.se\/oxelosund\/textsida-fullbredd\/snyggare-tryggare-okle\/lagre-skatt-med-5000-kr\/\">L\u00e4s mer<\/a><\/p>\n","protected":false},"author":1005,"featured_media":714,"parent":742,"menu_order":0,"comment_status":"closed","ping_status":"closed","template":"","meta":{"_acf_changed":false,"footnotes":""},"class_list":["post-752","page","type-page","status-publish","hentry"],"acf":[],"yoast_head":"<!-- This site is optimized with the Yoast SEO plugin v27.4 - https:\/\/yoast.com\/product\/yoast-seo-wordpress\/ -->\n<title>L\u00e4gre skatt med 5000 kr - Kristdemokraterna | Oxel\u00f6sund<\/title>\n<meta name=\"description\" content=\"L\u00e4gre skatt med 5000 kr om KD och Alliansen f\u00e5r ta \u00f6ver. Genom att effektivisera kommunen kan vi f\u00e5 lika l\u00e5g skatt som i Nyk\u00f6ping.\" \/>\n<meta name=\"robots\" content=\"index, follow, max-snippet:-1, max-image-preview:large, max-video-preview:-1\" \/>\n<link rel=\"canonical\" href=\"https:\/\/wp.kristdemokraterna.se\/oxelosund\/textsida-fullbredd\/snyggare-tryggare-okle\/lagre-skatt-med-5000-kr\/\" \/>\n<meta property=\"og:locale\" content=\"sv_SE\" \/>\n<meta property=\"og:type\" content=\"article\" \/>\n<meta property=\"og:title\" content=\"L\u00e4gre skatt med 5000 kr - Kristdemokraterna | Oxel\u00f6sund\" \/>\n<meta property=\"og:description\" content=\"L\u00e4gre skatt med 5000 kr om KD och Alliansen f\u00e5r ta \u00f6ver. Genom att effektivisera kommunen kan vi f\u00e5 lika l\u00e5g skatt som i Nyk\u00f6ping.\" \/>\n<meta property=\"og:url\" content=\"https:\/\/wp.kristdemokraterna.se\/oxelosund\/textsida-fullbredd\/snyggare-tryggare-okle\/lagre-skatt-med-5000-kr\/\" \/>\n<meta property=\"og:site_name\" content=\"Kristdemokraterna | Oxel\u00f6sund\" \/>\n<meta property=\"article:modified_time\" content=\"2022-07-24T16:35:35+00:00\" \/>\n<meta property=\"og:image\" content=\"https:\/\/wp.kristdemokraterna.se\/oxelosund\/files\/2022\/07\/philip-myrtorp-ykgfudl8ahm-unsplash-300x169.jpg\" \/>\n<meta name=\"twitter:card\" content=\"summary_large_image\" \/>\n<meta name=\"twitter:label1\" content=\"Ber\u00e4knad l\u00e4stid\" \/>\n\t<meta name=\"twitter:data1\" content=\"2 minuter\" \/>\n<script type=\"application\/ld+json\" class=\"yoast-schema-graph\">{\"@context\":\"https:\\\/\\\/schema.org\",\"@graph\":[{\"@type\":\"WebPage\",\"@id\":\"https:\\\/\\\/wp.kristdemokraterna.se\\\/oxelosund\\\/textsida-fullbredd\\\/snyggare-tryggare-okle\\\/lagre-skatt-med-5000-kr\\\/\",\"url\":\"https:\\\/\\\/wp.kristdemokraterna.se\\\/oxelosund\\\/textsida-fullbredd\\\/snyggare-tryggare-okle\\\/lagre-skatt-med-5000-kr\\\/\",\"name\":\"L\u00e4gre skatt med 5000 kr - Kristdemokraterna | Oxel\u00f6sund\",\"isPartOf\":{\"@id\":\"https:\\\/\\\/wp.kristdemokraterna.se\\\/oxelosund\\\/#website\"},\"primaryImageOfPage\":{\"@id\":\"https:\\\/\\\/wp.kristdemokraterna.se\\\/oxelosund\\\/textsida-fullbredd\\\/snyggare-tryggare-okle\\\/lagre-skatt-med-5000-kr\\\/#primaryimage\"},\"image\":{\"@id\":\"https:\\\/\\\/wp.kristdemokraterna.se\\\/oxelosund\\\/textsida-fullbredd\\\/snyggare-tryggare-okle\\\/lagre-skatt-med-5000-kr\\\/#primaryimage\"},\"thumbnailUrl\":\"\",\"datePublished\":\"2022-04-12T09:50:13+00:00\",\"dateModified\":\"2022-07-24T16:35:35+00:00\",\"description\":\"L\u00e4gre skatt med 5000 kr om KD och Alliansen f\u00e5r ta \u00f6ver. Genom att effektivisera kommunen kan vi f\u00e5 lika l\u00e5g skatt som i Nyk\u00f6ping.\",\"breadcrumb\":{\"@id\":\"https:\\\/\\\/wp.kristdemokraterna.se\\\/oxelosund\\\/textsida-fullbredd\\\/snyggare-tryggare-okle\\\/lagre-skatt-med-5000-kr\\\/#breadcrumb\"},\"inLanguage\":\"sv-SE\",\"potentialAction\":[{\"@type\":\"ReadAction\",\"target\":[\"https:\\\/\\\/wp.kristdemokraterna.se\\\/oxelosund\\\/textsida-fullbredd\\\/snyggare-tryggare-okle\\\/lagre-skatt-med-5000-kr\\\/\"]}]},{\"@type\":\"ImageObject\",\"inLanguage\":\"sv-SE\",\"@id\":\"https:\\\/\\\/wp.kristdemokraterna.se\\\/oxelosund\\\/textsida-fullbredd\\\/snyggare-tryggare-okle\\\/lagre-skatt-med-5000-kr\\\/#primaryimage\",\"url\":\"\",\"contentUrl\":\"\"},{\"@type\":\"BreadcrumbList\",\"@id\":\"https:\\\/\\\/wp.kristdemokraterna.se\\\/oxelosund\\\/textsida-fullbredd\\\/snyggare-tryggare-okle\\\/lagre-skatt-med-5000-kr\\\/#breadcrumb\",\"itemListElement\":[{\"@type\":\"ListItem\",\"position\":1,\"name\":\"Hem\",\"item\":\"https:\\\/\\\/wp.kristdemokraterna.se\\\/oxelosund\\\/\"},{\"@type\":\"ListItem\",\"position\":2,\"name\":\"V\u00e5ra f\u00f6rslag\",\"item\":\"https:\\\/\\\/wp.kristdemokraterna.se\\\/oxelosund\\\/textsida-fullbredd\\\/\"},{\"@type\":\"ListItem\",\"position\":3,\"name\":\"Snyggare tryggare Okle\",\"item\":\"https:\\\/\\\/wp.kristdemokraterna.se\\\/oxelosund\\\/textsida-fullbredd\\\/snyggare-tryggare-okle\\\/\"},{\"@type\":\"ListItem\",\"position\":4,\"name\":\"L\u00e4gre skatt med 5000 kr\"}]},{\"@type\":\"WebSite\",\"@id\":\"https:\\\/\\\/wp.kristdemokraterna.se\\\/oxelosund\\\/#website\",\"url\":\"https:\\\/\\\/wp.kristdemokraterna.se\\\/oxelosund\\\/\",\"name\":\"Kristdemokraterna | Oxel\u00f6sund\",\"description\":\"Kuststaden i Hj\u00e4rtlandet\",\"inLanguage\":\"sv-SE\"}]}<\/script>\n<!-- \/ Yoast SEO plugin. -->","yoast_head_json":{"title":"L\u00e4gre skatt med 5000 kr - Kristdemokraterna | Oxel\u00f6sund","description":"L\u00e4gre skatt med 5000 kr om KD och Alliansen f\u00e5r ta \u00f6ver. Genom att effektivisera kommunen kan vi f\u00e5 lika l\u00e5g skatt som i Nyk\u00f6ping.","robots":{"index":"index","follow":"follow","max-snippet":"max-snippet:-1","max-image-preview":"max-image-preview:large","max-video-preview":"max-video-preview:-1"},"canonical":"https:\/\/wp.kristdemokraterna.se\/oxelosund\/textsida-fullbredd\/snyggare-tryggare-okle\/lagre-skatt-med-5000-kr\/","og_locale":"sv_SE","og_type":"article","og_title":"L\u00e4gre skatt med 5000 kr - Kristdemokraterna | Oxel\u00f6sund","og_description":"L\u00e4gre skatt med 5000 kr om KD och Alliansen f\u00e5r ta \u00f6ver. Genom att effektivisera kommunen kan vi f\u00e5 lika l\u00e5g skatt som i Nyk\u00f6ping.","og_url":"https:\/\/wp.kristdemokraterna.se\/oxelosund\/textsida-fullbredd\/snyggare-tryggare-okle\/lagre-skatt-med-5000-kr\/","og_site_name":"Kristdemokraterna | Oxel\u00f6sund","article_modified_time":"2022-07-24T16:35:35+00:00","og_image":[{"url":"https:\/\/wp.kristdemokraterna.se\/oxelosund\/files\/2022\/07\/philip-myrtorp-ykgfudl8ahm-unsplash-300x169.jpg","type":"","width":"","height":""}],"twitter_card":"summary_large_image","twitter_misc":{"Ber\u00e4knad l\u00e4stid":"2 minuter"},"schema":{"@context":"https:\/\/schema.org","@graph":[{"@type":"WebPage","@id":"https:\/\/wp.kristdemokraterna.se\/oxelosund\/textsida-fullbredd\/snyggare-tryggare-okle\/lagre-skatt-med-5000-kr\/","url":"https:\/\/wp.kristdemokraterna.se\/oxelosund\/textsida-fullbredd\/snyggare-tryggare-okle\/lagre-skatt-med-5000-kr\/","name":"L\u00e4gre skatt med 5000 kr - Kristdemokraterna | Oxel\u00f6sund","isPartOf":{"@id":"https:\/\/wp.kristdemokraterna.se\/oxelosund\/#website"},"primaryImageOfPage":{"@id":"https:\/\/wp.kristdemokraterna.se\/oxelosund\/textsida-fullbredd\/snyggare-tryggare-okle\/lagre-skatt-med-5000-kr\/#primaryimage"},"image":{"@id":"https:\/\/wp.kristdemokraterna.se\/oxelosund\/textsida-fullbredd\/snyggare-tryggare-okle\/lagre-skatt-med-5000-kr\/#primaryimage"},"thumbnailUrl":"","datePublished":"2022-04-12T09:50:13+00:00","dateModified":"2022-07-24T16:35:35+00:00","description":"L\u00e4gre skatt med 5000 kr om KD och Alliansen f\u00e5r ta \u00f6ver. Genom att effektivisera kommunen kan vi f\u00e5 lika l\u00e5g skatt som i Nyk\u00f6ping.","breadcrumb":{"@id":"https:\/\/wp.kristdemokraterna.se\/oxelosund\/textsida-fullbredd\/snyggare-tryggare-okle\/lagre-skatt-med-5000-kr\/#breadcrumb"},"inLanguage":"sv-SE","potentialAction":[{"@type":"ReadAction","target":["https:\/\/wp.kristdemokraterna.se\/oxelosund\/textsida-fullbredd\/snyggare-tryggare-okle\/lagre-skatt-med-5000-kr\/"]}]},{"@type":"ImageObject","inLanguage":"sv-SE","@id":"https:\/\/wp.kristdemokraterna.se\/oxelosund\/textsida-fullbredd\/snyggare-tryggare-okle\/lagre-skatt-med-5000-kr\/#primaryimage","url":"","contentUrl":""},{"@type":"BreadcrumbList","@id":"https:\/\/wp.kristdemokraterna.se\/oxelosund\/textsida-fullbredd\/snyggare-tryggare-okle\/lagre-skatt-med-5000-kr\/#breadcrumb","itemListElement":[{"@type":"ListItem","position":1,"name":"Hem","item":"https:\/\/wp.kristdemokraterna.se\/oxelosund\/"},{"@type":"ListItem","position":2,"name":"V\u00e5ra f\u00f6rslag","item":"https:\/\/wp.kristdemokraterna.se\/oxelosund\/textsida-fullbredd\/"},{"@type":"ListItem","position":3,"name":"Snyggare tryggare Okle","item":"https:\/\/wp.kristdemokraterna.se\/oxelosund\/textsida-fullbredd\/snyggare-tryggare-okle\/"},{"@type":"ListItem","position":4,"name":"L\u00e4gre skatt med 5000 kr"}]},{"@type":"WebSite","@id":"https:\/\/wp.kristdemokraterna.se\/oxelosund\/#website","url":"https:\/\/wp.kristdemokraterna.se\/oxelosund\/","name":"Kristdemokraterna | Oxel\u00f6sund","description":"Kuststaden i Hj\u00e4rtlandet","inLanguage":"sv-SE"}]}},"_links":{"self":[{"href":"https:\/\/wp.kristdemokraterna.se\/oxelosund\/wp-json\/wp\/v2\/pages\/752","targetHints":{"allow":["GET"]}}],"collection":[{"href":"https:\/\/wp.kristdemokraterna.se\/oxelosund\/wp-json\/wp\/v2\/pages"}],"about":[{"href":"https:\/\/wp.kristdemokraterna.se\/oxelosund\/wp-json\/wp\/v2\/types\/page"}],"author":[{"embeddable":true,"href":"https:\/\/wp.kristdemokraterna.se\/oxelosund\/wp-json\/wp\/v2\/users\/1005"}],"replies":[{"embeddable":true,"href":"https:\/\/wp.kristdemokraterna.se\/oxelosund\/wp-json\/wp\/v2\/comments?post=752"}],"version-history":[{"count":7,"href":"https:\/\/wp.kristdemokraterna.se\/oxelosund\/wp-json\/wp\/v2\/pages\/752\/revisions"}],"predecessor-version":[{"id":1052,"href":"https:\/\/wp.kristdemokraterna.se\/oxelosund\/wp-json\/wp\/v2\/pages\/752\/revisions\/1052"}],"up":[{"embeddable":true,"href":"https:\/\/wp.kristdemokraterna.se\/oxelosund\/wp-json\/wp\/v2\/pages\/742"}],"wp:featuredmedia":[{"embeddable":true,"href":"https:\/\/wp.kristdemokraterna.se\/oxelosund\/wp-json\/"}],"wp:attachment":[{"href":"https:\/\/wp.kristdemokraterna.se\/oxelosund\/wp-json\/wp\/v2\/media?parent=752"}],"curies":[{"name":"wp","href":"https:\/\/api.w.org\/{rel}","templated":true}]}}