{"id":756,"date":"2022-04-12T12:38:53","date_gmt":"2022-04-12T10:38:53","guid":{"rendered":"https:\/\/wp.kristdemokraterna.se\/oxelosund\/?page_id=756"},"modified":"2022-08-02T16:48:32","modified_gmt":"2022-08-02T14:48:32","slug":"elevhalsogaranti","status":"publish","type":"page","link":"https:\/\/wp.kristdemokraterna.se\/oxelosund\/textsida-fullbredd\/snyggare-tryggare-okle\/elevhalsogaranti\/","title":{"rendered":"Elevh\u00e4lsogaranti"},"content":{"rendered":"<div dir=\"auto\">\n<p>Vi vill att Oxel\u00f6sunds elever ska f\u00e5 en Elevh\u00e4lsogaranti. Den ska\u00a0s\u00e4kerst\u00e4lla att alla elever kan n\u00e5 elevh\u00e4lsan varje skoldag, och att b\u00e5de skolsk\u00f6terska och kurator ska vara tillg\u00e4ngliga dagligen. Dessutom vill vi att\u00a0Elevh\u00e4lsan ska integreras med \u00f6vrig sjukv\u00e5rd, s\u00e5 att vi f\u00e5r en gemensam barn- och ungdomsh\u00e4lsov\u00e5rd.<\/p>\n<h2>D\u00e4rf\u00f6r beh\u00f6vs en Elevh\u00e4lsogaranti<\/h2>\n<p>Allt fler barn och unga lider av psykisk oh\u00e4lsa. Naturligtvis \u00e4ven h\u00e4r i Oxel\u00f6sund. Enligt den Nationella Folkh\u00e4lsoenk\u00e4ten f\u00f6r 2021 lider 22 procent av kvinnorna och 11 procent av m\u00e4nnen i \u00e5ldern 16-29 av en <em>allvarlig psykisk p\u00e5frestning<\/em>. Det \u00e4r riktigt oroande siffror. Och flickorna m\u00e5r s\u00e4mst.<\/p>\n<p>D\u00e4rf\u00f6r \u00e4r Elevh\u00e4lsan strategiskt viktig, f\u00f6r den kan f\u00e5nga upp problemen tidigt.\u00a0Men Elevh\u00e4lsan i Sverige \u00e4r inte tillr\u00e4ckligt bra. Skolinspektionen har p\u00e5pekat brister hos mer \u00e4n var tredje grundskola och n\u00e4stan varannan gymnasieskola.\u00a0Och dessutom har det l\u00e4nge saknats en nationell plan f\u00f6r den psykiska h\u00e4lsan i Sverige, vilket har resulterat i l\u00e5nga k\u00f6er och f\u00f6rtvivlade barn och f\u00f6r\u00e4ldrar.<\/p>\n<\/div>\n<div dir=\"auto\">\n<div id=\"attachment_1074\" style=\"width: 310px\" class=\"wp-caption alignnone\"><a href=\"https:\/\/wp.kristdemokraterna.se\/oxelosund\/files\/2022\/08\/elevhalsogaranti-kdox-e1659438892950.png\"><img loading=\"lazy\" decoding=\"async\" aria-describedby=\"caption-attachment-1074\" class=\"size-medium wp-image-1074\" src=\"https:\/\/wp.kristdemokraterna.se\/oxelosund\/files\/2022\/08\/elevhalsogaranti-kdox-300x300.png\" alt=\"Bild p\u00e5 ton\u00e5rsflicka som sitter hopsjunken i en trappa och d\u00f6ljer ansiktet i armvecket. Texten i bilden syftar p\u00e5 elevh\u00e4lsogaranti och samordning\" width=\"300\" height=\"300\" \/><\/a><p id=\"caption-attachment-1074\" class=\"wp-caption-text\"><em>KD vill inf\u00f6ra b\u00e5de en Elevh\u00e4lsogaranti och en samordnad barn- och ungdomsh\u00e4lsa, s\u00e5 att kommuner och regioner inte ska kunna bolla ansvaret mellan sig<\/em><\/p><\/div>\n<\/div>\n<div dir=\"auto\"><\/div>\n<div dir=\"auto\">\n<h2>Sluta bolla v\u00e5ra unga mellan kommunen och regionen<\/h2>\n<p>Elevh\u00e4lsan ing\u00e5r idag i skolan, allts\u00e5 kommunens ansvar. Men all annan medicinsk sjukv\u00e5rd finns hos v\u00e5rdcentraler och specialistmottagningar. Det h\u00e4r kan g\u00f6ra att kommunen och regionen bollar ansvaret mellan sig, och att det \u00e4r oklart vems ansvaret faktiskt \u00e4r.<\/p>\n<p>S\u00e5 ska det inte vara.\u00a0Kristdemokraterna vill d\u00e4rf\u00f6r inf\u00f6ra <em>en gemensam barn- och ungdomsh\u00e4lsa.<\/em> L\u00e5t oss g\u00f6ra upp med de gamla kommun- och regionstrukturerna d\u00e4r elevh\u00e4lsan ofta trillar mellan stolarna!<\/p>\n<h2>L\u00e5t oss \u00e4ven st\u00e4rka prim\u00e4rv\u00e5rden<\/h2>\n<p>Prim\u00e4rv\u00e5rden kompletterar idag elevh\u00e4lsan genom att erbjuda olika typer av \u00f6ppna insatser till unga som m\u00e5r d\u00e5ligt. Men det \u00e4r alldeles f\u00f6r f\u00e5 som f\u00e5r del av dessa tidiga insatser.\u00a0Prim\u00e4rv\u00e5rden \u2013 v\u00e5rdcentralerna \u2013 beh\u00f6ver d\u00e4rf\u00f6r st\u00e4rkas p\u00e5 samma s\u00e4tt som skolans elevh\u00e4lsa. Fler medarbetare ska ha ett rimligt antal patienter.<\/p>\n<p>L\u00e4s mer h\u00e4r om KD:s politik kring <a href=\"https:\/\/kristdemokraterna.se\/var-politik\/politik-a-till-o\/elevhalsa\">Elevh\u00e4lsa<\/a><\/p>\n<\/div>\n","protected":false},"excerpt":{"rendered":"<p>Vi vill att Oxel\u00f6sunds elever ska f\u00e5 en Elevh\u00e4lsogaranti. Den ska\u00a0s\u00e4kerst\u00e4lla att alla elever kan n\u00e5 elevh\u00e4lsan varje skoldag, och att b\u00e5de skolsk\u00f6terska och kurator ska vara tillg\u00e4ngliga dagligen. Dessutom vill vi att\u00a0Elevh\u00e4lsan ska integreras med \u00f6vrig sjukv\u00e5rd, s\u00e5 att vi f\u00e5r en gemensam barn- och ungdomsh\u00e4lsov\u00e5rd. D\u00e4rf\u00f6r beh\u00f6vs en Elevh\u00e4lsogaranti Allt fler barn och <a class=\"read-more-link\" href=\"https:\/\/wp.kristdemokraterna.se\/oxelosund\/textsida-fullbredd\/snyggare-tryggare-okle\/elevhalsogaranti\/\">L\u00e4s mer<\/a><\/p>\n","protected":false},"author":1005,"featured_media":714,"parent":742,"menu_order":0,"comment_status":"closed","ping_status":"closed","template":"","meta":{"_acf_changed":false,"footnotes":""},"class_list":["post-756","page","type-page","status-publish","hentry"],"acf":[],"yoast_head":"<!-- This site is optimized with the Yoast SEO plugin v27.4 - https:\/\/yoast.com\/product\/yoast-seo-wordpress\/ -->\n<title>Elevh\u00e4lsogaranti - Kristdemokraterna | Oxel\u00f6sund<\/title>\n<meta name=\"description\" content=\"Med en Elevh\u00e4lsogaranti kan varje elev i Oxel\u00f6sund n\u00e5 elevh\u00e4lsan varje skoldag. B\u00e5de skolsk\u00f6terska och kurator ska kunna n\u00e5s dagligen.\" \/>\n<meta name=\"robots\" content=\"index, follow, max-snippet:-1, max-image-preview:large, max-video-preview:-1\" \/>\n<link rel=\"canonical\" href=\"https:\/\/wp.kristdemokraterna.se\/oxelosund\/textsida-fullbredd\/snyggare-tryggare-okle\/elevhalsogaranti\/\" \/>\n<meta property=\"og:locale\" content=\"sv_SE\" \/>\n<meta property=\"og:type\" content=\"article\" \/>\n<meta property=\"og:title\" content=\"Elevh\u00e4lsogaranti - Kristdemokraterna | Oxel\u00f6sund\" \/>\n<meta property=\"og:description\" content=\"Med en Elevh\u00e4lsogaranti kan varje elev i Oxel\u00f6sund n\u00e5 elevh\u00e4lsan varje skoldag. B\u00e5de skolsk\u00f6terska och kurator ska kunna n\u00e5s dagligen.\" \/>\n<meta property=\"og:url\" content=\"https:\/\/wp.kristdemokraterna.se\/oxelosund\/textsida-fullbredd\/snyggare-tryggare-okle\/elevhalsogaranti\/\" \/>\n<meta property=\"og:site_name\" content=\"Kristdemokraterna | Oxel\u00f6sund\" \/>\n<meta property=\"article:modified_time\" content=\"2022-08-02T14:48:32+00:00\" \/>\n<meta property=\"og:image\" content=\"https:\/\/wp.kristdemokraterna.se\/oxelosund\/files\/2022\/08\/elevhalsogaranti-kdox-300x300.png\" \/>\n<meta name=\"twitter:card\" content=\"summary_large_image\" \/>\n<meta name=\"twitter:label1\" content=\"Ber\u00e4knad l\u00e4stid\" \/>\n\t<meta name=\"twitter:data1\" content=\"2 minuter\" \/>\n<script type=\"application\/ld+json\" class=\"yoast-schema-graph\">{\"@context\":\"https:\\\/\\\/schema.org\",\"@graph\":[{\"@type\":\"WebPage\",\"@id\":\"https:\\\/\\\/wp.kristdemokraterna.se\\\/oxelosund\\\/textsida-fullbredd\\\/snyggare-tryggare-okle\\\/elevhalsogaranti\\\/\",\"url\":\"https:\\\/\\\/wp.kristdemokraterna.se\\\/oxelosund\\\/textsida-fullbredd\\\/snyggare-tryggare-okle\\\/elevhalsogaranti\\\/\",\"name\":\"Elevh\u00e4lsogaranti - Kristdemokraterna | Oxel\u00f6sund\",\"isPartOf\":{\"@id\":\"https:\\\/\\\/wp.kristdemokraterna.se\\\/oxelosund\\\/#website\"},\"primaryImageOfPage\":{\"@id\":\"https:\\\/\\\/wp.kristdemokraterna.se\\\/oxelosund\\\/textsida-fullbredd\\\/snyggare-tryggare-okle\\\/elevhalsogaranti\\\/#primaryimage\"},\"image\":{\"@id\":\"https:\\\/\\\/wp.kristdemokraterna.se\\\/oxelosund\\\/textsida-fullbredd\\\/snyggare-tryggare-okle\\\/elevhalsogaranti\\\/#primaryimage\"},\"thumbnailUrl\":\"\",\"datePublished\":\"2022-04-12T10:38:53+00:00\",\"dateModified\":\"2022-08-02T14:48:32+00:00\",\"description\":\"Med en Elevh\u00e4lsogaranti kan varje elev i Oxel\u00f6sund n\u00e5 elevh\u00e4lsan varje skoldag. B\u00e5de skolsk\u00f6terska och kurator ska kunna n\u00e5s dagligen.\",\"breadcrumb\":{\"@id\":\"https:\\\/\\\/wp.kristdemokraterna.se\\\/oxelosund\\\/textsida-fullbredd\\\/snyggare-tryggare-okle\\\/elevhalsogaranti\\\/#breadcrumb\"},\"inLanguage\":\"sv-SE\",\"potentialAction\":[{\"@type\":\"ReadAction\",\"target\":[\"https:\\\/\\\/wp.kristdemokraterna.se\\\/oxelosund\\\/textsida-fullbredd\\\/snyggare-tryggare-okle\\\/elevhalsogaranti\\\/\"]}]},{\"@type\":\"ImageObject\",\"inLanguage\":\"sv-SE\",\"@id\":\"https:\\\/\\\/wp.kristdemokraterna.se\\\/oxelosund\\\/textsida-fullbredd\\\/snyggare-tryggare-okle\\\/elevhalsogaranti\\\/#primaryimage\",\"url\":\"\",\"contentUrl\":\"\"},{\"@type\":\"BreadcrumbList\",\"@id\":\"https:\\\/\\\/wp.kristdemokraterna.se\\\/oxelosund\\\/textsida-fullbredd\\\/snyggare-tryggare-okle\\\/elevhalsogaranti\\\/#breadcrumb\",\"itemListElement\":[{\"@type\":\"ListItem\",\"position\":1,\"name\":\"Hem\",\"item\":\"https:\\\/\\\/wp.kristdemokraterna.se\\\/oxelosund\\\/\"},{\"@type\":\"ListItem\",\"position\":2,\"name\":\"V\u00e5ra f\u00f6rslag\",\"item\":\"https:\\\/\\\/wp.kristdemokraterna.se\\\/oxelosund\\\/textsida-fullbredd\\\/\"},{\"@type\":\"ListItem\",\"position\":3,\"name\":\"Snyggare tryggare Okle\",\"item\":\"https:\\\/\\\/wp.kristdemokraterna.se\\\/oxelosund\\\/textsida-fullbredd\\\/snyggare-tryggare-okle\\\/\"},{\"@type\":\"ListItem\",\"position\":4,\"name\":\"Elevh\u00e4lsogaranti\"}]},{\"@type\":\"WebSite\",\"@id\":\"https:\\\/\\\/wp.kristdemokraterna.se\\\/oxelosund\\\/#website\",\"url\":\"https:\\\/\\\/wp.kristdemokraterna.se\\\/oxelosund\\\/\",\"name\":\"Kristdemokraterna | Oxel\u00f6sund\",\"description\":\"Kuststaden i Hj\u00e4rtlandet\",\"inLanguage\":\"sv-SE\"}]}<\/script>\n<!-- \/ Yoast SEO plugin. -->","yoast_head_json":{"title":"Elevh\u00e4lsogaranti - Kristdemokraterna | Oxel\u00f6sund","description":"Med en Elevh\u00e4lsogaranti kan varje elev i Oxel\u00f6sund n\u00e5 elevh\u00e4lsan varje skoldag. B\u00e5de skolsk\u00f6terska och kurator ska kunna n\u00e5s dagligen.","robots":{"index":"index","follow":"follow","max-snippet":"max-snippet:-1","max-image-preview":"max-image-preview:large","max-video-preview":"max-video-preview:-1"},"canonical":"https:\/\/wp.kristdemokraterna.se\/oxelosund\/textsida-fullbredd\/snyggare-tryggare-okle\/elevhalsogaranti\/","og_locale":"sv_SE","og_type":"article","og_title":"Elevh\u00e4lsogaranti - Kristdemokraterna | Oxel\u00f6sund","og_description":"Med en Elevh\u00e4lsogaranti kan varje elev i Oxel\u00f6sund n\u00e5 elevh\u00e4lsan varje skoldag. B\u00e5de skolsk\u00f6terska och kurator ska kunna n\u00e5s dagligen.","og_url":"https:\/\/wp.kristdemokraterna.se\/oxelosund\/textsida-fullbredd\/snyggare-tryggare-okle\/elevhalsogaranti\/","og_site_name":"Kristdemokraterna | Oxel\u00f6sund","article_modified_time":"2022-08-02T14:48:32+00:00","og_image":[{"url":"https:\/\/wp.kristdemokraterna.se\/oxelosund\/files\/2022\/08\/elevhalsogaranti-kdox-300x300.png","type":"","width":"","height":""}],"twitter_card":"summary_large_image","twitter_misc":{"Ber\u00e4knad l\u00e4stid":"2 minuter"},"schema":{"@context":"https:\/\/schema.org","@graph":[{"@type":"WebPage","@id":"https:\/\/wp.kristdemokraterna.se\/oxelosund\/textsida-fullbredd\/snyggare-tryggare-okle\/elevhalsogaranti\/","url":"https:\/\/wp.kristdemokraterna.se\/oxelosund\/textsida-fullbredd\/snyggare-tryggare-okle\/elevhalsogaranti\/","name":"Elevh\u00e4lsogaranti - Kristdemokraterna | Oxel\u00f6sund","isPartOf":{"@id":"https:\/\/wp.kristdemokraterna.se\/oxelosund\/#website"},"primaryImageOfPage":{"@id":"https:\/\/wp.kristdemokraterna.se\/oxelosund\/textsida-fullbredd\/snyggare-tryggare-okle\/elevhalsogaranti\/#primaryimage"},"image":{"@id":"https:\/\/wp.kristdemokraterna.se\/oxelosund\/textsida-fullbredd\/snyggare-tryggare-okle\/elevhalsogaranti\/#primaryimage"},"thumbnailUrl":"","datePublished":"2022-04-12T10:38:53+00:00","dateModified":"2022-08-02T14:48:32+00:00","description":"Med en Elevh\u00e4lsogaranti kan varje elev i Oxel\u00f6sund n\u00e5 elevh\u00e4lsan varje skoldag. B\u00e5de skolsk\u00f6terska och kurator ska kunna n\u00e5s dagligen.","breadcrumb":{"@id":"https:\/\/wp.kristdemokraterna.se\/oxelosund\/textsida-fullbredd\/snyggare-tryggare-okle\/elevhalsogaranti\/#breadcrumb"},"inLanguage":"sv-SE","potentialAction":[{"@type":"ReadAction","target":["https:\/\/wp.kristdemokraterna.se\/oxelosund\/textsida-fullbredd\/snyggare-tryggare-okle\/elevhalsogaranti\/"]}]},{"@type":"ImageObject","inLanguage":"sv-SE","@id":"https:\/\/wp.kristdemokraterna.se\/oxelosund\/textsida-fullbredd\/snyggare-tryggare-okle\/elevhalsogaranti\/#primaryimage","url":"","contentUrl":""},{"@type":"BreadcrumbList","@id":"https:\/\/wp.kristdemokraterna.se\/oxelosund\/textsida-fullbredd\/snyggare-tryggare-okle\/elevhalsogaranti\/#breadcrumb","itemListElement":[{"@type":"ListItem","position":1,"name":"Hem","item":"https:\/\/wp.kristdemokraterna.se\/oxelosund\/"},{"@type":"ListItem","position":2,"name":"V\u00e5ra f\u00f6rslag","item":"https:\/\/wp.kristdemokraterna.se\/oxelosund\/textsida-fullbredd\/"},{"@type":"ListItem","position":3,"name":"Snyggare tryggare Okle","item":"https:\/\/wp.kristdemokraterna.se\/oxelosund\/textsida-fullbredd\/snyggare-tryggare-okle\/"},{"@type":"ListItem","position":4,"name":"Elevh\u00e4lsogaranti"}]},{"@type":"WebSite","@id":"https:\/\/wp.kristdemokraterna.se\/oxelosund\/#website","url":"https:\/\/wp.kristdemokraterna.se\/oxelosund\/","name":"Kristdemokraterna | Oxel\u00f6sund","description":"Kuststaden i Hj\u00e4rtlandet","inLanguage":"sv-SE"}]}},"_links":{"self":[{"href":"https:\/\/wp.kristdemokraterna.se\/oxelosund\/wp-json\/wp\/v2\/pages\/756","targetHints":{"allow":["GET"]}}],"collection":[{"href":"https:\/\/wp.kristdemokraterna.se\/oxelosund\/wp-json\/wp\/v2\/pages"}],"about":[{"href":"https:\/\/wp.kristdemokraterna.se\/oxelosund\/wp-json\/wp\/v2\/types\/page"}],"author":[{"embeddable":true,"href":"https:\/\/wp.kristdemokraterna.se\/oxelosund\/wp-json\/wp\/v2\/users\/1005"}],"replies":[{"embeddable":true,"href":"https:\/\/wp.kristdemokraterna.se\/oxelosund\/wp-json\/wp\/v2\/comments?post=756"}],"version-history":[{"count":9,"href":"https:\/\/wp.kristdemokraterna.se\/oxelosund\/wp-json\/wp\/v2\/pages\/756\/revisions"}],"predecessor-version":[{"id":1082,"href":"https:\/\/wp.kristdemokraterna.se\/oxelosund\/wp-json\/wp\/v2\/pages\/756\/revisions\/1082"}],"up":[{"embeddable":true,"href":"https:\/\/wp.kristdemokraterna.se\/oxelosund\/wp-json\/wp\/v2\/pages\/742"}],"wp:featuredmedia":[{"embeddable":true,"href":"https:\/\/wp.kristdemokraterna.se\/oxelosund\/wp-json\/"}],"wp:attachment":[{"href":"https:\/\/wp.kristdemokraterna.se\/oxelosund\/wp-json\/wp\/v2\/media?parent=756"}],"curies":[{"name":"wp","href":"https:\/\/api.w.org\/{rel}","templated":true}]}}