{"id":758,"date":"2022-04-12T12:42:52","date_gmt":"2022-04-12T10:42:52","guid":{"rendered":"https:\/\/wp.kristdemokraterna.se\/oxelosund\/?page_id=758"},"modified":"2022-09-05T13:24:36","modified_gmt":"2022-09-05T11:24:36","slug":"aldreboende-vid-stjarnholm","status":"publish","type":"page","link":"https:\/\/wp.kristdemokraterna.se\/oxelosund\/textsida-fullbredd\/snyggare-tryggare-okle\/aldreboende-vid-stjarnholm\/","title":{"rendered":"\u00c4ldreboende vid Stj\u00e4rnholm"},"content":{"rendered":"<h2>Ett nytt \u00e4ldreboende vid Stj\u00e4rnholm<\/h2>\n<p>KD vill ge en privat utf\u00f6rare chansen att \u00f6ppna ett nytt \u00e4ldreboende vid Stj\u00e4rnholm. Denna utf\u00f6rare, som vi har tr\u00e4ffat, \u00e4r en stiftelse utan vinstintresse som sedan l\u00e4nge har verksamhet i Nyk\u00f6pings kommun. Verksamheten har f\u00e5tt h\u00f6gsta betyg i alla utv\u00e4rderingar fr\u00e5n b\u00e5de \u201dbrukare\u201d och anh\u00f6riga, och personaloms\u00e4ttningen \u00e4r i princip noll. Med andra ord: alla trivs.<\/p>\n<h2>\u00c4ldreomsorgen m\u00e5ste bli b\u00e4ttre<\/h2>\n<p>S\u00f6dermanlands Nyheter har den 7, 9, 12, 15 och 16 juli 2022 skrivit om allvarliga missf\u00f6rh\u00e5llanden p\u00e5 Bj\u00f6rntorps \u00e4ldreboende, som sk\u00f6ts av kommunen. (<a href=\"https:\/\/sn.se\/sok?searchText=bj\u00f6rntorp&amp;orderBy=g:publishingDateStart&amp;descending=true\">H\u00e4r \u00e4r en l\u00e4nk till SN<\/a>) \u00a0Det handlar om vanv\u00e5rd, Lex Sarah-anm\u00e4lningar och personal som blir f\u00f6rtvivlad \u00f6ver arbetsvillkoren. Dessutom har vi <em>missn\u00f6jet med Oxel\u00f6sunds kommunala hemtj\u00e4nst.<\/em> Den kostar mer \u00e4n genomsnittet i Sverige, men \u00e4nd\u00e5 \u00e4r tiden f\u00f6r brukarna mindre \u00e4n genomsnittet.\u00a0Sjukfr\u00e5nvaron \u00e4r h\u00f6g bland personalen, som ocks\u00e5 har varit missn\u00f6jd de senaste \u00e5ren. Slutsats: \u00a0N\u00e4stan allt kan bli b\u00e4ttre.<\/p>\n<div id=\"attachment_1040\" style=\"width: 310px\" class=\"wp-caption alignnone\"><a href=\"https:\/\/wp.kristdemokraterna.se\/oxelosund\/files\/2022\/07\/kdox-insta-aldreboende-e1662377040255.jpeg\"><img loading=\"lazy\" decoding=\"async\" aria-describedby=\"caption-attachment-1040\" class=\"size-medium wp-image-1040\" src=\"https:\/\/wp.kristdemokraterna.se\/oxelosund\/files\/2022\/07\/kdox-insta-aldreboende-300x168.jpeg\" alt=\"Flygfoto \u00f6ver Stj\u00e4rnholms Slott med omnejd. Texten i bilden n\u00e4mner ett nytt \u00c4ldreboende vid Stj\u00e4rnholm\" width=\"300\" height=\"168\" \/><\/a><p id=\"caption-attachment-1040\" class=\"wp-caption-text\"><em>Visst \u00e4r det en v\u00e4ldigt rofylld och vacker milj\u00f6?<\/em><\/p><\/div>\n<h2>Privat \u00e4ldreboende vid Stj\u00e4rnholm \u00f6kar utbudet<\/h2>\n<p>Valfrihet och fler akt\u00f6rer skapar prispress och effektivitet, eftersom makten hamnar hos anv\u00e4ndaren som kan v\u00e4lja. Egna val och sj\u00e4lvbest\u00e4mmande \u00f6kar ocks\u00e5 tryggheten f\u00f6r individen. Allt detta \u00e4r vi \u00f6vertygade om, och <em>det fungerar i andra kommuner.<\/em> D\u00e4rf\u00f6r vill vi att \u00e4ven Oxel\u00f6sund ska b\u00f6rja upplysa v\u00e5ra \u00e4ldre om att de kan g\u00f6ra egna val av hush\u00e5llsn\u00e4ra tj\u00e4nster med hj\u00e4lp av RUT- och ROT-avdrag.<\/p>\n<h3>\u00c4ldreomsorg \u00e4r en av Kristdemokraternas viktigaste fr\u00e5gor!<\/h3>\n<p>KD har m\u00e5nga nya f\u00f6rslag f\u00f6r v\u00e5ra \u00e4ldre, se listan nedan! Du kan l\u00e4sa mer via denna l\u00e4nk: \u00a0<a href=\"https:\/\/kristdemokraterna.se\/var-politik\/politikomraden\/aldre\"><em>KD:s \u00c4ldrepolitik<\/em><\/a><\/p>\n<ul>\n<li>\u00d6kad Medicinsk Kompetens<\/li>\n<li>F\u00f6rb\u00e4ttrade Personalvillkor<\/li>\n<li>H\u00f6gre Bostadstill\u00e4gg<\/li>\n<li>L\u00e4gre Skatt<\/li>\n<li>Parboendegaranti<\/li>\n<li>V\u00e4rdighetsgaranti<\/li>\n<li>Miljardsatsning p\u00e5 att bygga nya \u00c4ldreboenden<\/li>\n<li>Tandv\u00e5rd f\u00f6r \u00e4ldre<\/li>\n<li>Hemsjukv\u00e5rd<\/li>\n<\/ul>\n","protected":false},"excerpt":{"rendered":"<p>Ett nytt \u00e4ldreboende vid Stj\u00e4rnholm KD vill ge en privat utf\u00f6rare chansen att \u00f6ppna ett nytt \u00e4ldreboende vid Stj\u00e4rnholm. Denna utf\u00f6rare, som vi har tr\u00e4ffat, \u00e4r en stiftelse utan vinstintresse som sedan l\u00e4nge har verksamhet i Nyk\u00f6pings kommun. Verksamheten har f\u00e5tt h\u00f6gsta betyg i alla utv\u00e4rderingar fr\u00e5n b\u00e5de \u201dbrukare\u201d och anh\u00f6riga, och personaloms\u00e4ttningen \u00e4r i <a class=\"read-more-link\" href=\"https:\/\/wp.kristdemokraterna.se\/oxelosund\/textsida-fullbredd\/snyggare-tryggare-okle\/aldreboende-vid-stjarnholm\/\">L\u00e4s mer<\/a><\/p>\n","protected":false},"author":1005,"featured_media":714,"parent":742,"menu_order":0,"comment_status":"closed","ping_status":"closed","template":"","meta":{"_acf_changed":false,"footnotes":""},"class_list":["post-758","page","type-page","status-publish","hentry"],"acf":[],"yoast_head":"<!-- This site is optimized with the Yoast SEO plugin v27.4 - https:\/\/yoast.com\/product\/yoast-seo-wordpress\/ -->\n<title>\u00c4ldreboende vid Stj\u00e4rnholm - Kristdemokraterna | Oxel\u00f6sund<\/title>\n<meta name=\"description\" content=\"Ett nytt \u00e4ldreboende vid Stj\u00e4rnholm \u00e4r ett KD-f\u00f6rslag f\u00f6r ett tryggare Oxel\u00f6sund. \u00c4ldreomsorgen m\u00e5ste bli b\u00e4ttre. T.ex. via privata utf\u00f6rare.\" \/>\n<meta name=\"robots\" content=\"index, follow, max-snippet:-1, max-image-preview:large, max-video-preview:-1\" \/>\n<link rel=\"canonical\" href=\"https:\/\/wp.kristdemokraterna.se\/oxelosund\/textsida-fullbredd\/snyggare-tryggare-okle\/aldreboende-vid-stjarnholm\/\" \/>\n<meta property=\"og:locale\" content=\"sv_SE\" \/>\n<meta property=\"og:type\" content=\"article\" \/>\n<meta property=\"og:title\" content=\"\u00c4ldreboende vid Stj\u00e4rnholm - Kristdemokraterna | Oxel\u00f6sund\" \/>\n<meta property=\"og:description\" content=\"Ett nytt \u00e4ldreboende vid Stj\u00e4rnholm \u00e4r ett KD-f\u00f6rslag f\u00f6r ett tryggare Oxel\u00f6sund. \u00c4ldreomsorgen m\u00e5ste bli b\u00e4ttre. T.ex. via privata utf\u00f6rare.\" \/>\n<meta property=\"og:url\" content=\"https:\/\/wp.kristdemokraterna.se\/oxelosund\/textsida-fullbredd\/snyggare-tryggare-okle\/aldreboende-vid-stjarnholm\/\" \/>\n<meta property=\"og:site_name\" content=\"Kristdemokraterna | Oxel\u00f6sund\" \/>\n<meta property=\"article:modified_time\" content=\"2022-09-05T11:24:36+00:00\" \/>\n<meta property=\"og:image\" content=\"https:\/\/wp.kristdemokraterna.se\/oxelosund\/files\/2022\/07\/kdox-insta-aldreboende-300x168.jpeg\" \/>\n<meta name=\"twitter:card\" content=\"summary_large_image\" \/>\n<meta name=\"twitter:label1\" content=\"Ber\u00e4knad l\u00e4stid\" \/>\n\t<meta name=\"twitter:data1\" content=\"2 minuter\" \/>\n<script type=\"application\/ld+json\" class=\"yoast-schema-graph\">{\"@context\":\"https:\\\/\\\/schema.org\",\"@graph\":[{\"@type\":\"WebPage\",\"@id\":\"https:\\\/\\\/wp.kristdemokraterna.se\\\/oxelosund\\\/textsida-fullbredd\\\/snyggare-tryggare-okle\\\/aldreboende-vid-stjarnholm\\\/\",\"url\":\"https:\\\/\\\/wp.kristdemokraterna.se\\\/oxelosund\\\/textsida-fullbredd\\\/snyggare-tryggare-okle\\\/aldreboende-vid-stjarnholm\\\/\",\"name\":\"\u00c4ldreboende vid Stj\u00e4rnholm - Kristdemokraterna | Oxel\u00f6sund\",\"isPartOf\":{\"@id\":\"https:\\\/\\\/wp.kristdemokraterna.se\\\/oxelosund\\\/#website\"},\"primaryImageOfPage\":{\"@id\":\"https:\\\/\\\/wp.kristdemokraterna.se\\\/oxelosund\\\/textsida-fullbredd\\\/snyggare-tryggare-okle\\\/aldreboende-vid-stjarnholm\\\/#primaryimage\"},\"image\":{\"@id\":\"https:\\\/\\\/wp.kristdemokraterna.se\\\/oxelosund\\\/textsida-fullbredd\\\/snyggare-tryggare-okle\\\/aldreboende-vid-stjarnholm\\\/#primaryimage\"},\"thumbnailUrl\":\"\",\"datePublished\":\"2022-04-12T10:42:52+00:00\",\"dateModified\":\"2022-09-05T11:24:36+00:00\",\"description\":\"Ett nytt \u00e4ldreboende vid Stj\u00e4rnholm \u00e4r ett KD-f\u00f6rslag f\u00f6r ett tryggare Oxel\u00f6sund. \u00c4ldreomsorgen m\u00e5ste bli b\u00e4ttre. T.ex. via privata utf\u00f6rare.\",\"breadcrumb\":{\"@id\":\"https:\\\/\\\/wp.kristdemokraterna.se\\\/oxelosund\\\/textsida-fullbredd\\\/snyggare-tryggare-okle\\\/aldreboende-vid-stjarnholm\\\/#breadcrumb\"},\"inLanguage\":\"sv-SE\",\"potentialAction\":[{\"@type\":\"ReadAction\",\"target\":[\"https:\\\/\\\/wp.kristdemokraterna.se\\\/oxelosund\\\/textsida-fullbredd\\\/snyggare-tryggare-okle\\\/aldreboende-vid-stjarnholm\\\/\"]}]},{\"@type\":\"ImageObject\",\"inLanguage\":\"sv-SE\",\"@id\":\"https:\\\/\\\/wp.kristdemokraterna.se\\\/oxelosund\\\/textsida-fullbredd\\\/snyggare-tryggare-okle\\\/aldreboende-vid-stjarnholm\\\/#primaryimage\",\"url\":\"\",\"contentUrl\":\"\"},{\"@type\":\"BreadcrumbList\",\"@id\":\"https:\\\/\\\/wp.kristdemokraterna.se\\\/oxelosund\\\/textsida-fullbredd\\\/snyggare-tryggare-okle\\\/aldreboende-vid-stjarnholm\\\/#breadcrumb\",\"itemListElement\":[{\"@type\":\"ListItem\",\"position\":1,\"name\":\"Hem\",\"item\":\"https:\\\/\\\/wp.kristdemokraterna.se\\\/oxelosund\\\/\"},{\"@type\":\"ListItem\",\"position\":2,\"name\":\"V\u00e5ra f\u00f6rslag\",\"item\":\"https:\\\/\\\/wp.kristdemokraterna.se\\\/oxelosund\\\/textsida-fullbredd\\\/\"},{\"@type\":\"ListItem\",\"position\":3,\"name\":\"Snyggare tryggare Okle\",\"item\":\"https:\\\/\\\/wp.kristdemokraterna.se\\\/oxelosund\\\/textsida-fullbredd\\\/snyggare-tryggare-okle\\\/\"},{\"@type\":\"ListItem\",\"position\":4,\"name\":\"\u00c4ldreboende vid Stj\u00e4rnholm\"}]},{\"@type\":\"WebSite\",\"@id\":\"https:\\\/\\\/wp.kristdemokraterna.se\\\/oxelosund\\\/#website\",\"url\":\"https:\\\/\\\/wp.kristdemokraterna.se\\\/oxelosund\\\/\",\"name\":\"Kristdemokraterna | Oxel\u00f6sund\",\"description\":\"Kuststaden i Hj\u00e4rtlandet\",\"inLanguage\":\"sv-SE\"}]}<\/script>\n<!-- \/ Yoast SEO plugin. -->","yoast_head_json":{"title":"\u00c4ldreboende vid Stj\u00e4rnholm - Kristdemokraterna | Oxel\u00f6sund","description":"Ett nytt \u00e4ldreboende vid Stj\u00e4rnholm \u00e4r ett KD-f\u00f6rslag f\u00f6r ett tryggare Oxel\u00f6sund. \u00c4ldreomsorgen m\u00e5ste bli b\u00e4ttre. T.ex. via privata utf\u00f6rare.","robots":{"index":"index","follow":"follow","max-snippet":"max-snippet:-1","max-image-preview":"max-image-preview:large","max-video-preview":"max-video-preview:-1"},"canonical":"https:\/\/wp.kristdemokraterna.se\/oxelosund\/textsida-fullbredd\/snyggare-tryggare-okle\/aldreboende-vid-stjarnholm\/","og_locale":"sv_SE","og_type":"article","og_title":"\u00c4ldreboende vid Stj\u00e4rnholm - Kristdemokraterna | Oxel\u00f6sund","og_description":"Ett nytt \u00e4ldreboende vid Stj\u00e4rnholm \u00e4r ett KD-f\u00f6rslag f\u00f6r ett tryggare Oxel\u00f6sund. \u00c4ldreomsorgen m\u00e5ste bli b\u00e4ttre. T.ex. via privata utf\u00f6rare.","og_url":"https:\/\/wp.kristdemokraterna.se\/oxelosund\/textsida-fullbredd\/snyggare-tryggare-okle\/aldreboende-vid-stjarnholm\/","og_site_name":"Kristdemokraterna | Oxel\u00f6sund","article_modified_time":"2022-09-05T11:24:36+00:00","og_image":[{"url":"https:\/\/wp.kristdemokraterna.se\/oxelosund\/files\/2022\/07\/kdox-insta-aldreboende-300x168.jpeg","type":"","width":"","height":""}],"twitter_card":"summary_large_image","twitter_misc":{"Ber\u00e4knad l\u00e4stid":"2 minuter"},"schema":{"@context":"https:\/\/schema.org","@graph":[{"@type":"WebPage","@id":"https:\/\/wp.kristdemokraterna.se\/oxelosund\/textsida-fullbredd\/snyggare-tryggare-okle\/aldreboende-vid-stjarnholm\/","url":"https:\/\/wp.kristdemokraterna.se\/oxelosund\/textsida-fullbredd\/snyggare-tryggare-okle\/aldreboende-vid-stjarnholm\/","name":"\u00c4ldreboende vid Stj\u00e4rnholm - Kristdemokraterna | Oxel\u00f6sund","isPartOf":{"@id":"https:\/\/wp.kristdemokraterna.se\/oxelosund\/#website"},"primaryImageOfPage":{"@id":"https:\/\/wp.kristdemokraterna.se\/oxelosund\/textsida-fullbredd\/snyggare-tryggare-okle\/aldreboende-vid-stjarnholm\/#primaryimage"},"image":{"@id":"https:\/\/wp.kristdemokraterna.se\/oxelosund\/textsida-fullbredd\/snyggare-tryggare-okle\/aldreboende-vid-stjarnholm\/#primaryimage"},"thumbnailUrl":"","datePublished":"2022-04-12T10:42:52+00:00","dateModified":"2022-09-05T11:24:36+00:00","description":"Ett nytt \u00e4ldreboende vid Stj\u00e4rnholm \u00e4r ett KD-f\u00f6rslag f\u00f6r ett tryggare Oxel\u00f6sund. \u00c4ldreomsorgen m\u00e5ste bli b\u00e4ttre. T.ex. via privata utf\u00f6rare.","breadcrumb":{"@id":"https:\/\/wp.kristdemokraterna.se\/oxelosund\/textsida-fullbredd\/snyggare-tryggare-okle\/aldreboende-vid-stjarnholm\/#breadcrumb"},"inLanguage":"sv-SE","potentialAction":[{"@type":"ReadAction","target":["https:\/\/wp.kristdemokraterna.se\/oxelosund\/textsida-fullbredd\/snyggare-tryggare-okle\/aldreboende-vid-stjarnholm\/"]}]},{"@type":"ImageObject","inLanguage":"sv-SE","@id":"https:\/\/wp.kristdemokraterna.se\/oxelosund\/textsida-fullbredd\/snyggare-tryggare-okle\/aldreboende-vid-stjarnholm\/#primaryimage","url":"","contentUrl":""},{"@type":"BreadcrumbList","@id":"https:\/\/wp.kristdemokraterna.se\/oxelosund\/textsida-fullbredd\/snyggare-tryggare-okle\/aldreboende-vid-stjarnholm\/#breadcrumb","itemListElement":[{"@type":"ListItem","position":1,"name":"Hem","item":"https:\/\/wp.kristdemokraterna.se\/oxelosund\/"},{"@type":"ListItem","position":2,"name":"V\u00e5ra f\u00f6rslag","item":"https:\/\/wp.kristdemokraterna.se\/oxelosund\/textsida-fullbredd\/"},{"@type":"ListItem","position":3,"name":"Snyggare tryggare Okle","item":"https:\/\/wp.kristdemokraterna.se\/oxelosund\/textsida-fullbredd\/snyggare-tryggare-okle\/"},{"@type":"ListItem","position":4,"name":"\u00c4ldreboende vid Stj\u00e4rnholm"}]},{"@type":"WebSite","@id":"https:\/\/wp.kristdemokraterna.se\/oxelosund\/#website","url":"https:\/\/wp.kristdemokraterna.se\/oxelosund\/","name":"Kristdemokraterna | Oxel\u00f6sund","description":"Kuststaden i Hj\u00e4rtlandet","inLanguage":"sv-SE"}]}},"_links":{"self":[{"href":"https:\/\/wp.kristdemokraterna.se\/oxelosund\/wp-json\/wp\/v2\/pages\/758","targetHints":{"allow":["GET"]}}],"collection":[{"href":"https:\/\/wp.kristdemokraterna.se\/oxelosund\/wp-json\/wp\/v2\/pages"}],"about":[{"href":"https:\/\/wp.kristdemokraterna.se\/oxelosund\/wp-json\/wp\/v2\/types\/page"}],"author":[{"embeddable":true,"href":"https:\/\/wp.kristdemokraterna.se\/oxelosund\/wp-json\/wp\/v2\/users\/1005"}],"replies":[{"embeddable":true,"href":"https:\/\/wp.kristdemokraterna.se\/oxelosund\/wp-json\/wp\/v2\/comments?post=758"}],"version-history":[{"count":10,"href":"https:\/\/wp.kristdemokraterna.se\/oxelosund\/wp-json\/wp\/v2\/pages\/758\/revisions"}],"predecessor-version":[{"id":1172,"href":"https:\/\/wp.kristdemokraterna.se\/oxelosund\/wp-json\/wp\/v2\/pages\/758\/revisions\/1172"}],"up":[{"embeddable":true,"href":"https:\/\/wp.kristdemokraterna.se\/oxelosund\/wp-json\/wp\/v2\/pages\/742"}],"wp:featuredmedia":[{"embeddable":true,"href":"https:\/\/wp.kristdemokraterna.se\/oxelosund\/wp-json\/"}],"wp:attachment":[{"href":"https:\/\/wp.kristdemokraterna.se\/oxelosund\/wp-json\/wp\/v2\/media?parent=758"}],"curies":[{"name":"wp","href":"https:\/\/api.w.org\/{rel}","templated":true}]}}