{"id":764,"date":"2022-04-12T16:44:34","date_gmt":"2022-04-12T14:44:34","guid":{"rendered":"https:\/\/wp.kristdemokraterna.se\/oxelosund\/?page_id=764"},"modified":"2022-08-31T16:04:23","modified_gmt":"2022-08-31T14:04:23","slug":"ungdomsgard-vid-ramdalen","status":"publish","type":"page","link":"https:\/\/wp.kristdemokraterna.se\/oxelosund\/textsida-fullbredd\/snyggare-tryggare-okle\/ungdomsgard-vid-ramdalen\/","title":{"rendered":"Ungdomsg\u00e5rd vid Ramdalen"},"content":{"rendered":"<p>Varf\u00f6r vill vi se en f\u00f6reningsdriven ungdomsg\u00e5rd med actionpark vid just Ramdalsskolan? \u00a0Titta p\u00e5 kartan! \u00a0Ramdalen ligger mest centralt f\u00f6r alla ungdomar som bor i kommunen. Dessutom \u00e4r platsen redan etablerad f\u00f6r idrott, skola, skateboard, simhall med mera \u2013 och har god genomstr\u00f6mning av folk samt vuxen n\u00e4rvaro.<\/p>\n<h2>En ungdomsg\u00e5rd vid Ramdalen ger gemenskap<\/h2>\n<p>Oxel\u00f6sunds ungdomar beh\u00f6ver f\u00e5 en ny, positiv samlingsplats!<span class=\"Apple-converted-space\">\u00a0 <\/span>Vi vet redan att efterfr\u00e5gan p\u00e5 detta \u00e4r stor. Nya samlingsplatser \u00f6kar ocks\u00e5 chansen till spontana m\u00f6ten och kontakt med &#8221;alla sorter&#8221; som annars inte hade tr\u00e4ffats. Dessutom m\u00e5ste vi motverka stillasittandet, som kan leda till b\u00e5de fysisk oh\u00e4lsa och psykisk oh\u00e4lsa.<\/p>\n<div id=\"attachment_1132\" style=\"width: 310px\" class=\"wp-caption alignnone\"><a href=\"https:\/\/wp.kristdemokraterna.se\/oxelosund\/files\/2022\/08\/kdox-ungdomsgard-ramdalen-e1661947200559.jpeg\"><img loading=\"lazy\" decoding=\"async\" aria-describedby=\"caption-attachment-1132\" class=\"size-medium wp-image-1132\" src=\"https:\/\/wp.kristdemokraterna.se\/oxelosund\/files\/2022\/08\/kdox-ungdomsgard-ramdalen-300x200.jpeg\" alt=\"Karta \u00f6ver Oxel\u00f6sunds kommun. En ungdomsg\u00e5rd vid Ramdalen \u00e4r markerad i kartan\" width=\"300\" height=\"200\" \/><\/a><p id=\"caption-attachment-1132\" class=\"wp-caption-text\"><em>Se p\u00e5 kartan! En ungdomsg\u00e5rd vid Ramdalen ligger mest centralt och \u00e4r l\u00e4ttast att n\u00e5 f\u00f6r alla i kommunen<\/em><\/p><\/div>\n<h2>Varf\u00f6r ska ungdomsg\u00e5rden vid Ramdalen vara f\u00f6reningsdriven?<\/h2>\n<p>Vi tycker att kommunen ska samarbeta mycket mer med f\u00f6reningslivet. Idrottsf\u00f6reningar, studief\u00f6rbund, scoutf\u00f6reningar, kyrkor, samfund och andra organisationer har ofta volont\u00e4rer och medlemmar med stort engagemang i verksamheten. Dessa kan erbjuda st\u00f6rre gemenskap och v\u00e4gar in i samh\u00e4llet f\u00f6r unga m\u00e4nniskor som annars k\u00e4nner sig utanf\u00f6r.<\/p>\n<p>L\u00e4s g\u00e4rna Emanuel \u00d6rtengrens ledare i SN av den 1 april 2022. En mycket bra text om\u00a0civilsamh\u00e4llets roll och varf\u00f6r volont\u00e4rer, kyrkor, v\u00e4lg\u00f6renhetsorganisationer etc. \u00e4r s\u00e5 viktiga.<\/p>\n<p>Sj\u00e4lvklart ska alla antidemokratiska f\u00f6reningar och krafter h\u00e5llas utanf\u00f6r detta. Men vi vill i grunden att kommunens idrottshallar och skolor ska vara tillg\u00e4ngliga f\u00f6r f\u00f6reningslivet, och att f\u00f6reningar ska kunna driva vissa anl\u00e4ggningar sj\u00e4lva. N\u00e4r det g\u00e4ller denna ungdomsg\u00e5rd med actionpark, s\u00e5 ska personalen i sporthallen och Ramdalsskolan kunna samverka med ungdomsg\u00e5rden.<\/p>\n<p>H\u00e4r kan du l\u00e4sa mer om <a href=\"https:\/\/kristdemokraterna.se\/download\/18.3a4345ef180fae4e05f1223\/1653653228651\/Bryt%20den%20ofrivilliga%20ensamheten.pdf\">KD:s f\u00f6rslag mot ensamheten<\/a> i samh\u00e4llet, som \u00e4ven tar upp barns ensamhet.<\/p>\n","protected":false},"excerpt":{"rendered":"<p>Varf\u00f6r vill vi se en f\u00f6reningsdriven ungdomsg\u00e5rd med actionpark vid just Ramdalsskolan? \u00a0Titta p\u00e5 kartan! \u00a0Ramdalen ligger mest centralt f\u00f6r alla ungdomar som bor i kommunen. Dessutom \u00e4r platsen redan etablerad f\u00f6r idrott, skola, skateboard, simhall med mera \u2013 och har god genomstr\u00f6mning av folk samt vuxen n\u00e4rvaro. En ungdomsg\u00e5rd vid Ramdalen ger gemenskap Oxel\u00f6sunds <a class=\"read-more-link\" href=\"https:\/\/wp.kristdemokraterna.se\/oxelosund\/textsida-fullbredd\/snyggare-tryggare-okle\/ungdomsgard-vid-ramdalen\/\">L\u00e4s mer<\/a><\/p>\n","protected":false},"author":1005,"featured_media":714,"parent":742,"menu_order":0,"comment_status":"closed","ping_status":"closed","template":"","meta":{"_acf_changed":false,"footnotes":""},"class_list":["post-764","page","type-page","status-publish","hentry"],"acf":[],"yoast_head":"<!-- This site is optimized with the Yoast SEO plugin v27.4 - https:\/\/yoast.com\/product\/yoast-seo-wordpress\/ -->\n<title>Ungdomsg\u00e5rd vid Ramdalen - Kristdemokraterna | Oxel\u00f6sund<\/title>\n<meta name=\"description\" content=\"Vi vill se en ny, f\u00f6reningsdriven ungdomsg\u00e5rd med actionpark intill Ramdalsskolan. En ungdomsg\u00e5rd vid Ramdalen vore l\u00e4ttast att n\u00e5 f\u00f6r alla\" \/>\n<meta name=\"robots\" content=\"index, follow, max-snippet:-1, max-image-preview:large, max-video-preview:-1\" \/>\n<link rel=\"canonical\" href=\"https:\/\/wp.kristdemokraterna.se\/oxelosund\/textsida-fullbredd\/snyggare-tryggare-okle\/ungdomsgard-vid-ramdalen\/\" \/>\n<meta property=\"og:locale\" content=\"sv_SE\" \/>\n<meta property=\"og:type\" content=\"article\" \/>\n<meta property=\"og:title\" content=\"Ungdomsg\u00e5rd vid Ramdalen - Kristdemokraterna | Oxel\u00f6sund\" \/>\n<meta property=\"og:description\" content=\"Vi vill se en ny, f\u00f6reningsdriven ungdomsg\u00e5rd med actionpark intill Ramdalsskolan. En ungdomsg\u00e5rd vid Ramdalen vore l\u00e4ttast att n\u00e5 f\u00f6r alla\" \/>\n<meta property=\"og:url\" content=\"https:\/\/wp.kristdemokraterna.se\/oxelosund\/textsida-fullbredd\/snyggare-tryggare-okle\/ungdomsgard-vid-ramdalen\/\" \/>\n<meta property=\"og:site_name\" content=\"Kristdemokraterna | Oxel\u00f6sund\" \/>\n<meta property=\"article:modified_time\" content=\"2022-08-31T14:04:23+00:00\" \/>\n<meta property=\"og:image\" content=\"https:\/\/wp.kristdemokraterna.se\/oxelosund\/files\/2022\/08\/kdox-ungdomsgard-ramdalen-300x200.jpeg\" \/>\n<meta name=\"twitter:card\" content=\"summary_large_image\" \/>\n<meta name=\"twitter:label1\" content=\"Ber\u00e4knad l\u00e4stid\" \/>\n\t<meta name=\"twitter:data1\" content=\"2 minuter\" \/>\n<script type=\"application\/ld+json\" class=\"yoast-schema-graph\">{\"@context\":\"https:\\\/\\\/schema.org\",\"@graph\":[{\"@type\":\"WebPage\",\"@id\":\"https:\\\/\\\/wp.kristdemokraterna.se\\\/oxelosund\\\/textsida-fullbredd\\\/snyggare-tryggare-okle\\\/ungdomsgard-vid-ramdalen\\\/\",\"url\":\"https:\\\/\\\/wp.kristdemokraterna.se\\\/oxelosund\\\/textsida-fullbredd\\\/snyggare-tryggare-okle\\\/ungdomsgard-vid-ramdalen\\\/\",\"name\":\"Ungdomsg\u00e5rd vid Ramdalen - Kristdemokraterna | Oxel\u00f6sund\",\"isPartOf\":{\"@id\":\"https:\\\/\\\/wp.kristdemokraterna.se\\\/oxelosund\\\/#website\"},\"primaryImageOfPage\":{\"@id\":\"https:\\\/\\\/wp.kristdemokraterna.se\\\/oxelosund\\\/textsida-fullbredd\\\/snyggare-tryggare-okle\\\/ungdomsgard-vid-ramdalen\\\/#primaryimage\"},\"image\":{\"@id\":\"https:\\\/\\\/wp.kristdemokraterna.se\\\/oxelosund\\\/textsida-fullbredd\\\/snyggare-tryggare-okle\\\/ungdomsgard-vid-ramdalen\\\/#primaryimage\"},\"thumbnailUrl\":\"\",\"datePublished\":\"2022-04-12T14:44:34+00:00\",\"dateModified\":\"2022-08-31T14:04:23+00:00\",\"description\":\"Vi vill se en ny, f\u00f6reningsdriven ungdomsg\u00e5rd med actionpark intill Ramdalsskolan. En ungdomsg\u00e5rd vid Ramdalen vore l\u00e4ttast att n\u00e5 f\u00f6r alla\",\"breadcrumb\":{\"@id\":\"https:\\\/\\\/wp.kristdemokraterna.se\\\/oxelosund\\\/textsida-fullbredd\\\/snyggare-tryggare-okle\\\/ungdomsgard-vid-ramdalen\\\/#breadcrumb\"},\"inLanguage\":\"sv-SE\",\"potentialAction\":[{\"@type\":\"ReadAction\",\"target\":[\"https:\\\/\\\/wp.kristdemokraterna.se\\\/oxelosund\\\/textsida-fullbredd\\\/snyggare-tryggare-okle\\\/ungdomsgard-vid-ramdalen\\\/\"]}]},{\"@type\":\"ImageObject\",\"inLanguage\":\"sv-SE\",\"@id\":\"https:\\\/\\\/wp.kristdemokraterna.se\\\/oxelosund\\\/textsida-fullbredd\\\/snyggare-tryggare-okle\\\/ungdomsgard-vid-ramdalen\\\/#primaryimage\",\"url\":\"\",\"contentUrl\":\"\"},{\"@type\":\"BreadcrumbList\",\"@id\":\"https:\\\/\\\/wp.kristdemokraterna.se\\\/oxelosund\\\/textsida-fullbredd\\\/snyggare-tryggare-okle\\\/ungdomsgard-vid-ramdalen\\\/#breadcrumb\",\"itemListElement\":[{\"@type\":\"ListItem\",\"position\":1,\"name\":\"Hem\",\"item\":\"https:\\\/\\\/wp.kristdemokraterna.se\\\/oxelosund\\\/\"},{\"@type\":\"ListItem\",\"position\":2,\"name\":\"V\u00e5ra f\u00f6rslag\",\"item\":\"https:\\\/\\\/wp.kristdemokraterna.se\\\/oxelosund\\\/textsida-fullbredd\\\/\"},{\"@type\":\"ListItem\",\"position\":3,\"name\":\"Snyggare tryggare Okle\",\"item\":\"https:\\\/\\\/wp.kristdemokraterna.se\\\/oxelosund\\\/textsida-fullbredd\\\/snyggare-tryggare-okle\\\/\"},{\"@type\":\"ListItem\",\"position\":4,\"name\":\"Ungdomsg\u00e5rd vid Ramdalen\"}]},{\"@type\":\"WebSite\",\"@id\":\"https:\\\/\\\/wp.kristdemokraterna.se\\\/oxelosund\\\/#website\",\"url\":\"https:\\\/\\\/wp.kristdemokraterna.se\\\/oxelosund\\\/\",\"name\":\"Kristdemokraterna | Oxel\u00f6sund\",\"description\":\"Kuststaden i Hj\u00e4rtlandet\",\"inLanguage\":\"sv-SE\"}]}<\/script>\n<!-- \/ Yoast SEO plugin. -->","yoast_head_json":{"title":"Ungdomsg\u00e5rd vid Ramdalen - Kristdemokraterna | Oxel\u00f6sund","description":"Vi vill se en ny, f\u00f6reningsdriven ungdomsg\u00e5rd med actionpark intill Ramdalsskolan. En ungdomsg\u00e5rd vid Ramdalen vore l\u00e4ttast att n\u00e5 f\u00f6r alla","robots":{"index":"index","follow":"follow","max-snippet":"max-snippet:-1","max-image-preview":"max-image-preview:large","max-video-preview":"max-video-preview:-1"},"canonical":"https:\/\/wp.kristdemokraterna.se\/oxelosund\/textsida-fullbredd\/snyggare-tryggare-okle\/ungdomsgard-vid-ramdalen\/","og_locale":"sv_SE","og_type":"article","og_title":"Ungdomsg\u00e5rd vid Ramdalen - Kristdemokraterna | Oxel\u00f6sund","og_description":"Vi vill se en ny, f\u00f6reningsdriven ungdomsg\u00e5rd med actionpark intill Ramdalsskolan. En ungdomsg\u00e5rd vid Ramdalen vore l\u00e4ttast att n\u00e5 f\u00f6r alla","og_url":"https:\/\/wp.kristdemokraterna.se\/oxelosund\/textsida-fullbredd\/snyggare-tryggare-okle\/ungdomsgard-vid-ramdalen\/","og_site_name":"Kristdemokraterna | Oxel\u00f6sund","article_modified_time":"2022-08-31T14:04:23+00:00","og_image":[{"url":"https:\/\/wp.kristdemokraterna.se\/oxelosund\/files\/2022\/08\/kdox-ungdomsgard-ramdalen-300x200.jpeg","type":"","width":"","height":""}],"twitter_card":"summary_large_image","twitter_misc":{"Ber\u00e4knad l\u00e4stid":"2 minuter"},"schema":{"@context":"https:\/\/schema.org","@graph":[{"@type":"WebPage","@id":"https:\/\/wp.kristdemokraterna.se\/oxelosund\/textsida-fullbredd\/snyggare-tryggare-okle\/ungdomsgard-vid-ramdalen\/","url":"https:\/\/wp.kristdemokraterna.se\/oxelosund\/textsida-fullbredd\/snyggare-tryggare-okle\/ungdomsgard-vid-ramdalen\/","name":"Ungdomsg\u00e5rd vid Ramdalen - Kristdemokraterna | Oxel\u00f6sund","isPartOf":{"@id":"https:\/\/wp.kristdemokraterna.se\/oxelosund\/#website"},"primaryImageOfPage":{"@id":"https:\/\/wp.kristdemokraterna.se\/oxelosund\/textsida-fullbredd\/snyggare-tryggare-okle\/ungdomsgard-vid-ramdalen\/#primaryimage"},"image":{"@id":"https:\/\/wp.kristdemokraterna.se\/oxelosund\/textsida-fullbredd\/snyggare-tryggare-okle\/ungdomsgard-vid-ramdalen\/#primaryimage"},"thumbnailUrl":"","datePublished":"2022-04-12T14:44:34+00:00","dateModified":"2022-08-31T14:04:23+00:00","description":"Vi vill se en ny, f\u00f6reningsdriven ungdomsg\u00e5rd med actionpark intill Ramdalsskolan. En ungdomsg\u00e5rd vid Ramdalen vore l\u00e4ttast att n\u00e5 f\u00f6r alla","breadcrumb":{"@id":"https:\/\/wp.kristdemokraterna.se\/oxelosund\/textsida-fullbredd\/snyggare-tryggare-okle\/ungdomsgard-vid-ramdalen\/#breadcrumb"},"inLanguage":"sv-SE","potentialAction":[{"@type":"ReadAction","target":["https:\/\/wp.kristdemokraterna.se\/oxelosund\/textsida-fullbredd\/snyggare-tryggare-okle\/ungdomsgard-vid-ramdalen\/"]}]},{"@type":"ImageObject","inLanguage":"sv-SE","@id":"https:\/\/wp.kristdemokraterna.se\/oxelosund\/textsida-fullbredd\/snyggare-tryggare-okle\/ungdomsgard-vid-ramdalen\/#primaryimage","url":"","contentUrl":""},{"@type":"BreadcrumbList","@id":"https:\/\/wp.kristdemokraterna.se\/oxelosund\/textsida-fullbredd\/snyggare-tryggare-okle\/ungdomsgard-vid-ramdalen\/#breadcrumb","itemListElement":[{"@type":"ListItem","position":1,"name":"Hem","item":"https:\/\/wp.kristdemokraterna.se\/oxelosund\/"},{"@type":"ListItem","position":2,"name":"V\u00e5ra f\u00f6rslag","item":"https:\/\/wp.kristdemokraterna.se\/oxelosund\/textsida-fullbredd\/"},{"@type":"ListItem","position":3,"name":"Snyggare tryggare Okle","item":"https:\/\/wp.kristdemokraterna.se\/oxelosund\/textsida-fullbredd\/snyggare-tryggare-okle\/"},{"@type":"ListItem","position":4,"name":"Ungdomsg\u00e5rd vid Ramdalen"}]},{"@type":"WebSite","@id":"https:\/\/wp.kristdemokraterna.se\/oxelosund\/#website","url":"https:\/\/wp.kristdemokraterna.se\/oxelosund\/","name":"Kristdemokraterna | Oxel\u00f6sund","description":"Kuststaden i Hj\u00e4rtlandet","inLanguage":"sv-SE"}]}},"_links":{"self":[{"href":"https:\/\/wp.kristdemokraterna.se\/oxelosund\/wp-json\/wp\/v2\/pages\/764","targetHints":{"allow":["GET"]}}],"collection":[{"href":"https:\/\/wp.kristdemokraterna.se\/oxelosund\/wp-json\/wp\/v2\/pages"}],"about":[{"href":"https:\/\/wp.kristdemokraterna.se\/oxelosund\/wp-json\/wp\/v2\/types\/page"}],"author":[{"embeddable":true,"href":"https:\/\/wp.kristdemokraterna.se\/oxelosund\/wp-json\/wp\/v2\/users\/1005"}],"replies":[{"embeddable":true,"href":"https:\/\/wp.kristdemokraterna.se\/oxelosund\/wp-json\/wp\/v2\/comments?post=764"}],"version-history":[{"count":13,"href":"https:\/\/wp.kristdemokraterna.se\/oxelosund\/wp-json\/wp\/v2\/pages\/764\/revisions"}],"predecessor-version":[{"id":1141,"href":"https:\/\/wp.kristdemokraterna.se\/oxelosund\/wp-json\/wp\/v2\/pages\/764\/revisions\/1141"}],"up":[{"embeddable":true,"href":"https:\/\/wp.kristdemokraterna.se\/oxelosund\/wp-json\/wp\/v2\/pages\/742"}],"wp:featuredmedia":[{"embeddable":true,"href":"https:\/\/wp.kristdemokraterna.se\/oxelosund\/wp-json\/"}],"wp:attachment":[{"href":"https:\/\/wp.kristdemokraterna.se\/oxelosund\/wp-json\/wp\/v2\/media?parent=764"}],"curies":[{"name":"wp","href":"https:\/\/api.w.org\/{rel}","templated":true}]}}