{"id":776,"date":"2022-04-12T17:28:26","date_gmt":"2022-04-12T15:28:26","guid":{"rendered":"https:\/\/wp.kristdemokraterna.se\/oxelosund\/?page_id=776"},"modified":"2024-05-06T17:06:51","modified_gmt":"2024-05-06T15:06:51","slug":"fritidspeng-till-varje-elev-i-ak-2-9","status":"publish","type":"page","link":"https:\/\/wp.kristdemokraterna.se\/oxelosund\/textsida-fullbredd\/snyggare-tryggare-okle\/fritidspeng-till-varje-elev-i-ak-2-9\/","title":{"rendered":"Fritidspeng till varje elev i \u00e5k 2-9"},"content":{"rendered":"<div class=\"m8h3af8h l7ghb35v kjdc1dyq kmwttqpk gh25dzvf n3t5jt4f\">\n<div dir=\"auto\">Denna fritidspeng, som kallas &#8221;fritidskort&#8221; officiellt, betyder att kommunen ska ge alla barn i \u00e5rskurs 2-9 ett kort laddat med pengar. Det handlar om ett ekonomiskt st\u00f6d, som endast g\u00e4ller deltagaravgifter i f\u00f6reningar eller i kulturskolan. <strong>Och reformen \u00e4r nu p\u00e5 g\u00e5ng! Se nedan!<\/strong><\/div>\n<div dir=\"auto\"><a href=\"https:\/\/wp.kristdemokraterna.se\/oxelosund\/files\/2022\/09\/fritidskort-fb-e1662381511947.png\"><img loading=\"lazy\" decoding=\"async\" class=\"alignnone size-medium wp-image-1180\" src=\"https:\/\/wp.kristdemokraterna.se\/oxelosund\/files\/2022\/09\/fritidskort-fb-300x200.png\" alt=\"Text om Fritidskort i en bil p\u00e5 ett barn som springer p\u00e5 en idrottsplats.\" width=\"300\" height=\"200\" \/><\/a><\/div>\n<\/div>\n<h2>En fritidspeng kan f\u00e5 fler att v\u00e4lja idrott och kultur<\/h2>\n<div dir=\"auto\">Genom fritidspengen motverkar vi psykisk oh\u00e4lsa och ensamhet hos barn och unga. Vi vet ju att barn som deltar i kulturella verksamheter, barn som l\u00e4ser ofta, och barn som tr\u00e4nar n\u00e5gon idrott f\u00e5r det l\u00e4ttare att engagera sig i samh\u00e4llet. Detta \u00e4r s\u00e4rskilt viktig f\u00f6r barn med funktionsvariation, barn till invandrare eller barn i annan situation d\u00e4r de riskerar utanf\u00f6rskap.<\/div>\n<div class=\"l7ghb35v kjdc1dyq kmwttqpk gh25dzvf jikcssrz n3t5jt4f\">\n<div dir=\"auto\"><\/div>\n<div dir=\"auto\">\n<div id=\"attachment_1145\" style=\"width: 310px\" class=\"wp-caption alignnone\"><a href=\"https:\/\/wp.kristdemokraterna.se\/oxelosund\/files\/2022\/08\/kdox-fritidskort-e1661968237738.png\"><img loading=\"lazy\" decoding=\"async\" aria-describedby=\"caption-attachment-1145\" class=\"size-medium wp-image-1145\" src=\"https:\/\/wp.kristdemokraterna.se\/oxelosund\/files\/2022\/08\/kdox-fritidskort-300x200.png\" alt=\"N\u00e4rbild p\u00e5 akustisk gitarr. Mellan str\u00e4ngarna st\u00e5r en text om fritidspeng\" width=\"300\" height=\"200\" \/><\/a><p id=\"caption-attachment-1145\" class=\"wp-caption-text\"><em>Fritidspengen syftar till att aktivera barn och ungdomar, samt \u00f6ka deras gemenskap<\/em><\/p><\/div>\n<h2>St\u00f6det g\u00e5r till barnen, inte f\u00f6reningarna<\/h2>\n<p>Island inf\u00f6rde ett liknande uppl\u00e4gg redan 2015, och det har fungerat mycket bra. Denna l\u00f6sning motverkar ocks\u00e5 att f\u00f6reningar s\u00f6ker bidrag fr\u00e5n kommunen f\u00f6r sin egen ekonomi. Pengarna finns ju hos barnen och f\u00f6ljer deras val av aktiviteter, ist\u00e4llet f\u00f6r att g\u00e5 direkt till f\u00f6reningarna \u00a0utifr\u00e5n deras \u00f6nskem\u00e5l.<\/p>\n<p>St\u00f6det ska vara upp till 2.400 kr\/\u00e5r beroende p\u00e5 hush\u00e5llets ekonomi, och avse ledarledda aktiviteter i f\u00f6reningslivet eller kulturskolan.\u00a0L\u00e4s mer om fritidskortet p\u00e5 KD:s <a href=\"https:\/\/kristdemokraterna.se\/ovrigt\/sok?query=fritidsg\u00e5rdar#query\/fritidskort\">hemsida<\/a><\/p>\n<\/div>\n<p>L\u00e4s mer om Fritidskortet p\u00e5 <strong>regeringen.se<\/strong> som \u00e4r regeringens hemsida. Arbetet med att f\u00e5 reformen p\u00e5 plats under n\u00e4sta \u00e5r p\u00e5g\u00e5r f\u00f6r fullt, och p\u00e5 fredagen den 2 februari 2024 h\u00f6ll socialminister Jakob Forssmed ett m\u00f6te med ansvariga myndigheter och organisationer.<\/p>\n<\/div>\n","protected":false},"excerpt":{"rendered":"<p>Denna fritidspeng, som kallas &#8221;fritidskort&#8221; officiellt, betyder att kommunen ska ge alla barn i \u00e5rskurs 2-9 ett kort laddat med pengar. Det handlar om ett ekonomiskt st\u00f6d, som endast g\u00e4ller deltagaravgifter i f\u00f6reningar eller i kulturskolan. Och reformen \u00e4r nu p\u00e5 g\u00e5ng! Se nedan! En fritidspeng kan f\u00e5 fler att v\u00e4lja idrott och kultur Genom <a class=\"read-more-link\" href=\"https:\/\/wp.kristdemokraterna.se\/oxelosund\/textsida-fullbredd\/snyggare-tryggare-okle\/fritidspeng-till-varje-elev-i-ak-2-9\/\">L\u00e4s mer<\/a><\/p>\n","protected":false},"author":1005,"featured_media":714,"parent":742,"menu_order":0,"comment_status":"closed","ping_status":"closed","template":"","meta":{"_acf_changed":false,"footnotes":""},"class_list":["post-776","page","type-page","status-publish","hentry"],"acf":[],"yoast_head":"<!-- This site is optimized with the Yoast SEO plugin v27.4 - https:\/\/yoast.com\/product\/yoast-seo-wordpress\/ -->\n<title>Fritidspeng till varje elev i \u00e5k 2-9 - Kristdemokraterna | Oxel\u00f6sund<\/title>\n<meta name=\"description\" content=\"Vi vill ge alla barn i \u00e5rskurs 2-9 ett kort laddat med pengar. Denna fritidspeng ska avse deltagaravgift i f\u00f6rening eller kulturskola.\" \/>\n<meta name=\"robots\" content=\"index, follow, max-snippet:-1, max-image-preview:large, max-video-preview:-1\" \/>\n<link rel=\"canonical\" href=\"https:\/\/wp.kristdemokraterna.se\/oxelosund\/textsida-fullbredd\/snyggare-tryggare-okle\/fritidspeng-till-varje-elev-i-ak-2-9\/\" \/>\n<meta property=\"og:locale\" content=\"sv_SE\" \/>\n<meta property=\"og:type\" content=\"article\" \/>\n<meta property=\"og:title\" content=\"Fritidspeng till varje elev i \u00e5k 2-9 - Kristdemokraterna | Oxel\u00f6sund\" \/>\n<meta property=\"og:description\" content=\"Vi vill ge alla barn i \u00e5rskurs 2-9 ett kort laddat med pengar. Denna fritidspeng ska avse deltagaravgift i f\u00f6rening eller kulturskola.\" \/>\n<meta property=\"og:url\" content=\"https:\/\/wp.kristdemokraterna.se\/oxelosund\/textsida-fullbredd\/snyggare-tryggare-okle\/fritidspeng-till-varje-elev-i-ak-2-9\/\" \/>\n<meta property=\"og:site_name\" content=\"Kristdemokraterna | Oxel\u00f6sund\" \/>\n<meta property=\"article:modified_time\" content=\"2024-05-06T15:06:51+00:00\" \/>\n<meta property=\"og:image\" content=\"https:\/\/wp.kristdemokraterna.se\/oxelosund\/files\/2022\/09\/fritidskort-fb-300x200.png\" \/>\n<meta name=\"twitter:card\" content=\"summary_large_image\" \/>\n<meta name=\"twitter:label1\" content=\"Ber\u00e4knad l\u00e4stid\" \/>\n\t<meta name=\"twitter:data1\" content=\"2 minuter\" \/>\n<script type=\"application\/ld+json\" class=\"yoast-schema-graph\">{\"@context\":\"https:\\\/\\\/schema.org\",\"@graph\":[{\"@type\":\"WebPage\",\"@id\":\"https:\\\/\\\/wp.kristdemokraterna.se\\\/oxelosund\\\/textsida-fullbredd\\\/snyggare-tryggare-okle\\\/fritidspeng-till-varje-elev-i-ak-2-9\\\/\",\"url\":\"https:\\\/\\\/wp.kristdemokraterna.se\\\/oxelosund\\\/textsida-fullbredd\\\/snyggare-tryggare-okle\\\/fritidspeng-till-varje-elev-i-ak-2-9\\\/\",\"name\":\"Fritidspeng till varje elev i \u00e5k 2-9 - Kristdemokraterna | Oxel\u00f6sund\",\"isPartOf\":{\"@id\":\"https:\\\/\\\/wp.kristdemokraterna.se\\\/oxelosund\\\/#website\"},\"primaryImageOfPage\":{\"@id\":\"https:\\\/\\\/wp.kristdemokraterna.se\\\/oxelosund\\\/textsida-fullbredd\\\/snyggare-tryggare-okle\\\/fritidspeng-till-varje-elev-i-ak-2-9\\\/#primaryimage\"},\"image\":{\"@id\":\"https:\\\/\\\/wp.kristdemokraterna.se\\\/oxelosund\\\/textsida-fullbredd\\\/snyggare-tryggare-okle\\\/fritidspeng-till-varje-elev-i-ak-2-9\\\/#primaryimage\"},\"thumbnailUrl\":\"\",\"datePublished\":\"2022-04-12T15:28:26+00:00\",\"dateModified\":\"2024-05-06T15:06:51+00:00\",\"description\":\"Vi vill ge alla barn i \u00e5rskurs 2-9 ett kort laddat med pengar. Denna fritidspeng ska avse deltagaravgift i f\u00f6rening eller kulturskola.\",\"breadcrumb\":{\"@id\":\"https:\\\/\\\/wp.kristdemokraterna.se\\\/oxelosund\\\/textsida-fullbredd\\\/snyggare-tryggare-okle\\\/fritidspeng-till-varje-elev-i-ak-2-9\\\/#breadcrumb\"},\"inLanguage\":\"sv-SE\",\"potentialAction\":[{\"@type\":\"ReadAction\",\"target\":[\"https:\\\/\\\/wp.kristdemokraterna.se\\\/oxelosund\\\/textsida-fullbredd\\\/snyggare-tryggare-okle\\\/fritidspeng-till-varje-elev-i-ak-2-9\\\/\"]}]},{\"@type\":\"ImageObject\",\"inLanguage\":\"sv-SE\",\"@id\":\"https:\\\/\\\/wp.kristdemokraterna.se\\\/oxelosund\\\/textsida-fullbredd\\\/snyggare-tryggare-okle\\\/fritidspeng-till-varje-elev-i-ak-2-9\\\/#primaryimage\",\"url\":\"\",\"contentUrl\":\"\"},{\"@type\":\"BreadcrumbList\",\"@id\":\"https:\\\/\\\/wp.kristdemokraterna.se\\\/oxelosund\\\/textsida-fullbredd\\\/snyggare-tryggare-okle\\\/fritidspeng-till-varje-elev-i-ak-2-9\\\/#breadcrumb\",\"itemListElement\":[{\"@type\":\"ListItem\",\"position\":1,\"name\":\"Hem\",\"item\":\"https:\\\/\\\/wp.kristdemokraterna.se\\\/oxelosund\\\/\"},{\"@type\":\"ListItem\",\"position\":2,\"name\":\"V\u00e5ra f\u00f6rslag\",\"item\":\"https:\\\/\\\/wp.kristdemokraterna.se\\\/oxelosund\\\/textsida-fullbredd\\\/\"},{\"@type\":\"ListItem\",\"position\":3,\"name\":\"Snyggare tryggare Okle\",\"item\":\"https:\\\/\\\/wp.kristdemokraterna.se\\\/oxelosund\\\/textsida-fullbredd\\\/snyggare-tryggare-okle\\\/\"},{\"@type\":\"ListItem\",\"position\":4,\"name\":\"Fritidspeng till varje elev i \u00e5k 2-9\"}]},{\"@type\":\"WebSite\",\"@id\":\"https:\\\/\\\/wp.kristdemokraterna.se\\\/oxelosund\\\/#website\",\"url\":\"https:\\\/\\\/wp.kristdemokraterna.se\\\/oxelosund\\\/\",\"name\":\"Kristdemokraterna | Oxel\u00f6sund\",\"description\":\"Kuststaden i Hj\u00e4rtlandet\",\"inLanguage\":\"sv-SE\"}]}<\/script>\n<!-- \/ Yoast SEO plugin. -->","yoast_head_json":{"title":"Fritidspeng till varje elev i \u00e5k 2-9 - Kristdemokraterna | Oxel\u00f6sund","description":"Vi vill ge alla barn i \u00e5rskurs 2-9 ett kort laddat med pengar. Denna fritidspeng ska avse deltagaravgift i f\u00f6rening eller kulturskola.","robots":{"index":"index","follow":"follow","max-snippet":"max-snippet:-1","max-image-preview":"max-image-preview:large","max-video-preview":"max-video-preview:-1"},"canonical":"https:\/\/wp.kristdemokraterna.se\/oxelosund\/textsida-fullbredd\/snyggare-tryggare-okle\/fritidspeng-till-varje-elev-i-ak-2-9\/","og_locale":"sv_SE","og_type":"article","og_title":"Fritidspeng till varje elev i \u00e5k 2-9 - Kristdemokraterna | Oxel\u00f6sund","og_description":"Vi vill ge alla barn i \u00e5rskurs 2-9 ett kort laddat med pengar. Denna fritidspeng ska avse deltagaravgift i f\u00f6rening eller kulturskola.","og_url":"https:\/\/wp.kristdemokraterna.se\/oxelosund\/textsida-fullbredd\/snyggare-tryggare-okle\/fritidspeng-till-varje-elev-i-ak-2-9\/","og_site_name":"Kristdemokraterna | Oxel\u00f6sund","article_modified_time":"2024-05-06T15:06:51+00:00","og_image":[{"url":"https:\/\/wp.kristdemokraterna.se\/oxelosund\/files\/2022\/09\/fritidskort-fb-300x200.png","type":"","width":"","height":""}],"twitter_card":"summary_large_image","twitter_misc":{"Ber\u00e4knad l\u00e4stid":"2 minuter"},"schema":{"@context":"https:\/\/schema.org","@graph":[{"@type":"WebPage","@id":"https:\/\/wp.kristdemokraterna.se\/oxelosund\/textsida-fullbredd\/snyggare-tryggare-okle\/fritidspeng-till-varje-elev-i-ak-2-9\/","url":"https:\/\/wp.kristdemokraterna.se\/oxelosund\/textsida-fullbredd\/snyggare-tryggare-okle\/fritidspeng-till-varje-elev-i-ak-2-9\/","name":"Fritidspeng till varje elev i \u00e5k 2-9 - Kristdemokraterna | Oxel\u00f6sund","isPartOf":{"@id":"https:\/\/wp.kristdemokraterna.se\/oxelosund\/#website"},"primaryImageOfPage":{"@id":"https:\/\/wp.kristdemokraterna.se\/oxelosund\/textsida-fullbredd\/snyggare-tryggare-okle\/fritidspeng-till-varje-elev-i-ak-2-9\/#primaryimage"},"image":{"@id":"https:\/\/wp.kristdemokraterna.se\/oxelosund\/textsida-fullbredd\/snyggare-tryggare-okle\/fritidspeng-till-varje-elev-i-ak-2-9\/#primaryimage"},"thumbnailUrl":"","datePublished":"2022-04-12T15:28:26+00:00","dateModified":"2024-05-06T15:06:51+00:00","description":"Vi vill ge alla barn i \u00e5rskurs 2-9 ett kort laddat med pengar. Denna fritidspeng ska avse deltagaravgift i f\u00f6rening eller kulturskola.","breadcrumb":{"@id":"https:\/\/wp.kristdemokraterna.se\/oxelosund\/textsida-fullbredd\/snyggare-tryggare-okle\/fritidspeng-till-varje-elev-i-ak-2-9\/#breadcrumb"},"inLanguage":"sv-SE","potentialAction":[{"@type":"ReadAction","target":["https:\/\/wp.kristdemokraterna.se\/oxelosund\/textsida-fullbredd\/snyggare-tryggare-okle\/fritidspeng-till-varje-elev-i-ak-2-9\/"]}]},{"@type":"ImageObject","inLanguage":"sv-SE","@id":"https:\/\/wp.kristdemokraterna.se\/oxelosund\/textsida-fullbredd\/snyggare-tryggare-okle\/fritidspeng-till-varje-elev-i-ak-2-9\/#primaryimage","url":"","contentUrl":""},{"@type":"BreadcrumbList","@id":"https:\/\/wp.kristdemokraterna.se\/oxelosund\/textsida-fullbredd\/snyggare-tryggare-okle\/fritidspeng-till-varje-elev-i-ak-2-9\/#breadcrumb","itemListElement":[{"@type":"ListItem","position":1,"name":"Hem","item":"https:\/\/wp.kristdemokraterna.se\/oxelosund\/"},{"@type":"ListItem","position":2,"name":"V\u00e5ra f\u00f6rslag","item":"https:\/\/wp.kristdemokraterna.se\/oxelosund\/textsida-fullbredd\/"},{"@type":"ListItem","position":3,"name":"Snyggare tryggare Okle","item":"https:\/\/wp.kristdemokraterna.se\/oxelosund\/textsida-fullbredd\/snyggare-tryggare-okle\/"},{"@type":"ListItem","position":4,"name":"Fritidspeng till varje elev i \u00e5k 2-9"}]},{"@type":"WebSite","@id":"https:\/\/wp.kristdemokraterna.se\/oxelosund\/#website","url":"https:\/\/wp.kristdemokraterna.se\/oxelosund\/","name":"Kristdemokraterna | Oxel\u00f6sund","description":"Kuststaden i Hj\u00e4rtlandet","inLanguage":"sv-SE"}]}},"_links":{"self":[{"href":"https:\/\/wp.kristdemokraterna.se\/oxelosund\/wp-json\/wp\/v2\/pages\/776","targetHints":{"allow":["GET"]}}],"collection":[{"href":"https:\/\/wp.kristdemokraterna.se\/oxelosund\/wp-json\/wp\/v2\/pages"}],"about":[{"href":"https:\/\/wp.kristdemokraterna.se\/oxelosund\/wp-json\/wp\/v2\/types\/page"}],"author":[{"embeddable":true,"href":"https:\/\/wp.kristdemokraterna.se\/oxelosund\/wp-json\/wp\/v2\/users\/1005"}],"replies":[{"embeddable":true,"href":"https:\/\/wp.kristdemokraterna.se\/oxelosund\/wp-json\/wp\/v2\/comments?post=776"}],"version-history":[{"count":15,"href":"https:\/\/wp.kristdemokraterna.se\/oxelosund\/wp-json\/wp\/v2\/pages\/776\/revisions"}],"predecessor-version":[{"id":1480,"href":"https:\/\/wp.kristdemokraterna.se\/oxelosund\/wp-json\/wp\/v2\/pages\/776\/revisions\/1480"}],"up":[{"embeddable":true,"href":"https:\/\/wp.kristdemokraterna.se\/oxelosund\/wp-json\/wp\/v2\/pages\/742"}],"wp:featuredmedia":[{"embeddable":true,"href":"https:\/\/wp.kristdemokraterna.se\/oxelosund\/wp-json\/"}],"wp:attachment":[{"href":"https:\/\/wp.kristdemokraterna.se\/oxelosund\/wp-json\/wp\/v2\/media?parent=776"}],"curies":[{"name":"wp","href":"https:\/\/api.w.org\/{rel}","templated":true}]}}