{"id":783,"date":"2022-04-12T17:39:54","date_gmt":"2022-04-12T15:39:54","guid":{"rendered":"https:\/\/wp.kristdemokraterna.se\/oxelosund\/?page_id=783"},"modified":"2024-05-06T17:25:08","modified_gmt":"2024-05-06T15:25:08","slug":"aldreboendegaranti-vid-fyllda-85","status":"publish","type":"page","link":"https:\/\/wp.kristdemokraterna.se\/oxelosund\/textsida-fullbredd\/snyggare-tryggare-okle\/aldreboendegaranti-vid-fyllda-85\/","title":{"rendered":"\u00c4ldreboendegaranti vid fyllda 85"},"content":{"rendered":"<h2>\u00c4ldreboendegaranti ger trygghet<\/h2>\n<p>Vi vill inf\u00f6ra en \u00c4ldreboendegaranti i Oxel\u00f6sund. Alla som har fyllt 85 \u00e5r ska ha r\u00e4tt till anpassat boende <strong>utan<\/strong> ifr\u00e5gas\u00e4ttanden och utredningar. Det ska inte kr\u00e4vas n\u00e5gon bist\u00e5ndsbed\u00f6mning. V\u00e5ra \u00e4ldre Oxel\u00f6sundsbor som vill slippa ensamhet och oro ska ha en <strong>laglig<\/strong> r\u00e4tt till anpassat boende, exempelvis trygghetsboende. <strong>Vi jobbar f\u00f6r att inf\u00f6ra detta!<\/strong><\/p>\n<h2>Ensam och orolig. Men &#8221;f\u00f6r frisk&#8221; enligt kommunen&#8230;<\/h2>\n<p>Dagens situation \u00e4r orimlig. Det r\u00e5der akut brist p\u00e5 \u00e4ldreboendeplatser, vilket tvingar kommunen att g\u00f6ra h\u00e5rdare bist\u00e5ndsbed\u00f6mningar. Effekten blir att fler och fler \u00e4ldre nekas \u00e4ldreboende, d\u00e5 de anses &#8221;f\u00f6r friska\u201d.\u00a0Men\u00a0livet handlar ju inte bara om att vara fysiskt frisk? \u00a0Lika viktigt \u00e4r att k\u00e4nna trygghet, och m\u00e5nga av v\u00e5ra \u00e4ldre Oxel\u00f6sundsbor g\u00e5r hemma och oroar sig f\u00f6r miss\u00f6den och olyckor. Eller s\u00e5 lider de av ensamhet och k\u00e4nner sig isolerade\u00a0\u2013 vilket kan leda till \u00e5ngest eller depression. Allt detta belastar anh\u00f6riga. Och att bara bli erbjuden ut\u00f6kad hemtj\u00e4nst r\u00e4cker inte.<\/p>\n<p><a href=\"https:\/\/wp.kristdemokraterna.se\/oxelosund\/files\/2022\/07\/aldreboendegaranti-insta-e1661976878542.png\"><img loading=\"lazy\" decoding=\"async\" class=\"alignnone size-medium wp-image-1032\" src=\"https:\/\/wp.kristdemokraterna.se\/oxelosund\/files\/2022\/07\/aldreboendegaranti-insta-300x169.png\" alt=\"Bild p\u00e5 en \u00e4ldre man som sitter ensam p\u00e5 en parkb\u00e4nk och ser ut \u00f6ver havet\" width=\"300\" height=\"169\" \/><\/a><\/p>\n<h2>En \u00e4ldreboendegaranti visar fram\u00e5tanda<\/h2>\n<p>Vi m\u00e5ste t\u00e4nka fram\u00e5t. Sverige kommer att f\u00e5 \u00e4nnu fler \u00e4ldre under n\u00e4rmaste \u00e5ren, och av detta sk\u00e4l m\u00e5ste vi agera f\u00f6rutseende. Oxel\u00f6sund kan visa v\u00e4gen. Genom att inf\u00f6ra en \u00e4ldreboendegaranti kan vi f\u00e5 positiv uppm\u00e4rksamhet, och bli en popul\u00e4r kommun att \u00e5ldras i. Idag \u00e4r det n\u00e4stan tv\u00e4rtom tyv\u00e4rr, kommunens \u00e4ldreboenden och hemtj\u00e4nst har blivit mycket kritiserade&#8230;<\/p>\n<h3>\u00c4ldreomsorg \u00e4r en av Kristdemokraternas viktigaste fr\u00e5gor!<\/h3>\n<p>Summa summarum: Alla v\u00e5ra &#8221;\u00e5rsrika&#8221; Okle-bor ska m\u00f6tas med v\u00e4rdighet. De ska f\u00e5 vara med och best\u00e4mma sj\u00e4lva kring sin omsorg, de ska\u00a0kunna v\u00e4lja ett tryggt boende och de ska ha n\u00e4ra till l\u00e4karkontakter och aktiviteter oavsett var de bor. KD har m\u00e5nga nya f\u00f6rslag f\u00f6r v\u00e5ra \u00e4ldre, se nedan! Du kan l\u00e4sa mer via denna l\u00e4nk: \u00a0<a href=\"https:\/\/kristdemokraterna.se\/var-politik\/politikomraden\/aldre\"><em>KD:s \u00c4ldrepolitik<\/em><\/a><\/p>\n<ul>\n<li>Hemsjukv\u00e5rd<\/li>\n<li>Tandv\u00e5rd f\u00f6r \u00e4ldre<\/li>\n<li>Miljardsatsning p\u00e5 att bygga\u00a0\u00c4ldreboenden<\/li>\n<li>V\u00e4rdighetsgaranti<\/li>\n<li>Parboendegaranti<\/li>\n<li>L\u00e4gre Skatt<\/li>\n<li>H\u00f6gre Bostadstill\u00e4gg<\/li>\n<li>F\u00f6rb\u00e4ttrade Personalvillkor<\/li>\n<li>\u00d6kad Medicinsk Kompetens<\/li>\n<\/ul>\n","protected":false},"excerpt":{"rendered":"<p>\u00c4ldreboendegaranti ger trygghet Vi vill inf\u00f6ra en \u00c4ldreboendegaranti i Oxel\u00f6sund. Alla som har fyllt 85 \u00e5r ska ha r\u00e4tt till anpassat boende utan ifr\u00e5gas\u00e4ttanden och utredningar. Det ska inte kr\u00e4vas n\u00e5gon bist\u00e5ndsbed\u00f6mning. V\u00e5ra \u00e4ldre Oxel\u00f6sundsbor som vill slippa ensamhet och oro ska ha en laglig r\u00e4tt till anpassat boende, exempelvis trygghetsboende. Vi jobbar f\u00f6r att <a class=\"read-more-link\" href=\"https:\/\/wp.kristdemokraterna.se\/oxelosund\/textsida-fullbredd\/snyggare-tryggare-okle\/aldreboendegaranti-vid-fyllda-85\/\">L\u00e4s mer<\/a><\/p>\n","protected":false},"author":1005,"featured_media":714,"parent":742,"menu_order":0,"comment_status":"closed","ping_status":"closed","template":"","meta":{"_acf_changed":false,"footnotes":""},"class_list":["post-783","page","type-page","status-publish","hentry"],"acf":[],"yoast_head":"<!-- This site is optimized with the Yoast SEO plugin v27.4 - https:\/\/yoast.com\/product\/yoast-seo-wordpress\/ -->\n<title>\u00c4ldreboendegaranti vid fyllda 85 - Kristdemokraterna | Oxel\u00f6sund<\/title>\n<meta name=\"description\" content=\"Vi vill inf\u00f6ra en \u00c4ldreboendegaranti i Oxel\u00f6sund. Vid fyllda 85 ska alla ha r\u00e4tt till anpassat boende UTAN ifr\u00e5gas\u00e4ttanden och utredningar.\" \/>\n<meta name=\"robots\" content=\"index, follow, max-snippet:-1, max-image-preview:large, max-video-preview:-1\" \/>\n<link rel=\"canonical\" href=\"https:\/\/wp.kristdemokraterna.se\/oxelosund\/textsida-fullbredd\/snyggare-tryggare-okle\/aldreboendegaranti-vid-fyllda-85\/\" \/>\n<meta property=\"og:locale\" content=\"sv_SE\" \/>\n<meta property=\"og:type\" content=\"article\" \/>\n<meta property=\"og:title\" content=\"\u00c4ldreboendegaranti vid fyllda 85 - Kristdemokraterna | Oxel\u00f6sund\" \/>\n<meta property=\"og:description\" content=\"Vi vill inf\u00f6ra en \u00c4ldreboendegaranti i Oxel\u00f6sund. Vid fyllda 85 ska alla ha r\u00e4tt till anpassat boende UTAN ifr\u00e5gas\u00e4ttanden och utredningar.\" \/>\n<meta property=\"og:url\" content=\"https:\/\/wp.kristdemokraterna.se\/oxelosund\/textsida-fullbredd\/snyggare-tryggare-okle\/aldreboendegaranti-vid-fyllda-85\/\" \/>\n<meta property=\"og:site_name\" content=\"Kristdemokraterna | Oxel\u00f6sund\" \/>\n<meta property=\"article:modified_time\" content=\"2024-05-06T15:25:08+00:00\" \/>\n<meta property=\"og:image\" content=\"https:\/\/wp.kristdemokraterna.se\/oxelosund\/files\/2022\/07\/aldreboendegaranti-insta-300x169.png\" \/>\n<meta name=\"twitter:card\" content=\"summary_large_image\" \/>\n<meta name=\"twitter:label1\" content=\"Ber\u00e4knad l\u00e4stid\" \/>\n\t<meta name=\"twitter:data1\" content=\"2 minuter\" \/>\n<script type=\"application\/ld+json\" class=\"yoast-schema-graph\">{\"@context\":\"https:\\\/\\\/schema.org\",\"@graph\":[{\"@type\":\"WebPage\",\"@id\":\"https:\\\/\\\/wp.kristdemokraterna.se\\\/oxelosund\\\/textsida-fullbredd\\\/snyggare-tryggare-okle\\\/aldreboendegaranti-vid-fyllda-85\\\/\",\"url\":\"https:\\\/\\\/wp.kristdemokraterna.se\\\/oxelosund\\\/textsida-fullbredd\\\/snyggare-tryggare-okle\\\/aldreboendegaranti-vid-fyllda-85\\\/\",\"name\":\"\u00c4ldreboendegaranti vid fyllda 85 - Kristdemokraterna | Oxel\u00f6sund\",\"isPartOf\":{\"@id\":\"https:\\\/\\\/wp.kristdemokraterna.se\\\/oxelosund\\\/#website\"},\"primaryImageOfPage\":{\"@id\":\"https:\\\/\\\/wp.kristdemokraterna.se\\\/oxelosund\\\/textsida-fullbredd\\\/snyggare-tryggare-okle\\\/aldreboendegaranti-vid-fyllda-85\\\/#primaryimage\"},\"image\":{\"@id\":\"https:\\\/\\\/wp.kristdemokraterna.se\\\/oxelosund\\\/textsida-fullbredd\\\/snyggare-tryggare-okle\\\/aldreboendegaranti-vid-fyllda-85\\\/#primaryimage\"},\"thumbnailUrl\":\"\",\"datePublished\":\"2022-04-12T15:39:54+00:00\",\"dateModified\":\"2024-05-06T15:25:08+00:00\",\"description\":\"Vi vill inf\u00f6ra en \u00c4ldreboendegaranti i Oxel\u00f6sund. Vid fyllda 85 ska alla ha r\u00e4tt till anpassat boende UTAN ifr\u00e5gas\u00e4ttanden och utredningar.\",\"breadcrumb\":{\"@id\":\"https:\\\/\\\/wp.kristdemokraterna.se\\\/oxelosund\\\/textsida-fullbredd\\\/snyggare-tryggare-okle\\\/aldreboendegaranti-vid-fyllda-85\\\/#breadcrumb\"},\"inLanguage\":\"sv-SE\",\"potentialAction\":[{\"@type\":\"ReadAction\",\"target\":[\"https:\\\/\\\/wp.kristdemokraterna.se\\\/oxelosund\\\/textsida-fullbredd\\\/snyggare-tryggare-okle\\\/aldreboendegaranti-vid-fyllda-85\\\/\"]}]},{\"@type\":\"ImageObject\",\"inLanguage\":\"sv-SE\",\"@id\":\"https:\\\/\\\/wp.kristdemokraterna.se\\\/oxelosund\\\/textsida-fullbredd\\\/snyggare-tryggare-okle\\\/aldreboendegaranti-vid-fyllda-85\\\/#primaryimage\",\"url\":\"\",\"contentUrl\":\"\"},{\"@type\":\"BreadcrumbList\",\"@id\":\"https:\\\/\\\/wp.kristdemokraterna.se\\\/oxelosund\\\/textsida-fullbredd\\\/snyggare-tryggare-okle\\\/aldreboendegaranti-vid-fyllda-85\\\/#breadcrumb\",\"itemListElement\":[{\"@type\":\"ListItem\",\"position\":1,\"name\":\"Hem\",\"item\":\"https:\\\/\\\/wp.kristdemokraterna.se\\\/oxelosund\\\/\"},{\"@type\":\"ListItem\",\"position\":2,\"name\":\"V\u00e5ra f\u00f6rslag\",\"item\":\"https:\\\/\\\/wp.kristdemokraterna.se\\\/oxelosund\\\/textsida-fullbredd\\\/\"},{\"@type\":\"ListItem\",\"position\":3,\"name\":\"Snyggare tryggare Okle\",\"item\":\"https:\\\/\\\/wp.kristdemokraterna.se\\\/oxelosund\\\/textsida-fullbredd\\\/snyggare-tryggare-okle\\\/\"},{\"@type\":\"ListItem\",\"position\":4,\"name\":\"\u00c4ldreboendegaranti vid fyllda 85\"}]},{\"@type\":\"WebSite\",\"@id\":\"https:\\\/\\\/wp.kristdemokraterna.se\\\/oxelosund\\\/#website\",\"url\":\"https:\\\/\\\/wp.kristdemokraterna.se\\\/oxelosund\\\/\",\"name\":\"Kristdemokraterna | Oxel\u00f6sund\",\"description\":\"Kuststaden i Hj\u00e4rtlandet\",\"inLanguage\":\"sv-SE\"}]}<\/script>\n<!-- \/ Yoast SEO plugin. -->","yoast_head_json":{"title":"\u00c4ldreboendegaranti vid fyllda 85 - Kristdemokraterna | Oxel\u00f6sund","description":"Vi vill inf\u00f6ra en \u00c4ldreboendegaranti i Oxel\u00f6sund. Vid fyllda 85 ska alla ha r\u00e4tt till anpassat boende UTAN ifr\u00e5gas\u00e4ttanden och utredningar.","robots":{"index":"index","follow":"follow","max-snippet":"max-snippet:-1","max-image-preview":"max-image-preview:large","max-video-preview":"max-video-preview:-1"},"canonical":"https:\/\/wp.kristdemokraterna.se\/oxelosund\/textsida-fullbredd\/snyggare-tryggare-okle\/aldreboendegaranti-vid-fyllda-85\/","og_locale":"sv_SE","og_type":"article","og_title":"\u00c4ldreboendegaranti vid fyllda 85 - Kristdemokraterna | Oxel\u00f6sund","og_description":"Vi vill inf\u00f6ra en \u00c4ldreboendegaranti i Oxel\u00f6sund. Vid fyllda 85 ska alla ha r\u00e4tt till anpassat boende UTAN ifr\u00e5gas\u00e4ttanden och utredningar.","og_url":"https:\/\/wp.kristdemokraterna.se\/oxelosund\/textsida-fullbredd\/snyggare-tryggare-okle\/aldreboendegaranti-vid-fyllda-85\/","og_site_name":"Kristdemokraterna | Oxel\u00f6sund","article_modified_time":"2024-05-06T15:25:08+00:00","og_image":[{"url":"https:\/\/wp.kristdemokraterna.se\/oxelosund\/files\/2022\/07\/aldreboendegaranti-insta-300x169.png","type":"","width":"","height":""}],"twitter_card":"summary_large_image","twitter_misc":{"Ber\u00e4knad l\u00e4stid":"2 minuter"},"schema":{"@context":"https:\/\/schema.org","@graph":[{"@type":"WebPage","@id":"https:\/\/wp.kristdemokraterna.se\/oxelosund\/textsida-fullbredd\/snyggare-tryggare-okle\/aldreboendegaranti-vid-fyllda-85\/","url":"https:\/\/wp.kristdemokraterna.se\/oxelosund\/textsida-fullbredd\/snyggare-tryggare-okle\/aldreboendegaranti-vid-fyllda-85\/","name":"\u00c4ldreboendegaranti vid fyllda 85 - Kristdemokraterna | Oxel\u00f6sund","isPartOf":{"@id":"https:\/\/wp.kristdemokraterna.se\/oxelosund\/#website"},"primaryImageOfPage":{"@id":"https:\/\/wp.kristdemokraterna.se\/oxelosund\/textsida-fullbredd\/snyggare-tryggare-okle\/aldreboendegaranti-vid-fyllda-85\/#primaryimage"},"image":{"@id":"https:\/\/wp.kristdemokraterna.se\/oxelosund\/textsida-fullbredd\/snyggare-tryggare-okle\/aldreboendegaranti-vid-fyllda-85\/#primaryimage"},"thumbnailUrl":"","datePublished":"2022-04-12T15:39:54+00:00","dateModified":"2024-05-06T15:25:08+00:00","description":"Vi vill inf\u00f6ra en \u00c4ldreboendegaranti i Oxel\u00f6sund. Vid fyllda 85 ska alla ha r\u00e4tt till anpassat boende UTAN ifr\u00e5gas\u00e4ttanden och utredningar.","breadcrumb":{"@id":"https:\/\/wp.kristdemokraterna.se\/oxelosund\/textsida-fullbredd\/snyggare-tryggare-okle\/aldreboendegaranti-vid-fyllda-85\/#breadcrumb"},"inLanguage":"sv-SE","potentialAction":[{"@type":"ReadAction","target":["https:\/\/wp.kristdemokraterna.se\/oxelosund\/textsida-fullbredd\/snyggare-tryggare-okle\/aldreboendegaranti-vid-fyllda-85\/"]}]},{"@type":"ImageObject","inLanguage":"sv-SE","@id":"https:\/\/wp.kristdemokraterna.se\/oxelosund\/textsida-fullbredd\/snyggare-tryggare-okle\/aldreboendegaranti-vid-fyllda-85\/#primaryimage","url":"","contentUrl":""},{"@type":"BreadcrumbList","@id":"https:\/\/wp.kristdemokraterna.se\/oxelosund\/textsida-fullbredd\/snyggare-tryggare-okle\/aldreboendegaranti-vid-fyllda-85\/#breadcrumb","itemListElement":[{"@type":"ListItem","position":1,"name":"Hem","item":"https:\/\/wp.kristdemokraterna.se\/oxelosund\/"},{"@type":"ListItem","position":2,"name":"V\u00e5ra f\u00f6rslag","item":"https:\/\/wp.kristdemokraterna.se\/oxelosund\/textsida-fullbredd\/"},{"@type":"ListItem","position":3,"name":"Snyggare tryggare Okle","item":"https:\/\/wp.kristdemokraterna.se\/oxelosund\/textsida-fullbredd\/snyggare-tryggare-okle\/"},{"@type":"ListItem","position":4,"name":"\u00c4ldreboendegaranti vid fyllda 85"}]},{"@type":"WebSite","@id":"https:\/\/wp.kristdemokraterna.se\/oxelosund\/#website","url":"https:\/\/wp.kristdemokraterna.se\/oxelosund\/","name":"Kristdemokraterna | Oxel\u00f6sund","description":"Kuststaden i Hj\u00e4rtlandet","inLanguage":"sv-SE"}]}},"_links":{"self":[{"href":"https:\/\/wp.kristdemokraterna.se\/oxelosund\/wp-json\/wp\/v2\/pages\/783","targetHints":{"allow":["GET"]}}],"collection":[{"href":"https:\/\/wp.kristdemokraterna.se\/oxelosund\/wp-json\/wp\/v2\/pages"}],"about":[{"href":"https:\/\/wp.kristdemokraterna.se\/oxelosund\/wp-json\/wp\/v2\/types\/page"}],"author":[{"embeddable":true,"href":"https:\/\/wp.kristdemokraterna.se\/oxelosund\/wp-json\/wp\/v2\/users\/1005"}],"replies":[{"embeddable":true,"href":"https:\/\/wp.kristdemokraterna.se\/oxelosund\/wp-json\/wp\/v2\/comments?post=783"}],"version-history":[{"count":11,"href":"https:\/\/wp.kristdemokraterna.se\/oxelosund\/wp-json\/wp\/v2\/pages\/783\/revisions"}],"predecessor-version":[{"id":1482,"href":"https:\/\/wp.kristdemokraterna.se\/oxelosund\/wp-json\/wp\/v2\/pages\/783\/revisions\/1482"}],"up":[{"embeddable":true,"href":"https:\/\/wp.kristdemokraterna.se\/oxelosund\/wp-json\/wp\/v2\/pages\/742"}],"wp:featuredmedia":[{"embeddable":true,"href":"https:\/\/wp.kristdemokraterna.se\/oxelosund\/wp-json\/"}],"wp:attachment":[{"href":"https:\/\/wp.kristdemokraterna.se\/oxelosund\/wp-json\/wp\/v2\/media?parent=783"}],"curies":[{"name":"wp","href":"https:\/\/api.w.org\/{rel}","templated":true}]}}