{"id":785,"date":"2022-04-13T06:18:18","date_gmt":"2022-04-13T04:18:18","guid":{"rendered":"https:\/\/wp.kristdemokraterna.se\/oxelosund\/?page_id=785"},"modified":"2024-05-06T17:27:07","modified_gmt":"2024-05-06T15:27:07","slug":"nej-till-laget","status":"publish","type":"page","link":"https:\/\/wp.kristdemokraterna.se\/oxelosund\/textsida-fullbredd\/snyggare-tryggare-okle\/nej-till-laget\/","title":{"rendered":"Nej till L\u00e4get"},"content":{"rendered":"<h2>Vi s\u00e4ger Nej till L\u00e4get f\u00f6r skattebetalarnas skull<\/h2>\n<p>KD vill inte att Oxel\u00f6sunds kommun ska bygga en ny Restaurang L\u00e4get f\u00f6r 27 miljoner kr av Oxel\u00f6sundsbornas pengar. Men sj\u00e4lvklart vill vi se en fullbelagd G\u00e4sthamn, en blomstrande sk\u00e4rg\u00e5rdsturism och en stadig inflyttning av b\u00e5t\u00e4lskare och b\u00e5tf\u00f6retag till v\u00e5r fina Kuststad. Och detta har KD en politik f\u00f6r!<\/p>\n<h2>Kommuner ska inte bygga restauranger<\/h2>\n<p>Kommunen ska inte sl\u00f6sa bort 27 miljoner till av inv\u00e5narnas skattepengar \u2013 2.225 kr fr\u00e5n varje Oxel\u00f6sundsbo! \u2013 p\u00e5 krogbyggen. (Dessa belopp \u00e4r\u00a0enligt den senaste kalkylen&#8230;) Kommunen, v\u00e5rt gemensamma hush\u00e5ll, ska h\u00e5lla i pengarna och prioritera tryggheten f\u00f6r v\u00e5ra barn, \u00e4ldre och n\u00f6dst\u00e4llda. Dessutom ska den avskaffa sina egna on\u00f6diga kostnader*, s\u00e5 att en vanlig familj slipper betala 5000 kr mer i skatt varje \u00e5r j\u00e4mf\u00f6rt med Nyk\u00f6ping.<\/p>\n<div id=\"attachment_905\" style=\"width: 310px\" class=\"wp-caption alignnone\"><a href=\"https:\/\/wp.kristdemokraterna.se\/oxelosund\/files\/2022\/05\/img_2030-scaled-e1652896880230.jpeg\"><img loading=\"lazy\" decoding=\"async\" aria-describedby=\"caption-attachment-905\" class=\"size-medium wp-image-905\" src=\"https:\/\/wp.kristdemokraterna.se\/oxelosund\/files\/2022\/05\/img_2030-300x225.jpeg\" alt=\"Restaurang L\u00e4get i Oxel\u00f6sund som ser \u00f6vergivet och rivningsf\u00e4rdigt ut, en solig dag i maj. Texten i bilden s\u00e4ger: 24 miljoner till? 2000 kr fr\u00e5n varje Oxel\u00f6sundare? Nej!\" width=\"300\" height=\"225\" \/><\/a><p id=\"caption-attachment-905\" class=\"wp-caption-text\"><em>24 Mkr blev budgeterat 2021, men under 2022-23 \u00f6kade byggkostnaderna i Sverige med minst 13%. Kommunen ska inte bekosta krogar, kaf\u00e9er och restauranger.<\/em><\/p><\/div>\n<h2>Nej till L\u00e4get handlar om god hush\u00e5llning<\/h2>\n<p>Allt som fungerar av sig sj\u00e4lv i det fria n\u00e4ringslivet ska f\u00e5 vara ifred. Efterfr\u00e5gan ska styra. Dvs vad inv\u00e5narna \u00f6nskar och vill betala f\u00f6r. V\u00e5r politik \u00e4r d\u00e4rf\u00f6r att samverka med Okles b\u00e5t\u00e4gare som bor h\u00e4r, b\u00e5tbranschen i regionen, bostadsbolag som vill bygga och turismf\u00f6retag som vill investera. Titta p\u00e5 andra, popul\u00e4ra, framg\u00e5ngsrika sk\u00e4rg\u00e5rdskommuner! \u00a0Kan dom, s\u00e5 kan vi. L\u00e4s mer om <a href=\"https:\/\/kristdemokraterna.se\/var-politik\/politik-a-till-o\/turism\">KD-politik f\u00f6r Turism<\/a><\/p>\n<p><em>* N\u00e5gra exempel \u00e4r omoderna IT-system och gammalmodiga arbetsrutiner inom kommunen, som tar tid och skapar irritation f\u00f6r b\u00e5de medarbetare och inv\u00e5nare. D\u00e4r kan det effektiviseras mycket. Vi vill \u00e4ven uppl\u00f6sa bolaget F\u00d6RAB (som inte beh\u00f6vs), slopa on\u00f6diga resor och konferenser samt minska antalet styrelseledam\u00f6ter i Oxel\u00f6 Energi och Kustbost\u00e4der.<span class=\"Apple-converted-space\">\u00a0Kommunen kan spara massor av pengar p\u00e5 utgifter som \u00e4r helt on\u00f6diga!<\/span><\/em><\/p>\n<p>&nbsp;<\/p>\n","protected":false},"excerpt":{"rendered":"<p>Vi s\u00e4ger Nej till L\u00e4get f\u00f6r skattebetalarnas skull KD vill inte att Oxel\u00f6sunds kommun ska bygga en ny Restaurang L\u00e4get f\u00f6r 27 miljoner kr av Oxel\u00f6sundsbornas pengar. Men sj\u00e4lvklart vill vi se en fullbelagd G\u00e4sthamn, en blomstrande sk\u00e4rg\u00e5rdsturism och en stadig inflyttning av b\u00e5t\u00e4lskare och b\u00e5tf\u00f6retag till v\u00e5r fina Kuststad. Och detta har KD en <a class=\"read-more-link\" href=\"https:\/\/wp.kristdemokraterna.se\/oxelosund\/textsida-fullbredd\/snyggare-tryggare-okle\/nej-till-laget\/\">L\u00e4s mer<\/a><\/p>\n","protected":false},"author":1005,"featured_media":714,"parent":742,"menu_order":0,"comment_status":"closed","ping_status":"closed","template":"","meta":{"_acf_changed":false,"footnotes":""},"class_list":["post-785","page","type-page","status-publish","hentry"],"acf":[],"yoast_head":"<!-- This site is optimized with the Yoast SEO plugin v27.3 - https:\/\/yoast.com\/product\/yoast-seo-wordpress\/ -->\n<title>Nej till L\u00e4get - Kristdemokraterna | Oxel\u00f6sund<\/title>\n<meta name=\"description\" content=\"Nej till L\u00e4get! Kommunen ska inte sl\u00f6sa 27 miljoner p\u00e5 ett krogbygge. Fullbelagd G\u00e4sthamn och l\u00f6nsam Sk\u00e4rg\u00e5rdsturism kan vi f\u00e5 p\u00e5 andra s\u00e4tt.\" \/>\n<meta name=\"robots\" content=\"index, follow, max-snippet:-1, max-image-preview:large, max-video-preview:-1\" \/>\n<link rel=\"canonical\" href=\"https:\/\/wp.kristdemokraterna.se\/oxelosund\/textsida-fullbredd\/snyggare-tryggare-okle\/nej-till-laget\/\" \/>\n<meta property=\"og:locale\" content=\"sv_SE\" \/>\n<meta property=\"og:type\" content=\"article\" \/>\n<meta property=\"og:title\" content=\"Nej till L\u00e4get - Kristdemokraterna | Oxel\u00f6sund\" \/>\n<meta property=\"og:description\" content=\"Nej till L\u00e4get! Kommunen ska inte sl\u00f6sa 27 miljoner p\u00e5 ett krogbygge. Fullbelagd G\u00e4sthamn och l\u00f6nsam Sk\u00e4rg\u00e5rdsturism kan vi f\u00e5 p\u00e5 andra s\u00e4tt.\" \/>\n<meta property=\"og:url\" content=\"https:\/\/wp.kristdemokraterna.se\/oxelosund\/textsida-fullbredd\/snyggare-tryggare-okle\/nej-till-laget\/\" \/>\n<meta property=\"og:site_name\" content=\"Kristdemokraterna | Oxel\u00f6sund\" \/>\n<meta property=\"article:modified_time\" content=\"2024-05-06T15:27:07+00:00\" \/>\n<meta property=\"og:image\" content=\"https:\/\/wp.kristdemokraterna.se\/oxelosund\/files\/2022\/05\/img_2030-300x225.jpeg\" \/>\n<meta name=\"twitter:card\" content=\"summary_large_image\" \/>\n<meta name=\"twitter:label1\" content=\"Ber\u00e4knad l\u00e4stid\" \/>\n\t<meta name=\"twitter:data1\" content=\"2 minuter\" \/>\n<script type=\"application\/ld+json\" class=\"yoast-schema-graph\">{\"@context\":\"https:\\\/\\\/schema.org\",\"@graph\":[{\"@type\":\"WebPage\",\"@id\":\"https:\\\/\\\/wp.kristdemokraterna.se\\\/oxelosund\\\/textsida-fullbredd\\\/snyggare-tryggare-okle\\\/nej-till-laget\\\/\",\"url\":\"https:\\\/\\\/wp.kristdemokraterna.se\\\/oxelosund\\\/textsida-fullbredd\\\/snyggare-tryggare-okle\\\/nej-till-laget\\\/\",\"name\":\"Nej till L\u00e4get - Kristdemokraterna | Oxel\u00f6sund\",\"isPartOf\":{\"@id\":\"https:\\\/\\\/wp.kristdemokraterna.se\\\/oxelosund\\\/#website\"},\"primaryImageOfPage\":{\"@id\":\"https:\\\/\\\/wp.kristdemokraterna.se\\\/oxelosund\\\/textsida-fullbredd\\\/snyggare-tryggare-okle\\\/nej-till-laget\\\/#primaryimage\"},\"image\":{\"@id\":\"https:\\\/\\\/wp.kristdemokraterna.se\\\/oxelosund\\\/textsida-fullbredd\\\/snyggare-tryggare-okle\\\/nej-till-laget\\\/#primaryimage\"},\"thumbnailUrl\":\"\",\"datePublished\":\"2022-04-13T04:18:18+00:00\",\"dateModified\":\"2024-05-06T15:27:07+00:00\",\"description\":\"Nej till L\u00e4get! Kommunen ska inte sl\u00f6sa 27 miljoner p\u00e5 ett krogbygge. Fullbelagd G\u00e4sthamn och l\u00f6nsam Sk\u00e4rg\u00e5rdsturism kan vi f\u00e5 p\u00e5 andra s\u00e4tt.\",\"breadcrumb\":{\"@id\":\"https:\\\/\\\/wp.kristdemokraterna.se\\\/oxelosund\\\/textsida-fullbredd\\\/snyggare-tryggare-okle\\\/nej-till-laget\\\/#breadcrumb\"},\"inLanguage\":\"sv-SE\",\"potentialAction\":[{\"@type\":\"ReadAction\",\"target\":[\"https:\\\/\\\/wp.kristdemokraterna.se\\\/oxelosund\\\/textsida-fullbredd\\\/snyggare-tryggare-okle\\\/nej-till-laget\\\/\"]}]},{\"@type\":\"ImageObject\",\"inLanguage\":\"sv-SE\",\"@id\":\"https:\\\/\\\/wp.kristdemokraterna.se\\\/oxelosund\\\/textsida-fullbredd\\\/snyggare-tryggare-okle\\\/nej-till-laget\\\/#primaryimage\",\"url\":\"\",\"contentUrl\":\"\"},{\"@type\":\"BreadcrumbList\",\"@id\":\"https:\\\/\\\/wp.kristdemokraterna.se\\\/oxelosund\\\/textsida-fullbredd\\\/snyggare-tryggare-okle\\\/nej-till-laget\\\/#breadcrumb\",\"itemListElement\":[{\"@type\":\"ListItem\",\"position\":1,\"name\":\"Hem\",\"item\":\"https:\\\/\\\/wp.kristdemokraterna.se\\\/oxelosund\\\/\"},{\"@type\":\"ListItem\",\"position\":2,\"name\":\"V\u00e5ra f\u00f6rslag\",\"item\":\"https:\\\/\\\/wp.kristdemokraterna.se\\\/oxelosund\\\/textsida-fullbredd\\\/\"},{\"@type\":\"ListItem\",\"position\":3,\"name\":\"Snyggare tryggare Okle\",\"item\":\"https:\\\/\\\/wp.kristdemokraterna.se\\\/oxelosund\\\/textsida-fullbredd\\\/snyggare-tryggare-okle\\\/\"},{\"@type\":\"ListItem\",\"position\":4,\"name\":\"Nej till L\u00e4get\"}]},{\"@type\":\"WebSite\",\"@id\":\"https:\\\/\\\/wp.kristdemokraterna.se\\\/oxelosund\\\/#website\",\"url\":\"https:\\\/\\\/wp.kristdemokraterna.se\\\/oxelosund\\\/\",\"name\":\"Kristdemokraterna | Oxel\u00f6sund\",\"description\":\"Kuststaden i Hj\u00e4rtlandet\",\"inLanguage\":\"sv-SE\"}]}<\/script>\n<!-- \/ Yoast SEO plugin. -->","yoast_head_json":{"title":"Nej till L\u00e4get - Kristdemokraterna | Oxel\u00f6sund","description":"Nej till L\u00e4get! Kommunen ska inte sl\u00f6sa 27 miljoner p\u00e5 ett krogbygge. Fullbelagd G\u00e4sthamn och l\u00f6nsam Sk\u00e4rg\u00e5rdsturism kan vi f\u00e5 p\u00e5 andra s\u00e4tt.","robots":{"index":"index","follow":"follow","max-snippet":"max-snippet:-1","max-image-preview":"max-image-preview:large","max-video-preview":"max-video-preview:-1"},"canonical":"https:\/\/wp.kristdemokraterna.se\/oxelosund\/textsida-fullbredd\/snyggare-tryggare-okle\/nej-till-laget\/","og_locale":"sv_SE","og_type":"article","og_title":"Nej till L\u00e4get - Kristdemokraterna | Oxel\u00f6sund","og_description":"Nej till L\u00e4get! Kommunen ska inte sl\u00f6sa 27 miljoner p\u00e5 ett krogbygge. Fullbelagd G\u00e4sthamn och l\u00f6nsam Sk\u00e4rg\u00e5rdsturism kan vi f\u00e5 p\u00e5 andra s\u00e4tt.","og_url":"https:\/\/wp.kristdemokraterna.se\/oxelosund\/textsida-fullbredd\/snyggare-tryggare-okle\/nej-till-laget\/","og_site_name":"Kristdemokraterna | Oxel\u00f6sund","article_modified_time":"2024-05-06T15:27:07+00:00","og_image":[{"url":"https:\/\/wp.kristdemokraterna.se\/oxelosund\/files\/2022\/05\/img_2030-300x225.jpeg","type":"","width":"","height":""}],"twitter_card":"summary_large_image","twitter_misc":{"Ber\u00e4knad l\u00e4stid":"2 minuter"},"schema":{"@context":"https:\/\/schema.org","@graph":[{"@type":"WebPage","@id":"https:\/\/wp.kristdemokraterna.se\/oxelosund\/textsida-fullbredd\/snyggare-tryggare-okle\/nej-till-laget\/","url":"https:\/\/wp.kristdemokraterna.se\/oxelosund\/textsida-fullbredd\/snyggare-tryggare-okle\/nej-till-laget\/","name":"Nej till L\u00e4get - Kristdemokraterna | Oxel\u00f6sund","isPartOf":{"@id":"https:\/\/wp.kristdemokraterna.se\/oxelosund\/#website"},"primaryImageOfPage":{"@id":"https:\/\/wp.kristdemokraterna.se\/oxelosund\/textsida-fullbredd\/snyggare-tryggare-okle\/nej-till-laget\/#primaryimage"},"image":{"@id":"https:\/\/wp.kristdemokraterna.se\/oxelosund\/textsida-fullbredd\/snyggare-tryggare-okle\/nej-till-laget\/#primaryimage"},"thumbnailUrl":"","datePublished":"2022-04-13T04:18:18+00:00","dateModified":"2024-05-06T15:27:07+00:00","description":"Nej till L\u00e4get! Kommunen ska inte sl\u00f6sa 27 miljoner p\u00e5 ett krogbygge. Fullbelagd G\u00e4sthamn och l\u00f6nsam Sk\u00e4rg\u00e5rdsturism kan vi f\u00e5 p\u00e5 andra s\u00e4tt.","breadcrumb":{"@id":"https:\/\/wp.kristdemokraterna.se\/oxelosund\/textsida-fullbredd\/snyggare-tryggare-okle\/nej-till-laget\/#breadcrumb"},"inLanguage":"sv-SE","potentialAction":[{"@type":"ReadAction","target":["https:\/\/wp.kristdemokraterna.se\/oxelosund\/textsida-fullbredd\/snyggare-tryggare-okle\/nej-till-laget\/"]}]},{"@type":"ImageObject","inLanguage":"sv-SE","@id":"https:\/\/wp.kristdemokraterna.se\/oxelosund\/textsida-fullbredd\/snyggare-tryggare-okle\/nej-till-laget\/#primaryimage","url":"","contentUrl":""},{"@type":"BreadcrumbList","@id":"https:\/\/wp.kristdemokraterna.se\/oxelosund\/textsida-fullbredd\/snyggare-tryggare-okle\/nej-till-laget\/#breadcrumb","itemListElement":[{"@type":"ListItem","position":1,"name":"Hem","item":"https:\/\/wp.kristdemokraterna.se\/oxelosund\/"},{"@type":"ListItem","position":2,"name":"V\u00e5ra f\u00f6rslag","item":"https:\/\/wp.kristdemokraterna.se\/oxelosund\/textsida-fullbredd\/"},{"@type":"ListItem","position":3,"name":"Snyggare tryggare Okle","item":"https:\/\/wp.kristdemokraterna.se\/oxelosund\/textsida-fullbredd\/snyggare-tryggare-okle\/"},{"@type":"ListItem","position":4,"name":"Nej till L\u00e4get"}]},{"@type":"WebSite","@id":"https:\/\/wp.kristdemokraterna.se\/oxelosund\/#website","url":"https:\/\/wp.kristdemokraterna.se\/oxelosund\/","name":"Kristdemokraterna | Oxel\u00f6sund","description":"Kuststaden i Hj\u00e4rtlandet","inLanguage":"sv-SE"}]}},"_links":{"self":[{"href":"https:\/\/wp.kristdemokraterna.se\/oxelosund\/wp-json\/wp\/v2\/pages\/785","targetHints":{"allow":["GET"]}}],"collection":[{"href":"https:\/\/wp.kristdemokraterna.se\/oxelosund\/wp-json\/wp\/v2\/pages"}],"about":[{"href":"https:\/\/wp.kristdemokraterna.se\/oxelosund\/wp-json\/wp\/v2\/types\/page"}],"author":[{"embeddable":true,"href":"https:\/\/wp.kristdemokraterna.se\/oxelosund\/wp-json\/wp\/v2\/users\/1005"}],"replies":[{"embeddable":true,"href":"https:\/\/wp.kristdemokraterna.se\/oxelosund\/wp-json\/wp\/v2\/comments?post=785"}],"version-history":[{"count":8,"href":"https:\/\/wp.kristdemokraterna.se\/oxelosund\/wp-json\/wp\/v2\/pages\/785\/revisions"}],"predecessor-version":[{"id":1483,"href":"https:\/\/wp.kristdemokraterna.se\/oxelosund\/wp-json\/wp\/v2\/pages\/785\/revisions\/1483"}],"up":[{"embeddable":true,"href":"https:\/\/wp.kristdemokraterna.se\/oxelosund\/wp-json\/wp\/v2\/pages\/742"}],"wp:featuredmedia":[{"embeddable":true,"href":"https:\/\/wp.kristdemokraterna.se\/oxelosund\/wp-json\/"}],"wp:attachment":[{"href":"https:\/\/wp.kristdemokraterna.se\/oxelosund\/wp-json\/wp\/v2\/media?parent=785"}],"curies":[{"name":"wp","href":"https:\/\/api.w.org\/{rel}","templated":true}]}}