{"id":788,"date":"2022-04-12T17:58:14","date_gmt":"2022-04-12T15:58:14","guid":{"rendered":"https:\/\/wp.kristdemokraterna.se\/oxelosund\/?page_id=788"},"modified":"2024-05-06T17:31:22","modified_gmt":"2024-05-06T15:31:22","slug":"bygglov-inom-2-v","status":"publish","type":"page","link":"https:\/\/wp.kristdemokraterna.se\/oxelosund\/textsida-fullbredd\/snyggare-tryggare-okle\/bygglov-inom-2-v\/","title":{"rendered":"Bygglov inom 2 v"},"content":{"rendered":"<p>Snabbare bygglov g\u00f6r skillnad. D\u00e4rf\u00f6r lade Koalitionens f\u00f6rsta budget 2023 extra pengar p\u00e5 bygglovshanteringen, och Oxel\u00f6sund f\u00e5r numera bra betyg i utv\u00e4rderingar. Men vi vill mer. Vi vill se en modern kommun med smarta, digitala verktyg och effektiva rutiner. T\u00e4nk att officiellt ha som m\u00e5l \u2013 eller t.o.m. lova \u2013 att alltid besvara en bygglovsans\u00f6kan inom 2 veckor. Det skulle inspirera till f\u00f6r\u00e4ndring.<\/p>\n<div id=\"attachment_1184\" style=\"width: 310px\" class=\"wp-caption alignnone\"><a href=\"https:\/\/wp.kristdemokraterna.se\/oxelosund\/files\/2022\/09\/bygglov-2-v-fb-e1662383812156.png\"><img loading=\"lazy\" decoding=\"async\" aria-describedby=\"caption-attachment-1184\" class=\"size-medium wp-image-1184\" src=\"https:\/\/wp.kristdemokraterna.se\/oxelosund\/files\/2022\/09\/bygglov-2-v-fb-300x225.png\" alt=\"Bild p\u00e5 ett uppslaget campingt\u00e4lt i skogen. Texten s\u00e4ger: Snabbare bygglov? Ja, tack!\" width=\"300\" height=\"225\" \/><\/a><p id=\"caption-attachment-1184\" class=\"wp-caption-text\"><em>Vi beh\u00f6ver fler bost\u00e4der, och d\u00e5 \u00e4r snabbare bygglov en viktig process<\/em><\/p><\/div>\n<h2>Oxel\u00f6sund beh\u00f6ver bygga mer och snabbare<\/h2>\n<div class=\"l7ghb35v kjdc1dyq kmwttqpk gh25dzvf jikcssrz n3t5jt4f\">\n<div dir=\"auto\">Oxel\u00f6sund har idag m\u00e5nga gammalmodiga rutiner. Det \u00e4r f\u00f6rst\u00e5s inte tj\u00e4nstem\u00e4nnens fel \u2013 men alla omoderna arbetss\u00e4tt slukar tid och pengar. Tr\u00f6gheten f\u00f6rs\u00e4mrar ocks\u00e5 intrycket som andra f\u00e5r, och ger \u00e4ven s\u00e4mre sj\u00e4lvbild. S\u00e5 m\u00e5ste vi inte ha det. Att modernisera skulle \u00f6ka arbetsgl\u00e4djen i kommunen, f\u00f6rutom att spara pengar och m\u00f6jligg\u00f6ra skattes\u00e4nkningar.<\/div>\n<\/div>\n<p>Bygglov inom 2 veckor \u2013 och varf\u00f6r inte 1 vecka? \u2013 kan bli en symbol f\u00f6r det Nya Oxel\u00f6sund. L\u00e5t oss s\u00e4tta spaden i marken och bygga! Nya, moderna bosta\u0308der med LSS-, a\u0308ldre- och trygghetsboenden p\u00e5 Villabacken och Ramdalsho\u0308jden.\u00a0<span style=\"font-size: 16px\">Nya bosta\u0308der pa\u030a hela det gamla \u201dBa\u030at &amp; Motor-omra\u030adet\u201d. En v\u00e5gbrytare som ger l\u00e4 i g\u00e4sthamnen.\u00a0<\/span><span style=\"font-size: 16px\">Sanera marken, go\u0308r i ordning visningstomter och la\u030at byggfo\u0308retagen la\u0308mna anbud!<\/span><\/p>\n<h2>L\u00e4ttare bygglov ing\u00e5r i Kristdemokraternas Villal\u00f6fte<\/h2>\n<p>Vi vill att fler Oxel\u00f6sundsbor ska f\u00e5 m\u00f6jligheten att l\u00e5ta barnen springa barfota p\u00e5 tomtgr\u00e4set. Kristdemokraternas Villal\u00f6fte \u00e4r ett f\u00f6rslag f\u00f6r hela Sverige och som m\u00e5ste godk\u00e4nnas av Riksdagen. Men s\u00e5 h\u00e4r ser det ut:<\/p>\n<ul>\n<li>Utred om kommunernas ansvar f\u00f6r bostadsf\u00f6rs\u00f6rjning av sm\u00e5hus och sm\u00e5hustomter kan sk\u00e4rpas.<\/li>\n<li>Planeringsstimulans f\u00f6r kommunerna. Stimulansen ska t\u00e4cka 50 procent av kommunens kostnader f\u00f6r att ta fram nya detaljplaner f\u00f6r sm\u00e5hus.<\/li>\n<li>Ge L\u00e4nsstyrelsen i uppdrag att kartl\u00e4gga byggbar mark i kommunerna, som privatpersoner sedan f\u00e5r tillg\u00e5ng till.<\/li>\n<li>F\u00f6rnya tomtr\u00e4tten. Genom att betala en l\u00f6pande tomtr\u00e4ttsavgift kan fler f\u00e5 m\u00f6jlighet att \u00e4ga och bo i ett sm\u00e5hus.<\/li>\n<li>Tre s\u00e4tt att f\u00f6renkla f\u00f6r unga att ta sig in p\u00e5 bostadsmarknaden:<span class=\"Apple-converted-space\">\u00a01)\u00a0<\/span>Inf\u00f6r ett automatiskt bosparande som f\u00f6rval f\u00f6r alla unga mellan 18\u201334 \u00e5r med inkomst av tj\u00e4nst. 2)\u00a0Avskaffa det f\u00f6rst\u00e4rkta amorteringskravet. Stapeln av kreditrestriktioner \u00e4r obefogat h\u00f6g. Det f\u00f6rst\u00e4rkta amorteringskravet har slagit s\u00e4rskilt mot unga hush\u00e5ll som flyttar in till st\u00e4derna f\u00f6r ett arbete. 3)\u00a0Startl\u00e5n f\u00f6r f\u00f6rstag\u00e5ngsk\u00f6pare. F\u00f6r att \u00f6ka m\u00f6jligheterna f\u00f6r unga att k\u00f6pa ett eget boende b\u00f6r ett startl\u00e5n inf\u00f6ras.<span class=\"Apple-converted-space\">\u00a0<\/span><\/li>\n<\/ul>\n<p>L\u00e4s mer om KD:s <a href=\"https:\/\/kristdemokraterna.se\/var-politik\/politikomraden\/bostad\">politik f\u00f6r bost\u00e4der<\/a><\/p>\n","protected":false},"excerpt":{"rendered":"<p>Snabbare bygglov g\u00f6r skillnad. D\u00e4rf\u00f6r lade Koalitionens f\u00f6rsta budget 2023 extra pengar p\u00e5 bygglovshanteringen, och Oxel\u00f6sund f\u00e5r numera bra betyg i utv\u00e4rderingar. Men vi vill mer. Vi vill se en modern kommun med smarta, digitala verktyg och effektiva rutiner. T\u00e4nk att officiellt ha som m\u00e5l \u2013 eller t.o.m. lova \u2013 att alltid besvara en bygglovsans\u00f6kan <a class=\"read-more-link\" href=\"https:\/\/wp.kristdemokraterna.se\/oxelosund\/textsida-fullbredd\/snyggare-tryggare-okle\/bygglov-inom-2-v\/\">L\u00e4s mer<\/a><\/p>\n","protected":false},"author":1005,"featured_media":714,"parent":742,"menu_order":0,"comment_status":"closed","ping_status":"closed","template":"","meta":{"_acf_changed":false,"footnotes":""},"class_list":["post-788","page","type-page","status-publish","hentry"],"acf":[],"yoast_head":"<!-- This site is optimized with the Yoast SEO plugin v27.4 - https:\/\/yoast.com\/product\/yoast-seo-wordpress\/ -->\n<title>Bygglov inom 2 v - Kristdemokraterna | Oxel\u00f6sund<\/title>\n<meta name=\"description\" content=\"Vi vill att ans\u00f6kningar om bygglov alltid behandlas inom tv\u00e5 veckor. Oxel\u00f6sund ska vara en modern kommun med effektiva, digitala rutiner.\" \/>\n<meta name=\"robots\" content=\"index, follow, max-snippet:-1, max-image-preview:large, max-video-preview:-1\" \/>\n<link rel=\"canonical\" href=\"https:\/\/wp.kristdemokraterna.se\/oxelosund\/textsida-fullbredd\/snyggare-tryggare-okle\/bygglov-inom-2-v\/\" \/>\n<meta property=\"og:locale\" content=\"sv_SE\" \/>\n<meta property=\"og:type\" content=\"article\" \/>\n<meta property=\"og:title\" content=\"Bygglov inom 2 v - Kristdemokraterna | Oxel\u00f6sund\" \/>\n<meta property=\"og:description\" content=\"Vi vill att ans\u00f6kningar om bygglov alltid behandlas inom tv\u00e5 veckor. Oxel\u00f6sund ska vara en modern kommun med effektiva, digitala rutiner.\" \/>\n<meta property=\"og:url\" content=\"https:\/\/wp.kristdemokraterna.se\/oxelosund\/textsida-fullbredd\/snyggare-tryggare-okle\/bygglov-inom-2-v\/\" \/>\n<meta property=\"og:site_name\" content=\"Kristdemokraterna | Oxel\u00f6sund\" \/>\n<meta property=\"article:modified_time\" content=\"2024-05-06T15:31:22+00:00\" \/>\n<meta property=\"og:image\" content=\"https:\/\/wp.kristdemokraterna.se\/oxelosund\/files\/2022\/09\/bygglov-2-v-fb-300x225.png\" \/>\n<meta name=\"twitter:card\" content=\"summary_large_image\" \/>\n<meta name=\"twitter:label1\" content=\"Ber\u00e4knad l\u00e4stid\" \/>\n\t<meta name=\"twitter:data1\" content=\"3 minuter\" \/>\n<script type=\"application\/ld+json\" class=\"yoast-schema-graph\">{\"@context\":\"https:\\\/\\\/schema.org\",\"@graph\":[{\"@type\":\"WebPage\",\"@id\":\"https:\\\/\\\/wp.kristdemokraterna.se\\\/oxelosund\\\/textsida-fullbredd\\\/snyggare-tryggare-okle\\\/bygglov-inom-2-v\\\/\",\"url\":\"https:\\\/\\\/wp.kristdemokraterna.se\\\/oxelosund\\\/textsida-fullbredd\\\/snyggare-tryggare-okle\\\/bygglov-inom-2-v\\\/\",\"name\":\"Bygglov inom 2 v - Kristdemokraterna | Oxel\u00f6sund\",\"isPartOf\":{\"@id\":\"https:\\\/\\\/wp.kristdemokraterna.se\\\/oxelosund\\\/#website\"},\"primaryImageOfPage\":{\"@id\":\"https:\\\/\\\/wp.kristdemokraterna.se\\\/oxelosund\\\/textsida-fullbredd\\\/snyggare-tryggare-okle\\\/bygglov-inom-2-v\\\/#primaryimage\"},\"image\":{\"@id\":\"https:\\\/\\\/wp.kristdemokraterna.se\\\/oxelosund\\\/textsida-fullbredd\\\/snyggare-tryggare-okle\\\/bygglov-inom-2-v\\\/#primaryimage\"},\"thumbnailUrl\":\"\",\"datePublished\":\"2022-04-12T15:58:14+00:00\",\"dateModified\":\"2024-05-06T15:31:22+00:00\",\"description\":\"Vi vill att ans\u00f6kningar om bygglov alltid behandlas inom tv\u00e5 veckor. Oxel\u00f6sund ska vara en modern kommun med effektiva, digitala rutiner.\",\"breadcrumb\":{\"@id\":\"https:\\\/\\\/wp.kristdemokraterna.se\\\/oxelosund\\\/textsida-fullbredd\\\/snyggare-tryggare-okle\\\/bygglov-inom-2-v\\\/#breadcrumb\"},\"inLanguage\":\"sv-SE\",\"potentialAction\":[{\"@type\":\"ReadAction\",\"target\":[\"https:\\\/\\\/wp.kristdemokraterna.se\\\/oxelosund\\\/textsida-fullbredd\\\/snyggare-tryggare-okle\\\/bygglov-inom-2-v\\\/\"]}]},{\"@type\":\"ImageObject\",\"inLanguage\":\"sv-SE\",\"@id\":\"https:\\\/\\\/wp.kristdemokraterna.se\\\/oxelosund\\\/textsida-fullbredd\\\/snyggare-tryggare-okle\\\/bygglov-inom-2-v\\\/#primaryimage\",\"url\":\"\",\"contentUrl\":\"\"},{\"@type\":\"BreadcrumbList\",\"@id\":\"https:\\\/\\\/wp.kristdemokraterna.se\\\/oxelosund\\\/textsida-fullbredd\\\/snyggare-tryggare-okle\\\/bygglov-inom-2-v\\\/#breadcrumb\",\"itemListElement\":[{\"@type\":\"ListItem\",\"position\":1,\"name\":\"Hem\",\"item\":\"https:\\\/\\\/wp.kristdemokraterna.se\\\/oxelosund\\\/\"},{\"@type\":\"ListItem\",\"position\":2,\"name\":\"V\u00e5ra f\u00f6rslag\",\"item\":\"https:\\\/\\\/wp.kristdemokraterna.se\\\/oxelosund\\\/textsida-fullbredd\\\/\"},{\"@type\":\"ListItem\",\"position\":3,\"name\":\"Snyggare tryggare Okle\",\"item\":\"https:\\\/\\\/wp.kristdemokraterna.se\\\/oxelosund\\\/textsida-fullbredd\\\/snyggare-tryggare-okle\\\/\"},{\"@type\":\"ListItem\",\"position\":4,\"name\":\"Bygglov inom 2 v\"}]},{\"@type\":\"WebSite\",\"@id\":\"https:\\\/\\\/wp.kristdemokraterna.se\\\/oxelosund\\\/#website\",\"url\":\"https:\\\/\\\/wp.kristdemokraterna.se\\\/oxelosund\\\/\",\"name\":\"Kristdemokraterna | Oxel\u00f6sund\",\"description\":\"Kuststaden i Hj\u00e4rtlandet\",\"inLanguage\":\"sv-SE\"}]}<\/script>\n<!-- \/ Yoast SEO plugin. -->","yoast_head_json":{"title":"Bygglov inom 2 v - Kristdemokraterna | Oxel\u00f6sund","description":"Vi vill att ans\u00f6kningar om bygglov alltid behandlas inom tv\u00e5 veckor. Oxel\u00f6sund ska vara en modern kommun med effektiva, digitala rutiner.","robots":{"index":"index","follow":"follow","max-snippet":"max-snippet:-1","max-image-preview":"max-image-preview:large","max-video-preview":"max-video-preview:-1"},"canonical":"https:\/\/wp.kristdemokraterna.se\/oxelosund\/textsida-fullbredd\/snyggare-tryggare-okle\/bygglov-inom-2-v\/","og_locale":"sv_SE","og_type":"article","og_title":"Bygglov inom 2 v - Kristdemokraterna | Oxel\u00f6sund","og_description":"Vi vill att ans\u00f6kningar om bygglov alltid behandlas inom tv\u00e5 veckor. Oxel\u00f6sund ska vara en modern kommun med effektiva, digitala rutiner.","og_url":"https:\/\/wp.kristdemokraterna.se\/oxelosund\/textsida-fullbredd\/snyggare-tryggare-okle\/bygglov-inom-2-v\/","og_site_name":"Kristdemokraterna | Oxel\u00f6sund","article_modified_time":"2024-05-06T15:31:22+00:00","og_image":[{"url":"https:\/\/wp.kristdemokraterna.se\/oxelosund\/files\/2022\/09\/bygglov-2-v-fb-300x225.png","type":"","width":"","height":""}],"twitter_card":"summary_large_image","twitter_misc":{"Ber\u00e4knad l\u00e4stid":"3 minuter"},"schema":{"@context":"https:\/\/schema.org","@graph":[{"@type":"WebPage","@id":"https:\/\/wp.kristdemokraterna.se\/oxelosund\/textsida-fullbredd\/snyggare-tryggare-okle\/bygglov-inom-2-v\/","url":"https:\/\/wp.kristdemokraterna.se\/oxelosund\/textsida-fullbredd\/snyggare-tryggare-okle\/bygglov-inom-2-v\/","name":"Bygglov inom 2 v - Kristdemokraterna | Oxel\u00f6sund","isPartOf":{"@id":"https:\/\/wp.kristdemokraterna.se\/oxelosund\/#website"},"primaryImageOfPage":{"@id":"https:\/\/wp.kristdemokraterna.se\/oxelosund\/textsida-fullbredd\/snyggare-tryggare-okle\/bygglov-inom-2-v\/#primaryimage"},"image":{"@id":"https:\/\/wp.kristdemokraterna.se\/oxelosund\/textsida-fullbredd\/snyggare-tryggare-okle\/bygglov-inom-2-v\/#primaryimage"},"thumbnailUrl":"","datePublished":"2022-04-12T15:58:14+00:00","dateModified":"2024-05-06T15:31:22+00:00","description":"Vi vill att ans\u00f6kningar om bygglov alltid behandlas inom tv\u00e5 veckor. Oxel\u00f6sund ska vara en modern kommun med effektiva, digitala rutiner.","breadcrumb":{"@id":"https:\/\/wp.kristdemokraterna.se\/oxelosund\/textsida-fullbredd\/snyggare-tryggare-okle\/bygglov-inom-2-v\/#breadcrumb"},"inLanguage":"sv-SE","potentialAction":[{"@type":"ReadAction","target":["https:\/\/wp.kristdemokraterna.se\/oxelosund\/textsida-fullbredd\/snyggare-tryggare-okle\/bygglov-inom-2-v\/"]}]},{"@type":"ImageObject","inLanguage":"sv-SE","@id":"https:\/\/wp.kristdemokraterna.se\/oxelosund\/textsida-fullbredd\/snyggare-tryggare-okle\/bygglov-inom-2-v\/#primaryimage","url":"","contentUrl":""},{"@type":"BreadcrumbList","@id":"https:\/\/wp.kristdemokraterna.se\/oxelosund\/textsida-fullbredd\/snyggare-tryggare-okle\/bygglov-inom-2-v\/#breadcrumb","itemListElement":[{"@type":"ListItem","position":1,"name":"Hem","item":"https:\/\/wp.kristdemokraterna.se\/oxelosund\/"},{"@type":"ListItem","position":2,"name":"V\u00e5ra f\u00f6rslag","item":"https:\/\/wp.kristdemokraterna.se\/oxelosund\/textsida-fullbredd\/"},{"@type":"ListItem","position":3,"name":"Snyggare tryggare Okle","item":"https:\/\/wp.kristdemokraterna.se\/oxelosund\/textsida-fullbredd\/snyggare-tryggare-okle\/"},{"@type":"ListItem","position":4,"name":"Bygglov inom 2 v"}]},{"@type":"WebSite","@id":"https:\/\/wp.kristdemokraterna.se\/oxelosund\/#website","url":"https:\/\/wp.kristdemokraterna.se\/oxelosund\/","name":"Kristdemokraterna | Oxel\u00f6sund","description":"Kuststaden i Hj\u00e4rtlandet","inLanguage":"sv-SE"}]}},"_links":{"self":[{"href":"https:\/\/wp.kristdemokraterna.se\/oxelosund\/wp-json\/wp\/v2\/pages\/788","targetHints":{"allow":["GET"]}}],"collection":[{"href":"https:\/\/wp.kristdemokraterna.se\/oxelosund\/wp-json\/wp\/v2\/pages"}],"about":[{"href":"https:\/\/wp.kristdemokraterna.se\/oxelosund\/wp-json\/wp\/v2\/types\/page"}],"author":[{"embeddable":true,"href":"https:\/\/wp.kristdemokraterna.se\/oxelosund\/wp-json\/wp\/v2\/users\/1005"}],"replies":[{"embeddable":true,"href":"https:\/\/wp.kristdemokraterna.se\/oxelosund\/wp-json\/wp\/v2\/comments?post=788"}],"version-history":[{"count":10,"href":"https:\/\/wp.kristdemokraterna.se\/oxelosund\/wp-json\/wp\/v2\/pages\/788\/revisions"}],"predecessor-version":[{"id":1485,"href":"https:\/\/wp.kristdemokraterna.se\/oxelosund\/wp-json\/wp\/v2\/pages\/788\/revisions\/1485"}],"up":[{"embeddable":true,"href":"https:\/\/wp.kristdemokraterna.se\/oxelosund\/wp-json\/wp\/v2\/pages\/742"}],"wp:featuredmedia":[{"embeddable":true,"href":"https:\/\/wp.kristdemokraterna.se\/oxelosund\/wp-json\/"}],"wp:attachment":[{"href":"https:\/\/wp.kristdemokraterna.se\/oxelosund\/wp-json\/wp\/v2\/media?parent=788"}],"curies":[{"name":"wp","href":"https:\/\/api.w.org\/{rel}","templated":true}]}}