{"id":790,"date":"2022-04-12T17:58:52","date_gmt":"2022-04-12T15:58:52","guid":{"rendered":"https:\/\/wp.kristdemokraterna.se\/oxelosund\/?page_id=790"},"modified":"2022-04-12T17:58:52","modified_gmt":"2022-04-12T15:58:52","slug":"bygg-oxelo-sjostad","status":"publish","type":"page","link":"https:\/\/wp.kristdemokraterna.se\/oxelosund\/textsida-fullbredd\/snyggare-tryggare-okle\/bygg-oxelo-sjostad\/","title":{"rendered":"Bygg Oxel\u00f6 Sj\u00f6stad"},"content":{"rendered":"<p>Vi vill se bost\u00e4der p\u00e5 hela det gamla \u201dB\u00e5t &amp; Motor-omr\u00e5det\u201d. Detta kan bli ett prestigeprojekt f\u00f6r Oxel\u00f6sund, med stora int\u00e4kter och fin PR.<\/p>\n<p>Varf\u00f6r?<\/p>\n<ul>\n<li style=\"list-style-type: none\">\n<ul>\n<li style=\"list-style-type: none\">\n<ul>\n<li>Nya bost\u00e4der ger framtidstro!<\/li>\n<li>Vi ska ha god inflyttning och v\u00e5ra ungdomar ska vilja bo kvar<\/li>\n<li>Att generationer blandas \u00e4r bra f\u00f6r samh\u00e4llets gemenskap<\/li>\n<\/ul>\n<\/li>\n<\/ul>\n<\/li>\n<\/ul>\n<p>Villabacken och Ramdalsh\u00f6jden kan f\u00e5 nya, moderna bost\u00e4der d\u00e4r det \u00e4ven finns med LSS-, \u00e4ldre- och trygghetsboenden. Sanera marken, g\u00f6r i ordning visningstomter och l\u00e5t byggf\u00f6retagen l\u00e4mna anbud!<\/p>\n","protected":false},"excerpt":{"rendered":"<p>Vi vill se bost\u00e4der p\u00e5 hela det gamla \u201dB\u00e5t &amp; Motor-omr\u00e5det\u201d. Detta kan bli ett prestigeprojekt f\u00f6r Oxel\u00f6sund, med stora int\u00e4kter och fin PR. Varf\u00f6r? Nya bost\u00e4der ger framtidstro! Vi ska ha god inflyttning och v\u00e5ra ungdomar ska vilja bo kvar Att generationer blandas \u00e4r bra f\u00f6r samh\u00e4llets gemenskap Villabacken och Ramdalsh\u00f6jden kan f\u00e5 nya, <a class=\"read-more-link\" href=\"https:\/\/wp.kristdemokraterna.se\/oxelosund\/textsida-fullbredd\/snyggare-tryggare-okle\/bygg-oxelo-sjostad\/\">L\u00e4s mer<\/a><\/p>\n","protected":false},"author":1005,"featured_media":714,"parent":742,"menu_order":0,"comment_status":"closed","ping_status":"closed","template":"","meta":{"_acf_changed":false,"footnotes":""},"class_list":["post-790","page","type-page","status-publish","hentry"],"acf":[],"yoast_head":"<!-- This site is optimized with the Yoast SEO plugin v27.4 - https:\/\/yoast.com\/product\/yoast-seo-wordpress\/ -->\n<title>Bygg Oxel\u00f6 Sj\u00f6stad - Kristdemokraterna | Oxel\u00f6sund<\/title>\n<meta name=\"robots\" content=\"index, follow, max-snippet:-1, max-image-preview:large, max-video-preview:-1\" \/>\n<link rel=\"canonical\" href=\"https:\/\/wp.kristdemokraterna.se\/oxelosund\/textsida-fullbredd\/snyggare-tryggare-okle\/bygg-oxelo-sjostad\/\" \/>\n<meta property=\"og:locale\" content=\"sv_SE\" \/>\n<meta property=\"og:type\" content=\"article\" \/>\n<meta property=\"og:title\" content=\"Bygg Oxel\u00f6 Sj\u00f6stad - Kristdemokraterna | Oxel\u00f6sund\" \/>\n<meta property=\"og:description\" content=\"Vi vill se bost\u00e4der p\u00e5 hela det gamla \u201dB\u00e5t &amp; Motor-omr\u00e5det\u201d. Detta kan bli ett prestigeprojekt f\u00f6r Oxel\u00f6sund, med stora int\u00e4kter och fin PR. Varf\u00f6r? Nya bost\u00e4der ger framtidstro! Vi ska ha god inflyttning och v\u00e5ra ungdomar ska vilja bo kvar Att generationer blandas \u00e4r bra f\u00f6r samh\u00e4llets gemenskap Villabacken och Ramdalsh\u00f6jden kan f\u00e5 nya, L\u00e4s mer\" \/>\n<meta property=\"og:url\" content=\"https:\/\/wp.kristdemokraterna.se\/oxelosund\/textsida-fullbredd\/snyggare-tryggare-okle\/bygg-oxelo-sjostad\/\" \/>\n<meta property=\"og:site_name\" content=\"Kristdemokraterna | Oxel\u00f6sund\" \/>\n<meta name=\"twitter:card\" content=\"summary_large_image\" \/>\n<script type=\"application\/ld+json\" class=\"yoast-schema-graph\">{\"@context\":\"https:\\\/\\\/schema.org\",\"@graph\":[{\"@type\":\"WebPage\",\"@id\":\"https:\\\/\\\/wp.kristdemokraterna.se\\\/oxelosund\\\/textsida-fullbredd\\\/snyggare-tryggare-okle\\\/bygg-oxelo-sjostad\\\/\",\"url\":\"https:\\\/\\\/wp.kristdemokraterna.se\\\/oxelosund\\\/textsida-fullbredd\\\/snyggare-tryggare-okle\\\/bygg-oxelo-sjostad\\\/\",\"name\":\"Bygg Oxel\u00f6 Sj\u00f6stad - Kristdemokraterna | Oxel\u00f6sund\",\"isPartOf\":{\"@id\":\"https:\\\/\\\/wp.kristdemokraterna.se\\\/oxelosund\\\/#website\"},\"primaryImageOfPage\":{\"@id\":\"https:\\\/\\\/wp.kristdemokraterna.se\\\/oxelosund\\\/textsida-fullbredd\\\/snyggare-tryggare-okle\\\/bygg-oxelo-sjostad\\\/#primaryimage\"},\"image\":{\"@id\":\"https:\\\/\\\/wp.kristdemokraterna.se\\\/oxelosund\\\/textsida-fullbredd\\\/snyggare-tryggare-okle\\\/bygg-oxelo-sjostad\\\/#primaryimage\"},\"thumbnailUrl\":\"\",\"datePublished\":\"2022-04-12T15:58:52+00:00\",\"breadcrumb\":{\"@id\":\"https:\\\/\\\/wp.kristdemokraterna.se\\\/oxelosund\\\/textsida-fullbredd\\\/snyggare-tryggare-okle\\\/bygg-oxelo-sjostad\\\/#breadcrumb\"},\"inLanguage\":\"sv-SE\",\"potentialAction\":[{\"@type\":\"ReadAction\",\"target\":[\"https:\\\/\\\/wp.kristdemokraterna.se\\\/oxelosund\\\/textsida-fullbredd\\\/snyggare-tryggare-okle\\\/bygg-oxelo-sjostad\\\/\"]}]},{\"@type\":\"ImageObject\",\"inLanguage\":\"sv-SE\",\"@id\":\"https:\\\/\\\/wp.kristdemokraterna.se\\\/oxelosund\\\/textsida-fullbredd\\\/snyggare-tryggare-okle\\\/bygg-oxelo-sjostad\\\/#primaryimage\",\"url\":\"\",\"contentUrl\":\"\"},{\"@type\":\"BreadcrumbList\",\"@id\":\"https:\\\/\\\/wp.kristdemokraterna.se\\\/oxelosund\\\/textsida-fullbredd\\\/snyggare-tryggare-okle\\\/bygg-oxelo-sjostad\\\/#breadcrumb\",\"itemListElement\":[{\"@type\":\"ListItem\",\"position\":1,\"name\":\"Hem\",\"item\":\"https:\\\/\\\/wp.kristdemokraterna.se\\\/oxelosund\\\/\"},{\"@type\":\"ListItem\",\"position\":2,\"name\":\"V\u00e5ra f\u00f6rslag\",\"item\":\"https:\\\/\\\/wp.kristdemokraterna.se\\\/oxelosund\\\/textsida-fullbredd\\\/\"},{\"@type\":\"ListItem\",\"position\":3,\"name\":\"Snyggare tryggare Okle\",\"item\":\"https:\\\/\\\/wp.kristdemokraterna.se\\\/oxelosund\\\/textsida-fullbredd\\\/snyggare-tryggare-okle\\\/\"},{\"@type\":\"ListItem\",\"position\":4,\"name\":\"Bygg Oxel\u00f6 Sj\u00f6stad\"}]},{\"@type\":\"WebSite\",\"@id\":\"https:\\\/\\\/wp.kristdemokraterna.se\\\/oxelosund\\\/#website\",\"url\":\"https:\\\/\\\/wp.kristdemokraterna.se\\\/oxelosund\\\/\",\"name\":\"Kristdemokraterna | Oxel\u00f6sund\",\"description\":\"Kuststaden i Hj\u00e4rtlandet\",\"inLanguage\":\"sv-SE\"}]}<\/script>\n<!-- \/ Yoast SEO plugin. -->","yoast_head_json":{"title":"Bygg Oxel\u00f6 Sj\u00f6stad - Kristdemokraterna | Oxel\u00f6sund","robots":{"index":"index","follow":"follow","max-snippet":"max-snippet:-1","max-image-preview":"max-image-preview:large","max-video-preview":"max-video-preview:-1"},"canonical":"https:\/\/wp.kristdemokraterna.se\/oxelosund\/textsida-fullbredd\/snyggare-tryggare-okle\/bygg-oxelo-sjostad\/","og_locale":"sv_SE","og_type":"article","og_title":"Bygg Oxel\u00f6 Sj\u00f6stad - Kristdemokraterna | Oxel\u00f6sund","og_description":"Vi vill se bost\u00e4der p\u00e5 hela det gamla \u201dB\u00e5t &amp; Motor-omr\u00e5det\u201d. Detta kan bli ett prestigeprojekt f\u00f6r Oxel\u00f6sund, med stora int\u00e4kter och fin PR. Varf\u00f6r? Nya bost\u00e4der ger framtidstro! Vi ska ha god inflyttning och v\u00e5ra ungdomar ska vilja bo kvar Att generationer blandas \u00e4r bra f\u00f6r samh\u00e4llets gemenskap Villabacken och Ramdalsh\u00f6jden kan f\u00e5 nya, L\u00e4s mer","og_url":"https:\/\/wp.kristdemokraterna.se\/oxelosund\/textsida-fullbredd\/snyggare-tryggare-okle\/bygg-oxelo-sjostad\/","og_site_name":"Kristdemokraterna | Oxel\u00f6sund","twitter_card":"summary_large_image","schema":{"@context":"https:\/\/schema.org","@graph":[{"@type":"WebPage","@id":"https:\/\/wp.kristdemokraterna.se\/oxelosund\/textsida-fullbredd\/snyggare-tryggare-okle\/bygg-oxelo-sjostad\/","url":"https:\/\/wp.kristdemokraterna.se\/oxelosund\/textsida-fullbredd\/snyggare-tryggare-okle\/bygg-oxelo-sjostad\/","name":"Bygg Oxel\u00f6 Sj\u00f6stad - Kristdemokraterna | Oxel\u00f6sund","isPartOf":{"@id":"https:\/\/wp.kristdemokraterna.se\/oxelosund\/#website"},"primaryImageOfPage":{"@id":"https:\/\/wp.kristdemokraterna.se\/oxelosund\/textsida-fullbredd\/snyggare-tryggare-okle\/bygg-oxelo-sjostad\/#primaryimage"},"image":{"@id":"https:\/\/wp.kristdemokraterna.se\/oxelosund\/textsida-fullbredd\/snyggare-tryggare-okle\/bygg-oxelo-sjostad\/#primaryimage"},"thumbnailUrl":"","datePublished":"2022-04-12T15:58:52+00:00","breadcrumb":{"@id":"https:\/\/wp.kristdemokraterna.se\/oxelosund\/textsida-fullbredd\/snyggare-tryggare-okle\/bygg-oxelo-sjostad\/#breadcrumb"},"inLanguage":"sv-SE","potentialAction":[{"@type":"ReadAction","target":["https:\/\/wp.kristdemokraterna.se\/oxelosund\/textsida-fullbredd\/snyggare-tryggare-okle\/bygg-oxelo-sjostad\/"]}]},{"@type":"ImageObject","inLanguage":"sv-SE","@id":"https:\/\/wp.kristdemokraterna.se\/oxelosund\/textsida-fullbredd\/snyggare-tryggare-okle\/bygg-oxelo-sjostad\/#primaryimage","url":"","contentUrl":""},{"@type":"BreadcrumbList","@id":"https:\/\/wp.kristdemokraterna.se\/oxelosund\/textsida-fullbredd\/snyggare-tryggare-okle\/bygg-oxelo-sjostad\/#breadcrumb","itemListElement":[{"@type":"ListItem","position":1,"name":"Hem","item":"https:\/\/wp.kristdemokraterna.se\/oxelosund\/"},{"@type":"ListItem","position":2,"name":"V\u00e5ra f\u00f6rslag","item":"https:\/\/wp.kristdemokraterna.se\/oxelosund\/textsida-fullbredd\/"},{"@type":"ListItem","position":3,"name":"Snyggare tryggare Okle","item":"https:\/\/wp.kristdemokraterna.se\/oxelosund\/textsida-fullbredd\/snyggare-tryggare-okle\/"},{"@type":"ListItem","position":4,"name":"Bygg Oxel\u00f6 Sj\u00f6stad"}]},{"@type":"WebSite","@id":"https:\/\/wp.kristdemokraterna.se\/oxelosund\/#website","url":"https:\/\/wp.kristdemokraterna.se\/oxelosund\/","name":"Kristdemokraterna | Oxel\u00f6sund","description":"Kuststaden i Hj\u00e4rtlandet","inLanguage":"sv-SE"}]}},"_links":{"self":[{"href":"https:\/\/wp.kristdemokraterna.se\/oxelosund\/wp-json\/wp\/v2\/pages\/790","targetHints":{"allow":["GET"]}}],"collection":[{"href":"https:\/\/wp.kristdemokraterna.se\/oxelosund\/wp-json\/wp\/v2\/pages"}],"about":[{"href":"https:\/\/wp.kristdemokraterna.se\/oxelosund\/wp-json\/wp\/v2\/types\/page"}],"author":[{"embeddable":true,"href":"https:\/\/wp.kristdemokraterna.se\/oxelosund\/wp-json\/wp\/v2\/users\/1005"}],"replies":[{"embeddable":true,"href":"https:\/\/wp.kristdemokraterna.se\/oxelosund\/wp-json\/wp\/v2\/comments?post=790"}],"version-history":[{"count":1,"href":"https:\/\/wp.kristdemokraterna.se\/oxelosund\/wp-json\/wp\/v2\/pages\/790\/revisions"}],"predecessor-version":[{"id":791,"href":"https:\/\/wp.kristdemokraterna.se\/oxelosund\/wp-json\/wp\/v2\/pages\/790\/revisions\/791"}],"up":[{"embeddable":true,"href":"https:\/\/wp.kristdemokraterna.se\/oxelosund\/wp-json\/wp\/v2\/pages\/742"}],"wp:featuredmedia":[{"embeddable":true,"href":"https:\/\/wp.kristdemokraterna.se\/oxelosund\/wp-json\/"}],"wp:attachment":[{"href":"https:\/\/wp.kristdemokraterna.se\/oxelosund\/wp-json\/wp\/v2\/media?parent=790"}],"curies":[{"name":"wp","href":"https:\/\/api.w.org\/{rel}","templated":true}]}}