{"id":794,"date":"2022-04-12T17:59:59","date_gmt":"2022-04-12T15:59:59","guid":{"rendered":"https:\/\/wp.kristdemokraterna.se\/oxelosund\/?page_id=794"},"modified":"2022-09-05T14:09:42","modified_gmt":"2022-09-05T12:09:42","slug":"utegym-pa-jogerso","status":"publish","type":"page","link":"https:\/\/wp.kristdemokraterna.se\/oxelosund\/textsida-fullbredd\/snyggare-tryggare-okle\/utegym-pa-jogerso\/","title":{"rendered":"Utegym p\u00e5 Jogers\u00f6"},"content":{"rendered":"<div id=\"attachment_896\" style=\"width: 310px\" class=\"wp-caption alignnone\"><a href=\"https:\/\/wp.kristdemokraterna.se\/oxelosund\/files\/2022\/05\/21c50ae6-b0c7-4e56-aa9d-1894b964b4a3-e1661976600428.jpeg\"><img loading=\"lazy\" decoding=\"async\" aria-describedby=\"caption-attachment-896\" class=\"size-medium wp-image-896\" src=\"https:\/\/wp.kristdemokraterna.se\/oxelosund\/files\/2022\/05\/21c50ae6-b0c7-4e56-aa9d-1894b964b4a3-300x225.jpeg\" alt=\"Bild p\u00e5 ett utegym med tr\u00e4konstruktioner p\u00e5 gr\u00e4smark. Skogsdunge i bakgrunden och bl\u00e5 himmel.\" width=\"300\" height=\"225\" \/><\/a><p id=\"caption-attachment-896\" class=\"wp-caption-text\"><em>Ett utegym fr\u00e5n f\u00f6retaget Ute-gym.se byggt i Habingbo p\u00e5 Gotland<\/em><\/p><\/div>\n<h2>Utegym p\u00e5 Jogers\u00f6 f\u00f6r v\u00e5r h\u00e4lsa och gemenskap<\/h2>\n<p>Vi vill se ett modernt utegym p\u00e5 Jogers\u00f6, eller varf\u00f6r inte p\u00e5 flera platser i Oxel\u00f6sund? \u00a0Bilden \u00f6verst \u00e4r fr\u00e5n f\u00f6retaget <a href=\"http:\/\/www.ute-gym.se\">Ute-gym.se<\/a> och deras anl\u00e4ggning i Habingbo p\u00e5 Gotland. Men det finns m\u00e5nga leverant\u00f6rer av f\u00e4rdiga modeller som kan monteras snabbt: \u00a0<strong>Utform, Unisport, Tress<\/strong> och <strong>Folk-lek<\/strong> heter n\u00e5gra av f\u00f6retagen.<\/p>\n<h3>Tillg\u00e4nglighet viktigt<\/h3>\n<p>En viktig aspekt \u00e4r tillg\u00e4ngligheten f\u00f6r rullstolsburna eller andra med funktionsvariation. \u00a0Se fler bilder nedan, och bes\u00f6k g\u00e4rna de n\u00e4mnda f\u00f6retagens hemsidor. F\u00f6rutom argumenten kring folkh\u00e4lsa \u2013 att vi beh\u00f6ver motverka stillasittandet framf\u00f6r datask\u00e4rmar, och stimulera fysiska aktiviteter utomhus \u2013 s\u00e5 \u00e4r gemenskap en viktig fr\u00e5ga.<\/p>\n<div id=\"attachment_898\" style=\"width: 310px\" class=\"wp-caption alignnone\"><a href=\"https:\/\/wp.kristdemokraterna.se\/oxelosund\/files\/2022\/05\/t.17tg-ryggdrag-demo-e1661976612183.jpg\"><img loading=\"lazy\" decoding=\"async\" aria-describedby=\"caption-attachment-898\" class=\"size-medium wp-image-898\" src=\"https:\/\/wp.kristdemokraterna.se\/oxelosund\/files\/2022\/05\/t.17tg-ryggdrag-demo-300x150.jpg\" alt=\"Bild p\u00e5 kvinna i rullstol som tr\u00e4nar i ett utegym\" width=\"300\" height=\"150\" \/><\/a><p id=\"caption-attachment-898\" class=\"wp-caption-text\"><em>Tillg\u00e4nglighet gillar vi! Utegym ska stimulera spontan gemenskap<\/em><\/p><\/div>\n<h3>Naturliga samlingsplatser<\/h3>\n<p>Ett utegym p\u00e5 Jogers\u00f6 kan l\u00e5ta som ett banalt f\u00f6rslag, men det handlar om naturliga samlingsplatser. Dessa \u00e4r viktiga i samh\u00e4llet. Ensamheten \u00e4r redan ett j\u00e4tteproblem i Sverige, och den finns naturligtvis \u00e4ven h\u00e4r i Oxel\u00f6sund, och d\u00e4rf\u00f6r m\u00e5ste vi agera f\u00f6r att st\u00e4rka gemenskapen. Och d\u00e5 har ett utegym m\u00e5nga f\u00f6rdelar: \u00a0alltid \u00f6ppet, gratis, tillg\u00e4ngligt f\u00f6r alla, enkelt att anv\u00e4nda osv. H\u00e4r kan m\u00e5nga spontana m\u00f6ten uppst\u00e5 mellan m\u00e4nniskor som annars aldrig tr\u00e4ffas.<\/p>\n<h3>Utegym p\u00e5 Jogers\u00f6 ing\u00e5r i en st\u00f6rre bild<\/h3>\n<p>KD vill att alla de olika platser som kan uppmuntra till spontanidrott ska identifieras och tas med i detaljplaneringen f\u00f6r Oxel\u00f6sunds kommun. Den fysiska planeringen ska beakta v\u00e4rdet av naturliga samlingsplatser, spontan gemenskap och friluftsliv.\u00a0KD anser ocks\u00e5 att fysiska aktiviteter och \u201dgr\u00f6n rehabilitering\u201d p\u00e5 recept b\u00f6r kunna vara ett alternativ till medicinering.<span class=\"Apple-converted-space\">\u00a0Eller i\u00a0varje fall som\u00a0komplement.<\/span><\/p>\n<div id=\"attachment_899\" style=\"width: 310px\" class=\"wp-caption alignnone\"><a href=\"https:\/\/wp.kristdemokraterna.se\/oxelosund\/files\/2022\/05\/bygga-utegym-utomhusgym-unisport.jpg\"><img loading=\"lazy\" decoding=\"async\" aria-describedby=\"caption-attachment-899\" class=\"size-medium wp-image-899\" src=\"https:\/\/wp.kristdemokraterna.se\/oxelosund\/files\/2022\/05\/bygga-utegym-utomhusgym-unisport-300x162.jpg\" alt=\"M\u00e5nga personer som tr\u00e4nar i ett utegym\" width=\"300\" height=\"162\" \/><\/a><p id=\"caption-attachment-899\" class=\"wp-caption-text\"><em>Exempel p\u00e5 utegym fr\u00e5n Unisport<\/em><\/p><\/div>\n","protected":false},"excerpt":{"rendered":"<p>Utegym p\u00e5 Jogers\u00f6 f\u00f6r v\u00e5r h\u00e4lsa och gemenskap Vi vill se ett modernt utegym p\u00e5 Jogers\u00f6, eller varf\u00f6r inte p\u00e5 flera platser i Oxel\u00f6sund? \u00a0Bilden \u00f6verst \u00e4r fr\u00e5n f\u00f6retaget Ute-gym.se och deras anl\u00e4ggning i Habingbo p\u00e5 Gotland. Men det finns m\u00e5nga leverant\u00f6rer av f\u00e4rdiga modeller som kan monteras snabbt: \u00a0Utform, Unisport, Tress och Folk-lek heter <a class=\"read-more-link\" href=\"https:\/\/wp.kristdemokraterna.se\/oxelosund\/textsida-fullbredd\/snyggare-tryggare-okle\/utegym-pa-jogerso\/\">L\u00e4s mer<\/a><\/p>\n","protected":false},"author":1005,"featured_media":714,"parent":742,"menu_order":0,"comment_status":"closed","ping_status":"closed","template":"","meta":{"_acf_changed":false,"footnotes":""},"class_list":["post-794","page","type-page","status-publish","hentry"],"acf":[],"yoast_head":"<!-- This site is optimized with the Yoast SEO plugin v27.3 - https:\/\/yoast.com\/product\/yoast-seo-wordpress\/ -->\n<title>Utegym p\u00e5 Jogers\u00f6 - Kristdemokraterna | Oxel\u00f6sund<\/title>\n<meta name=\"description\" content=\"Ett utegym p\u00e5 Jogers\u00f6 skulle motverka stillasittandet, gynna folkh\u00e4lsan och stimulera spontan gemenskap. Vi beh\u00f6ver mer s\u00e5nt i Okle.\" \/>\n<meta name=\"robots\" content=\"index, follow, max-snippet:-1, max-image-preview:large, max-video-preview:-1\" \/>\n<link rel=\"canonical\" href=\"https:\/\/wp.kristdemokraterna.se\/oxelosund\/textsida-fullbredd\/snyggare-tryggare-okle\/utegym-pa-jogerso\/\" \/>\n<meta property=\"og:locale\" content=\"sv_SE\" \/>\n<meta property=\"og:type\" content=\"article\" \/>\n<meta property=\"og:title\" content=\"Utegym p\u00e5 Jogers\u00f6 - Kristdemokraterna | Oxel\u00f6sund\" \/>\n<meta property=\"og:description\" content=\"Ett utegym p\u00e5 Jogers\u00f6 skulle motverka stillasittandet, gynna folkh\u00e4lsan och stimulera spontan gemenskap. Vi beh\u00f6ver mer s\u00e5nt i Okle.\" \/>\n<meta property=\"og:url\" content=\"https:\/\/wp.kristdemokraterna.se\/oxelosund\/textsida-fullbredd\/snyggare-tryggare-okle\/utegym-pa-jogerso\/\" \/>\n<meta property=\"og:site_name\" content=\"Kristdemokraterna | Oxel\u00f6sund\" \/>\n<meta property=\"article:modified_time\" content=\"2022-09-05T12:09:42+00:00\" \/>\n<meta property=\"og:image\" content=\"https:\/\/wp.kristdemokraterna.se\/oxelosund\/files\/2022\/05\/21c50ae6-b0c7-4e56-aa9d-1894b964b4a3-300x225.jpeg\" \/>\n<meta name=\"twitter:card\" content=\"summary_large_image\" \/>\n<meta name=\"twitter:label1\" content=\"Ber\u00e4knad l\u00e4stid\" \/>\n\t<meta name=\"twitter:data1\" content=\"2 minuter\" \/>\n<script type=\"application\/ld+json\" class=\"yoast-schema-graph\">{\"@context\":\"https:\\\/\\\/schema.org\",\"@graph\":[{\"@type\":\"WebPage\",\"@id\":\"https:\\\/\\\/wp.kristdemokraterna.se\\\/oxelosund\\\/textsida-fullbredd\\\/snyggare-tryggare-okle\\\/utegym-pa-jogerso\\\/\",\"url\":\"https:\\\/\\\/wp.kristdemokraterna.se\\\/oxelosund\\\/textsida-fullbredd\\\/snyggare-tryggare-okle\\\/utegym-pa-jogerso\\\/\",\"name\":\"Utegym p\u00e5 Jogers\u00f6 - Kristdemokraterna | Oxel\u00f6sund\",\"isPartOf\":{\"@id\":\"https:\\\/\\\/wp.kristdemokraterna.se\\\/oxelosund\\\/#website\"},\"primaryImageOfPage\":{\"@id\":\"https:\\\/\\\/wp.kristdemokraterna.se\\\/oxelosund\\\/textsida-fullbredd\\\/snyggare-tryggare-okle\\\/utegym-pa-jogerso\\\/#primaryimage\"},\"image\":{\"@id\":\"https:\\\/\\\/wp.kristdemokraterna.se\\\/oxelosund\\\/textsida-fullbredd\\\/snyggare-tryggare-okle\\\/utegym-pa-jogerso\\\/#primaryimage\"},\"thumbnailUrl\":\"\",\"datePublished\":\"2022-04-12T15:59:59+00:00\",\"dateModified\":\"2022-09-05T12:09:42+00:00\",\"description\":\"Ett utegym p\u00e5 Jogers\u00f6 skulle motverka stillasittandet, gynna folkh\u00e4lsan och stimulera spontan gemenskap. Vi beh\u00f6ver mer s\u00e5nt i Okle.\",\"breadcrumb\":{\"@id\":\"https:\\\/\\\/wp.kristdemokraterna.se\\\/oxelosund\\\/textsida-fullbredd\\\/snyggare-tryggare-okle\\\/utegym-pa-jogerso\\\/#breadcrumb\"},\"inLanguage\":\"sv-SE\",\"potentialAction\":[{\"@type\":\"ReadAction\",\"target\":[\"https:\\\/\\\/wp.kristdemokraterna.se\\\/oxelosund\\\/textsida-fullbredd\\\/snyggare-tryggare-okle\\\/utegym-pa-jogerso\\\/\"]}]},{\"@type\":\"ImageObject\",\"inLanguage\":\"sv-SE\",\"@id\":\"https:\\\/\\\/wp.kristdemokraterna.se\\\/oxelosund\\\/textsida-fullbredd\\\/snyggare-tryggare-okle\\\/utegym-pa-jogerso\\\/#primaryimage\",\"url\":\"\",\"contentUrl\":\"\"},{\"@type\":\"BreadcrumbList\",\"@id\":\"https:\\\/\\\/wp.kristdemokraterna.se\\\/oxelosund\\\/textsida-fullbredd\\\/snyggare-tryggare-okle\\\/utegym-pa-jogerso\\\/#breadcrumb\",\"itemListElement\":[{\"@type\":\"ListItem\",\"position\":1,\"name\":\"Hem\",\"item\":\"https:\\\/\\\/wp.kristdemokraterna.se\\\/oxelosund\\\/\"},{\"@type\":\"ListItem\",\"position\":2,\"name\":\"V\u00e5ra f\u00f6rslag\",\"item\":\"https:\\\/\\\/wp.kristdemokraterna.se\\\/oxelosund\\\/textsida-fullbredd\\\/\"},{\"@type\":\"ListItem\",\"position\":3,\"name\":\"Snyggare tryggare Okle\",\"item\":\"https:\\\/\\\/wp.kristdemokraterna.se\\\/oxelosund\\\/textsida-fullbredd\\\/snyggare-tryggare-okle\\\/\"},{\"@type\":\"ListItem\",\"position\":4,\"name\":\"Utegym p\u00e5 Jogers\u00f6\"}]},{\"@type\":\"WebSite\",\"@id\":\"https:\\\/\\\/wp.kristdemokraterna.se\\\/oxelosund\\\/#website\",\"url\":\"https:\\\/\\\/wp.kristdemokraterna.se\\\/oxelosund\\\/\",\"name\":\"Kristdemokraterna | Oxel\u00f6sund\",\"description\":\"Kuststaden i Hj\u00e4rtlandet\",\"inLanguage\":\"sv-SE\"}]}<\/script>\n<!-- \/ Yoast SEO plugin. -->","yoast_head_json":{"title":"Utegym p\u00e5 Jogers\u00f6 - Kristdemokraterna | Oxel\u00f6sund","description":"Ett utegym p\u00e5 Jogers\u00f6 skulle motverka stillasittandet, gynna folkh\u00e4lsan och stimulera spontan gemenskap. Vi beh\u00f6ver mer s\u00e5nt i Okle.","robots":{"index":"index","follow":"follow","max-snippet":"max-snippet:-1","max-image-preview":"max-image-preview:large","max-video-preview":"max-video-preview:-1"},"canonical":"https:\/\/wp.kristdemokraterna.se\/oxelosund\/textsida-fullbredd\/snyggare-tryggare-okle\/utegym-pa-jogerso\/","og_locale":"sv_SE","og_type":"article","og_title":"Utegym p\u00e5 Jogers\u00f6 - Kristdemokraterna | Oxel\u00f6sund","og_description":"Ett utegym p\u00e5 Jogers\u00f6 skulle motverka stillasittandet, gynna folkh\u00e4lsan och stimulera spontan gemenskap. Vi beh\u00f6ver mer s\u00e5nt i Okle.","og_url":"https:\/\/wp.kristdemokraterna.se\/oxelosund\/textsida-fullbredd\/snyggare-tryggare-okle\/utegym-pa-jogerso\/","og_site_name":"Kristdemokraterna | Oxel\u00f6sund","article_modified_time":"2022-09-05T12:09:42+00:00","og_image":[{"url":"https:\/\/wp.kristdemokraterna.se\/oxelosund\/files\/2022\/05\/21c50ae6-b0c7-4e56-aa9d-1894b964b4a3-300x225.jpeg","type":"","width":"","height":""}],"twitter_card":"summary_large_image","twitter_misc":{"Ber\u00e4knad l\u00e4stid":"2 minuter"},"schema":{"@context":"https:\/\/schema.org","@graph":[{"@type":"WebPage","@id":"https:\/\/wp.kristdemokraterna.se\/oxelosund\/textsida-fullbredd\/snyggare-tryggare-okle\/utegym-pa-jogerso\/","url":"https:\/\/wp.kristdemokraterna.se\/oxelosund\/textsida-fullbredd\/snyggare-tryggare-okle\/utegym-pa-jogerso\/","name":"Utegym p\u00e5 Jogers\u00f6 - Kristdemokraterna | Oxel\u00f6sund","isPartOf":{"@id":"https:\/\/wp.kristdemokraterna.se\/oxelosund\/#website"},"primaryImageOfPage":{"@id":"https:\/\/wp.kristdemokraterna.se\/oxelosund\/textsida-fullbredd\/snyggare-tryggare-okle\/utegym-pa-jogerso\/#primaryimage"},"image":{"@id":"https:\/\/wp.kristdemokraterna.se\/oxelosund\/textsida-fullbredd\/snyggare-tryggare-okle\/utegym-pa-jogerso\/#primaryimage"},"thumbnailUrl":"","datePublished":"2022-04-12T15:59:59+00:00","dateModified":"2022-09-05T12:09:42+00:00","description":"Ett utegym p\u00e5 Jogers\u00f6 skulle motverka stillasittandet, gynna folkh\u00e4lsan och stimulera spontan gemenskap. Vi beh\u00f6ver mer s\u00e5nt i Okle.","breadcrumb":{"@id":"https:\/\/wp.kristdemokraterna.se\/oxelosund\/textsida-fullbredd\/snyggare-tryggare-okle\/utegym-pa-jogerso\/#breadcrumb"},"inLanguage":"sv-SE","potentialAction":[{"@type":"ReadAction","target":["https:\/\/wp.kristdemokraterna.se\/oxelosund\/textsida-fullbredd\/snyggare-tryggare-okle\/utegym-pa-jogerso\/"]}]},{"@type":"ImageObject","inLanguage":"sv-SE","@id":"https:\/\/wp.kristdemokraterna.se\/oxelosund\/textsida-fullbredd\/snyggare-tryggare-okle\/utegym-pa-jogerso\/#primaryimage","url":"","contentUrl":""},{"@type":"BreadcrumbList","@id":"https:\/\/wp.kristdemokraterna.se\/oxelosund\/textsida-fullbredd\/snyggare-tryggare-okle\/utegym-pa-jogerso\/#breadcrumb","itemListElement":[{"@type":"ListItem","position":1,"name":"Hem","item":"https:\/\/wp.kristdemokraterna.se\/oxelosund\/"},{"@type":"ListItem","position":2,"name":"V\u00e5ra f\u00f6rslag","item":"https:\/\/wp.kristdemokraterna.se\/oxelosund\/textsida-fullbredd\/"},{"@type":"ListItem","position":3,"name":"Snyggare tryggare Okle","item":"https:\/\/wp.kristdemokraterna.se\/oxelosund\/textsida-fullbredd\/snyggare-tryggare-okle\/"},{"@type":"ListItem","position":4,"name":"Utegym p\u00e5 Jogers\u00f6"}]},{"@type":"WebSite","@id":"https:\/\/wp.kristdemokraterna.se\/oxelosund\/#website","url":"https:\/\/wp.kristdemokraterna.se\/oxelosund\/","name":"Kristdemokraterna | Oxel\u00f6sund","description":"Kuststaden i Hj\u00e4rtlandet","inLanguage":"sv-SE"}]}},"_links":{"self":[{"href":"https:\/\/wp.kristdemokraterna.se\/oxelosund\/wp-json\/wp\/v2\/pages\/794","targetHints":{"allow":["GET"]}}],"collection":[{"href":"https:\/\/wp.kristdemokraterna.se\/oxelosund\/wp-json\/wp\/v2\/pages"}],"about":[{"href":"https:\/\/wp.kristdemokraterna.se\/oxelosund\/wp-json\/wp\/v2\/types\/page"}],"author":[{"embeddable":true,"href":"https:\/\/wp.kristdemokraterna.se\/oxelosund\/wp-json\/wp\/v2\/users\/1005"}],"replies":[{"embeddable":true,"href":"https:\/\/wp.kristdemokraterna.se\/oxelosund\/wp-json\/wp\/v2\/comments?post=794"}],"version-history":[{"count":6,"href":"https:\/\/wp.kristdemokraterna.se\/oxelosund\/wp-json\/wp\/v2\/pages\/794\/revisions"}],"predecessor-version":[{"id":1179,"href":"https:\/\/wp.kristdemokraterna.se\/oxelosund\/wp-json\/wp\/v2\/pages\/794\/revisions\/1179"}],"up":[{"embeddable":true,"href":"https:\/\/wp.kristdemokraterna.se\/oxelosund\/wp-json\/wp\/v2\/pages\/742"}],"wp:featuredmedia":[{"embeddable":true,"href":"https:\/\/wp.kristdemokraterna.se\/oxelosund\/wp-json\/"}],"wp:attachment":[{"href":"https:\/\/wp.kristdemokraterna.se\/oxelosund\/wp-json\/wp\/v2\/media?parent=794"}],"curies":[{"name":"wp","href":"https:\/\/api.w.org\/{rel}","templated":true}]}}