{"id":796,"date":"2022-04-12T18:00:50","date_gmt":"2022-04-12T16:00:50","guid":{"rendered":"https:\/\/wp.kristdemokraterna.se\/oxelosund\/?page_id=796"},"modified":"2022-09-07T18:21:09","modified_gmt":"2022-09-07T16:21:09","slug":"fixa-till-stan","status":"publish","type":"page","link":"https:\/\/wp.kristdemokraterna.se\/oxelosund\/textsida-fullbredd\/snyggare-tryggare-okle\/fixa-till-stan\/","title":{"rendered":"&#8221;Fixa till stan&#8221;"},"content":{"rendered":"<p>Det finns massor av enkla \u00e5tg\u00e4rder som skulle g\u00f6ra Oxel\u00f6sund trevligare, och dessutom underl\u00e4tta f\u00f6r folk med rullstol eller rullator. Vi s\u00e4ger: fixa det nu!<\/p>\n<ul>\n<li style=\"list-style-type: none\">\n<ul>\n<li style=\"list-style-type: none\">\n<ul>\n<li>Klotter ska bort direkt!<\/li>\n<li>Fasa av fler trottoarkanter<\/li>\n<li>Montera fler trafikspeglar<\/li>\n<li>Snygga till ut mot Gamla Oxel\u00f6sund, bakom Thams Villa och b\u00e5da husbilsparkeringarna.<\/li>\n<li>Sk\u00f6t b\u00e4ttre om kommunens frukttr\u00e4d, buskar, sopkorgar, sittplatser m.m.<\/li>\n<li>Forts\u00e4tt med programmet \u201dEnkelt avhj\u00e4lpta hinder\u201d<\/li>\n<\/ul>\n<\/li>\n<\/ul>\n<\/li>\n<\/ul>\n<div class=\"l7ghb35v kjdc1dyq kmwttqpk gh25dzvf jikcssrz n3t5jt4f\">\n<div dir=\"auto\">Detta gynnar alla. En attraktiv kommun f\u00e5r l\u00e4ttare inflyttning och nya f\u00f6retag.\u00a0Och kom ih\u00e5g: allt som st\u00f6r v\u00e5ra bes\u00f6kares 1:a intryck, s\u00e4nker ocks\u00e5 v\u00e5r egen sj\u00e4lvbild. En kommun som alltid reagerar l\u00e5ngsamt \u00e4r en tr\u00f6tt kommun som inte orkar bry sig. Klotter ska bort direkt!<\/div>\n<div dir=\"auto\"><\/div>\n<\/div>\n<div class=\"l7ghb35v kjdc1dyq kmwttqpk gh25dzvf jikcssrz n3t5jt4f\">\n<div dir=\"auto\">Sen finns det m\u00e5nga andra \u00e5tg\u00e4rder som skulle g\u00f6ra Oxel\u00f6sund tryggare och snyggare f\u00f6r folk med rullstol eller rullator. Som att fasa av fler trottoarkanter och montera fler gatuspeglar och belysning.<\/div>\n<div dir=\"auto\"><\/div>\n<div dir=\"auto\">\n<div id=\"attachment_1205\" style=\"width: 310px\" class=\"wp-caption alignnone\"><a href=\"https:\/\/wp.kristdemokraterna.se\/oxelosund\/files\/2022\/09\/fixa-till-stan-kdox-e1662565625602.jpeg\"><img loading=\"lazy\" decoding=\"async\" aria-describedby=\"caption-attachment-1205\" class=\"size-medium wp-image-1205\" src=\"https:\/\/wp.kristdemokraterna.se\/oxelosund\/files\/2022\/09\/fixa-till-stan-kdox-300x300.jpeg\" alt=\"Sk\u00e4rmdump fr\u00e5n appen Felanm\u00e4lan som handlar om att anm\u00e4lan fel och fixa till\" width=\"300\" height=\"300\" \/><\/a><p id=\"caption-attachment-1205\" class=\"wp-caption-text\"><em>Felanm\u00e4lan heter en bra app som vi borde ha i Oxel\u00f6sund<\/em><\/p><\/div>\n<\/div>\n<\/div>\n<div class=\"m8h3af8h l7ghb35v kjdc1dyq kmwttqpk gh25dzvf n3t5jt4f\">\n<div dir=\"auto\"><\/div>\n<div dir=\"auto\">Titta p\u00e5 bilden ovan. Den visar appen Felanm\u00e4lan Nyk\u00f6ping, som g\u00f6r att nyk\u00f6pingsborna snabbt kan anm\u00e4la saker som beh\u00f6ver \u00e5tg\u00e4rdas. Varf\u00f6r finns inte appen Felam\u00e4lan Oxel\u00f6sund?<\/div>\n<div dir=\"auto\"><\/div>\n<\/div>\n<div class=\"l7ghb35v kjdc1dyq kmwttqpk gh25dzvf jikcssrz n3t5jt4f\">\n<div dir=\"auto\">F\u00e5r vi best\u00e4mma, kommer Okle snart ha en s\u00e5dan app. S\u00e5 att du \u2014 p\u00e5 n\u00e5gra sekunder \u2014 kan anm\u00e4la fel du hittar. Och kommunen \u00e5tg\u00e4rdar inom 24 timmar (typ). Glaskross. Klotter. \u00d6verfulla sopk\u00e4rl. Trasiga lampor. Trasiga r\u00e4cken. Skymmande sly. F\u00f6rst\u00f6rda livbojar.<\/div>\n<div dir=\"auto\"><\/div>\n<div dir=\"auto\">Ja, du fattar\u2026 vi hj\u00e4lps \u00e5t att rapportera och skicka bilder p\u00e5 problem som m\u00e5ste fixas.<\/div>\n<\/div>\n<div class=\"l7ghb35v kjdc1dyq kmwttqpk gh25dzvf jikcssrz n3t5jt4f\"><\/div>\n<div class=\"l7ghb35v kjdc1dyq kmwttqpk gh25dzvf jikcssrz n3t5jt4f\">\n<div dir=\"auto\"><\/div>\n<\/div>\n","protected":false},"excerpt":{"rendered":"<p>Det finns massor av enkla \u00e5tg\u00e4rder som skulle g\u00f6ra Oxel\u00f6sund trevligare, och dessutom underl\u00e4tta f\u00f6r folk med rullstol eller rullator. Vi s\u00e4ger: fixa det nu! Klotter ska bort direkt! Fasa av fler trottoarkanter Montera fler trafikspeglar Snygga till ut mot Gamla Oxel\u00f6sund, bakom Thams Villa och b\u00e5da husbilsparkeringarna. Sk\u00f6t b\u00e4ttre om kommunens frukttr\u00e4d, buskar, sopkorgar, <a class=\"read-more-link\" href=\"https:\/\/wp.kristdemokraterna.se\/oxelosund\/textsida-fullbredd\/snyggare-tryggare-okle\/fixa-till-stan\/\">L\u00e4s mer<\/a><\/p>\n","protected":false},"author":1005,"featured_media":714,"parent":742,"menu_order":0,"comment_status":"closed","ping_status":"closed","template":"","meta":{"_acf_changed":false,"footnotes":""},"class_list":["post-796","page","type-page","status-publish","hentry"],"acf":[],"yoast_head":"<!-- This site is optimized with the Yoast SEO plugin v27.4 - https:\/\/yoast.com\/product\/yoast-seo-wordpress\/ -->\n<title>&quot;Fixa till stan&quot; - Kristdemokraterna | Oxel\u00f6sund<\/title>\n<meta name=\"robots\" content=\"index, follow, max-snippet:-1, max-image-preview:large, max-video-preview:-1\" \/>\n<link rel=\"canonical\" href=\"https:\/\/wp.kristdemokraterna.se\/oxelosund\/textsida-fullbredd\/snyggare-tryggare-okle\/fixa-till-stan\/\" \/>\n<meta property=\"og:locale\" content=\"sv_SE\" \/>\n<meta property=\"og:type\" content=\"article\" \/>\n<meta property=\"og:title\" content=\"&quot;Fixa till stan&quot; - Kristdemokraterna | Oxel\u00f6sund\" \/>\n<meta property=\"og:description\" content=\"Det finns massor av enkla \u00e5tg\u00e4rder som skulle g\u00f6ra Oxel\u00f6sund trevligare, och dessutom underl\u00e4tta f\u00f6r folk med rullstol eller rullator. Vi s\u00e4ger: fixa det nu! Klotter ska bort direkt! Fasa av fler trottoarkanter Montera fler trafikspeglar Snygga till ut mot Gamla Oxel\u00f6sund, bakom Thams Villa och b\u00e5da husbilsparkeringarna. Sk\u00f6t b\u00e4ttre om kommunens frukttr\u00e4d, buskar, sopkorgar, L\u00e4s mer\" \/>\n<meta property=\"og:url\" content=\"https:\/\/wp.kristdemokraterna.se\/oxelosund\/textsida-fullbredd\/snyggare-tryggare-okle\/fixa-till-stan\/\" \/>\n<meta property=\"og:site_name\" content=\"Kristdemokraterna | Oxel\u00f6sund\" \/>\n<meta property=\"article:modified_time\" content=\"2022-09-07T16:21:09+00:00\" \/>\n<meta property=\"og:image\" content=\"https:\/\/wp.kristdemokraterna.se\/oxelosund\/files\/2022\/09\/fixa-till-stan-kdox-300x300.jpeg\" \/>\n<meta name=\"twitter:card\" content=\"summary_large_image\" \/>\n<meta name=\"twitter:label1\" content=\"Ber\u00e4knad l\u00e4stid\" \/>\n\t<meta name=\"twitter:data1\" content=\"2 minuter\" \/>\n<script type=\"application\/ld+json\" class=\"yoast-schema-graph\">{\"@context\":\"https:\\\/\\\/schema.org\",\"@graph\":[{\"@type\":\"WebPage\",\"@id\":\"https:\\\/\\\/wp.kristdemokraterna.se\\\/oxelosund\\\/textsida-fullbredd\\\/snyggare-tryggare-okle\\\/fixa-till-stan\\\/\",\"url\":\"https:\\\/\\\/wp.kristdemokraterna.se\\\/oxelosund\\\/textsida-fullbredd\\\/snyggare-tryggare-okle\\\/fixa-till-stan\\\/\",\"name\":\"\\\"Fixa till stan\\\" - Kristdemokraterna | Oxel\u00f6sund\",\"isPartOf\":{\"@id\":\"https:\\\/\\\/wp.kristdemokraterna.se\\\/oxelosund\\\/#website\"},\"primaryImageOfPage\":{\"@id\":\"https:\\\/\\\/wp.kristdemokraterna.se\\\/oxelosund\\\/textsida-fullbredd\\\/snyggare-tryggare-okle\\\/fixa-till-stan\\\/#primaryimage\"},\"image\":{\"@id\":\"https:\\\/\\\/wp.kristdemokraterna.se\\\/oxelosund\\\/textsida-fullbredd\\\/snyggare-tryggare-okle\\\/fixa-till-stan\\\/#primaryimage\"},\"thumbnailUrl\":\"\",\"datePublished\":\"2022-04-12T16:00:50+00:00\",\"dateModified\":\"2022-09-07T16:21:09+00:00\",\"breadcrumb\":{\"@id\":\"https:\\\/\\\/wp.kristdemokraterna.se\\\/oxelosund\\\/textsida-fullbredd\\\/snyggare-tryggare-okle\\\/fixa-till-stan\\\/#breadcrumb\"},\"inLanguage\":\"sv-SE\",\"potentialAction\":[{\"@type\":\"ReadAction\",\"target\":[\"https:\\\/\\\/wp.kristdemokraterna.se\\\/oxelosund\\\/textsida-fullbredd\\\/snyggare-tryggare-okle\\\/fixa-till-stan\\\/\"]}]},{\"@type\":\"ImageObject\",\"inLanguage\":\"sv-SE\",\"@id\":\"https:\\\/\\\/wp.kristdemokraterna.se\\\/oxelosund\\\/textsida-fullbredd\\\/snyggare-tryggare-okle\\\/fixa-till-stan\\\/#primaryimage\",\"url\":\"\",\"contentUrl\":\"\"},{\"@type\":\"BreadcrumbList\",\"@id\":\"https:\\\/\\\/wp.kristdemokraterna.se\\\/oxelosund\\\/textsida-fullbredd\\\/snyggare-tryggare-okle\\\/fixa-till-stan\\\/#breadcrumb\",\"itemListElement\":[{\"@type\":\"ListItem\",\"position\":1,\"name\":\"Hem\",\"item\":\"https:\\\/\\\/wp.kristdemokraterna.se\\\/oxelosund\\\/\"},{\"@type\":\"ListItem\",\"position\":2,\"name\":\"V\u00e5ra f\u00f6rslag\",\"item\":\"https:\\\/\\\/wp.kristdemokraterna.se\\\/oxelosund\\\/textsida-fullbredd\\\/\"},{\"@type\":\"ListItem\",\"position\":3,\"name\":\"Snyggare tryggare Okle\",\"item\":\"https:\\\/\\\/wp.kristdemokraterna.se\\\/oxelosund\\\/textsida-fullbredd\\\/snyggare-tryggare-okle\\\/\"},{\"@type\":\"ListItem\",\"position\":4,\"name\":\"&#8221;Fixa till stan&#8221;\"}]},{\"@type\":\"WebSite\",\"@id\":\"https:\\\/\\\/wp.kristdemokraterna.se\\\/oxelosund\\\/#website\",\"url\":\"https:\\\/\\\/wp.kristdemokraterna.se\\\/oxelosund\\\/\",\"name\":\"Kristdemokraterna | Oxel\u00f6sund\",\"description\":\"Kuststaden i Hj\u00e4rtlandet\",\"inLanguage\":\"sv-SE\"}]}<\/script>\n<!-- \/ Yoast SEO plugin. -->","yoast_head_json":{"title":"\"Fixa till stan\" - Kristdemokraterna | Oxel\u00f6sund","robots":{"index":"index","follow":"follow","max-snippet":"max-snippet:-1","max-image-preview":"max-image-preview:large","max-video-preview":"max-video-preview:-1"},"canonical":"https:\/\/wp.kristdemokraterna.se\/oxelosund\/textsida-fullbredd\/snyggare-tryggare-okle\/fixa-till-stan\/","og_locale":"sv_SE","og_type":"article","og_title":"\"Fixa till stan\" - Kristdemokraterna | Oxel\u00f6sund","og_description":"Det finns massor av enkla \u00e5tg\u00e4rder som skulle g\u00f6ra Oxel\u00f6sund trevligare, och dessutom underl\u00e4tta f\u00f6r folk med rullstol eller rullator. Vi s\u00e4ger: fixa det nu! Klotter ska bort direkt! Fasa av fler trottoarkanter Montera fler trafikspeglar Snygga till ut mot Gamla Oxel\u00f6sund, bakom Thams Villa och b\u00e5da husbilsparkeringarna. Sk\u00f6t b\u00e4ttre om kommunens frukttr\u00e4d, buskar, sopkorgar, L\u00e4s mer","og_url":"https:\/\/wp.kristdemokraterna.se\/oxelosund\/textsida-fullbredd\/snyggare-tryggare-okle\/fixa-till-stan\/","og_site_name":"Kristdemokraterna | Oxel\u00f6sund","article_modified_time":"2022-09-07T16:21:09+00:00","og_image":[{"url":"https:\/\/wp.kristdemokraterna.se\/oxelosund\/files\/2022\/09\/fixa-till-stan-kdox-300x300.jpeg","type":"","width":"","height":""}],"twitter_card":"summary_large_image","twitter_misc":{"Ber\u00e4knad l\u00e4stid":"2 minuter"},"schema":{"@context":"https:\/\/schema.org","@graph":[{"@type":"WebPage","@id":"https:\/\/wp.kristdemokraterna.se\/oxelosund\/textsida-fullbredd\/snyggare-tryggare-okle\/fixa-till-stan\/","url":"https:\/\/wp.kristdemokraterna.se\/oxelosund\/textsida-fullbredd\/snyggare-tryggare-okle\/fixa-till-stan\/","name":"\"Fixa till stan\" - Kristdemokraterna | Oxel\u00f6sund","isPartOf":{"@id":"https:\/\/wp.kristdemokraterna.se\/oxelosund\/#website"},"primaryImageOfPage":{"@id":"https:\/\/wp.kristdemokraterna.se\/oxelosund\/textsida-fullbredd\/snyggare-tryggare-okle\/fixa-till-stan\/#primaryimage"},"image":{"@id":"https:\/\/wp.kristdemokraterna.se\/oxelosund\/textsida-fullbredd\/snyggare-tryggare-okle\/fixa-till-stan\/#primaryimage"},"thumbnailUrl":"","datePublished":"2022-04-12T16:00:50+00:00","dateModified":"2022-09-07T16:21:09+00:00","breadcrumb":{"@id":"https:\/\/wp.kristdemokraterna.se\/oxelosund\/textsida-fullbredd\/snyggare-tryggare-okle\/fixa-till-stan\/#breadcrumb"},"inLanguage":"sv-SE","potentialAction":[{"@type":"ReadAction","target":["https:\/\/wp.kristdemokraterna.se\/oxelosund\/textsida-fullbredd\/snyggare-tryggare-okle\/fixa-till-stan\/"]}]},{"@type":"ImageObject","inLanguage":"sv-SE","@id":"https:\/\/wp.kristdemokraterna.se\/oxelosund\/textsida-fullbredd\/snyggare-tryggare-okle\/fixa-till-stan\/#primaryimage","url":"","contentUrl":""},{"@type":"BreadcrumbList","@id":"https:\/\/wp.kristdemokraterna.se\/oxelosund\/textsida-fullbredd\/snyggare-tryggare-okle\/fixa-till-stan\/#breadcrumb","itemListElement":[{"@type":"ListItem","position":1,"name":"Hem","item":"https:\/\/wp.kristdemokraterna.se\/oxelosund\/"},{"@type":"ListItem","position":2,"name":"V\u00e5ra f\u00f6rslag","item":"https:\/\/wp.kristdemokraterna.se\/oxelosund\/textsida-fullbredd\/"},{"@type":"ListItem","position":3,"name":"Snyggare tryggare Okle","item":"https:\/\/wp.kristdemokraterna.se\/oxelosund\/textsida-fullbredd\/snyggare-tryggare-okle\/"},{"@type":"ListItem","position":4,"name":"&#8221;Fixa till stan&#8221;"}]},{"@type":"WebSite","@id":"https:\/\/wp.kristdemokraterna.se\/oxelosund\/#website","url":"https:\/\/wp.kristdemokraterna.se\/oxelosund\/","name":"Kristdemokraterna | Oxel\u00f6sund","description":"Kuststaden i Hj\u00e4rtlandet","inLanguage":"sv-SE"}]}},"_links":{"self":[{"href":"https:\/\/wp.kristdemokraterna.se\/oxelosund\/wp-json\/wp\/v2\/pages\/796","targetHints":{"allow":["GET"]}}],"collection":[{"href":"https:\/\/wp.kristdemokraterna.se\/oxelosund\/wp-json\/wp\/v2\/pages"}],"about":[{"href":"https:\/\/wp.kristdemokraterna.se\/oxelosund\/wp-json\/wp\/v2\/types\/page"}],"author":[{"embeddable":true,"href":"https:\/\/wp.kristdemokraterna.se\/oxelosund\/wp-json\/wp\/v2\/users\/1005"}],"replies":[{"embeddable":true,"href":"https:\/\/wp.kristdemokraterna.se\/oxelosund\/wp-json\/wp\/v2\/comments?post=796"}],"version-history":[{"count":5,"href":"https:\/\/wp.kristdemokraterna.se\/oxelosund\/wp-json\/wp\/v2\/pages\/796\/revisions"}],"predecessor-version":[{"id":1210,"href":"https:\/\/wp.kristdemokraterna.se\/oxelosund\/wp-json\/wp\/v2\/pages\/796\/revisions\/1210"}],"up":[{"embeddable":true,"href":"https:\/\/wp.kristdemokraterna.se\/oxelosund\/wp-json\/wp\/v2\/pages\/742"}],"wp:featuredmedia":[{"embeddable":true,"href":"https:\/\/wp.kristdemokraterna.se\/oxelosund\/wp-json\/"}],"wp:attachment":[{"href":"https:\/\/wp.kristdemokraterna.se\/oxelosund\/wp-json\/wp\/v2\/media?parent=796"}],"curies":[{"name":"wp","href":"https:\/\/api.w.org\/{rel}","templated":true}]}}