{"id":798,"date":"2022-04-12T18:03:14","date_gmt":"2022-04-12T16:03:14","guid":{"rendered":"https:\/\/wp.kristdemokraterna.se\/oxelosund\/?page_id=798"},"modified":"2022-09-05T10:05:51","modified_gmt":"2022-09-05T08:05:51","slug":"20-nya-trygghetskameror","status":"publish","type":"page","link":"https:\/\/wp.kristdemokraterna.se\/oxelosund\/textsida-fullbredd\/snyggare-tryggare-okle\/20-nya-trygghetskameror\/","title":{"rendered":"20 nya trygghetskameror"},"content":{"rendered":"<h2>Trygghetskameror bek\u00e4mpar brottslighet dygnet runt<\/h2>\n<p>Smart utplacerade \u00f6vervakningskameror kan f\u00f6rhindra brott och \u00e4ven hj\u00e4lpa till att l\u00f6sa brott.\u00a0Vi vill s\u00e4tta upp 20 nya trygghetskameror vid bl.a. Ramdalsskolan, J\u00e4rntorget, \u00a0Oxel\u00f6skolan och Jogers\u00f6 (flera st\u00e4llen). Dessutom vill vi att\u00a0kommunen ska f\u00f6lja upp enk\u00e4ten fr\u00e5n 2020 om tryggheten i Oxel\u00f6sund.<\/p>\n<h2>Trygghet blir allt viktigare n\u00e4r brottsligheten tycks bli v\u00e4rre<\/h2>\n<p>Vissa kriminologer och brottsforskare menar att statistiken g\u00e5r att tolka p\u00e5 olika s\u00e4tt, att media trissar upp allt som ger drama, och att ben\u00e4genheten att anm\u00e4la brott varierar. Men vi m\u00e5ste \u00e4nd\u00e5 utg\u00e5 fr\u00e5n vad v\u00e5ra inv\u00e5nare upplever. Och det tycks verkligen som att brottsligheten blir v\u00e4rre och brutalare. D\u00e4rf\u00f6r anser vi att brottsbek\u00e4mpning m\u00e5ste g\u00e5 f\u00f6re den personliga integriteten.<\/p>\n<div id=\"attachment_1048\" style=\"width: 310px\" class=\"wp-caption alignnone\"><a href=\"https:\/\/wp.kristdemokraterna.se\/oxelosund\/files\/2022\/07\/20-nya-trygghetskameror-insta-e1661966810143.png\"><img loading=\"lazy\" decoding=\"async\" aria-describedby=\"caption-attachment-1048\" class=\"size-medium wp-image-1048\" src=\"https:\/\/wp.kristdemokraterna.se\/oxelosund\/files\/2022\/07\/20-nya-trygghetskameror-insta-300x169.png\" alt=\"Bild som visar tre \u00f6vervakningskameror p\u00e5 en stolpe utomhus. Kamerorna \u00e4r riktade \u00e5t varsitt h\u00e5ll. Texten i bilden handlar om 20 nya trygghetskameror i Oxel\u00f6sund\" width=\"300\" height=\"169\" \/><\/a><p id=\"caption-attachment-1048\" class=\"wp-caption-text\"><em>En trygg kommun har det l\u00e4ttare att f\u00e5 inflyttning och nya f\u00f6retag.<\/em><\/p><\/div>\n<h2>Trygghetskameror skapar en s\u00e4krare fysisk milj\u00f6<\/h2>\n<p>Men det kan ocks\u00e5 handla om b\u00e4ttre gatubelysning, att det ska finnas fler vuxna d\u00e4r ungdomar samlas, och att l\u00e5ta ordningsvakter komplettera polisen. Ytterligare f\u00f6rslag fr\u00e5n Kristdemokraterna n\u00e4r det g\u00e4ller tryggheten i den fysiska milj\u00f6n:<\/p>\n<ul>\n<li>Klotter ska bort omedelbart<\/li>\n<li>Nolltolerans mot skadeg\u00f6relse och nedskr\u00e4pning (kommunens ordningsregler ska sk\u00e4rpas)<\/li>\n<li>Hj\u00e4rtstartare p\u00e5 alla \u00e4ldreboenden, samt tillg\u00e5ng till syrgas<\/li>\n<li>Platssamverkan, dvs att kommunen och fastighets\u00e4garna tillsammans \u00f6kar tryggheten<\/li>\n<li>Ut\u00f6kad samverkan med civilsamh\u00e4llet i det brottsf\u00f6rebyggande arbetet<\/li>\n<li>Flexibla nattstopp f\u00f6r tryggare busstrafik<\/li>\n<li>I kommunens byggplaner ska det finnas med &#8221;trygghetsbeskrivningar&#8221; d\u00e4r man formulerar hur tryggheten kommer att p\u00e5verkas. Detta b\u00f6r inkludera fr\u00e5gor om tillg\u00e4nglighet f\u00f6r r\u00f6relsehindrade, s\u00e4ker g\u00e5ng- och cykeltrafik, och s\u00e4ker kollektivtrafik<\/li>\n<li>Gemenskap \u00f6kar tryggheten. Kommunen ska i sin byggplanering str\u00e4va efter en god blandning av bost\u00e4der, arbetsplatser, kommersiella lokaler och n\u00f6jeslokaler. Skolor, \u00e4ldreboenden och LSS-bost\u00e4der ska kunna ligga n\u00e4ra varandra. Sm\u00e5hus, flerfamiljshus, hyresl\u00e4genheter och bostadsr\u00e4tter ska ocks\u00e5 kunna &#8221;blandas&#8221; i ett omr\u00e5de<\/li>\n<\/ul>\n<p>H\u00e4r kan du l\u00e4sa mer om Kristdemokraternas program f\u00f6r tryggare Sverige, med kraftfull <a href=\"https:\/\/kristdemokraterna.se\/var-politik\/vara-viktigaste-fragor\/redo-att-bekampa-brotten\">brottsbek\u00e4mpning<\/a><\/p>\n","protected":false},"excerpt":{"rendered":"<p>Trygghetskameror bek\u00e4mpar brottslighet dygnet runt Smart utplacerade \u00f6vervakningskameror kan f\u00f6rhindra brott och \u00e4ven hj\u00e4lpa till att l\u00f6sa brott.\u00a0Vi vill s\u00e4tta upp 20 nya trygghetskameror vid bl.a. Ramdalsskolan, J\u00e4rntorget, \u00a0Oxel\u00f6skolan och Jogers\u00f6 (flera st\u00e4llen). Dessutom vill vi att\u00a0kommunen ska f\u00f6lja upp enk\u00e4ten fr\u00e5n 2020 om tryggheten i Oxel\u00f6sund. Trygghet blir allt viktigare n\u00e4r brottsligheten tycks bli <a class=\"read-more-link\" href=\"https:\/\/wp.kristdemokraterna.se\/oxelosund\/textsida-fullbredd\/snyggare-tryggare-okle\/20-nya-trygghetskameror\/\">L\u00e4s mer<\/a><\/p>\n","protected":false},"author":1005,"featured_media":714,"parent":742,"menu_order":0,"comment_status":"closed","ping_status":"closed","template":"","meta":{"_acf_changed":false,"footnotes":""},"class_list":["post-798","page","type-page","status-publish","hentry"],"acf":[],"yoast_head":"<!-- This site is optimized with the Yoast SEO plugin v27.3 - https:\/\/yoast.com\/product\/yoast-seo-wordpress\/ -->\n<title>20 nya trygghetskameror - Kristdemokraterna | Oxel\u00f6sund<\/title>\n<meta name=\"description\" content=\"Trygghetskameror kan b\u00e5de l\u00f6sa och f\u00f6rhindra brott. Vi vill s\u00e4tta upp 20 nya kameror vid bl.a. Ramdalsskolan, J\u00e4rntorget och Oxel\u00f6skolan.\" \/>\n<meta name=\"robots\" content=\"index, follow, max-snippet:-1, max-image-preview:large, max-video-preview:-1\" \/>\n<link rel=\"canonical\" href=\"https:\/\/wp.kristdemokraterna.se\/oxelosund\/textsida-fullbredd\/snyggare-tryggare-okle\/20-nya-trygghetskameror\/\" \/>\n<meta property=\"og:locale\" content=\"sv_SE\" \/>\n<meta property=\"og:type\" content=\"article\" \/>\n<meta property=\"og:title\" content=\"20 nya trygghetskameror - Kristdemokraterna | Oxel\u00f6sund\" \/>\n<meta property=\"og:description\" content=\"Trygghetskameror kan b\u00e5de l\u00f6sa och f\u00f6rhindra brott. Vi vill s\u00e4tta upp 20 nya kameror vid bl.a. Ramdalsskolan, J\u00e4rntorget och Oxel\u00f6skolan.\" \/>\n<meta property=\"og:url\" content=\"https:\/\/wp.kristdemokraterna.se\/oxelosund\/textsida-fullbredd\/snyggare-tryggare-okle\/20-nya-trygghetskameror\/\" \/>\n<meta property=\"og:site_name\" content=\"Kristdemokraterna | Oxel\u00f6sund\" \/>\n<meta property=\"article:modified_time\" content=\"2022-09-05T08:05:51+00:00\" \/>\n<meta property=\"og:image\" content=\"https:\/\/wp.kristdemokraterna.se\/oxelosund\/files\/2022\/07\/20-nya-trygghetskameror-insta-300x169.png\" \/>\n<meta name=\"twitter:card\" content=\"summary_large_image\" \/>\n<meta name=\"twitter:label1\" content=\"Ber\u00e4knad l\u00e4stid\" \/>\n\t<meta name=\"twitter:data1\" content=\"2 minuter\" \/>\n<script type=\"application\/ld+json\" class=\"yoast-schema-graph\">{\"@context\":\"https:\\\/\\\/schema.org\",\"@graph\":[{\"@type\":\"WebPage\",\"@id\":\"https:\\\/\\\/wp.kristdemokraterna.se\\\/oxelosund\\\/textsida-fullbredd\\\/snyggare-tryggare-okle\\\/20-nya-trygghetskameror\\\/\",\"url\":\"https:\\\/\\\/wp.kristdemokraterna.se\\\/oxelosund\\\/textsida-fullbredd\\\/snyggare-tryggare-okle\\\/20-nya-trygghetskameror\\\/\",\"name\":\"20 nya trygghetskameror - Kristdemokraterna | Oxel\u00f6sund\",\"isPartOf\":{\"@id\":\"https:\\\/\\\/wp.kristdemokraterna.se\\\/oxelosund\\\/#website\"},\"primaryImageOfPage\":{\"@id\":\"https:\\\/\\\/wp.kristdemokraterna.se\\\/oxelosund\\\/textsida-fullbredd\\\/snyggare-tryggare-okle\\\/20-nya-trygghetskameror\\\/#primaryimage\"},\"image\":{\"@id\":\"https:\\\/\\\/wp.kristdemokraterna.se\\\/oxelosund\\\/textsida-fullbredd\\\/snyggare-tryggare-okle\\\/20-nya-trygghetskameror\\\/#primaryimage\"},\"thumbnailUrl\":\"\",\"datePublished\":\"2022-04-12T16:03:14+00:00\",\"dateModified\":\"2022-09-05T08:05:51+00:00\",\"description\":\"Trygghetskameror kan b\u00e5de l\u00f6sa och f\u00f6rhindra brott. Vi vill s\u00e4tta upp 20 nya kameror vid bl.a. Ramdalsskolan, J\u00e4rntorget och Oxel\u00f6skolan.\",\"breadcrumb\":{\"@id\":\"https:\\\/\\\/wp.kristdemokraterna.se\\\/oxelosund\\\/textsida-fullbredd\\\/snyggare-tryggare-okle\\\/20-nya-trygghetskameror\\\/#breadcrumb\"},\"inLanguage\":\"sv-SE\",\"potentialAction\":[{\"@type\":\"ReadAction\",\"target\":[\"https:\\\/\\\/wp.kristdemokraterna.se\\\/oxelosund\\\/textsida-fullbredd\\\/snyggare-tryggare-okle\\\/20-nya-trygghetskameror\\\/\"]}]},{\"@type\":\"ImageObject\",\"inLanguage\":\"sv-SE\",\"@id\":\"https:\\\/\\\/wp.kristdemokraterna.se\\\/oxelosund\\\/textsida-fullbredd\\\/snyggare-tryggare-okle\\\/20-nya-trygghetskameror\\\/#primaryimage\",\"url\":\"\",\"contentUrl\":\"\"},{\"@type\":\"BreadcrumbList\",\"@id\":\"https:\\\/\\\/wp.kristdemokraterna.se\\\/oxelosund\\\/textsida-fullbredd\\\/snyggare-tryggare-okle\\\/20-nya-trygghetskameror\\\/#breadcrumb\",\"itemListElement\":[{\"@type\":\"ListItem\",\"position\":1,\"name\":\"Hem\",\"item\":\"https:\\\/\\\/wp.kristdemokraterna.se\\\/oxelosund\\\/\"},{\"@type\":\"ListItem\",\"position\":2,\"name\":\"V\u00e5ra f\u00f6rslag\",\"item\":\"https:\\\/\\\/wp.kristdemokraterna.se\\\/oxelosund\\\/textsida-fullbredd\\\/\"},{\"@type\":\"ListItem\",\"position\":3,\"name\":\"Snyggare tryggare Okle\",\"item\":\"https:\\\/\\\/wp.kristdemokraterna.se\\\/oxelosund\\\/textsida-fullbredd\\\/snyggare-tryggare-okle\\\/\"},{\"@type\":\"ListItem\",\"position\":4,\"name\":\"20 nya trygghetskameror\"}]},{\"@type\":\"WebSite\",\"@id\":\"https:\\\/\\\/wp.kristdemokraterna.se\\\/oxelosund\\\/#website\",\"url\":\"https:\\\/\\\/wp.kristdemokraterna.se\\\/oxelosund\\\/\",\"name\":\"Kristdemokraterna | Oxel\u00f6sund\",\"description\":\"Kuststaden i Hj\u00e4rtlandet\",\"inLanguage\":\"sv-SE\"}]}<\/script>\n<!-- \/ Yoast SEO plugin. -->","yoast_head_json":{"title":"20 nya trygghetskameror - Kristdemokraterna | Oxel\u00f6sund","description":"Trygghetskameror kan b\u00e5de l\u00f6sa och f\u00f6rhindra brott. Vi vill s\u00e4tta upp 20 nya kameror vid bl.a. Ramdalsskolan, J\u00e4rntorget och Oxel\u00f6skolan.","robots":{"index":"index","follow":"follow","max-snippet":"max-snippet:-1","max-image-preview":"max-image-preview:large","max-video-preview":"max-video-preview:-1"},"canonical":"https:\/\/wp.kristdemokraterna.se\/oxelosund\/textsida-fullbredd\/snyggare-tryggare-okle\/20-nya-trygghetskameror\/","og_locale":"sv_SE","og_type":"article","og_title":"20 nya trygghetskameror - Kristdemokraterna | Oxel\u00f6sund","og_description":"Trygghetskameror kan b\u00e5de l\u00f6sa och f\u00f6rhindra brott. Vi vill s\u00e4tta upp 20 nya kameror vid bl.a. Ramdalsskolan, J\u00e4rntorget och Oxel\u00f6skolan.","og_url":"https:\/\/wp.kristdemokraterna.se\/oxelosund\/textsida-fullbredd\/snyggare-tryggare-okle\/20-nya-trygghetskameror\/","og_site_name":"Kristdemokraterna | Oxel\u00f6sund","article_modified_time":"2022-09-05T08:05:51+00:00","og_image":[{"url":"https:\/\/wp.kristdemokraterna.se\/oxelosund\/files\/2022\/07\/20-nya-trygghetskameror-insta-300x169.png","type":"","width":"","height":""}],"twitter_card":"summary_large_image","twitter_misc":{"Ber\u00e4knad l\u00e4stid":"2 minuter"},"schema":{"@context":"https:\/\/schema.org","@graph":[{"@type":"WebPage","@id":"https:\/\/wp.kristdemokraterna.se\/oxelosund\/textsida-fullbredd\/snyggare-tryggare-okle\/20-nya-trygghetskameror\/","url":"https:\/\/wp.kristdemokraterna.se\/oxelosund\/textsida-fullbredd\/snyggare-tryggare-okle\/20-nya-trygghetskameror\/","name":"20 nya trygghetskameror - Kristdemokraterna | Oxel\u00f6sund","isPartOf":{"@id":"https:\/\/wp.kristdemokraterna.se\/oxelosund\/#website"},"primaryImageOfPage":{"@id":"https:\/\/wp.kristdemokraterna.se\/oxelosund\/textsida-fullbredd\/snyggare-tryggare-okle\/20-nya-trygghetskameror\/#primaryimage"},"image":{"@id":"https:\/\/wp.kristdemokraterna.se\/oxelosund\/textsida-fullbredd\/snyggare-tryggare-okle\/20-nya-trygghetskameror\/#primaryimage"},"thumbnailUrl":"","datePublished":"2022-04-12T16:03:14+00:00","dateModified":"2022-09-05T08:05:51+00:00","description":"Trygghetskameror kan b\u00e5de l\u00f6sa och f\u00f6rhindra brott. Vi vill s\u00e4tta upp 20 nya kameror vid bl.a. Ramdalsskolan, J\u00e4rntorget och Oxel\u00f6skolan.","breadcrumb":{"@id":"https:\/\/wp.kristdemokraterna.se\/oxelosund\/textsida-fullbredd\/snyggare-tryggare-okle\/20-nya-trygghetskameror\/#breadcrumb"},"inLanguage":"sv-SE","potentialAction":[{"@type":"ReadAction","target":["https:\/\/wp.kristdemokraterna.se\/oxelosund\/textsida-fullbredd\/snyggare-tryggare-okle\/20-nya-trygghetskameror\/"]}]},{"@type":"ImageObject","inLanguage":"sv-SE","@id":"https:\/\/wp.kristdemokraterna.se\/oxelosund\/textsida-fullbredd\/snyggare-tryggare-okle\/20-nya-trygghetskameror\/#primaryimage","url":"","contentUrl":""},{"@type":"BreadcrumbList","@id":"https:\/\/wp.kristdemokraterna.se\/oxelosund\/textsida-fullbredd\/snyggare-tryggare-okle\/20-nya-trygghetskameror\/#breadcrumb","itemListElement":[{"@type":"ListItem","position":1,"name":"Hem","item":"https:\/\/wp.kristdemokraterna.se\/oxelosund\/"},{"@type":"ListItem","position":2,"name":"V\u00e5ra f\u00f6rslag","item":"https:\/\/wp.kristdemokraterna.se\/oxelosund\/textsida-fullbredd\/"},{"@type":"ListItem","position":3,"name":"Snyggare tryggare Okle","item":"https:\/\/wp.kristdemokraterna.se\/oxelosund\/textsida-fullbredd\/snyggare-tryggare-okle\/"},{"@type":"ListItem","position":4,"name":"20 nya trygghetskameror"}]},{"@type":"WebSite","@id":"https:\/\/wp.kristdemokraterna.se\/oxelosund\/#website","url":"https:\/\/wp.kristdemokraterna.se\/oxelosund\/","name":"Kristdemokraterna | Oxel\u00f6sund","description":"Kuststaden i Hj\u00e4rtlandet","inLanguage":"sv-SE"}]}},"_links":{"self":[{"href":"https:\/\/wp.kristdemokraterna.se\/oxelosund\/wp-json\/wp\/v2\/pages\/798","targetHints":{"allow":["GET"]}}],"collection":[{"href":"https:\/\/wp.kristdemokraterna.se\/oxelosund\/wp-json\/wp\/v2\/pages"}],"about":[{"href":"https:\/\/wp.kristdemokraterna.se\/oxelosund\/wp-json\/wp\/v2\/types\/page"}],"author":[{"embeddable":true,"href":"https:\/\/wp.kristdemokraterna.se\/oxelosund\/wp-json\/wp\/v2\/users\/1005"}],"replies":[{"embeddable":true,"href":"https:\/\/wp.kristdemokraterna.se\/oxelosund\/wp-json\/wp\/v2\/comments?post=798"}],"version-history":[{"count":15,"href":"https:\/\/wp.kristdemokraterna.se\/oxelosund\/wp-json\/wp\/v2\/pages\/798\/revisions"}],"predecessor-version":[{"id":1168,"href":"https:\/\/wp.kristdemokraterna.se\/oxelosund\/wp-json\/wp\/v2\/pages\/798\/revisions\/1168"}],"up":[{"embeddable":true,"href":"https:\/\/wp.kristdemokraterna.se\/oxelosund\/wp-json\/wp\/v2\/pages\/742"}],"wp:featuredmedia":[{"embeddable":true,"href":"https:\/\/wp.kristdemokraterna.se\/oxelosund\/wp-json\/"}],"wp:attachment":[{"href":"https:\/\/wp.kristdemokraterna.se\/oxelosund\/wp-json\/wp\/v2\/media?parent=798"}],"curies":[{"name":"wp","href":"https:\/\/api.w.org\/{rel}","templated":true}]}}