{"id":802,"date":"2022-04-12T18:04:42","date_gmt":"2022-04-12T16:04:42","guid":{"rendered":"https:\/\/wp.kristdemokraterna.se\/oxelosund\/?page_id=802"},"modified":"2024-05-06T17:43:38","modified_gmt":"2024-05-06T15:43:38","slug":"50-lagre-batplatsavgift","status":"publish","type":"page","link":"https:\/\/wp.kristdemokraterna.se\/oxelosund\/textsida-fullbredd\/snyggare-tryggare-okle\/50-lagre-batplatsavgift\/","title":{"rendered":"50% l\u00e4gre b\u00e5tplatsavgift"},"content":{"rendered":"<p>Detta \u00e4r nu snart genomf\u00f6rt! \u00a0Det \u00e4r redan l\u00e4gre b\u00e5tplatsavgifter i Oxel\u00f6sunds kommun, och vi g\u00e5r vidare mot en fullbelagd, toppmodern G\u00e4sthamn som ger turisminkomster. Detta g\u00f6r vi genom att samarbeta med Oxel\u00f6sunds olika b\u00e5t\u00e4garf\u00f6reningar och alla framst\u00e5ende b\u00e5t- och turismf\u00f6retag i regionen.<\/p>\n<h2>D\u00e4rf\u00f6r kan vi ge dig 50% l\u00e4gre b\u00e5tplatsavgift<\/h2>\n<p>KD tycker att Kuststadens egna b\u00e5t\u00e4gare ska slippa finansiera g\u00e4sthamnen med sina b\u00e5tplatsavgifter. N\u00e4r S styrde var b\u00e5tplatsavgifterna on\u00f6digt h\u00f6ga, f\u00f6r att kommunen tog \u00f6verskottet till g\u00e4sthamnens f\u00f6rluster, vilket i princip var olagligt. Men nu \u00e4r det \u00e4ntligen slut med det. N\u00e4sta steg \u00e4r att modernisera G\u00e4sthamnen, s\u00e5 den blir popul\u00e4r och fullbelagd och ger turisminkomster. Varf\u00f6r inte en laddstation f\u00f6r elb\u00e5tar i Oxel\u00f6sunds G\u00e4sthamn? Nu n\u00e4r vi har en prisbel\u00f6nt <a href=\"https:\/\/www.nyteknik.se\/premium\/elbatsforetaget-x-shore-startar-serietillverkning-mer-fabrik-an-batvarv-7033890\">elb\u00e5tsfabrik<\/a> i Nyk\u00f6ping!<\/p>\n<h2>Oxel\u00f6sund borde \u00e4lska sina b\u00e5t\u00e4gare<\/h2>\n<p>Idag ser du fortfarande b\u00e5tar i Oxel\u00f6sund som ligger p\u00e5 villatomter ist\u00e4llet f\u00f6r vid en brygga. \u00c4ven sommartid. B\u00e5t\u00e4garen k\u00f6r allts\u00e5 hellre ner b\u00e5ten till vattnet f\u00f6r varje b\u00e5ttur, \u00e4n att betala b\u00e5tplatsavgiften. Ska vi ha det s\u00e5? Det \u00e4r ju pinsamt f\u00f6r Oxel\u00f6sund, och ger urd\u00e5lig reklam f\u00f6r v\u00e5r fina sk\u00e4rg\u00e5rdskommun. Nej, en f\u00f6r\u00e4ndring m\u00e5ste till! \u00a0B\u00e5tlivet och sk\u00e4rg\u00e5rden betyder massor f\u00f6r Oxel\u00f6sunds attraktionskraft. Vi \u00e4r en Kuststad och borde sj\u00e4lvklart underl\u00e4tta f\u00f6r v\u00e5ra egna b\u00e5t\u00e4gare, s\u00e5 att de \u00e4r n\u00f6jda. Laddstationer f\u00f6r elb\u00e5tar, och andra framtidssatsningar ihop med b\u00e5tbranschen i v\u00e5r region, kan hj\u00e4lpa oss att locka hit nya inv\u00e5nare, f\u00f6retag och investerare.<\/p>\n<div id=\"attachment_1083\" style=\"width: 310px\" class=\"wp-caption alignnone\"><a href=\"https:\/\/wp.kristdemokraterna.se\/oxelosund\/files\/2022\/08\/pa-vag-mot-oxelosund.jpg\"><img loading=\"lazy\" decoding=\"async\" aria-describedby=\"caption-attachment-1083\" class=\"size-medium wp-image-1083\" src=\"https:\/\/wp.kristdemokraterna.se\/oxelosund\/files\/2022\/08\/pa-vag-mot-oxelosund-300x225.jpg\" alt=\"Bild som visar fyra ankommande segelb\u00e5tar. Bl\u00e5 himmel och sk\u00e4rg\u00e5rd i bakgrunden. Texten i bilden handlar om l\u00e4gre b\u00e5tavgifter och en popul\u00e4r g\u00e4sthamn i Oxel\u00f6sund.\" width=\"300\" height=\"225\" srcset=\"https:\/\/wp.kristdemokraterna.se\/oxelosund\/files\/2022\/08\/pa-vag-mot-oxelosund-300x225.jpg 300w, https:\/\/wp.kristdemokraterna.se\/oxelosund\/files\/2022\/08\/pa-vag-mot-oxelosund-267x200.jpg 267w, https:\/\/wp.kristdemokraterna.se\/oxelosund\/files\/2022\/08\/pa-vag-mot-oxelosund-370x278.jpg 370w, https:\/\/wp.kristdemokraterna.se\/oxelosund\/files\/2022\/08\/pa-vag-mot-oxelosund-450x338.jpg 450w, https:\/\/wp.kristdemokraterna.se\/oxelosund\/files\/2022\/08\/pa-vag-mot-oxelosund-280x210.jpg 280w, https:\/\/wp.kristdemokraterna.se\/oxelosund\/files\/2022\/08\/pa-vag-mot-oxelosund-340x255.jpg 340w, https:\/\/wp.kristdemokraterna.se\/oxelosund\/files\/2022\/08\/pa-vag-mot-oxelosund-200x150.jpg 200w, https:\/\/wp.kristdemokraterna.se\/oxelosund\/files\/2022\/08\/pa-vag-mot-oxelosund-75x56.jpg 75w, https:\/\/wp.kristdemokraterna.se\/oxelosund\/files\/2022\/08\/pa-vag-mot-oxelosund.jpg 640w\" sizes=\"auto, (max-width: 300px) 100vw, 300px\" \/><\/a><p id=\"caption-attachment-1083\" class=\"wp-caption-text\"><em>Fullbelagd G\u00e4sthamn! Och samtidigt halverade b\u00e5tplatsavgifter f\u00f6r Oxel\u00f6sunds egna b\u00e5t\u00e4gare! Jad\u00e5. B\u00e5da dessa m\u00e5l g\u00e5r att n\u00e5.<\/em><\/p><\/div>\n","protected":false},"excerpt":{"rendered":"<p>Detta \u00e4r nu snart genomf\u00f6rt! \u00a0Det \u00e4r redan l\u00e4gre b\u00e5tplatsavgifter i Oxel\u00f6sunds kommun, och vi g\u00e5r vidare mot en fullbelagd, toppmodern G\u00e4sthamn som ger turisminkomster. Detta g\u00f6r vi genom att samarbeta med Oxel\u00f6sunds olika b\u00e5t\u00e4garf\u00f6reningar och alla framst\u00e5ende b\u00e5t- och turismf\u00f6retag i regionen. D\u00e4rf\u00f6r kan vi ge dig 50% l\u00e4gre b\u00e5tplatsavgift KD tycker att Kuststadens <a class=\"read-more-link\" href=\"https:\/\/wp.kristdemokraterna.se\/oxelosund\/textsida-fullbredd\/snyggare-tryggare-okle\/50-lagre-batplatsavgift\/\">L\u00e4s mer<\/a><\/p>\n","protected":false},"author":1005,"featured_media":714,"parent":742,"menu_order":0,"comment_status":"closed","ping_status":"closed","template":"","meta":{"_acf_changed":false,"footnotes":""},"class_list":["post-802","page","type-page","status-publish","hentry"],"acf":[],"yoast_head":"<!-- This site is optimized with the Yoast SEO plugin v27.3 - https:\/\/yoast.com\/product\/yoast-seo-wordpress\/ -->\n<title>50% l\u00e4gre b\u00e5tplatsavgift - Kristdemokraterna | Oxel\u00f6sund<\/title>\n<meta name=\"description\" content=\"Vi vill se 50% l\u00e4gre b\u00e5tplatsavgift f\u00f6r alla Oxel\u00f6sunds b\u00e5t\u00e4gare. Och samtidigt en toppmodern, fullbelagd G\u00e4sthamn som ger turisminkomster.\" \/>\n<meta name=\"robots\" content=\"index, follow, max-snippet:-1, max-image-preview:large, max-video-preview:-1\" \/>\n<link rel=\"canonical\" href=\"https:\/\/wp.kristdemokraterna.se\/oxelosund\/textsida-fullbredd\/snyggare-tryggare-okle\/50-lagre-batplatsavgift\/\" \/>\n<meta property=\"og:locale\" content=\"sv_SE\" \/>\n<meta property=\"og:type\" content=\"article\" \/>\n<meta property=\"og:title\" content=\"50% l\u00e4gre b\u00e5tplatsavgift - Kristdemokraterna | Oxel\u00f6sund\" \/>\n<meta property=\"og:description\" content=\"Vi vill se 50% l\u00e4gre b\u00e5tplatsavgift f\u00f6r alla Oxel\u00f6sunds b\u00e5t\u00e4gare. Och samtidigt en toppmodern, fullbelagd G\u00e4sthamn som ger turisminkomster.\" \/>\n<meta property=\"og:url\" content=\"https:\/\/wp.kristdemokraterna.se\/oxelosund\/textsida-fullbredd\/snyggare-tryggare-okle\/50-lagre-batplatsavgift\/\" \/>\n<meta property=\"og:site_name\" content=\"Kristdemokraterna | Oxel\u00f6sund\" \/>\n<meta property=\"article:modified_time\" content=\"2024-05-06T15:43:38+00:00\" \/>\n<meta property=\"og:image\" content=\"https:\/\/wp.kristdemokraterna.se\/oxelosund\/files\/2022\/08\/pa-vag-mot-oxelosund-300x225.jpg\" \/>\n<meta name=\"twitter:card\" content=\"summary_large_image\" \/>\n<meta name=\"twitter:label1\" content=\"Ber\u00e4knad l\u00e4stid\" \/>\n\t<meta name=\"twitter:data1\" content=\"2 minuter\" \/>\n<script type=\"application\/ld+json\" class=\"yoast-schema-graph\">{\"@context\":\"https:\\\/\\\/schema.org\",\"@graph\":[{\"@type\":\"WebPage\",\"@id\":\"https:\\\/\\\/wp.kristdemokraterna.se\\\/oxelosund\\\/textsida-fullbredd\\\/snyggare-tryggare-okle\\\/50-lagre-batplatsavgift\\\/\",\"url\":\"https:\\\/\\\/wp.kristdemokraterna.se\\\/oxelosund\\\/textsida-fullbredd\\\/snyggare-tryggare-okle\\\/50-lagre-batplatsavgift\\\/\",\"name\":\"50% l\u00e4gre b\u00e5tplatsavgift - Kristdemokraterna | Oxel\u00f6sund\",\"isPartOf\":{\"@id\":\"https:\\\/\\\/wp.kristdemokraterna.se\\\/oxelosund\\\/#website\"},\"primaryImageOfPage\":{\"@id\":\"https:\\\/\\\/wp.kristdemokraterna.se\\\/oxelosund\\\/textsida-fullbredd\\\/snyggare-tryggare-okle\\\/50-lagre-batplatsavgift\\\/#primaryimage\"},\"image\":{\"@id\":\"https:\\\/\\\/wp.kristdemokraterna.se\\\/oxelosund\\\/textsida-fullbredd\\\/snyggare-tryggare-okle\\\/50-lagre-batplatsavgift\\\/#primaryimage\"},\"thumbnailUrl\":\"\",\"datePublished\":\"2022-04-12T16:04:42+00:00\",\"dateModified\":\"2024-05-06T15:43:38+00:00\",\"description\":\"Vi vill se 50% l\u00e4gre b\u00e5tplatsavgift f\u00f6r alla Oxel\u00f6sunds b\u00e5t\u00e4gare. Och samtidigt en toppmodern, fullbelagd G\u00e4sthamn som ger turisminkomster.\",\"breadcrumb\":{\"@id\":\"https:\\\/\\\/wp.kristdemokraterna.se\\\/oxelosund\\\/textsida-fullbredd\\\/snyggare-tryggare-okle\\\/50-lagre-batplatsavgift\\\/#breadcrumb\"},\"inLanguage\":\"sv-SE\",\"potentialAction\":[{\"@type\":\"ReadAction\",\"target\":[\"https:\\\/\\\/wp.kristdemokraterna.se\\\/oxelosund\\\/textsida-fullbredd\\\/snyggare-tryggare-okle\\\/50-lagre-batplatsavgift\\\/\"]}]},{\"@type\":\"ImageObject\",\"inLanguage\":\"sv-SE\",\"@id\":\"https:\\\/\\\/wp.kristdemokraterna.se\\\/oxelosund\\\/textsida-fullbredd\\\/snyggare-tryggare-okle\\\/50-lagre-batplatsavgift\\\/#primaryimage\",\"url\":\"\",\"contentUrl\":\"\"},{\"@type\":\"BreadcrumbList\",\"@id\":\"https:\\\/\\\/wp.kristdemokraterna.se\\\/oxelosund\\\/textsida-fullbredd\\\/snyggare-tryggare-okle\\\/50-lagre-batplatsavgift\\\/#breadcrumb\",\"itemListElement\":[{\"@type\":\"ListItem\",\"position\":1,\"name\":\"Hem\",\"item\":\"https:\\\/\\\/wp.kristdemokraterna.se\\\/oxelosund\\\/\"},{\"@type\":\"ListItem\",\"position\":2,\"name\":\"V\u00e5ra f\u00f6rslag\",\"item\":\"https:\\\/\\\/wp.kristdemokraterna.se\\\/oxelosund\\\/textsida-fullbredd\\\/\"},{\"@type\":\"ListItem\",\"position\":3,\"name\":\"Snyggare tryggare Okle\",\"item\":\"https:\\\/\\\/wp.kristdemokraterna.se\\\/oxelosund\\\/textsida-fullbredd\\\/snyggare-tryggare-okle\\\/\"},{\"@type\":\"ListItem\",\"position\":4,\"name\":\"50% l\u00e4gre b\u00e5tplatsavgift\"}]},{\"@type\":\"WebSite\",\"@id\":\"https:\\\/\\\/wp.kristdemokraterna.se\\\/oxelosund\\\/#website\",\"url\":\"https:\\\/\\\/wp.kristdemokraterna.se\\\/oxelosund\\\/\",\"name\":\"Kristdemokraterna | Oxel\u00f6sund\",\"description\":\"Kuststaden i Hj\u00e4rtlandet\",\"inLanguage\":\"sv-SE\"}]}<\/script>\n<!-- \/ Yoast SEO plugin. -->","yoast_head_json":{"title":"50% l\u00e4gre b\u00e5tplatsavgift - Kristdemokraterna | Oxel\u00f6sund","description":"Vi vill se 50% l\u00e4gre b\u00e5tplatsavgift f\u00f6r alla Oxel\u00f6sunds b\u00e5t\u00e4gare. Och samtidigt en toppmodern, fullbelagd G\u00e4sthamn som ger turisminkomster.","robots":{"index":"index","follow":"follow","max-snippet":"max-snippet:-1","max-image-preview":"max-image-preview:large","max-video-preview":"max-video-preview:-1"},"canonical":"https:\/\/wp.kristdemokraterna.se\/oxelosund\/textsida-fullbredd\/snyggare-tryggare-okle\/50-lagre-batplatsavgift\/","og_locale":"sv_SE","og_type":"article","og_title":"50% l\u00e4gre b\u00e5tplatsavgift - Kristdemokraterna | Oxel\u00f6sund","og_description":"Vi vill se 50% l\u00e4gre b\u00e5tplatsavgift f\u00f6r alla Oxel\u00f6sunds b\u00e5t\u00e4gare. Och samtidigt en toppmodern, fullbelagd G\u00e4sthamn som ger turisminkomster.","og_url":"https:\/\/wp.kristdemokraterna.se\/oxelosund\/textsida-fullbredd\/snyggare-tryggare-okle\/50-lagre-batplatsavgift\/","og_site_name":"Kristdemokraterna | Oxel\u00f6sund","article_modified_time":"2024-05-06T15:43:38+00:00","og_image":[{"url":"https:\/\/wp.kristdemokraterna.se\/oxelosund\/files\/2022\/08\/pa-vag-mot-oxelosund-300x225.jpg","type":"","width":"","height":""}],"twitter_card":"summary_large_image","twitter_misc":{"Ber\u00e4knad l\u00e4stid":"2 minuter"},"schema":{"@context":"https:\/\/schema.org","@graph":[{"@type":"WebPage","@id":"https:\/\/wp.kristdemokraterna.se\/oxelosund\/textsida-fullbredd\/snyggare-tryggare-okle\/50-lagre-batplatsavgift\/","url":"https:\/\/wp.kristdemokraterna.se\/oxelosund\/textsida-fullbredd\/snyggare-tryggare-okle\/50-lagre-batplatsavgift\/","name":"50% l\u00e4gre b\u00e5tplatsavgift - Kristdemokraterna | Oxel\u00f6sund","isPartOf":{"@id":"https:\/\/wp.kristdemokraterna.se\/oxelosund\/#website"},"primaryImageOfPage":{"@id":"https:\/\/wp.kristdemokraterna.se\/oxelosund\/textsida-fullbredd\/snyggare-tryggare-okle\/50-lagre-batplatsavgift\/#primaryimage"},"image":{"@id":"https:\/\/wp.kristdemokraterna.se\/oxelosund\/textsida-fullbredd\/snyggare-tryggare-okle\/50-lagre-batplatsavgift\/#primaryimage"},"thumbnailUrl":"","datePublished":"2022-04-12T16:04:42+00:00","dateModified":"2024-05-06T15:43:38+00:00","description":"Vi vill se 50% l\u00e4gre b\u00e5tplatsavgift f\u00f6r alla Oxel\u00f6sunds b\u00e5t\u00e4gare. Och samtidigt en toppmodern, fullbelagd G\u00e4sthamn som ger turisminkomster.","breadcrumb":{"@id":"https:\/\/wp.kristdemokraterna.se\/oxelosund\/textsida-fullbredd\/snyggare-tryggare-okle\/50-lagre-batplatsavgift\/#breadcrumb"},"inLanguage":"sv-SE","potentialAction":[{"@type":"ReadAction","target":["https:\/\/wp.kristdemokraterna.se\/oxelosund\/textsida-fullbredd\/snyggare-tryggare-okle\/50-lagre-batplatsavgift\/"]}]},{"@type":"ImageObject","inLanguage":"sv-SE","@id":"https:\/\/wp.kristdemokraterna.se\/oxelosund\/textsida-fullbredd\/snyggare-tryggare-okle\/50-lagre-batplatsavgift\/#primaryimage","url":"","contentUrl":""},{"@type":"BreadcrumbList","@id":"https:\/\/wp.kristdemokraterna.se\/oxelosund\/textsida-fullbredd\/snyggare-tryggare-okle\/50-lagre-batplatsavgift\/#breadcrumb","itemListElement":[{"@type":"ListItem","position":1,"name":"Hem","item":"https:\/\/wp.kristdemokraterna.se\/oxelosund\/"},{"@type":"ListItem","position":2,"name":"V\u00e5ra f\u00f6rslag","item":"https:\/\/wp.kristdemokraterna.se\/oxelosund\/textsida-fullbredd\/"},{"@type":"ListItem","position":3,"name":"Snyggare tryggare Okle","item":"https:\/\/wp.kristdemokraterna.se\/oxelosund\/textsida-fullbredd\/snyggare-tryggare-okle\/"},{"@type":"ListItem","position":4,"name":"50% l\u00e4gre b\u00e5tplatsavgift"}]},{"@type":"WebSite","@id":"https:\/\/wp.kristdemokraterna.se\/oxelosund\/#website","url":"https:\/\/wp.kristdemokraterna.se\/oxelosund\/","name":"Kristdemokraterna | Oxel\u00f6sund","description":"Kuststaden i Hj\u00e4rtlandet","inLanguage":"sv-SE"}]}},"_links":{"self":[{"href":"https:\/\/wp.kristdemokraterna.se\/oxelosund\/wp-json\/wp\/v2\/pages\/802","targetHints":{"allow":["GET"]}}],"collection":[{"href":"https:\/\/wp.kristdemokraterna.se\/oxelosund\/wp-json\/wp\/v2\/pages"}],"about":[{"href":"https:\/\/wp.kristdemokraterna.se\/oxelosund\/wp-json\/wp\/v2\/types\/page"}],"author":[{"embeddable":true,"href":"https:\/\/wp.kristdemokraterna.se\/oxelosund\/wp-json\/wp\/v2\/users\/1005"}],"replies":[{"embeddable":true,"href":"https:\/\/wp.kristdemokraterna.se\/oxelosund\/wp-json\/wp\/v2\/comments?post=802"}],"version-history":[{"count":14,"href":"https:\/\/wp.kristdemokraterna.se\/oxelosund\/wp-json\/wp\/v2\/pages\/802\/revisions"}],"predecessor-version":[{"id":1489,"href":"https:\/\/wp.kristdemokraterna.se\/oxelosund\/wp-json\/wp\/v2\/pages\/802\/revisions\/1489"}],"up":[{"embeddable":true,"href":"https:\/\/wp.kristdemokraterna.se\/oxelosund\/wp-json\/wp\/v2\/pages\/742"}],"wp:featuredmedia":[{"embeddable":true,"href":"https:\/\/wp.kristdemokraterna.se\/oxelosund\/wp-json\/"}],"wp:attachment":[{"href":"https:\/\/wp.kristdemokraterna.se\/oxelosund\/wp-json\/wp\/v2\/media?parent=802"}],"curies":[{"name":"wp","href":"https:\/\/api.w.org\/{rel}","templated":true}]}}