{"id":806,"date":"2022-04-12T18:06:01","date_gmt":"2022-04-12T16:06:01","guid":{"rendered":"https:\/\/wp.kristdemokraterna.se\/oxelosund\/?page_id=806"},"modified":"2022-08-30T11:37:06","modified_gmt":"2022-08-30T09:37:06","slug":"skolpolis-och-rastfadder","status":"publish","type":"page","link":"https:\/\/wp.kristdemokraterna.se\/oxelosund\/textsida-fullbredd\/snyggare-tryggare-okle\/skolpolis-och-rastfadder\/","title":{"rendered":"Skolpolis och rastfadder"},"content":{"rendered":"<p>Skolpoliser och rastfaddrar kan g\u00f6ra mycket f\u00f6r tryggheten i skolan. Vi vill att varje skola f\u00e5r \u201dsin\u201d polis, som eleverna k\u00e4nner igen och bygger upp en relation med.\u00a0Varje skola ska ocks\u00e5 samarbeta med civilsamh\u00e4llet (f\u00f6reningar, f\u00f6rsamlingar, organisationer etc.) f\u00f6r att f\u00e5 in fler vuxna i skolmilj\u00f6n.<\/p>\n<h2>Skolpolis och rastfadder tryggar v\u00e5r framtid<\/h2>\n<p>Ungdomar som utvecklar en positiv syn p\u00e5 vuxna f\u00e5r en god start i livet, det \u00e4r bevisat. Och det brottsf\u00f6rebyggande arbetet m\u00e5ste b\u00f6rja tidigt, \u00e4ven i lilla Oxel\u00f6sund. Idag finns det starka krafter som vill dra in v\u00e5ra barn i kriminalitet.<\/p>\n<p>Samverkan mellan skola och polis m\u00e5ste utvecklas. Oxel\u00f6sund hade en g\u00e5ng i tiden en egen polisstation och polisen fanns hela tiden synlig \u2013 v\u00e5r egen, lokala polis. Och d\u00e5 var brottsligheten l\u00e4gre \u00e4n idag. M\u00e5nga saker kan bli b\u00e4ttre: kommunen kan anst\u00e4lla pensionerade poliser som s\u00e4kerhetssamordnare i skolan, och ordningsvakter som tryggar den offentliga milj\u00f6n. Idag k\u00e4nner sig allt fler Oxel\u00f6sundsbor, speciellt kvinnor och \u00e4ldre, \u00a0otrygga n\u00e4r de r\u00f6r sig utomhus kv\u00e4llstid.<\/p>\n<div id=\"attachment_1120\" style=\"width: 310px\" class=\"wp-caption alignnone\"><a href=\"https:\/\/wp.kristdemokraterna.se\/oxelosund\/files\/2022\/08\/kdox-skolpolis-och-rastfadder-e1661843579860.png\"><img loading=\"lazy\" decoding=\"async\" aria-describedby=\"caption-attachment-1120\" class=\"size-medium wp-image-1120\" src=\"https:\/\/wp.kristdemokraterna.se\/oxelosund\/files\/2022\/08\/kdox-skolpolis-och-rastfadder-300x200.png\" alt=\"Bild p\u00e5 ett glatt barn i en rutschkana. Texten i bilden n\u00e4mner skolpolis och rastfadder\" width=\"300\" height=\"200\" \/><\/a><p id=\"caption-attachment-1120\" class=\"wp-caption-text\"><em>Skolpolis och rastfadder kan \u00f6ka tryggheten i v\u00e5ra skolmilj\u00f6er<\/em><\/p><\/div>\n<p>Vi vill ocks\u00e5 att kommunen ska erbjuda ett professionellt st\u00f6d till unga brottsoffer, separerat fr\u00e5n socialtj\u00e4nsten. Det ska ocks\u00e5 finnas\u00a0kontaktmannaskap f\u00f6r unga som beg\u00e5tt kriminella handlingar, och avhopparjourer som kan hj\u00e4lpa dem att l\u00e4mna sitt kriminella liv. I allt detta kan en skolpolis ha stor psykologisk betydelse.<\/p>\n<h2>Civilsamh\u00e4llet har en viktig roll<\/h2>\n<p>SN hade den 1 april 2022 en ledare av Emanuel \u00d6rtengren, som hyllar civilsamh\u00e4llets roll. L\u00e4s den! \u00a0En mycket bra text om varf\u00f6r volont\u00e4rer, kyrkor, v\u00e4lg\u00f6renhetsorganisationer etc. \u00e4r s\u00e5 viktiga. Rastfadder \u00e4r precis en s\u00e5dan roll, som kan bidra till tryggare skolmilj\u00f6er genom vuxen n\u00e4rvaro.<\/p>\n<p>Vi vill ocks\u00e5 att kommunens idrottshallar och skolor blir tillg\u00e4ngliga f\u00f6r f\u00f6reningslivet, och f\u00f6reningar ska \u00e4ven kunna driva anl\u00e4ggningar sj\u00e4lva (se v\u00e5rt f\u00f6rslag om Ungdomsg\u00e5rd vid Ramdalen!) Men inga antidemokratiska krafter ska f\u00e5 st\u00f6d.<\/p>\n<p>L\u00e4s mer p\u00e5 Kristdemokraternas <a href=\"https:\/\/kristdemokraterna.se\">hemsida<\/a> om KD:s id\u00e9er kring skolval,\u00a0st\u00f6dresurser, lovskola, elevh\u00e4lsogaranti, mobbning, resursklasser, profilklasser m.m. Pr\u00f6va att skriva in respektive ord i s\u00f6krutan.<\/p>\n","protected":false},"excerpt":{"rendered":"<p>Skolpoliser och rastfaddrar kan g\u00f6ra mycket f\u00f6r tryggheten i skolan. Vi vill att varje skola f\u00e5r \u201dsin\u201d polis, som eleverna k\u00e4nner igen och bygger upp en relation med.\u00a0Varje skola ska ocks\u00e5 samarbeta med civilsamh\u00e4llet (f\u00f6reningar, f\u00f6rsamlingar, organisationer etc.) f\u00f6r att f\u00e5 in fler vuxna i skolmilj\u00f6n. Skolpolis och rastfadder tryggar v\u00e5r framtid Ungdomar som utvecklar <a class=\"read-more-link\" href=\"https:\/\/wp.kristdemokraterna.se\/oxelosund\/textsida-fullbredd\/snyggare-tryggare-okle\/skolpolis-och-rastfadder\/\">L\u00e4s mer<\/a><\/p>\n","protected":false},"author":1005,"featured_media":714,"parent":742,"menu_order":0,"comment_status":"closed","ping_status":"closed","template":"","meta":{"_acf_changed":false,"footnotes":""},"class_list":["post-806","page","type-page","status-publish","hentry"],"acf":[],"yoast_head":"<!-- This site is optimized with the Yoast SEO plugin v27.4 - https:\/\/yoast.com\/product\/yoast-seo-wordpress\/ -->\n<title>Skolpolis och rastfadder - Kristdemokraterna | Oxel\u00f6sund<\/title>\n<meta name=\"description\" content=\"Vi vill ge varje skola \u201dsin\u201d polis, som barnen k\u00e4nner. Fler vuxna i skolmilj\u00f6n, med roller som skolpolis och rastfadder, kan \u00f6ka tryggheten.\" \/>\n<meta name=\"robots\" content=\"index, follow, max-snippet:-1, max-image-preview:large, max-video-preview:-1\" \/>\n<link rel=\"canonical\" href=\"https:\/\/wp.kristdemokraterna.se\/oxelosund\/textsida-fullbredd\/snyggare-tryggare-okle\/skolpolis-och-rastfadder\/\" \/>\n<meta property=\"og:locale\" content=\"sv_SE\" \/>\n<meta property=\"og:type\" content=\"article\" \/>\n<meta property=\"og:title\" content=\"Skolpolis och rastfadder - Kristdemokraterna | Oxel\u00f6sund\" \/>\n<meta property=\"og:description\" content=\"Vi vill ge varje skola \u201dsin\u201d polis, som barnen k\u00e4nner. Fler vuxna i skolmilj\u00f6n, med roller som skolpolis och rastfadder, kan \u00f6ka tryggheten.\" \/>\n<meta property=\"og:url\" content=\"https:\/\/wp.kristdemokraterna.se\/oxelosund\/textsida-fullbredd\/snyggare-tryggare-okle\/skolpolis-och-rastfadder\/\" \/>\n<meta property=\"og:site_name\" content=\"Kristdemokraterna | Oxel\u00f6sund\" \/>\n<meta property=\"article:modified_time\" content=\"2022-08-30T09:37:06+00:00\" \/>\n<meta property=\"og:image\" content=\"https:\/\/wp.kristdemokraterna.se\/oxelosund\/files\/2022\/08\/kdox-skolpolis-och-rastfadder-300x200.png\" \/>\n<meta name=\"twitter:card\" content=\"summary_large_image\" \/>\n<meta name=\"twitter:label1\" content=\"Ber\u00e4knad l\u00e4stid\" \/>\n\t<meta name=\"twitter:data1\" content=\"2 minuter\" \/>\n<script type=\"application\/ld+json\" class=\"yoast-schema-graph\">{\"@context\":\"https:\\\/\\\/schema.org\",\"@graph\":[{\"@type\":\"WebPage\",\"@id\":\"https:\\\/\\\/wp.kristdemokraterna.se\\\/oxelosund\\\/textsida-fullbredd\\\/snyggare-tryggare-okle\\\/skolpolis-och-rastfadder\\\/\",\"url\":\"https:\\\/\\\/wp.kristdemokraterna.se\\\/oxelosund\\\/textsida-fullbredd\\\/snyggare-tryggare-okle\\\/skolpolis-och-rastfadder\\\/\",\"name\":\"Skolpolis och rastfadder - Kristdemokraterna | Oxel\u00f6sund\",\"isPartOf\":{\"@id\":\"https:\\\/\\\/wp.kristdemokraterna.se\\\/oxelosund\\\/#website\"},\"primaryImageOfPage\":{\"@id\":\"https:\\\/\\\/wp.kristdemokraterna.se\\\/oxelosund\\\/textsida-fullbredd\\\/snyggare-tryggare-okle\\\/skolpolis-och-rastfadder\\\/#primaryimage\"},\"image\":{\"@id\":\"https:\\\/\\\/wp.kristdemokraterna.se\\\/oxelosund\\\/textsida-fullbredd\\\/snyggare-tryggare-okle\\\/skolpolis-och-rastfadder\\\/#primaryimage\"},\"thumbnailUrl\":\"\",\"datePublished\":\"2022-04-12T16:06:01+00:00\",\"dateModified\":\"2022-08-30T09:37:06+00:00\",\"description\":\"Vi vill ge varje skola \u201dsin\u201d polis, som barnen k\u00e4nner. Fler vuxna i skolmilj\u00f6n, med roller som skolpolis och rastfadder, kan \u00f6ka tryggheten.\",\"breadcrumb\":{\"@id\":\"https:\\\/\\\/wp.kristdemokraterna.se\\\/oxelosund\\\/textsida-fullbredd\\\/snyggare-tryggare-okle\\\/skolpolis-och-rastfadder\\\/#breadcrumb\"},\"inLanguage\":\"sv-SE\",\"potentialAction\":[{\"@type\":\"ReadAction\",\"target\":[\"https:\\\/\\\/wp.kristdemokraterna.se\\\/oxelosund\\\/textsida-fullbredd\\\/snyggare-tryggare-okle\\\/skolpolis-och-rastfadder\\\/\"]}]},{\"@type\":\"ImageObject\",\"inLanguage\":\"sv-SE\",\"@id\":\"https:\\\/\\\/wp.kristdemokraterna.se\\\/oxelosund\\\/textsida-fullbredd\\\/snyggare-tryggare-okle\\\/skolpolis-och-rastfadder\\\/#primaryimage\",\"url\":\"\",\"contentUrl\":\"\"},{\"@type\":\"BreadcrumbList\",\"@id\":\"https:\\\/\\\/wp.kristdemokraterna.se\\\/oxelosund\\\/textsida-fullbredd\\\/snyggare-tryggare-okle\\\/skolpolis-och-rastfadder\\\/#breadcrumb\",\"itemListElement\":[{\"@type\":\"ListItem\",\"position\":1,\"name\":\"Hem\",\"item\":\"https:\\\/\\\/wp.kristdemokraterna.se\\\/oxelosund\\\/\"},{\"@type\":\"ListItem\",\"position\":2,\"name\":\"V\u00e5ra f\u00f6rslag\",\"item\":\"https:\\\/\\\/wp.kristdemokraterna.se\\\/oxelosund\\\/textsida-fullbredd\\\/\"},{\"@type\":\"ListItem\",\"position\":3,\"name\":\"Snyggare tryggare Okle\",\"item\":\"https:\\\/\\\/wp.kristdemokraterna.se\\\/oxelosund\\\/textsida-fullbredd\\\/snyggare-tryggare-okle\\\/\"},{\"@type\":\"ListItem\",\"position\":4,\"name\":\"Skolpolis och rastfadder\"}]},{\"@type\":\"WebSite\",\"@id\":\"https:\\\/\\\/wp.kristdemokraterna.se\\\/oxelosund\\\/#website\",\"url\":\"https:\\\/\\\/wp.kristdemokraterna.se\\\/oxelosund\\\/\",\"name\":\"Kristdemokraterna | Oxel\u00f6sund\",\"description\":\"Kuststaden i Hj\u00e4rtlandet\",\"inLanguage\":\"sv-SE\"}]}<\/script>\n<!-- \/ Yoast SEO plugin. -->","yoast_head_json":{"title":"Skolpolis och rastfadder - Kristdemokraterna | Oxel\u00f6sund","description":"Vi vill ge varje skola \u201dsin\u201d polis, som barnen k\u00e4nner. Fler vuxna i skolmilj\u00f6n, med roller som skolpolis och rastfadder, kan \u00f6ka tryggheten.","robots":{"index":"index","follow":"follow","max-snippet":"max-snippet:-1","max-image-preview":"max-image-preview:large","max-video-preview":"max-video-preview:-1"},"canonical":"https:\/\/wp.kristdemokraterna.se\/oxelosund\/textsida-fullbredd\/snyggare-tryggare-okle\/skolpolis-och-rastfadder\/","og_locale":"sv_SE","og_type":"article","og_title":"Skolpolis och rastfadder - Kristdemokraterna | Oxel\u00f6sund","og_description":"Vi vill ge varje skola \u201dsin\u201d polis, som barnen k\u00e4nner. Fler vuxna i skolmilj\u00f6n, med roller som skolpolis och rastfadder, kan \u00f6ka tryggheten.","og_url":"https:\/\/wp.kristdemokraterna.se\/oxelosund\/textsida-fullbredd\/snyggare-tryggare-okle\/skolpolis-och-rastfadder\/","og_site_name":"Kristdemokraterna | Oxel\u00f6sund","article_modified_time":"2022-08-30T09:37:06+00:00","og_image":[{"url":"https:\/\/wp.kristdemokraterna.se\/oxelosund\/files\/2022\/08\/kdox-skolpolis-och-rastfadder-300x200.png","type":"","width":"","height":""}],"twitter_card":"summary_large_image","twitter_misc":{"Ber\u00e4knad l\u00e4stid":"2 minuter"},"schema":{"@context":"https:\/\/schema.org","@graph":[{"@type":"WebPage","@id":"https:\/\/wp.kristdemokraterna.se\/oxelosund\/textsida-fullbredd\/snyggare-tryggare-okle\/skolpolis-och-rastfadder\/","url":"https:\/\/wp.kristdemokraterna.se\/oxelosund\/textsida-fullbredd\/snyggare-tryggare-okle\/skolpolis-och-rastfadder\/","name":"Skolpolis och rastfadder - Kristdemokraterna | Oxel\u00f6sund","isPartOf":{"@id":"https:\/\/wp.kristdemokraterna.se\/oxelosund\/#website"},"primaryImageOfPage":{"@id":"https:\/\/wp.kristdemokraterna.se\/oxelosund\/textsida-fullbredd\/snyggare-tryggare-okle\/skolpolis-och-rastfadder\/#primaryimage"},"image":{"@id":"https:\/\/wp.kristdemokraterna.se\/oxelosund\/textsida-fullbredd\/snyggare-tryggare-okle\/skolpolis-och-rastfadder\/#primaryimage"},"thumbnailUrl":"","datePublished":"2022-04-12T16:06:01+00:00","dateModified":"2022-08-30T09:37:06+00:00","description":"Vi vill ge varje skola \u201dsin\u201d polis, som barnen k\u00e4nner. Fler vuxna i skolmilj\u00f6n, med roller som skolpolis och rastfadder, kan \u00f6ka tryggheten.","breadcrumb":{"@id":"https:\/\/wp.kristdemokraterna.se\/oxelosund\/textsida-fullbredd\/snyggare-tryggare-okle\/skolpolis-och-rastfadder\/#breadcrumb"},"inLanguage":"sv-SE","potentialAction":[{"@type":"ReadAction","target":["https:\/\/wp.kristdemokraterna.se\/oxelosund\/textsida-fullbredd\/snyggare-tryggare-okle\/skolpolis-och-rastfadder\/"]}]},{"@type":"ImageObject","inLanguage":"sv-SE","@id":"https:\/\/wp.kristdemokraterna.se\/oxelosund\/textsida-fullbredd\/snyggare-tryggare-okle\/skolpolis-och-rastfadder\/#primaryimage","url":"","contentUrl":""},{"@type":"BreadcrumbList","@id":"https:\/\/wp.kristdemokraterna.se\/oxelosund\/textsida-fullbredd\/snyggare-tryggare-okle\/skolpolis-och-rastfadder\/#breadcrumb","itemListElement":[{"@type":"ListItem","position":1,"name":"Hem","item":"https:\/\/wp.kristdemokraterna.se\/oxelosund\/"},{"@type":"ListItem","position":2,"name":"V\u00e5ra f\u00f6rslag","item":"https:\/\/wp.kristdemokraterna.se\/oxelosund\/textsida-fullbredd\/"},{"@type":"ListItem","position":3,"name":"Snyggare tryggare Okle","item":"https:\/\/wp.kristdemokraterna.se\/oxelosund\/textsida-fullbredd\/snyggare-tryggare-okle\/"},{"@type":"ListItem","position":4,"name":"Skolpolis och rastfadder"}]},{"@type":"WebSite","@id":"https:\/\/wp.kristdemokraterna.se\/oxelosund\/#website","url":"https:\/\/wp.kristdemokraterna.se\/oxelosund\/","name":"Kristdemokraterna | Oxel\u00f6sund","description":"Kuststaden i Hj\u00e4rtlandet","inLanguage":"sv-SE"}]}},"_links":{"self":[{"href":"https:\/\/wp.kristdemokraterna.se\/oxelosund\/wp-json\/wp\/v2\/pages\/806","targetHints":{"allow":["GET"]}}],"collection":[{"href":"https:\/\/wp.kristdemokraterna.se\/oxelosund\/wp-json\/wp\/v2\/pages"}],"about":[{"href":"https:\/\/wp.kristdemokraterna.se\/oxelosund\/wp-json\/wp\/v2\/types\/page"}],"author":[{"embeddable":true,"href":"https:\/\/wp.kristdemokraterna.se\/oxelosund\/wp-json\/wp\/v2\/users\/1005"}],"replies":[{"embeddable":true,"href":"https:\/\/wp.kristdemokraterna.se\/oxelosund\/wp-json\/wp\/v2\/comments?post=806"}],"version-history":[{"count":13,"href":"https:\/\/wp.kristdemokraterna.se\/oxelosund\/wp-json\/wp\/v2\/pages\/806\/revisions"}],"predecessor-version":[{"id":1131,"href":"https:\/\/wp.kristdemokraterna.se\/oxelosund\/wp-json\/wp\/v2\/pages\/806\/revisions\/1131"}],"up":[{"embeddable":true,"href":"https:\/\/wp.kristdemokraterna.se\/oxelosund\/wp-json\/wp\/v2\/pages\/742"}],"wp:featuredmedia":[{"embeddable":true,"href":"https:\/\/wp.kristdemokraterna.se\/oxelosund\/wp-json\/"}],"wp:attachment":[{"href":"https:\/\/wp.kristdemokraterna.se\/oxelosund\/wp-json\/wp\/v2\/media?parent=806"}],"curies":[{"name":"wp","href":"https:\/\/api.w.org\/{rel}","templated":true}]}}