{"id":809,"date":"2022-04-12T18:17:37","date_gmt":"2022-04-12T16:17:37","guid":{"rendered":"https:\/\/wp.kristdemokraterna.se\/oxelosund\/?page_id=809"},"modified":"2022-07-09T14:37:27","modified_gmt":"2022-07-09T12:37:27","slug":"oxelosund-i-hjartlandet","status":"publish","type":"page","link":"https:\/\/wp.kristdemokraterna.se\/oxelosund\/textsida-fullbredd\/oxelosund-i-hjartlandet\/","title":{"rendered":"Hj\u00e4rtlandet"},"content":{"rendered":"<h2><b>Ebba talar om Hj\u00e4rtlandet&#8230;<\/b><\/h2>\n<p>&#8230; och beskriver det som <em>&#8221;Sveriges sm\u00e5 och medelstora st\u00e4der samt landsbygden&#8221;<\/em>. Men det blir ju hela Sverige utanf\u00f6r storst\u00e4derna. Varf\u00f6r g\u00f6r hon s\u00e5?<\/p>\n<p>Kanske f\u00f6r att de flesta politiker \u00e4r helt fixerade vid storst\u00e4derna, d\u00e4r ocks\u00e5 alla inom media \u00e4r samlade. Och om mediafolk och rikspolitiker jobbar i storst\u00e4derna, och \u00e4ven bor i storst\u00e4derna, ja d\u00e5 hamnar resten av Sverige i skugga.<\/p>\n<div id=\"attachment_918\" style=\"width: 310px\" class=\"wp-caption alignnone\"><a href=\"https:\/\/wp.kristdemokraterna.se\/oxelosund\/files\/2022\/05\/280753518_556712505821630_3536171081014392149_n.jpg\"><img loading=\"lazy\" decoding=\"async\" aria-describedby=\"caption-attachment-918\" class=\"size-medium wp-image-918\" src=\"https:\/\/wp.kristdemokraterna.se\/oxelosund\/files\/2022\/05\/280753518_556712505821630_3536171081014392149_n-300x300.jpg\" alt=\"\" width=\"300\" height=\"300\" \/><\/a><p id=\"caption-attachment-918\" class=\"wp-caption-text\"><em>N\u00e4r eliten inom b\u00e5de media och politk samlas i Stockholm tappas resten av Sverige bort<\/em><\/p><\/div>\n<h2><b>Ing\u00e5r Oxel\u00f6sund i Hj\u00e4rtlandet?<\/b><\/h2>\n<p>Vi \u00e4r 7 miljoner svenskar utanf\u00f6r Stockholm, G\u00f6teborg och Malm\u00f6. Och vi lever inte med tunnelbana och pendelt\u00e5g. Ist\u00e4llet lever vi med n\u00e4rhet till skog, jordbruk, fiske, jakt, gruvor, bruksorter, g\u00e5rdar, \u00f6ppna landskap och landsv\u00e4gar. S\u00e5 ja; Oxel\u00f6sund ing\u00e5r i Hj\u00e4rtlandet.<\/p>\n<p>N\u00e5gra konkreta exempel p\u00e5 KD Sveriges politik f\u00f6r Hj\u00e4rtlandet:<\/p>\n<ul>\n<li>Nej till h\u00f6ghastighetst\u00e5g. S\u00e4kra i st\u00e4llet viktiga godsf\u00f6rbindelser som Ostkustbanan och v\u00e5ra regionala t\u00e5gf\u00f6rbindelser.<\/li>\n<li>St\u00f6tta skogsindustrin och gruvorna. F\u00f6r jobbens skull.<\/li>\n<li>St\u00f6tta jordbruket. F\u00f6r v\u00e5r trygghet och sj\u00e4lvf\u00f6rs\u00f6rjning.<\/li>\n<li>Satsa p\u00e5 v\u00e4gunderh\u00e5llet! \u00a0Visste du att Trafikverket p\u00e5 senare \u00e5r har tvingas s\u00e4nka farten p\u00e5 l\u00e5nga v\u00e4gstr\u00e4ckor\u00a0enbart f\u00f6r att v\u00e4garna till\u00e5tits f\u00f6rfalla? \u00a0KD \u00e4r med bred marginal det riksdagsparti som avs\u00e4tter mest pengar till underh\u00e5ll av v\u00e5ra v\u00e4gar.<\/li>\n<\/ul>\n<h3><\/h3>\n<div id=\"attachment_848\" style=\"width: 310px\" class=\"wp-caption alignnone\"><a href=\"https:\/\/wp.kristdemokraterna.se\/oxelosund\/files\/2022\/04\/geran-de-klerk-qzgn45hsen0-unsplash.jpg\"><img loading=\"lazy\" decoding=\"async\" aria-describedby=\"caption-attachment-848\" class=\"size-medium wp-image-848\" src=\"https:\/\/wp.kristdemokraterna.se\/oxelosund\/files\/2022\/04\/geran-de-klerk-qzgn45hsen0-unsplash-300x225.jpg\" alt=\"\" width=\"300\" height=\"225\" srcset=\"https:\/\/wp.kristdemokraterna.se\/oxelosund\/files\/2022\/04\/geran-de-klerk-qzgn45hsen0-unsplash-300x225.jpg 300w, https:\/\/wp.kristdemokraterna.se\/oxelosund\/files\/2022\/04\/geran-de-klerk-qzgn45hsen0-unsplash-267x200.jpg 267w, https:\/\/wp.kristdemokraterna.se\/oxelosund\/files\/2022\/04\/geran-de-klerk-qzgn45hsen0-unsplash-370x278.jpg 370w, https:\/\/wp.kristdemokraterna.se\/oxelosund\/files\/2022\/04\/geran-de-klerk-qzgn45hsen0-unsplash-450x338.jpg 450w, https:\/\/wp.kristdemokraterna.se\/oxelosund\/files\/2022\/04\/geran-de-klerk-qzgn45hsen0-unsplash-280x210.jpg 280w, https:\/\/wp.kristdemokraterna.se\/oxelosund\/files\/2022\/04\/geran-de-klerk-qzgn45hsen0-unsplash-340x255.jpg 340w, https:\/\/wp.kristdemokraterna.se\/oxelosund\/files\/2022\/04\/geran-de-klerk-qzgn45hsen0-unsplash-200x150.jpg 200w, https:\/\/wp.kristdemokraterna.se\/oxelosund\/files\/2022\/04\/geran-de-klerk-qzgn45hsen0-unsplash-75x56.jpg 75w, https:\/\/wp.kristdemokraterna.se\/oxelosund\/files\/2022\/04\/geran-de-klerk-qzgn45hsen0-unsplash.jpg 640w\" sizes=\"auto, (max-width: 300px) 100vw, 300px\" \/><\/a><p id=\"caption-attachment-848\" class=\"wp-caption-text\"><em>Photo by Geran de Klerk on Unsplash<\/em><\/p><\/div>\n<h3>Kristdemokraterna vill att hela Sverige ska leva<span id=\"more-13660\"><\/span><\/h3>\n<p>Genom v\u00e5rt nya handlingsprogram f\u00f6r landsbygdspolitiken visar vi hur svenska folket\u00a0ska kunna bo och leva i hela landet. Men naturligtvis f\u00f6ruts\u00e4tter detta att v\u00e5rden, tryggheten, infrastrukturen och energif\u00f6rs\u00f6rjningen f\u00e5r stabila och l\u00e5ngsiktiga l\u00f6sningar. Och detta kr\u00e4ver stora \u00e5tg\u00e4rder.<\/p>\n<p><strong>Sverige m\u00e5ste bli mer\u00a0sj\u00e4lvf\u00f6rs\u00f6rjande.<\/strong>\u00a0KD f\u00f6resl\u00e5r ett tydligt m\u00e5l om minst 75 procentig sj\u00e4lvf\u00f6rs\u00f6rjning. Dessutom vill vi se en samordnare som hj\u00e4lper kommuner och regioner att genomf\u00f6ra god upphandling, samt att staten tar ansvaret f\u00f6r att uppr\u00e4tth\u00e5lla tillr\u00e4ckliga beredskapslager f\u00f6r insatsvaror.<\/p>\n<p><strong>Och fler beh\u00f6ver k\u00f6pa Made in Sweden.<\/strong> Detta \u00e4r n\u00e4mligen bra f\u00f6r klimatet, f\u00f6r den svenska ekonomin, och som ett s\u00e4tt att uppv\u00e4rdera v\u00e5r goda djurh\u00e5llning. Genom att f\u00f6renkla f\u00f6r svenska jordbrukare, g\u00f6r vi det ocks\u00e5 billigare att k\u00f6pa svensk mat. Med\u00a0andra ord vill vi g\u00f6ra det billigare, enklare och tryggare att vara svensk (eftersom det har blivit f\u00f6r dyrt!).<\/p>\n<p>L\u00e4s hela rapporten h\u00e4r:<br \/>\n<a href=\"https:\/\/kd.nu\/kd_landsbygd.pdf\">kd.nu\/kd_landsbygd.pdf<\/a><\/p>\n","protected":false},"excerpt":{"rendered":"<p>Ebba talar om Hj\u00e4rtlandet&#8230; &#8230; och beskriver det som &#8221;Sveriges sm\u00e5 och medelstora st\u00e4der samt landsbygden&#8221;. Men det blir ju hela Sverige utanf\u00f6r storst\u00e4derna. Varf\u00f6r g\u00f6r hon s\u00e5? Kanske f\u00f6r att de flesta politiker \u00e4r helt fixerade vid storst\u00e4derna, d\u00e4r ocks\u00e5 alla inom media \u00e4r samlade. Och om mediafolk och rikspolitiker jobbar i storst\u00e4derna, och <a class=\"read-more-link\" href=\"https:\/\/wp.kristdemokraterna.se\/oxelosund\/textsida-fullbredd\/oxelosund-i-hjartlandet\/\">L\u00e4s mer<\/a><\/p>\n","protected":false},"author":1005,"featured_media":714,"parent":272,"menu_order":0,"comment_status":"closed","ping_status":"closed","template":"","meta":{"_acf_changed":false,"footnotes":""},"class_list":["post-809","page","type-page","status-publish","hentry"],"acf":[],"yoast_head":"<!-- This site is optimized with the Yoast SEO plugin v27.3 - https:\/\/yoast.com\/product\/yoast-seo-wordpress\/ -->\n<title>Hj\u00e4rtlandet - Kristdemokraterna | Oxel\u00f6sund<\/title>\n<meta name=\"description\" content=\"Idag ing\u00e5r Oxel\u00f6sund i Hj\u00e4rtlandet. F\u00f6r oss 7 miljoner svenskar \u00e4r bra v\u00e4gar viktigare \u00e4n pendelt\u00e5g och tunnelbanor.\" \/>\n<meta name=\"robots\" content=\"index, follow, max-snippet:-1, max-image-preview:large, max-video-preview:-1\" \/>\n<link rel=\"canonical\" href=\"https:\/\/wp.kristdemokraterna.se\/oxelosund\/textsida-fullbredd\/oxelosund-i-hjartlandet\/\" \/>\n<meta property=\"og:locale\" content=\"sv_SE\" \/>\n<meta property=\"og:type\" content=\"article\" \/>\n<meta property=\"og:title\" content=\"Hj\u00e4rtlandet - Kristdemokraterna | Oxel\u00f6sund\" \/>\n<meta property=\"og:description\" content=\"Idag ing\u00e5r Oxel\u00f6sund i Hj\u00e4rtlandet. F\u00f6r oss 7 miljoner svenskar \u00e4r bra v\u00e4gar viktigare \u00e4n pendelt\u00e5g och tunnelbanor.\" \/>\n<meta property=\"og:url\" content=\"https:\/\/wp.kristdemokraterna.se\/oxelosund\/textsida-fullbredd\/oxelosund-i-hjartlandet\/\" \/>\n<meta property=\"og:site_name\" content=\"Kristdemokraterna | Oxel\u00f6sund\" \/>\n<meta property=\"article:modified_time\" content=\"2022-07-09T12:37:27+00:00\" \/>\n<meta property=\"og:image\" content=\"https:\/\/wp.kristdemokraterna.se\/oxelosund\/files\/2022\/05\/280753518_556712505821630_3536171081014392149_n-300x300.jpg\" \/>\n<meta name=\"twitter:card\" content=\"summary_large_image\" \/>\n<meta name=\"twitter:label1\" content=\"Ber\u00e4knad l\u00e4stid\" \/>\n\t<meta name=\"twitter:data1\" content=\"2 minuter\" \/>\n<script type=\"application\/ld+json\" class=\"yoast-schema-graph\">{\"@context\":\"https:\\\/\\\/schema.org\",\"@graph\":[{\"@type\":\"WebPage\",\"@id\":\"https:\\\/\\\/wp.kristdemokraterna.se\\\/oxelosund\\\/textsida-fullbredd\\\/oxelosund-i-hjartlandet\\\/\",\"url\":\"https:\\\/\\\/wp.kristdemokraterna.se\\\/oxelosund\\\/textsida-fullbredd\\\/oxelosund-i-hjartlandet\\\/\",\"name\":\"Hj\u00e4rtlandet - Kristdemokraterna | Oxel\u00f6sund\",\"isPartOf\":{\"@id\":\"https:\\\/\\\/wp.kristdemokraterna.se\\\/oxelosund\\\/#website\"},\"primaryImageOfPage\":{\"@id\":\"https:\\\/\\\/wp.kristdemokraterna.se\\\/oxelosund\\\/textsida-fullbredd\\\/oxelosund-i-hjartlandet\\\/#primaryimage\"},\"image\":{\"@id\":\"https:\\\/\\\/wp.kristdemokraterna.se\\\/oxelosund\\\/textsida-fullbredd\\\/oxelosund-i-hjartlandet\\\/#primaryimage\"},\"thumbnailUrl\":\"\",\"datePublished\":\"2022-04-12T16:17:37+00:00\",\"dateModified\":\"2022-07-09T12:37:27+00:00\",\"description\":\"Idag ing\u00e5r Oxel\u00f6sund i Hj\u00e4rtlandet. F\u00f6r oss 7 miljoner svenskar \u00e4r bra v\u00e4gar viktigare \u00e4n pendelt\u00e5g och tunnelbanor.\",\"breadcrumb\":{\"@id\":\"https:\\\/\\\/wp.kristdemokraterna.se\\\/oxelosund\\\/textsida-fullbredd\\\/oxelosund-i-hjartlandet\\\/#breadcrumb\"},\"inLanguage\":\"sv-SE\",\"potentialAction\":[{\"@type\":\"ReadAction\",\"target\":[\"https:\\\/\\\/wp.kristdemokraterna.se\\\/oxelosund\\\/textsida-fullbredd\\\/oxelosund-i-hjartlandet\\\/\"]}]},{\"@type\":\"ImageObject\",\"inLanguage\":\"sv-SE\",\"@id\":\"https:\\\/\\\/wp.kristdemokraterna.se\\\/oxelosund\\\/textsida-fullbredd\\\/oxelosund-i-hjartlandet\\\/#primaryimage\",\"url\":\"\",\"contentUrl\":\"\"},{\"@type\":\"BreadcrumbList\",\"@id\":\"https:\\\/\\\/wp.kristdemokraterna.se\\\/oxelosund\\\/textsida-fullbredd\\\/oxelosund-i-hjartlandet\\\/#breadcrumb\",\"itemListElement\":[{\"@type\":\"ListItem\",\"position\":1,\"name\":\"Hem\",\"item\":\"https:\\\/\\\/wp.kristdemokraterna.se\\\/oxelosund\\\/\"},{\"@type\":\"ListItem\",\"position\":2,\"name\":\"V\u00e5ra f\u00f6rslag\",\"item\":\"https:\\\/\\\/wp.kristdemokraterna.se\\\/oxelosund\\\/textsida-fullbredd\\\/\"},{\"@type\":\"ListItem\",\"position\":3,\"name\":\"Hj\u00e4rtlandet\"}]},{\"@type\":\"WebSite\",\"@id\":\"https:\\\/\\\/wp.kristdemokraterna.se\\\/oxelosund\\\/#website\",\"url\":\"https:\\\/\\\/wp.kristdemokraterna.se\\\/oxelosund\\\/\",\"name\":\"Kristdemokraterna | Oxel\u00f6sund\",\"description\":\"Kuststaden i Hj\u00e4rtlandet\",\"inLanguage\":\"sv-SE\"}]}<\/script>\n<!-- \/ Yoast SEO plugin. -->","yoast_head_json":{"title":"Hj\u00e4rtlandet - Kristdemokraterna | Oxel\u00f6sund","description":"Idag ing\u00e5r Oxel\u00f6sund i Hj\u00e4rtlandet. F\u00f6r oss 7 miljoner svenskar \u00e4r bra v\u00e4gar viktigare \u00e4n pendelt\u00e5g och tunnelbanor.","robots":{"index":"index","follow":"follow","max-snippet":"max-snippet:-1","max-image-preview":"max-image-preview:large","max-video-preview":"max-video-preview:-1"},"canonical":"https:\/\/wp.kristdemokraterna.se\/oxelosund\/textsida-fullbredd\/oxelosund-i-hjartlandet\/","og_locale":"sv_SE","og_type":"article","og_title":"Hj\u00e4rtlandet - Kristdemokraterna | Oxel\u00f6sund","og_description":"Idag ing\u00e5r Oxel\u00f6sund i Hj\u00e4rtlandet. F\u00f6r oss 7 miljoner svenskar \u00e4r bra v\u00e4gar viktigare \u00e4n pendelt\u00e5g och tunnelbanor.","og_url":"https:\/\/wp.kristdemokraterna.se\/oxelosund\/textsida-fullbredd\/oxelosund-i-hjartlandet\/","og_site_name":"Kristdemokraterna | Oxel\u00f6sund","article_modified_time":"2022-07-09T12:37:27+00:00","og_image":[{"url":"https:\/\/wp.kristdemokraterna.se\/oxelosund\/files\/2022\/05\/280753518_556712505821630_3536171081014392149_n-300x300.jpg","type":"","width":"","height":""}],"twitter_card":"summary_large_image","twitter_misc":{"Ber\u00e4knad l\u00e4stid":"2 minuter"},"schema":{"@context":"https:\/\/schema.org","@graph":[{"@type":"WebPage","@id":"https:\/\/wp.kristdemokraterna.se\/oxelosund\/textsida-fullbredd\/oxelosund-i-hjartlandet\/","url":"https:\/\/wp.kristdemokraterna.se\/oxelosund\/textsida-fullbredd\/oxelosund-i-hjartlandet\/","name":"Hj\u00e4rtlandet - Kristdemokraterna | Oxel\u00f6sund","isPartOf":{"@id":"https:\/\/wp.kristdemokraterna.se\/oxelosund\/#website"},"primaryImageOfPage":{"@id":"https:\/\/wp.kristdemokraterna.se\/oxelosund\/textsida-fullbredd\/oxelosund-i-hjartlandet\/#primaryimage"},"image":{"@id":"https:\/\/wp.kristdemokraterna.se\/oxelosund\/textsida-fullbredd\/oxelosund-i-hjartlandet\/#primaryimage"},"thumbnailUrl":"","datePublished":"2022-04-12T16:17:37+00:00","dateModified":"2022-07-09T12:37:27+00:00","description":"Idag ing\u00e5r Oxel\u00f6sund i Hj\u00e4rtlandet. F\u00f6r oss 7 miljoner svenskar \u00e4r bra v\u00e4gar viktigare \u00e4n pendelt\u00e5g och tunnelbanor.","breadcrumb":{"@id":"https:\/\/wp.kristdemokraterna.se\/oxelosund\/textsida-fullbredd\/oxelosund-i-hjartlandet\/#breadcrumb"},"inLanguage":"sv-SE","potentialAction":[{"@type":"ReadAction","target":["https:\/\/wp.kristdemokraterna.se\/oxelosund\/textsida-fullbredd\/oxelosund-i-hjartlandet\/"]}]},{"@type":"ImageObject","inLanguage":"sv-SE","@id":"https:\/\/wp.kristdemokraterna.se\/oxelosund\/textsida-fullbredd\/oxelosund-i-hjartlandet\/#primaryimage","url":"","contentUrl":""},{"@type":"BreadcrumbList","@id":"https:\/\/wp.kristdemokraterna.se\/oxelosund\/textsida-fullbredd\/oxelosund-i-hjartlandet\/#breadcrumb","itemListElement":[{"@type":"ListItem","position":1,"name":"Hem","item":"https:\/\/wp.kristdemokraterna.se\/oxelosund\/"},{"@type":"ListItem","position":2,"name":"V\u00e5ra f\u00f6rslag","item":"https:\/\/wp.kristdemokraterna.se\/oxelosund\/textsida-fullbredd\/"},{"@type":"ListItem","position":3,"name":"Hj\u00e4rtlandet"}]},{"@type":"WebSite","@id":"https:\/\/wp.kristdemokraterna.se\/oxelosund\/#website","url":"https:\/\/wp.kristdemokraterna.se\/oxelosund\/","name":"Kristdemokraterna | Oxel\u00f6sund","description":"Kuststaden i Hj\u00e4rtlandet","inLanguage":"sv-SE"}]}},"_links":{"self":[{"href":"https:\/\/wp.kristdemokraterna.se\/oxelosund\/wp-json\/wp\/v2\/pages\/809","targetHints":{"allow":["GET"]}}],"collection":[{"href":"https:\/\/wp.kristdemokraterna.se\/oxelosund\/wp-json\/wp\/v2\/pages"}],"about":[{"href":"https:\/\/wp.kristdemokraterna.se\/oxelosund\/wp-json\/wp\/v2\/types\/page"}],"author":[{"embeddable":true,"href":"https:\/\/wp.kristdemokraterna.se\/oxelosund\/wp-json\/wp\/v2\/users\/1005"}],"replies":[{"embeddable":true,"href":"https:\/\/wp.kristdemokraterna.se\/oxelosund\/wp-json\/wp\/v2\/comments?post=809"}],"version-history":[{"count":12,"href":"https:\/\/wp.kristdemokraterna.se\/oxelosund\/wp-json\/wp\/v2\/pages\/809\/revisions"}],"predecessor-version":[{"id":998,"href":"https:\/\/wp.kristdemokraterna.se\/oxelosund\/wp-json\/wp\/v2\/pages\/809\/revisions\/998"}],"up":[{"embeddable":true,"href":"https:\/\/wp.kristdemokraterna.se\/oxelosund\/wp-json\/wp\/v2\/pages\/272"}],"wp:featuredmedia":[{"embeddable":true,"href":"https:\/\/wp.kristdemokraterna.se\/oxelosund\/wp-json\/"}],"wp:attachment":[{"href":"https:\/\/wp.kristdemokraterna.se\/oxelosund\/wp-json\/wp\/v2\/media?parent=809"}],"curies":[{"name":"wp","href":"https:\/\/api.w.org\/{rel}","templated":true}]}}